{"id":7174,"date":"2018-08-09T14:38:04","date_gmt":"2018-08-09T18:38:04","guid":{"rendered":"https:\/\/www.present.ca\/?page_id=7174\/"},"modified":"2024-01-03T15:45:26","modified_gmt":"2024-01-03T20:45:26","slug":"etude-de-cas-implementation-de-sap-hana-pour-atteindre-les-objectifs-de-livraison","status":"publish","type":"page","link":"https:\/\/www.present.ca\/fr\/ressources\/etude-de-cas\/etude-de-cas-implementation-de-sap-hana-pour-atteindre-les-objectifs-de-livraison\/","title":{"rendered":"\u00c9tude de cas: Impl\u00e9mentation de SAP HANA pour atteindre les objectifs de livraison"},"content":{"rendered":"<p>[vc_row][vc_column]<div id=\"ultimate-heading-977169f4b967693c8\" class=\"uvc-heading ult-adjust-bottom-margin ultimate-heading-977169f4b967693c8 uvc-641 \" data-hspacer=\"no_spacer\"  data-halign=\"center\" style=\"text-align:center\"><div class=\"uvc-heading-spacer no_spacer\" style=\"top\"><\/div><div class=\"uvc-main-heading ult-responsive\"  data-ultimate-target='.uvc-heading.ultimate-heading-977169f4b967693c8 h2'  data-responsive-json-new='{\"font-size\":\"\",\"line-height\":\"\"}' ><h2 style=\"font-weight:normal;\">Industrie: Fabrication<\/h2><\/div><div class=\"uvc-sub-heading ult-responsive\"  data-ultimate-target='.uvc-heading.ultimate-heading-977169f4b967693c8 .uvc-sub-heading '  data-responsive-json-new='{\"font-size\":\"\",\"line-height\":\"\"}'  style=\"font-weight:normal;\"><\/p>\n<h4><strong>Client<\/strong>:\u00a0Concepteur et fabricant de meubles au Qu\u00e9bec<\/h4>\n<p><\/div><\/div>[\/vc_column][\/vc_row][vc_row][vc_column width=\u00a0\u00bb1\/3&Prime;][vc_column_text]<strong>D\u00e9fis<\/strong>:<\/p>\n<ul>\n<li>Un r\u00e9seau de grands distributeurs \u00e0 pourvoir, \u00e0 l\u2019\u00e9chelle de l\u2019Am\u00e9rique du Nord, \u00e0 partir de trois usines, dont deux au Canada et une au Mexique.<\/li>\n<li>Avec un objectif de livraison inf\u00e9rieur \u00e0 24 heures, la compagnie devait se doter d\u2019une cha\u00eene d&rsquo;approvisionnement plus efficace que celle en place, en reposant sur des syst\u00e8me disponibles 7&#215;24 pour desservir ses clients Amazon &amp; WalMart.<\/li>\n<\/ul>\n<p>[\/vc_column_text][\/vc_column][vc_column width=\u00a0\u00bb1\/3&Prime;][vc_column_text]<strong>Solution<\/strong>:<\/p>\n<ul>\n<li>L\u2019impl\u00e9mentation de SAP Business Warehouse on HANA, et SAP Business Suite on HANA sur POWER 8, une premi\u00e8re au Canada r\u00e9alis\u00e9e conjointement avec Present.<\/li>\n<\/ul>\n<p>[\/vc_column_text][\/vc_column][vc_column width=\u00a0\u00bb1\/3&Prime;][vc_column_text]<strong>B\u00e9n\u00e9fices<\/strong>:<\/p>\n<ul>\n<li>Une disponibilit\u00e9 24\/7\/365 des applications et un temps de traitement des transactions 8 fois plus rapide, permettant d\u00e9sormais de garantir une livraison \u00e0 ses clients en moins 24 heures, \u00e0 tout coup;<\/li>\n<li>L\u2019acc\u00e8s \u00e0 plus d\u2019intelligence d\u2019affaires gr\u00e2ce \u00e0 des donn\u00e9es g\u00e9n\u00e9r\u00e9es en temps r\u00e9el (Business Intelligence);<\/li>\n<li>La possibilit\u00e9 de faire \u00e9voluer facilement la solution en fonction des besoins<\/li>\n<\/ul>\n<p>[\/vc_column_text][\/vc_column][\/vc_row][vc_row full_width=\u00a0\u00bbstretch_row_content\u00a0\u00bb bg_type=\u00a0\u00bbbg_color\u00a0\u00bb el_class=\u00a0\u00bbtilt-pos-3-deg\u00a0\u00bb css=\u00a0\u00bb.vc_custom_1588250693452{padding-top: 25px !important;padding-bottom: 25px !important;}\u00a0\u00bb bg_color_value=\u00a0\u00bb#16a361&Prime;][vc_column]<div id=\"ultimate-heading-288069f4b96769415\" class=\"uvc-heading ult-adjust-bottom-margin ultimate-heading-288069f4b96769415 uvc-8845 \" data-hspacer=\"no_spacer\"  data-halign=\"center\" style=\"text-align:center\"><div class=\"uvc-heading-spacer no_spacer\" style=\"top\"><\/div><div class=\"uvc-main-heading ult-responsive\"  data-ultimate-target='.uvc-heading.ultimate-heading-288069f4b96769415 h3'  data-responsive-json-new='{\"font-size\":\"\",\"line-height\":\"\"}' ><h3 style=\"font-weight:normal;margin-top:10px;margin-bottom:25px;\">Contactez-nous pour en apprendre d'avantage sur cet \u00e9tude de cas.<\/h3><\/div><\/div><div class=\" ubtn-ctn-center \"><a class=\"ubtn-link ult-adjust-bottom-margin ubtn-center ubtn-normal \" href=\"\/fr\/contactez-present\/\" title=\"Contactez-Nous\" ><button type=\"button\" id=\"ubtn-9175\"  class=\"ubtn ult-adjust-bottom-margin ult-responsive ubtn-normal ubtn-no-hover-bg  none  ubtn-center   tooltip-69f4b96769449\"  data-hover=\"#ffffff\" data-border-color=\"#ffffff\" data-bg=\"#ffffff\" data-hover-bg=\"#000000\" data-border-hover=\"#ffffff\" data-shadow-hover=\"\" data-shadow-click=\"none\" data-shadow=\"\" data-shd-shadow=\"\"  data-ultimate-target='#ubtn-9175'  data-responsive-json-new='{\"font-size\":\"desktop:18px;\",\"line-height\":\"desktop:24px;\"}'  style=\"font-weight:bold;border-radius:5px;border-width:3px;border-color:#ffffff;border-style:solid;background: #ffffff;color: #16a361;\"><span class=\"ubtn-hover\" style=\"background-color:#000000\"><\/span><span class=\"ubtn-data ubtn-text \" >Parlons-en<\/span><\/button><\/a><\/div>[\/vc_column][\/vc_row]<\/p>\n","protected":false},"excerpt":{"rendered":"<p>[vc_row][vc_column][\/vc_column][\/vc_row][vc_row][vc_column width=\u00a0\u00bb1\/3&Prime;][vc_column_text]D\u00e9fis: Un r\u00e9seau de grands distributeurs \u00e0 pourvoir, \u00e0 l\u2019\u00e9chelle de l\u2019Am\u00e9rique du Nord, \u00e0 partir de trois usines, dont deux au Canada et une au Mexique. Avec un objectif de livraison inf\u00e9rieur \u00e0 24 heures, la compagnie devait se doter d\u2019une cha\u00eene d&rsquo;approvisionnement plus efficace que celle en place, en reposant sur des [&#8230;]<\/p>\n","protected":false},"author":3,"featured_media":16952,"parent":10724,"menu_order":0,"comment_status":"closed","ping_status":"closed","template":"","meta":{"_acf_changed":false,"footnotes":"","_wp_rev_ctl_limit":""},"class_list":["post-7174","page","type-page","status-publish","has-post-thumbnail","hentry"],"acf":[],"yoast_head":"<!-- This site is optimized with the Yoast SEO plugin v27.3 - https:\/\/yoast.com\/product\/yoast-seo-wordpress\/ -->\n<title>\u00c9tude de cas: Impl\u00e9mentation de SAP HANA pour atteindre les objectifs de livraison<\/title>\n<meta name=\"description\" content=\"\u00c9tude de cas: Impl\u00e9mentation de SAP HANA pour atteindre les objectifs de livraison pour un concepteur et fabricant de meubles au Qu\u00e9bec.\" \/>\n<meta name=\"robots\" content=\"index, follow, max-snippet:-1, max-image-preview:large, max-video-preview:-1\" \/>\n<link rel=\"canonical\" href=\"https:\/\/www.present.ca\/fr\/ressources\/etude-de-cas\/etude-de-cas-implementation-de-sap-hana-pour-atteindre-les-objectifs-de-livraison\/\" \/>\n<meta property=\"og:locale\" content=\"fr_FR\" \/>\n<meta property=\"og:type\" content=\"article\" \/>\n<meta property=\"og:title\" content=\"\u00c9tude de cas: Impl\u00e9mentation de SAP HANA pour atteindre les objectifs de livraison\" \/>\n<meta property=\"og:description\" content=\"\u00c9tude de cas: Impl\u00e9mentation de SAP HANA pour atteindre les objectifs de livraison pour un concepteur et fabricant de meubles au Qu\u00e9bec.\" \/>\n<meta property=\"og:url\" content=\"https:\/\/www.present.ca\/fr\/ressources\/etude-de-cas\/etude-de-cas-implementation-de-sap-hana-pour-atteindre-les-objectifs-de-livraison\/\" \/>\n<meta property=\"og:site_name\" content=\"Present\" \/>\n<meta property=\"article:modified_time\" content=\"2024-01-03T20:45:26+00:00\" \/>\n<meta property=\"og:image\" content=\"https:\/\/www.present.ca\/wp-content\/uploads\/2020\/04\/Implementation-of-SAP-HANA-to-meet-delivery-targets-bnw.jpg\" \/>\n\t<meta property=\"og:image:width\" content=\"561\" \/>\n\t<meta property=\"og:image:height\" content=\"370\" \/>\n\t<meta property=\"og:image:type\" content=\"image\/jpeg\" \/>\n<meta name=\"twitter:card\" content=\"summary_large_image\" \/>\n<meta name=\"twitter:label1\" content=\"Dur\u00e9e de lecture estim\u00e9e\" \/>\n\t<meta name=\"twitter:data1\" content=\"1 minute\" \/>\n<script type=\"application\/ld+json\" class=\"yoast-schema-graph\">{\"@context\":\"https:\\\/\\\/schema.org\",\"@graph\":[{\"@type\":\"WebPage\",\"@id\":\"https:\\\/\\\/www.present.ca\\\/fr\\\/ressources\\\/etude-de-cas\\\/etude-de-cas-implementation-de-sap-hana-pour-atteindre-les-objectifs-de-livraison\\\/\",\"url\":\"https:\\\/\\\/www.present.ca\\\/fr\\\/ressources\\\/etude-de-cas\\\/etude-de-cas-implementation-de-sap-hana-pour-atteindre-les-objectifs-de-livraison\\\/\",\"name\":\"\u00c9tude de cas: Impl\u00e9mentation de SAP HANA pour atteindre les objectifs de livraison\",\"isPartOf\":{\"@id\":\"https:\\\/\\\/www.present.ca\\\/fr\\\/#website\"},\"primaryImageOfPage\":{\"@id\":\"https:\\\/\\\/www.present.ca\\\/fr\\\/ressources\\\/etude-de-cas\\\/etude-de-cas-implementation-de-sap-hana-pour-atteindre-les-objectifs-de-livraison\\\/#primaryimage\"},\"image\":{\"@id\":\"https:\\\/\\\/www.present.ca\\\/fr\\\/ressources\\\/etude-de-cas\\\/etude-de-cas-implementation-de-sap-hana-pour-atteindre-les-objectifs-de-livraison\\\/#primaryimage\"},\"thumbnailUrl\":\"https:\\\/\\\/www.present.ca\\\/wp-content\\\/uploads\\\/2020\\\/04\\\/Implementation-of-SAP-HANA-to-meet-delivery-targets-bnw.jpg\",\"datePublished\":\"2018-08-09T18:38:04+00:00\",\"dateModified\":\"2024-01-03T20:45:26+00:00\",\"description\":\"\u00c9tude de cas: Impl\u00e9mentation de SAP HANA pour atteindre les objectifs de livraison pour un concepteur et fabricant de meubles au Qu\u00e9bec.\",\"breadcrumb\":{\"@id\":\"https:\\\/\\\/www.present.ca\\\/fr\\\/ressources\\\/etude-de-cas\\\/etude-de-cas-implementation-de-sap-hana-pour-atteindre-les-objectifs-de-livraison\\\/#breadcrumb\"},\"inLanguage\":\"fr-FR\",\"potentialAction\":[{\"@type\":\"ReadAction\",\"target\":[\"https:\\\/\\\/www.present.ca\\\/fr\\\/ressources\\\/etude-de-cas\\\/etude-de-cas-implementation-de-sap-hana-pour-atteindre-les-objectifs-de-livraison\\\/\"]}]},{\"@type\":\"ImageObject\",\"inLanguage\":\"fr-FR\",\"@id\":\"https:\\\/\\\/www.present.ca\\\/fr\\\/ressources\\\/etude-de-cas\\\/etude-de-cas-implementation-de-sap-hana-pour-atteindre-les-objectifs-de-livraison\\\/#primaryimage\",\"url\":\"https:\\\/\\\/www.present.ca\\\/wp-content\\\/uploads\\\/2020\\\/04\\\/Implementation-of-SAP-HANA-to-meet-delivery-targets-bnw.jpg\",\"contentUrl\":\"https:\\\/\\\/www.present.ca\\\/wp-content\\\/uploads\\\/2020\\\/04\\\/Implementation-of-SAP-HANA-to-meet-delivery-targets-bnw.jpg\",\"width\":561,\"height\":370,\"caption\":\"L\u2019impl\u00e9mentation de SAP Business Warehouse on HANA, et SAP Business Suite on HANA sur POWER 8, une premi\u00e8re au Canada r\u00e9alis\u00e9e conjointement avec Present.\"},{\"@type\":\"BreadcrumbList\",\"@id\":\"https:\\\/\\\/www.present.ca\\\/fr\\\/ressources\\\/etude-de-cas\\\/etude-de-cas-implementation-de-sap-hana-pour-atteindre-les-objectifs-de-livraison\\\/#breadcrumb\",\"itemListElement\":[{\"@type\":\"ListItem\",\"position\":1,\"name\":\"Accueil\",\"item\":\"https:\\\/\\\/www.present.ca\\\/fr\\\/\"},{\"@type\":\"ListItem\",\"position\":2,\"name\":\"Ressources\",\"item\":\"https:\\\/\\\/www.present.ca\\\/fr\\\/ressources\\\/\"},{\"@type\":\"ListItem\",\"position\":3,\"name\":\"\u00c9tudes de Cas\",\"item\":\"https:\\\/\\\/www.present.ca\\\/fr\\\/ressources\\\/etude-de-cas\\\/\"},{\"@type\":\"ListItem\",\"position\":4,\"name\":\"\u00c9tude de cas: Impl\u00e9mentation de SAP HANA pour atteindre les objectifs de livraison\"}]},{\"@type\":\"WebSite\",\"@id\":\"https:\\\/\\\/www.present.ca\\\/fr\\\/#website\",\"url\":\"https:\\\/\\\/www.present.ca\\\/fr\\\/\",\"name\":\"Present\",\"description\":\"Services G\u00e9r\u00e9s TI, S\u00e9curit\u00e9 G\u00e9r\u00e9e TI et Solutions de Cloud Hybride\",\"potentialAction\":[{\"@type\":\"SearchAction\",\"target\":{\"@type\":\"EntryPoint\",\"urlTemplate\":\"https:\\\/\\\/www.present.ca\\\/fr\\\/?s={search_term_string}\"},\"query-input\":{\"@type\":\"PropertyValueSpecification\",\"valueRequired\":true,\"valueName\":\"search_term_string\"}}],\"inLanguage\":\"fr-FR\"}]}<\/script>\n<!-- \/ Yoast SEO plugin. -->","yoast_head_json":{"title":"\u00c9tude de cas: Impl\u00e9mentation de SAP HANA pour atteindre les objectifs de livraison","description":"\u00c9tude de cas: Impl\u00e9mentation de SAP HANA pour atteindre les objectifs de livraison pour un concepteur et fabricant de meubles au Qu\u00e9bec.","robots":{"index":"index","follow":"follow","max-snippet":"max-snippet:-1","max-image-preview":"max-image-preview:large","max-video-preview":"max-video-preview:-1"},"canonical":"https:\/\/www.present.ca\/fr\/ressources\/etude-de-cas\/etude-de-cas-implementation-de-sap-hana-pour-atteindre-les-objectifs-de-livraison\/","og_locale":"fr_FR","og_type":"article","og_title":"\u00c9tude de cas: Impl\u00e9mentation de SAP HANA pour atteindre les objectifs de livraison","og_description":"\u00c9tude de cas: Impl\u00e9mentation de SAP HANA pour atteindre les objectifs de livraison pour un concepteur et fabricant de meubles au Qu\u00e9bec.","og_url":"https:\/\/www.present.ca\/fr\/ressources\/etude-de-cas\/etude-de-cas-implementation-de-sap-hana-pour-atteindre-les-objectifs-de-livraison\/","og_site_name":"Present","article_modified_time":"2024-01-03T20:45:26+00:00","og_image":[{"width":561,"height":370,"url":"https:\/\/www.present.ca\/wp-content\/uploads\/2020\/04\/Implementation-of-SAP-HANA-to-meet-delivery-targets-bnw.jpg","type":"image\/jpeg"}],"twitter_card":"summary_large_image","twitter_misc":{"Dur\u00e9e de lecture estim\u00e9e":"1 minute"},"schema":{"@context":"https:\/\/schema.org","@graph":[{"@type":"WebPage","@id":"https:\/\/www.present.ca\/fr\/ressources\/etude-de-cas\/etude-de-cas-implementation-de-sap-hana-pour-atteindre-les-objectifs-de-livraison\/","url":"https:\/\/www.present.ca\/fr\/ressources\/etude-de-cas\/etude-de-cas-implementation-de-sap-hana-pour-atteindre-les-objectifs-de-livraison\/","name":"\u00c9tude de cas: Impl\u00e9mentation de SAP HANA pour atteindre les objectifs de livraison","isPartOf":{"@id":"https:\/\/www.present.ca\/fr\/#website"},"primaryImageOfPage":{"@id":"https:\/\/www.present.ca\/fr\/ressources\/etude-de-cas\/etude-de-cas-implementation-de-sap-hana-pour-atteindre-les-objectifs-de-livraison\/#primaryimage"},"image":{"@id":"https:\/\/www.present.ca\/fr\/ressources\/etude-de-cas\/etude-de-cas-implementation-de-sap-hana-pour-atteindre-les-objectifs-de-livraison\/#primaryimage"},"thumbnailUrl":"https:\/\/www.present.ca\/wp-content\/uploads\/2020\/04\/Implementation-of-SAP-HANA-to-meet-delivery-targets-bnw.jpg","datePublished":"2018-08-09T18:38:04+00:00","dateModified":"2024-01-03T20:45:26+00:00","description":"\u00c9tude de cas: Impl\u00e9mentation de SAP HANA pour atteindre les objectifs de livraison pour un concepteur et fabricant de meubles au Qu\u00e9bec.","breadcrumb":{"@id":"https:\/\/www.present.ca\/fr\/ressources\/etude-de-cas\/etude-de-cas-implementation-de-sap-hana-pour-atteindre-les-objectifs-de-livraison\/#breadcrumb"},"inLanguage":"fr-FR","potentialAction":[{"@type":"ReadAction","target":["https:\/\/www.present.ca\/fr\/ressources\/etude-de-cas\/etude-de-cas-implementation-de-sap-hana-pour-atteindre-les-objectifs-de-livraison\/"]}]},{"@type":"ImageObject","inLanguage":"fr-FR","@id":"https:\/\/www.present.ca\/fr\/ressources\/etude-de-cas\/etude-de-cas-implementation-de-sap-hana-pour-atteindre-les-objectifs-de-livraison\/#primaryimage","url":"https:\/\/www.present.ca\/wp-content\/uploads\/2020\/04\/Implementation-of-SAP-HANA-to-meet-delivery-targets-bnw.jpg","contentUrl":"https:\/\/www.present.ca\/wp-content\/uploads\/2020\/04\/Implementation-of-SAP-HANA-to-meet-delivery-targets-bnw.jpg","width":561,"height":370,"caption":"L\u2019impl\u00e9mentation de SAP Business Warehouse on HANA, et SAP Business Suite on HANA sur POWER 8, une premi\u00e8re au Canada r\u00e9alis\u00e9e conjointement avec Present."},{"@type":"BreadcrumbList","@id":"https:\/\/www.present.ca\/fr\/ressources\/etude-de-cas\/etude-de-cas-implementation-de-sap-hana-pour-atteindre-les-objectifs-de-livraison\/#breadcrumb","itemListElement":[{"@type":"ListItem","position":1,"name":"Accueil","item":"https:\/\/www.present.ca\/fr\/"},{"@type":"ListItem","position":2,"name":"Ressources","item":"https:\/\/www.present.ca\/fr\/ressources\/"},{"@type":"ListItem","position":3,"name":"\u00c9tudes de Cas","item":"https:\/\/www.present.ca\/fr\/ressources\/etude-de-cas\/"},{"@type":"ListItem","position":4,"name":"\u00c9tude de cas: Impl\u00e9mentation de SAP HANA pour atteindre les objectifs de livraison"}]},{"@type":"WebSite","@id":"https:\/\/www.present.ca\/fr\/#website","url":"https:\/\/www.present.ca\/fr\/","name":"Present","description":"Services G\u00e9r\u00e9s TI, S\u00e9curit\u00e9 G\u00e9r\u00e9e TI et Solutions de Cloud Hybride","potentialAction":[{"@type":"SearchAction","target":{"@type":"EntryPoint","urlTemplate":"https:\/\/www.present.ca\/fr\/?s={search_term_string}"},"query-input":{"@type":"PropertyValueSpecification","valueRequired":true,"valueName":"search_term_string"}}],"inLanguage":"fr-FR"}]}},"_links":{"self":[{"href":"https:\/\/www.present.ca\/fr\/wp-json\/wp\/v2\/pages\/7174","targetHints":{"allow":["GET"]}}],"collection":[{"href":"https:\/\/www.present.ca\/fr\/wp-json\/wp\/v2\/pages"}],"about":[{"href":"https:\/\/www.present.ca\/fr\/wp-json\/wp\/v2\/types\/page"}],"author":[{"embeddable":true,"href":"https:\/\/www.present.ca\/fr\/wp-json\/wp\/v2\/users\/3"}],"replies":[{"embeddable":true,"href":"https:\/\/www.present.ca\/fr\/wp-json\/wp\/v2\/comments?post=7174"}],"version-history":[{"count":2,"href":"https:\/\/www.present.ca\/fr\/wp-json\/wp\/v2\/pages\/7174\/revisions"}],"predecessor-version":[{"id":27851,"href":"https:\/\/www.present.ca\/fr\/wp-json\/wp\/v2\/pages\/7174\/revisions\/27851"}],"up":[{"embeddable":true,"href":"https:\/\/www.present.ca\/fr\/wp-json\/wp\/v2\/pages\/10724"}],"wp:featuredmedia":[{"embeddable":true,"href":"https:\/\/www.present.ca\/fr\/wp-json\/wp\/v2\/media\/16952"}],"wp:attachment":[{"href":"https:\/\/www.present.ca\/fr\/wp-json\/wp\/v2\/media?parent=7174"}],"curies":[{"name":"wp","href":"https:\/\/api.w.org\/{rel}","templated":true}]}}