{"id":7154,"date":"2018-08-09T14:38:04","date_gmt":"2018-08-09T18:38:04","guid":{"rendered":"https:\/\/www.present.ca\/?page_id=7154\/"},"modified":"2024-01-03T15:45:18","modified_gmt":"2024-01-03T20:45:18","slug":"etude-de-cas-solution-globale-de-protection-des-donnees","status":"publish","type":"page","link":"https:\/\/www.present.ca\/fr\/ressources\/etude-de-cas\/etude-de-cas-solution-globale-de-protection-des-donnees\/","title":{"rendered":"\u00c9tude de cas: Solution globale de protection des donn\u00e9es"},"content":{"rendered":"<p>[vc_row][vc_column]<div id=\"ultimate-heading-892869dff0a79a4a7\" class=\"uvc-heading ult-adjust-bottom-margin ultimate-heading-892869dff0a79a4a7 uvc-116 \" data-hspacer=\"no_spacer\"  data-halign=\"center\" style=\"text-align:center\"><div class=\"uvc-heading-spacer no_spacer\" style=\"top\"><\/div><div class=\"uvc-main-heading ult-responsive\"  data-ultimate-target='.uvc-heading.ultimate-heading-892869dff0a79a4a7 h2'  data-responsive-json-new='{\"font-size\":\"\",\"line-height\":\"\"}' ><h2 style=\"font-weight:normal;\">Industrie: Fabrication<\/h2><\/div><div class=\"uvc-sub-heading ult-responsive\"  data-ultimate-target='.uvc-heading.ultimate-heading-892869dff0a79a4a7 .uvc-sub-heading '  data-responsive-json-new='{\"font-size\":\"\",\"line-height\":\"\"}'  style=\"font-weight:normal;\"><\/p>\n<h4><strong>Client<\/strong>:\u00a0Leader dans les produits alimentaires<\/h4>\n<p><\/div><\/div>[\/vc_column][\/vc_row][vc_row][vc_column width=\u00a0\u00bb1\/3&Prime;][vc_column_text]<strong>D\u00e9fis<\/strong>:<\/p>\n<ul>\n<li>Apr\u00e8s une acquisition dans le march\u00e9 Am\u00e9ricain, la part des revenus \u00e9tait en croissance, mais la compagnie\u00a0ne disposait pas d\u2019une solution de rel\u00e8ve adapt\u00e9e quant aux applications critiques (r\u00e9plication).<\/li>\n<li>Les solutions de prise de copies des environnements (am\u00e9ricain et canadien) n\u2019\u00e9taient pas uniformes et ne permettaient pas de rel\u00e8ve crois\u00e9e (applications moins critiques et prise de copies).<\/li>\n<li>L\u2019infrastructure de stockage \u00e9tait vieillissante, et co\u00fbteuse \u00e0 op\u00e9rer et \u00e0 maintenir.<\/li>\n<li>L\u2019h\u00e9ritage technologique h\u00e9t\u00e9rog\u00e8ne comprenait des technologies telles que System i, Power AIX, et la virtualisation de VMware.<\/li>\n<\/ul>\n<p>[\/vc_column_text][\/vc_column][vc_column width=\u00a0\u00bb1\/3&Prime;][vc_column_text]<strong>Solution<\/strong>:<\/p>\n<ul>\n<li>Present a obtenu le mandat de d\u00e9finir et de mettre en place l\u2019architecture globale de protection des donn\u00e9es, et a implant\u00e9 les composantes de r\u00e9plication crois\u00e9e les mieux adapt\u00e9es \u00e0 chaque environnement, entre les \u00c9tats-Unis et le Canada.<\/li>\n<li>\u00c9galement, Present a remplac\u00e9 l\u2019infrastructure de stockage de deux sites par une nouvelle infrastructure unique, mais \u00e9tendue sur les deux sites (stretched cluster).<\/li>\n<li>Enfin Present a uniformis\u00e9 la prise de copie des deux sites.<\/li>\n<\/ul>\n<p>[\/vc_column_text][\/vc_column][vc_column width=\u00a0\u00bb1\/3&Prime;][vc_column_text]<strong>B\u00e9n\u00e9fices<\/strong>:<\/p>\n<ul>\n<li>Tranquillit\u00e9 d\u2019esprit pendant leur croissance am\u00e9ricaine, \u00e9tant donn\u00e9 que la nouvelle infrastructure permet de respecter les niveaux de service, tout en ayant simplifi\u00e9 et am\u00e9lior\u00e9 les processus op\u00e9rationnels de la rel\u00e8ve.<\/li>\n<li>Le niveau de performance et de stabilit\u00e9 des op\u00e9rations a \u00e9t\u00e9 accru gr\u00e2ce \u00e0 la mise en place d\u2019une solution de stockage r\u00e9partie entre les salles informatiques locales.<\/li>\n<li>La transition s\u2019est effectu\u00e9e de fa\u00e7on compl\u00e9tement transparente pour les lignes d\u2019affaires et leurs usagers,\u00a0par le fait que Present a men\u00e9 \u00e0 bien le projet, assur\u00e9 la coordination et la gestion des activit\u00e9s et des intervenants \u00e0 chaque \u00e9tape du projet.<\/li>\n<\/ul>\n<p>[\/vc_column_text][\/vc_column][\/vc_row][vc_row full_width=\u00a0\u00bbstretch_row_content\u00a0\u00bb bg_type=\u00a0\u00bbbg_color\u00a0\u00bb el_class=\u00a0\u00bbtilt-pos-3-deg\u00a0\u00bb css=\u00a0\u00bb.vc_custom_1588250693452{padding-top: 25px !important;padding-bottom: 25px !important;}\u00a0\u00bb bg_color_value=\u00a0\u00bb#16a361&Prime;][vc_column]<div id=\"ultimate-heading-11469dff0a79a505\" class=\"uvc-heading ult-adjust-bottom-margin ultimate-heading-11469dff0a79a505 uvc-4286 \" data-hspacer=\"no_spacer\"  data-halign=\"center\" style=\"text-align:center\"><div class=\"uvc-heading-spacer no_spacer\" style=\"top\"><\/div><div class=\"uvc-main-heading ult-responsive\"  data-ultimate-target='.uvc-heading.ultimate-heading-11469dff0a79a505 h3'  data-responsive-json-new='{\"font-size\":\"\",\"line-height\":\"\"}' ><h3 style=\"font-weight:normal;margin-top:10px;margin-bottom:25px;\">Contactez-nous pour en apprendre d'avantage sur cet \u00e9tude de cas.<\/h3><\/div><\/div><div class=\" ubtn-ctn-center \"><a class=\"ubtn-link ult-adjust-bottom-margin ubtn-center ubtn-normal \" href=\"\/fr\/contactez-present\/\" title=\"Contactez Present\" ><button type=\"button\" id=\"ubtn-1091\"  class=\"ubtn ult-adjust-bottom-margin ult-responsive ubtn-normal ubtn-no-hover-bg  none  ubtn-center   tooltip-69dff0a79a550\"  data-hover=\"#ffffff\" data-border-color=\"#ffffff\" data-bg=\"#ffffff\" data-hover-bg=\"#000000\" data-border-hover=\"#ffffff\" data-shadow-hover=\"\" data-shadow-click=\"none\" data-shadow=\"\" data-shd-shadow=\"\"  data-ultimate-target='#ubtn-1091'  data-responsive-json-new='{\"font-size\":\"desktop:18px;\",\"line-height\":\"desktop:24px;\"}'  style=\"font-weight:bold;border-radius:5px;border-width:3px;border-color:#ffffff;border-style:solid;background: #ffffff;color: #16a361;\"><span class=\"ubtn-hover\" style=\"background-color:#000000\"><\/span><span class=\"ubtn-data ubtn-text \" >Parlons-en<\/span><\/button><\/a><\/div>[\/vc_column][\/vc_row]<\/p>\n","protected":false},"excerpt":{"rendered":"<p>[vc_row][vc_column][\/vc_column][\/vc_row][vc_row][vc_column width=\u00a0\u00bb1\/3&Prime;][vc_column_text]D\u00e9fis: Apr\u00e8s une acquisition dans le march\u00e9 Am\u00e9ricain, la part des revenus \u00e9tait en croissance, mais la compagnie\u00a0ne disposait pas d\u2019une solution de rel\u00e8ve adapt\u00e9e quant aux applications critiques (r\u00e9plication). Les solutions de prise de copies des environnements (am\u00e9ricain et canadien) n\u2019\u00e9taient pas uniformes et ne permettaient pas de rel\u00e8ve crois\u00e9e (applications moins critiques [&#8230;]<\/p>\n","protected":false},"author":3,"featured_media":16947,"parent":10724,"menu_order":0,"comment_status":"closed","ping_status":"closed","template":"","meta":{"_acf_changed":false,"footnotes":"","_wp_rev_ctl_limit":""},"class_list":["post-7154","page","type-page","status-publish","has-post-thumbnail","hentry"],"acf":[],"yoast_head":"<!-- This site is optimized with the Yoast SEO plugin v27.3 - https:\/\/yoast.com\/product\/yoast-seo-wordpress\/ -->\n<title>\u00c9tude de cas: Solution globale de protection des donn\u00e9es - Present<\/title>\n<meta name=\"description\" content=\"Tranquillit\u00e9 d\u2019esprit pendant leur croissance am\u00e9ricaine, \u00e9tant donn\u00e9 que la nouvelle infrastructure permet de respecter les niveaux de service, tout en ayant simplifi\u00e9 et am\u00e9lior\u00e9 les processus op\u00e9rationnels de la rel\u00e8ve.\" \/>\n<meta name=\"robots\" content=\"index, follow, max-snippet:-1, max-image-preview:large, max-video-preview:-1\" \/>\n<link rel=\"canonical\" href=\"https:\/\/www.present.ca\/fr\/ressources\/etude-de-cas\/etude-de-cas-solution-globale-de-protection-des-donnees\/\" \/>\n<meta property=\"og:locale\" content=\"fr_FR\" \/>\n<meta property=\"og:type\" content=\"article\" \/>\n<meta property=\"og:title\" content=\"\u00c9tude de cas: Solution globale de protection des donn\u00e9es - Present\" \/>\n<meta property=\"og:description\" content=\"Tranquillit\u00e9 d\u2019esprit pendant leur croissance am\u00e9ricaine, \u00e9tant donn\u00e9 que la nouvelle infrastructure permet de respecter les niveaux de service, tout en ayant simplifi\u00e9 et am\u00e9lior\u00e9 les processus op\u00e9rationnels de la rel\u00e8ve.\" \/>\n<meta property=\"og:url\" content=\"https:\/\/www.present.ca\/fr\/ressources\/etude-de-cas\/etude-de-cas-solution-globale-de-protection-des-donnees\/\" \/>\n<meta property=\"og:site_name\" content=\"Present\" \/>\n<meta property=\"article:modified_time\" content=\"2024-01-03T20:45:18+00:00\" \/>\n<meta property=\"og:image\" content=\"https:\/\/www.present.ca\/wp-content\/uploads\/2020\/04\/Global_Data_protection_Solution-bnw.jpg\" \/>\n\t<meta property=\"og:image:width\" content=\"561\" \/>\n\t<meta property=\"og:image:height\" content=\"370\" \/>\n\t<meta property=\"og:image:type\" content=\"image\/jpeg\" \/>\n<meta name=\"twitter:card\" content=\"summary_large_image\" \/>\n<meta name=\"twitter:label1\" content=\"Dur\u00e9e de lecture estim\u00e9e\" \/>\n\t<meta name=\"twitter:data1\" content=\"2 minutes\" \/>\n<script type=\"application\/ld+json\" class=\"yoast-schema-graph\">{\"@context\":\"https:\\\/\\\/schema.org\",\"@graph\":[{\"@type\":\"WebPage\",\"@id\":\"https:\\\/\\\/www.present.ca\\\/fr\\\/ressources\\\/etude-de-cas\\\/etude-de-cas-solution-globale-de-protection-des-donnees\\\/\",\"url\":\"https:\\\/\\\/www.present.ca\\\/fr\\\/ressources\\\/etude-de-cas\\\/etude-de-cas-solution-globale-de-protection-des-donnees\\\/\",\"name\":\"\u00c9tude de cas: Solution globale de protection des donn\u00e9es - Present\",\"isPartOf\":{\"@id\":\"https:\\\/\\\/www.present.ca\\\/fr\\\/#website\"},\"primaryImageOfPage\":{\"@id\":\"https:\\\/\\\/www.present.ca\\\/fr\\\/ressources\\\/etude-de-cas\\\/etude-de-cas-solution-globale-de-protection-des-donnees\\\/#primaryimage\"},\"image\":{\"@id\":\"https:\\\/\\\/www.present.ca\\\/fr\\\/ressources\\\/etude-de-cas\\\/etude-de-cas-solution-globale-de-protection-des-donnees\\\/#primaryimage\"},\"thumbnailUrl\":\"https:\\\/\\\/www.present.ca\\\/wp-content\\\/uploads\\\/2020\\\/04\\\/Global_Data_protection_Solution-bnw.jpg\",\"datePublished\":\"2018-08-09T18:38:04+00:00\",\"dateModified\":\"2024-01-03T20:45:18+00:00\",\"description\":\"Tranquillit\u00e9 d\u2019esprit pendant leur croissance am\u00e9ricaine, \u00e9tant donn\u00e9 que la nouvelle infrastructure permet de respecter les niveaux de service, tout en ayant simplifi\u00e9 et am\u00e9lior\u00e9 les processus op\u00e9rationnels de la rel\u00e8ve.\",\"breadcrumb\":{\"@id\":\"https:\\\/\\\/www.present.ca\\\/fr\\\/ressources\\\/etude-de-cas\\\/etude-de-cas-solution-globale-de-protection-des-donnees\\\/#breadcrumb\"},\"inLanguage\":\"fr-FR\",\"potentialAction\":[{\"@type\":\"ReadAction\",\"target\":[\"https:\\\/\\\/www.present.ca\\\/fr\\\/ressources\\\/etude-de-cas\\\/etude-de-cas-solution-globale-de-protection-des-donnees\\\/\"]}]},{\"@type\":\"ImageObject\",\"inLanguage\":\"fr-FR\",\"@id\":\"https:\\\/\\\/www.present.ca\\\/fr\\\/ressources\\\/etude-de-cas\\\/etude-de-cas-solution-globale-de-protection-des-donnees\\\/#primaryimage\",\"url\":\"https:\\\/\\\/www.present.ca\\\/wp-content\\\/uploads\\\/2020\\\/04\\\/Global_Data_protection_Solution-bnw.jpg\",\"contentUrl\":\"https:\\\/\\\/www.present.ca\\\/wp-content\\\/uploads\\\/2020\\\/04\\\/Global_Data_protection_Solution-bnw.jpg\",\"width\":561,\"height\":370},{\"@type\":\"BreadcrumbList\",\"@id\":\"https:\\\/\\\/www.present.ca\\\/fr\\\/ressources\\\/etude-de-cas\\\/etude-de-cas-solution-globale-de-protection-des-donnees\\\/#breadcrumb\",\"itemListElement\":[{\"@type\":\"ListItem\",\"position\":1,\"name\":\"Accueil\",\"item\":\"https:\\\/\\\/www.present.ca\\\/fr\\\/\"},{\"@type\":\"ListItem\",\"position\":2,\"name\":\"Ressources\",\"item\":\"https:\\\/\\\/www.present.ca\\\/fr\\\/ressources\\\/\"},{\"@type\":\"ListItem\",\"position\":3,\"name\":\"\u00c9tudes de Cas\",\"item\":\"https:\\\/\\\/www.present.ca\\\/fr\\\/ressources\\\/etude-de-cas\\\/\"},{\"@type\":\"ListItem\",\"position\":4,\"name\":\"\u00c9tude de cas: Solution globale de protection des donn\u00e9es\"}]},{\"@type\":\"WebSite\",\"@id\":\"https:\\\/\\\/www.present.ca\\\/fr\\\/#website\",\"url\":\"https:\\\/\\\/www.present.ca\\\/fr\\\/\",\"name\":\"Present\",\"description\":\"Services G\u00e9r\u00e9s TI, S\u00e9curit\u00e9 G\u00e9r\u00e9e TI et Solutions de Cloud Hybride\",\"potentialAction\":[{\"@type\":\"SearchAction\",\"target\":{\"@type\":\"EntryPoint\",\"urlTemplate\":\"https:\\\/\\\/www.present.ca\\\/fr\\\/?s={search_term_string}\"},\"query-input\":{\"@type\":\"PropertyValueSpecification\",\"valueRequired\":true,\"valueName\":\"search_term_string\"}}],\"inLanguage\":\"fr-FR\"}]}<\/script>\n<!-- \/ Yoast SEO plugin. -->","yoast_head_json":{"title":"\u00c9tude de cas: Solution globale de protection des donn\u00e9es - Present","description":"Tranquillit\u00e9 d\u2019esprit pendant leur croissance am\u00e9ricaine, \u00e9tant donn\u00e9 que la nouvelle infrastructure permet de respecter les niveaux de service, tout en ayant simplifi\u00e9 et am\u00e9lior\u00e9 les processus op\u00e9rationnels de la rel\u00e8ve.","robots":{"index":"index","follow":"follow","max-snippet":"max-snippet:-1","max-image-preview":"max-image-preview:large","max-video-preview":"max-video-preview:-1"},"canonical":"https:\/\/www.present.ca\/fr\/ressources\/etude-de-cas\/etude-de-cas-solution-globale-de-protection-des-donnees\/","og_locale":"fr_FR","og_type":"article","og_title":"\u00c9tude de cas: Solution globale de protection des donn\u00e9es - Present","og_description":"Tranquillit\u00e9 d\u2019esprit pendant leur croissance am\u00e9ricaine, \u00e9tant donn\u00e9 que la nouvelle infrastructure permet de respecter les niveaux de service, tout en ayant simplifi\u00e9 et am\u00e9lior\u00e9 les processus op\u00e9rationnels de la rel\u00e8ve.","og_url":"https:\/\/www.present.ca\/fr\/ressources\/etude-de-cas\/etude-de-cas-solution-globale-de-protection-des-donnees\/","og_site_name":"Present","article_modified_time":"2024-01-03T20:45:18+00:00","og_image":[{"width":561,"height":370,"url":"https:\/\/www.present.ca\/wp-content\/uploads\/2020\/04\/Global_Data_protection_Solution-bnw.jpg","type":"image\/jpeg"}],"twitter_card":"summary_large_image","twitter_misc":{"Dur\u00e9e de lecture estim\u00e9e":"2 minutes"},"schema":{"@context":"https:\/\/schema.org","@graph":[{"@type":"WebPage","@id":"https:\/\/www.present.ca\/fr\/ressources\/etude-de-cas\/etude-de-cas-solution-globale-de-protection-des-donnees\/","url":"https:\/\/www.present.ca\/fr\/ressources\/etude-de-cas\/etude-de-cas-solution-globale-de-protection-des-donnees\/","name":"\u00c9tude de cas: Solution globale de protection des donn\u00e9es - Present","isPartOf":{"@id":"https:\/\/www.present.ca\/fr\/#website"},"primaryImageOfPage":{"@id":"https:\/\/www.present.ca\/fr\/ressources\/etude-de-cas\/etude-de-cas-solution-globale-de-protection-des-donnees\/#primaryimage"},"image":{"@id":"https:\/\/www.present.ca\/fr\/ressources\/etude-de-cas\/etude-de-cas-solution-globale-de-protection-des-donnees\/#primaryimage"},"thumbnailUrl":"https:\/\/www.present.ca\/wp-content\/uploads\/2020\/04\/Global_Data_protection_Solution-bnw.jpg","datePublished":"2018-08-09T18:38:04+00:00","dateModified":"2024-01-03T20:45:18+00:00","description":"Tranquillit\u00e9 d\u2019esprit pendant leur croissance am\u00e9ricaine, \u00e9tant donn\u00e9 que la nouvelle infrastructure permet de respecter les niveaux de service, tout en ayant simplifi\u00e9 et am\u00e9lior\u00e9 les processus op\u00e9rationnels de la rel\u00e8ve.","breadcrumb":{"@id":"https:\/\/www.present.ca\/fr\/ressources\/etude-de-cas\/etude-de-cas-solution-globale-de-protection-des-donnees\/#breadcrumb"},"inLanguage":"fr-FR","potentialAction":[{"@type":"ReadAction","target":["https:\/\/www.present.ca\/fr\/ressources\/etude-de-cas\/etude-de-cas-solution-globale-de-protection-des-donnees\/"]}]},{"@type":"ImageObject","inLanguage":"fr-FR","@id":"https:\/\/www.present.ca\/fr\/ressources\/etude-de-cas\/etude-de-cas-solution-globale-de-protection-des-donnees\/#primaryimage","url":"https:\/\/www.present.ca\/wp-content\/uploads\/2020\/04\/Global_Data_protection_Solution-bnw.jpg","contentUrl":"https:\/\/www.present.ca\/wp-content\/uploads\/2020\/04\/Global_Data_protection_Solution-bnw.jpg","width":561,"height":370},{"@type":"BreadcrumbList","@id":"https:\/\/www.present.ca\/fr\/ressources\/etude-de-cas\/etude-de-cas-solution-globale-de-protection-des-donnees\/#breadcrumb","itemListElement":[{"@type":"ListItem","position":1,"name":"Accueil","item":"https:\/\/www.present.ca\/fr\/"},{"@type":"ListItem","position":2,"name":"Ressources","item":"https:\/\/www.present.ca\/fr\/ressources\/"},{"@type":"ListItem","position":3,"name":"\u00c9tudes de Cas","item":"https:\/\/www.present.ca\/fr\/ressources\/etude-de-cas\/"},{"@type":"ListItem","position":4,"name":"\u00c9tude de cas: Solution globale de protection des donn\u00e9es"}]},{"@type":"WebSite","@id":"https:\/\/www.present.ca\/fr\/#website","url":"https:\/\/www.present.ca\/fr\/","name":"Present","description":"Services G\u00e9r\u00e9s TI, S\u00e9curit\u00e9 G\u00e9r\u00e9e TI et Solutions de Cloud Hybride","potentialAction":[{"@type":"SearchAction","target":{"@type":"EntryPoint","urlTemplate":"https:\/\/www.present.ca\/fr\/?s={search_term_string}"},"query-input":{"@type":"PropertyValueSpecification","valueRequired":true,"valueName":"search_term_string"}}],"inLanguage":"fr-FR"}]}},"_links":{"self":[{"href":"https:\/\/www.present.ca\/fr\/wp-json\/wp\/v2\/pages\/7154","targetHints":{"allow":["GET"]}}],"collection":[{"href":"https:\/\/www.present.ca\/fr\/wp-json\/wp\/v2\/pages"}],"about":[{"href":"https:\/\/www.present.ca\/fr\/wp-json\/wp\/v2\/types\/page"}],"author":[{"embeddable":true,"href":"https:\/\/www.present.ca\/fr\/wp-json\/wp\/v2\/users\/3"}],"replies":[{"embeddable":true,"href":"https:\/\/www.present.ca\/fr\/wp-json\/wp\/v2\/comments?post=7154"}],"version-history":[{"count":2,"href":"https:\/\/www.present.ca\/fr\/wp-json\/wp\/v2\/pages\/7154\/revisions"}],"predecessor-version":[{"id":27850,"href":"https:\/\/www.present.ca\/fr\/wp-json\/wp\/v2\/pages\/7154\/revisions\/27850"}],"up":[{"embeddable":true,"href":"https:\/\/www.present.ca\/fr\/wp-json\/wp\/v2\/pages\/10724"}],"wp:featuredmedia":[{"embeddable":true,"href":"https:\/\/www.present.ca\/fr\/wp-json\/wp\/v2\/media\/16947"}],"wp:attachment":[{"href":"https:\/\/www.present.ca\/fr\/wp-json\/wp\/v2\/media?parent=7154"}],"curies":[{"name":"wp","href":"https:\/\/api.w.org\/{rel}","templated":true}]}}