{"id":7114,"date":"2018-08-09T14:38:06","date_gmt":"2018-08-09T18:38:06","guid":{"rendered":"https:\/\/www.present.ca\/?page_id=7114\/"},"modified":"2024-01-03T15:45:31","modified_gmt":"2024-01-03T20:45:31","slug":"etude-de-cas-mise-a-niveau-de-linfrastructure-pour-prendre-en-charge-un-volume-eleve-de-transactions","status":"publish","type":"page","link":"https:\/\/www.present.ca\/fr\/ressources\/etude-de-cas\/etude-de-cas-mise-a-niveau-de-linfrastructure-pour-prendre-en-charge-un-volume-eleve-de-transactions\/","title":{"rendered":"\u00c9tude de cas: Mise \u00e0 niveau de l&rsquo;infrastructure pour prendre en charge un volume \u00e9lev\u00e9 de transactions"},"content":{"rendered":"<p>[vc_row][vc_column]<div id=\"ultimate-heading-682269fccd3f1f4cf\" class=\"uvc-heading ult-adjust-bottom-margin ultimate-heading-682269fccd3f1f4cf uvc-256 \" data-hspacer=\"no_spacer\"  data-halign=\"center\" style=\"text-align:center\"><div class=\"uvc-heading-spacer no_spacer\" style=\"top\"><\/div><div class=\"uvc-main-heading ult-responsive\"  data-ultimate-target='.uvc-heading.ultimate-heading-682269fccd3f1f4cf h2'  data-responsive-json-new='{\"font-size\":\"\",\"line-height\":\"\"}' ><h2 style=\"font-weight:normal;\">Industrie: Commerce au d\u00e9tail<\/h2><\/div><div class=\"uvc-sub-heading ult-responsive\"  data-ultimate-target='.uvc-heading.ultimate-heading-682269fccd3f1f4cf .uvc-sub-heading '  data-responsive-json-new='{\"font-size\":\"\",\"line-height\":\"\"}'  style=\"font-weight:normal;\"><\/p>\n<h4><strong>Client<\/strong>:\u00a0entreprise innovante de v\u00eatements et de d\u00e9coration pour la maison<\/h4>\n<p><\/div><\/div>[\/vc_column][\/vc_row][vc_row][vc_column width=\u00a0\u00bb1\/3&Prime;][vc_column_text]<strong>D\u00e9fis<\/strong>:<\/p>\n<ul>\n<li>Le site web transactionnel recevait, pendant la p\u00e9riode de 4 jours du Vendredi noir, plusieurs dizaines de milliers de commandes comportant elles-m\u00eames plusieurs articles.<\/li>\n<li>L&rsquo;infrastructure en place causait, en cette p\u00e9riode de pointe, un goulot d&rsquo;\u00e9tranglement, occasionnant un ralentissement des processus \u00e0 l&rsquo;entrep\u00f4t, ayant un impact inacceptable sur les op\u00e9rations, et finalement sur le d\u00e9lai de livraison aux clients.<\/li>\n<li>Les prises de copies de s\u00e9curit\u00e9 sur bandes n\u00e9cessitaient d\u2019interrompre les syst\u00e8mes concern\u00e9s pendant plusieurs heures, ce qui retardait d\u2019autant le traitement des processus de mise \u00e0 jour des prix la nuit.<\/li>\n<\/ul>\n<p>[\/vc_column_text][\/vc_column][vc_column width=\u00a0\u00bb1\/3&Prime;][vc_column_text]<strong>Solution<\/strong>:<\/p>\n<ul>\n<li>Apr\u00e8s avoir identifi\u00e9 les raisons du goulot d\u2019\u00e9tranglement, Present a propos\u00e9 une mise \u00e0 niveau de l\u2019infrastructure comprenant deux nouveaux serveurs IBM Power et deux unit\u00e9s de stockage IBM Flashsystem.<\/li>\n<\/ul>\n<p>[\/vc_column_text][\/vc_column][vc_column width=\u00a0\u00bb1\/3&Prime;][vc_column_text]<strong>B\u00e9n\u00e9fices<\/strong>:<\/p>\n<ul>\n<li>La nouvelle infrastructure permet dor\u00e9navant de supporter les p\u00e9riodes de pointe et leurs pics de transactions sans impact sur les op\u00e9rations et les d\u00e9lais de livraison aux clients.<\/li>\n<li>La prise de copies sur disques des donn\u00e9es de l\u2019environnement est ex\u00e9cut\u00e9e maintenant dans une fen\u00eatre beaucoup plus \u00e9troite, ce qui permet d\u2019effectuer \u00e0 temps les traitements associ\u00e9s aux changements de prix pour le jour suivant.<\/li>\n<\/ul>\n<p>[\/vc_column_text][\/vc_column][\/vc_row][vc_row full_width=\u00a0\u00bbstretch_row_content\u00a0\u00bb bg_type=\u00a0\u00bbbg_color\u00a0\u00bb el_class=\u00a0\u00bbtilt-pos-3-deg\u00a0\u00bb css=\u00a0\u00bb.vc_custom_1588250693452{padding-top: 25px !important;padding-bottom: 25px !important;}\u00a0\u00bb bg_color_value=\u00a0\u00bb#16a361&Prime;][vc_column]<div id=\"ultimate-heading-504569fccd3f1f536\" class=\"uvc-heading ult-adjust-bottom-margin ultimate-heading-504569fccd3f1f536 uvc-8049 \" data-hspacer=\"no_spacer\"  data-halign=\"center\" style=\"text-align:center\"><div class=\"uvc-heading-spacer no_spacer\" style=\"top\"><\/div><div class=\"uvc-main-heading ult-responsive\"  data-ultimate-target='.uvc-heading.ultimate-heading-504569fccd3f1f536 h3'  data-responsive-json-new='{\"font-size\":\"\",\"line-height\":\"\"}' ><h3 style=\"font-weight:normal;margin-top:10px;margin-bottom:25px;\">Contactez-nous pour en apprendre d'avantage sur cet \u00e9tude de cas.<\/h3><\/div><\/div><div class=\" ubtn-ctn-center \"><a class=\"ubtn-link ult-adjust-bottom-margin ubtn-center ubtn-normal \" href=\"\/fr\/contactez-present\/\" title=\"Contactez Present\" ><button type=\"button\" id=\"ubtn-9622\"  class=\"ubtn ult-adjust-bottom-margin ult-responsive ubtn-normal ubtn-no-hover-bg  none  ubtn-center   tooltip-69fccd3f1f593\"  data-hover=\"#ffffff\" data-border-color=\"#ffffff\" data-bg=\"#ffffff\" data-hover-bg=\"#000000\" data-border-hover=\"#ffffff\" data-shadow-hover=\"\" data-shadow-click=\"none\" data-shadow=\"\" data-shd-shadow=\"\"  data-ultimate-target='#ubtn-9622'  data-responsive-json-new='{\"font-size\":\"desktop:18px;\",\"line-height\":\"desktop:24px;\"}'  style=\"font-weight:bold;border-radius:5px;border-width:3px;border-color:#ffffff;border-style:solid;background: #ffffff;color: #16a361;\"><span class=\"ubtn-hover\" style=\"background-color:#000000\"><\/span><span class=\"ubtn-data ubtn-text \" >Parlons-en<\/span><\/button><\/a><\/div>[\/vc_column][\/vc_row]<\/p>\n","protected":false},"excerpt":{"rendered":"<p>[vc_row][vc_column][\/vc_column][\/vc_row][vc_row][vc_column width=\u00a0\u00bb1\/3&Prime;][vc_column_text]D\u00e9fis: Le site web transactionnel recevait, pendant la p\u00e9riode de 4 jours du Vendredi noir, plusieurs dizaines de milliers de commandes comportant elles-m\u00eames plusieurs articles. L&rsquo;infrastructure en place causait, en cette p\u00e9riode de pointe, un goulot d&rsquo;\u00e9tranglement, occasionnant un ralentissement des processus \u00e0 l&rsquo;entrep\u00f4t, ayant un impact inacceptable sur les op\u00e9rations, et finalement sur [&#8230;]<\/p>\n","protected":false},"author":3,"featured_media":16957,"parent":10724,"menu_order":0,"comment_status":"closed","ping_status":"closed","template":"","meta":{"_acf_changed":false,"footnotes":"","_wp_rev_ctl_limit":""},"class_list":["post-7114","page","type-page","status-publish","has-post-thumbnail","hentry"],"acf":[],"yoast_head":"<!-- This site is optimized with the Yoast SEO plugin v27.3 - https:\/\/yoast.com\/product\/yoast-seo-wordpress\/ -->\n<title>\u00c9tude de cas: Mise \u00e0 niveau de l&#039;infrastructure pour prendre en charge un volume \u00e9lev\u00e9 de transactions - Present<\/title>\n<meta name=\"description\" content=\"La nouvelle infrastructure de notre client, lui permet de supporter les p\u00e9riodes de pointe et leurs pics de transactions sans impact sur les op\u00e9rations et les d\u00e9lais de livraison aux clients.\" \/>\n<meta name=\"robots\" content=\"index, follow, max-snippet:-1, max-image-preview:large, max-video-preview:-1\" \/>\n<link rel=\"canonical\" href=\"https:\/\/www.present.ca\/fr\/ressources\/etude-de-cas\/etude-de-cas-mise-a-niveau-de-linfrastructure-pour-prendre-en-charge-un-volume-eleve-de-transactions\/\" \/>\n<meta property=\"og:locale\" content=\"fr_FR\" \/>\n<meta property=\"og:type\" content=\"article\" \/>\n<meta property=\"og:title\" content=\"\u00c9tude de cas: Mise \u00e0 niveau de l&#039;infrastructure pour prendre en charge un volume \u00e9lev\u00e9 de transactions - Present\" \/>\n<meta property=\"og:description\" content=\"La nouvelle infrastructure de notre client, lui permet de supporter les p\u00e9riodes de pointe et leurs pics de transactions sans impact sur les op\u00e9rations et les d\u00e9lais de livraison aux clients.\" \/>\n<meta property=\"og:url\" content=\"https:\/\/www.present.ca\/fr\/ressources\/etude-de-cas\/etude-de-cas-mise-a-niveau-de-linfrastructure-pour-prendre-en-charge-un-volume-eleve-de-transactions\/\" \/>\n<meta property=\"og:site_name\" content=\"Present\" \/>\n<meta property=\"article:modified_time\" content=\"2024-01-03T20:45:31+00:00\" \/>\n<meta property=\"og:image\" content=\"https:\/\/www.present.ca\/wp-content\/uploads\/2020\/04\/Infrastructure-upgrade-to-support-high-volume-of-transactions-bnw.jpg\" \/>\n\t<meta property=\"og:image:width\" content=\"561\" \/>\n\t<meta property=\"og:image:height\" content=\"370\" \/>\n\t<meta property=\"og:image:type\" content=\"image\/jpeg\" \/>\n<meta name=\"twitter:card\" content=\"summary_large_image\" \/>\n<meta name=\"twitter:label1\" content=\"Dur\u00e9e de lecture estim\u00e9e\" \/>\n\t<meta name=\"twitter:data1\" content=\"2 minutes\" \/>\n<script type=\"application\/ld+json\" class=\"yoast-schema-graph\">{\"@context\":\"https:\\\/\\\/schema.org\",\"@graph\":[{\"@type\":\"WebPage\",\"@id\":\"https:\\\/\\\/www.present.ca\\\/fr\\\/ressources\\\/etude-de-cas\\\/etude-de-cas-mise-a-niveau-de-linfrastructure-pour-prendre-en-charge-un-volume-eleve-de-transactions\\\/\",\"url\":\"https:\\\/\\\/www.present.ca\\\/fr\\\/ressources\\\/etude-de-cas\\\/etude-de-cas-mise-a-niveau-de-linfrastructure-pour-prendre-en-charge-un-volume-eleve-de-transactions\\\/\",\"name\":\"\u00c9tude de cas: Mise \u00e0 niveau de l'infrastructure pour prendre en charge un volume \u00e9lev\u00e9 de transactions - Present\",\"isPartOf\":{\"@id\":\"https:\\\/\\\/www.present.ca\\\/fr\\\/#website\"},\"primaryImageOfPage\":{\"@id\":\"https:\\\/\\\/www.present.ca\\\/fr\\\/ressources\\\/etude-de-cas\\\/etude-de-cas-mise-a-niveau-de-linfrastructure-pour-prendre-en-charge-un-volume-eleve-de-transactions\\\/#primaryimage\"},\"image\":{\"@id\":\"https:\\\/\\\/www.present.ca\\\/fr\\\/ressources\\\/etude-de-cas\\\/etude-de-cas-mise-a-niveau-de-linfrastructure-pour-prendre-en-charge-un-volume-eleve-de-transactions\\\/#primaryimage\"},\"thumbnailUrl\":\"https:\\\/\\\/www.present.ca\\\/wp-content\\\/uploads\\\/2020\\\/04\\\/Infrastructure-upgrade-to-support-high-volume-of-transactions-bnw.jpg\",\"datePublished\":\"2018-08-09T18:38:06+00:00\",\"dateModified\":\"2024-01-03T20:45:31+00:00\",\"description\":\"La nouvelle infrastructure de notre client, lui permet de supporter les p\u00e9riodes de pointe et leurs pics de transactions sans impact sur les op\u00e9rations et les d\u00e9lais de livraison aux clients.\",\"breadcrumb\":{\"@id\":\"https:\\\/\\\/www.present.ca\\\/fr\\\/ressources\\\/etude-de-cas\\\/etude-de-cas-mise-a-niveau-de-linfrastructure-pour-prendre-en-charge-un-volume-eleve-de-transactions\\\/#breadcrumb\"},\"inLanguage\":\"fr-FR\",\"potentialAction\":[{\"@type\":\"ReadAction\",\"target\":[\"https:\\\/\\\/www.present.ca\\\/fr\\\/ressources\\\/etude-de-cas\\\/etude-de-cas-mise-a-niveau-de-linfrastructure-pour-prendre-en-charge-un-volume-eleve-de-transactions\\\/\"]}]},{\"@type\":\"ImageObject\",\"inLanguage\":\"fr-FR\",\"@id\":\"https:\\\/\\\/www.present.ca\\\/fr\\\/ressources\\\/etude-de-cas\\\/etude-de-cas-mise-a-niveau-de-linfrastructure-pour-prendre-en-charge-un-volume-eleve-de-transactions\\\/#primaryimage\",\"url\":\"https:\\\/\\\/www.present.ca\\\/wp-content\\\/uploads\\\/2020\\\/04\\\/Infrastructure-upgrade-to-support-high-volume-of-transactions-bnw.jpg\",\"contentUrl\":\"https:\\\/\\\/www.present.ca\\\/wp-content\\\/uploads\\\/2020\\\/04\\\/Infrastructure-upgrade-to-support-high-volume-of-transactions-bnw.jpg\",\"width\":561,\"height\":370},{\"@type\":\"BreadcrumbList\",\"@id\":\"https:\\\/\\\/www.present.ca\\\/fr\\\/ressources\\\/etude-de-cas\\\/etude-de-cas-mise-a-niveau-de-linfrastructure-pour-prendre-en-charge-un-volume-eleve-de-transactions\\\/#breadcrumb\",\"itemListElement\":[{\"@type\":\"ListItem\",\"position\":1,\"name\":\"Accueil\",\"item\":\"https:\\\/\\\/www.present.ca\\\/fr\\\/\"},{\"@type\":\"ListItem\",\"position\":2,\"name\":\"Ressources\",\"item\":\"https:\\\/\\\/www.present.ca\\\/fr\\\/ressources\\\/\"},{\"@type\":\"ListItem\",\"position\":3,\"name\":\"\u00c9tudes de Cas\",\"item\":\"https:\\\/\\\/www.present.ca\\\/fr\\\/ressources\\\/etude-de-cas\\\/\"},{\"@type\":\"ListItem\",\"position\":4,\"name\":\"\u00c9tude de cas: Mise \u00e0 niveau de l&#8217;infrastructure pour prendre en charge un volume \u00e9lev\u00e9 de transactions\"}]},{\"@type\":\"WebSite\",\"@id\":\"https:\\\/\\\/www.present.ca\\\/fr\\\/#website\",\"url\":\"https:\\\/\\\/www.present.ca\\\/fr\\\/\",\"name\":\"Present\",\"description\":\"Services G\u00e9r\u00e9s TI, S\u00e9curit\u00e9 G\u00e9r\u00e9e TI et Solutions de Cloud Hybride\",\"potentialAction\":[{\"@type\":\"SearchAction\",\"target\":{\"@type\":\"EntryPoint\",\"urlTemplate\":\"https:\\\/\\\/www.present.ca\\\/fr\\\/?s={search_term_string}\"},\"query-input\":{\"@type\":\"PropertyValueSpecification\",\"valueRequired\":true,\"valueName\":\"search_term_string\"}}],\"inLanguage\":\"fr-FR\"}]}<\/script>\n<!-- \/ Yoast SEO plugin. -->","yoast_head_json":{"title":"\u00c9tude de cas: Mise \u00e0 niveau de l'infrastructure pour prendre en charge un volume \u00e9lev\u00e9 de transactions - Present","description":"La nouvelle infrastructure de notre client, lui permet de supporter les p\u00e9riodes de pointe et leurs pics de transactions sans impact sur les op\u00e9rations et les d\u00e9lais de livraison aux clients.","robots":{"index":"index","follow":"follow","max-snippet":"max-snippet:-1","max-image-preview":"max-image-preview:large","max-video-preview":"max-video-preview:-1"},"canonical":"https:\/\/www.present.ca\/fr\/ressources\/etude-de-cas\/etude-de-cas-mise-a-niveau-de-linfrastructure-pour-prendre-en-charge-un-volume-eleve-de-transactions\/","og_locale":"fr_FR","og_type":"article","og_title":"\u00c9tude de cas: Mise \u00e0 niveau de l'infrastructure pour prendre en charge un volume \u00e9lev\u00e9 de transactions - Present","og_description":"La nouvelle infrastructure de notre client, lui permet de supporter les p\u00e9riodes de pointe et leurs pics de transactions sans impact sur les op\u00e9rations et les d\u00e9lais de livraison aux clients.","og_url":"https:\/\/www.present.ca\/fr\/ressources\/etude-de-cas\/etude-de-cas-mise-a-niveau-de-linfrastructure-pour-prendre-en-charge-un-volume-eleve-de-transactions\/","og_site_name":"Present","article_modified_time":"2024-01-03T20:45:31+00:00","og_image":[{"width":561,"height":370,"url":"https:\/\/www.present.ca\/wp-content\/uploads\/2020\/04\/Infrastructure-upgrade-to-support-high-volume-of-transactions-bnw.jpg","type":"image\/jpeg"}],"twitter_card":"summary_large_image","twitter_misc":{"Dur\u00e9e de lecture estim\u00e9e":"2 minutes"},"schema":{"@context":"https:\/\/schema.org","@graph":[{"@type":"WebPage","@id":"https:\/\/www.present.ca\/fr\/ressources\/etude-de-cas\/etude-de-cas-mise-a-niveau-de-linfrastructure-pour-prendre-en-charge-un-volume-eleve-de-transactions\/","url":"https:\/\/www.present.ca\/fr\/ressources\/etude-de-cas\/etude-de-cas-mise-a-niveau-de-linfrastructure-pour-prendre-en-charge-un-volume-eleve-de-transactions\/","name":"\u00c9tude de cas: Mise \u00e0 niveau de l'infrastructure pour prendre en charge un volume \u00e9lev\u00e9 de transactions - Present","isPartOf":{"@id":"https:\/\/www.present.ca\/fr\/#website"},"primaryImageOfPage":{"@id":"https:\/\/www.present.ca\/fr\/ressources\/etude-de-cas\/etude-de-cas-mise-a-niveau-de-linfrastructure-pour-prendre-en-charge-un-volume-eleve-de-transactions\/#primaryimage"},"image":{"@id":"https:\/\/www.present.ca\/fr\/ressources\/etude-de-cas\/etude-de-cas-mise-a-niveau-de-linfrastructure-pour-prendre-en-charge-un-volume-eleve-de-transactions\/#primaryimage"},"thumbnailUrl":"https:\/\/www.present.ca\/wp-content\/uploads\/2020\/04\/Infrastructure-upgrade-to-support-high-volume-of-transactions-bnw.jpg","datePublished":"2018-08-09T18:38:06+00:00","dateModified":"2024-01-03T20:45:31+00:00","description":"La nouvelle infrastructure de notre client, lui permet de supporter les p\u00e9riodes de pointe et leurs pics de transactions sans impact sur les op\u00e9rations et les d\u00e9lais de livraison aux clients.","breadcrumb":{"@id":"https:\/\/www.present.ca\/fr\/ressources\/etude-de-cas\/etude-de-cas-mise-a-niveau-de-linfrastructure-pour-prendre-en-charge-un-volume-eleve-de-transactions\/#breadcrumb"},"inLanguage":"fr-FR","potentialAction":[{"@type":"ReadAction","target":["https:\/\/www.present.ca\/fr\/ressources\/etude-de-cas\/etude-de-cas-mise-a-niveau-de-linfrastructure-pour-prendre-en-charge-un-volume-eleve-de-transactions\/"]}]},{"@type":"ImageObject","inLanguage":"fr-FR","@id":"https:\/\/www.present.ca\/fr\/ressources\/etude-de-cas\/etude-de-cas-mise-a-niveau-de-linfrastructure-pour-prendre-en-charge-un-volume-eleve-de-transactions\/#primaryimage","url":"https:\/\/www.present.ca\/wp-content\/uploads\/2020\/04\/Infrastructure-upgrade-to-support-high-volume-of-transactions-bnw.jpg","contentUrl":"https:\/\/www.present.ca\/wp-content\/uploads\/2020\/04\/Infrastructure-upgrade-to-support-high-volume-of-transactions-bnw.jpg","width":561,"height":370},{"@type":"BreadcrumbList","@id":"https:\/\/www.present.ca\/fr\/ressources\/etude-de-cas\/etude-de-cas-mise-a-niveau-de-linfrastructure-pour-prendre-en-charge-un-volume-eleve-de-transactions\/#breadcrumb","itemListElement":[{"@type":"ListItem","position":1,"name":"Accueil","item":"https:\/\/www.present.ca\/fr\/"},{"@type":"ListItem","position":2,"name":"Ressources","item":"https:\/\/www.present.ca\/fr\/ressources\/"},{"@type":"ListItem","position":3,"name":"\u00c9tudes de Cas","item":"https:\/\/www.present.ca\/fr\/ressources\/etude-de-cas\/"},{"@type":"ListItem","position":4,"name":"\u00c9tude de cas: Mise \u00e0 niveau de l&#8217;infrastructure pour prendre en charge un volume \u00e9lev\u00e9 de transactions"}]},{"@type":"WebSite","@id":"https:\/\/www.present.ca\/fr\/#website","url":"https:\/\/www.present.ca\/fr\/","name":"Present","description":"Services G\u00e9r\u00e9s TI, S\u00e9curit\u00e9 G\u00e9r\u00e9e TI et Solutions de Cloud Hybride","potentialAction":[{"@type":"SearchAction","target":{"@type":"EntryPoint","urlTemplate":"https:\/\/www.present.ca\/fr\/?s={search_term_string}"},"query-input":{"@type":"PropertyValueSpecification","valueRequired":true,"valueName":"search_term_string"}}],"inLanguage":"fr-FR"}]}},"_links":{"self":[{"href":"https:\/\/www.present.ca\/fr\/wp-json\/wp\/v2\/pages\/7114","targetHints":{"allow":["GET"]}}],"collection":[{"href":"https:\/\/www.present.ca\/fr\/wp-json\/wp\/v2\/pages"}],"about":[{"href":"https:\/\/www.present.ca\/fr\/wp-json\/wp\/v2\/types\/page"}],"author":[{"embeddable":true,"href":"https:\/\/www.present.ca\/fr\/wp-json\/wp\/v2\/users\/3"}],"replies":[{"embeddable":true,"href":"https:\/\/www.present.ca\/fr\/wp-json\/wp\/v2\/comments?post=7114"}],"version-history":[{"count":2,"href":"https:\/\/www.present.ca\/fr\/wp-json\/wp\/v2\/pages\/7114\/revisions"}],"predecessor-version":[{"id":27852,"href":"https:\/\/www.present.ca\/fr\/wp-json\/wp\/v2\/pages\/7114\/revisions\/27852"}],"up":[{"embeddable":true,"href":"https:\/\/www.present.ca\/fr\/wp-json\/wp\/v2\/pages\/10724"}],"wp:featuredmedia":[{"embeddable":true,"href":"https:\/\/www.present.ca\/fr\/wp-json\/wp\/v2\/media\/16957"}],"wp:attachment":[{"href":"https:\/\/www.present.ca\/fr\/wp-json\/wp\/v2\/media?parent=7114"}],"curies":[{"name":"wp","href":"https:\/\/api.w.org\/{rel}","templated":true}]}}