{"id":7084,"date":"2018-08-09T14:38:03","date_gmt":"2018-08-09T18:38:03","guid":{"rendered":"https:\/\/www.present.ca\/?page_id=7084\/"},"modified":"2024-01-03T15:43:48","modified_gmt":"2024-01-03T20:43:48","slug":"etude-de-cas-les-services-geres-entrainent-des-economies-de-couts-et-une-meilleure-securite","status":"publish","type":"page","link":"https:\/\/www.present.ca\/fr\/ressources\/etude-de-cas\/etude-de-cas-les-services-geres-entrainent-des-economies-de-couts-et-une-meilleure-securite\/","title":{"rendered":"\u00c9tude de cas: Les services g\u00e9r\u00e9s entra\u00eenent des \u00e9conomies de co\u00fbts et une meilleure s\u00e9curit\u00e9"},"content":{"rendered":"<p>[vc_row][vc_column]<div id=\"ultimate-heading-750469e1258a927d8\" class=\"uvc-heading ult-adjust-bottom-margin ultimate-heading-750469e1258a927d8 uvc-1231 \" data-hspacer=\"no_spacer\"  data-halign=\"center\" style=\"text-align:center\"><div class=\"uvc-heading-spacer no_spacer\" style=\"top\"><\/div><div class=\"uvc-main-heading ult-responsive\"  data-ultimate-target='.uvc-heading.ultimate-heading-750469e1258a927d8 h2'  data-responsive-json-new='{\"font-size\":\"\",\"line-height\":\"\"}' ><h2 style=\"font-weight:normal;\">Industrie: A\u00e9rospatiale<\/h2><\/div><div class=\"uvc-sub-heading ult-responsive\"  data-ultimate-target='.uvc-heading.ultimate-heading-750469e1258a927d8 .uvc-sub-heading '  data-responsive-json-new='{\"font-size\":\"\",\"line-height\":\"\"}'  style=\"font-weight:normal;\"><\/p>\n<h4><strong>Client<\/strong>: un leader de l\u2019a\u00e9rospatiale sp\u00e9cialis\u00e9 dans\u00a0la fabrication et l\u2019assemblage<\/h4>\n<p><\/div><\/div>[\/vc_column][\/vc_row][vc_row][vc_column width=\u00a0\u00bb1\/3&Prime;][vc_column_text]<strong>D\u00e9fis<\/strong>:<\/p>\n<ul>\n<li>Une des principales ressources de l\u2019\u00e9quipe des TI a quitt\u00e9 l&rsquo;entreprise.<\/li>\n<li>Trouver quelqu&rsquo;un qui poss\u00e8de les m\u00eames comp\u00e9tences et exp\u00e9rience s&rsquo;av\u00e9rait ardu et dispendieux<\/li>\n<li>La compagnie faisait affaire avec le secteur militaire et devait s&rsquo;assurer de garder certaines donn\u00e9es sensibles confidentielles. Ainsi, transf\u00e9rer des applications vers le nuage\u00a0n&rsquo;\u00e9tait pas une option.<\/li>\n<\/ul>\n<p>[\/vc_column_text][\/vc_column][vc_column width=\u00a0\u00bb1\/3&Prime;][vc_column_text]<strong>Solution<\/strong>:<\/p>\n<ul>\n<li>Services G\u00e9r\u00e9s: sous-traiter l&rsquo;ensemble de leurs op\u00e9rations TI \u00e0 Present<\/li>\n<\/ul>\n<p>[\/vc_column_text][\/vc_column][vc_column width=\u00a0\u00bb1\/3&Prime;][vc_column_text]<strong>B\u00e9n\u00e9fices<\/strong>:<\/p>\n<ul>\n<li>\u00c9conomie de co\u00fbts: des \u00e9conomies de 27% sur les op\u00e9rations informatiques par rapport au salaire d&rsquo;un employ\u00e9,\u00a0gr\u00e2ce \u00e0 des outils de gestion permettant de fonctionner plus efficacement et d&rsquo;automatiser de nombreuses t\u00e2ches de gestion d\u2019infrastructure courantes.<\/li>\n<li>La production de rapports a facilit\u00e9 la discussion avec le service des finances et exp\u00e9di\u00e9 l&rsquo;approbation des projets d&rsquo;am\u00e9lioration des TI, ce qui a men\u00e9 \u00e0 de meilleurs rendements des syst\u00e8mes.<\/li>\n<li>Ils sont maintenant rassur\u00e9s car, gr\u00e2ce aux capacit\u00e9s de surveillance, que les syst\u00e8mes et donn\u00e9es sont prot\u00e9g\u00e9s et s\u00e9curis\u00e9s.<\/li>\n<li>Acc\u00e8s \u00e0 une vaste gamme d&rsquo;experts et de comp\u00e9tences sans les co\u00fbts associ\u00e9s.<\/li>\n<\/ul>\n<p>[\/vc_column_text][\/vc_column][\/vc_row][vc_row full_width=\u00a0\u00bbstretch_row_content\u00a0\u00bb bg_type=\u00a0\u00bbbg_color\u00a0\u00bb el_class=\u00a0\u00bbtilt-pos-3-deg\u00a0\u00bb css=\u00a0\u00bb.vc_custom_1588250693452{padding-top: 25px !important;padding-bottom: 25px !important;}\u00a0\u00bb bg_color_value=\u00a0\u00bb#16a361&Prime;][vc_column]<div id=\"ultimate-heading-939369e1258a92824\" class=\"uvc-heading ult-adjust-bottom-margin ultimate-heading-939369e1258a92824 uvc-7110 \" data-hspacer=\"no_spacer\"  data-halign=\"center\" style=\"text-align:center\"><div class=\"uvc-heading-spacer no_spacer\" style=\"top\"><\/div><div class=\"uvc-main-heading ult-responsive\"  data-ultimate-target='.uvc-heading.ultimate-heading-939369e1258a92824 h3'  data-responsive-json-new='{\"font-size\":\"\",\"line-height\":\"\"}' ><h3 style=\"font-weight:normal;margin-top:10px;margin-bottom:25px;\">Contactez-nous pour en apprendre d'avantage sur cet \u00e9tude de cas.<\/h3><\/div><\/div><div class=\" ubtn-ctn-center \"><a class=\"ubtn-link ult-adjust-bottom-margin ubtn-center ubtn-normal \" href=\"\/fr\/contactez-present\/\" title=\"Contactez Present\" ><button type=\"button\" id=\"ubtn-7382\"  class=\"ubtn ult-adjust-bottom-margin ult-responsive ubtn-normal ubtn-no-hover-bg  none  ubtn-center   tooltip-69e1258a92853\"  data-hover=\"#ffffff\" data-border-color=\"#ffffff\" data-bg=\"#ffffff\" data-hover-bg=\"#020202\" data-border-hover=\"#ffffff\" data-shadow-hover=\"\" data-shadow-click=\"none\" data-shadow=\"\" data-shd-shadow=\"\"  data-ultimate-target='#ubtn-7382'  data-responsive-json-new='{\"font-size\":\"desktop:18px;\",\"line-height\":\"desktop:24px;\"}'  style=\"font-weight:bold;border-radius:5px;border-width:3px;border-color:#ffffff;border-style:solid;background: #ffffff;color: #16a361;\"><span class=\"ubtn-hover\" style=\"background-color:#020202\"><\/span><span class=\"ubtn-data ubtn-text \" >Parlons-en<\/span><\/button><\/a><\/div>[\/vc_column][\/vc_row]<\/p>\n","protected":false},"excerpt":{"rendered":"<p>[vc_row][vc_column][\/vc_column][\/vc_row][vc_row][vc_column width=\u00a0\u00bb1\/3&Prime;][vc_column_text]D\u00e9fis: Une des principales ressources de l\u2019\u00e9quipe des TI a quitt\u00e9 l&rsquo;entreprise. Trouver quelqu&rsquo;un qui poss\u00e8de les m\u00eames comp\u00e9tences et exp\u00e9rience s&rsquo;av\u00e9rait ardu et dispendieux La compagnie faisait affaire avec le secteur militaire et devait s&rsquo;assurer de garder certaines donn\u00e9es sensibles confidentielles. Ainsi, transf\u00e9rer des applications vers le nuage\u00a0n&rsquo;\u00e9tait pas une option. [\/vc_column_text][\/vc_column][vc_column width=\u00a0\u00bb1\/3&Prime;][vc_column_text]Solution: [&#8230;]<\/p>\n","protected":false},"author":3,"featured_media":16962,"parent":10724,"menu_order":0,"comment_status":"closed","ping_status":"closed","template":"","meta":{"_acf_changed":false,"footnotes":"","_wp_rev_ctl_limit":""},"class_list":["post-7084","page","type-page","status-publish","has-post-thumbnail","hentry"],"acf":[],"yoast_head":"<!-- This site is optimized with the Yoast SEO plugin v27.3 - https:\/\/yoast.com\/product\/yoast-seo-wordpress\/ -->\n<title>\u00c9tude de cas: Les services g\u00e9r\u00e9s entra\u00eenent des \u00e9conomies de co\u00fbts et une meilleure s\u00e9curit\u00e9 - Present<\/title>\n<meta name=\"description\" content=\"Gr\u00e2ce aux services g\u00e9r\u00e9s de Present, notre client, un leader de l\u2019a\u00e9rospatiale b\u00e9n\u00e9ficie d\u2019\u00e9conomies de co\u00fbts importantes ainsi qu\u2019une meilleure s\u00e9curit\u00e9.\" \/>\n<meta name=\"robots\" content=\"index, follow, max-snippet:-1, max-image-preview:large, max-video-preview:-1\" \/>\n<link rel=\"canonical\" href=\"https:\/\/www.present.ca\/fr\/ressources\/etude-de-cas\/etude-de-cas-les-services-geres-entrainent-des-economies-de-couts-et-une-meilleure-securite\/\" \/>\n<meta property=\"og:locale\" content=\"fr_FR\" \/>\n<meta property=\"og:type\" content=\"article\" \/>\n<meta property=\"og:title\" content=\"\u00c9tude de cas: Les services g\u00e9r\u00e9s entra\u00eenent des \u00e9conomies de co\u00fbts et une meilleure s\u00e9curit\u00e9 - Present\" \/>\n<meta property=\"og:description\" content=\"Gr\u00e2ce aux services g\u00e9r\u00e9s de Present, notre client, un leader de l\u2019a\u00e9rospatiale b\u00e9n\u00e9ficie d\u2019\u00e9conomies de co\u00fbts importantes ainsi qu\u2019une meilleure s\u00e9curit\u00e9.\" \/>\n<meta property=\"og:url\" content=\"https:\/\/www.present.ca\/fr\/ressources\/etude-de-cas\/etude-de-cas-les-services-geres-entrainent-des-economies-de-couts-et-une-meilleure-securite\/\" \/>\n<meta property=\"og:site_name\" content=\"Present\" \/>\n<meta property=\"article:modified_time\" content=\"2024-01-03T20:43:48+00:00\" \/>\n<meta property=\"og:image\" content=\"https:\/\/www.present.ca\/wp-content\/uploads\/2020\/04\/Managed-services-results-in-cost-savings-and-better-securityManaged-services-results-in-cost-savings-and-better-security-bnw.jpg\" \/>\n\t<meta property=\"og:image:width\" content=\"561\" \/>\n\t<meta property=\"og:image:height\" content=\"370\" \/>\n\t<meta property=\"og:image:type\" content=\"image\/jpeg\" \/>\n<meta name=\"twitter:card\" content=\"summary_large_image\" \/>\n<meta name=\"twitter:label1\" content=\"Dur\u00e9e de lecture estim\u00e9e\" \/>\n\t<meta name=\"twitter:data1\" content=\"2 minutes\" \/>\n<script type=\"application\/ld+json\" class=\"yoast-schema-graph\">{\"@context\":\"https:\\\/\\\/schema.org\",\"@graph\":[{\"@type\":\"WebPage\",\"@id\":\"https:\\\/\\\/www.present.ca\\\/fr\\\/ressources\\\/etude-de-cas\\\/etude-de-cas-les-services-geres-entrainent-des-economies-de-couts-et-une-meilleure-securite\\\/\",\"url\":\"https:\\\/\\\/www.present.ca\\\/fr\\\/ressources\\\/etude-de-cas\\\/etude-de-cas-les-services-geres-entrainent-des-economies-de-couts-et-une-meilleure-securite\\\/\",\"name\":\"\u00c9tude de cas: Les services g\u00e9r\u00e9s entra\u00eenent des \u00e9conomies de co\u00fbts et une meilleure s\u00e9curit\u00e9 - Present\",\"isPartOf\":{\"@id\":\"https:\\\/\\\/www.present.ca\\\/fr\\\/#website\"},\"primaryImageOfPage\":{\"@id\":\"https:\\\/\\\/www.present.ca\\\/fr\\\/ressources\\\/etude-de-cas\\\/etude-de-cas-les-services-geres-entrainent-des-economies-de-couts-et-une-meilleure-securite\\\/#primaryimage\"},\"image\":{\"@id\":\"https:\\\/\\\/www.present.ca\\\/fr\\\/ressources\\\/etude-de-cas\\\/etude-de-cas-les-services-geres-entrainent-des-economies-de-couts-et-une-meilleure-securite\\\/#primaryimage\"},\"thumbnailUrl\":\"https:\\\/\\\/www.present.ca\\\/wp-content\\\/uploads\\\/2020\\\/04\\\/Managed-services-results-in-cost-savings-and-better-securityManaged-services-results-in-cost-savings-and-better-security-bnw.jpg\",\"datePublished\":\"2018-08-09T18:38:03+00:00\",\"dateModified\":\"2024-01-03T20:43:48+00:00\",\"description\":\"Gr\u00e2ce aux services g\u00e9r\u00e9s de Present, notre client, un leader de l\u2019a\u00e9rospatiale b\u00e9n\u00e9ficie d\u2019\u00e9conomies de co\u00fbts importantes ainsi qu\u2019une meilleure s\u00e9curit\u00e9.\",\"breadcrumb\":{\"@id\":\"https:\\\/\\\/www.present.ca\\\/fr\\\/ressources\\\/etude-de-cas\\\/etude-de-cas-les-services-geres-entrainent-des-economies-de-couts-et-une-meilleure-securite\\\/#breadcrumb\"},\"inLanguage\":\"fr-FR\",\"potentialAction\":[{\"@type\":\"ReadAction\",\"target\":[\"https:\\\/\\\/www.present.ca\\\/fr\\\/ressources\\\/etude-de-cas\\\/etude-de-cas-les-services-geres-entrainent-des-economies-de-couts-et-une-meilleure-securite\\\/\"]}]},{\"@type\":\"ImageObject\",\"inLanguage\":\"fr-FR\",\"@id\":\"https:\\\/\\\/www.present.ca\\\/fr\\\/ressources\\\/etude-de-cas\\\/etude-de-cas-les-services-geres-entrainent-des-economies-de-couts-et-une-meilleure-securite\\\/#primaryimage\",\"url\":\"https:\\\/\\\/www.present.ca\\\/wp-content\\\/uploads\\\/2020\\\/04\\\/Managed-services-results-in-cost-savings-and-better-securityManaged-services-results-in-cost-savings-and-better-security-bnw.jpg\",\"contentUrl\":\"https:\\\/\\\/www.present.ca\\\/wp-content\\\/uploads\\\/2020\\\/04\\\/Managed-services-results-in-cost-savings-and-better-securityManaged-services-results-in-cost-savings-and-better-security-bnw.jpg\",\"width\":561,\"height\":370},{\"@type\":\"BreadcrumbList\",\"@id\":\"https:\\\/\\\/www.present.ca\\\/fr\\\/ressources\\\/etude-de-cas\\\/etude-de-cas-les-services-geres-entrainent-des-economies-de-couts-et-une-meilleure-securite\\\/#breadcrumb\",\"itemListElement\":[{\"@type\":\"ListItem\",\"position\":1,\"name\":\"Accueil\",\"item\":\"https:\\\/\\\/www.present.ca\\\/fr\\\/\"},{\"@type\":\"ListItem\",\"position\":2,\"name\":\"Ressources\",\"item\":\"https:\\\/\\\/www.present.ca\\\/fr\\\/ressources\\\/\"},{\"@type\":\"ListItem\",\"position\":3,\"name\":\"\u00c9tudes de Cas\",\"item\":\"https:\\\/\\\/www.present.ca\\\/fr\\\/ressources\\\/etude-de-cas\\\/\"},{\"@type\":\"ListItem\",\"position\":4,\"name\":\"\u00c9tude de cas: Les services g\u00e9r\u00e9s entra\u00eenent des \u00e9conomies de co\u00fbts et une meilleure s\u00e9curit\u00e9\"}]},{\"@type\":\"WebSite\",\"@id\":\"https:\\\/\\\/www.present.ca\\\/fr\\\/#website\",\"url\":\"https:\\\/\\\/www.present.ca\\\/fr\\\/\",\"name\":\"Present\",\"description\":\"Services G\u00e9r\u00e9s TI, S\u00e9curit\u00e9 G\u00e9r\u00e9e TI et Solutions de Cloud Hybride\",\"potentialAction\":[{\"@type\":\"SearchAction\",\"target\":{\"@type\":\"EntryPoint\",\"urlTemplate\":\"https:\\\/\\\/www.present.ca\\\/fr\\\/?s={search_term_string}\"},\"query-input\":{\"@type\":\"PropertyValueSpecification\",\"valueRequired\":true,\"valueName\":\"search_term_string\"}}],\"inLanguage\":\"fr-FR\"}]}<\/script>\n<!-- \/ Yoast SEO plugin. -->","yoast_head_json":{"title":"\u00c9tude de cas: Les services g\u00e9r\u00e9s entra\u00eenent des \u00e9conomies de co\u00fbts et une meilleure s\u00e9curit\u00e9 - Present","description":"Gr\u00e2ce aux services g\u00e9r\u00e9s de Present, notre client, un leader de l\u2019a\u00e9rospatiale b\u00e9n\u00e9ficie d\u2019\u00e9conomies de co\u00fbts importantes ainsi qu\u2019une meilleure s\u00e9curit\u00e9.","robots":{"index":"index","follow":"follow","max-snippet":"max-snippet:-1","max-image-preview":"max-image-preview:large","max-video-preview":"max-video-preview:-1"},"canonical":"https:\/\/www.present.ca\/fr\/ressources\/etude-de-cas\/etude-de-cas-les-services-geres-entrainent-des-economies-de-couts-et-une-meilleure-securite\/","og_locale":"fr_FR","og_type":"article","og_title":"\u00c9tude de cas: Les services g\u00e9r\u00e9s entra\u00eenent des \u00e9conomies de co\u00fbts et une meilleure s\u00e9curit\u00e9 - Present","og_description":"Gr\u00e2ce aux services g\u00e9r\u00e9s de Present, notre client, un leader de l\u2019a\u00e9rospatiale b\u00e9n\u00e9ficie d\u2019\u00e9conomies de co\u00fbts importantes ainsi qu\u2019une meilleure s\u00e9curit\u00e9.","og_url":"https:\/\/www.present.ca\/fr\/ressources\/etude-de-cas\/etude-de-cas-les-services-geres-entrainent-des-economies-de-couts-et-une-meilleure-securite\/","og_site_name":"Present","article_modified_time":"2024-01-03T20:43:48+00:00","og_image":[{"width":561,"height":370,"url":"https:\/\/www.present.ca\/wp-content\/uploads\/2020\/04\/Managed-services-results-in-cost-savings-and-better-securityManaged-services-results-in-cost-savings-and-better-security-bnw.jpg","type":"image\/jpeg"}],"twitter_card":"summary_large_image","twitter_misc":{"Dur\u00e9e de lecture estim\u00e9e":"2 minutes"},"schema":{"@context":"https:\/\/schema.org","@graph":[{"@type":"WebPage","@id":"https:\/\/www.present.ca\/fr\/ressources\/etude-de-cas\/etude-de-cas-les-services-geres-entrainent-des-economies-de-couts-et-une-meilleure-securite\/","url":"https:\/\/www.present.ca\/fr\/ressources\/etude-de-cas\/etude-de-cas-les-services-geres-entrainent-des-economies-de-couts-et-une-meilleure-securite\/","name":"\u00c9tude de cas: Les services g\u00e9r\u00e9s entra\u00eenent des \u00e9conomies de co\u00fbts et une meilleure s\u00e9curit\u00e9 - Present","isPartOf":{"@id":"https:\/\/www.present.ca\/fr\/#website"},"primaryImageOfPage":{"@id":"https:\/\/www.present.ca\/fr\/ressources\/etude-de-cas\/etude-de-cas-les-services-geres-entrainent-des-economies-de-couts-et-une-meilleure-securite\/#primaryimage"},"image":{"@id":"https:\/\/www.present.ca\/fr\/ressources\/etude-de-cas\/etude-de-cas-les-services-geres-entrainent-des-economies-de-couts-et-une-meilleure-securite\/#primaryimage"},"thumbnailUrl":"https:\/\/www.present.ca\/wp-content\/uploads\/2020\/04\/Managed-services-results-in-cost-savings-and-better-securityManaged-services-results-in-cost-savings-and-better-security-bnw.jpg","datePublished":"2018-08-09T18:38:03+00:00","dateModified":"2024-01-03T20:43:48+00:00","description":"Gr\u00e2ce aux services g\u00e9r\u00e9s de Present, notre client, un leader de l\u2019a\u00e9rospatiale b\u00e9n\u00e9ficie d\u2019\u00e9conomies de co\u00fbts importantes ainsi qu\u2019une meilleure s\u00e9curit\u00e9.","breadcrumb":{"@id":"https:\/\/www.present.ca\/fr\/ressources\/etude-de-cas\/etude-de-cas-les-services-geres-entrainent-des-economies-de-couts-et-une-meilleure-securite\/#breadcrumb"},"inLanguage":"fr-FR","potentialAction":[{"@type":"ReadAction","target":["https:\/\/www.present.ca\/fr\/ressources\/etude-de-cas\/etude-de-cas-les-services-geres-entrainent-des-economies-de-couts-et-une-meilleure-securite\/"]}]},{"@type":"ImageObject","inLanguage":"fr-FR","@id":"https:\/\/www.present.ca\/fr\/ressources\/etude-de-cas\/etude-de-cas-les-services-geres-entrainent-des-economies-de-couts-et-une-meilleure-securite\/#primaryimage","url":"https:\/\/www.present.ca\/wp-content\/uploads\/2020\/04\/Managed-services-results-in-cost-savings-and-better-securityManaged-services-results-in-cost-savings-and-better-security-bnw.jpg","contentUrl":"https:\/\/www.present.ca\/wp-content\/uploads\/2020\/04\/Managed-services-results-in-cost-savings-and-better-securityManaged-services-results-in-cost-savings-and-better-security-bnw.jpg","width":561,"height":370},{"@type":"BreadcrumbList","@id":"https:\/\/www.present.ca\/fr\/ressources\/etude-de-cas\/etude-de-cas-les-services-geres-entrainent-des-economies-de-couts-et-une-meilleure-securite\/#breadcrumb","itemListElement":[{"@type":"ListItem","position":1,"name":"Accueil","item":"https:\/\/www.present.ca\/fr\/"},{"@type":"ListItem","position":2,"name":"Ressources","item":"https:\/\/www.present.ca\/fr\/ressources\/"},{"@type":"ListItem","position":3,"name":"\u00c9tudes de Cas","item":"https:\/\/www.present.ca\/fr\/ressources\/etude-de-cas\/"},{"@type":"ListItem","position":4,"name":"\u00c9tude de cas: Les services g\u00e9r\u00e9s entra\u00eenent des \u00e9conomies de co\u00fbts et une meilleure s\u00e9curit\u00e9"}]},{"@type":"WebSite","@id":"https:\/\/www.present.ca\/fr\/#website","url":"https:\/\/www.present.ca\/fr\/","name":"Present","description":"Services G\u00e9r\u00e9s TI, S\u00e9curit\u00e9 G\u00e9r\u00e9e TI et Solutions de Cloud Hybride","potentialAction":[{"@type":"SearchAction","target":{"@type":"EntryPoint","urlTemplate":"https:\/\/www.present.ca\/fr\/?s={search_term_string}"},"query-input":{"@type":"PropertyValueSpecification","valueRequired":true,"valueName":"search_term_string"}}],"inLanguage":"fr-FR"}]}},"_links":{"self":[{"href":"https:\/\/www.present.ca\/fr\/wp-json\/wp\/v2\/pages\/7084","targetHints":{"allow":["GET"]}}],"collection":[{"href":"https:\/\/www.present.ca\/fr\/wp-json\/wp\/v2\/pages"}],"about":[{"href":"https:\/\/www.present.ca\/fr\/wp-json\/wp\/v2\/types\/page"}],"author":[{"embeddable":true,"href":"https:\/\/www.present.ca\/fr\/wp-json\/wp\/v2\/users\/3"}],"replies":[{"embeddable":true,"href":"https:\/\/www.present.ca\/fr\/wp-json\/wp\/v2\/comments?post=7084"}],"version-history":[{"count":2,"href":"https:\/\/www.present.ca\/fr\/wp-json\/wp\/v2\/pages\/7084\/revisions"}],"predecessor-version":[{"id":27832,"href":"https:\/\/www.present.ca\/fr\/wp-json\/wp\/v2\/pages\/7084\/revisions\/27832"}],"up":[{"embeddable":true,"href":"https:\/\/www.present.ca\/fr\/wp-json\/wp\/v2\/pages\/10724"}],"wp:featuredmedia":[{"embeddable":true,"href":"https:\/\/www.present.ca\/fr\/wp-json\/wp\/v2\/media\/16962"}],"wp:attachment":[{"href":"https:\/\/www.present.ca\/fr\/wp-json\/wp\/v2\/media?parent=7084"}],"curies":[{"name":"wp","href":"https:\/\/api.w.org\/{rel}","templated":true}]}}