{"id":33325,"date":"2026-02-25T16:39:14","date_gmt":"2026-02-25T21:39:14","guid":{"rendered":"https:\/\/www.present.ca\/?page_id=33325"},"modified":"2026-02-25T16:39:35","modified_gmt":"2026-02-25T21:39:35","slug":"planifier-un-audit-flash-de-securite","status":"publish","type":"page","link":"https:\/\/www.present.ca\/fr\/planifier-un-audit-flash-de-securite\/","title":{"rendered":"Planifier un Audit Flash de S\u00e9curit\u00e9"},"content":{"rendered":"<p>[vc_row][vc_column][vc_column_text]<\/p>\n<h1 style=\"text-align: center;\">Audit Flash &#8211;\u00a0Un portrait rapide et clair de votre cybers\u00e9curit\u00e9<\/h1>\n<p>[\/vc_column_text][\/vc_column][\/vc_row][vc_row][vc_column width=\u00a0\u00bb1\/2&Prime;][vc_column_text]L\u2019Audit Flash est une \u00e9valuation courte et cibl\u00e9e qui vous donne une vue d\u2019ensemble de votre posture de s\u00e9curit\u00e9. En peu de temps, nous identifions les principaux risques et \u00e9carts pouvant exposer votre organisation \u00e0 des cybermenaces ou \u00e0 des enjeux de conformit\u00e9.<\/p>\n<div>\n<h5>Ce que vous obtenez:<\/h5>\n<ul>\n<li>Une analyse cibl\u00e9e de vos pratiques et configurations de s\u00e9curit\u00e9<\/li>\n<li>L\u2019identification des risques et vuln\u00e9rabilit\u00e9s prioritaires<\/li>\n<li>Des recommandations claires et actionnables, sans jargon<\/li>\n<li>Un r\u00e9sum\u00e9 ex\u00e9cutif facile \u00e0 partager<\/li>\n<li>Un alignement avec les bonnes pratiques et la Loi 25<\/li>\n<li>Estimations budg\u00e9taires pour vous aider \u00e0 planifier<\/li>\n<\/ul>\n<p><strong style=\"font-size: 26px;\">Demandez votre audit en remplissant le formulaire.<\/strong><\/p>\n<\/div>\n<p>[\/vc_column_text][\/vc_column][vc_column width=\u00a0\u00bb1\/2&Prime;][vc_column_text]<\/p>\n<h3 style=\"text-align: center;\">Planifiez votre Audit Flash d\u00e8s aujourd\u2019hui !<\/h3>\n<p>[\/vc_column_text]\n<div class=\"wpcf7 no-js\" id=\"wpcf7-f21340-o1\" lang=\"fr-FR\" dir=\"ltr\" data-wpcf7-id=\"21340\">\n<div class=\"screen-reader-response\"><p role=\"status\" aria-live=\"polite\" aria-atomic=\"true\"><\/p> <ul><\/ul><\/div>\n<form action=\"\/fr\/wp-json\/wp\/v2\/pages\/33325#wpcf7-f21340-o1\" method=\"post\" class=\"wpcf7-form init\" aria-label=\"Formulaire de contact\" novalidate=\"novalidate\" data-status=\"init\">\n<fieldset class=\"hidden-fields-container\"><input type=\"hidden\" name=\"_wpcf7\" value=\"21340\" \/><input type=\"hidden\" name=\"_wpcf7_version\" value=\"6.1.5\" \/><input type=\"hidden\" name=\"_wpcf7_locale\" value=\"fr_FR\" \/><input type=\"hidden\" name=\"_wpcf7_unit_tag\" value=\"wpcf7-f21340-o1\" \/><input type=\"hidden\" name=\"_wpcf7_container_post\" value=\"0\" \/><input type=\"hidden\" name=\"_wpcf7_posted_data_hash\" value=\"\" \/>\n<\/fieldset>\n<p><label> Nom *<br \/>\n<span class=\"wpcf7-form-control-wrap\" data-name=\"your-name\"><input size=\"40\" maxlength=\"400\" class=\"wpcf7-form-control wpcf7-text wpcf7-validates-as-required\" aria-required=\"true\" aria-invalid=\"false\" value=\"\" type=\"text\" name=\"your-name\" \/><\/span> <\/label><br \/>\n<label> Compagnie *<br \/>\n<span class=\"wpcf7-form-control-wrap\" data-name=\"your-name\"><input size=\"40\" maxlength=\"400\" class=\"wpcf7-form-control wpcf7-text wpcf7-validates-as-required\" aria-required=\"true\" aria-invalid=\"false\" value=\"\" type=\"text\" name=\"your-name\" \/><\/span> <\/label>\n<\/p>\n<p><label> Adresse courriel *<br \/>\n<span class=\"wpcf7-form-control-wrap\" data-name=\"your-email\"><input size=\"40\" maxlength=\"400\" class=\"wpcf7-form-control wpcf7-email wpcf7-validates-as-required wpcf7-text wpcf7-validates-as-email\" aria-required=\"true\" aria-invalid=\"false\" value=\"\" type=\"email\" name=\"your-email\" \/><\/span> <\/label>\n<\/p>\n<p><input class=\"wpcf7-form-control wpcf7-submit has-spinner\" type=\"submit\" value=\"Soumettre\" \/>\n<\/p><div class=\"wpcf7-response-output\" aria-hidden=\"true\"><\/div>\n<\/form>\n<\/div>\n[\/vc_column][\/vc_row][vc_row][vc_column]<div id=\"ultimate-heading-627469e51734b23fb\" class=\"uvc-heading ult-adjust-bottom-margin ultimate-heading-627469e51734b23fb uvc-2805 \" data-hspacer=\"no_spacer\"  data-halign=\"center\" style=\"text-align:center\"><div class=\"uvc-heading-spacer no_spacer\" style=\"top\"><\/div><div class=\"uvc-main-heading ult-responsive\"  data-ultimate-target='.uvc-heading.ultimate-heading-627469e51734b23fb h2'  data-responsive-json-new='{\"font-size\":\"\",\"line-height\":\"\"}' ><h2 style=\"font-weight:normal;\">Que se passera-t-il une fois que vous aurez compl\u00e9t\u00e9 ce formulaire?<\/h2><\/div><\/div><div id=\"ultimate-video-134469e51734b243e\" class=\"ult-video  ult-adjust-bottom-margin ultimate-video-134469e51734b243e ultv-7293 \"><div class=\"ultv-video ultv-aspect-ratio-16_9 ultv-subscribe-responsive-none\" data-videotype=\"uv_iframe\">\r\n\t\t\t\t\t\t<div class=\"ultv-video__outer-wrap\" data-autoplay=\"0\" data-device=\"false\"  data-iconbg=\"#3A3A3A\" data-overcolor=\"\" data-defaultbg=\"#1f1f1e\" data-defaultplay=\"defaulticon\"><div class=\"ultv-video__play\" data-src=\"https:\/\/www.youtube.com\/embed\/HWfAKtOMhXg?rel=0&amp;start&amp;end&amp;controls=1&amp;mute=0&amp;modestbranding=0&amp;autoplay=1\">\r\n\t\t\t\t\t\t\t\t<img decoding=\"async\" class=\"ultv-video__thumb\" src=\"https:\/\/www.present.ca\/wp-content\/uploads\/2021\/04\/Capture-decran-le-2021-04-30-a-10.06.07.png\"\/>\r\n\t\t\t\t\t\t\t\t<div class=\"ultv-video__play-icon  ultv-animation-none\" style=\"width:75px\"><svg height=\"100%\" version=\"1.1\" viewBox=\"0 0 68 48\" width=\"100%\"><path class=\"ultv-youtube-icon-bg\" d=\"m .66,37.62 c 0,0 .66,4.70 2.70,6.77 2.58,2.71 5.98,2.63 7.49,2.91 5.43,.52 23.10,.68 23.12,.68 .00,-1.3e-5 14.29,-0.02 23.81,-0.71 1.32,-0.15 4.22,-0.17 6.81,-2.89 2.03,-2.07 2.70,-6.77 2.70,-6.77 0,0 .67,-5.52 .67,-11.04 l 0,-5.17 c 0,-5.52 -0.67,-11.04 -0.67,-11.04 0,0 -0.66,-4.70 -2.70,-6.77 C 62.03,.86 59.13,.84 57.80,.69 48.28,0 34.00,0 34.00,0 33.97,0 19.69,0 10.18,.69 8.85,.84 5.95,.86 3.36,3.58 1.32,5.65 .66,10.35 .66,10.35 c 0,0 -0.55,4.50 -0.66,9.45 l 0,8.36 c .10,4.94 .66,9.45 .66,9.45 z\" fill=\"#1f1f1e\" ><\/path><path d=\"m 26.96,13.67 18.37,9.62 -18.37,9.55 -0.00,-19.17 z\" fill=\"#fff\"><\/path><path d=\"M 45.02,23.46 45.32,23.28 26.96,13.67 43.32,22.34 45.02,23.46 z\" fill=\"#ccc\"><\/path><\/svg><\/div> <\/div> <\/div><\/div><\/div>[\/vc_column][\/vc_row]<\/p>\n","protected":false},"excerpt":{"rendered":"<p>[vc_row][vc_column][vc_column_text] Audit Flash &#8211;\u00a0Un portrait rapide et clair de votre cybers\u00e9curit\u00e9 [\/vc_column_text][\/vc_column][\/vc_row][vc_row][vc_column width=\u00a0\u00bb1\/2&Prime;][vc_column_text]L\u2019Audit Flash est une \u00e9valuation courte et cibl\u00e9e qui vous donne une vue d\u2019ensemble de votre posture de s\u00e9curit\u00e9. En peu de temps, nous identifions les principaux risques et \u00e9carts pouvant exposer votre organisation \u00e0 des cybermenaces ou \u00e0 des enjeux de conformit\u00e9. [&#8230;]<\/p>\n","protected":false},"author":3,"featured_media":0,"parent":0,"menu_order":0,"comment_status":"closed","ping_status":"closed","template":"","meta":{"_acf_changed":false,"footnotes":"","_wp_rev_ctl_limit":""},"class_list":["post-33325","page","type-page","status-publish","hentry"],"acf":[],"yoast_head":"<!-- This site is optimized with the Yoast SEO plugin v27.3 - https:\/\/yoast.com\/product\/yoast-seo-wordpress\/ -->\n<title>Planifier un Audit Flash de S\u00e9curit\u00e9 - Present<\/title>\n<meta name=\"description\" content=\"Planifiez un Audit Flash de s\u00e9curit\u00e9 pour obtenir rapidement un portrait clair de votre posture de cybers\u00e9curit\u00e9 : risques prioritaires, recommandations concr\u00e8tes et alignement Loi 25.\" \/>\n<meta name=\"robots\" content=\"index, follow, max-snippet:-1, max-image-preview:large, max-video-preview:-1\" \/>\n<link rel=\"canonical\" href=\"https:\/\/www.present.ca\/fr\/planifier-un-audit-flash-de-securite\/\" \/>\n<meta property=\"og:locale\" content=\"fr_FR\" \/>\n<meta property=\"og:type\" content=\"article\" \/>\n<meta property=\"og:title\" content=\"Planifier un Audit Flash de S\u00e9curit\u00e9 - Present\" \/>\n<meta property=\"og:description\" content=\"Planifiez un Audit Flash de s\u00e9curit\u00e9 pour obtenir rapidement un portrait clair de votre posture de cybers\u00e9curit\u00e9 : risques prioritaires, recommandations concr\u00e8tes et alignement Loi 25.\" \/>\n<meta property=\"og:url\" content=\"https:\/\/www.present.ca\/fr\/planifier-un-audit-flash-de-securite\/\" \/>\n<meta property=\"og:site_name\" content=\"Present\" \/>\n<meta property=\"article:modified_time\" content=\"2026-02-25T21:39:35+00:00\" \/>\n<meta name=\"twitter:card\" content=\"summary_large_image\" \/>\n<meta name=\"twitter:label1\" content=\"Dur\u00e9e de lecture estim\u00e9e\" \/>\n\t<meta name=\"twitter:data1\" content=\"1 minute\" \/>\n<script type=\"application\/ld+json\" class=\"yoast-schema-graph\">{\"@context\":\"https:\\\/\\\/schema.org\",\"@graph\":[{\"@type\":\"WebPage\",\"@id\":\"https:\\\/\\\/www.present.ca\\\/fr\\\/planifier-un-audit-flash-de-securite\\\/\",\"url\":\"https:\\\/\\\/www.present.ca\\\/fr\\\/planifier-un-audit-flash-de-securite\\\/\",\"name\":\"Planifier un Audit Flash de S\u00e9curit\u00e9 - Present\",\"isPartOf\":{\"@id\":\"https:\\\/\\\/www.present.ca\\\/fr\\\/#website\"},\"datePublished\":\"2026-02-25T21:39:14+00:00\",\"dateModified\":\"2026-02-25T21:39:35+00:00\",\"description\":\"Planifiez un Audit Flash de s\u00e9curit\u00e9 pour obtenir rapidement un portrait clair de votre posture de cybers\u00e9curit\u00e9 : risques prioritaires, recommandations concr\u00e8tes et alignement Loi 25.\",\"breadcrumb\":{\"@id\":\"https:\\\/\\\/www.present.ca\\\/fr\\\/planifier-un-audit-flash-de-securite\\\/#breadcrumb\"},\"inLanguage\":\"fr-FR\",\"potentialAction\":[{\"@type\":\"ReadAction\",\"target\":[\"https:\\\/\\\/www.present.ca\\\/fr\\\/planifier-un-audit-flash-de-securite\\\/\"]}]},{\"@type\":\"BreadcrumbList\",\"@id\":\"https:\\\/\\\/www.present.ca\\\/fr\\\/planifier-un-audit-flash-de-securite\\\/#breadcrumb\",\"itemListElement\":[{\"@type\":\"ListItem\",\"position\":1,\"name\":\"Accueil\",\"item\":\"https:\\\/\\\/www.present.ca\\\/fr\\\/\"},{\"@type\":\"ListItem\",\"position\":2,\"name\":\"Planifier un Audit Flash de S\u00e9curit\u00e9\"}]},{\"@type\":\"WebSite\",\"@id\":\"https:\\\/\\\/www.present.ca\\\/fr\\\/#website\",\"url\":\"https:\\\/\\\/www.present.ca\\\/fr\\\/\",\"name\":\"Present\",\"description\":\"Services G\u00e9r\u00e9s TI, S\u00e9curit\u00e9 G\u00e9r\u00e9e TI et Solutions de Cloud Hybride\",\"potentialAction\":[{\"@type\":\"SearchAction\",\"target\":{\"@type\":\"EntryPoint\",\"urlTemplate\":\"https:\\\/\\\/www.present.ca\\\/fr\\\/?s={search_term_string}\"},\"query-input\":{\"@type\":\"PropertyValueSpecification\",\"valueRequired\":true,\"valueName\":\"search_term_string\"}}],\"inLanguage\":\"fr-FR\"}]}<\/script>\n<!-- \/ Yoast SEO plugin. -->","yoast_head_json":{"title":"Planifier un Audit Flash de S\u00e9curit\u00e9 - Present","description":"Planifiez un Audit Flash de s\u00e9curit\u00e9 pour obtenir rapidement un portrait clair de votre posture de cybers\u00e9curit\u00e9 : risques prioritaires, recommandations concr\u00e8tes et alignement Loi 25.","robots":{"index":"index","follow":"follow","max-snippet":"max-snippet:-1","max-image-preview":"max-image-preview:large","max-video-preview":"max-video-preview:-1"},"canonical":"https:\/\/www.present.ca\/fr\/planifier-un-audit-flash-de-securite\/","og_locale":"fr_FR","og_type":"article","og_title":"Planifier un Audit Flash de S\u00e9curit\u00e9 - Present","og_description":"Planifiez un Audit Flash de s\u00e9curit\u00e9 pour obtenir rapidement un portrait clair de votre posture de cybers\u00e9curit\u00e9 : risques prioritaires, recommandations concr\u00e8tes et alignement Loi 25.","og_url":"https:\/\/www.present.ca\/fr\/planifier-un-audit-flash-de-securite\/","og_site_name":"Present","article_modified_time":"2026-02-25T21:39:35+00:00","twitter_card":"summary_large_image","twitter_misc":{"Dur\u00e9e de lecture estim\u00e9e":"1 minute"},"schema":{"@context":"https:\/\/schema.org","@graph":[{"@type":"WebPage","@id":"https:\/\/www.present.ca\/fr\/planifier-un-audit-flash-de-securite\/","url":"https:\/\/www.present.ca\/fr\/planifier-un-audit-flash-de-securite\/","name":"Planifier un Audit Flash de S\u00e9curit\u00e9 - Present","isPartOf":{"@id":"https:\/\/www.present.ca\/fr\/#website"},"datePublished":"2026-02-25T21:39:14+00:00","dateModified":"2026-02-25T21:39:35+00:00","description":"Planifiez un Audit Flash de s\u00e9curit\u00e9 pour obtenir rapidement un portrait clair de votre posture de cybers\u00e9curit\u00e9 : risques prioritaires, recommandations concr\u00e8tes et alignement Loi 25.","breadcrumb":{"@id":"https:\/\/www.present.ca\/fr\/planifier-un-audit-flash-de-securite\/#breadcrumb"},"inLanguage":"fr-FR","potentialAction":[{"@type":"ReadAction","target":["https:\/\/www.present.ca\/fr\/planifier-un-audit-flash-de-securite\/"]}]},{"@type":"BreadcrumbList","@id":"https:\/\/www.present.ca\/fr\/planifier-un-audit-flash-de-securite\/#breadcrumb","itemListElement":[{"@type":"ListItem","position":1,"name":"Accueil","item":"https:\/\/www.present.ca\/fr\/"},{"@type":"ListItem","position":2,"name":"Planifier un Audit Flash de S\u00e9curit\u00e9"}]},{"@type":"WebSite","@id":"https:\/\/www.present.ca\/fr\/#website","url":"https:\/\/www.present.ca\/fr\/","name":"Present","description":"Services G\u00e9r\u00e9s TI, S\u00e9curit\u00e9 G\u00e9r\u00e9e TI et Solutions de Cloud Hybride","potentialAction":[{"@type":"SearchAction","target":{"@type":"EntryPoint","urlTemplate":"https:\/\/www.present.ca\/fr\/?s={search_term_string}"},"query-input":{"@type":"PropertyValueSpecification","valueRequired":true,"valueName":"search_term_string"}}],"inLanguage":"fr-FR"}]}},"_links":{"self":[{"href":"https:\/\/www.present.ca\/fr\/wp-json\/wp\/v2\/pages\/33325","targetHints":{"allow":["GET"]}}],"collection":[{"href":"https:\/\/www.present.ca\/fr\/wp-json\/wp\/v2\/pages"}],"about":[{"href":"https:\/\/www.present.ca\/fr\/wp-json\/wp\/v2\/types\/page"}],"author":[{"embeddable":true,"href":"https:\/\/www.present.ca\/fr\/wp-json\/wp\/v2\/users\/3"}],"replies":[{"embeddable":true,"href":"https:\/\/www.present.ca\/fr\/wp-json\/wp\/v2\/comments?post=33325"}],"version-history":[{"count":3,"href":"https:\/\/www.present.ca\/fr\/wp-json\/wp\/v2\/pages\/33325\/revisions"}],"predecessor-version":[{"id":33331,"href":"https:\/\/www.present.ca\/fr\/wp-json\/wp\/v2\/pages\/33325\/revisions\/33331"}],"wp:attachment":[{"href":"https:\/\/www.present.ca\/fr\/wp-json\/wp\/v2\/media?parent=33325"}],"curies":[{"name":"wp","href":"https:\/\/api.w.org\/{rel}","templated":true}]}}