{"id":32257,"date":"2025-08-15T10:29:41","date_gmt":"2025-08-15T14:29:41","guid":{"rendered":"https:\/\/www.present.ca\/?page_id=32257"},"modified":"2025-08-15T11:27:52","modified_gmt":"2025-08-15T15:27:52","slug":"sauvegarde-et-reprise-apres-sinistre","status":"publish","type":"page","link":"https:\/\/www.present.ca\/fr\/solutions\/infrastructure-ti\/sauvegarde-et-reprise-apres-sinistre\/","title":{"rendered":"Sauvegarde et Reprise apr\u00e8s Sinistre"},"content":{"rendered":"<p>[vc_row][vc_column]<div id=\"ultimate-heading-34006a07e243d6e15\" class=\"uvc-heading ult-adjust-bottom-margin ultimate-heading-34006a07e243d6e15 uvc-9912 cursive\" data-hspacer=\"no_spacer\"  data-halign=\"center\" style=\"text-align:center\"><div class=\"uvc-heading-spacer no_spacer\" style=\"top\"><\/div><div class=\"uvc-main-heading ult-responsive\"  data-ultimate-target='.uvc-heading.ultimate-heading-34006a07e243d6e15 h2'  data-responsive-json-new='{\"font-size\":\"\",\"line-height\":\"\"}' ><h2 style=\"font-weight:normal;\">Sauvegarde et Reprise apr\u00e8s Sinistre<\/h2><\/div><div class=\"uvc-sub-heading ult-responsive\"  data-ultimate-target='.uvc-heading.ultimate-heading-34006a07e243d6e15 .uvc-sub-heading '  data-responsive-json-new='{\"font-size\":\"\",\"line-height\":\"\"}'  style=\"font-weight:normal;\"><\/p>\n<p style=\"text-align: center;\"><em>Prot\u00e9gez votre entreprise gr\u00e2ce \u00e0 des solutions de sauvegarde et de reprise rapides et fiables<\/em><\/p>\n<p><\/div><\/div>[vc_column_text]<\/p>\n<div class=\"box-left\">\n<p>Les interruptions informatiques ne sont plus une question de <em>si<\/em>, mais de <em>quand<\/em>. Qu\u2019il s\u2019agisse de cyberattaques, de pannes mat\u00e9rielles ou de catastrophes naturelles, des \u00e9v\u00e9nements impr\u00e9vus peuvent paralyser vos op\u00e9rations et nuire \u00e0 votre r\u00e9putation. Chez <strong>Present<\/strong>, nous vous aidons \u00e0 anticiper l\u2019impr\u00e9vu gr\u00e2ce \u00e0 des solutions robustes de sauvegarde et de reprise apr\u00e8s sinistre, con\u00e7ues pour \u00e9viter la perte de donn\u00e9es et remettre rapidement votre PME sur pied, assurant ainsi la continuit\u00e9 de vos activit\u00e9s.<\/p>\n<p><strong>Qu\u2019est-ce que la reprise apr\u00e8s sinistre \u2013 et pourquoi elle va au-del\u00e0 de la sauvegarde<\/strong><\/p>\n<p>Bien que les solutions de sauvegarde soient essentielles pour prot\u00e9ger vos donn\u00e9es, elles ne repr\u00e9sentent qu\u2019une partie de l\u2019\u00e9quation. Les sauvegardes garantissent vous assurent que vos donn\u00e9es sont enregistr\u00e9es \u2013 mais elles ne garantissent pas la rapidit\u00e9 ni l\u2019efficacit\u00e9 de leur restauration en cas de sinistre.<\/p>\n<p>La <strong>reprise apr\u00e8s sinistre<\/strong>\u00a0est une approche strat\u00e9gique visant \u00e0 restaurer rapidement et de mani\u00e8re fiable les syst\u00e8mes informatiques et les donn\u00e9es apr\u00e8s un \u00e9v\u00e9nement impr\u00e9vu. \u00a0Elle repose sur deux indicateurs cl\u00e9s :<\/p>\n<ul>\n<li><strong>Objectif de temps de r\u00e9cup\u00e9ration (RTO &#8211; Recovery Time Objective)<\/strong>: D\u00e9lai n\u00e9cessaire pour remettre les syst\u00e8mes en ligne.<\/li>\n<li><strong>Objectif de point de r\u00e9cup\u00e9ration (RPO &#8211; Recovery Point Objective)<\/strong>: Volume de donn\u00e9es pouvant \u00eatre perdu sans impact critique.<\/li>\n<\/ul>\n<p><strong>Present<\/strong> s\u2019associe \u00e0 <strong>Datto<\/strong> pour offrir <strong>SIRIS<\/strong> \u2013 une solution de continuit\u00e9 enti\u00e8rement g\u00e9r\u00e9e qui int\u00e8gre sauvegarde, reprise apr\u00e8s sinistre et basculement vers le cloud dans une seule plateforme puissante. Con\u00e7ue pour atteindre des objectifs RTO et RPO ambitieux, <strong>SIRIS<\/strong> garantit la r\u00e9silience, la s\u00e9curit\u00e9 et la disponibilit\u00e9 de votre entreprise, quelles que soient les circonstances.<\/p>\n<\/div>\n<p>[\/vc_column_text]<div id=\"ultimate-heading-76096a07e243d6e78\" class=\"uvc-heading ult-adjust-bottom-margin ultimate-heading-76096a07e243d6e78 uvc-3178 \" data-hspacer=\"no_spacer\"  data-halign=\"center\" style=\"text-align:center\"><div class=\"uvc-heading-spacer no_spacer\" style=\"top\"><\/div><div class=\"uvc-main-heading ult-responsive\"  data-ultimate-target='.uvc-heading.ultimate-heading-76096a07e243d6e78 h3'  data-responsive-json-new='{\"font-size\":\"\",\"line-height\":\"\"}' ><h3 style=\"font-weight:normal;margin-top:10px;margin-bottom:25px;\">Fonctionnalit\u00e9s cl\u00e9s de Datto SIRIS<\/h3><\/div><\/div>[\/vc_column][\/vc_row][vc_row][vc_column width=\u00a0\u00bb1\/12&Prime;][\/vc_column][vc_column width=\u00a0\u00bb1\/3&Prime;][vc_column_text]<strong>Sauvegardes immuables<\/strong><br \/>\nLes copies de sauvegarde sont prot\u00e9g\u00e9es contre toute modification ou suppression par des ransomwares.<\/p>\n<p><strong>Continuit\u00e9 d\u2019activit\u00e9 int\u00e9gr\u00e9e<\/strong><br \/>\nSauvegarde, reprise apr\u00e8s sinistre et basculement vers le cloud r\u00e9unis sur une seule plateforme.<\/p>\n<p><strong>R\u00e9cup\u00e9ration instantan\u00e9e<\/strong><br \/>\nRestauration rapide gr\u00e2ce \u00e0 des options telles que la r\u00e9cup\u00e9ration de fichiers, la virtualisation instantan\u00e9e (locale ou dans le cloud) et la r\u00e9cup\u00e9ration <em>bare-metal<\/em>.<\/p>\n<p><strong>Gestion intelligente de la r\u00e9cup\u00e9ration<\/strong><br \/>\nDes fonctionnalit\u00e9s comme <em>Fast Failback et Rapid Rollback <\/em>permettent une restauration flexible et efficace sans r\u00e9imagerie compl\u00e8te du syst\u00e8me.[\/vc_column_text][\/vc_column][vc_column width=\u00a0\u00bb2\/12&Prime;][\/vc_column][vc_column width=\u00a0\u00bb1\/3&Prime;][vc_column_text]<strong>Technologie Inverse Chain\u2122<\/strong><br \/>\nChaque sauvegarde incr\u00e9mentielle constitue un point de r\u00e9cup\u00e9ration complet, am\u00e9liorant la rapidit\u00e9 et la fiabilit\u00e9 tout en r\u00e9sistant aux ransomwares.<\/p>\n<p><strong>Infrastructure cloud Datto<\/strong><br \/>\nCloud distribu\u00e9 g\u00e9ographiquement, \u00e0 l\u2019\u00e9chelle exaoctet, avec une disponibilit\u00e9 de 99,99999 % et plusieurs niveaux de s\u00e9curit\u00e9.<\/p>\n<p><strong>Strat\u00e9gie de sauvegarde 3-2-1-1-0<\/strong><\/p>\n<ul>\n<li style=\"list-style-type: none;\">\n<ul>\n<li>3 copies de vos donn\u00e9es<\/li>\n<li>2 types de stockage diff\u00e9rents<\/li>\n<li>1 copie hors site<\/li>\n<li>1 copie immuable<\/li>\n<li>0 erreur, v\u00e9rifi\u00e9 par des contr\u00f4les d\u2019int\u00e9grit\u00e9<\/li>\n<\/ul>\n<\/li>\n<\/ul>\n<p>[\/vc_column_text][\/vc_column][vc_column width=\u00a0\u00bb1\/12&Prime;][\/vc_column][\/vc_row][vc_row css=\u00a0\u00bb.vc_custom_1755177003192{padding-top: 25px !important;padding-bottom: 25px !important;}\u00a0\u00bb][vc_column width=\u00a0\u00bb1\/6&Prime;][\/vc_column][vc_column width=\u00a0\u00bb2\/3&Prime;]<div id=\"ultimate-heading-786a07e243d6eb7\" class=\"uvc-heading ult-adjust-bottom-margin ultimate-heading-786a07e243d6eb7 uvc-5832 \" data-hspacer=\"no_spacer\"  data-halign=\"center\" style=\"text-align:center\"><div class=\"uvc-heading-spacer no_spacer\" style=\"top\"><\/div><div class=\"uvc-main-heading ult-responsive\"  data-ultimate-target='.uvc-heading.ultimate-heading-786a07e243d6eb7 h3'  data-responsive-json-new='{\"font-size\":\"\",\"line-height\":\"\"}' ><h3 style=\"font-weight:normal;margin-top:10px;margin-bottom:25px;\">Pourquoi choisir Present comme partenaire Datto ?<\/h3><\/div><\/div>[vc_single_image image=\u00a0\u00bb30725&Prime; img_size=\u00a0\u00bblarge\u00a0\u00bb alignment=\u00a0\u00bbcenter\u00a0\u00bb][vc_column_text]En tant que <strong>partenaire Blue Diamond<\/strong>, Present fait partie des 2 % des meilleurs partenaires Datto dans le monde \u2013 une distinction qui refl\u00e8te notre expertise technique approfondie et notre engagement constant envers l\u2019excellence.<\/p>\n<p><strong>Ce que cela signifie pour vous<\/strong><\/p>\n<ul>\n<li><strong>Une expertise in\u00e9gal\u00e9e<\/strong><br \/>\nNotre \u00e9quipe est form\u00e9e et certifi\u00e9e pour offrir le plus haut niveau de service sur l\u2019ensemble des solutions de continuit\u00e9 et de s\u00e9curit\u00e9 de Datto.<\/li>\n<li><strong>Une exp\u00e9rience de service de premier ordre<\/strong><br \/>\nNous combinons excellence technique et accompagnement personnalis\u00e9 pour garantir que votre entreprise soit prot\u00e9g\u00e9e, r\u00e9siliente et pr\u00eate pour l\u2019avenir.<\/li>\n<li><strong>La confiance de nos clients au quotidien<\/strong><br \/>\nNos relations \u00e0 long terme reposent sur la confiance, la fiabilit\u00e9 et les r\u00e9sultats concrets.<\/li>\n<\/ul>\n<p>[\/vc_column_text][\/vc_column][vc_column width=\u00a0\u00bb1\/6&Prime;][\/vc_column][\/vc_row][vc_row full_width=\u00a0\u00bbstretch_row_content\u00a0\u00bb bg_type=\u00a0\u00bbbg_color\u00a0\u00bb el_class=\u00a0\u00bbtilt-pos-3-deg\u00a0\u00bb css=\u00a0\u00bb.vc_custom_1588250693452{padding-top: 25px !important;padding-bottom: 25px !important;}\u00a0\u00bb bg_color_value=\u00a0\u00bb#16a361&Prime;][vc_column]<div id=\"ultimate-heading-3166a07e243d6eff\" class=\"uvc-heading ult-adjust-bottom-margin ultimate-heading-3166a07e243d6eff uvc-8496 \" data-hspacer=\"no_spacer\"  data-halign=\"center\" style=\"text-align:center\"><div class=\"uvc-heading-spacer no_spacer\" style=\"top\"><\/div><div class=\"uvc-main-heading ult-responsive\"  data-ultimate-target='.uvc-heading.ultimate-heading-3166a07e243d6eff h3'  data-responsive-json-new='{\"font-size\":\"\",\"line-height\":\"\"}' ><h3 style=\"font-weight:normal;margin-top:10px;margin-bottom:25px;\">Soyez pr\u00eat avant qu\u2019un sinistre ne survienne<\/h3><\/div><\/div><div class=\" ubtn-ctn-center \"><a class=\"ubtn-link ult-adjust-bottom-margin ubtn-center ubtn-large \" href=\"\/contact-present\/\" ><button type=\"button\" id=\"ubtn-1452\"  class=\"ubtn ult-adjust-bottom-margin ult-responsive ubtn-large ubtn-no-hover-bg  none  ubtn-center   tooltip-6a07e243d6f45\"  data-hover=\"#ffffff\" data-border-color=\"#ffffff\" data-bg=\"#ffffff\" data-hover-bg=\"#000000\" data-border-hover=\"#ffffff\" data-shadow-hover=\"\" data-shadow-click=\"none\" data-shadow=\"\" data-shd-shadow=\"\"  data-ultimate-target='#ubtn-1452'  data-responsive-json-new='{\"font-size\":\"desktop:18px;\",\"line-height\":\"desktop:24px;\"}'  style=\"font-weight:bold;border-radius:5px;border-width:3px;border-color:#ffffff;border-style:solid;background: #ffffff;color: #000000;\"><span class=\"ubtn-hover\" style=\"background-color:#000000\"><\/span><span class=\"ubtn-data ubtn-text \" >Let&#039;s Talk<\/span><\/button><\/a><\/div>[\/vc_column][\/vc_row]<\/p>\n","protected":false},"excerpt":{"rendered":"<p>[vc_row][vc_column][vc_column_text] Les interruptions informatiques ne sont plus une question de si, mais de quand. Qu\u2019il s\u2019agisse de cyberattaques, de pannes mat\u00e9rielles ou de catastrophes naturelles, des \u00e9v\u00e9nements impr\u00e9vus peuvent paralyser vos op\u00e9rations et nuire \u00e0 votre r\u00e9putation. Chez Present, nous vous aidons \u00e0 anticiper l\u2019impr\u00e9vu gr\u00e2ce \u00e0 des solutions robustes de sauvegarde et de reprise [&#8230;]<\/p>\n","protected":false},"author":3,"featured_media":17383,"parent":18289,"menu_order":6,"comment_status":"closed","ping_status":"closed","template":"","meta":{"_acf_changed":false,"footnotes":"","_wp_rev_ctl_limit":""},"class_list":["post-32257","page","type-page","status-publish","has-post-thumbnail","hentry"],"acf":[],"yoast_head":"<!-- This site is optimized with the Yoast SEO plugin v27.3 - https:\/\/yoast.com\/product\/yoast-seo-wordpress\/ -->\n<title>Sauvegarde et Reprise apr\u00e8s Sinistre - Present<\/title>\n<meta name=\"description\" content=\"Prot\u00e9gez votre PME contre les interruptions informatiques avec les solutions BDR de Present. D\u00e9couvrez comment Datto SIRIS assure une reprise rapide, s\u00e9curis\u00e9e et sans perte de donn\u00e9es.\" \/>\n<meta name=\"robots\" content=\"index, follow, max-snippet:-1, max-image-preview:large, max-video-preview:-1\" \/>\n<link rel=\"canonical\" href=\"https:\/\/www.present.ca\/fr\/solutions\/infrastructure-ti\/sauvegarde-et-reprise-apres-sinistre\/\" \/>\n<meta property=\"og:locale\" content=\"fr_FR\" \/>\n<meta property=\"og:type\" content=\"article\" \/>\n<meta property=\"og:title\" content=\"Sauvegarde et Reprise apr\u00e8s Sinistre - Present\" \/>\n<meta property=\"og:description\" content=\"Prot\u00e9gez votre PME contre les interruptions informatiques avec les solutions BDR de Present. D\u00e9couvrez comment Datto SIRIS assure une reprise rapide, s\u00e9curis\u00e9e et sans perte de donn\u00e9es.\" \/>\n<meta property=\"og:url\" content=\"https:\/\/www.present.ca\/fr\/solutions\/infrastructure-ti\/sauvegarde-et-reprise-apres-sinistre\/\" \/>\n<meta property=\"og:site_name\" content=\"Present\" \/>\n<meta property=\"article:modified_time\" content=\"2025-08-15T15:27:52+00:00\" \/>\n<meta property=\"og:image\" content=\"https:\/\/www.present.ca\/wp-content\/uploads\/2016\/11\/High-availability-1.jpg\" \/>\n\t<meta property=\"og:image:width\" content=\"1208\" \/>\n\t<meta property=\"og:image:height\" content=\"680\" \/>\n\t<meta property=\"og:image:type\" content=\"image\/jpeg\" \/>\n<meta name=\"twitter:card\" content=\"summary_large_image\" \/>\n<meta name=\"twitter:label1\" content=\"Dur\u00e9e de lecture estim\u00e9e\" \/>\n\t<meta name=\"twitter:data1\" content=\"3 minutes\" \/>\n<script type=\"application\/ld+json\" class=\"yoast-schema-graph\">{\"@context\":\"https:\\\/\\\/schema.org\",\"@graph\":[{\"@type\":\"WebPage\",\"@id\":\"https:\\\/\\\/www.present.ca\\\/fr\\\/solutions\\\/infrastructure-ti\\\/sauvegarde-et-reprise-apres-sinistre\\\/\",\"url\":\"https:\\\/\\\/www.present.ca\\\/fr\\\/solutions\\\/infrastructure-ti\\\/sauvegarde-et-reprise-apres-sinistre\\\/\",\"name\":\"Sauvegarde et Reprise apr\u00e8s Sinistre - Present\",\"isPartOf\":{\"@id\":\"https:\\\/\\\/www.present.ca\\\/fr\\\/#website\"},\"primaryImageOfPage\":{\"@id\":\"https:\\\/\\\/www.present.ca\\\/fr\\\/solutions\\\/infrastructure-ti\\\/sauvegarde-et-reprise-apres-sinistre\\\/#primaryimage\"},\"image\":{\"@id\":\"https:\\\/\\\/www.present.ca\\\/fr\\\/solutions\\\/infrastructure-ti\\\/sauvegarde-et-reprise-apres-sinistre\\\/#primaryimage\"},\"thumbnailUrl\":\"https:\\\/\\\/www.present.ca\\\/wp-content\\\/uploads\\\/2016\\\/11\\\/High-availability-1.jpg\",\"datePublished\":\"2025-08-15T14:29:41+00:00\",\"dateModified\":\"2025-08-15T15:27:52+00:00\",\"description\":\"Prot\u00e9gez votre PME contre les interruptions informatiques avec les solutions BDR de Present. D\u00e9couvrez comment Datto SIRIS assure une reprise rapide, s\u00e9curis\u00e9e et sans perte de donn\u00e9es.\",\"breadcrumb\":{\"@id\":\"https:\\\/\\\/www.present.ca\\\/fr\\\/solutions\\\/infrastructure-ti\\\/sauvegarde-et-reprise-apres-sinistre\\\/#breadcrumb\"},\"inLanguage\":\"fr-FR\",\"potentialAction\":[{\"@type\":\"ReadAction\",\"target\":[\"https:\\\/\\\/www.present.ca\\\/fr\\\/solutions\\\/infrastructure-ti\\\/sauvegarde-et-reprise-apres-sinistre\\\/\"]}]},{\"@type\":\"ImageObject\",\"inLanguage\":\"fr-FR\",\"@id\":\"https:\\\/\\\/www.present.ca\\\/fr\\\/solutions\\\/infrastructure-ti\\\/sauvegarde-et-reprise-apres-sinistre\\\/#primaryimage\",\"url\":\"https:\\\/\\\/www.present.ca\\\/wp-content\\\/uploads\\\/2016\\\/11\\\/High-availability-1.jpg\",\"contentUrl\":\"https:\\\/\\\/www.present.ca\\\/wp-content\\\/uploads\\\/2016\\\/11\\\/High-availability-1.jpg\",\"width\":1208,\"height\":680,\"caption\":\"High availability\"},{\"@type\":\"BreadcrumbList\",\"@id\":\"https:\\\/\\\/www.present.ca\\\/fr\\\/solutions\\\/infrastructure-ti\\\/sauvegarde-et-reprise-apres-sinistre\\\/#breadcrumb\",\"itemListElement\":[{\"@type\":\"ListItem\",\"position\":1,\"name\":\"Accueil\",\"item\":\"https:\\\/\\\/www.present.ca\\\/fr\\\/\"},{\"@type\":\"ListItem\",\"position\":2,\"name\":\"Solutions\",\"item\":\"https:\\\/\\\/www.present.ca\\\/fr\\\/solutions\\\/\"},{\"@type\":\"ListItem\",\"position\":3,\"name\":\"Infrastructure TI\",\"item\":\"https:\\\/\\\/www.present.ca\\\/fr\\\/solutions\\\/infrastructure-ti\\\/\"},{\"@type\":\"ListItem\",\"position\":4,\"name\":\"Sauvegarde et Reprise apr\u00e8s Sinistre\"}]},{\"@type\":\"WebSite\",\"@id\":\"https:\\\/\\\/www.present.ca\\\/fr\\\/#website\",\"url\":\"https:\\\/\\\/www.present.ca\\\/fr\\\/\",\"name\":\"Present\",\"description\":\"Services G\u00e9r\u00e9s TI, S\u00e9curit\u00e9 G\u00e9r\u00e9e TI et Solutions de Cloud Hybride\",\"potentialAction\":[{\"@type\":\"SearchAction\",\"target\":{\"@type\":\"EntryPoint\",\"urlTemplate\":\"https:\\\/\\\/www.present.ca\\\/fr\\\/?s={search_term_string}\"},\"query-input\":{\"@type\":\"PropertyValueSpecification\",\"valueRequired\":true,\"valueName\":\"search_term_string\"}}],\"inLanguage\":\"fr-FR\"}]}<\/script>\n<!-- \/ Yoast SEO plugin. -->","yoast_head_json":{"title":"Sauvegarde et Reprise apr\u00e8s Sinistre - Present","description":"Prot\u00e9gez votre PME contre les interruptions informatiques avec les solutions BDR de Present. D\u00e9couvrez comment Datto SIRIS assure une reprise rapide, s\u00e9curis\u00e9e et sans perte de donn\u00e9es.","robots":{"index":"index","follow":"follow","max-snippet":"max-snippet:-1","max-image-preview":"max-image-preview:large","max-video-preview":"max-video-preview:-1"},"canonical":"https:\/\/www.present.ca\/fr\/solutions\/infrastructure-ti\/sauvegarde-et-reprise-apres-sinistre\/","og_locale":"fr_FR","og_type":"article","og_title":"Sauvegarde et Reprise apr\u00e8s Sinistre - Present","og_description":"Prot\u00e9gez votre PME contre les interruptions informatiques avec les solutions BDR de Present. D\u00e9couvrez comment Datto SIRIS assure une reprise rapide, s\u00e9curis\u00e9e et sans perte de donn\u00e9es.","og_url":"https:\/\/www.present.ca\/fr\/solutions\/infrastructure-ti\/sauvegarde-et-reprise-apres-sinistre\/","og_site_name":"Present","article_modified_time":"2025-08-15T15:27:52+00:00","og_image":[{"width":1208,"height":680,"url":"https:\/\/www.present.ca\/wp-content\/uploads\/2016\/11\/High-availability-1.jpg","type":"image\/jpeg"}],"twitter_card":"summary_large_image","twitter_misc":{"Dur\u00e9e de lecture estim\u00e9e":"3 minutes"},"schema":{"@context":"https:\/\/schema.org","@graph":[{"@type":"WebPage","@id":"https:\/\/www.present.ca\/fr\/solutions\/infrastructure-ti\/sauvegarde-et-reprise-apres-sinistre\/","url":"https:\/\/www.present.ca\/fr\/solutions\/infrastructure-ti\/sauvegarde-et-reprise-apres-sinistre\/","name":"Sauvegarde et Reprise apr\u00e8s Sinistre - Present","isPartOf":{"@id":"https:\/\/www.present.ca\/fr\/#website"},"primaryImageOfPage":{"@id":"https:\/\/www.present.ca\/fr\/solutions\/infrastructure-ti\/sauvegarde-et-reprise-apres-sinistre\/#primaryimage"},"image":{"@id":"https:\/\/www.present.ca\/fr\/solutions\/infrastructure-ti\/sauvegarde-et-reprise-apres-sinistre\/#primaryimage"},"thumbnailUrl":"https:\/\/www.present.ca\/wp-content\/uploads\/2016\/11\/High-availability-1.jpg","datePublished":"2025-08-15T14:29:41+00:00","dateModified":"2025-08-15T15:27:52+00:00","description":"Prot\u00e9gez votre PME contre les interruptions informatiques avec les solutions BDR de Present. D\u00e9couvrez comment Datto SIRIS assure une reprise rapide, s\u00e9curis\u00e9e et sans perte de donn\u00e9es.","breadcrumb":{"@id":"https:\/\/www.present.ca\/fr\/solutions\/infrastructure-ti\/sauvegarde-et-reprise-apres-sinistre\/#breadcrumb"},"inLanguage":"fr-FR","potentialAction":[{"@type":"ReadAction","target":["https:\/\/www.present.ca\/fr\/solutions\/infrastructure-ti\/sauvegarde-et-reprise-apres-sinistre\/"]}]},{"@type":"ImageObject","inLanguage":"fr-FR","@id":"https:\/\/www.present.ca\/fr\/solutions\/infrastructure-ti\/sauvegarde-et-reprise-apres-sinistre\/#primaryimage","url":"https:\/\/www.present.ca\/wp-content\/uploads\/2016\/11\/High-availability-1.jpg","contentUrl":"https:\/\/www.present.ca\/wp-content\/uploads\/2016\/11\/High-availability-1.jpg","width":1208,"height":680,"caption":"High availability"},{"@type":"BreadcrumbList","@id":"https:\/\/www.present.ca\/fr\/solutions\/infrastructure-ti\/sauvegarde-et-reprise-apres-sinistre\/#breadcrumb","itemListElement":[{"@type":"ListItem","position":1,"name":"Accueil","item":"https:\/\/www.present.ca\/fr\/"},{"@type":"ListItem","position":2,"name":"Solutions","item":"https:\/\/www.present.ca\/fr\/solutions\/"},{"@type":"ListItem","position":3,"name":"Infrastructure TI","item":"https:\/\/www.present.ca\/fr\/solutions\/infrastructure-ti\/"},{"@type":"ListItem","position":4,"name":"Sauvegarde et Reprise apr\u00e8s Sinistre"}]},{"@type":"WebSite","@id":"https:\/\/www.present.ca\/fr\/#website","url":"https:\/\/www.present.ca\/fr\/","name":"Present","description":"Services G\u00e9r\u00e9s TI, S\u00e9curit\u00e9 G\u00e9r\u00e9e TI et Solutions de Cloud Hybride","potentialAction":[{"@type":"SearchAction","target":{"@type":"EntryPoint","urlTemplate":"https:\/\/www.present.ca\/fr\/?s={search_term_string}"},"query-input":{"@type":"PropertyValueSpecification","valueRequired":true,"valueName":"search_term_string"}}],"inLanguage":"fr-FR"}]}},"_links":{"self":[{"href":"https:\/\/www.present.ca\/fr\/wp-json\/wp\/v2\/pages\/32257","targetHints":{"allow":["GET"]}}],"collection":[{"href":"https:\/\/www.present.ca\/fr\/wp-json\/wp\/v2\/pages"}],"about":[{"href":"https:\/\/www.present.ca\/fr\/wp-json\/wp\/v2\/types\/page"}],"author":[{"embeddable":true,"href":"https:\/\/www.present.ca\/fr\/wp-json\/wp\/v2\/users\/3"}],"replies":[{"embeddable":true,"href":"https:\/\/www.present.ca\/fr\/wp-json\/wp\/v2\/comments?post=32257"}],"version-history":[{"count":2,"href":"https:\/\/www.present.ca\/fr\/wp-json\/wp\/v2\/pages\/32257\/revisions"}],"predecessor-version":[{"id":32259,"href":"https:\/\/www.present.ca\/fr\/wp-json\/wp\/v2\/pages\/32257\/revisions\/32259"}],"up":[{"embeddable":true,"href":"https:\/\/www.present.ca\/fr\/wp-json\/wp\/v2\/pages\/18289"}],"wp:featuredmedia":[{"embeddable":true,"href":"https:\/\/www.present.ca\/fr\/wp-json\/wp\/v2\/media\/17383"}],"wp:attachment":[{"href":"https:\/\/www.present.ca\/fr\/wp-json\/wp\/v2\/media?parent=32257"}],"curies":[{"name":"wp","href":"https:\/\/api.w.org\/{rel}","templated":true}]}}