{"id":32170,"date":"2025-08-05T09:22:01","date_gmt":"2025-08-05T13:22:01","guid":{"rendered":"https:\/\/www.present.ca\/?page_id=32170"},"modified":"2025-08-14T08:01:40","modified_gmt":"2025-08-14T12:01:40","slug":"ordinateurs-et-accessoires","status":"publish","type":"page","link":"https:\/\/www.present.ca\/fr\/solutions\/infrastructure-ti\/ordinateurs-et-accessoires\/","title":{"rendered":"Ordinateurs et accessoires"},"content":{"rendered":"<p>[vc_row][vc_column]<div id=\"ultimate-heading-72816a072dccb75ee\" class=\"uvc-heading ult-adjust-bottom-margin ultimate-heading-72816a072dccb75ee uvc-4636 cursive\" data-hspacer=\"no_spacer\"  data-halign=\"center\" style=\"text-align:center\"><div class=\"uvc-heading-spacer no_spacer\" style=\"top\"><\/div><div class=\"uvc-main-heading ult-responsive\"  data-ultimate-target='.uvc-heading.ultimate-heading-72816a072dccb75ee h2'  data-responsive-json-new='{\"font-size\":\"\",\"line-height\":\"\"}' ><h2 style=\"font-weight:normal;\">Ordinateurs et accessoires<\/h2><\/div><div class=\"uvc-sub-heading ult-responsive\"  data-ultimate-target='.uvc-heading.ultimate-heading-72816a072dccb75ee .uvc-sub-heading '  data-responsive-json-new='{\"font-size\":\"\",\"line-height\":\"\"}'  style=\"font-weight:normal;\"><em>Offrez \u00e0 votre \u00e9quipe la technologie adapt\u00e9e \u2014 facilement acquise et parfaitement prise en charge<\/em><\/p>\n<p><\/div><\/div>[vc_column_text]Chez\u00a0<strong>Present<\/strong>, nous savons que la productivit\u00e9, la s\u00e9curit\u00e9 et l\u2019agilit\u00e9 d\u2019une \u00e9quipe commencent par les bons outils. Des ordinateurs portables et de bureau aux moniteurs, stations d\u2019accueil et p\u00e9riph\u00e9riques, nous g\u00e9rons l\u2019ensemble du cycle d\u2019approvisionnement \u2014 de la s\u00e9lection \u00e0 la livraison. Nous collaborons avec les principaux fabricants et distributeurs pour vous proposer un large \u00e9ventail d\u2019options adapt\u00e9es \u00e0 vos besoins d\u2019affaires.<\/p>\n<p><strong>Services TI int\u00e9gr\u00e9s<\/strong><\/p>\n<p>En plus de vous fournir le mat\u00e9riel, nous pouvons le configurer, l\u2019installer et en assurer le soutien. Vous b\u00e9n\u00e9ficiez ainsi d\u2019un service complet, centralis\u00e9 et sans tracas.<\/p>\n<p><strong>Pr\u00eat \u00e0 outiller votre \u00e9quipe ?<\/strong><\/p>\n<p>Faites de Present votre partenaire de confiance pour l\u2019approvisionnement en TI. Que ce soit pour int\u00e9grer de nouveaux employ\u00e9s, remplaciez du mat\u00e9riel vieillissant ou pr\u00e9pariez une croissance, nous veillons \u00e0 ce que vous disposiez des bons outils \u2014 au bon moment et au bon prix.[\/vc_column_text][\/vc_column][\/vc_row][vc_row full_width=\u00a0\u00bbstretch_row_content\u00a0\u00bb bg_type=\u00a0\u00bbbg_color\u00a0\u00bb el_class=\u00a0\u00bbtilt-pos-3-deg\u00a0\u00bb bg_color_value=\u00a0\u00bb#16a361&Prime;][vc_column]<div id=\"ultimate-heading-89806a072dccb7657\" class=\"uvc-heading ult-adjust-bottom-margin ultimate-heading-89806a072dccb7657 uvc-9430 \" data-hspacer=\"no_spacer\"  data-halign=\"center\" style=\"text-align:center\"><div class=\"uvc-heading-spacer no_spacer\" style=\"top\"><\/div><div class=\"uvc-main-heading ult-responsive\"  data-ultimate-target='.uvc-heading.ultimate-heading-89806a072dccb7657 h3'  data-responsive-json-new='{\"font-size\":\"\",\"line-height\":\"\"}' ><h3 style=\"font-weight:normal;margin-top:10px;margin-bottom:25px;\">Contactez-nous d\u00e8s aujourd\u2019hui pour en savoir plus ou demander une soumission.<\/h3><\/div><\/div><div class=\" ubtn-ctn-center \"><a class=\"ubtn-link ult-adjust-bottom-margin ubtn-center ubtn-large \" href=\"\/contact-present\/\" title=\"SolutionStat\" ><button type=\"button\" id=\"ubtn-8677\"  class=\"ubtn ult-adjust-bottom-margin ult-responsive ubtn-large ubtn-no-hover-bg  none  ubtn-center   tooltip-6a072dccb76a3\"  data-hover=\"#ffffff\" data-border-color=\"#ffffff\" data-bg=\"#ffffff\" data-hover-bg=\"#000000\" data-border-hover=\"#ffffff\" data-shadow-hover=\"\" data-shadow-click=\"none\" data-shadow=\"\" data-shd-shadow=\"\"  data-ultimate-target='#ubtn-8677'  data-responsive-json-new='{\"font-size\":\"desktop:18px;\",\"line-height\":\"desktop:24px;\"}'  style=\"font-weight:bold;border-radius:5px;border-width:3px;border-color:#ffffff;border-style:solid;background: #ffffff;color: #16a361;\"><span class=\"ubtn-hover\" style=\"background-color:#000000\"><\/span><span class=\"ubtn-data ubtn-text \" >Parlons-en<\/span><\/button><\/a><\/div>[\/vc_column][\/vc_row]<\/p>\n","protected":false},"excerpt":{"rendered":"<p>[vc_row][vc_column][vc_column_text]Chez\u00a0Present, nous savons que la productivit\u00e9, la s\u00e9curit\u00e9 et l\u2019agilit\u00e9 d\u2019une \u00e9quipe commencent par les bons outils. Des ordinateurs portables et de bureau aux moniteurs, stations d\u2019accueil et p\u00e9riph\u00e9riques, nous g\u00e9rons l\u2019ensemble du cycle d\u2019approvisionnement \u2014 de la s\u00e9lection \u00e0 la livraison. Nous collaborons avec les principaux fabricants et distributeurs pour vous proposer un large [&#8230;]<\/p>\n","protected":false},"author":3,"featured_media":32157,"parent":18289,"menu_order":8,"comment_status":"closed","ping_status":"closed","template":"","meta":{"_acf_changed":false,"footnotes":"","_wp_rev_ctl_limit":""},"class_list":["post-32170","page","type-page","status-publish","has-post-thumbnail","hentry"],"acf":[],"yoast_head":"<!-- This site is optimized with the Yoast SEO plugin v27.3 - https:\/\/yoast.com\/product\/yoast-seo-wordpress\/ -->\n<title>Ordinateurs et accessoires - Present<\/title>\n<meta name=\"description\" content=\"Simplifiez l\u2019approvisionnement en TI avec Present : ordinateurs, accessoires et services int\u00e9gr\u00e9s pour une \u00e9quipe productive, s\u00e9curis\u00e9e et agile.\" \/>\n<meta name=\"robots\" content=\"index, follow, max-snippet:-1, max-image-preview:large, max-video-preview:-1\" \/>\n<link rel=\"canonical\" href=\"https:\/\/www.present.ca\/fr\/solutions\/infrastructure-ti\/ordinateurs-et-accessoires\/\" \/>\n<meta property=\"og:locale\" content=\"fr_FR\" \/>\n<meta property=\"og:type\" content=\"article\" \/>\n<meta property=\"og:title\" content=\"Ordinateurs et accessoires - Present\" \/>\n<meta property=\"og:description\" content=\"Simplifiez l\u2019approvisionnement en TI avec Present : ordinateurs, accessoires et services int\u00e9gr\u00e9s pour une \u00e9quipe productive, s\u00e9curis\u00e9e et agile.\" \/>\n<meta property=\"og:url\" content=\"https:\/\/www.present.ca\/fr\/solutions\/infrastructure-ti\/ordinateurs-et-accessoires\/\" \/>\n<meta property=\"og:site_name\" content=\"Present\" \/>\n<meta property=\"article:modified_time\" content=\"2025-08-14T12:01:40+00:00\" \/>\n<meta property=\"og:image\" content=\"https:\/\/www.present.ca\/wp-content\/uploads\/2025\/08\/Heading-1.png\" \/>\n\t<meta property=\"og:image:width\" content=\"1200\" \/>\n\t<meta property=\"og:image:height\" content=\"1200\" \/>\n\t<meta property=\"og:image:type\" content=\"image\/png\" \/>\n<meta name=\"twitter:card\" content=\"summary_large_image\" \/>\n<meta name=\"twitter:label1\" content=\"Dur\u00e9e de lecture estim\u00e9e\" \/>\n\t<meta name=\"twitter:data1\" content=\"1 minute\" \/>\n<script type=\"application\/ld+json\" class=\"yoast-schema-graph\">{\"@context\":\"https:\\\/\\\/schema.org\",\"@graph\":[{\"@type\":\"WebPage\",\"@id\":\"https:\\\/\\\/www.present.ca\\\/fr\\\/solutions\\\/infrastructure-ti\\\/ordinateurs-et-accessoires\\\/\",\"url\":\"https:\\\/\\\/www.present.ca\\\/fr\\\/solutions\\\/infrastructure-ti\\\/ordinateurs-et-accessoires\\\/\",\"name\":\"Ordinateurs et accessoires - Present\",\"isPartOf\":{\"@id\":\"https:\\\/\\\/www.present.ca\\\/fr\\\/#website\"},\"primaryImageOfPage\":{\"@id\":\"https:\\\/\\\/www.present.ca\\\/fr\\\/solutions\\\/infrastructure-ti\\\/ordinateurs-et-accessoires\\\/#primaryimage\"},\"image\":{\"@id\":\"https:\\\/\\\/www.present.ca\\\/fr\\\/solutions\\\/infrastructure-ti\\\/ordinateurs-et-accessoires\\\/#primaryimage\"},\"thumbnailUrl\":\"https:\\\/\\\/www.present.ca\\\/wp-content\\\/uploads\\\/2025\\\/08\\\/Heading-1.png\",\"datePublished\":\"2025-08-05T13:22:01+00:00\",\"dateModified\":\"2025-08-14T12:01:40+00:00\",\"description\":\"Simplifiez l\u2019approvisionnement en TI avec Present : ordinateurs, accessoires et services int\u00e9gr\u00e9s pour une \u00e9quipe productive, s\u00e9curis\u00e9e et agile.\",\"breadcrumb\":{\"@id\":\"https:\\\/\\\/www.present.ca\\\/fr\\\/solutions\\\/infrastructure-ti\\\/ordinateurs-et-accessoires\\\/#breadcrumb\"},\"inLanguage\":\"fr-FR\",\"potentialAction\":[{\"@type\":\"ReadAction\",\"target\":[\"https:\\\/\\\/www.present.ca\\\/fr\\\/solutions\\\/infrastructure-ti\\\/ordinateurs-et-accessoires\\\/\"]}]},{\"@type\":\"ImageObject\",\"inLanguage\":\"fr-FR\",\"@id\":\"https:\\\/\\\/www.present.ca\\\/fr\\\/solutions\\\/infrastructure-ti\\\/ordinateurs-et-accessoires\\\/#primaryimage\",\"url\":\"https:\\\/\\\/www.present.ca\\\/wp-content\\\/uploads\\\/2025\\\/08\\\/Heading-1.png\",\"contentUrl\":\"https:\\\/\\\/www.present.ca\\\/wp-content\\\/uploads\\\/2025\\\/08\\\/Heading-1.png\",\"width\":1200,\"height\":1200},{\"@type\":\"BreadcrumbList\",\"@id\":\"https:\\\/\\\/www.present.ca\\\/fr\\\/solutions\\\/infrastructure-ti\\\/ordinateurs-et-accessoires\\\/#breadcrumb\",\"itemListElement\":[{\"@type\":\"ListItem\",\"position\":1,\"name\":\"Accueil\",\"item\":\"https:\\\/\\\/www.present.ca\\\/fr\\\/\"},{\"@type\":\"ListItem\",\"position\":2,\"name\":\"Solutions\",\"item\":\"https:\\\/\\\/www.present.ca\\\/fr\\\/solutions\\\/\"},{\"@type\":\"ListItem\",\"position\":3,\"name\":\"Infrastructure TI\",\"item\":\"https:\\\/\\\/www.present.ca\\\/fr\\\/solutions\\\/infrastructure-ti\\\/\"},{\"@type\":\"ListItem\",\"position\":4,\"name\":\"Ordinateurs et accessoires\"}]},{\"@type\":\"WebSite\",\"@id\":\"https:\\\/\\\/www.present.ca\\\/fr\\\/#website\",\"url\":\"https:\\\/\\\/www.present.ca\\\/fr\\\/\",\"name\":\"Present\",\"description\":\"Services G\u00e9r\u00e9s TI, S\u00e9curit\u00e9 G\u00e9r\u00e9e TI et Solutions de Cloud Hybride\",\"potentialAction\":[{\"@type\":\"SearchAction\",\"target\":{\"@type\":\"EntryPoint\",\"urlTemplate\":\"https:\\\/\\\/www.present.ca\\\/fr\\\/?s={search_term_string}\"},\"query-input\":{\"@type\":\"PropertyValueSpecification\",\"valueRequired\":true,\"valueName\":\"search_term_string\"}}],\"inLanguage\":\"fr-FR\"}]}<\/script>\n<!-- \/ Yoast SEO plugin. -->","yoast_head_json":{"title":"Ordinateurs et accessoires - Present","description":"Simplifiez l\u2019approvisionnement en TI avec Present : ordinateurs, accessoires et services int\u00e9gr\u00e9s pour une \u00e9quipe productive, s\u00e9curis\u00e9e et agile.","robots":{"index":"index","follow":"follow","max-snippet":"max-snippet:-1","max-image-preview":"max-image-preview:large","max-video-preview":"max-video-preview:-1"},"canonical":"https:\/\/www.present.ca\/fr\/solutions\/infrastructure-ti\/ordinateurs-et-accessoires\/","og_locale":"fr_FR","og_type":"article","og_title":"Ordinateurs et accessoires - Present","og_description":"Simplifiez l\u2019approvisionnement en TI avec Present : ordinateurs, accessoires et services int\u00e9gr\u00e9s pour une \u00e9quipe productive, s\u00e9curis\u00e9e et agile.","og_url":"https:\/\/www.present.ca\/fr\/solutions\/infrastructure-ti\/ordinateurs-et-accessoires\/","og_site_name":"Present","article_modified_time":"2025-08-14T12:01:40+00:00","og_image":[{"width":1200,"height":1200,"url":"https:\/\/www.present.ca\/wp-content\/uploads\/2025\/08\/Heading-1.png","type":"image\/png"}],"twitter_card":"summary_large_image","twitter_misc":{"Dur\u00e9e de lecture estim\u00e9e":"1 minute"},"schema":{"@context":"https:\/\/schema.org","@graph":[{"@type":"WebPage","@id":"https:\/\/www.present.ca\/fr\/solutions\/infrastructure-ti\/ordinateurs-et-accessoires\/","url":"https:\/\/www.present.ca\/fr\/solutions\/infrastructure-ti\/ordinateurs-et-accessoires\/","name":"Ordinateurs et accessoires - Present","isPartOf":{"@id":"https:\/\/www.present.ca\/fr\/#website"},"primaryImageOfPage":{"@id":"https:\/\/www.present.ca\/fr\/solutions\/infrastructure-ti\/ordinateurs-et-accessoires\/#primaryimage"},"image":{"@id":"https:\/\/www.present.ca\/fr\/solutions\/infrastructure-ti\/ordinateurs-et-accessoires\/#primaryimage"},"thumbnailUrl":"https:\/\/www.present.ca\/wp-content\/uploads\/2025\/08\/Heading-1.png","datePublished":"2025-08-05T13:22:01+00:00","dateModified":"2025-08-14T12:01:40+00:00","description":"Simplifiez l\u2019approvisionnement en TI avec Present : ordinateurs, accessoires et services int\u00e9gr\u00e9s pour une \u00e9quipe productive, s\u00e9curis\u00e9e et agile.","breadcrumb":{"@id":"https:\/\/www.present.ca\/fr\/solutions\/infrastructure-ti\/ordinateurs-et-accessoires\/#breadcrumb"},"inLanguage":"fr-FR","potentialAction":[{"@type":"ReadAction","target":["https:\/\/www.present.ca\/fr\/solutions\/infrastructure-ti\/ordinateurs-et-accessoires\/"]}]},{"@type":"ImageObject","inLanguage":"fr-FR","@id":"https:\/\/www.present.ca\/fr\/solutions\/infrastructure-ti\/ordinateurs-et-accessoires\/#primaryimage","url":"https:\/\/www.present.ca\/wp-content\/uploads\/2025\/08\/Heading-1.png","contentUrl":"https:\/\/www.present.ca\/wp-content\/uploads\/2025\/08\/Heading-1.png","width":1200,"height":1200},{"@type":"BreadcrumbList","@id":"https:\/\/www.present.ca\/fr\/solutions\/infrastructure-ti\/ordinateurs-et-accessoires\/#breadcrumb","itemListElement":[{"@type":"ListItem","position":1,"name":"Accueil","item":"https:\/\/www.present.ca\/fr\/"},{"@type":"ListItem","position":2,"name":"Solutions","item":"https:\/\/www.present.ca\/fr\/solutions\/"},{"@type":"ListItem","position":3,"name":"Infrastructure TI","item":"https:\/\/www.present.ca\/fr\/solutions\/infrastructure-ti\/"},{"@type":"ListItem","position":4,"name":"Ordinateurs et accessoires"}]},{"@type":"WebSite","@id":"https:\/\/www.present.ca\/fr\/#website","url":"https:\/\/www.present.ca\/fr\/","name":"Present","description":"Services G\u00e9r\u00e9s TI, S\u00e9curit\u00e9 G\u00e9r\u00e9e TI et Solutions de Cloud Hybride","potentialAction":[{"@type":"SearchAction","target":{"@type":"EntryPoint","urlTemplate":"https:\/\/www.present.ca\/fr\/?s={search_term_string}"},"query-input":{"@type":"PropertyValueSpecification","valueRequired":true,"valueName":"search_term_string"}}],"inLanguage":"fr-FR"}]}},"_links":{"self":[{"href":"https:\/\/www.present.ca\/fr\/wp-json\/wp\/v2\/pages\/32170","targetHints":{"allow":["GET"]}}],"collection":[{"href":"https:\/\/www.present.ca\/fr\/wp-json\/wp\/v2\/pages"}],"about":[{"href":"https:\/\/www.present.ca\/fr\/wp-json\/wp\/v2\/types\/page"}],"author":[{"embeddable":true,"href":"https:\/\/www.present.ca\/fr\/wp-json\/wp\/v2\/users\/3"}],"replies":[{"embeddable":true,"href":"https:\/\/www.present.ca\/fr\/wp-json\/wp\/v2\/comments?post=32170"}],"version-history":[{"count":3,"href":"https:\/\/www.present.ca\/fr\/wp-json\/wp\/v2\/pages\/32170\/revisions"}],"predecessor-version":[{"id":32222,"href":"https:\/\/www.present.ca\/fr\/wp-json\/wp\/v2\/pages\/32170\/revisions\/32222"}],"up":[{"embeddable":true,"href":"https:\/\/www.present.ca\/fr\/wp-json\/wp\/v2\/pages\/18289"}],"wp:featuredmedia":[{"embeddable":true,"href":"https:\/\/www.present.ca\/fr\/wp-json\/wp\/v2\/media\/32157"}],"wp:attachment":[{"href":"https:\/\/www.present.ca\/fr\/wp-json\/wp\/v2\/media?parent=32170"}],"curies":[{"name":"wp","href":"https:\/\/api.w.org\/{rel}","templated":true}]}}