{"id":30234,"date":"2024-11-29T08:30:16","date_gmt":"2024-11-29T13:30:16","guid":{"rendered":"https:\/\/www.present.ca\/?page_id=30234"},"modified":"2024-12-11T13:20:11","modified_gmt":"2024-12-11T18:20:11","slug":"copilot","status":"publish","type":"page","link":"https:\/\/www.present.ca\/fr\/solutions\/services-infonuagiques\/microsoft-365\/copilot\/","title":{"rendered":"Copilot"},"content":{"rendered":"<p>[vc_row][vc_column]<div id=\"ultimate-heading-273969f810fa024a6\" class=\"uvc-heading ult-adjust-bottom-margin ultimate-heading-273969f810fa024a6 uvc-4580 cursive\" data-hspacer=\"no_spacer\"  data-halign=\"center\" style=\"text-align:center\"><div class=\"uvc-heading-spacer no_spacer\" style=\"top\"><\/div><div class=\"uvc-main-heading ult-responsive\"  data-ultimate-target='.uvc-heading.ultimate-heading-273969f810fa024a6 h2'  data-responsive-json-new='{\"font-size\":\"\",\"line-height\":\"\"}' ><h2 style=\"font-weight:normal;\">Exploitez tout le potentiel de Microsoft Copilot avec les services de Present<\/h2><\/div><\/div>[vc_empty_space][vc_column_text]L\u2019IA est en plein essor et elle change la fa\u00e7on dont nous faisons des affaires. Il est devenu crucial d\u2019apprendre \u00e0 utiliser l\u2019IA dans un contexte professionnel pour donner un avantage \u00e0 votre entreprise.<\/p>\n<p>Copilot pour MS365 vise \u00e0 simplifier la vie des entreprises en utilisant l\u2019IA pour accro\u00eetre la productivit\u00e9 et stimuler la croissance. La r\u00e9ussite de son int\u00e9gration repose sur deux \u00e9l\u00e9ments essentiels\u00a0: la <strong>s\u00e9curit\u00e9<\/strong> et <strong>l\u2019\u00e9ducation<\/strong>.<\/p>\n<p>&nbsp;<\/p>\n<h3><strong>Nos services de copilote<\/strong><\/h3>\n<h4><strong>Analyse de s\u00e9curit\u00e9<\/strong><\/h4>\n<p>Il est important de pr\u00e9parer ad\u00e9quatement votre environnement pour \u00e9viter toute exposition potentielle de donn\u00e9es confidentielles et garantir que l&rsquo;int\u00e9gration de Copilot ne compromette pas l&rsquo;int\u00e9grit\u00e9 des donn\u00e9es de l&rsquo;organisation. Notre \u00e9valuation de l&rsquo;\u00e9tat de pr\u00e9paration \u00e0 la s\u00e9curit\u00e9 vous guidera tout au long du processus pour vous assurer de b\u00e9n\u00e9ficier rapidement de tous les avantages de Copilot tout en \u00e9vitant les probl\u00e8mes de s\u00e9curit\u00e9 potentiels.<\/p>\n<ul>\n<li><strong>Analyse compl\u00e8te :<\/strong> nos experts effectuent des contr\u00f4les de s\u00e9curit\u00e9 approfondis pour identifier les vuln\u00e9rabilit\u00e9s et garantir la protection de vos donn\u00e9es.<\/li>\n<li><strong>Rapports personnalis\u00e9s :<\/strong> recevez des rapports d\u00e9taill\u00e9s avec des recommandations sur mesure pour am\u00e9liorer votre posture de s\u00e9curit\u00e9. Nous pouvons \u00e9galement mettre en \u0153uvre ces recommandations pour vous, en vous fournissant une solution cl\u00e9 en main pour garantir votre protection.<\/li>\n<\/ul>\n<h4><strong><br \/>\nProgrammes de formation<\/strong><\/h4>\n<p>La formation permet aux utilisateurs d\u2019acqu\u00e9rir les connaissances et les comp\u00e9tences n\u00e9cessaires pour exploiter pleinement le potentiel de Copilot, am\u00e9liorant ainsi la productivit\u00e9 et l\u2019efficacit\u00e9 de l\u2019ensemble de l\u2019organisation.<\/p>\n<p>En \u00e9duquant vos utilisateurs, vous pouvez acc\u00e9l\u00e9rer l&rsquo;adoption de Copilot et maximiser votre retour sur investissement. <strong>Les statistiques montrent que la formation Copilot peut augmenter l&rsquo;utilisation de 500 % et que les participants gagnent 4,5 heures en moyenne par semaine !<\/strong><\/p>\n<p>Ateliers et formations : Participez \u00e0 des ateliers pratiques et \u00e0 des sessions de formation con\u00e7us pour aider votre \u00e9quipe \u00e0 ma\u00eetriser Copilot.<\/p>\n<p><strong>\u00a0<\/strong><\/p>\n<h3><strong>Expertise de Present<\/strong><\/h3>\n<p>Avec des ann\u00e9es d\u2019exp\u00e9rience et une compr\u00e9hension approfondie des technologies Microsoft, Present est bien \u00e9quip\u00e9 pour vous guider \u00e0 travers les complexit\u00e9s de Copilot et aider vos utilisateurs \u00e0 lib\u00e9rer l\u2019incroyable potentiel de Copilot.[\/vc_column_text][\/vc_column][\/vc_row][vc_row full_width=\u00a0\u00bbstretch_row_content\u00a0\u00bb bg_type=\u00a0\u00bbbg_color\u00a0\u00bb bg_color_value=\u00a0\u00bb#16a361&Prime; el_class=\u00a0\u00bbtilt-pos-3-deg\u00a0\u00bb][vc_column]<div id=\"ultimate-heading-724369f810fa0250f\" class=\"uvc-heading ult-adjust-bottom-margin ultimate-heading-724369f810fa0250f uvc-1806 \" data-hspacer=\"no_spacer\"  data-halign=\"center\" style=\"text-align:center\"><div class=\"uvc-heading-spacer no_spacer\" style=\"top\"><\/div><div class=\"uvc-main-heading ult-responsive\"  data-ultimate-target='.uvc-heading.ultimate-heading-724369f810fa0250f h3'  data-responsive-json-new='{\"font-size\":\"\",\"line-height\":\"\"}' ><h3 style=\"font-weight:normal;margin-top:10px;margin-bottom:25px;\">Contactez nos experts Copilot<\/h3><\/div><\/div><div class=\" ubtn-ctn-center \"><a class=\"ubtn-link ult-adjust-bottom-margin ubtn-center ubtn-large \" href=\"https:\/\/www.present.ca\/fr\/contactez-present\/\" title=\"Contact Us\" target=\"_blank\" rel=\"noopener\" ><button type=\"button\" id=\"ubtn-9814\"  class=\"ubtn ult-adjust-bottom-margin ult-responsive ubtn-large ubtn-no-hover-bg  none  ubtn-center   tooltip-69f810fa0255f\"  data-hover=\"#ffffff\" data-border-color=\"#ffffff\" data-bg=\"#ffffff\" data-hover-bg=\"#000000\" data-border-hover=\"#ffffff\" data-shadow-hover=\"\" data-shadow-click=\"none\" data-shadow=\"\" data-shd-shadow=\"\"  data-ultimate-target='#ubtn-9814'  data-responsive-json-new='{\"font-size\":\"desktop:18px;\",\"line-height\":\"desktop:24px;\"}'  style=\"font-weight:bold;border-radius:5px;border-width:3px;border-color:#ffffff;border-style:solid;background: #ffffff;color: #16a361;\"><span class=\"ubtn-hover\" style=\"background-color:#000000\"><\/span><span class=\"ubtn-data ubtn-text \" >Parlons-en<\/span><\/button><\/a><\/div>[vc_empty_space][\/vc_column][\/vc_row][vc_column width=\u00a0\u00bb1\/6&Prime;][vc_column_text][\/vc_column_text][\/vc_column][vc_column width=\u00a0\u00bb2\/3&Prime;][\/vc_column][vc_column width=\u00a0\u00bb1\/6&Prime;][\/vc_column]<\/p>\n","protected":false},"excerpt":{"rendered":"<p>[vc_row][vc_column][vc_empty_space][vc_column_text]L\u2019IA est en plein essor et elle change la fa\u00e7on dont nous faisons des affaires. Il est devenu crucial d\u2019apprendre \u00e0 utiliser l\u2019IA dans un contexte professionnel pour donner un avantage \u00e0 votre entreprise. Copilot pour MS365 vise \u00e0 simplifier la vie des entreprises en utilisant l\u2019IA pour accro\u00eetre la productivit\u00e9 et stimuler la croissance. [&#8230;]<\/p>\n","protected":false},"author":9,"featured_media":0,"parent":20127,"menu_order":0,"comment_status":"closed","ping_status":"closed","template":"","meta":{"_acf_changed":false,"footnotes":"","_wp_rev_ctl_limit":""},"class_list":["post-30234","page","type-page","status-publish","hentry"],"acf":[],"yoast_head":"<!-- This site is optimized with the Yoast SEO plugin v27.3 - https:\/\/yoast.com\/product\/yoast-seo-wordpress\/ -->\n<title>Copilot - Present<\/title>\n<meta name=\"description\" content=\"D\u00e9verrouillez tout le potentiel de Microsoft Copilot avec les services de Present. Notre analyse de s\u00e9curit\u00e9 garantit une int\u00e9gration sans risque, tandis que nos programmes de formation acc\u00e9l\u00e8rent l\u2019adoption de Copilot, boostant ainsi la productivit\u00e9 de votre \u00e9quipe. Profitez de notre expertise pour maximiser votre retour sur investissement et s\u00e9curiser vos donn\u00e9es.\" \/>\n<meta name=\"robots\" content=\"index, follow, max-snippet:-1, max-image-preview:large, max-video-preview:-1\" \/>\n<link rel=\"canonical\" href=\"https:\/\/www.present.ca\/fr\/solutions\/services-infonuagiques\/microsoft-365\/copilot\/\" \/>\n<meta property=\"og:locale\" content=\"fr_FR\" \/>\n<meta property=\"og:type\" content=\"article\" \/>\n<meta property=\"og:title\" content=\"Copilot - Present\" \/>\n<meta property=\"og:description\" content=\"D\u00e9verrouillez tout le potentiel de Microsoft Copilot avec les services de Present. Notre analyse de s\u00e9curit\u00e9 garantit une int\u00e9gration sans risque, tandis que nos programmes de formation acc\u00e9l\u00e8rent l\u2019adoption de Copilot, boostant ainsi la productivit\u00e9 de votre \u00e9quipe. Profitez de notre expertise pour maximiser votre retour sur investissement et s\u00e9curiser vos donn\u00e9es.\" \/>\n<meta property=\"og:url\" content=\"https:\/\/www.present.ca\/fr\/solutions\/services-infonuagiques\/microsoft-365\/copilot\/\" \/>\n<meta property=\"og:site_name\" content=\"Present\" \/>\n<meta property=\"article:modified_time\" content=\"2024-12-11T18:20:11+00:00\" \/>\n<meta name=\"twitter:card\" content=\"summary_large_image\" \/>\n<meta name=\"twitter:label1\" content=\"Dur\u00e9e de lecture estim\u00e9e\" \/>\n\t<meta name=\"twitter:data1\" content=\"2 minutes\" \/>\n<script type=\"application\/ld+json\" class=\"yoast-schema-graph\">{\"@context\":\"https:\\\/\\\/schema.org\",\"@graph\":[{\"@type\":\"WebPage\",\"@id\":\"https:\\\/\\\/www.present.ca\\\/fr\\\/solutions\\\/services-infonuagiques\\\/microsoft-365\\\/copilot\\\/\",\"url\":\"https:\\\/\\\/www.present.ca\\\/fr\\\/solutions\\\/services-infonuagiques\\\/microsoft-365\\\/copilot\\\/\",\"name\":\"Copilot - Present\",\"isPartOf\":{\"@id\":\"https:\\\/\\\/www.present.ca\\\/fr\\\/#website\"},\"datePublished\":\"2024-11-29T13:30:16+00:00\",\"dateModified\":\"2024-12-11T18:20:11+00:00\",\"description\":\"D\u00e9verrouillez tout le potentiel de Microsoft Copilot avec les services de Present. Notre analyse de s\u00e9curit\u00e9 garantit une int\u00e9gration sans risque, tandis que nos programmes de formation acc\u00e9l\u00e8rent l\u2019adoption de Copilot, boostant ainsi la productivit\u00e9 de votre \u00e9quipe. Profitez de notre expertise pour maximiser votre retour sur investissement et s\u00e9curiser vos donn\u00e9es.\",\"breadcrumb\":{\"@id\":\"https:\\\/\\\/www.present.ca\\\/fr\\\/solutions\\\/services-infonuagiques\\\/microsoft-365\\\/copilot\\\/#breadcrumb\"},\"inLanguage\":\"fr-FR\",\"potentialAction\":[{\"@type\":\"ReadAction\",\"target\":[\"https:\\\/\\\/www.present.ca\\\/fr\\\/solutions\\\/services-infonuagiques\\\/microsoft-365\\\/copilot\\\/\"]}]},{\"@type\":\"BreadcrumbList\",\"@id\":\"https:\\\/\\\/www.present.ca\\\/fr\\\/solutions\\\/services-infonuagiques\\\/microsoft-365\\\/copilot\\\/#breadcrumb\",\"itemListElement\":[{\"@type\":\"ListItem\",\"position\":1,\"name\":\"Accueil\",\"item\":\"https:\\\/\\\/www.present.ca\\\/fr\\\/\"},{\"@type\":\"ListItem\",\"position\":2,\"name\":\"Solutions\",\"item\":\"https:\\\/\\\/www.present.ca\\\/fr\\\/solutions\\\/\"},{\"@type\":\"ListItem\",\"position\":3,\"name\":\"Services infonuagiques\",\"item\":\"https:\\\/\\\/www.present.ca\\\/fr\\\/solutions\\\/services-infonuagiques\\\/\"},{\"@type\":\"ListItem\",\"position\":4,\"name\":\"Microsoft 365\",\"item\":\"https:\\\/\\\/www.present.ca\\\/fr\\\/solutions\\\/services-infonuagiques\\\/microsoft-365\\\/\"},{\"@type\":\"ListItem\",\"position\":5,\"name\":\"Copilot\"}]},{\"@type\":\"WebSite\",\"@id\":\"https:\\\/\\\/www.present.ca\\\/fr\\\/#website\",\"url\":\"https:\\\/\\\/www.present.ca\\\/fr\\\/\",\"name\":\"Present\",\"description\":\"Services G\u00e9r\u00e9s TI, S\u00e9curit\u00e9 G\u00e9r\u00e9e TI et Solutions de Cloud Hybride\",\"potentialAction\":[{\"@type\":\"SearchAction\",\"target\":{\"@type\":\"EntryPoint\",\"urlTemplate\":\"https:\\\/\\\/www.present.ca\\\/fr\\\/?s={search_term_string}\"},\"query-input\":{\"@type\":\"PropertyValueSpecification\",\"valueRequired\":true,\"valueName\":\"search_term_string\"}}],\"inLanguage\":\"fr-FR\"}]}<\/script>\n<!-- \/ Yoast SEO plugin. -->","yoast_head_json":{"title":"Copilot - Present","description":"D\u00e9verrouillez tout le potentiel de Microsoft Copilot avec les services de Present. Notre analyse de s\u00e9curit\u00e9 garantit une int\u00e9gration sans risque, tandis que nos programmes de formation acc\u00e9l\u00e8rent l\u2019adoption de Copilot, boostant ainsi la productivit\u00e9 de votre \u00e9quipe. Profitez de notre expertise pour maximiser votre retour sur investissement et s\u00e9curiser vos donn\u00e9es.","robots":{"index":"index","follow":"follow","max-snippet":"max-snippet:-1","max-image-preview":"max-image-preview:large","max-video-preview":"max-video-preview:-1"},"canonical":"https:\/\/www.present.ca\/fr\/solutions\/services-infonuagiques\/microsoft-365\/copilot\/","og_locale":"fr_FR","og_type":"article","og_title":"Copilot - Present","og_description":"D\u00e9verrouillez tout le potentiel de Microsoft Copilot avec les services de Present. Notre analyse de s\u00e9curit\u00e9 garantit une int\u00e9gration sans risque, tandis que nos programmes de formation acc\u00e9l\u00e8rent l\u2019adoption de Copilot, boostant ainsi la productivit\u00e9 de votre \u00e9quipe. Profitez de notre expertise pour maximiser votre retour sur investissement et s\u00e9curiser vos donn\u00e9es.","og_url":"https:\/\/www.present.ca\/fr\/solutions\/services-infonuagiques\/microsoft-365\/copilot\/","og_site_name":"Present","article_modified_time":"2024-12-11T18:20:11+00:00","twitter_card":"summary_large_image","twitter_misc":{"Dur\u00e9e de lecture estim\u00e9e":"2 minutes"},"schema":{"@context":"https:\/\/schema.org","@graph":[{"@type":"WebPage","@id":"https:\/\/www.present.ca\/fr\/solutions\/services-infonuagiques\/microsoft-365\/copilot\/","url":"https:\/\/www.present.ca\/fr\/solutions\/services-infonuagiques\/microsoft-365\/copilot\/","name":"Copilot - Present","isPartOf":{"@id":"https:\/\/www.present.ca\/fr\/#website"},"datePublished":"2024-11-29T13:30:16+00:00","dateModified":"2024-12-11T18:20:11+00:00","description":"D\u00e9verrouillez tout le potentiel de Microsoft Copilot avec les services de Present. Notre analyse de s\u00e9curit\u00e9 garantit une int\u00e9gration sans risque, tandis que nos programmes de formation acc\u00e9l\u00e8rent l\u2019adoption de Copilot, boostant ainsi la productivit\u00e9 de votre \u00e9quipe. Profitez de notre expertise pour maximiser votre retour sur investissement et s\u00e9curiser vos donn\u00e9es.","breadcrumb":{"@id":"https:\/\/www.present.ca\/fr\/solutions\/services-infonuagiques\/microsoft-365\/copilot\/#breadcrumb"},"inLanguage":"fr-FR","potentialAction":[{"@type":"ReadAction","target":["https:\/\/www.present.ca\/fr\/solutions\/services-infonuagiques\/microsoft-365\/copilot\/"]}]},{"@type":"BreadcrumbList","@id":"https:\/\/www.present.ca\/fr\/solutions\/services-infonuagiques\/microsoft-365\/copilot\/#breadcrumb","itemListElement":[{"@type":"ListItem","position":1,"name":"Accueil","item":"https:\/\/www.present.ca\/fr\/"},{"@type":"ListItem","position":2,"name":"Solutions","item":"https:\/\/www.present.ca\/fr\/solutions\/"},{"@type":"ListItem","position":3,"name":"Services infonuagiques","item":"https:\/\/www.present.ca\/fr\/solutions\/services-infonuagiques\/"},{"@type":"ListItem","position":4,"name":"Microsoft 365","item":"https:\/\/www.present.ca\/fr\/solutions\/services-infonuagiques\/microsoft-365\/"},{"@type":"ListItem","position":5,"name":"Copilot"}]},{"@type":"WebSite","@id":"https:\/\/www.present.ca\/fr\/#website","url":"https:\/\/www.present.ca\/fr\/","name":"Present","description":"Services G\u00e9r\u00e9s TI, S\u00e9curit\u00e9 G\u00e9r\u00e9e TI et Solutions de Cloud Hybride","potentialAction":[{"@type":"SearchAction","target":{"@type":"EntryPoint","urlTemplate":"https:\/\/www.present.ca\/fr\/?s={search_term_string}"},"query-input":{"@type":"PropertyValueSpecification","valueRequired":true,"valueName":"search_term_string"}}],"inLanguage":"fr-FR"}]}},"_links":{"self":[{"href":"https:\/\/www.present.ca\/fr\/wp-json\/wp\/v2\/pages\/30234","targetHints":{"allow":["GET"]}}],"collection":[{"href":"https:\/\/www.present.ca\/fr\/wp-json\/wp\/v2\/pages"}],"about":[{"href":"https:\/\/www.present.ca\/fr\/wp-json\/wp\/v2\/types\/page"}],"author":[{"embeddable":true,"href":"https:\/\/www.present.ca\/fr\/wp-json\/wp\/v2\/users\/9"}],"replies":[{"embeddable":true,"href":"https:\/\/www.present.ca\/fr\/wp-json\/wp\/v2\/comments?post=30234"}],"version-history":[{"count":2,"href":"https:\/\/www.present.ca\/fr\/wp-json\/wp\/v2\/pages\/30234\/revisions"}],"predecessor-version":[{"id":30252,"href":"https:\/\/www.present.ca\/fr\/wp-json\/wp\/v2\/pages\/30234\/revisions\/30252"}],"up":[{"embeddable":true,"href":"https:\/\/www.present.ca\/fr\/wp-json\/wp\/v2\/pages\/20127"}],"wp:attachment":[{"href":"https:\/\/www.present.ca\/fr\/wp-json\/wp\/v2\/media?parent=30234"}],"curies":[{"name":"wp","href":"https:\/\/api.w.org\/{rel}","templated":true}]}}