{"id":30231,"date":"2024-11-29T08:14:23","date_gmt":"2024-11-29T13:14:23","guid":{"rendered":"https:\/\/www.present.ca\/?page_id=30231"},"modified":"2024-12-11T13:18:39","modified_gmt":"2024-12-11T18:18:39","slug":"protection-des-donnees","status":"publish","type":"page","link":"https:\/\/www.present.ca\/fr\/solutions\/securite-geree-ti\/protection-des-donnees\/","title":{"rendered":"Protection des donn\u00e9es"},"content":{"rendered":"<p>[vc_row][vc_column]<div id=\"ultimate-heading-487769f3bdeaec8f0\" class=\"uvc-heading ult-adjust-bottom-margin ultimate-heading-487769f3bdeaec8f0 uvc-9431 \" data-hspacer=\"no_spacer\"  data-halign=\"center\" style=\"text-align:center\"><div class=\"uvc-heading-spacer no_spacer\" style=\"top\"><\/div><div class=\"uvc-main-heading ult-responsive\"  data-ultimate-target='.uvc-heading.ultimate-heading-487769f3bdeaec8f0 h2'  data-responsive-json-new='{\"font-size\":\"\",\"line-height\":\"\"}' ><h2 style=\"font-weight:normal;\">S\u00e9curisez vos donn\u00e9es, assurez la conformit\u00e9<\/h2><\/div><\/div>[vc_empty_space][vc_column_text]Notre solution compl\u00e8te de protection des donn\u00e9es est con\u00e7ue pour prot\u00e9ger votre actif le plus pr\u00e9cieux\u00a0: vos donn\u00e9es, et vous aider \u00e0 respecter les exigences de conformit\u00e9, telles que la loi 25.<\/p>\n<p>Elle emp\u00eachera l&rsquo;exposition de contenu sensible en surveillant et en appliquant des politiques dans les environnements Microsoft 365 tels que SharePoint, OneDrive et Teams. Cette surveillance proactive permet de garantir que tout acc\u00e8s non autoris\u00e9 est rapidement signal\u00e9, ce qui vous permet de prendre des mesures correctives pour s\u00e9curiser vos donn\u00e9es.<\/p>\n<p>&nbsp;<\/p>\n<h4><strong>Pourquoi choisir notre solution ?<\/strong><\/h4>\n<ul>\n<li><strong>Abonnement abordable :<\/strong> b\u00e9n\u00e9ficiez de la protection des donn\u00e9es et de la conformit\u00e9 \u00e0 un tarif d&rsquo;abonnement mensuel bas, ce qui rend notre solution accessible et rentable pour les entreprises de toutes tailles.<\/li>\n<li><strong>Pr\u00e9venir l&rsquo;exposition de contenu sensible :<\/strong> notre solution surveille et applique les politiques dans les environnements Microsoft 365 tels que Teams, SharePoint et OneDrive. Cela garantit que les donn\u00e9es sensibles sont suivies et ne sont pas partag\u00e9es de mani\u00e8re excessive ou consult\u00e9es par des utilisateurs non autoris\u00e9s.<\/li>\n<li><strong>Conformit\u00e9 \u00e0 la loi 25\u00a0:<\/strong> essentielle pour se conformer \u00e0 la loi 25, notre solution vous aide \u00e0 maintenir les normes les plus \u00e9lev\u00e9es de confidentialit\u00e9 et de protection des donn\u00e9es.<\/li>\n<\/ul>\n<h4><strong>Caract\u00e9ristiques principales<\/strong><\/h4>\n<ul>\n<li><strong>Surveillance avanc\u00e9e :<\/strong> surveillance continue de vos environnements de donn\u00e9es pour d\u00e9tecter et emp\u00eacher tout acc\u00e8s ou partage non autoris\u00e9.<\/li>\n<li><strong>Application automatis\u00e9e des politiques :<\/strong> appliquez automatiquement les politiques pour annuler les modifications non autoris\u00e9es et g\u00e9rer les autorisations, r\u00e9duisant ainsi le risque d&rsquo;erreur humaine.<\/li>\n<li><strong>Rapports d\u00e9taill\u00e9s :<\/strong> obtenez des informations sur la sensibilit\u00e9 des donn\u00e9es et les niveaux d&rsquo;exposition gr\u00e2ce \u00e0 des rapports complets qui vous aident \u00e0 identifier et \u00e0 hi\u00e9rarchiser les risques.<\/li>\n<li><strong>Att\u00e9nuation des risques :<\/strong> traitez de mani\u00e8re proactive les comportements de partage excessif et les menaces potentielles pour la s\u00e9curit\u00e9 afin de prot\u00e9ger vos donn\u00e9es.<\/li>\n<li><strong>Conformit\u00e9 r\u00e9glementaire\u00a0:<\/strong> assurez-vous que vos pratiques de traitement des donn\u00e9es respectent les normes r\u00e9glementaires, telles que la loi 25, avec une piste d&rsquo;audit claire et un support de conformit\u00e9.<\/li>\n<\/ul>\n<p>Ayez l&rsquo;esprit tranquille en sachant que vous suivez et s\u00e9curisez vos donn\u00e9es en toute confiance et que vous \u00eates enti\u00e8rement conforme \u00e0 la loi 25 et aux autres r\u00e9glementations en mati\u00e8re de protection des donn\u00e9es.[\/vc_column_text][vc_empty_space][\/vc_column][\/vc_row][vc_row full_width=\u00a0\u00bbstretch_row_content\u00a0\u00bb bg_type=\u00a0\u00bbbg_color\u00a0\u00bb el_class=\u00a0\u00bbtilt-pos-3-deg\u00a0\u00bb css=\u00a0\u00bb.vc_custom_1589311146719{padding-top: 0px !important;padding-bottom: 0px !important;}\u00a0\u00bb bg_color_value=\u00a0\u00bb#16a361&Prime;][vc_column][vc_empty_space height=\u00a0\u00bb18px\u00a0\u00bb]<div id=\"ultimate-heading-738869f3bdeaec93c\" class=\"uvc-heading ult-adjust-bottom-margin ultimate-heading-738869f3bdeaec93c uvc-1519 \" data-hspacer=\"no_spacer\"  data-halign=\"center\" style=\"text-align:center\"><div class=\"uvc-heading-spacer no_spacer\" style=\"top\"><\/div><div class=\"uvc-main-heading ult-responsive\"  data-ultimate-target='.uvc-heading.ultimate-heading-738869f3bdeaec93c h3'  data-responsive-json-new='{\"font-size\":\"\",\"line-height\":\"\"}' ><h3 style=\"font-weight:normal;margin-top:10px;margin-bottom:25px;\">Contactez un expert Copilot<\/h3><\/div><\/div><div class=\" ubtn-ctn-center \"><a class=\"ubtn-link ult-adjust-bottom-margin ubtn-center ubtn-large \" href=\"https:\/\/www.present.ca\/fr\/contactez-present\/\" title=\"Contact Present\" ><button type=\"button\" id=\"ubtn-3492\"  class=\"ubtn ult-adjust-bottom-margin ult-responsive ubtn-large ubtn-no-hover-bg  none  ubtn-center   tooltip-69f3bdeaec96f\"  data-hover=\"#ffffff\" data-border-color=\"#ffffff\" data-bg=\"#ffffff\" data-hover-bg=\"#000000\" data-border-hover=\"#ffffff\" data-shadow-hover=\"\" data-shadow-click=\"none\" data-shadow=\"\" data-shd-shadow=\"\"  data-ultimate-target='#ubtn-3492'  data-responsive-json-new='{\"font-size\":\"desktop:18px;\",\"line-height\":\"desktop:24px;\"}'  style=\"font-weight:bold;border-radius:5px;border-width:3px;border-color:#ffffff;border-style:solid;background: #ffffff;color: #16a361;\"><span class=\"ubtn-hover\" style=\"background-color:#000000\"><\/span><span class=\"ubtn-data ubtn-text \" >Parlons-en<\/span><\/button><\/a><\/div>[\/vc_column][\/vc_row]<\/p>\n","protected":false},"excerpt":{"rendered":"<p>[vc_row][vc_column][vc_empty_space][vc_column_text]Notre solution compl\u00e8te de protection des donn\u00e9es est con\u00e7ue pour prot\u00e9ger votre actif le plus pr\u00e9cieux\u00a0: vos donn\u00e9es, et vous aider \u00e0 respecter les exigences de conformit\u00e9, telles que la loi 25. Elle emp\u00eachera l&rsquo;exposition de contenu sensible en surveillant et en appliquant des politiques dans les environnements Microsoft 365 tels que SharePoint, OneDrive et [&#8230;]<\/p>\n","protected":false},"author":9,"featured_media":0,"parent":20134,"menu_order":0,"comment_status":"closed","ping_status":"closed","template":"","meta":{"_acf_changed":false,"footnotes":"","_wp_rev_ctl_limit":""},"class_list":["post-30231","page","type-page","status-publish","hentry"],"acf":[],"yoast_head":"<!-- This site is optimized with the Yoast SEO plugin v27.3 - https:\/\/yoast.com\/product\/yoast-seo-wordpress\/ -->\n<title>Protection des donn\u00e9es - Present<\/title>\n<meta name=\"description\" content=\"Prot\u00e9gez vos donn\u00e9es sensibles et assurez votre conformit\u00e9 \u00e0 la Loi 25 gr\u00e2ce \u00e0 notre solution de protection abordable. Surveillez et s\u00e9curisez vos environnements Microsoft 365, comme Teams, SharePoint et OneDrive, avec des fonctionnalit\u00e9s avanc\u00e9es telles que l\u2019application automatique des politiques et des rapports d\u00e9taill\u00e9s. S\u00e9curisez votre entreprise d\u00e8s aujourd\u2019hui !\" \/>\n<meta name=\"robots\" content=\"index, follow, max-snippet:-1, max-image-preview:large, max-video-preview:-1\" \/>\n<link rel=\"canonical\" href=\"https:\/\/www.present.ca\/fr\/solutions\/securite-geree-ti\/protection-des-donnees\/\" \/>\n<meta property=\"og:locale\" content=\"fr_FR\" \/>\n<meta property=\"og:type\" content=\"article\" \/>\n<meta property=\"og:title\" content=\"Protection des donn\u00e9es - Present\" \/>\n<meta property=\"og:description\" content=\"Prot\u00e9gez vos donn\u00e9es sensibles et assurez votre conformit\u00e9 \u00e0 la Loi 25 gr\u00e2ce \u00e0 notre solution de protection abordable. Surveillez et s\u00e9curisez vos environnements Microsoft 365, comme Teams, SharePoint et OneDrive, avec des fonctionnalit\u00e9s avanc\u00e9es telles que l\u2019application automatique des politiques et des rapports d\u00e9taill\u00e9s. S\u00e9curisez votre entreprise d\u00e8s aujourd\u2019hui !\" \/>\n<meta property=\"og:url\" content=\"https:\/\/www.present.ca\/fr\/solutions\/securite-geree-ti\/protection-des-donnees\/\" \/>\n<meta property=\"og:site_name\" content=\"Present\" \/>\n<meta property=\"article:modified_time\" content=\"2024-12-11T18:18:39+00:00\" \/>\n<meta name=\"twitter:card\" content=\"summary_large_image\" \/>\n<meta name=\"twitter:label1\" content=\"Dur\u00e9e de lecture estim\u00e9e\" \/>\n\t<meta name=\"twitter:data1\" content=\"2 minutes\" \/>\n<script type=\"application\/ld+json\" class=\"yoast-schema-graph\">{\"@context\":\"https:\\\/\\\/schema.org\",\"@graph\":[{\"@type\":\"WebPage\",\"@id\":\"https:\\\/\\\/www.present.ca\\\/fr\\\/solutions\\\/securite-geree-ti\\\/protection-des-donnees\\\/\",\"url\":\"https:\\\/\\\/www.present.ca\\\/fr\\\/solutions\\\/securite-geree-ti\\\/protection-des-donnees\\\/\",\"name\":\"Protection des donn\u00e9es - Present\",\"isPartOf\":{\"@id\":\"https:\\\/\\\/www.present.ca\\\/fr\\\/#website\"},\"datePublished\":\"2024-11-29T13:14:23+00:00\",\"dateModified\":\"2024-12-11T18:18:39+00:00\",\"description\":\"Prot\u00e9gez vos donn\u00e9es sensibles et assurez votre conformit\u00e9 \u00e0 la Loi 25 gr\u00e2ce \u00e0 notre solution de protection abordable. Surveillez et s\u00e9curisez vos environnements Microsoft 365, comme Teams, SharePoint et OneDrive, avec des fonctionnalit\u00e9s avanc\u00e9es telles que l\u2019application automatique des politiques et des rapports d\u00e9taill\u00e9s. S\u00e9curisez votre entreprise d\u00e8s aujourd\u2019hui !\",\"breadcrumb\":{\"@id\":\"https:\\\/\\\/www.present.ca\\\/fr\\\/solutions\\\/securite-geree-ti\\\/protection-des-donnees\\\/#breadcrumb\"},\"inLanguage\":\"fr-FR\",\"potentialAction\":[{\"@type\":\"ReadAction\",\"target\":[\"https:\\\/\\\/www.present.ca\\\/fr\\\/solutions\\\/securite-geree-ti\\\/protection-des-donnees\\\/\"]}]},{\"@type\":\"BreadcrumbList\",\"@id\":\"https:\\\/\\\/www.present.ca\\\/fr\\\/solutions\\\/securite-geree-ti\\\/protection-des-donnees\\\/#breadcrumb\",\"itemListElement\":[{\"@type\":\"ListItem\",\"position\":1,\"name\":\"Accueil\",\"item\":\"https:\\\/\\\/www.present.ca\\\/fr\\\/\"},{\"@type\":\"ListItem\",\"position\":2,\"name\":\"Solutions\",\"item\":\"https:\\\/\\\/www.present.ca\\\/fr\\\/solutions\\\/\"},{\"@type\":\"ListItem\",\"position\":3,\"name\":\"S\u00e9curit\u00e9 G\u00e9r\u00e9e TI\",\"item\":\"https:\\\/\\\/www.present.ca\\\/fr\\\/solutions\\\/securite-geree-ti\\\/\"},{\"@type\":\"ListItem\",\"position\":4,\"name\":\"Protection des donn\u00e9es\"}]},{\"@type\":\"WebSite\",\"@id\":\"https:\\\/\\\/www.present.ca\\\/fr\\\/#website\",\"url\":\"https:\\\/\\\/www.present.ca\\\/fr\\\/\",\"name\":\"Present\",\"description\":\"Services G\u00e9r\u00e9s TI, S\u00e9curit\u00e9 G\u00e9r\u00e9e TI et Solutions de Cloud Hybride\",\"potentialAction\":[{\"@type\":\"SearchAction\",\"target\":{\"@type\":\"EntryPoint\",\"urlTemplate\":\"https:\\\/\\\/www.present.ca\\\/fr\\\/?s={search_term_string}\"},\"query-input\":{\"@type\":\"PropertyValueSpecification\",\"valueRequired\":true,\"valueName\":\"search_term_string\"}}],\"inLanguage\":\"fr-FR\"}]}<\/script>\n<!-- \/ Yoast SEO plugin. -->","yoast_head_json":{"title":"Protection des donn\u00e9es - Present","description":"Prot\u00e9gez vos donn\u00e9es sensibles et assurez votre conformit\u00e9 \u00e0 la Loi 25 gr\u00e2ce \u00e0 notre solution de protection abordable. Surveillez et s\u00e9curisez vos environnements Microsoft 365, comme Teams, SharePoint et OneDrive, avec des fonctionnalit\u00e9s avanc\u00e9es telles que l\u2019application automatique des politiques et des rapports d\u00e9taill\u00e9s. S\u00e9curisez votre entreprise d\u00e8s aujourd\u2019hui !","robots":{"index":"index","follow":"follow","max-snippet":"max-snippet:-1","max-image-preview":"max-image-preview:large","max-video-preview":"max-video-preview:-1"},"canonical":"https:\/\/www.present.ca\/fr\/solutions\/securite-geree-ti\/protection-des-donnees\/","og_locale":"fr_FR","og_type":"article","og_title":"Protection des donn\u00e9es - Present","og_description":"Prot\u00e9gez vos donn\u00e9es sensibles et assurez votre conformit\u00e9 \u00e0 la Loi 25 gr\u00e2ce \u00e0 notre solution de protection abordable. Surveillez et s\u00e9curisez vos environnements Microsoft 365, comme Teams, SharePoint et OneDrive, avec des fonctionnalit\u00e9s avanc\u00e9es telles que l\u2019application automatique des politiques et des rapports d\u00e9taill\u00e9s. S\u00e9curisez votre entreprise d\u00e8s aujourd\u2019hui !","og_url":"https:\/\/www.present.ca\/fr\/solutions\/securite-geree-ti\/protection-des-donnees\/","og_site_name":"Present","article_modified_time":"2024-12-11T18:18:39+00:00","twitter_card":"summary_large_image","twitter_misc":{"Dur\u00e9e de lecture estim\u00e9e":"2 minutes"},"schema":{"@context":"https:\/\/schema.org","@graph":[{"@type":"WebPage","@id":"https:\/\/www.present.ca\/fr\/solutions\/securite-geree-ti\/protection-des-donnees\/","url":"https:\/\/www.present.ca\/fr\/solutions\/securite-geree-ti\/protection-des-donnees\/","name":"Protection des donn\u00e9es - Present","isPartOf":{"@id":"https:\/\/www.present.ca\/fr\/#website"},"datePublished":"2024-11-29T13:14:23+00:00","dateModified":"2024-12-11T18:18:39+00:00","description":"Prot\u00e9gez vos donn\u00e9es sensibles et assurez votre conformit\u00e9 \u00e0 la Loi 25 gr\u00e2ce \u00e0 notre solution de protection abordable. Surveillez et s\u00e9curisez vos environnements Microsoft 365, comme Teams, SharePoint et OneDrive, avec des fonctionnalit\u00e9s avanc\u00e9es telles que l\u2019application automatique des politiques et des rapports d\u00e9taill\u00e9s. S\u00e9curisez votre entreprise d\u00e8s aujourd\u2019hui !","breadcrumb":{"@id":"https:\/\/www.present.ca\/fr\/solutions\/securite-geree-ti\/protection-des-donnees\/#breadcrumb"},"inLanguage":"fr-FR","potentialAction":[{"@type":"ReadAction","target":["https:\/\/www.present.ca\/fr\/solutions\/securite-geree-ti\/protection-des-donnees\/"]}]},{"@type":"BreadcrumbList","@id":"https:\/\/www.present.ca\/fr\/solutions\/securite-geree-ti\/protection-des-donnees\/#breadcrumb","itemListElement":[{"@type":"ListItem","position":1,"name":"Accueil","item":"https:\/\/www.present.ca\/fr\/"},{"@type":"ListItem","position":2,"name":"Solutions","item":"https:\/\/www.present.ca\/fr\/solutions\/"},{"@type":"ListItem","position":3,"name":"S\u00e9curit\u00e9 G\u00e9r\u00e9e TI","item":"https:\/\/www.present.ca\/fr\/solutions\/securite-geree-ti\/"},{"@type":"ListItem","position":4,"name":"Protection des donn\u00e9es"}]},{"@type":"WebSite","@id":"https:\/\/www.present.ca\/fr\/#website","url":"https:\/\/www.present.ca\/fr\/","name":"Present","description":"Services G\u00e9r\u00e9s TI, S\u00e9curit\u00e9 G\u00e9r\u00e9e TI et Solutions de Cloud Hybride","potentialAction":[{"@type":"SearchAction","target":{"@type":"EntryPoint","urlTemplate":"https:\/\/www.present.ca\/fr\/?s={search_term_string}"},"query-input":{"@type":"PropertyValueSpecification","valueRequired":true,"valueName":"search_term_string"}}],"inLanguage":"fr-FR"}]}},"_links":{"self":[{"href":"https:\/\/www.present.ca\/fr\/wp-json\/wp\/v2\/pages\/30231","targetHints":{"allow":["GET"]}}],"collection":[{"href":"https:\/\/www.present.ca\/fr\/wp-json\/wp\/v2\/pages"}],"about":[{"href":"https:\/\/www.present.ca\/fr\/wp-json\/wp\/v2\/types\/page"}],"author":[{"embeddable":true,"href":"https:\/\/www.present.ca\/fr\/wp-json\/wp\/v2\/users\/9"}],"replies":[{"embeddable":true,"href":"https:\/\/www.present.ca\/fr\/wp-json\/wp\/v2\/comments?post=30231"}],"version-history":[{"count":3,"href":"https:\/\/www.present.ca\/fr\/wp-json\/wp\/v2\/pages\/30231\/revisions"}],"predecessor-version":[{"id":30253,"href":"https:\/\/www.present.ca\/fr\/wp-json\/wp\/v2\/pages\/30231\/revisions\/30253"}],"up":[{"embeddable":true,"href":"https:\/\/www.present.ca\/fr\/wp-json\/wp\/v2\/pages\/20134"}],"wp:attachment":[{"href":"https:\/\/www.present.ca\/fr\/wp-json\/wp\/v2\/media?parent=30231"}],"curies":[{"name":"wp","href":"https:\/\/api.w.org\/{rel}","templated":true}]}}