{"id":26350,"date":"2023-02-28T14:22:53","date_gmt":"2023-02-28T19:22:53","guid":{"rendered":"https:\/\/www.present.ca\/?page_id=26350"},"modified":"2024-01-03T15:44:03","modified_gmt":"2024-01-03T20:44:03","slug":"une-fraude-a-un-president-dentreprise-qui-coute-des-million","status":"publish","type":"page","link":"https:\/\/www.present.ca\/fr\/ressources\/etude-de-cas\/une-fraude-a-un-president-dentreprise-qui-coute-des-million\/","title":{"rendered":"Une fraude \u00e0 un pr\u00e9sident d&rsquo;entreprise qui coute des million$$$"},"content":{"rendered":"<p>[vc_row][vc_column]<div id=\"ultimate-heading-246769e19868829de\" class=\"uvc-heading ult-adjust-bottom-margin ultimate-heading-246769e19868829de uvc-112 cursive\" data-hspacer=\"no_spacer\"  data-halign=\"center\" style=\"text-align:center\"><div class=\"uvc-heading-spacer no_spacer\" style=\"top\"><\/div><div class=\"uvc-main-heading ult-responsive\"  data-ultimate-target='.uvc-heading.ultimate-heading-246769e19868829de h2'  data-responsive-json-new='{\"font-size\":\"\",\"line-height\":\"\"}' ><h2 style=\"font-weight:normal;\">Industrie: Pharmaceutique<\/h2><\/div><div class=\"uvc-sub-heading ult-responsive\"  data-ultimate-target='.uvc-heading.ultimate-heading-246769e19868829de .uvc-sub-heading '  data-responsive-json-new='{\"font-size\":\"\",\"line-height\":\"\"}'  style=\"font-weight:normal;\"><\/p>\n<h4><strong>Client:<\/strong> Une jeune entreprise qu\u00e9b\u00e9coise desservant le march\u00e9 nord-am\u00e9ricain<\/h4>\n<p><\/div><\/div>[\/vc_column][\/vc_row][vc_row][vc_column width=\u00a0\u00bb1\/3&Prime;][vc_column_text]<strong>Situation:<\/strong><\/p>\n<ul type=\"disc\">\n<li class=\"x_MsoNormal\"><span lang=\"FR-CA\">Des comptes courriel au sein de l\u2019entreprise furent compromis. En effet, l\u2019attaquant a eu acc\u00e8s aux boites courriel pendant quelques jours avant la fraude<\/span> <span class=\"x_y2iqfc\"><span lang=\"FR\">et pendant ce temps il <\/span><\/span><span lang=\"FR-CA\">a pu planifier son attaque en observant la structure des courriels et la fa\u00e7on dont les demandes aupr\u00e8s des employ\u00e9s \u00e9taient formul\u00e9es par le pr\u00e9sident de l\u2019entreprise.\u00a0<\/span><\/li>\n<li class=\"x_MsoNormal\"><span lang=\"FR-CA\">Le pirate a par la suite utilis\u00e9 la boite courriel du pr\u00e9sident afin d\u2019envoyer des demandes de transfert d\u2019argent se chiffrant en millions de dollars vers des comptes <em>offshore<\/em>.<\/span><\/li>\n<li class=\"x_MsoNormal\"><span lang=\"FR-CA\">L\u2019entreprise a subi une perte de <strong>plusieurs millions de dollars<\/strong>.<\/span><\/li>\n<\/ul>\n<p>[\/vc_column_text][\/vc_column][vc_column width=\u00a0\u00bb1\/3&Prime;][vc_column_text]<b>Solution<\/b>:<\/p>\n<ul>\n<li class=\"x_MsoNormal\"><span lang=\"FR-CA\">La compagnie nous a contact\u00e9 suite \u00e0 la d\u00e9tection de cette fraude et nous avons proc\u00e9d\u00e9 au nettoyage des boites de courriel et changements des mots de passe.<\/span><\/li>\n<li class=\"x_MsoNormal\"><span lang=\"FR-CA\">Nous avons aussi compl\u00e9t\u00e9 un mandat de rehaussement de s\u00e9curit\u00e9 avec installation d\u2019un MFA et d\u2019un MDR.<\/span><\/li>\n<\/ul>\n<p>[\/vc_column_text][\/vc_column][vc_column width=\u00a0\u00bb1\/3&Prime;][vc_column_text]<b>B\u00e9n\u00e9fices:<\/b><\/p>\n<ul type=\"disc\">\n<li class=\"x_MsoNormal\"><span lang=\"FR-CA\">L\u2019entreprise est prot\u00e9g\u00e9e contre le vol d\u2019identit\u00e9<\/span><\/li>\n<li class=\"x_MsoNormal\">Avec un MFA , les cybercriminels ont du mal \u00e0 d\u00e9chiffrer le mot de passe car le <em>TOTP<\/em><span class=\"x_apple-converted-space\">\u00a0<\/span>(Time-based One-Time Password)<span class=\"x_apple-converted-space\">\u00a0<\/span>est envoy\u00e9 via SMS ou appel t\u00e9l\u00e9phonique, ajoutant une couche de protection suppl\u00e9mentaire importante.<\/li>\n<li class=\"x_MsoNormal\">De plus, le MDR d\u00e9tectera les autres formes d\u2019attaque qui sont les plus utilis\u00e9s par les criminels.<\/li>\n<\/ul>\n<p>.[\/vc_column_text][\/vc_column][\/vc_row][vc_row full_width=\u00a0\u00bbstretch_row_content\u00a0\u00bb bg_type=\u00a0\u00bbbg_color\u00a0\u00bb el_class=\u00a0\u00bbtilt-pos-3-deg\u00a0\u00bb css=\u00a0\u00bb.vc_custom_1588250693452{padding-top: 25px !important;padding-bottom: 25px !important;}\u00a0\u00bb bg_color_value=\u00a0\u00bb#16a361&Prime;][vc_column]<div id=\"ultimate-heading-531469e1986882a28\" class=\"uvc-heading ult-adjust-bottom-margin ultimate-heading-531469e1986882a28 uvc-3954 \" data-hspacer=\"no_spacer\"  data-halign=\"center\" style=\"text-align:center\"><div class=\"uvc-heading-spacer no_spacer\" style=\"top\"><\/div><div class=\"uvc-main-heading ult-responsive\"  data-ultimate-target='.uvc-heading.ultimate-heading-531469e1986882a28 h3'  data-responsive-json-new='{\"font-size\":\"\",\"line-height\":\"\"}' ><h3 style=\"font-weight:normal;\">Contactez-nous pour en apprendre plus sur cette \u00e9tude de cas<\/h3><\/div><\/div>[vc_empty_space]<div class=\" ubtn-ctn-center \"><a class=\"ubtn-link ult-adjust-bottom-margin ubtn-center ubtn-normal \" href=\"\/contact-present\/\" title=\"Contact Present\" ><button type=\"button\" id=\"ubtn-4754\"  class=\"ubtn ult-adjust-bottom-margin ult-responsive ubtn-normal ubtn-no-hover-bg  none  ubtn-center   tooltip-69e1986882a57\"  data-hover=\"#ffffff\" data-border-color=\"#ffffff\" data-bg=\"#ffffff\" data-hover-bg=\"#000000\" data-border-hover=\"#ffffff\" data-shadow-hover=\"\" data-shadow-click=\"none\" data-shadow=\"\" data-shd-shadow=\"\"  data-ultimate-target='#ubtn-4754'  data-responsive-json-new='{\"font-size\":\"desktop:18px;\",\"line-height\":\"\"}'  style=\"font-weight:bold;border-radius:5px;border-width:3px;border-color:#ffffff;border-style:solid;background: #ffffff;color: #16a361;\"><span class=\"ubtn-hover\" style=\"background-color:#000000\"><\/span><span class=\"ubtn-data ubtn-text \" >Parlons-en<\/span><\/button><\/a><\/div>[\/vc_column][\/vc_row]<\/p>\n","protected":false},"excerpt":{"rendered":"<p>[vc_row][vc_column][\/vc_column][\/vc_row][vc_row][vc_column width=\u00a0\u00bb1\/3&Prime;][vc_column_text]Situation: Des comptes courriel au sein de l\u2019entreprise furent compromis. En effet, l\u2019attaquant a eu acc\u00e8s aux boites courriel pendant quelques jours avant la fraude et pendant ce temps il a pu planifier son attaque en observant la structure des courriels et la fa\u00e7on dont les demandes aupr\u00e8s des employ\u00e9s \u00e9taient formul\u00e9es par le [&#8230;]<\/p>\n","protected":false},"author":9,"featured_media":26385,"parent":10724,"menu_order":0,"comment_status":"closed","ping_status":"closed","template":"","meta":{"_acf_changed":false,"footnotes":"","_wp_rev_ctl_limit":""},"class_list":["post-26350","page","type-page","status-publish","has-post-thumbnail","hentry"],"acf":[],"yoast_head":"<!-- This site is optimized with the Yoast SEO plugin v27.3 - https:\/\/yoast.com\/product\/yoast-seo-wordpress\/ -->\n<title>Une fraude \u00e0 un pr\u00e9sident d&#039;entreprise qui coute des million$$$ - Present<\/title>\n<meta name=\"description\" content=\"Attention, les apparences peuvent \u00eatre trompeuses! Dans cette \u00e9tude de cas, d\u00e9couvrez comment un pirate informatique a pu personnifier le pr\u00e9sident d&#039;une entreprise afin de d\u00e9tourner des millions de dollars vers un compte offshore.\" \/>\n<meta name=\"robots\" content=\"index, follow, max-snippet:-1, max-image-preview:large, max-video-preview:-1\" \/>\n<link rel=\"canonical\" href=\"https:\/\/www.present.ca\/fr\/ressources\/etude-de-cas\/une-fraude-a-un-president-dentreprise-qui-coute-des-million\/\" \/>\n<meta property=\"og:locale\" content=\"fr_FR\" \/>\n<meta property=\"og:type\" content=\"article\" \/>\n<meta property=\"og:title\" content=\"Une fraude \u00e0 un pr\u00e9sident d&#039;entreprise qui coute des million$$$ - Present\" \/>\n<meta property=\"og:description\" content=\"Attention, les apparences peuvent \u00eatre trompeuses! Dans cette \u00e9tude de cas, d\u00e9couvrez comment un pirate informatique a pu personnifier le pr\u00e9sident d&#039;une entreprise afin de d\u00e9tourner des millions de dollars vers un compte offshore.\" \/>\n<meta property=\"og:url\" content=\"https:\/\/www.present.ca\/fr\/ressources\/etude-de-cas\/une-fraude-a-un-president-dentreprise-qui-coute-des-million\/\" \/>\n<meta property=\"og:site_name\" content=\"Present\" \/>\n<meta property=\"article:modified_time\" content=\"2024-01-03T20:44:03+00:00\" \/>\n<meta property=\"og:image\" content=\"https:\/\/www.present.ca\/wp-content\/uploads\/2023\/03\/2.png\" \/>\n\t<meta property=\"og:image:width\" content=\"1200\" \/>\n\t<meta property=\"og:image:height\" content=\"800\" \/>\n\t<meta property=\"og:image:type\" content=\"image\/png\" \/>\n<meta name=\"twitter:card\" content=\"summary_large_image\" \/>\n<meta name=\"twitter:label1\" content=\"Dur\u00e9e de lecture estim\u00e9e\" \/>\n\t<meta name=\"twitter:data1\" content=\"2 minutes\" \/>\n<script type=\"application\/ld+json\" class=\"yoast-schema-graph\">{\"@context\":\"https:\\\/\\\/schema.org\",\"@graph\":[{\"@type\":\"WebPage\",\"@id\":\"https:\\\/\\\/www.present.ca\\\/fr\\\/ressources\\\/etude-de-cas\\\/une-fraude-a-un-president-dentreprise-qui-coute-des-million\\\/\",\"url\":\"https:\\\/\\\/www.present.ca\\\/fr\\\/ressources\\\/etude-de-cas\\\/une-fraude-a-un-president-dentreprise-qui-coute-des-million\\\/\",\"name\":\"Une fraude \u00e0 un pr\u00e9sident d'entreprise qui coute des million$$$ - Present\",\"isPartOf\":{\"@id\":\"https:\\\/\\\/www.present.ca\\\/fr\\\/#website\"},\"primaryImageOfPage\":{\"@id\":\"https:\\\/\\\/www.present.ca\\\/fr\\\/ressources\\\/etude-de-cas\\\/une-fraude-a-un-president-dentreprise-qui-coute-des-million\\\/#primaryimage\"},\"image\":{\"@id\":\"https:\\\/\\\/www.present.ca\\\/fr\\\/ressources\\\/etude-de-cas\\\/une-fraude-a-un-president-dentreprise-qui-coute-des-million\\\/#primaryimage\"},\"thumbnailUrl\":\"https:\\\/\\\/www.present.ca\\\/wp-content\\\/uploads\\\/2023\\\/03\\\/2.png\",\"datePublished\":\"2023-02-28T19:22:53+00:00\",\"dateModified\":\"2024-01-03T20:44:03+00:00\",\"description\":\"Attention, les apparences peuvent \u00eatre trompeuses! Dans cette \u00e9tude de cas, d\u00e9couvrez comment un pirate informatique a pu personnifier le pr\u00e9sident d'une entreprise afin de d\u00e9tourner des millions de dollars vers un compte offshore.\",\"breadcrumb\":{\"@id\":\"https:\\\/\\\/www.present.ca\\\/fr\\\/ressources\\\/etude-de-cas\\\/une-fraude-a-un-president-dentreprise-qui-coute-des-million\\\/#breadcrumb\"},\"inLanguage\":\"fr-FR\",\"potentialAction\":[{\"@type\":\"ReadAction\",\"target\":[\"https:\\\/\\\/www.present.ca\\\/fr\\\/ressources\\\/etude-de-cas\\\/une-fraude-a-un-president-dentreprise-qui-coute-des-million\\\/\"]}]},{\"@type\":\"ImageObject\",\"inLanguage\":\"fr-FR\",\"@id\":\"https:\\\/\\\/www.present.ca\\\/fr\\\/ressources\\\/etude-de-cas\\\/une-fraude-a-un-president-dentreprise-qui-coute-des-million\\\/#primaryimage\",\"url\":\"https:\\\/\\\/www.present.ca\\\/wp-content\\\/uploads\\\/2023\\\/03\\\/2.png\",\"contentUrl\":\"https:\\\/\\\/www.present.ca\\\/wp-content\\\/uploads\\\/2023\\\/03\\\/2.png\",\"width\":1200,\"height\":800},{\"@type\":\"BreadcrumbList\",\"@id\":\"https:\\\/\\\/www.present.ca\\\/fr\\\/ressources\\\/etude-de-cas\\\/une-fraude-a-un-president-dentreprise-qui-coute-des-million\\\/#breadcrumb\",\"itemListElement\":[{\"@type\":\"ListItem\",\"position\":1,\"name\":\"Accueil\",\"item\":\"https:\\\/\\\/www.present.ca\\\/fr\\\/\"},{\"@type\":\"ListItem\",\"position\":2,\"name\":\"Ressources\",\"item\":\"https:\\\/\\\/www.present.ca\\\/fr\\\/ressources\\\/\"},{\"@type\":\"ListItem\",\"position\":3,\"name\":\"\u00c9tudes de Cas\",\"item\":\"https:\\\/\\\/www.present.ca\\\/fr\\\/ressources\\\/etude-de-cas\\\/\"},{\"@type\":\"ListItem\",\"position\":4,\"name\":\"Une fraude \u00e0 un pr\u00e9sident d&#8217;entreprise qui coute des million$$$\"}]},{\"@type\":\"WebSite\",\"@id\":\"https:\\\/\\\/www.present.ca\\\/fr\\\/#website\",\"url\":\"https:\\\/\\\/www.present.ca\\\/fr\\\/\",\"name\":\"Present\",\"description\":\"Services G\u00e9r\u00e9s TI, S\u00e9curit\u00e9 G\u00e9r\u00e9e TI et Solutions de Cloud Hybride\",\"potentialAction\":[{\"@type\":\"SearchAction\",\"target\":{\"@type\":\"EntryPoint\",\"urlTemplate\":\"https:\\\/\\\/www.present.ca\\\/fr\\\/?s={search_term_string}\"},\"query-input\":{\"@type\":\"PropertyValueSpecification\",\"valueRequired\":true,\"valueName\":\"search_term_string\"}}],\"inLanguage\":\"fr-FR\"}]}<\/script>\n<!-- \/ Yoast SEO plugin. -->","yoast_head_json":{"title":"Une fraude \u00e0 un pr\u00e9sident d'entreprise qui coute des million$$$ - Present","description":"Attention, les apparences peuvent \u00eatre trompeuses! Dans cette \u00e9tude de cas, d\u00e9couvrez comment un pirate informatique a pu personnifier le pr\u00e9sident d'une entreprise afin de d\u00e9tourner des millions de dollars vers un compte offshore.","robots":{"index":"index","follow":"follow","max-snippet":"max-snippet:-1","max-image-preview":"max-image-preview:large","max-video-preview":"max-video-preview:-1"},"canonical":"https:\/\/www.present.ca\/fr\/ressources\/etude-de-cas\/une-fraude-a-un-president-dentreprise-qui-coute-des-million\/","og_locale":"fr_FR","og_type":"article","og_title":"Une fraude \u00e0 un pr\u00e9sident d'entreprise qui coute des million$$$ - Present","og_description":"Attention, les apparences peuvent \u00eatre trompeuses! Dans cette \u00e9tude de cas, d\u00e9couvrez comment un pirate informatique a pu personnifier le pr\u00e9sident d'une entreprise afin de d\u00e9tourner des millions de dollars vers un compte offshore.","og_url":"https:\/\/www.present.ca\/fr\/ressources\/etude-de-cas\/une-fraude-a-un-president-dentreprise-qui-coute-des-million\/","og_site_name":"Present","article_modified_time":"2024-01-03T20:44:03+00:00","og_image":[{"width":1200,"height":800,"url":"https:\/\/www.present.ca\/wp-content\/uploads\/2023\/03\/2.png","type":"image\/png"}],"twitter_card":"summary_large_image","twitter_misc":{"Dur\u00e9e de lecture estim\u00e9e":"2 minutes"},"schema":{"@context":"https:\/\/schema.org","@graph":[{"@type":"WebPage","@id":"https:\/\/www.present.ca\/fr\/ressources\/etude-de-cas\/une-fraude-a-un-president-dentreprise-qui-coute-des-million\/","url":"https:\/\/www.present.ca\/fr\/ressources\/etude-de-cas\/une-fraude-a-un-president-dentreprise-qui-coute-des-million\/","name":"Une fraude \u00e0 un pr\u00e9sident d'entreprise qui coute des million$$$ - Present","isPartOf":{"@id":"https:\/\/www.present.ca\/fr\/#website"},"primaryImageOfPage":{"@id":"https:\/\/www.present.ca\/fr\/ressources\/etude-de-cas\/une-fraude-a-un-president-dentreprise-qui-coute-des-million\/#primaryimage"},"image":{"@id":"https:\/\/www.present.ca\/fr\/ressources\/etude-de-cas\/une-fraude-a-un-president-dentreprise-qui-coute-des-million\/#primaryimage"},"thumbnailUrl":"https:\/\/www.present.ca\/wp-content\/uploads\/2023\/03\/2.png","datePublished":"2023-02-28T19:22:53+00:00","dateModified":"2024-01-03T20:44:03+00:00","description":"Attention, les apparences peuvent \u00eatre trompeuses! Dans cette \u00e9tude de cas, d\u00e9couvrez comment un pirate informatique a pu personnifier le pr\u00e9sident d'une entreprise afin de d\u00e9tourner des millions de dollars vers un compte offshore.","breadcrumb":{"@id":"https:\/\/www.present.ca\/fr\/ressources\/etude-de-cas\/une-fraude-a-un-president-dentreprise-qui-coute-des-million\/#breadcrumb"},"inLanguage":"fr-FR","potentialAction":[{"@type":"ReadAction","target":["https:\/\/www.present.ca\/fr\/ressources\/etude-de-cas\/une-fraude-a-un-president-dentreprise-qui-coute-des-million\/"]}]},{"@type":"ImageObject","inLanguage":"fr-FR","@id":"https:\/\/www.present.ca\/fr\/ressources\/etude-de-cas\/une-fraude-a-un-president-dentreprise-qui-coute-des-million\/#primaryimage","url":"https:\/\/www.present.ca\/wp-content\/uploads\/2023\/03\/2.png","contentUrl":"https:\/\/www.present.ca\/wp-content\/uploads\/2023\/03\/2.png","width":1200,"height":800},{"@type":"BreadcrumbList","@id":"https:\/\/www.present.ca\/fr\/ressources\/etude-de-cas\/une-fraude-a-un-president-dentreprise-qui-coute-des-million\/#breadcrumb","itemListElement":[{"@type":"ListItem","position":1,"name":"Accueil","item":"https:\/\/www.present.ca\/fr\/"},{"@type":"ListItem","position":2,"name":"Ressources","item":"https:\/\/www.present.ca\/fr\/ressources\/"},{"@type":"ListItem","position":3,"name":"\u00c9tudes de Cas","item":"https:\/\/www.present.ca\/fr\/ressources\/etude-de-cas\/"},{"@type":"ListItem","position":4,"name":"Une fraude \u00e0 un pr\u00e9sident d&#8217;entreprise qui coute des million$$$"}]},{"@type":"WebSite","@id":"https:\/\/www.present.ca\/fr\/#website","url":"https:\/\/www.present.ca\/fr\/","name":"Present","description":"Services G\u00e9r\u00e9s TI, S\u00e9curit\u00e9 G\u00e9r\u00e9e TI et Solutions de Cloud Hybride","potentialAction":[{"@type":"SearchAction","target":{"@type":"EntryPoint","urlTemplate":"https:\/\/www.present.ca\/fr\/?s={search_term_string}"},"query-input":{"@type":"PropertyValueSpecification","valueRequired":true,"valueName":"search_term_string"}}],"inLanguage":"fr-FR"}]}},"_links":{"self":[{"href":"https:\/\/www.present.ca\/fr\/wp-json\/wp\/v2\/pages\/26350","targetHints":{"allow":["GET"]}}],"collection":[{"href":"https:\/\/www.present.ca\/fr\/wp-json\/wp\/v2\/pages"}],"about":[{"href":"https:\/\/www.present.ca\/fr\/wp-json\/wp\/v2\/types\/page"}],"author":[{"embeddable":true,"href":"https:\/\/www.present.ca\/fr\/wp-json\/wp\/v2\/users\/9"}],"replies":[{"embeddable":true,"href":"https:\/\/www.present.ca\/fr\/wp-json\/wp\/v2\/comments?post=26350"}],"version-history":[{"count":5,"href":"https:\/\/www.present.ca\/fr\/wp-json\/wp\/v2\/pages\/26350\/revisions"}],"predecessor-version":[{"id":27835,"href":"https:\/\/www.present.ca\/fr\/wp-json\/wp\/v2\/pages\/26350\/revisions\/27835"}],"up":[{"embeddable":true,"href":"https:\/\/www.present.ca\/fr\/wp-json\/wp\/v2\/pages\/10724"}],"wp:featuredmedia":[{"embeddable":true,"href":"https:\/\/www.present.ca\/fr\/wp-json\/wp\/v2\/media\/26385"}],"wp:attachment":[{"href":"https:\/\/www.present.ca\/fr\/wp-json\/wp\/v2\/media?parent=26350"}],"curies":[{"name":"wp","href":"https:\/\/api.w.org\/{rel}","templated":true}]}}