{"id":26314,"date":"2023-01-26T10:04:52","date_gmt":"2023-01-26T15:04:52","guid":{"rendered":"https:\/\/www.present.ca\/?page_id=26314"},"modified":"2024-01-03T15:44:08","modified_gmt":"2024-01-03T20:44:08","slug":"meme-au-bout-du-monde-vous-restez-une-proie-de-predilection","status":"publish","type":"page","link":"https:\/\/www.present.ca\/fr\/ressources\/etude-de-cas\/meme-au-bout-du-monde-vous-restez-une-proie-de-predilection\/","title":{"rendered":"M\u00eame au bout du monde, vous restez une proie de pr\u00e9dilection"},"content":{"rendered":"<p>[vc_row][vc_column]<div id=\"ultimate-heading-888769e2005f6482c\" class=\"uvc-heading ult-adjust-bottom-margin ultimate-heading-888769e2005f6482c uvc-5999 cursive\" data-hspacer=\"no_spacer\"  data-halign=\"center\" style=\"text-align:center\"><div class=\"uvc-heading-spacer no_spacer\" style=\"top\"><\/div><div class=\"uvc-main-heading ult-responsive\"  data-ultimate-target='.uvc-heading.ultimate-heading-888769e2005f6482c h2'  data-responsive-json-new='{\"font-size\":\"\",\"line-height\":\"\"}' ><h2 style=\"font-weight:normal;\">Industrie: Secteur manufacturier<\/h2><\/div><div class=\"uvc-sub-heading ult-responsive\"  data-ultimate-target='.uvc-heading.ultimate-heading-888769e2005f6482c .uvc-sub-heading '  data-responsive-json-new='{\"font-size\":\"\",\"line-height\":\"\"}'  style=\"font-weight:normal;\"><\/p>\n<h4><strong>Client:<\/strong> Entreprise qu\u00e9b\u00e9coise oeuvrant en r\u00e9gion depuis plus de 30 ans.<\/h4>\n<p><\/div><\/div>[\/vc_column][\/vc_row][vc_row][vc_column width=\u00a0\u00bb1\/3&Prime;][vc_column_text]<strong>Situation:<\/strong><\/p>\n<ul>\n<li>Entreprise en r\u00e9gion qui avait la perception d\u2019\u00eatre loin et petit et donc de ne pas courir de risque.<\/li>\n<li>Apr\u00e8s avoir \u00e9t\u00e9 r\u00e9f\u00e9r\u00e9 par un de nos clients, il nous appelle un lundi matin \u00e0 la suite d\u2019une attaque le weekend. Il n\u2019avait plus acc\u00e8s \u00e0 quoi que ce soit et tous les postes de travail avaient un message qui indiquait qu\u2019ils \u00e9taient\u00a0<em>crypto-lock\u00e9\u00a0<\/em>et qu\u2019ils devaient payer une ran\u00e7on.<\/li>\n<li>La compagnie ne pouvait plus op\u00e9rer, et pire, leur sauvegarde avait aussi \u00e9t\u00e9 encrypt\u00e9, alors des tonnes de donn\u00e9es ont \u00e9t\u00e9 perdues.<\/li>\n<li>Malheureusement, leurs 40 employ\u00e9s n\u2019ont pas pu travailler durant 1 mois et ils ont perdus des centaines de milliers de dollars. Et en plus, leurs clients et leur r\u00e9putation ont \u00e9t\u00e9 tr\u00e8s impact\u00e9s.<\/li>\n<\/ul>\n<p>[\/vc_column_text][\/vc_column][vc_column width=\u00a0\u00bb1\/3&Prime;][vc_column_text]<strong>Solution<\/strong>:<\/p>\n<ul>\n<li>Nous avons d\u00e9marr\u00e9 une investigation (<em>forensics<\/em>) afin de d\u00e9terminer d\u2019o\u00f9 l\u2019attaque est venue.<\/li>\n<li>Nous avons remont\u00e9 leurs serveurs physiques dans une infrastructure<em> Cloud<\/em>.<\/li>\n<li>Nous avons ferm\u00e9 les ports \u00e0 acc\u00e8s \u00e0 distance non prot\u00e9g\u00e9s qui \u00e9taient ouverts.<\/li>\n<li>Nous avons install\u00e9 un MFA et le MDR SentinelOne, pour prot\u00e9ger leurs points terminaux et serveurs.<\/li>\n<\/ul>\n<p>[\/vc_column_text][\/vc_column][vc_column width=\u00a0\u00bb1\/3&Prime;][vc_column_text]<strong>B\u00e9n\u00e9fices:<\/strong><\/p>\n<ul>\n<li>Personne ne peut compl\u00e8tement emp\u00eacher les tentatives de ransomware, mais le client a consid\u00e9rablement r\u00e9duit son risque d\u2019une attaque r\u00e9ussie gr\u00e2ce \u00e0 cette s\u00e9curit\u00e9 active.<\/li>\n<li>Tranquillit\u00e9 d&rsquo;esprit en sachant qu&rsquo;ils disposent d&rsquo;une \u00e9quipe d&rsquo;experts en s\u00e9curit\u00e9 surveillant et d\u00e9tectant toutes les menaces connues et inconnues 24h\/24 et 7j\/7 et que leurs donn\u00e9es sont s\u00e9cures.<\/li>\n<\/ul>\n<p>[\/vc_column_text][\/vc_column][\/vc_row][vc_row full_width=\u00a0\u00bbstretch_row_content\u00a0\u00bb bg_type=\u00a0\u00bbbg_color\u00a0\u00bb el_class=\u00a0\u00bbtilt-pos-3-deg\u00a0\u00bb css=\u00a0\u00bb.vc_custom_1588250693452{padding-top: 25px !important;padding-bottom: 25px !important;}\u00a0\u00bb bg_color_value=\u00a0\u00bb#16a361&Prime;][vc_column]<div id=\"ultimate-heading-201569e2005f64878\" class=\"uvc-heading ult-adjust-bottom-margin ultimate-heading-201569e2005f64878 uvc-9605 \" data-hspacer=\"no_spacer\"  data-halign=\"center\" style=\"text-align:center\"><div class=\"uvc-heading-spacer no_spacer\" style=\"top\"><\/div><div class=\"uvc-main-heading ult-responsive\"  data-ultimate-target='.uvc-heading.ultimate-heading-201569e2005f64878 h3'  data-responsive-json-new='{\"font-size\":\"\",\"line-height\":\"\"}' ><h3 style=\"font-weight:normal;\">Contactez-nous pour en apprendre plus sur cette \u00e9tude de cas<\/h3><\/div><\/div>[vc_empty_space]<div class=\" ubtn-ctn-center \"><a class=\"ubtn-link ult-adjust-bottom-margin ubtn-center ubtn-normal \" href=\"\/contact-present\/\" title=\"Contact Present\" ><button type=\"button\" id=\"ubtn-9359\"  class=\"ubtn ult-adjust-bottom-margin ult-responsive ubtn-normal ubtn-no-hover-bg  none  ubtn-center   tooltip-69e2005f648ab\"  data-hover=\"#ffffff\" data-border-color=\"#ffffff\" data-bg=\"#ffffff\" data-hover-bg=\"#000000\" data-border-hover=\"#ffffff\" data-shadow-hover=\"\" data-shadow-click=\"none\" data-shadow=\"\" data-shd-shadow=\"\"  data-ultimate-target='#ubtn-9359'  data-responsive-json-new='{\"font-size\":\"desktop:18px;\",\"line-height\":\"\"}'  style=\"font-weight:bold;border-radius:5px;border-width:3px;border-color:#ffffff;border-style:solid;background: #ffffff;color: #16a361;\"><span class=\"ubtn-hover\" style=\"background-color:#000000\"><\/span><span class=\"ubtn-data ubtn-text \" >Parlons-en<\/span><\/button><\/a><\/div>[\/vc_column][\/vc_row]<\/p>\n","protected":false},"excerpt":{"rendered":"<p>[vc_row][vc_column][\/vc_column][\/vc_row][vc_row][vc_column width=\u00a0\u00bb1\/3&Prime;][vc_column_text]Situation: Entreprise en r\u00e9gion qui avait la perception d\u2019\u00eatre loin et petit et donc de ne pas courir de risque. Apr\u00e8s avoir \u00e9t\u00e9 r\u00e9f\u00e9r\u00e9 par un de nos clients, il nous appelle un lundi matin \u00e0 la suite d\u2019une attaque le weekend. Il n\u2019avait plus acc\u00e8s \u00e0 quoi que ce soit et tous les [&#8230;]<\/p>\n","protected":false},"author":9,"featured_media":26283,"parent":10724,"menu_order":0,"comment_status":"closed","ping_status":"closed","template":"","meta":{"_acf_changed":false,"footnotes":"","_wp_rev_ctl_limit":""},"class_list":["post-26314","page","type-page","status-publish","has-post-thumbnail","hentry"],"acf":[],"yoast_head":"<!-- This site is optimized with the Yoast SEO plugin v27.3 - https:\/\/yoast.com\/product\/yoast-seo-wordpress\/ -->\n<title>M\u00eame au bout du monde, vous restez une proie de pr\u00e9dilection - Present<\/title>\n<meta name=\"description\" content=\"Une entreprise trop peu m\u00e9fiante des cyberattaques en raison de sa localisation apprendra \u00e0 ses d\u00e9pens que nul ne peut ignorer les risques li\u00e9s \u00e0 la cybers\u00e9curit\u00e9 des PME.\" \/>\n<meta name=\"robots\" content=\"index, follow, max-snippet:-1, max-image-preview:large, max-video-preview:-1\" \/>\n<link rel=\"canonical\" href=\"https:\/\/www.present.ca\/fr\/ressources\/etude-de-cas\/meme-au-bout-du-monde-vous-restez-une-proie-de-predilection\/\" \/>\n<meta property=\"og:locale\" content=\"fr_FR\" \/>\n<meta property=\"og:type\" content=\"article\" \/>\n<meta property=\"og:title\" content=\"M\u00eame au bout du monde, vous restez une proie de pr\u00e9dilection - Present\" \/>\n<meta property=\"og:description\" content=\"Une entreprise trop peu m\u00e9fiante des cyberattaques en raison de sa localisation apprendra \u00e0 ses d\u00e9pens que nul ne peut ignorer les risques li\u00e9s \u00e0 la cybers\u00e9curit\u00e9 des PME.\" \/>\n<meta property=\"og:url\" content=\"https:\/\/www.present.ca\/fr\/ressources\/etude-de-cas\/meme-au-bout-du-monde-vous-restez-une-proie-de-predilection\/\" \/>\n<meta property=\"og:site_name\" content=\"Present\" \/>\n<meta property=\"article:modified_time\" content=\"2024-01-03T20:44:08+00:00\" \/>\n<meta property=\"og:image\" content=\"https:\/\/www.present.ca\/wp-content\/uploads\/2023\/01\/istockphoto-168720588-612x612-Edited.png\" \/>\n\t<meta property=\"og:image:width\" content=\"612\" \/>\n\t<meta property=\"og:image:height\" content=\"407\" \/>\n\t<meta property=\"og:image:type\" content=\"image\/png\" \/>\n<meta name=\"twitter:card\" content=\"summary_large_image\" \/>\n<meta name=\"twitter:label1\" content=\"Dur\u00e9e de lecture estim\u00e9e\" \/>\n\t<meta name=\"twitter:data1\" content=\"2 minutes\" \/>\n<script type=\"application\/ld+json\" class=\"yoast-schema-graph\">{\"@context\":\"https:\\\/\\\/schema.org\",\"@graph\":[{\"@type\":\"WebPage\",\"@id\":\"https:\\\/\\\/www.present.ca\\\/fr\\\/ressources\\\/etude-de-cas\\\/meme-au-bout-du-monde-vous-restez-une-proie-de-predilection\\\/\",\"url\":\"https:\\\/\\\/www.present.ca\\\/fr\\\/ressources\\\/etude-de-cas\\\/meme-au-bout-du-monde-vous-restez-une-proie-de-predilection\\\/\",\"name\":\"M\u00eame au bout du monde, vous restez une proie de pr\u00e9dilection - Present\",\"isPartOf\":{\"@id\":\"https:\\\/\\\/www.present.ca\\\/fr\\\/#website\"},\"primaryImageOfPage\":{\"@id\":\"https:\\\/\\\/www.present.ca\\\/fr\\\/ressources\\\/etude-de-cas\\\/meme-au-bout-du-monde-vous-restez-une-proie-de-predilection\\\/#primaryimage\"},\"image\":{\"@id\":\"https:\\\/\\\/www.present.ca\\\/fr\\\/ressources\\\/etude-de-cas\\\/meme-au-bout-du-monde-vous-restez-une-proie-de-predilection\\\/#primaryimage\"},\"thumbnailUrl\":\"https:\\\/\\\/www.present.ca\\\/wp-content\\\/uploads\\\/2023\\\/01\\\/istockphoto-168720588-612x612-Edited.png\",\"datePublished\":\"2023-01-26T15:04:52+00:00\",\"dateModified\":\"2024-01-03T20:44:08+00:00\",\"description\":\"Une entreprise trop peu m\u00e9fiante des cyberattaques en raison de sa localisation apprendra \u00e0 ses d\u00e9pens que nul ne peut ignorer les risques li\u00e9s \u00e0 la cybers\u00e9curit\u00e9 des PME.\",\"breadcrumb\":{\"@id\":\"https:\\\/\\\/www.present.ca\\\/fr\\\/ressources\\\/etude-de-cas\\\/meme-au-bout-du-monde-vous-restez-une-proie-de-predilection\\\/#breadcrumb\"},\"inLanguage\":\"fr-FR\",\"potentialAction\":[{\"@type\":\"ReadAction\",\"target\":[\"https:\\\/\\\/www.present.ca\\\/fr\\\/ressources\\\/etude-de-cas\\\/meme-au-bout-du-monde-vous-restez-une-proie-de-predilection\\\/\"]}]},{\"@type\":\"ImageObject\",\"inLanguage\":\"fr-FR\",\"@id\":\"https:\\\/\\\/www.present.ca\\\/fr\\\/ressources\\\/etude-de-cas\\\/meme-au-bout-du-monde-vous-restez-une-proie-de-predilection\\\/#primaryimage\",\"url\":\"https:\\\/\\\/www.present.ca\\\/wp-content\\\/uploads\\\/2023\\\/01\\\/istockphoto-168720588-612x612-Edited.png\",\"contentUrl\":\"https:\\\/\\\/www.present.ca\\\/wp-content\\\/uploads\\\/2023\\\/01\\\/istockphoto-168720588-612x612-Edited.png\",\"width\":612,\"height\":407},{\"@type\":\"BreadcrumbList\",\"@id\":\"https:\\\/\\\/www.present.ca\\\/fr\\\/ressources\\\/etude-de-cas\\\/meme-au-bout-du-monde-vous-restez-une-proie-de-predilection\\\/#breadcrumb\",\"itemListElement\":[{\"@type\":\"ListItem\",\"position\":1,\"name\":\"Accueil\",\"item\":\"https:\\\/\\\/www.present.ca\\\/fr\\\/\"},{\"@type\":\"ListItem\",\"position\":2,\"name\":\"Ressources\",\"item\":\"https:\\\/\\\/www.present.ca\\\/fr\\\/ressources\\\/\"},{\"@type\":\"ListItem\",\"position\":3,\"name\":\"\u00c9tudes de Cas\",\"item\":\"https:\\\/\\\/www.present.ca\\\/fr\\\/ressources\\\/etude-de-cas\\\/\"},{\"@type\":\"ListItem\",\"position\":4,\"name\":\"M\u00eame au bout du monde, vous restez une proie de pr\u00e9dilection\"}]},{\"@type\":\"WebSite\",\"@id\":\"https:\\\/\\\/www.present.ca\\\/fr\\\/#website\",\"url\":\"https:\\\/\\\/www.present.ca\\\/fr\\\/\",\"name\":\"Present\",\"description\":\"Services G\u00e9r\u00e9s TI, S\u00e9curit\u00e9 G\u00e9r\u00e9e TI et Solutions de Cloud Hybride\",\"potentialAction\":[{\"@type\":\"SearchAction\",\"target\":{\"@type\":\"EntryPoint\",\"urlTemplate\":\"https:\\\/\\\/www.present.ca\\\/fr\\\/?s={search_term_string}\"},\"query-input\":{\"@type\":\"PropertyValueSpecification\",\"valueRequired\":true,\"valueName\":\"search_term_string\"}}],\"inLanguage\":\"fr-FR\"}]}<\/script>\n<!-- \/ Yoast SEO plugin. -->","yoast_head_json":{"title":"M\u00eame au bout du monde, vous restez une proie de pr\u00e9dilection - Present","description":"Une entreprise trop peu m\u00e9fiante des cyberattaques en raison de sa localisation apprendra \u00e0 ses d\u00e9pens que nul ne peut ignorer les risques li\u00e9s \u00e0 la cybers\u00e9curit\u00e9 des PME.","robots":{"index":"index","follow":"follow","max-snippet":"max-snippet:-1","max-image-preview":"max-image-preview:large","max-video-preview":"max-video-preview:-1"},"canonical":"https:\/\/www.present.ca\/fr\/ressources\/etude-de-cas\/meme-au-bout-du-monde-vous-restez-une-proie-de-predilection\/","og_locale":"fr_FR","og_type":"article","og_title":"M\u00eame au bout du monde, vous restez une proie de pr\u00e9dilection - Present","og_description":"Une entreprise trop peu m\u00e9fiante des cyberattaques en raison de sa localisation apprendra \u00e0 ses d\u00e9pens que nul ne peut ignorer les risques li\u00e9s \u00e0 la cybers\u00e9curit\u00e9 des PME.","og_url":"https:\/\/www.present.ca\/fr\/ressources\/etude-de-cas\/meme-au-bout-du-monde-vous-restez-une-proie-de-predilection\/","og_site_name":"Present","article_modified_time":"2024-01-03T20:44:08+00:00","og_image":[{"width":612,"height":407,"url":"https:\/\/www.present.ca\/wp-content\/uploads\/2023\/01\/istockphoto-168720588-612x612-Edited.png","type":"image\/png"}],"twitter_card":"summary_large_image","twitter_misc":{"Dur\u00e9e de lecture estim\u00e9e":"2 minutes"},"schema":{"@context":"https:\/\/schema.org","@graph":[{"@type":"WebPage","@id":"https:\/\/www.present.ca\/fr\/ressources\/etude-de-cas\/meme-au-bout-du-monde-vous-restez-une-proie-de-predilection\/","url":"https:\/\/www.present.ca\/fr\/ressources\/etude-de-cas\/meme-au-bout-du-monde-vous-restez-une-proie-de-predilection\/","name":"M\u00eame au bout du monde, vous restez une proie de pr\u00e9dilection - Present","isPartOf":{"@id":"https:\/\/www.present.ca\/fr\/#website"},"primaryImageOfPage":{"@id":"https:\/\/www.present.ca\/fr\/ressources\/etude-de-cas\/meme-au-bout-du-monde-vous-restez-une-proie-de-predilection\/#primaryimage"},"image":{"@id":"https:\/\/www.present.ca\/fr\/ressources\/etude-de-cas\/meme-au-bout-du-monde-vous-restez-une-proie-de-predilection\/#primaryimage"},"thumbnailUrl":"https:\/\/www.present.ca\/wp-content\/uploads\/2023\/01\/istockphoto-168720588-612x612-Edited.png","datePublished":"2023-01-26T15:04:52+00:00","dateModified":"2024-01-03T20:44:08+00:00","description":"Une entreprise trop peu m\u00e9fiante des cyberattaques en raison de sa localisation apprendra \u00e0 ses d\u00e9pens que nul ne peut ignorer les risques li\u00e9s \u00e0 la cybers\u00e9curit\u00e9 des PME.","breadcrumb":{"@id":"https:\/\/www.present.ca\/fr\/ressources\/etude-de-cas\/meme-au-bout-du-monde-vous-restez-une-proie-de-predilection\/#breadcrumb"},"inLanguage":"fr-FR","potentialAction":[{"@type":"ReadAction","target":["https:\/\/www.present.ca\/fr\/ressources\/etude-de-cas\/meme-au-bout-du-monde-vous-restez-une-proie-de-predilection\/"]}]},{"@type":"ImageObject","inLanguage":"fr-FR","@id":"https:\/\/www.present.ca\/fr\/ressources\/etude-de-cas\/meme-au-bout-du-monde-vous-restez-une-proie-de-predilection\/#primaryimage","url":"https:\/\/www.present.ca\/wp-content\/uploads\/2023\/01\/istockphoto-168720588-612x612-Edited.png","contentUrl":"https:\/\/www.present.ca\/wp-content\/uploads\/2023\/01\/istockphoto-168720588-612x612-Edited.png","width":612,"height":407},{"@type":"BreadcrumbList","@id":"https:\/\/www.present.ca\/fr\/ressources\/etude-de-cas\/meme-au-bout-du-monde-vous-restez-une-proie-de-predilection\/#breadcrumb","itemListElement":[{"@type":"ListItem","position":1,"name":"Accueil","item":"https:\/\/www.present.ca\/fr\/"},{"@type":"ListItem","position":2,"name":"Ressources","item":"https:\/\/www.present.ca\/fr\/ressources\/"},{"@type":"ListItem","position":3,"name":"\u00c9tudes de Cas","item":"https:\/\/www.present.ca\/fr\/ressources\/etude-de-cas\/"},{"@type":"ListItem","position":4,"name":"M\u00eame au bout du monde, vous restez une proie de pr\u00e9dilection"}]},{"@type":"WebSite","@id":"https:\/\/www.present.ca\/fr\/#website","url":"https:\/\/www.present.ca\/fr\/","name":"Present","description":"Services G\u00e9r\u00e9s TI, S\u00e9curit\u00e9 G\u00e9r\u00e9e TI et Solutions de Cloud Hybride","potentialAction":[{"@type":"SearchAction","target":{"@type":"EntryPoint","urlTemplate":"https:\/\/www.present.ca\/fr\/?s={search_term_string}"},"query-input":{"@type":"PropertyValueSpecification","valueRequired":true,"valueName":"search_term_string"}}],"inLanguage":"fr-FR"}]}},"_links":{"self":[{"href":"https:\/\/www.present.ca\/fr\/wp-json\/wp\/v2\/pages\/26314","targetHints":{"allow":["GET"]}}],"collection":[{"href":"https:\/\/www.present.ca\/fr\/wp-json\/wp\/v2\/pages"}],"about":[{"href":"https:\/\/www.present.ca\/fr\/wp-json\/wp\/v2\/types\/page"}],"author":[{"embeddable":true,"href":"https:\/\/www.present.ca\/fr\/wp-json\/wp\/v2\/users\/9"}],"replies":[{"embeddable":true,"href":"https:\/\/www.present.ca\/fr\/wp-json\/wp\/v2\/comments?post=26314"}],"version-history":[{"count":4,"href":"https:\/\/www.present.ca\/fr\/wp-json\/wp\/v2\/pages\/26314\/revisions"}],"predecessor-version":[{"id":27836,"href":"https:\/\/www.present.ca\/fr\/wp-json\/wp\/v2\/pages\/26314\/revisions\/27836"}],"up":[{"embeddable":true,"href":"https:\/\/www.present.ca\/fr\/wp-json\/wp\/v2\/pages\/10724"}],"wp:featuredmedia":[{"embeddable":true,"href":"https:\/\/www.present.ca\/fr\/wp-json\/wp\/v2\/media\/26283"}],"wp:attachment":[{"href":"https:\/\/www.present.ca\/fr\/wp-json\/wp\/v2\/media?parent=26314"}],"curies":[{"name":"wp","href":"https:\/\/api.w.org\/{rel}","templated":true}]}}