{"id":24090,"date":"2022-10-26T09:39:06","date_gmt":"2022-10-26T13:39:06","guid":{"rendered":"https:\/\/www.present.ca\/ressources\/etude-de-cas\/removing-the-pain-in-the-neck-of-daily-backups\/"},"modified":"2024-03-20T13:43:04","modified_gmt":"2024-03-20T17:43:04","slug":"removing-the-pain-in-the-neck-of-daily-backups","status":"publish","type":"page","link":"https:\/\/www.present.ca\/fr\/ressources\/etude-de-cas\/removing-the-pain-in-the-neck-of-daily-backups\/","title":{"rendered":"Retirer l\u2019\u00e9pine du pied que constitue les sauvegardes quotidiennes"},"content":{"rendered":"<p>[vc_row][vc_column]<div id=\"ultimate-heading-312869dfe72f3e689\" class=\"uvc-heading ult-adjust-bottom-margin ultimate-heading-312869dfe72f3e689 uvc-6202 cursive\" data-hspacer=\"no_spacer\"  data-halign=\"center\" style=\"text-align:center\"><div class=\"uvc-heading-spacer no_spacer\" style=\"top\"><\/div><div class=\"uvc-main-heading ult-responsive\"  data-ultimate-target='.uvc-heading.ultimate-heading-312869dfe72f3e689 h2'  data-responsive-json-new='{\"font-size\":\"\",\"line-height\":\"\"}' ><h2 style=\"font-weight:normal;\">Industrie: Fabrication<\/h2><\/div><\/div>[\/vc_column][\/vc_row][vc_row][vc_column width=\u00a0\u00bb1\/3&Prime;][vc_column_text]<strong>Situation:<\/strong><\/p>\n<ul>\n<li data-leveltext=\"\uf0b7\" data-font=\"Symbol\" data-listid=\"1\" data-list-defn-props=\"{&quot;335552541&quot;:1,&quot;335559684&quot;:-2,&quot;335559685&quot;:720,&quot;335559991&quot;:360,&quot;469769226&quot;:&quot;Symbol&quot;,&quot;469769242&quot;:[8226],&quot;469777803&quot;:&quot;left&quot;,&quot;469777804&quot;:&quot;\uf0b7&quot;,&quot;469777815&quot;:&quot;hybridMultilevel&quot;}\" aria-setsize=\"-1\" data-aria-posinset=\"1\" data-aria-level=\"1\"><span data-contrast=\"none\">Le client a accidentellement supprim\u00e9 un fichier important et n&rsquo;a pas pu restaurer une sauvegarde pour le r\u00e9cup\u00e9rer.<\/span><span data-ccp-props=\"{&quot;201341983&quot;:0,&quot;335559739&quot;:160,&quot;335559740&quot;:259}\">\u00a0<\/span><\/li>\n<li data-leveltext=\"\uf0b7\" data-font=\"Symbol\" data-listid=\"1\" data-list-defn-props=\"{&quot;335552541&quot;:1,&quot;335559684&quot;:-2,&quot;335559685&quot;:720,&quot;335559991&quot;:360,&quot;469769226&quot;:&quot;Symbol&quot;,&quot;469769242&quot;:[8226],&quot;469777803&quot;:&quot;left&quot;,&quot;469777804&quot;:&quot;\uf0b7&quot;,&quot;469777815&quot;:&quot;hybridMultilevel&quot;}\" aria-setsize=\"-1\" data-aria-posinset=\"2\" data-aria-level=\"1\"><span data-contrast=\"none\">Bien qu&rsquo;ils disposaient d&rsquo;un syst\u00e8me en place pour g\u00e9rer les sauvegardes, le personnel informatique n&rsquo;avait pas le temps de surveiller l&rsquo;int\u00e9grit\u00e9 des sauvegardes quotidiennes et, par cons\u00e9quent, des erreurs \u00e9taient pass\u00e9es inaper\u00e7ues.<\/span><\/li>\n<\/ul>\n<p>[\/vc_column_text][\/vc_column][vc_column width=\u00a0\u00bb1\/3&Prime;][vc_column_text]<strong>Solution<\/strong>:<\/p>\n<ul>\n<li data-leveltext=\"\uf0b7\" data-font=\"Symbol\" data-listid=\"1\" data-list-defn-props=\"{&quot;335552541&quot;:1,&quot;335559684&quot;:-2,&quot;335559685&quot;:720,&quot;335559991&quot;:360,&quot;469769226&quot;:&quot;Symbol&quot;,&quot;469769242&quot;:[8226],&quot;469777803&quot;:&quot;left&quot;,&quot;469777804&quot;:&quot;\uf0b7&quot;,&quot;469777815&quot;:&quot;hybridMultilevel&quot;}\" aria-setsize=\"-1\" data-aria-posinset=\"3\" data-aria-level=\"1\"><span data-contrast=\"none\">Le plan Gold de Present pour les services g\u00e9r\u00e9s o\u00f9 les sauvegardes sont surveill\u00e9es et des alertes d\u00e9clench\u00e9es si des probl\u00e8mes sont d\u00e9tect\u00e9s.<\/span><span data-ccp-props=\"{&quot;201341983&quot;:0,&quot;335559739&quot;:160,&quot;335559740&quot;:259}\">\u00a0<\/span><\/li>\n<\/ul>\n<ul>\n<li data-leveltext=\"\uf0b7\" data-font=\"Symbol\" data-listid=\"1\" data-list-defn-props=\"{&quot;335552541&quot;:1,&quot;335559684&quot;:-2,&quot;335559685&quot;:720,&quot;335559991&quot;:360,&quot;469769226&quot;:&quot;Symbol&quot;,&quot;469769242&quot;:[8226],&quot;469777803&quot;:&quot;left&quot;,&quot;469777804&quot;:&quot;\uf0b7&quot;,&quot;469777815&quot;:&quot;hybridMultilevel&quot;}\" aria-setsize=\"-1\" data-aria-posinset=\"1\" data-aria-level=\"1\"><span data-contrast=\"none\">Et tout aussi important, des tests de restauration sont effectu\u00e9s r\u00e9guli\u00e8rement.<\/span><span data-ccp-props=\"{&quot;201341983&quot;:0,&quot;335559739&quot;:160,&quot;335559740&quot;:259}\">\u00a0<\/span><\/li>\n<\/ul>\n<p>[\/vc_column_text][\/vc_column][vc_column width=\u00a0\u00bb1\/3&Prime;][vc_column_text]<strong>Avantages:<\/strong><\/p>\n<ul>\n<li data-leveltext=\"\uf0b7\" data-font=\"Symbol\" data-listid=\"1\" data-list-defn-props=\"{&quot;335552541&quot;:1,&quot;335559684&quot;:-2,&quot;335559685&quot;:720,&quot;335559991&quot;:360,&quot;469769226&quot;:&quot;Symbol&quot;,&quot;469769242&quot;:[8226],&quot;469777803&quot;:&quot;left&quot;,&quot;469777804&quot;:&quot;\uf0b7&quot;,&quot;469777815&quot;:&quot;hybridMultilevel&quot;}\" aria-setsize=\"-1\" data-aria-posinset=\"2\" data-aria-level=\"1\"><span data-contrast=\"none\">Le personnel TI n&rsquo;a pas \u00e0 se soucier des sauvegardes et peut se concentrer sur des initiatives \u00e0 valeur ajout\u00e9e pour l&rsquo;entreprise.<\/span><\/li>\n<li data-leveltext=\"\uf0b7\" data-font=\"Symbol\" data-listid=\"1\" data-list-defn-props=\"{&quot;335552541&quot;:1,&quot;335559684&quot;:-2,&quot;335559685&quot;:720,&quot;335559991&quot;:360,&quot;469769226&quot;:&quot;Symbol&quot;,&quot;469769242&quot;:[8226],&quot;469777803&quot;:&quot;left&quot;,&quot;469777804&quot;:&quot;\uf0b7&quot;,&quot;469777815&quot;:&quot;hybridMultilevel&quot;}\" aria-setsize=\"-1\" data-aria-posinset=\"3\" data-aria-level=\"1\"><span data-contrast=\"none\">Le client a maintenant l&rsquo;esprit tranquille en sachant qu&rsquo;il pourra r\u00e9cup\u00e9rer ses donn\u00e9es rapidement si quelque chose devait arriver.<\/span><\/li>\n<\/ul>\n<p>[\/vc_column_text][\/vc_column][\/vc_row][vc_row full_width=\u00a0\u00bbstretch_row_content\u00a0\u00bb bg_type=\u00a0\u00bbbg_color\u00a0\u00bb el_class=\u00a0\u00bbtilt-pos-3-deg\u00a0\u00bb css=\u00a0\u00bb.vc_custom_1588250693452{padding-top: 25px !important;padding-bottom: 25px !important;}\u00a0\u00bb bg_color_value=\u00a0\u00bb#16a361&Prime;][vc_column]<div id=\"ultimate-heading-718069dfe72f3ed43\" class=\"uvc-heading ult-adjust-bottom-margin ultimate-heading-718069dfe72f3ed43 uvc-754 \" data-hspacer=\"no_spacer\"  data-halign=\"center\" style=\"text-align:center\"><div class=\"uvc-heading-spacer no_spacer\" style=\"top\"><\/div><div class=\"uvc-main-heading ult-responsive\"  data-ultimate-target='.uvc-heading.ultimate-heading-718069dfe72f3ed43 h3'  data-responsive-json-new='{\"font-size\":\"\",\"line-height\":\"\"}' ><h3 style=\"font-weight:normal;\">Contactez-nous pour en apprendre d'avantage sur cet \u00e9tude de cas.<\/h3><\/div><\/div>[vc_empty_space]<div class=\" ubtn-ctn-center \"><a class=\"ubtn-link ult-adjust-bottom-margin ubtn-center ubtn-normal \" href=\"\/contact-present\/\" title=\"Contact Present\" ><button type=\"button\" id=\"ubtn-4195\"  class=\"ubtn ult-adjust-bottom-margin ult-responsive ubtn-normal ubtn-no-hover-bg  none  ubtn-center   tooltip-69dfe72f3edaa\"  data-hover=\"#ffffff\" data-border-color=\"#ffffff\" data-bg=\"#ffffff\" data-hover-bg=\"#000000\" data-border-hover=\"#ffffff\" data-shadow-hover=\"\" data-shadow-click=\"none\" data-shadow=\"\" data-shd-shadow=\"\"  data-ultimate-target='#ubtn-4195'  data-responsive-json-new='{\"font-size\":\"desktop:18px;\",\"line-height\":\"\"}'  style=\"font-weight:bold;border-radius:5px;border-width:3px;border-color:#ffffff;border-style:solid;background: #ffffff;color: #16a361;\"><span class=\"ubtn-hover\" style=\"background-color:#000000\"><\/span><span class=\"ubtn-data ubtn-text \" >Parlons-en<\/span><\/button><\/a><\/div>[\/vc_column][\/vc_row]<\/p>\n","protected":false},"excerpt":{"rendered":"<p>[vc_row][vc_column][\/vc_column][\/vc_row][vc_row][vc_column width=\u00a0\u00bb1\/3&Prime;][vc_column_text]Situation: Le client a accidentellement supprim\u00e9 un fichier important et n&rsquo;a pas pu restaurer une sauvegarde pour le r\u00e9cup\u00e9rer.\u00a0 Bien qu&rsquo;ils disposaient d&rsquo;un syst\u00e8me en place pour g\u00e9rer les sauvegardes, le personnel informatique n&rsquo;avait pas le temps de surveiller l&rsquo;int\u00e9grit\u00e9 des sauvegardes quotidiennes et, par cons\u00e9quent, des erreurs \u00e9taient pass\u00e9es inaper\u00e7ues. [\/vc_column_text][\/vc_column][vc_column width=\u00a0\u00bb1\/3&Prime;][vc_column_text]Solution: Le [&#8230;]<\/p>\n","protected":false},"author":9,"featured_media":24059,"parent":10724,"menu_order":0,"comment_status":"closed","ping_status":"closed","template":"","meta":{"_acf_changed":false,"footnotes":"","_wp_rev_ctl_limit":""},"class_list":["post-24090","page","type-page","status-publish","has-post-thumbnail","hentry"],"acf":[],"yoast_head":"<!-- This site is optimized with the Yoast SEO plugin v27.3 - https:\/\/yoast.com\/product\/yoast-seo-wordpress\/ -->\n<title>Retirer l\u2019\u00e9pine du pied que constitue les sauvegardes quotidiennes - Present<\/title>\n<meta name=\"description\" content=\"D\u00e9couvrez comment les services g\u00e9r\u00e9s de Present ont supprim\u00e9 les tracas li\u00e9s aux sauvegardes quotidiennes pour un client manufacturier. Avec notre plan Gold, les sauvegardes sont surveill\u00e9es, les erreurs d\u00e9tect\u00e9es et des tests de restauration r\u00e9guliers sont effectu\u00e9s. Lib\u00e9rez le personnel informatique pour qu\u2019il puisse se concentrer sur les initiatives commerciales.\" \/>\n<meta name=\"robots\" content=\"index, follow, max-snippet:-1, max-image-preview:large, max-video-preview:-1\" \/>\n<link rel=\"canonical\" href=\"https:\/\/www.present.ca\/fr\/ressources\/etude-de-cas\/removing-the-pain-in-the-neck-of-daily-backups\/\" \/>\n<meta property=\"og:locale\" content=\"fr_FR\" \/>\n<meta property=\"og:type\" content=\"article\" \/>\n<meta property=\"og:title\" content=\"Retirer l\u2019\u00e9pine du pied que constitue les sauvegardes quotidiennes - Present\" \/>\n<meta property=\"og:description\" content=\"D\u00e9couvrez comment les services g\u00e9r\u00e9s de Present ont supprim\u00e9 les tracas li\u00e9s aux sauvegardes quotidiennes pour un client manufacturier. Avec notre plan Gold, les sauvegardes sont surveill\u00e9es, les erreurs d\u00e9tect\u00e9es et des tests de restauration r\u00e9guliers sont effectu\u00e9s. Lib\u00e9rez le personnel informatique pour qu\u2019il puisse se concentrer sur les initiatives commerciales.\" \/>\n<meta property=\"og:url\" content=\"https:\/\/www.present.ca\/fr\/ressources\/etude-de-cas\/removing-the-pain-in-the-neck-of-daily-backups\/\" \/>\n<meta property=\"og:site_name\" content=\"Present\" \/>\n<meta property=\"article:modified_time\" content=\"2024-03-20T17:43:04+00:00\" \/>\n<meta property=\"og:image\" content=\"https:\/\/www.present.ca\/wp-content\/uploads\/2022\/10\/Mono-6.png\" \/>\n\t<meta property=\"og:image:width\" content=\"1200\" \/>\n\t<meta property=\"og:image:height\" content=\"800\" \/>\n\t<meta property=\"og:image:type\" content=\"image\/png\" \/>\n<meta name=\"twitter:card\" content=\"summary_large_image\" \/>\n<meta name=\"twitter:label1\" content=\"Dur\u00e9e de lecture estim\u00e9e\" \/>\n\t<meta name=\"twitter:data1\" content=\"1 minute\" \/>\n<script type=\"application\/ld+json\" class=\"yoast-schema-graph\">{\"@context\":\"https:\\\/\\\/schema.org\",\"@graph\":[{\"@type\":\"WebPage\",\"@id\":\"https:\\\/\\\/www.present.ca\\\/fr\\\/ressources\\\/etude-de-cas\\\/removing-the-pain-in-the-neck-of-daily-backups\\\/\",\"url\":\"https:\\\/\\\/www.present.ca\\\/fr\\\/ressources\\\/etude-de-cas\\\/removing-the-pain-in-the-neck-of-daily-backups\\\/\",\"name\":\"Retirer l\u2019\u00e9pine du pied que constitue les sauvegardes quotidiennes - Present\",\"isPartOf\":{\"@id\":\"https:\\\/\\\/www.present.ca\\\/fr\\\/#website\"},\"primaryImageOfPage\":{\"@id\":\"https:\\\/\\\/www.present.ca\\\/fr\\\/ressources\\\/etude-de-cas\\\/removing-the-pain-in-the-neck-of-daily-backups\\\/#primaryimage\"},\"image\":{\"@id\":\"https:\\\/\\\/www.present.ca\\\/fr\\\/ressources\\\/etude-de-cas\\\/removing-the-pain-in-the-neck-of-daily-backups\\\/#primaryimage\"},\"thumbnailUrl\":\"https:\\\/\\\/www.present.ca\\\/wp-content\\\/uploads\\\/2022\\\/10\\\/Mono-6.png\",\"datePublished\":\"2022-10-26T13:39:06+00:00\",\"dateModified\":\"2024-03-20T17:43:04+00:00\",\"description\":\"D\u00e9couvrez comment les services g\u00e9r\u00e9s de Present ont supprim\u00e9 les tracas li\u00e9s aux sauvegardes quotidiennes pour un client manufacturier. Avec notre plan Gold, les sauvegardes sont surveill\u00e9es, les erreurs d\u00e9tect\u00e9es et des tests de restauration r\u00e9guliers sont effectu\u00e9s. Lib\u00e9rez le personnel informatique pour qu\u2019il puisse se concentrer sur les initiatives commerciales.\",\"breadcrumb\":{\"@id\":\"https:\\\/\\\/www.present.ca\\\/fr\\\/ressources\\\/etude-de-cas\\\/removing-the-pain-in-the-neck-of-daily-backups\\\/#breadcrumb\"},\"inLanguage\":\"fr-FR\",\"potentialAction\":[{\"@type\":\"ReadAction\",\"target\":[\"https:\\\/\\\/www.present.ca\\\/fr\\\/ressources\\\/etude-de-cas\\\/removing-the-pain-in-the-neck-of-daily-backups\\\/\"]}]},{\"@type\":\"ImageObject\",\"inLanguage\":\"fr-FR\",\"@id\":\"https:\\\/\\\/www.present.ca\\\/fr\\\/ressources\\\/etude-de-cas\\\/removing-the-pain-in-the-neck-of-daily-backups\\\/#primaryimage\",\"url\":\"https:\\\/\\\/www.present.ca\\\/wp-content\\\/uploads\\\/2022\\\/10\\\/Mono-6.png\",\"contentUrl\":\"https:\\\/\\\/www.present.ca\\\/wp-content\\\/uploads\\\/2022\\\/10\\\/Mono-6.png\",\"width\":1200,\"height\":800},{\"@type\":\"BreadcrumbList\",\"@id\":\"https:\\\/\\\/www.present.ca\\\/fr\\\/ressources\\\/etude-de-cas\\\/removing-the-pain-in-the-neck-of-daily-backups\\\/#breadcrumb\",\"itemListElement\":[{\"@type\":\"ListItem\",\"position\":1,\"name\":\"Accueil\",\"item\":\"https:\\\/\\\/www.present.ca\\\/fr\\\/\"},{\"@type\":\"ListItem\",\"position\":2,\"name\":\"Ressources\",\"item\":\"https:\\\/\\\/www.present.ca\\\/fr\\\/ressources\\\/\"},{\"@type\":\"ListItem\",\"position\":3,\"name\":\"\u00c9tudes de Cas\",\"item\":\"https:\\\/\\\/www.present.ca\\\/fr\\\/ressources\\\/etude-de-cas\\\/\"},{\"@type\":\"ListItem\",\"position\":4,\"name\":\"Retirer l\u2019\u00e9pine du pied que constitue les sauvegardes quotidiennes\"}]},{\"@type\":\"WebSite\",\"@id\":\"https:\\\/\\\/www.present.ca\\\/fr\\\/#website\",\"url\":\"https:\\\/\\\/www.present.ca\\\/fr\\\/\",\"name\":\"Present\",\"description\":\"Services G\u00e9r\u00e9s TI, S\u00e9curit\u00e9 G\u00e9r\u00e9e TI et Solutions de Cloud Hybride\",\"potentialAction\":[{\"@type\":\"SearchAction\",\"target\":{\"@type\":\"EntryPoint\",\"urlTemplate\":\"https:\\\/\\\/www.present.ca\\\/fr\\\/?s={search_term_string}\"},\"query-input\":{\"@type\":\"PropertyValueSpecification\",\"valueRequired\":true,\"valueName\":\"search_term_string\"}}],\"inLanguage\":\"fr-FR\"}]}<\/script>\n<!-- \/ Yoast SEO plugin. -->","yoast_head_json":{"title":"Retirer l\u2019\u00e9pine du pied que constitue les sauvegardes quotidiennes - Present","description":"D\u00e9couvrez comment les services g\u00e9r\u00e9s de Present ont supprim\u00e9 les tracas li\u00e9s aux sauvegardes quotidiennes pour un client manufacturier. Avec notre plan Gold, les sauvegardes sont surveill\u00e9es, les erreurs d\u00e9tect\u00e9es et des tests de restauration r\u00e9guliers sont effectu\u00e9s. Lib\u00e9rez le personnel informatique pour qu\u2019il puisse se concentrer sur les initiatives commerciales.","robots":{"index":"index","follow":"follow","max-snippet":"max-snippet:-1","max-image-preview":"max-image-preview:large","max-video-preview":"max-video-preview:-1"},"canonical":"https:\/\/www.present.ca\/fr\/ressources\/etude-de-cas\/removing-the-pain-in-the-neck-of-daily-backups\/","og_locale":"fr_FR","og_type":"article","og_title":"Retirer l\u2019\u00e9pine du pied que constitue les sauvegardes quotidiennes - Present","og_description":"D\u00e9couvrez comment les services g\u00e9r\u00e9s de Present ont supprim\u00e9 les tracas li\u00e9s aux sauvegardes quotidiennes pour un client manufacturier. Avec notre plan Gold, les sauvegardes sont surveill\u00e9es, les erreurs d\u00e9tect\u00e9es et des tests de restauration r\u00e9guliers sont effectu\u00e9s. Lib\u00e9rez le personnel informatique pour qu\u2019il puisse se concentrer sur les initiatives commerciales.","og_url":"https:\/\/www.present.ca\/fr\/ressources\/etude-de-cas\/removing-the-pain-in-the-neck-of-daily-backups\/","og_site_name":"Present","article_modified_time":"2024-03-20T17:43:04+00:00","og_image":[{"width":1200,"height":800,"url":"https:\/\/www.present.ca\/wp-content\/uploads\/2022\/10\/Mono-6.png","type":"image\/png"}],"twitter_card":"summary_large_image","twitter_misc":{"Dur\u00e9e de lecture estim\u00e9e":"1 minute"},"schema":{"@context":"https:\/\/schema.org","@graph":[{"@type":"WebPage","@id":"https:\/\/www.present.ca\/fr\/ressources\/etude-de-cas\/removing-the-pain-in-the-neck-of-daily-backups\/","url":"https:\/\/www.present.ca\/fr\/ressources\/etude-de-cas\/removing-the-pain-in-the-neck-of-daily-backups\/","name":"Retirer l\u2019\u00e9pine du pied que constitue les sauvegardes quotidiennes - Present","isPartOf":{"@id":"https:\/\/www.present.ca\/fr\/#website"},"primaryImageOfPage":{"@id":"https:\/\/www.present.ca\/fr\/ressources\/etude-de-cas\/removing-the-pain-in-the-neck-of-daily-backups\/#primaryimage"},"image":{"@id":"https:\/\/www.present.ca\/fr\/ressources\/etude-de-cas\/removing-the-pain-in-the-neck-of-daily-backups\/#primaryimage"},"thumbnailUrl":"https:\/\/www.present.ca\/wp-content\/uploads\/2022\/10\/Mono-6.png","datePublished":"2022-10-26T13:39:06+00:00","dateModified":"2024-03-20T17:43:04+00:00","description":"D\u00e9couvrez comment les services g\u00e9r\u00e9s de Present ont supprim\u00e9 les tracas li\u00e9s aux sauvegardes quotidiennes pour un client manufacturier. Avec notre plan Gold, les sauvegardes sont surveill\u00e9es, les erreurs d\u00e9tect\u00e9es et des tests de restauration r\u00e9guliers sont effectu\u00e9s. Lib\u00e9rez le personnel informatique pour qu\u2019il puisse se concentrer sur les initiatives commerciales.","breadcrumb":{"@id":"https:\/\/www.present.ca\/fr\/ressources\/etude-de-cas\/removing-the-pain-in-the-neck-of-daily-backups\/#breadcrumb"},"inLanguage":"fr-FR","potentialAction":[{"@type":"ReadAction","target":["https:\/\/www.present.ca\/fr\/ressources\/etude-de-cas\/removing-the-pain-in-the-neck-of-daily-backups\/"]}]},{"@type":"ImageObject","inLanguage":"fr-FR","@id":"https:\/\/www.present.ca\/fr\/ressources\/etude-de-cas\/removing-the-pain-in-the-neck-of-daily-backups\/#primaryimage","url":"https:\/\/www.present.ca\/wp-content\/uploads\/2022\/10\/Mono-6.png","contentUrl":"https:\/\/www.present.ca\/wp-content\/uploads\/2022\/10\/Mono-6.png","width":1200,"height":800},{"@type":"BreadcrumbList","@id":"https:\/\/www.present.ca\/fr\/ressources\/etude-de-cas\/removing-the-pain-in-the-neck-of-daily-backups\/#breadcrumb","itemListElement":[{"@type":"ListItem","position":1,"name":"Accueil","item":"https:\/\/www.present.ca\/fr\/"},{"@type":"ListItem","position":2,"name":"Ressources","item":"https:\/\/www.present.ca\/fr\/ressources\/"},{"@type":"ListItem","position":3,"name":"\u00c9tudes de Cas","item":"https:\/\/www.present.ca\/fr\/ressources\/etude-de-cas\/"},{"@type":"ListItem","position":4,"name":"Retirer l\u2019\u00e9pine du pied que constitue les sauvegardes quotidiennes"}]},{"@type":"WebSite","@id":"https:\/\/www.present.ca\/fr\/#website","url":"https:\/\/www.present.ca\/fr\/","name":"Present","description":"Services G\u00e9r\u00e9s TI, S\u00e9curit\u00e9 G\u00e9r\u00e9e TI et Solutions de Cloud Hybride","potentialAction":[{"@type":"SearchAction","target":{"@type":"EntryPoint","urlTemplate":"https:\/\/www.present.ca\/fr\/?s={search_term_string}"},"query-input":{"@type":"PropertyValueSpecification","valueRequired":true,"valueName":"search_term_string"}}],"inLanguage":"fr-FR"}]}},"_links":{"self":[{"href":"https:\/\/www.present.ca\/fr\/wp-json\/wp\/v2\/pages\/24090","targetHints":{"allow":["GET"]}}],"collection":[{"href":"https:\/\/www.present.ca\/fr\/wp-json\/wp\/v2\/pages"}],"about":[{"href":"https:\/\/www.present.ca\/fr\/wp-json\/wp\/v2\/types\/page"}],"author":[{"embeddable":true,"href":"https:\/\/www.present.ca\/fr\/wp-json\/wp\/v2\/users\/9"}],"replies":[{"embeddable":true,"href":"https:\/\/www.present.ca\/fr\/wp-json\/wp\/v2\/comments?post=24090"}],"version-history":[{"count":3,"href":"https:\/\/www.present.ca\/fr\/wp-json\/wp\/v2\/pages\/24090\/revisions"}],"predecessor-version":[{"id":27828,"href":"https:\/\/www.present.ca\/fr\/wp-json\/wp\/v2\/pages\/24090\/revisions\/27828"}],"up":[{"embeddable":true,"href":"https:\/\/www.present.ca\/fr\/wp-json\/wp\/v2\/pages\/10724"}],"wp:featuredmedia":[{"embeddable":true,"href":"https:\/\/www.present.ca\/fr\/wp-json\/wp\/v2\/media\/24059"}],"wp:attachment":[{"href":"https:\/\/www.present.ca\/fr\/wp-json\/wp\/v2\/media?parent=24090"}],"curies":[{"name":"wp","href":"https:\/\/api.w.org\/{rel}","templated":true}]}}