{"id":24081,"date":"2022-10-26T09:25:19","date_gmt":"2022-10-26T13:25:19","guid":{"rendered":"https:\/\/www.present.ca\/ressources\/etude-de-cas\/experts-by-your-side-when-you-need-them\/"},"modified":"2024-03-20T13:44:04","modified_gmt":"2024-03-20T17:44:04","slug":"experts-by-your-side-when-you-need-them","status":"publish","type":"page","link":"https:\/\/www.present.ca\/fr\/ressources\/etude-de-cas\/experts-by-your-side-when-you-need-them\/","title":{"rendered":"Des experts \u00e0 vos c\u00f4t\u00e9s, quand vous en avez besoin"},"content":{"rendered":"<p>[vc_row][vc_column]<div id=\"ultimate-heading-234369ee4a3ad8fef\" class=\"uvc-heading ult-adjust-bottom-margin ultimate-heading-234369ee4a3ad8fef uvc-8323 cursive\" data-hspacer=\"no_spacer\"  data-halign=\"center\" style=\"text-align:center\"><div class=\"uvc-heading-spacer no_spacer\" style=\"top\"><\/div><div class=\"uvc-main-heading ult-responsive\"  data-ultimate-target='.uvc-heading.ultimate-heading-234369ee4a3ad8fef h2'  data-responsive-json-new='{\"font-size\":\"\",\"line-height\":\"\"}' ><h2 style=\"font-weight:normal;\">Secteur: Juridique<\/h2><\/div><\/div>[\/vc_column][\/vc_row][vc_row][vc_column width=\u00a0\u00bb1\/3&Prime;][vc_column_text]<strong>Situation:<\/strong><\/p>\n<ul>\n<li data-leveltext=\"\uf0b7\" data-font=\"Symbol\" data-listid=\"1\" data-list-defn-props=\"{&quot;335552541&quot;:1,&quot;335559684&quot;:-2,&quot;335559685&quot;:720,&quot;335559991&quot;:360,&quot;469769226&quot;:&quot;Symbol&quot;,&quot;469769242&quot;:[8226],&quot;469777803&quot;:&quot;left&quot;,&quot;469777804&quot;:&quot;\uf0b7&quot;,&quot;469777815&quot;:&quot;hybridMultilevel&quot;}\" aria-setsize=\"-1\" data-aria-posinset=\"1\" data-aria-level=\"1\"><span data-contrast=\"none\">Le client disposait d&rsquo;une petite \u00e9quipe TI mais n&rsquo;avait toujours pas les comp\u00e9tences n\u00e9cessaires pour soutenir correctement l&rsquo;entreprise.<\/span><\/li>\n<\/ul>\n<ul>\n<li data-leveltext=\"\uf0b7\" data-font=\"Symbol\" data-listid=\"1\" data-list-defn-props=\"{&quot;335552541&quot;:1,&quot;335559684&quot;:-2,&quot;335559685&quot;:720,&quot;335559991&quot;:360,&quot;469769226&quot;:&quot;Symbol&quot;,&quot;469769242&quot;:[8226],&quot;469777803&quot;:&quot;left&quot;,&quot;469777804&quot;:&quot;\uf0b7&quot;,&quot;469777815&quot;:&quot;hybridMultilevel&quot;}\" aria-setsize=\"-1\" data-aria-posinset=\"1\" data-aria-level=\"1\"><span data-contrast=\"none\">Il n&rsquo;est pas possible pour une petite \u00e9quipe informatique d&rsquo;avoir une expertise dans tous les domaines tels que les syst\u00e8mes, le r\u00e9seau, la s\u00e9curit\u00e9, la conformit\u00e9 et la technologie num\u00e9rique.<\/span><\/li>\n<\/ul>\n<p>[\/vc_column_text][\/vc_column][vc_column width=\u00a0\u00bb1\/3&Prime;][vc_column_text]<strong>Solution<\/strong>:<\/p>\n<ul>\n<li><span class=\"NormalTextRun SCXW158808483 BCX4\">Le plan Gold de <\/span><span class=\"NormalTextRun SpellingErrorV2Themed SCXW158808483 BCX4\">Present<\/span><span class=\"NormalTextRun SCXW158808483 BCX4\"> pour les services g\u00e9r\u00e9s.<\/span><\/li>\n<\/ul>\n<p>[\/vc_column_text][\/vc_column][vc_column width=\u00a0\u00bb1\/3&Prime;][vc_column_text]<strong>Avantages:<\/strong><\/p>\n<ul>\n<li data-leveltext=\"\uf0b7\" data-font=\"Symbol\" data-listid=\"1\" data-list-defn-props=\"{&quot;335552541&quot;:1,&quot;335559684&quot;:-2,&quot;335559685&quot;:720,&quot;335559991&quot;:360,&quot;469769226&quot;:&quot;Symbol&quot;,&quot;469769242&quot;:[8226],&quot;469777803&quot;:&quot;left&quot;,&quot;469777804&quot;:&quot;\uf0b7&quot;,&quot;469777815&quot;:&quot;hybridMultilevel&quot;}\" aria-setsize=\"-1\" data-aria-posinset=\"3\" data-aria-level=\"1\"><span data-contrast=\"none\">Acc\u00e8s sur demande \u00e0 une \u00e9quipe d&rsquo;experts poss\u00e9dant des comp\u00e9tences et une exp\u00e9rience vastes et pr\u00e9cises.<\/span><\/li>\n<\/ul>\n<ul>\n<li data-leveltext=\"\uf0b7\" data-font=\"Symbol\" data-listid=\"1\" data-list-defn-props=\"{&quot;335552541&quot;:1,&quot;335559684&quot;:-2,&quot;335559685&quot;:720,&quot;335559991&quot;:360,&quot;469769226&quot;:&quot;Symbol&quot;,&quot;469769242&quot;:[8226],&quot;469777803&quot;:&quot;left&quot;,&quot;469777804&quot;:&quot;\uf0b7&quot;,&quot;469777815&quot;:&quot;hybridMultilevel&quot;}\" aria-setsize=\"-1\" data-aria-posinset=\"1\" data-aria-level=\"1\"><span data-contrast=\"none\">Au lieu de continuer \u00e0 augmenter les co\u00fbts salariaux, le client utilise le talent hautement sp\u00e9cialis\u00e9 de Present pour un co\u00fbt mensuel pr\u00e9visible.<\/span><span data-ccp-props=\"{&quot;201341983&quot;:0,&quot;335559739&quot;:160,&quot;335559740&quot;:259}\">\u00a0<\/span><\/li>\n<li data-leveltext=\"\uf0b7\" data-font=\"Symbol\" data-listid=\"1\" data-list-defn-props=\"{&quot;335552541&quot;:1,&quot;335559684&quot;:-2,&quot;335559685&quot;:720,&quot;335559991&quot;:360,&quot;469769226&quot;:&quot;Symbol&quot;,&quot;469769242&quot;:[8226],&quot;469777803&quot;:&quot;left&quot;,&quot;469777804&quot;:&quot;\uf0b7&quot;,&quot;469777815&quot;:&quot;hybridMultilevel&quot;}\" aria-setsize=\"-1\" data-aria-posinset=\"2\" data-aria-level=\"1\"><span data-contrast=\"none\">Ils obtiennent toute l&rsquo;expertise dont ils ont besoin, mais pas \u00e0 temps plein, avec un co\u00fbt r\u00e9parti entre tous les clients.<\/span><span data-ccp-props=\"{&quot;201341983&quot;:0,&quot;335559739&quot;:160,&quot;335559740&quot;:259}\">\u00a0<\/span><\/li>\n<\/ul>\n<p>[\/vc_column_text][\/vc_column][\/vc_row][vc_row full_width=\u00a0\u00bbstretch_row_content\u00a0\u00bb bg_type=\u00a0\u00bbbg_color\u00a0\u00bb el_class=\u00a0\u00bbtilt-pos-3-deg\u00a0\u00bb css=\u00a0\u00bb.vc_custom_1588250693452{padding-top: 25px !important;padding-bottom: 25px !important;}\u00a0\u00bb bg_color_value=\u00a0\u00bb#16a361&Prime;][vc_column]<div id=\"ultimate-heading-882969ee4a3ad903a\" class=\"uvc-heading ult-adjust-bottom-margin ultimate-heading-882969ee4a3ad903a uvc-8118 \" data-hspacer=\"no_spacer\"  data-halign=\"center\" style=\"text-align:center\"><div class=\"uvc-heading-spacer no_spacer\" style=\"top\"><\/div><div class=\"uvc-main-heading ult-responsive\"  data-ultimate-target='.uvc-heading.ultimate-heading-882969ee4a3ad903a h3'  data-responsive-json-new='{\"font-size\":\"\",\"line-height\":\"\"}' ><h3 style=\"font-weight:normal;\">Contactez-nous pour en apprendre d'avantage sur cet \u00e9tude de cas.<\/h3><\/div><\/div>[vc_empty_space]<div class=\" ubtn-ctn-center \"><a class=\"ubtn-link ult-adjust-bottom-margin ubtn-center ubtn-normal \" href=\"\/contact-present\/\" title=\"Contact Present\" ><button type=\"button\" id=\"ubtn-8620\"  class=\"ubtn ult-adjust-bottom-margin ult-responsive ubtn-normal ubtn-no-hover-bg  none  ubtn-center   tooltip-69ee4a3ad906c\"  data-hover=\"#ffffff\" data-border-color=\"#ffffff\" data-bg=\"#ffffff\" data-hover-bg=\"#000000\" data-border-hover=\"#ffffff\" data-shadow-hover=\"\" data-shadow-click=\"none\" data-shadow=\"\" data-shd-shadow=\"\"  data-ultimate-target='#ubtn-8620'  data-responsive-json-new='{\"font-size\":\"desktop:18px;\",\"line-height\":\"\"}'  style=\"font-weight:bold;border-radius:5px;border-width:3px;border-color:#ffffff;border-style:solid;background: #ffffff;color: #16a361;\"><span class=\"ubtn-hover\" style=\"background-color:#000000\"><\/span><span class=\"ubtn-data ubtn-text \" >Parlons-en<\/span><\/button><\/a><\/div>[\/vc_column][\/vc_row]<\/p>\n","protected":false},"excerpt":{"rendered":"<p>[vc_row][vc_column][\/vc_column][\/vc_row][vc_row][vc_column width=\u00a0\u00bb1\/3&Prime;][vc_column_text]Situation: Le client disposait d&rsquo;une petite \u00e9quipe TI mais n&rsquo;avait toujours pas les comp\u00e9tences n\u00e9cessaires pour soutenir correctement l&rsquo;entreprise. Il n&rsquo;est pas possible pour une petite \u00e9quipe informatique d&rsquo;avoir une expertise dans tous les domaines tels que les syst\u00e8mes, le r\u00e9seau, la s\u00e9curit\u00e9, la conformit\u00e9 et la technologie num\u00e9rique. [\/vc_column_text][\/vc_column][vc_column width=\u00a0\u00bb1\/3&Prime;][vc_column_text]Solution: Le plan Gold [&#8230;]<\/p>\n","protected":false},"author":9,"featured_media":24075,"parent":10724,"menu_order":0,"comment_status":"closed","ping_status":"closed","template":"","meta":{"_acf_changed":false,"footnotes":"","_wp_rev_ctl_limit":""},"class_list":["post-24081","page","type-page","status-publish","has-post-thumbnail","hentry"],"acf":[],"yoast_head":"<!-- This site is optimized with the Yoast SEO plugin v27.3 - https:\/\/yoast.com\/product\/yoast-seo-wordpress\/ -->\n<title>Des experts \u00e0 vos c\u00f4t\u00e9s, quand vous en avez besoin - Present<\/title>\n<meta name=\"description\" content=\"D\u00e9couvrez comment les services g\u00e9r\u00e9s de Present ont fourni un support TI expert \u00e0 un client juridique avec une petite \u00e9quipe. Notre plan Gold offre un acc\u00e8s \u00e0 la demande \u00e0 une \u00e9quipe diversifi\u00e9e de sp\u00e9cialistes, ce qui permet de r\u00e9aliser des \u00e9conomies par rapport aux embauches \u00e0 temps plein. D\u00e9couvrez comment acc\u00e9der \u00e0 une expertise de pointe sans frais g\u00e9n\u00e9raux.\" \/>\n<meta name=\"robots\" content=\"index, follow, max-snippet:-1, max-image-preview:large, max-video-preview:-1\" \/>\n<link rel=\"canonical\" href=\"https:\/\/www.present.ca\/fr\/ressources\/etude-de-cas\/experts-by-your-side-when-you-need-them\/\" \/>\n<meta property=\"og:locale\" content=\"fr_FR\" \/>\n<meta property=\"og:type\" content=\"article\" \/>\n<meta property=\"og:title\" content=\"Des experts \u00e0 vos c\u00f4t\u00e9s, quand vous en avez besoin - Present\" \/>\n<meta property=\"og:description\" content=\"D\u00e9couvrez comment les services g\u00e9r\u00e9s de Present ont fourni un support TI expert \u00e0 un client juridique avec une petite \u00e9quipe. Notre plan Gold offre un acc\u00e8s \u00e0 la demande \u00e0 une \u00e9quipe diversifi\u00e9e de sp\u00e9cialistes, ce qui permet de r\u00e9aliser des \u00e9conomies par rapport aux embauches \u00e0 temps plein. D\u00e9couvrez comment acc\u00e9der \u00e0 une expertise de pointe sans frais g\u00e9n\u00e9raux.\" \/>\n<meta property=\"og:url\" content=\"https:\/\/www.present.ca\/fr\/ressources\/etude-de-cas\/experts-by-your-side-when-you-need-them\/\" \/>\n<meta property=\"og:site_name\" content=\"Present\" \/>\n<meta property=\"article:modified_time\" content=\"2024-03-20T17:44:04+00:00\" \/>\n<meta property=\"og:image\" content=\"https:\/\/www.present.ca\/wp-content\/uploads\/2022\/10\/Mono-4-1.png\" \/>\n\t<meta property=\"og:image:width\" content=\"1200\" \/>\n\t<meta property=\"og:image:height\" content=\"800\" \/>\n\t<meta property=\"og:image:type\" content=\"image\/png\" \/>\n<meta name=\"twitter:card\" content=\"summary_large_image\" \/>\n<meta name=\"twitter:label1\" content=\"Dur\u00e9e de lecture estim\u00e9e\" \/>\n\t<meta name=\"twitter:data1\" content=\"1 minute\" \/>\n<script type=\"application\/ld+json\" class=\"yoast-schema-graph\">{\"@context\":\"https:\\\/\\\/schema.org\",\"@graph\":[{\"@type\":\"WebPage\",\"@id\":\"https:\\\/\\\/www.present.ca\\\/fr\\\/ressources\\\/etude-de-cas\\\/experts-by-your-side-when-you-need-them\\\/\",\"url\":\"https:\\\/\\\/www.present.ca\\\/fr\\\/ressources\\\/etude-de-cas\\\/experts-by-your-side-when-you-need-them\\\/\",\"name\":\"Des experts \u00e0 vos c\u00f4t\u00e9s, quand vous en avez besoin - Present\",\"isPartOf\":{\"@id\":\"https:\\\/\\\/www.present.ca\\\/fr\\\/#website\"},\"primaryImageOfPage\":{\"@id\":\"https:\\\/\\\/www.present.ca\\\/fr\\\/ressources\\\/etude-de-cas\\\/experts-by-your-side-when-you-need-them\\\/#primaryimage\"},\"image\":{\"@id\":\"https:\\\/\\\/www.present.ca\\\/fr\\\/ressources\\\/etude-de-cas\\\/experts-by-your-side-when-you-need-them\\\/#primaryimage\"},\"thumbnailUrl\":\"https:\\\/\\\/www.present.ca\\\/wp-content\\\/uploads\\\/2022\\\/10\\\/Mono-4-1.png\",\"datePublished\":\"2022-10-26T13:25:19+00:00\",\"dateModified\":\"2024-03-20T17:44:04+00:00\",\"description\":\"D\u00e9couvrez comment les services g\u00e9r\u00e9s de Present ont fourni un support TI expert \u00e0 un client juridique avec une petite \u00e9quipe. Notre plan Gold offre un acc\u00e8s \u00e0 la demande \u00e0 une \u00e9quipe diversifi\u00e9e de sp\u00e9cialistes, ce qui permet de r\u00e9aliser des \u00e9conomies par rapport aux embauches \u00e0 temps plein. D\u00e9couvrez comment acc\u00e9der \u00e0 une expertise de pointe sans frais g\u00e9n\u00e9raux.\",\"breadcrumb\":{\"@id\":\"https:\\\/\\\/www.present.ca\\\/fr\\\/ressources\\\/etude-de-cas\\\/experts-by-your-side-when-you-need-them\\\/#breadcrumb\"},\"inLanguage\":\"fr-FR\",\"potentialAction\":[{\"@type\":\"ReadAction\",\"target\":[\"https:\\\/\\\/www.present.ca\\\/fr\\\/ressources\\\/etude-de-cas\\\/experts-by-your-side-when-you-need-them\\\/\"]}]},{\"@type\":\"ImageObject\",\"inLanguage\":\"fr-FR\",\"@id\":\"https:\\\/\\\/www.present.ca\\\/fr\\\/ressources\\\/etude-de-cas\\\/experts-by-your-side-when-you-need-them\\\/#primaryimage\",\"url\":\"https:\\\/\\\/www.present.ca\\\/wp-content\\\/uploads\\\/2022\\\/10\\\/Mono-4-1.png\",\"contentUrl\":\"https:\\\/\\\/www.present.ca\\\/wp-content\\\/uploads\\\/2022\\\/10\\\/Mono-4-1.png\",\"width\":1200,\"height\":800},{\"@type\":\"BreadcrumbList\",\"@id\":\"https:\\\/\\\/www.present.ca\\\/fr\\\/ressources\\\/etude-de-cas\\\/experts-by-your-side-when-you-need-them\\\/#breadcrumb\",\"itemListElement\":[{\"@type\":\"ListItem\",\"position\":1,\"name\":\"Accueil\",\"item\":\"https:\\\/\\\/www.present.ca\\\/fr\\\/\"},{\"@type\":\"ListItem\",\"position\":2,\"name\":\"Ressources\",\"item\":\"https:\\\/\\\/www.present.ca\\\/fr\\\/ressources\\\/\"},{\"@type\":\"ListItem\",\"position\":3,\"name\":\"\u00c9tudes de Cas\",\"item\":\"https:\\\/\\\/www.present.ca\\\/fr\\\/ressources\\\/etude-de-cas\\\/\"},{\"@type\":\"ListItem\",\"position\":4,\"name\":\"Des experts \u00e0 vos c\u00f4t\u00e9s, quand vous en avez besoin\"}]},{\"@type\":\"WebSite\",\"@id\":\"https:\\\/\\\/www.present.ca\\\/fr\\\/#website\",\"url\":\"https:\\\/\\\/www.present.ca\\\/fr\\\/\",\"name\":\"Present\",\"description\":\"Services G\u00e9r\u00e9s TI, S\u00e9curit\u00e9 G\u00e9r\u00e9e TI et Solutions de Cloud Hybride\",\"potentialAction\":[{\"@type\":\"SearchAction\",\"target\":{\"@type\":\"EntryPoint\",\"urlTemplate\":\"https:\\\/\\\/www.present.ca\\\/fr\\\/?s={search_term_string}\"},\"query-input\":{\"@type\":\"PropertyValueSpecification\",\"valueRequired\":true,\"valueName\":\"search_term_string\"}}],\"inLanguage\":\"fr-FR\"}]}<\/script>\n<!-- \/ Yoast SEO plugin. -->","yoast_head_json":{"title":"Des experts \u00e0 vos c\u00f4t\u00e9s, quand vous en avez besoin - Present","description":"D\u00e9couvrez comment les services g\u00e9r\u00e9s de Present ont fourni un support TI expert \u00e0 un client juridique avec une petite \u00e9quipe. Notre plan Gold offre un acc\u00e8s \u00e0 la demande \u00e0 une \u00e9quipe diversifi\u00e9e de sp\u00e9cialistes, ce qui permet de r\u00e9aliser des \u00e9conomies par rapport aux embauches \u00e0 temps plein. D\u00e9couvrez comment acc\u00e9der \u00e0 une expertise de pointe sans frais g\u00e9n\u00e9raux.","robots":{"index":"index","follow":"follow","max-snippet":"max-snippet:-1","max-image-preview":"max-image-preview:large","max-video-preview":"max-video-preview:-1"},"canonical":"https:\/\/www.present.ca\/fr\/ressources\/etude-de-cas\/experts-by-your-side-when-you-need-them\/","og_locale":"fr_FR","og_type":"article","og_title":"Des experts \u00e0 vos c\u00f4t\u00e9s, quand vous en avez besoin - Present","og_description":"D\u00e9couvrez comment les services g\u00e9r\u00e9s de Present ont fourni un support TI expert \u00e0 un client juridique avec une petite \u00e9quipe. Notre plan Gold offre un acc\u00e8s \u00e0 la demande \u00e0 une \u00e9quipe diversifi\u00e9e de sp\u00e9cialistes, ce qui permet de r\u00e9aliser des \u00e9conomies par rapport aux embauches \u00e0 temps plein. D\u00e9couvrez comment acc\u00e9der \u00e0 une expertise de pointe sans frais g\u00e9n\u00e9raux.","og_url":"https:\/\/www.present.ca\/fr\/ressources\/etude-de-cas\/experts-by-your-side-when-you-need-them\/","og_site_name":"Present","article_modified_time":"2024-03-20T17:44:04+00:00","og_image":[{"width":1200,"height":800,"url":"https:\/\/www.present.ca\/wp-content\/uploads\/2022\/10\/Mono-4-1.png","type":"image\/png"}],"twitter_card":"summary_large_image","twitter_misc":{"Dur\u00e9e de lecture estim\u00e9e":"1 minute"},"schema":{"@context":"https:\/\/schema.org","@graph":[{"@type":"WebPage","@id":"https:\/\/www.present.ca\/fr\/ressources\/etude-de-cas\/experts-by-your-side-when-you-need-them\/","url":"https:\/\/www.present.ca\/fr\/ressources\/etude-de-cas\/experts-by-your-side-when-you-need-them\/","name":"Des experts \u00e0 vos c\u00f4t\u00e9s, quand vous en avez besoin - Present","isPartOf":{"@id":"https:\/\/www.present.ca\/fr\/#website"},"primaryImageOfPage":{"@id":"https:\/\/www.present.ca\/fr\/ressources\/etude-de-cas\/experts-by-your-side-when-you-need-them\/#primaryimage"},"image":{"@id":"https:\/\/www.present.ca\/fr\/ressources\/etude-de-cas\/experts-by-your-side-when-you-need-them\/#primaryimage"},"thumbnailUrl":"https:\/\/www.present.ca\/wp-content\/uploads\/2022\/10\/Mono-4-1.png","datePublished":"2022-10-26T13:25:19+00:00","dateModified":"2024-03-20T17:44:04+00:00","description":"D\u00e9couvrez comment les services g\u00e9r\u00e9s de Present ont fourni un support TI expert \u00e0 un client juridique avec une petite \u00e9quipe. Notre plan Gold offre un acc\u00e8s \u00e0 la demande \u00e0 une \u00e9quipe diversifi\u00e9e de sp\u00e9cialistes, ce qui permet de r\u00e9aliser des \u00e9conomies par rapport aux embauches \u00e0 temps plein. D\u00e9couvrez comment acc\u00e9der \u00e0 une expertise de pointe sans frais g\u00e9n\u00e9raux.","breadcrumb":{"@id":"https:\/\/www.present.ca\/fr\/ressources\/etude-de-cas\/experts-by-your-side-when-you-need-them\/#breadcrumb"},"inLanguage":"fr-FR","potentialAction":[{"@type":"ReadAction","target":["https:\/\/www.present.ca\/fr\/ressources\/etude-de-cas\/experts-by-your-side-when-you-need-them\/"]}]},{"@type":"ImageObject","inLanguage":"fr-FR","@id":"https:\/\/www.present.ca\/fr\/ressources\/etude-de-cas\/experts-by-your-side-when-you-need-them\/#primaryimage","url":"https:\/\/www.present.ca\/wp-content\/uploads\/2022\/10\/Mono-4-1.png","contentUrl":"https:\/\/www.present.ca\/wp-content\/uploads\/2022\/10\/Mono-4-1.png","width":1200,"height":800},{"@type":"BreadcrumbList","@id":"https:\/\/www.present.ca\/fr\/ressources\/etude-de-cas\/experts-by-your-side-when-you-need-them\/#breadcrumb","itemListElement":[{"@type":"ListItem","position":1,"name":"Accueil","item":"https:\/\/www.present.ca\/fr\/"},{"@type":"ListItem","position":2,"name":"Ressources","item":"https:\/\/www.present.ca\/fr\/ressources\/"},{"@type":"ListItem","position":3,"name":"\u00c9tudes de Cas","item":"https:\/\/www.present.ca\/fr\/ressources\/etude-de-cas\/"},{"@type":"ListItem","position":4,"name":"Des experts \u00e0 vos c\u00f4t\u00e9s, quand vous en avez besoin"}]},{"@type":"WebSite","@id":"https:\/\/www.present.ca\/fr\/#website","url":"https:\/\/www.present.ca\/fr\/","name":"Present","description":"Services G\u00e9r\u00e9s TI, S\u00e9curit\u00e9 G\u00e9r\u00e9e TI et Solutions de Cloud Hybride","potentialAction":[{"@type":"SearchAction","target":{"@type":"EntryPoint","urlTemplate":"https:\/\/www.present.ca\/fr\/?s={search_term_string}"},"query-input":{"@type":"PropertyValueSpecification","valueRequired":true,"valueName":"search_term_string"}}],"inLanguage":"fr-FR"}]}},"_links":{"self":[{"href":"https:\/\/www.present.ca\/fr\/wp-json\/wp\/v2\/pages\/24081","targetHints":{"allow":["GET"]}}],"collection":[{"href":"https:\/\/www.present.ca\/fr\/wp-json\/wp\/v2\/pages"}],"about":[{"href":"https:\/\/www.present.ca\/fr\/wp-json\/wp\/v2\/types\/page"}],"author":[{"embeddable":true,"href":"https:\/\/www.present.ca\/fr\/wp-json\/wp\/v2\/users\/9"}],"replies":[{"embeddable":true,"href":"https:\/\/www.present.ca\/fr\/wp-json\/wp\/v2\/comments?post=24081"}],"version-history":[{"count":3,"href":"https:\/\/www.present.ca\/fr\/wp-json\/wp\/v2\/pages\/24081\/revisions"}],"predecessor-version":[{"id":27829,"href":"https:\/\/www.present.ca\/fr\/wp-json\/wp\/v2\/pages\/24081\/revisions\/27829"}],"up":[{"embeddable":true,"href":"https:\/\/www.present.ca\/fr\/wp-json\/wp\/v2\/pages\/10724"}],"wp:featuredmedia":[{"embeddable":true,"href":"https:\/\/www.present.ca\/fr\/wp-json\/wp\/v2\/media\/24075"}],"wp:attachment":[{"href":"https:\/\/www.present.ca\/fr\/wp-json\/wp\/v2\/media?parent=24081"}],"curies":[{"name":"wp","href":"https:\/\/api.w.org\/{rel}","templated":true}]}}