{"id":24006,"date":"2022-10-20T12:37:32","date_gmt":"2022-10-20T16:37:32","guid":{"rendered":"https:\/\/www.present.ca\/?page_id=24006"},"modified":"2024-03-20T13:46:44","modified_gmt":"2024-03-20T17:46:44","slug":"un-cauchemar-du-lundi-matin","status":"publish","type":"page","link":"https:\/\/www.present.ca\/fr\/ressources\/etude-de-cas\/un-cauchemar-du-lundi-matin\/","title":{"rendered":"Un cauchemar du lundi matin"},"content":{"rendered":"<p>[vc_row][vc_column]<div id=\"ultimate-heading-422269e1a765694d6\" class=\"uvc-heading ult-adjust-bottom-margin ultimate-heading-422269e1a765694d6 uvc-6383 cursive\" data-hspacer=\"no_spacer\"  data-halign=\"center\" style=\"text-align:center\"><div class=\"uvc-heading-spacer no_spacer\" style=\"top\"><\/div><div class=\"uvc-main-heading ult-responsive\"  data-ultimate-target='.uvc-heading.ultimate-heading-422269e1a765694d6 h2'  data-responsive-json-new='{\"font-size\":\"\",\"line-height\":\"\"}' ><h2 style=\"font-weight:normal;\">Industrie: Assurance<\/h2><\/div><div class=\"uvc-sub-heading ult-responsive\"  data-ultimate-target='.uvc-heading.ultimate-heading-422269e1a765694d6 .uvc-sub-heading '  data-responsive-json-new='{\"font-size\":\"\",\"line-height\":\"\"}'  style=\"font-weight:normal;\"><\/p>\n<h3><strong>Un cauchemar du lundi matin<\/strong><\/h3>\n<p><\/div><\/div>[\/vc_column][\/vc_row][vc_row][vc_column width=\u00a0\u00bb1\/3&Prime;][vc_column_text]<\/p>\n<p id=\"tw-target-text\" class=\"tw-data-text tw-text-large tw-ta\" dir=\"ltr\" data-placeholder=\"Translation\"><strong><span class=\"Y2IQFc\" lang=\"en\">Situation : <\/span><\/strong><\/p>\n<ul>\n<li data-leveltext=\"\uf0b7\" data-font=\"Symbol\" data-listid=\"4\" data-list-defn-props=\"{&quot;335552541&quot;:1,&quot;335559683&quot;:0,&quot;335559684&quot;:-2,&quot;335559685&quot;:720,&quot;335559991&quot;:360,&quot;469769226&quot;:&quot;Symbol&quot;,&quot;469769242&quot;:[8226],&quot;469777803&quot;:&quot;left&quot;,&quot;469777804&quot;:&quot;\uf0b7&quot;,&quot;469777815&quot;:&quot;hybridMultilevel&quot;}\" aria-setsize=\"-1\" data-aria-posinset=\"1\" data-aria-level=\"1\"><span data-contrast=\"none\">Un lundi matin, des employ\u00e9s sont arriv\u00e9s au bureau et ont ouvert leurs ordinateurs, en trouvant deux fichiers texte sur leurs \u00e9crans. Le premier fichier indiquait que 500 Go de donn\u00e9es avaient \u00e9t\u00e9 export\u00e9es et qu&rsquo;une ran\u00e7on devait \u00eatre pay\u00e9e, sinon les fichiers seraient publi\u00e9s sur le dark web. Le deuxi\u00e8me fichier r\u00e9pertoriait tous les noms des fichiers exfiltr\u00e9s. Ce fichier comprenait des listes de clients et des informations financi\u00e8res sur l&rsquo;entreprise.<\/span><span data-ccp-props=\"{&quot;201341983&quot;:0,&quot;335551550&quot;:0,&quot;335551620&quot;:0,&quot;335559739&quot;:160,&quot;335559740&quot;:259}\">\u00a0<\/span><\/li>\n<li data-leveltext=\"\uf0b7\" data-font=\"Symbol\" data-listid=\"4\" data-list-defn-props=\"{&quot;335552541&quot;:1,&quot;335559683&quot;:0,&quot;335559684&quot;:-2,&quot;335559685&quot;:720,&quot;335559991&quot;:360,&quot;469769226&quot;:&quot;Symbol&quot;,&quot;469769242&quot;:[8226],&quot;469777803&quot;:&quot;left&quot;,&quot;469777804&quot;:&quot;\uf0b7&quot;,&quot;469777815&quot;:&quot;hybridMultilevel&quot;}\" aria-setsize=\"-1\" data-aria-posinset=\"2\" data-aria-level=\"1\"><span data-contrast=\"none\">L&rsquo;entreprise a fini par devoir payer la ran\u00e7on afin de r\u00e9cup\u00e9rer ses fichiers, mais m\u00eame avec la cl\u00e9, tous ses fichiers n&rsquo;ont malheureusement pas \u00e9t\u00e9 r\u00e9cup\u00e9r\u00e9s.<\/span><span data-ccp-props=\"{&quot;201341983&quot;:0,&quot;335551550&quot;:0,&quot;335551620&quot;:0,&quot;335559739&quot;:160,&quot;335559740&quot;:259}\">\u00a0<\/span><\/li>\n<li data-leveltext=\"\uf0b7\" data-font=\"Symbol\" data-listid=\"4\" data-list-defn-props=\"{&quot;335552541&quot;:1,&quot;335559683&quot;:0,&quot;335559684&quot;:-2,&quot;335559685&quot;:720,&quot;335559991&quot;:360,&quot;469769226&quot;:&quot;Symbol&quot;,&quot;469769242&quot;:[8226],&quot;469777803&quot;:&quot;left&quot;,&quot;469777804&quot;:&quot;\uf0b7&quot;,&quot;469777815&quot;:&quot;hybridMultilevel&quot;}\" aria-setsize=\"-1\" data-aria-posinset=\"3\" data-aria-level=\"1\"><span data-contrast=\"none\">Nous avons \u00e9galement d\u00fb reconfigurer tous leurs postes de travail en partant de z\u00e9ro, ce qui repr\u00e9sentait une grosse d\u00e9pense.<\/span><\/li>\n<\/ul>\n<p>[\/vc_column_text][\/vc_column][vc_column width=\u00a0\u00bb1\/3&Prime;][vc_column_text]<strong>Solution:<\/strong><\/p>\n<ul>\n<li><span class=\"NormalTextRun SCXW102430358 BCX4\">Il a \u00e9t\u00e9 d\u00e9termin\u00e9 apr\u00e8s enqu\u00eate que le ran\u00e7ongiciel provenait du r\u00e9seau en <\/span><span class=\"NormalTextRun SCXW102430358 BCX4\">lui-m\u00eame<\/span><span class=\"NormalTextRun SCXW102430358 BCX4\">. <\/span><span class=\"NormalTextRun SpellingErrorV2Themed SCXW102430358 BCX4\">Present<\/span><span class=\"NormalTextRun SCXW102430358 BCX4\"> a ainsi install\u00e9 une solution SIEM qui surveille d\u00e9sormais les incidents de s\u00e9curit\u00e9 sur tous les utilisateurs, appareils et applications connect\u00e9s tout en identifiant les comportements anormaux lorsqu&rsquo;ils sont d\u00e9tect\u00e9s sur le r\u00e9seau.<\/span><\/li>\n<\/ul>\n<p>[\/vc_column_text][\/vc_column][vc_column width=\u00a0\u00bb1\/3&Prime;][vc_column_text]<strong>Avantages:<\/strong><\/p>\n<ul>\n<li data-leveltext=\"\uf0b7\" data-font=\"Symbol\" data-listid=\"1\" data-list-defn-props=\"{&quot;335552541&quot;:1,&quot;335559683&quot;:0,&quot;335559684&quot;:-2,&quot;335559685&quot;:720,&quot;335559991&quot;:360,&quot;469769226&quot;:&quot;Symbol&quot;,&quot;469769242&quot;:[8226],&quot;469777803&quot;:&quot;left&quot;,&quot;469777804&quot;:&quot;\uf0b7&quot;,&quot;469777815&quot;:&quot;hybridMultilevel&quot;}\" aria-setsize=\"-1\" data-aria-posinset=\"5\" data-aria-level=\"1\"><span data-contrast=\"none\">La mise en place d&rsquo;un SIEM permet de d\u00e9tecter d\u00e9sormais lorsqu&rsquo;une grande quantit\u00e9 de donn\u00e9es est copi\u00e9e et va d\u00e9clencher une alerte afin d&rsquo;arr\u00eater le processus de toute activit\u00e9 suspecte.<\/span><span data-ccp-props=\"{&quot;201341983&quot;:0,&quot;335551550&quot;:0,&quot;335551620&quot;:0,&quot;335559739&quot;:160,&quot;335559740&quot;:259}\">\u00a0<\/span><\/li>\n<li data-leveltext=\"\uf0b7\" data-font=\"Symbol\" data-listid=\"1\" data-list-defn-props=\"{&quot;335552541&quot;:1,&quot;335559683&quot;:0,&quot;335559684&quot;:-2,&quot;335559685&quot;:720,&quot;335559991&quot;:360,&quot;469769226&quot;:&quot;Symbol&quot;,&quot;469769242&quot;:[8226],&quot;469777803&quot;:&quot;left&quot;,&quot;469777804&quot;:&quot;\uf0b7&quot;,&quot;469777815&quot;:&quot;hybridMultilevel&quot;}\" aria-setsize=\"-1\" data-aria-posinset=\"6\" data-aria-level=\"1\"><span data-contrast=\"none\">Le SIEM d\u00e9tectera et r\u00e9pondra aux menaces de s\u00e9curit\u00e9 connues et inconnues, y compris toutes les tentatives de connexion externes, ce qui offre au client la tranquillit\u00e9 d&rsquo;esprit qu&rsquo;il est d\u00e9sormais prot\u00e9g\u00e9, compte tenu de la rapidit\u00e9 avec laquelle le paysage de la cybercriminalit\u00e9 \u00e9volue.<\/span><\/li>\n<\/ul>\n<p>[\/vc_column_text][\/vc_column][\/vc_row][vc_row full_width=\u00a0\u00bbstretch_row_content\u00a0\u00bb bg_type=\u00a0\u00bbbg_color\u00a0\u00bb el_class=\u00a0\u00bbtilt-pos-3-deg\u00a0\u00bb css=\u00a0\u00bb.vc_custom_1588250693452{padding-top: 25px !important;padding-bottom: 25px !important;}\u00a0\u00bb bg_color_value=\u00a0\u00bb#16a361&Prime;][vc_column]<div id=\"ultimate-heading-975269e1a76569523\" class=\"uvc-heading ult-adjust-bottom-margin ultimate-heading-975269e1a76569523 uvc-4259 \" data-hspacer=\"no_spacer\"  data-halign=\"center\" style=\"text-align:center\"><div class=\"uvc-heading-spacer no_spacer\" style=\"top\"><\/div><div class=\"uvc-main-heading ult-responsive\"  data-ultimate-target='.uvc-heading.ultimate-heading-975269e1a76569523 h3'  data-responsive-json-new='{\"font-size\":\"\",\"line-height\":\"\"}' ><h3 style=\"font-weight:normal;\">Contactez-nous pour en apprendre d'avantage sur cet \u00e9tude de cas.<\/h3><\/div><\/div>[vc_empty_space]<div class=\" ubtn-ctn-center \"><a class=\"ubtn-link ult-adjust-bottom-margin ubtn-center ubtn-normal \" href=\"\/contact-present\/\" title=\"Contact Present\" ><button type=\"button\" id=\"ubtn-7225\"  class=\"ubtn ult-adjust-bottom-margin ult-responsive ubtn-normal ubtn-no-hover-bg  none  ubtn-center   tooltip-69e1a76569552\"  data-hover=\"#ffffff\" data-border-color=\"#ffffff\" data-bg=\"#ffffff\" data-hover-bg=\"#000000\" data-border-hover=\"#ffffff\" data-shadow-hover=\"\" data-shadow-click=\"none\" data-shadow=\"\" data-shd-shadow=\"\"  data-ultimate-target='#ubtn-7225'  data-responsive-json-new='{\"font-size\":\"desktop:18px;\",\"line-height\":\"\"}'  style=\"font-weight:bold;border-radius:5px;border-width:3px;border-color:#ffffff;border-style:solid;background: #ffffff;color: #16a361;\"><span class=\"ubtn-hover\" style=\"background-color:#000000\"><\/span><span class=\"ubtn-data ubtn-text \" >Parlons-en<\/span><\/button><\/a><\/div>[\/vc_column][\/vc_row]<\/p>\n","protected":false},"excerpt":{"rendered":"<p>[vc_row][vc_column][\/vc_column][\/vc_row][vc_row][vc_column width=\u00a0\u00bb1\/3&Prime;][vc_column_text] Situation : Un lundi matin, des employ\u00e9s sont arriv\u00e9s au bureau et ont ouvert leurs ordinateurs, en trouvant deux fichiers texte sur leurs \u00e9crans. Le premier fichier indiquait que 500 Go de donn\u00e9es avaient \u00e9t\u00e9 export\u00e9es et qu&rsquo;une ran\u00e7on devait \u00eatre pay\u00e9e, sinon les fichiers seraient publi\u00e9s sur le dark web. Le deuxi\u00e8me [&#8230;]<\/p>\n","protected":false},"author":9,"featured_media":24005,"parent":10724,"menu_order":0,"comment_status":"closed","ping_status":"closed","template":"","meta":{"_acf_changed":false,"footnotes":"","_wp_rev_ctl_limit":""},"class_list":["post-24006","page","type-page","status-publish","has-post-thumbnail","hentry"],"acf":[],"yoast_head":"<!-- This site is optimized with the Yoast SEO plugin v27.3 - https:\/\/yoast.com\/product\/yoast-seo-wordpress\/ -->\n<title>Un cauchemar du lundi matin - Present<\/title>\n<meta name=\"description\" content=\"D\u00e9couvrez comment Present a fait face \u00e0 une attaque de ransomware dans le secteur de l&#039;assurance. Gr\u00e2ce \u00e0 une solution SIEM, nous d\u00e9tectons et r\u00e9pondons d\u00e9sormais aux activit\u00e9s suspectes, offrant ainsi une tranquillit\u00e9 d&#039;esprit face \u00e0 l&#039;\u00e9volution des cybermenaces. D\u00e9couvrez comment notre intervention a sauvegard\u00e9 les donn\u00e9es et les a prot\u00e9g\u00e9es contre de futures violations\" \/>\n<meta name=\"robots\" content=\"index, follow, max-snippet:-1, max-image-preview:large, max-video-preview:-1\" \/>\n<link rel=\"canonical\" href=\"https:\/\/www.present.ca\/fr\/ressources\/etude-de-cas\/un-cauchemar-du-lundi-matin\/\" \/>\n<meta property=\"og:locale\" content=\"fr_FR\" \/>\n<meta property=\"og:type\" content=\"article\" \/>\n<meta property=\"og:title\" content=\"Un cauchemar du lundi matin - Present\" \/>\n<meta property=\"og:description\" content=\"D\u00e9couvrez comment Present a fait face \u00e0 une attaque de ransomware dans le secteur de l&#039;assurance. Gr\u00e2ce \u00e0 une solution SIEM, nous d\u00e9tectons et r\u00e9pondons d\u00e9sormais aux activit\u00e9s suspectes, offrant ainsi une tranquillit\u00e9 d&#039;esprit face \u00e0 l&#039;\u00e9volution des cybermenaces. D\u00e9couvrez comment notre intervention a sauvegard\u00e9 les donn\u00e9es et les a prot\u00e9g\u00e9es contre de futures violations\" \/>\n<meta property=\"og:url\" content=\"https:\/\/www.present.ca\/fr\/ressources\/etude-de-cas\/un-cauchemar-du-lundi-matin\/\" \/>\n<meta property=\"og:site_name\" content=\"Present\" \/>\n<meta property=\"article:modified_time\" content=\"2024-03-20T17:46:44+00:00\" \/>\n<meta property=\"og:image\" content=\"https:\/\/www.present.ca\/wp-content\/uploads\/2022\/10\/Mono.png\" \/>\n\t<meta property=\"og:image:width\" content=\"1200\" \/>\n\t<meta property=\"og:image:height\" content=\"800\" \/>\n\t<meta property=\"og:image:type\" content=\"image\/png\" \/>\n<meta name=\"twitter:card\" content=\"summary_large_image\" \/>\n<meta name=\"twitter:label1\" content=\"Dur\u00e9e de lecture estim\u00e9e\" \/>\n\t<meta name=\"twitter:data1\" content=\"2 minutes\" \/>\n<script type=\"application\/ld+json\" class=\"yoast-schema-graph\">{\"@context\":\"https:\\\/\\\/schema.org\",\"@graph\":[{\"@type\":\"WebPage\",\"@id\":\"https:\\\/\\\/www.present.ca\\\/fr\\\/ressources\\\/etude-de-cas\\\/un-cauchemar-du-lundi-matin\\\/\",\"url\":\"https:\\\/\\\/www.present.ca\\\/fr\\\/ressources\\\/etude-de-cas\\\/un-cauchemar-du-lundi-matin\\\/\",\"name\":\"Un cauchemar du lundi matin - Present\",\"isPartOf\":{\"@id\":\"https:\\\/\\\/www.present.ca\\\/fr\\\/#website\"},\"primaryImageOfPage\":{\"@id\":\"https:\\\/\\\/www.present.ca\\\/fr\\\/ressources\\\/etude-de-cas\\\/un-cauchemar-du-lundi-matin\\\/#primaryimage\"},\"image\":{\"@id\":\"https:\\\/\\\/www.present.ca\\\/fr\\\/ressources\\\/etude-de-cas\\\/un-cauchemar-du-lundi-matin\\\/#primaryimage\"},\"thumbnailUrl\":\"https:\\\/\\\/www.present.ca\\\/wp-content\\\/uploads\\\/2022\\\/10\\\/Mono.png\",\"datePublished\":\"2022-10-20T16:37:32+00:00\",\"dateModified\":\"2024-03-20T17:46:44+00:00\",\"description\":\"D\u00e9couvrez comment Present a fait face \u00e0 une attaque de ransomware dans le secteur de l'assurance. Gr\u00e2ce \u00e0 une solution SIEM, nous d\u00e9tectons et r\u00e9pondons d\u00e9sormais aux activit\u00e9s suspectes, offrant ainsi une tranquillit\u00e9 d'esprit face \u00e0 l'\u00e9volution des cybermenaces. D\u00e9couvrez comment notre intervention a sauvegard\u00e9 les donn\u00e9es et les a prot\u00e9g\u00e9es contre de futures violations\",\"breadcrumb\":{\"@id\":\"https:\\\/\\\/www.present.ca\\\/fr\\\/ressources\\\/etude-de-cas\\\/un-cauchemar-du-lundi-matin\\\/#breadcrumb\"},\"inLanguage\":\"fr-FR\",\"potentialAction\":[{\"@type\":\"ReadAction\",\"target\":[\"https:\\\/\\\/www.present.ca\\\/fr\\\/ressources\\\/etude-de-cas\\\/un-cauchemar-du-lundi-matin\\\/\"]}]},{\"@type\":\"ImageObject\",\"inLanguage\":\"fr-FR\",\"@id\":\"https:\\\/\\\/www.present.ca\\\/fr\\\/ressources\\\/etude-de-cas\\\/un-cauchemar-du-lundi-matin\\\/#primaryimage\",\"url\":\"https:\\\/\\\/www.present.ca\\\/wp-content\\\/uploads\\\/2022\\\/10\\\/Mono.png\",\"contentUrl\":\"https:\\\/\\\/www.present.ca\\\/wp-content\\\/uploads\\\/2022\\\/10\\\/Mono.png\",\"width\":1200,\"height\":800},{\"@type\":\"BreadcrumbList\",\"@id\":\"https:\\\/\\\/www.present.ca\\\/fr\\\/ressources\\\/etude-de-cas\\\/un-cauchemar-du-lundi-matin\\\/#breadcrumb\",\"itemListElement\":[{\"@type\":\"ListItem\",\"position\":1,\"name\":\"Accueil\",\"item\":\"https:\\\/\\\/www.present.ca\\\/fr\\\/\"},{\"@type\":\"ListItem\",\"position\":2,\"name\":\"Ressources\",\"item\":\"https:\\\/\\\/www.present.ca\\\/fr\\\/ressources\\\/\"},{\"@type\":\"ListItem\",\"position\":3,\"name\":\"\u00c9tudes de Cas\",\"item\":\"https:\\\/\\\/www.present.ca\\\/fr\\\/ressources\\\/etude-de-cas\\\/\"},{\"@type\":\"ListItem\",\"position\":4,\"name\":\"Un cauchemar du lundi matin\"}]},{\"@type\":\"WebSite\",\"@id\":\"https:\\\/\\\/www.present.ca\\\/fr\\\/#website\",\"url\":\"https:\\\/\\\/www.present.ca\\\/fr\\\/\",\"name\":\"Present\",\"description\":\"Services G\u00e9r\u00e9s TI, S\u00e9curit\u00e9 G\u00e9r\u00e9e TI et Solutions de Cloud Hybride\",\"potentialAction\":[{\"@type\":\"SearchAction\",\"target\":{\"@type\":\"EntryPoint\",\"urlTemplate\":\"https:\\\/\\\/www.present.ca\\\/fr\\\/?s={search_term_string}\"},\"query-input\":{\"@type\":\"PropertyValueSpecification\",\"valueRequired\":true,\"valueName\":\"search_term_string\"}}],\"inLanguage\":\"fr-FR\"}]}<\/script>\n<!-- \/ Yoast SEO plugin. -->","yoast_head_json":{"title":"Un cauchemar du lundi matin - Present","description":"D\u00e9couvrez comment Present a fait face \u00e0 une attaque de ransomware dans le secteur de l'assurance. Gr\u00e2ce \u00e0 une solution SIEM, nous d\u00e9tectons et r\u00e9pondons d\u00e9sormais aux activit\u00e9s suspectes, offrant ainsi une tranquillit\u00e9 d'esprit face \u00e0 l'\u00e9volution des cybermenaces. D\u00e9couvrez comment notre intervention a sauvegard\u00e9 les donn\u00e9es et les a prot\u00e9g\u00e9es contre de futures violations","robots":{"index":"index","follow":"follow","max-snippet":"max-snippet:-1","max-image-preview":"max-image-preview:large","max-video-preview":"max-video-preview:-1"},"canonical":"https:\/\/www.present.ca\/fr\/ressources\/etude-de-cas\/un-cauchemar-du-lundi-matin\/","og_locale":"fr_FR","og_type":"article","og_title":"Un cauchemar du lundi matin - Present","og_description":"D\u00e9couvrez comment Present a fait face \u00e0 une attaque de ransomware dans le secteur de l'assurance. Gr\u00e2ce \u00e0 une solution SIEM, nous d\u00e9tectons et r\u00e9pondons d\u00e9sormais aux activit\u00e9s suspectes, offrant ainsi une tranquillit\u00e9 d'esprit face \u00e0 l'\u00e9volution des cybermenaces. D\u00e9couvrez comment notre intervention a sauvegard\u00e9 les donn\u00e9es et les a prot\u00e9g\u00e9es contre de futures violations","og_url":"https:\/\/www.present.ca\/fr\/ressources\/etude-de-cas\/un-cauchemar-du-lundi-matin\/","og_site_name":"Present","article_modified_time":"2024-03-20T17:46:44+00:00","og_image":[{"width":1200,"height":800,"url":"https:\/\/www.present.ca\/wp-content\/uploads\/2022\/10\/Mono.png","type":"image\/png"}],"twitter_card":"summary_large_image","twitter_misc":{"Dur\u00e9e de lecture estim\u00e9e":"2 minutes"},"schema":{"@context":"https:\/\/schema.org","@graph":[{"@type":"WebPage","@id":"https:\/\/www.present.ca\/fr\/ressources\/etude-de-cas\/un-cauchemar-du-lundi-matin\/","url":"https:\/\/www.present.ca\/fr\/ressources\/etude-de-cas\/un-cauchemar-du-lundi-matin\/","name":"Un cauchemar du lundi matin - Present","isPartOf":{"@id":"https:\/\/www.present.ca\/fr\/#website"},"primaryImageOfPage":{"@id":"https:\/\/www.present.ca\/fr\/ressources\/etude-de-cas\/un-cauchemar-du-lundi-matin\/#primaryimage"},"image":{"@id":"https:\/\/www.present.ca\/fr\/ressources\/etude-de-cas\/un-cauchemar-du-lundi-matin\/#primaryimage"},"thumbnailUrl":"https:\/\/www.present.ca\/wp-content\/uploads\/2022\/10\/Mono.png","datePublished":"2022-10-20T16:37:32+00:00","dateModified":"2024-03-20T17:46:44+00:00","description":"D\u00e9couvrez comment Present a fait face \u00e0 une attaque de ransomware dans le secteur de l'assurance. Gr\u00e2ce \u00e0 une solution SIEM, nous d\u00e9tectons et r\u00e9pondons d\u00e9sormais aux activit\u00e9s suspectes, offrant ainsi une tranquillit\u00e9 d'esprit face \u00e0 l'\u00e9volution des cybermenaces. D\u00e9couvrez comment notre intervention a sauvegard\u00e9 les donn\u00e9es et les a prot\u00e9g\u00e9es contre de futures violations","breadcrumb":{"@id":"https:\/\/www.present.ca\/fr\/ressources\/etude-de-cas\/un-cauchemar-du-lundi-matin\/#breadcrumb"},"inLanguage":"fr-FR","potentialAction":[{"@type":"ReadAction","target":["https:\/\/www.present.ca\/fr\/ressources\/etude-de-cas\/un-cauchemar-du-lundi-matin\/"]}]},{"@type":"ImageObject","inLanguage":"fr-FR","@id":"https:\/\/www.present.ca\/fr\/ressources\/etude-de-cas\/un-cauchemar-du-lundi-matin\/#primaryimage","url":"https:\/\/www.present.ca\/wp-content\/uploads\/2022\/10\/Mono.png","contentUrl":"https:\/\/www.present.ca\/wp-content\/uploads\/2022\/10\/Mono.png","width":1200,"height":800},{"@type":"BreadcrumbList","@id":"https:\/\/www.present.ca\/fr\/ressources\/etude-de-cas\/un-cauchemar-du-lundi-matin\/#breadcrumb","itemListElement":[{"@type":"ListItem","position":1,"name":"Accueil","item":"https:\/\/www.present.ca\/fr\/"},{"@type":"ListItem","position":2,"name":"Ressources","item":"https:\/\/www.present.ca\/fr\/ressources\/"},{"@type":"ListItem","position":3,"name":"\u00c9tudes de Cas","item":"https:\/\/www.present.ca\/fr\/ressources\/etude-de-cas\/"},{"@type":"ListItem","position":4,"name":"Un cauchemar du lundi matin"}]},{"@type":"WebSite","@id":"https:\/\/www.present.ca\/fr\/#website","url":"https:\/\/www.present.ca\/fr\/","name":"Present","description":"Services G\u00e9r\u00e9s TI, S\u00e9curit\u00e9 G\u00e9r\u00e9e TI et Solutions de Cloud Hybride","potentialAction":[{"@type":"SearchAction","target":{"@type":"EntryPoint","urlTemplate":"https:\/\/www.present.ca\/fr\/?s={search_term_string}"},"query-input":{"@type":"PropertyValueSpecification","valueRequired":true,"valueName":"search_term_string"}}],"inLanguage":"fr-FR"}]}},"_links":{"self":[{"href":"https:\/\/www.present.ca\/fr\/wp-json\/wp\/v2\/pages\/24006","targetHints":{"allow":["GET"]}}],"collection":[{"href":"https:\/\/www.present.ca\/fr\/wp-json\/wp\/v2\/pages"}],"about":[{"href":"https:\/\/www.present.ca\/fr\/wp-json\/wp\/v2\/types\/page"}],"author":[{"embeddable":true,"href":"https:\/\/www.present.ca\/fr\/wp-json\/wp\/v2\/users\/9"}],"replies":[{"embeddable":true,"href":"https:\/\/www.present.ca\/fr\/wp-json\/wp\/v2\/comments?post=24006"}],"version-history":[{"count":3,"href":"https:\/\/www.present.ca\/fr\/wp-json\/wp\/v2\/pages\/24006\/revisions"}],"predecessor-version":[{"id":27837,"href":"https:\/\/www.present.ca\/fr\/wp-json\/wp\/v2\/pages\/24006\/revisions\/27837"}],"up":[{"embeddable":true,"href":"https:\/\/www.present.ca\/fr\/wp-json\/wp\/v2\/pages\/10724"}],"wp:featuredmedia":[{"embeddable":true,"href":"https:\/\/www.present.ca\/fr\/wp-json\/wp\/v2\/media\/24005"}],"wp:attachment":[{"href":"https:\/\/www.present.ca\/fr\/wp-json\/wp\/v2\/media?parent=24006"}],"curies":[{"name":"wp","href":"https:\/\/api.w.org\/{rel}","templated":true}]}}