{"id":23927,"date":"2022-10-07T10:24:47","date_gmt":"2022-10-07T14:24:47","guid":{"rendered":"https:\/\/www.present.ca\/?page_id=23927"},"modified":"2024-03-20T13:48:32","modified_gmt":"2024-03-20T17:48:32","slug":"lequipe-des-services-geres-a-decouvert-non-pas-une-mais-deux-attaques-en-cours","status":"publish","type":"page","link":"https:\/\/www.present.ca\/fr\/ressources\/etude-de-cas\/lequipe-des-services-geres-a-decouvert-non-pas-une-mais-deux-attaques-en-cours\/","title":{"rendered":"L&rsquo;\u00e9quipe des services g\u00e9r\u00e9s a d\u00e9couvert non pas une mais deux attaques en cours"},"content":{"rendered":"<p>[vc_row][vc_column]<div id=\"ultimate-heading-910569d288ddadb29\" class=\"uvc-heading ult-adjust-bottom-margin ultimate-heading-910569d288ddadb29 uvc-9118 cursive\" data-hspacer=\"no_spacer\"  data-halign=\"center\" style=\"text-align:center\"><div class=\"uvc-heading-spacer no_spacer\" style=\"top\"><\/div><div class=\"uvc-main-heading ult-responsive\"  data-ultimate-target='.uvc-heading.ultimate-heading-910569d288ddadb29 h2'  data-responsive-json-new='{\"font-size\":\"\",\"line-height\":\"\"}' ><h2 style=\"font-weight:normal;\">Industrie : Construction<\/h2><\/div><\/div>[\/vc_column][\/vc_row][vc_row][vc_column width=\u00a0\u00bb1\/3&Prime;][vc_column_text]<strong>Situation<\/strong><\/p>\n<div>\n<ul>\n<li class=\"x_MsoNormal\">Lors de la surveillance des syst\u00e8mes d&rsquo;un client de nos services g\u00e9r\u00e9s, nous avons remarqu\u00e9 que quelque chose n&rsquo;allait pas et que l&rsquo;entreprise \u00e9tait peut-\u00eatre la cible d&rsquo;une attaque par ransomware.<\/li>\n<li class=\"x_MsoNormal\"><span lang=\"FR-CA\">Bien que le client ne b\u00e9n\u00e9ficiait pas \u00e0 l&rsquo;\u00e9poque de nos services de s\u00e9curit\u00e9 g\u00e9r\u00e9e, notre \u00e9quipe de services g\u00e9r\u00e9s a pris<\/span><span lang=\"FR-CA\"> les mesures afin de mettre un frein \u00e0 cette attaque en cours.<\/span><\/li>\n<\/ul>\n<\/div>\n<p>[\/vc_column_text][\/vc_column][vc_column width=\u00a0\u00bb1\/3&Prime;][vc_column_text]<strong>Solution<\/strong>:<\/p>\n<div>\n<ul>\n<li class=\"x_MsoNormal\">Nous avons imm\u00e9diatement isol\u00e9 leurs serveurs Exchange et lanc\u00e9 un audit de s\u00e9curit\u00e9 qui a confirm\u00e9 qu&rsquo;une attaque \u00e9tait bien en cours. Cette action a emp\u00each\u00e9 l&rsquo;attaque d&rsquo;aller plus loin.<\/li>\n<li class=\"x_MsoNormal\">Au cours de l&rsquo;audit de s\u00e9curit\u00e9, nous avons \u00e9galement d\u00e9couvert une autre attaque qui se pr\u00e9parait, provenant d&rsquo;un autre groupe de pirates.<\/li>\n<li class=\"x_MsoNormal\">Bien que le client ait perdu l&rsquo;acc\u00e8s \u00e0 ses courriels pendant une semaine lors de la suppression du virus, le r\u00e9sultat aurait pu \u00eatre bien pire si l&rsquo;attaque n&rsquo;avait pas \u00e9t\u00e9 d\u00e9tect\u00e9e \u00e0 ce moment-l\u00e0.<\/li>\n<li class=\"x_MsoNormal\">Le client dispose d\u00e9sormais de nos solutions de s\u00e9curit\u00e9 g\u00e9r\u00e9es sur tous ses terminaux et serveurs afin que toute attaque future puisse \u00eatre automatiquement d\u00e9tect\u00e9e et supprim\u00e9e imm\u00e9diatement.<\/li>\n<\/ul>\n<\/div>\n<p>[\/vc_column_text][\/vc_column][vc_column width=\u00a0\u00bb1\/3&Prime;][vc_column_text]<strong>Avantages<\/strong><\/p>\n<div>\n<ul type=\"disc\">\n<li class=\"x_MsoListParagraph\">Le client a \u00e9vit\u00e9 des temps d&rsquo;arr\u00eat importants, le paiement d&rsquo;une ran\u00e7on et toutes les autres cons\u00e9quences d&rsquo;une attaque de ransomware.<\/li>\n<li class=\"x_MsoListParagraph\">Avec une solution d&rsquo;intelligence artificielle proactive signalant toute anomalie dans le syst\u00e8me et un service de surveillance humain 24h\/24 et 7j\/7 en place r\u00e9pondant aux alertes et aux incidents, le client a consid\u00e9rablement r\u00e9duit son risque d&rsquo;attaque futur.<\/li>\n<\/ul>\n<\/div>\n<p>[\/vc_column_text][\/vc_column][\/vc_row][vc_row full_width=\u00a0\u00bbstretch_row_content\u00a0\u00bb bg_type=\u00a0\u00bbbg_color\u00a0\u00bb el_class=\u00a0\u00bbtilt-pos-3-deg\u00a0\u00bb css=\u00a0\u00bb.vc_custom_1588250693452{padding-top: 25px !important;padding-bottom: 25px !important;}\u00a0\u00bb bg_color_value=\u00a0\u00bb#16a361&Prime;][vc_column]<div id=\"ultimate-heading-651269d288ddadb95\" class=\"uvc-heading ult-adjust-bottom-margin ultimate-heading-651269d288ddadb95 uvc-7542 \" data-hspacer=\"no_spacer\"  data-halign=\"center\" style=\"text-align:center\"><div class=\"uvc-heading-spacer no_spacer\" style=\"top\"><\/div><div class=\"uvc-main-heading ult-responsive\"  data-ultimate-target='.uvc-heading.ultimate-heading-651269d288ddadb95 h3'  data-responsive-json-new='{\"font-size\":\"\",\"line-height\":\"\"}' ><h3 style=\"font-weight:normal;\">Contactez-nous pour en apprendre d'avantage sur cet \u00e9tude de cas.<\/h3><\/div><\/div>[vc_empty_space]<div class=\" ubtn-ctn-center \"><a class=\"ubtn-link ult-adjust-bottom-margin ubtn-center ubtn-normal \" href=\"\/contact-present\/\" title=\"Contact Present\" ><button type=\"button\" id=\"ubtn-7016\"  class=\"ubtn ult-adjust-bottom-margin ult-responsive ubtn-normal ubtn-no-hover-bg  none  ubtn-center   tooltip-69d288ddadbea\"  data-hover=\"#ffffff\" data-border-color=\"#ffffff\" data-bg=\"#ffffff\" data-hover-bg=\"#000000\" data-border-hover=\"#ffffff\" data-shadow-hover=\"\" data-shadow-click=\"none\" data-shadow=\"\" data-shd-shadow=\"\"  data-ultimate-target='#ubtn-7016'  data-responsive-json-new='{\"font-size\":\"desktop:18px;\",\"line-height\":\"\"}'  style=\"font-weight:bold;border-radius:5px;border-width:3px;border-color:#ffffff;border-style:solid;background: #ffffff;color: #16a361;\"><span class=\"ubtn-hover\" style=\"background-color:#000000\"><\/span><span class=\"ubtn-data ubtn-text \" >Parlons-en<\/span><\/button><\/a><\/div>[\/vc_column][\/vc_row]<\/p>\n","protected":false},"excerpt":{"rendered":"<p>[vc_row][vc_column][\/vc_column][\/vc_row][vc_row][vc_column width=\u00a0\u00bb1\/3&Prime;][vc_column_text]Situation Lors de la surveillance des syst\u00e8mes d&rsquo;un client de nos services g\u00e9r\u00e9s, nous avons remarqu\u00e9 que quelque chose n&rsquo;allait pas et que l&rsquo;entreprise \u00e9tait peut-\u00eatre la cible d&rsquo;une attaque par ransomware. Bien que le client ne b\u00e9n\u00e9ficiait pas \u00e0 l&rsquo;\u00e9poque de nos services de s\u00e9curit\u00e9 g\u00e9r\u00e9e, notre \u00e9quipe de services g\u00e9r\u00e9s a pris [&#8230;]<\/p>\n","protected":false},"author":9,"featured_media":23931,"parent":10724,"menu_order":0,"comment_status":"closed","ping_status":"closed","template":"","meta":{"footnotes":"","_wp_rev_ctl_limit":""},"acf":[],"yoast_head":"<!-- This site is optimized with the Yoast SEO plugin v20.2.1 - https:\/\/yoast.com\/wordpress\/plugins\/seo\/ -->\n<title>L&#039;\u00e9quipe des services g\u00e9r\u00e9s a d\u00e9couvert non pas une mais deux attaques en cours - Present<\/title>\n<meta name=\"description\" content=\"D\u00e9couvrez comment l&#039;\u00e9quipe de services g\u00e9r\u00e9s de Present a d\u00e9jou\u00e9 une double attaque contre un client du secteur du b\u00e2timent. Gr\u00e2ce \u00e0 une action rapide et \u00e0 un audit de s\u00e9curit\u00e9 approfondi, nous avons stopp\u00e9 net les menaces de ransomware. D\u00e9sormais \u00e9quip\u00e9 de solutions de s\u00e9curit\u00e9 g\u00e9r\u00e9es, le client b\u00e9n\u00e9ficie d&#039;un risque r\u00e9duit et d&#039;une protection renforc\u00e9e contre les attaques futures.\" \/>\n<meta name=\"robots\" content=\"index, follow, max-snippet:-1, max-image-preview:large, max-video-preview:-1\" \/>\n<link rel=\"canonical\" href=\"https:\/\/www.present.ca\/fr\/ressources\/etude-de-cas\/lequipe-des-services-geres-a-decouvert-non-pas-une-mais-deux-attaques-en-cours\/\" \/>\n<meta property=\"og:locale\" content=\"fr_FR\" \/>\n<meta property=\"og:type\" content=\"article\" \/>\n<meta property=\"og:title\" content=\"L&#039;\u00e9quipe des services g\u00e9r\u00e9s a d\u00e9couvert non pas une mais deux attaques en cours - Present\" \/>\n<meta property=\"og:description\" content=\"D\u00e9couvrez comment l&#039;\u00e9quipe de services g\u00e9r\u00e9s de Present a d\u00e9jou\u00e9 une double attaque contre un client du secteur du b\u00e2timent. Gr\u00e2ce \u00e0 une action rapide et \u00e0 un audit de s\u00e9curit\u00e9 approfondi, nous avons stopp\u00e9 net les menaces de ransomware. D\u00e9sormais \u00e9quip\u00e9 de solutions de s\u00e9curit\u00e9 g\u00e9r\u00e9es, le client b\u00e9n\u00e9ficie d&#039;un risque r\u00e9duit et d&#039;une protection renforc\u00e9e contre les attaques futures.\" \/>\n<meta property=\"og:url\" content=\"https:\/\/www.present.ca\/fr\/ressources\/etude-de-cas\/lequipe-des-services-geres-a-decouvert-non-pas-une-mais-deux-attaques-en-cours\/\" \/>\n<meta property=\"og:site_name\" content=\"Present\" \/>\n<meta property=\"article:modified_time\" content=\"2024-03-20T17:48:32+00:00\" \/>\n<meta property=\"og:image\" content=\"https:\/\/www.present.ca\/wp-content\/uploads\/2022\/10\/4.png\" \/>\n\t<meta property=\"og:image:width\" content=\"1200\" \/>\n\t<meta property=\"og:image:height\" content=\"800\" \/>\n\t<meta property=\"og:image:type\" content=\"image\/png\" \/>\n<meta name=\"twitter:card\" content=\"summary_large_image\" \/>\n<meta name=\"twitter:label1\" content=\"Dur\u00e9e de lecture estim\u00e9e\" \/>\n\t<meta name=\"twitter:data1\" content=\"2 minutes\" \/>\n<script type=\"application\/ld+json\" class=\"yoast-schema-graph\">{\"@context\":\"https:\/\/schema.org\",\"@graph\":[{\"@type\":\"WebPage\",\"@id\":\"https:\/\/www.present.ca\/fr\/ressources\/etude-de-cas\/lequipe-des-services-geres-a-decouvert-non-pas-une-mais-deux-attaques-en-cours\/\",\"url\":\"https:\/\/www.present.ca\/fr\/ressources\/etude-de-cas\/lequipe-des-services-geres-a-decouvert-non-pas-une-mais-deux-attaques-en-cours\/\",\"name\":\"L'\u00e9quipe des services g\u00e9r\u00e9s a d\u00e9couvert non pas une mais deux attaques en cours - Present\",\"isPartOf\":{\"@id\":\"https:\/\/www.present.ca\/fr\/#website\"},\"datePublished\":\"2022-10-07T14:24:47+00:00\",\"dateModified\":\"2024-03-20T17:48:32+00:00\",\"description\":\"D\u00e9couvrez comment l'\u00e9quipe de services g\u00e9r\u00e9s de Present a d\u00e9jou\u00e9 une double attaque contre un client du secteur du b\u00e2timent. Gr\u00e2ce \u00e0 une action rapide et \u00e0 un audit de s\u00e9curit\u00e9 approfondi, nous avons stopp\u00e9 net les menaces de ransomware. D\u00e9sormais \u00e9quip\u00e9 de solutions de s\u00e9curit\u00e9 g\u00e9r\u00e9es, le client b\u00e9n\u00e9ficie d'un risque r\u00e9duit et d'une protection renforc\u00e9e contre les attaques futures.\",\"breadcrumb\":{\"@id\":\"https:\/\/www.present.ca\/fr\/ressources\/etude-de-cas\/lequipe-des-services-geres-a-decouvert-non-pas-une-mais-deux-attaques-en-cours\/#breadcrumb\"},\"inLanguage\":\"fr-FR\",\"potentialAction\":[{\"@type\":\"ReadAction\",\"target\":[\"https:\/\/www.present.ca\/fr\/ressources\/etude-de-cas\/lequipe-des-services-geres-a-decouvert-non-pas-une-mais-deux-attaques-en-cours\/\"]}]},{\"@type\":\"BreadcrumbList\",\"@id\":\"https:\/\/www.present.ca\/fr\/ressources\/etude-de-cas\/lequipe-des-services-geres-a-decouvert-non-pas-une-mais-deux-attaques-en-cours\/#breadcrumb\",\"itemListElement\":[{\"@type\":\"ListItem\",\"position\":1,\"name\":\"Accueil\",\"item\":\"https:\/\/www.present.ca\/fr\/\"},{\"@type\":\"ListItem\",\"position\":2,\"name\":\"Ressources\",\"item\":\"https:\/\/www.present.ca\/fr\/ressources\/\"},{\"@type\":\"ListItem\",\"position\":3,\"name\":\"\u00c9tudes de Cas\",\"item\":\"https:\/\/www.present.ca\/fr\/ressources\/etude-de-cas\/\"},{\"@type\":\"ListItem\",\"position\":4,\"name\":\"L&#8217;\u00e9quipe des services g\u00e9r\u00e9s a d\u00e9couvert non pas une mais deux attaques en cours\"}]},{\"@type\":\"WebSite\",\"@id\":\"https:\/\/www.present.ca\/fr\/#website\",\"url\":\"https:\/\/www.present.ca\/fr\/\",\"name\":\"Present\",\"description\":\"Services G\u00e9r\u00e9s TI, S\u00e9curit\u00e9 G\u00e9r\u00e9e TI et Solutions de Cloud Hybride\",\"potentialAction\":[{\"@type\":\"SearchAction\",\"target\":{\"@type\":\"EntryPoint\",\"urlTemplate\":\"https:\/\/www.present.ca\/fr\/?s={search_term_string}\"},\"query-input\":\"required name=search_term_string\"}],\"inLanguage\":\"fr-FR\"}]}<\/script>\n<!-- \/ Yoast SEO plugin. -->","yoast_head_json":{"title":"L'\u00e9quipe des services g\u00e9r\u00e9s a d\u00e9couvert non pas une mais deux attaques en cours - Present","description":"D\u00e9couvrez comment l'\u00e9quipe de services g\u00e9r\u00e9s de Present a d\u00e9jou\u00e9 une double attaque contre un client du secteur du b\u00e2timent. Gr\u00e2ce \u00e0 une action rapide et \u00e0 un audit de s\u00e9curit\u00e9 approfondi, nous avons stopp\u00e9 net les menaces de ransomware. D\u00e9sormais \u00e9quip\u00e9 de solutions de s\u00e9curit\u00e9 g\u00e9r\u00e9es, le client b\u00e9n\u00e9ficie d'un risque r\u00e9duit et d'une protection renforc\u00e9e contre les attaques futures.","robots":{"index":"index","follow":"follow","max-snippet":"max-snippet:-1","max-image-preview":"max-image-preview:large","max-video-preview":"max-video-preview:-1"},"canonical":"https:\/\/www.present.ca\/fr\/ressources\/etude-de-cas\/lequipe-des-services-geres-a-decouvert-non-pas-une-mais-deux-attaques-en-cours\/","og_locale":"fr_FR","og_type":"article","og_title":"L'\u00e9quipe des services g\u00e9r\u00e9s a d\u00e9couvert non pas une mais deux attaques en cours - Present","og_description":"D\u00e9couvrez comment l'\u00e9quipe de services g\u00e9r\u00e9s de Present a d\u00e9jou\u00e9 une double attaque contre un client du secteur du b\u00e2timent. Gr\u00e2ce \u00e0 une action rapide et \u00e0 un audit de s\u00e9curit\u00e9 approfondi, nous avons stopp\u00e9 net les menaces de ransomware. D\u00e9sormais \u00e9quip\u00e9 de solutions de s\u00e9curit\u00e9 g\u00e9r\u00e9es, le client b\u00e9n\u00e9ficie d'un risque r\u00e9duit et d'une protection renforc\u00e9e contre les attaques futures.","og_url":"https:\/\/www.present.ca\/fr\/ressources\/etude-de-cas\/lequipe-des-services-geres-a-decouvert-non-pas-une-mais-deux-attaques-en-cours\/","og_site_name":"Present","article_modified_time":"2024-03-20T17:48:32+00:00","og_image":[{"width":1200,"height":800,"url":"https:\/\/www.present.ca\/wp-content\/uploads\/2022\/10\/4.png","type":"image\/png"}],"twitter_card":"summary_large_image","twitter_misc":{"Dur\u00e9e de lecture estim\u00e9e":"2 minutes"},"schema":{"@context":"https:\/\/schema.org","@graph":[{"@type":"WebPage","@id":"https:\/\/www.present.ca\/fr\/ressources\/etude-de-cas\/lequipe-des-services-geres-a-decouvert-non-pas-une-mais-deux-attaques-en-cours\/","url":"https:\/\/www.present.ca\/fr\/ressources\/etude-de-cas\/lequipe-des-services-geres-a-decouvert-non-pas-une-mais-deux-attaques-en-cours\/","name":"L'\u00e9quipe des services g\u00e9r\u00e9s a d\u00e9couvert non pas une mais deux attaques en cours - Present","isPartOf":{"@id":"https:\/\/www.present.ca\/fr\/#website"},"datePublished":"2022-10-07T14:24:47+00:00","dateModified":"2024-03-20T17:48:32+00:00","description":"D\u00e9couvrez comment l'\u00e9quipe de services g\u00e9r\u00e9s de Present a d\u00e9jou\u00e9 une double attaque contre un client du secteur du b\u00e2timent. Gr\u00e2ce \u00e0 une action rapide et \u00e0 un audit de s\u00e9curit\u00e9 approfondi, nous avons stopp\u00e9 net les menaces de ransomware. D\u00e9sormais \u00e9quip\u00e9 de solutions de s\u00e9curit\u00e9 g\u00e9r\u00e9es, le client b\u00e9n\u00e9ficie d'un risque r\u00e9duit et d'une protection renforc\u00e9e contre les attaques futures.","breadcrumb":{"@id":"https:\/\/www.present.ca\/fr\/ressources\/etude-de-cas\/lequipe-des-services-geres-a-decouvert-non-pas-une-mais-deux-attaques-en-cours\/#breadcrumb"},"inLanguage":"fr-FR","potentialAction":[{"@type":"ReadAction","target":["https:\/\/www.present.ca\/fr\/ressources\/etude-de-cas\/lequipe-des-services-geres-a-decouvert-non-pas-une-mais-deux-attaques-en-cours\/"]}]},{"@type":"BreadcrumbList","@id":"https:\/\/www.present.ca\/fr\/ressources\/etude-de-cas\/lequipe-des-services-geres-a-decouvert-non-pas-une-mais-deux-attaques-en-cours\/#breadcrumb","itemListElement":[{"@type":"ListItem","position":1,"name":"Accueil","item":"https:\/\/www.present.ca\/fr\/"},{"@type":"ListItem","position":2,"name":"Ressources","item":"https:\/\/www.present.ca\/fr\/ressources\/"},{"@type":"ListItem","position":3,"name":"\u00c9tudes de Cas","item":"https:\/\/www.present.ca\/fr\/ressources\/etude-de-cas\/"},{"@type":"ListItem","position":4,"name":"L&#8217;\u00e9quipe des services g\u00e9r\u00e9s a d\u00e9couvert non pas une mais deux attaques en cours"}]},{"@type":"WebSite","@id":"https:\/\/www.present.ca\/fr\/#website","url":"https:\/\/www.present.ca\/fr\/","name":"Present","description":"Services G\u00e9r\u00e9s TI, S\u00e9curit\u00e9 G\u00e9r\u00e9e TI et Solutions de Cloud Hybride","potentialAction":[{"@type":"SearchAction","target":{"@type":"EntryPoint","urlTemplate":"https:\/\/www.present.ca\/fr\/?s={search_term_string}"},"query-input":"required name=search_term_string"}],"inLanguage":"fr-FR"}]}},"_links":{"self":[{"href":"https:\/\/www.present.ca\/fr\/wp-json\/wp\/v2\/pages\/23927"}],"collection":[{"href":"https:\/\/www.present.ca\/fr\/wp-json\/wp\/v2\/pages"}],"about":[{"href":"https:\/\/www.present.ca\/fr\/wp-json\/wp\/v2\/types\/page"}],"author":[{"embeddable":true,"href":"https:\/\/www.present.ca\/fr\/wp-json\/wp\/v2\/users\/9"}],"replies":[{"embeddable":true,"href":"https:\/\/www.present.ca\/fr\/wp-json\/wp\/v2\/comments?post=23927"}],"version-history":[{"count":3,"href":"https:\/\/www.present.ca\/fr\/wp-json\/wp\/v2\/pages\/23927\/revisions"}],"predecessor-version":[{"id":27838,"href":"https:\/\/www.present.ca\/fr\/wp-json\/wp\/v2\/pages\/23927\/revisions\/27838"}],"up":[{"embeddable":true,"href":"https:\/\/www.present.ca\/fr\/wp-json\/wp\/v2\/pages\/10724"}],"wp:featuredmedia":[{"embeddable":true,"href":"https:\/\/www.present.ca\/fr\/wp-json\/wp\/v2\/media\/23931"}],"wp:attachment":[{"href":"https:\/\/www.present.ca\/fr\/wp-json\/wp\/v2\/media?parent=23927"}],"curies":[{"name":"wp","href":"https:\/\/api.w.org\/{rel}","templated":true}]}}