{"id":23739,"date":"2022-08-05T14:07:51","date_gmt":"2022-08-05T18:07:51","guid":{"rendered":"https:\/\/www.present.ca\/?page_id=23739"},"modified":"2024-01-03T15:44:22","modified_gmt":"2024-01-03T20:44:22","slug":"une-catastrophe-cybersecurite-evitee-de-justesse","status":"publish","type":"page","link":"https:\/\/www.present.ca\/fr\/ressources\/etude-de-cas\/une-catastrophe-cybersecurite-evitee-de-justesse\/","title":{"rendered":"Une catastrophe cybers\u00e9curit\u00e9 \u00e9vit\u00e9e de justesse"},"content":{"rendered":"<p>[vc_row][vc_column]<div id=\"ultimate-heading-815869e5153eaee31\" class=\"uvc-heading ult-adjust-bottom-margin ultimate-heading-815869e5153eaee31 uvc-5182 cursive\" data-hspacer=\"no_spacer\"  data-halign=\"center\" style=\"text-align:center\"><div class=\"uvc-heading-spacer no_spacer\" style=\"top\"><\/div><div class=\"uvc-main-heading ult-responsive\"  data-ultimate-target='.uvc-heading.ultimate-heading-815869e5153eaee31 h2'  data-responsive-json-new='{\"font-size\":\"\",\"line-height\":\"\"}' ><h2 style=\"font-weight:normal;\">Industrie: Services<\/h2><\/div><div class=\"uvc-sub-heading ult-responsive\"  data-ultimate-target='.uvc-heading.ultimate-heading-815869e5153eaee31 .uvc-sub-heading '  data-responsive-json-new='{\"font-size\":\"\",\"line-height\":\"\"}'  style=\"font-weight:normal;\"><\/p>\n<h3><b><span lang=\"fr-CA\">U<\/span><\/b><b><span lang=\"fr-CA\">ne catastrophe cybers\u00e9curit\u00e9 \u00e9vit\u00e9e de justesse<\/span><\/b><\/h3>\n<p><\/div><\/div>[\/vc_column][\/vc_row][vc_row][vc_column width=\u00a0\u00bb1\/3&Prime;][vc_column_text]<\/p>\n<p class=\"tw-data-text tw-text-large tw-ta\" dir=\"ltr\" data-placeholder=\"Translation\"><strong><span class=\"Y2IQFc\" lang=\"en\">Situation :<br \/>\n<\/span><\/strong><\/p>\n<ul>\n<li><span lang=\"fr-CA\">Un client Services G\u00e9r\u00e9s de Present est attaqu\u00e9 la fin de semaine (les attaques sont le plus souvent en dehors des heures ouvrables).<\/span><\/li>\n<li><span lang=\"fr-CA\">Bien que le client n\u2019ait pas les services de S\u00e9curit\u00e9 G\u00e9r\u00e9e, l\u2019attaque est prise en charge par le service de surveillance 24\/7 de Present.<\/span><\/li>\n<\/ul>\n<p id=\"tw-target-text\" class=\"tw-data-text tw-text-large tw-ta\" dir=\"ltr\" data-placeholder=\"Translation\"><strong><span class=\"Y2IQFc\" lang=\"en\">\u00a0<\/span><\/strong><\/p>\n<p>[\/vc_column_text][\/vc_column][vc_column width=\u00a0\u00bb1\/3&Prime;][vc_column_text]<strong>Solution:<\/strong><\/p>\n<div><\/div>\n<div>\n<ul>\n<li><span lang=\"fr-CA\">Nous d\u00e9tectons de l\u2019activit\u00e9 anormale sur un des syst\u00e8mes et l\u2019avons alors imm\u00e9diatement isol\u00e9 et d\u00e9but\u00e9 l\u2019analyse.<\/span><\/li>\n<li><span lang=\"fr-CA\">En effet le syst\u00e8me a \u00e9t\u00e9 attaqu\u00e9 et nous avons recouvert les logiciels et les donn\u00e9es et red\u00e9marr\u00e9 le syst\u00e8me.<\/span><\/li>\n<li><span lang=\"fr-CA\">Le client a adopt\u00e9 le service de s\u00e9curit\u00e9 g\u00e9r\u00e9 de Present et ils sont beaucoup mieux prot\u00e9g\u00e9s avec l\u2019ajout des outils de protection AI.<\/span><\/li>\n<\/ul>\n<\/div>\n<p>[\/vc_column_text][\/vc_column][vc_column width=\u00a0\u00bb1\/3&Prime;][vc_column_text]<strong>B\u00e9n\u00e9fices:<\/strong><\/p>\n<div><\/div>\n<ul>\n<li><span lang=\"fr-CA\">Le client a pu \u00e9viter que les hackers rentrent dans leur r\u00e9seau et exfiltre leurs donn\u00e9es ou demande une ran\u00e7on.<\/span><\/li>\n<li><span lang=\"fr-CA\">Il a aussi \u00e9vit\u00e9 le cauchemar reli\u00e9 \u00e0 une attaque tel que les heures interminables de recouvrement, l\u2019exposition de l\u2019entreprise dans les m\u00e9dias, les avocats, les assurances, etc.<\/span><\/li>\n<li><span lang=\"fr-CA\">Le client a dramatiquement r\u00e9duit son risque d\u2019attaque, car ils ont maintenant les meilleurs outils de protection.<\/span><\/li>\n<\/ul>\n<p>[\/vc_column_text][\/vc_column][\/vc_row][vc_row full_width=\u00a0\u00bbstretch_row_content\u00a0\u00bb bg_type=\u00a0\u00bbbg_color\u00a0\u00bb el_class=\u00a0\u00bbtilt-pos-3-deg\u00a0\u00bb css=\u00a0\u00bb.vc_custom_1588250693452{padding-top: 25px !important;padding-bottom: 25px !important;}\u00a0\u00bb bg_color_value=\u00a0\u00bb#16a361&Prime;][vc_column]<div id=\"ultimate-heading-929069e5153eaee7e\" class=\"uvc-heading ult-adjust-bottom-margin ultimate-heading-929069e5153eaee7e uvc-8555 \" data-hspacer=\"no_spacer\"  data-halign=\"center\" style=\"text-align:center\"><div class=\"uvc-heading-spacer no_spacer\" style=\"top\"><\/div><div class=\"uvc-main-heading ult-responsive\"  data-ultimate-target='.uvc-heading.ultimate-heading-929069e5153eaee7e h3'  data-responsive-json-new='{\"font-size\":\"\",\"line-height\":\"\"}' ><h3 style=\"font-weight:normal;\">Contactez-nous pour en savoir plus sur cette \u00e9tude de cas<\/h3><\/div><\/div>[vc_empty_space]<div class=\" ubtn-ctn-center \"><a class=\"ubtn-link ult-adjust-bottom-margin ubtn-center ubtn-normal \" href=\"\/contact-present\/\" title=\"Contact Present\" ><button type=\"button\" id=\"ubtn-9621\"  class=\"ubtn ult-adjust-bottom-margin ult-responsive ubtn-normal ubtn-no-hover-bg  none  ubtn-center   tooltip-69e5153eaeeb5\"  data-hover=\"#ffffff\" data-border-color=\"#ffffff\" data-bg=\"#ffffff\" data-hover-bg=\"#000000\" data-border-hover=\"#ffffff\" data-shadow-hover=\"\" data-shadow-click=\"none\" data-shadow=\"\" data-shd-shadow=\"\"  data-ultimate-target='#ubtn-9621'  data-responsive-json-new='{\"font-size\":\"desktop:18px;\",\"line-height\":\"\"}'  style=\"font-weight:bold;border-radius:5px;border-width:3px;border-color:#ffffff;border-style:solid;background: #ffffff;color: #16a361;\"><span class=\"ubtn-hover\" style=\"background-color:#000000\"><\/span><span class=\"ubtn-data ubtn-text \" >Discutons!<\/span><\/button><\/a><\/div>[\/vc_column][\/vc_row]<\/p>\n","protected":false},"excerpt":{"rendered":"<p>[vc_row][vc_column][\/vc_column][\/vc_row][vc_row][vc_column width=\u00a0\u00bb1\/3&Prime;][vc_column_text] Situation : Un client Services G\u00e9r\u00e9s de Present est attaqu\u00e9 la fin de semaine (les attaques sont le plus souvent en dehors des heures ouvrables). Bien que le client n\u2019ait pas les services de S\u00e9curit\u00e9 G\u00e9r\u00e9e, l\u2019attaque est prise en charge par le service de surveillance 24\/7 de Present. \u00a0 [\/vc_column_text][\/vc_column][vc_column width=\u00a0\u00bb1\/3&Prime;][vc_column_text]Solution: Nous [&#8230;]<\/p>\n","protected":false},"author":3,"featured_media":23749,"parent":10724,"menu_order":0,"comment_status":"closed","ping_status":"closed","template":"","meta":{"_acf_changed":false,"footnotes":"","_wp_rev_ctl_limit":""},"class_list":["post-23739","page","type-page","status-publish","has-post-thumbnail","hentry"],"acf":[],"yoast_head":"<!-- This site is optimized with the Yoast SEO plugin v27.3 - https:\/\/yoast.com\/product\/yoast-seo-wordpress\/ -->\n<title>Une catastrophe cybers\u00e9curit\u00e9 \u00e9vit\u00e9e de justesse - Present<\/title>\n<meta name=\"description\" content=\"Present a sauv\u00e9 de justesse un de ses clients Services G\u00e9r\u00e9s qui avait \u00e9t\u00e9 attaqu\u00e9 pas un syst\u00e8me d&#039;exfiltration de donn\u00e9es.\" \/>\n<meta name=\"robots\" content=\"index, follow, max-snippet:-1, max-image-preview:large, max-video-preview:-1\" \/>\n<link rel=\"canonical\" href=\"https:\/\/www.present.ca\/fr\/ressources\/etude-de-cas\/une-catastrophe-cybersecurite-evitee-de-justesse\/\" \/>\n<meta property=\"og:locale\" content=\"fr_FR\" \/>\n<meta property=\"og:type\" content=\"article\" \/>\n<meta property=\"og:title\" content=\"Une catastrophe cybers\u00e9curit\u00e9 \u00e9vit\u00e9e de justesse - Present\" \/>\n<meta property=\"og:description\" content=\"Present a sauv\u00e9 de justesse un de ses clients Services G\u00e9r\u00e9s qui avait \u00e9t\u00e9 attaqu\u00e9 pas un syst\u00e8me d&#039;exfiltration de donn\u00e9es.\" \/>\n<meta property=\"og:url\" content=\"https:\/\/www.present.ca\/fr\/ressources\/etude-de-cas\/une-catastrophe-cybersecurite-evitee-de-justesse\/\" \/>\n<meta property=\"og:site_name\" content=\"Present\" \/>\n<meta property=\"article:modified_time\" content=\"2024-01-03T20:44:22+00:00\" \/>\n<meta property=\"og:image\" content=\"https:\/\/www.present.ca\/wp-content\/uploads\/2022\/08\/2-1.jpg\" \/>\n\t<meta property=\"og:image:width\" content=\"1200\" \/>\n\t<meta property=\"og:image:height\" content=\"800\" \/>\n\t<meta property=\"og:image:type\" content=\"image\/jpeg\" \/>\n<meta name=\"twitter:card\" content=\"summary_large_image\" \/>\n<meta name=\"twitter:label1\" content=\"Dur\u00e9e de lecture estim\u00e9e\" \/>\n\t<meta name=\"twitter:data1\" content=\"2 minutes\" \/>\n<script type=\"application\/ld+json\" class=\"yoast-schema-graph\">{\"@context\":\"https:\\\/\\\/schema.org\",\"@graph\":[{\"@type\":\"WebPage\",\"@id\":\"https:\\\/\\\/www.present.ca\\\/fr\\\/ressources\\\/etude-de-cas\\\/une-catastrophe-cybersecurite-evitee-de-justesse\\\/\",\"url\":\"https:\\\/\\\/www.present.ca\\\/fr\\\/ressources\\\/etude-de-cas\\\/une-catastrophe-cybersecurite-evitee-de-justesse\\\/\",\"name\":\"Une catastrophe cybers\u00e9curit\u00e9 \u00e9vit\u00e9e de justesse - Present\",\"isPartOf\":{\"@id\":\"https:\\\/\\\/www.present.ca\\\/fr\\\/#website\"},\"primaryImageOfPage\":{\"@id\":\"https:\\\/\\\/www.present.ca\\\/fr\\\/ressources\\\/etude-de-cas\\\/une-catastrophe-cybersecurite-evitee-de-justesse\\\/#primaryimage\"},\"image\":{\"@id\":\"https:\\\/\\\/www.present.ca\\\/fr\\\/ressources\\\/etude-de-cas\\\/une-catastrophe-cybersecurite-evitee-de-justesse\\\/#primaryimage\"},\"thumbnailUrl\":\"https:\\\/\\\/www.present.ca\\\/wp-content\\\/uploads\\\/2022\\\/08\\\/2-1.jpg\",\"datePublished\":\"2022-08-05T18:07:51+00:00\",\"dateModified\":\"2024-01-03T20:44:22+00:00\",\"description\":\"Present a sauv\u00e9 de justesse un de ses clients Services G\u00e9r\u00e9s qui avait \u00e9t\u00e9 attaqu\u00e9 pas un syst\u00e8me d'exfiltration de donn\u00e9es.\",\"breadcrumb\":{\"@id\":\"https:\\\/\\\/www.present.ca\\\/fr\\\/ressources\\\/etude-de-cas\\\/une-catastrophe-cybersecurite-evitee-de-justesse\\\/#breadcrumb\"},\"inLanguage\":\"fr-FR\",\"potentialAction\":[{\"@type\":\"ReadAction\",\"target\":[\"https:\\\/\\\/www.present.ca\\\/fr\\\/ressources\\\/etude-de-cas\\\/une-catastrophe-cybersecurite-evitee-de-justesse\\\/\"]}]},{\"@type\":\"ImageObject\",\"inLanguage\":\"fr-FR\",\"@id\":\"https:\\\/\\\/www.present.ca\\\/fr\\\/ressources\\\/etude-de-cas\\\/une-catastrophe-cybersecurite-evitee-de-justesse\\\/#primaryimage\",\"url\":\"https:\\\/\\\/www.present.ca\\\/wp-content\\\/uploads\\\/2022\\\/08\\\/2-1.jpg\",\"contentUrl\":\"https:\\\/\\\/www.present.ca\\\/wp-content\\\/uploads\\\/2022\\\/08\\\/2-1.jpg\",\"width\":1200,\"height\":800},{\"@type\":\"BreadcrumbList\",\"@id\":\"https:\\\/\\\/www.present.ca\\\/fr\\\/ressources\\\/etude-de-cas\\\/une-catastrophe-cybersecurite-evitee-de-justesse\\\/#breadcrumb\",\"itemListElement\":[{\"@type\":\"ListItem\",\"position\":1,\"name\":\"Accueil\",\"item\":\"https:\\\/\\\/www.present.ca\\\/fr\\\/\"},{\"@type\":\"ListItem\",\"position\":2,\"name\":\"Ressources\",\"item\":\"https:\\\/\\\/www.present.ca\\\/fr\\\/ressources\\\/\"},{\"@type\":\"ListItem\",\"position\":3,\"name\":\"\u00c9tudes de Cas\",\"item\":\"https:\\\/\\\/www.present.ca\\\/fr\\\/ressources\\\/etude-de-cas\\\/\"},{\"@type\":\"ListItem\",\"position\":4,\"name\":\"Une catastrophe cybers\u00e9curit\u00e9 \u00e9vit\u00e9e de justesse\"}]},{\"@type\":\"WebSite\",\"@id\":\"https:\\\/\\\/www.present.ca\\\/fr\\\/#website\",\"url\":\"https:\\\/\\\/www.present.ca\\\/fr\\\/\",\"name\":\"Present\",\"description\":\"Services G\u00e9r\u00e9s TI, S\u00e9curit\u00e9 G\u00e9r\u00e9e TI et Solutions de Cloud Hybride\",\"potentialAction\":[{\"@type\":\"SearchAction\",\"target\":{\"@type\":\"EntryPoint\",\"urlTemplate\":\"https:\\\/\\\/www.present.ca\\\/fr\\\/?s={search_term_string}\"},\"query-input\":{\"@type\":\"PropertyValueSpecification\",\"valueRequired\":true,\"valueName\":\"search_term_string\"}}],\"inLanguage\":\"fr-FR\"}]}<\/script>\n<!-- \/ Yoast SEO plugin. -->","yoast_head_json":{"title":"Une catastrophe cybers\u00e9curit\u00e9 \u00e9vit\u00e9e de justesse - Present","description":"Present a sauv\u00e9 de justesse un de ses clients Services G\u00e9r\u00e9s qui avait \u00e9t\u00e9 attaqu\u00e9 pas un syst\u00e8me d'exfiltration de donn\u00e9es.","robots":{"index":"index","follow":"follow","max-snippet":"max-snippet:-1","max-image-preview":"max-image-preview:large","max-video-preview":"max-video-preview:-1"},"canonical":"https:\/\/www.present.ca\/fr\/ressources\/etude-de-cas\/une-catastrophe-cybersecurite-evitee-de-justesse\/","og_locale":"fr_FR","og_type":"article","og_title":"Une catastrophe cybers\u00e9curit\u00e9 \u00e9vit\u00e9e de justesse - Present","og_description":"Present a sauv\u00e9 de justesse un de ses clients Services G\u00e9r\u00e9s qui avait \u00e9t\u00e9 attaqu\u00e9 pas un syst\u00e8me d'exfiltration de donn\u00e9es.","og_url":"https:\/\/www.present.ca\/fr\/ressources\/etude-de-cas\/une-catastrophe-cybersecurite-evitee-de-justesse\/","og_site_name":"Present","article_modified_time":"2024-01-03T20:44:22+00:00","og_image":[{"width":1200,"height":800,"url":"https:\/\/www.present.ca\/wp-content\/uploads\/2022\/08\/2-1.jpg","type":"image\/jpeg"}],"twitter_card":"summary_large_image","twitter_misc":{"Dur\u00e9e de lecture estim\u00e9e":"2 minutes"},"schema":{"@context":"https:\/\/schema.org","@graph":[{"@type":"WebPage","@id":"https:\/\/www.present.ca\/fr\/ressources\/etude-de-cas\/une-catastrophe-cybersecurite-evitee-de-justesse\/","url":"https:\/\/www.present.ca\/fr\/ressources\/etude-de-cas\/une-catastrophe-cybersecurite-evitee-de-justesse\/","name":"Une catastrophe cybers\u00e9curit\u00e9 \u00e9vit\u00e9e de justesse - Present","isPartOf":{"@id":"https:\/\/www.present.ca\/fr\/#website"},"primaryImageOfPage":{"@id":"https:\/\/www.present.ca\/fr\/ressources\/etude-de-cas\/une-catastrophe-cybersecurite-evitee-de-justesse\/#primaryimage"},"image":{"@id":"https:\/\/www.present.ca\/fr\/ressources\/etude-de-cas\/une-catastrophe-cybersecurite-evitee-de-justesse\/#primaryimage"},"thumbnailUrl":"https:\/\/www.present.ca\/wp-content\/uploads\/2022\/08\/2-1.jpg","datePublished":"2022-08-05T18:07:51+00:00","dateModified":"2024-01-03T20:44:22+00:00","description":"Present a sauv\u00e9 de justesse un de ses clients Services G\u00e9r\u00e9s qui avait \u00e9t\u00e9 attaqu\u00e9 pas un syst\u00e8me d'exfiltration de donn\u00e9es.","breadcrumb":{"@id":"https:\/\/www.present.ca\/fr\/ressources\/etude-de-cas\/une-catastrophe-cybersecurite-evitee-de-justesse\/#breadcrumb"},"inLanguage":"fr-FR","potentialAction":[{"@type":"ReadAction","target":["https:\/\/www.present.ca\/fr\/ressources\/etude-de-cas\/une-catastrophe-cybersecurite-evitee-de-justesse\/"]}]},{"@type":"ImageObject","inLanguage":"fr-FR","@id":"https:\/\/www.present.ca\/fr\/ressources\/etude-de-cas\/une-catastrophe-cybersecurite-evitee-de-justesse\/#primaryimage","url":"https:\/\/www.present.ca\/wp-content\/uploads\/2022\/08\/2-1.jpg","contentUrl":"https:\/\/www.present.ca\/wp-content\/uploads\/2022\/08\/2-1.jpg","width":1200,"height":800},{"@type":"BreadcrumbList","@id":"https:\/\/www.present.ca\/fr\/ressources\/etude-de-cas\/une-catastrophe-cybersecurite-evitee-de-justesse\/#breadcrumb","itemListElement":[{"@type":"ListItem","position":1,"name":"Accueil","item":"https:\/\/www.present.ca\/fr\/"},{"@type":"ListItem","position":2,"name":"Ressources","item":"https:\/\/www.present.ca\/fr\/ressources\/"},{"@type":"ListItem","position":3,"name":"\u00c9tudes de Cas","item":"https:\/\/www.present.ca\/fr\/ressources\/etude-de-cas\/"},{"@type":"ListItem","position":4,"name":"Une catastrophe cybers\u00e9curit\u00e9 \u00e9vit\u00e9e de justesse"}]},{"@type":"WebSite","@id":"https:\/\/www.present.ca\/fr\/#website","url":"https:\/\/www.present.ca\/fr\/","name":"Present","description":"Services G\u00e9r\u00e9s TI, S\u00e9curit\u00e9 G\u00e9r\u00e9e TI et Solutions de Cloud Hybride","potentialAction":[{"@type":"SearchAction","target":{"@type":"EntryPoint","urlTemplate":"https:\/\/www.present.ca\/fr\/?s={search_term_string}"},"query-input":{"@type":"PropertyValueSpecification","valueRequired":true,"valueName":"search_term_string"}}],"inLanguage":"fr-FR"}]}},"_links":{"self":[{"href":"https:\/\/www.present.ca\/fr\/wp-json\/wp\/v2\/pages\/23739","targetHints":{"allow":["GET"]}}],"collection":[{"href":"https:\/\/www.present.ca\/fr\/wp-json\/wp\/v2\/pages"}],"about":[{"href":"https:\/\/www.present.ca\/fr\/wp-json\/wp\/v2\/types\/page"}],"author":[{"embeddable":true,"href":"https:\/\/www.present.ca\/fr\/wp-json\/wp\/v2\/users\/3"}],"replies":[{"embeddable":true,"href":"https:\/\/www.present.ca\/fr\/wp-json\/wp\/v2\/comments?post=23739"}],"version-history":[{"count":4,"href":"https:\/\/www.present.ca\/fr\/wp-json\/wp\/v2\/pages\/23739\/revisions"}],"predecessor-version":[{"id":27839,"href":"https:\/\/www.present.ca\/fr\/wp-json\/wp\/v2\/pages\/23739\/revisions\/27839"}],"up":[{"embeddable":true,"href":"https:\/\/www.present.ca\/fr\/wp-json\/wp\/v2\/pages\/10724"}],"wp:featuredmedia":[{"embeddable":true,"href":"https:\/\/www.present.ca\/fr\/wp-json\/wp\/v2\/media\/23749"}],"wp:attachment":[{"href":"https:\/\/www.present.ca\/fr\/wp-json\/wp\/v2\/media?parent=23739"}],"curies":[{"name":"wp","href":"https:\/\/api.w.org\/{rel}","templated":true}]}}