{"id":23317,"date":"2022-04-27T14:48:20","date_gmt":"2022-04-27T18:48:20","guid":{"rendered":"https:\/\/www.present.ca\/?page_id=23317"},"modified":"2024-01-03T15:44:30","modified_gmt":"2024-01-03T20:44:30","slug":"encryptage-de-tous-les-postes-de-travail-serveurs-et-backups","status":"publish","type":"page","link":"https:\/\/www.present.ca\/fr\/encryptage-de-tous-les-postes-de-travail-serveurs-et-backups\/","title":{"rendered":"Encryptage de tous les postes de travail, serveurs et backups"},"content":{"rendered":"<p>[vc_row][vc_column]<div id=\"ultimate-heading-833069e07b37aa68c\" class=\"uvc-heading ult-adjust-bottom-margin ultimate-heading-833069e07b37aa68c uvc-7472 \" data-hspacer=\"no_spacer\"  data-halign=\"center\" style=\"text-align:center\"><div class=\"uvc-heading-spacer no_spacer\" style=\"top\"><\/div><div class=\"uvc-main-heading ult-responsive\"  data-ultimate-target='.uvc-heading.ultimate-heading-833069e07b37aa68c h2'  data-responsive-json-new='{\"font-size\":\"\",\"line-height\":\"\"}' ><h2 style=\"font-weight:normal;\">Industrie: Assurance<\/h2><\/div><\/div>[\/vc_column][\/vc_row][vc_row][vc_column width=\u00a0\u00bb1\/3&Prime;][vc_column_text]<strong>Situation:<br \/>\n<\/strong><\/p>\n<ul>\n<li>Un ransomware est entr\u00e9 par un serveur Exchange et cela a pris plusieurs semaines avant qu\u2019il ne soit d\u00e9clench\u00e9. Les attaquants sont entr\u00e9s afin de faire l\u2019\u00e9tude du r\u00e9seau, des serveurs, des backups, voir ce que les employ\u00e9s faisaient etc. et surtout, de combien d\u2019argent la compagnie disposait et pouvait payer *<\/li>\n<li>Un vendredi soir dans la nuit, le ransomware a encrypt\u00e9 la totalit\u00e9 de leurs postes de travail, serveurs et m\u00eame ab\u00eem\u00e9 les backups et du jour au lendemain, il n\u2019y avait aucun acc\u00e8s \u00e0 leurs donn\u00e9es.<\/li>\n<li>Le lundi matin le client nous appelle, tous les postes de travail ont le message : \u201cyou have been hacked, contact us for recovery\u201d.<\/li>\n<\/ul>\n<p>[\/vc_column_text][\/vc_column][vc_column width=\u00a0\u00bb1\/3&Prime;][vc_column_text]<strong>Solution:<\/strong><\/p>\n<ul>\n<li>Present est rentr\u00e9 faire du forensics afin de voir les logs, savoir quand et par o\u00f9 les pirates sont entr\u00e9s et commencer \u00e0 corriger la situation.<\/li>\n<li>Cela a pris plus d\u2019un mois pour les remettre compl\u00e8tement sur les rails, mais nous avons prioris\u00e9 les d\u00e9marches afin de remettre le client partiellement op\u00e9rationnel apr\u00e8s quelques jours.<\/li>\n<li>Nous avons ensuite d\u00e9ploy\u00e9 nos services de s\u00e9curit\u00e9 g\u00e9r\u00e9e sur tout leur environnement.<\/li>\n<li>Nous avons aussi structur\u00e9 leurs backups en suivant la meilleure pratique 3-2-1-1-0 (3 jeux de donn\u00e9es (1 production + 2 sauvegardes), 2 types de sauvegarde dont 1 copie hors site, 1 immuable, 0 erreur).<\/li>\n<\/ul>\n<p>[\/vc_column_text][\/vc_column][vc_column width=\u00a0\u00bb1\/3&Prime;][vc_column_text]<strong>B\u00e9n\u00e9fices:<\/strong><\/p>\n<ul>\n<li>\u00c0 ce jour, le client a la garantie d\u2019avoir la meilleure protection contre tous types d\u2019attaques.<\/li>\n<li>Assez r\u00e9guli\u00e8rement des tentatives sont d\u00e9tect\u00e9es et repouss\u00e9es afin que toute l\u2019entreprise puisse op\u00e9rer et servir ses clients.<\/li>\n<li>Ils n&rsquo;ont pas eu \u00e0 payer la ran\u00e7on.<\/li>\n<li>Le client n\u2019a pas besoin d\u2019avoir une \u00e9quipe d\u00e9di\u00e9e jour et nuit ni d\u2019une expertise interne rare et ch\u00e8re.<\/li>\n<li>Le tout est automatis\u00e9 par un syst\u00e8me de d\u00e9tection d\u2019intelligence artificielle et surveill\u00e9 par les experts de Present 24\/7.*<\/li>\n<\/ul>\n<p>*\u00c0 noter qu\u2019au moment de l\u2019intrusion, l\u2019entreprise \u00e9tait cliente de Present de longue date mais n\u2019avait pas encore adopt\u00e9 la s\u00e9curit\u00e9 g\u00e9r\u00e9e[\/vc_column_text][\/vc_column][\/vc_row][vc_row full_width=\u00a0\u00bbstretch_row_content\u00a0\u00bb bg_type=\u00a0\u00bbbg_color\u00a0\u00bb el_class=\u00a0\u00bbtilt-pos-3-deg\u00a0\u00bb css=\u00a0\u00bb.vc_custom_1588250693452{padding-top: 25px !important;padding-bottom: 25px !important;}\u00a0\u00bb bg_color_value=\u00a0\u00bb#16a361&Prime;][vc_column]<div id=\"ultimate-heading-575969e07b37aa6d6\" class=\"uvc-heading ult-adjust-bottom-margin ultimate-heading-575969e07b37aa6d6 uvc-2057 \" data-hspacer=\"no_spacer\"  data-halign=\"center\" style=\"text-align:center\"><div class=\"uvc-heading-spacer no_spacer\" style=\"top\"><\/div><div class=\"uvc-main-heading ult-responsive\"  data-ultimate-target='.uvc-heading.ultimate-heading-575969e07b37aa6d6 h3'  data-responsive-json-new='{\"font-size\":\"\",\"line-height\":\"\"}' ><h3 style=\"font-weight:normal;margin-top:10px;margin-bottom:25px;\">Contactez-nous pour en savoir plus sur cette \u00e9tude de cas.<\/h3><\/div><\/div><div class=\" ubtn-ctn-center \"><a class=\"ubtn-link ult-adjust-bottom-margin ubtn-center ubtn-normal \" href=\"\/fr\/contactez-present\/\" title=\"Contactez Present\" ><button type=\"button\" id=\"ubtn-5676\"  class=\"ubtn ult-adjust-bottom-margin ult-responsive ubtn-normal ubtn-no-hover-bg  none  ubtn-center   tooltip-69e07b37aa707\"  data-hover=\"#ffffff\" data-border-color=\"#ffffff\" data-bg=\"#ffffff\" data-hover-bg=\"#000000\" data-border-hover=\"#ffffff\" data-shadow-hover=\"\" data-shadow-click=\"none\" data-shadow=\"\" data-shd-shadow=\"\"  data-ultimate-target='#ubtn-5676'  data-responsive-json-new='{\"font-size\":\"desktop:18px;\",\"line-height\":\"desktop:24px;\"}'  style=\"font-weight:bold;border-radius:5px;border-width:3px;border-color:#ffffff;border-style:solid;background: #ffffff;color: #16a361;\"><span class=\"ubtn-hover\" style=\"background-color:#000000\"><\/span><span class=\"ubtn-data ubtn-text \" >Parlons-en<\/span><\/button><\/a><\/div>[\/vc_column][\/vc_row]<\/p>\n","protected":false},"excerpt":{"rendered":"<p>[vc_row][vc_column][\/vc_column][\/vc_row][vc_row][vc_column width=\u00a0\u00bb1\/3&Prime;][vc_column_text]Situation: Un ransomware est entr\u00e9 par un serveur Exchange et cela a pris plusieurs semaines avant qu\u2019il ne soit d\u00e9clench\u00e9. Les attaquants sont entr\u00e9s afin de faire l\u2019\u00e9tude du r\u00e9seau, des serveurs, des backups, voir ce que les employ\u00e9s faisaient etc. et surtout, de combien d\u2019argent la compagnie disposait et pouvait payer * Un [&#8230;]<\/p>\n","protected":false},"author":9,"featured_media":23337,"parent":0,"menu_order":0,"comment_status":"closed","ping_status":"closed","template":"","meta":{"_acf_changed":false,"footnotes":"","_wp_rev_ctl_limit":""},"class_list":["post-23317","page","type-page","status-publish","has-post-thumbnail","hentry"],"acf":[],"yoast_head":"<!-- This site is optimized with the Yoast SEO plugin v27.3 - https:\/\/yoast.com\/product\/yoast-seo-wordpress\/ -->\n<title>Encryptage de tous les postes de travail, serveurs et backups - Present<\/title>\n<meta name=\"description\" content=\"\u00c9tude de cas d&#039;une attaque par ransomware qui a chiffr\u00e9 tous les postes de travail, serveurs et m\u00eame les sauvegardes endommag\u00e9es de l&#039;entreprise et du jour au lendemain, ils ont perdu l&#039;acc\u00e8s \u00e0 toutes leurs donn\u00e9es. Aujourd&#039;hui, le client est prot\u00e9g\u00e9 par un syst\u00e8me de d\u00e9tection d&#039;intelligence artificielle et surveill\u00e9 par les experts de Present 24h\/24 et 7j\/7.\" \/>\n<meta name=\"robots\" content=\"index, follow, max-snippet:-1, max-image-preview:large, max-video-preview:-1\" \/>\n<link rel=\"canonical\" href=\"https:\/\/www.present.ca\/fr\/encryptage-de-tous-les-postes-de-travail-serveurs-et-backups\/\" \/>\n<meta property=\"og:locale\" content=\"fr_FR\" \/>\n<meta property=\"og:type\" content=\"article\" \/>\n<meta property=\"og:title\" content=\"Encryptage de tous les postes de travail, serveurs et backups - Present\" \/>\n<meta property=\"og:description\" content=\"\u00c9tude de cas d&#039;une attaque par ransomware qui a chiffr\u00e9 tous les postes de travail, serveurs et m\u00eame les sauvegardes endommag\u00e9es de l&#039;entreprise et du jour au lendemain, ils ont perdu l&#039;acc\u00e8s \u00e0 toutes leurs donn\u00e9es. Aujourd&#039;hui, le client est prot\u00e9g\u00e9 par un syst\u00e8me de d\u00e9tection d&#039;intelligence artificielle et surveill\u00e9 par les experts de Present 24h\/24 et 7j\/7.\" \/>\n<meta property=\"og:url\" content=\"https:\/\/www.present.ca\/fr\/encryptage-de-tous-les-postes-de-travail-serveurs-et-backups\/\" \/>\n<meta property=\"og:site_name\" content=\"Present\" \/>\n<meta property=\"article:modified_time\" content=\"2024-01-03T20:44:30+00:00\" \/>\n<meta property=\"og:image\" content=\"https:\/\/www.present.ca\/wp-content\/uploads\/2022\/04\/6.png\" \/>\n\t<meta property=\"og:image:width\" content=\"1196\" \/>\n\t<meta property=\"og:image:height\" content=\"800\" \/>\n\t<meta property=\"og:image:type\" content=\"image\/png\" \/>\n<meta name=\"twitter:card\" content=\"summary_large_image\" \/>\n<meta name=\"twitter:label1\" content=\"Dur\u00e9e de lecture estim\u00e9e\" \/>\n\t<meta name=\"twitter:data1\" content=\"2 minutes\" \/>\n<script type=\"application\/ld+json\" class=\"yoast-schema-graph\">{\"@context\":\"https:\\\/\\\/schema.org\",\"@graph\":[{\"@type\":\"WebPage\",\"@id\":\"https:\\\/\\\/www.present.ca\\\/fr\\\/encryptage-de-tous-les-postes-de-travail-serveurs-et-backups\\\/\",\"url\":\"https:\\\/\\\/www.present.ca\\\/fr\\\/encryptage-de-tous-les-postes-de-travail-serveurs-et-backups\\\/\",\"name\":\"Encryptage de tous les postes de travail, serveurs et backups - Present\",\"isPartOf\":{\"@id\":\"https:\\\/\\\/www.present.ca\\\/fr\\\/#website\"},\"primaryImageOfPage\":{\"@id\":\"https:\\\/\\\/www.present.ca\\\/fr\\\/encryptage-de-tous-les-postes-de-travail-serveurs-et-backups\\\/#primaryimage\"},\"image\":{\"@id\":\"https:\\\/\\\/www.present.ca\\\/fr\\\/encryptage-de-tous-les-postes-de-travail-serveurs-et-backups\\\/#primaryimage\"},\"thumbnailUrl\":\"https:\\\/\\\/www.present.ca\\\/wp-content\\\/uploads\\\/2022\\\/04\\\/6.png\",\"datePublished\":\"2022-04-27T18:48:20+00:00\",\"dateModified\":\"2024-01-03T20:44:30+00:00\",\"description\":\"\u00c9tude de cas d'une attaque par ransomware qui a chiffr\u00e9 tous les postes de travail, serveurs et m\u00eame les sauvegardes endommag\u00e9es de l'entreprise et du jour au lendemain, ils ont perdu l'acc\u00e8s \u00e0 toutes leurs donn\u00e9es. Aujourd'hui, le client est prot\u00e9g\u00e9 par un syst\u00e8me de d\u00e9tection d'intelligence artificielle et surveill\u00e9 par les experts de Present 24h\\\/24 et 7j\\\/7.\",\"breadcrumb\":{\"@id\":\"https:\\\/\\\/www.present.ca\\\/fr\\\/encryptage-de-tous-les-postes-de-travail-serveurs-et-backups\\\/#breadcrumb\"},\"inLanguage\":\"fr-FR\",\"potentialAction\":[{\"@type\":\"ReadAction\",\"target\":[\"https:\\\/\\\/www.present.ca\\\/fr\\\/encryptage-de-tous-les-postes-de-travail-serveurs-et-backups\\\/\"]}]},{\"@type\":\"ImageObject\",\"inLanguage\":\"fr-FR\",\"@id\":\"https:\\\/\\\/www.present.ca\\\/fr\\\/encryptage-de-tous-les-postes-de-travail-serveurs-et-backups\\\/#primaryimage\",\"url\":\"https:\\\/\\\/www.present.ca\\\/wp-content\\\/uploads\\\/2022\\\/04\\\/6.png\",\"contentUrl\":\"https:\\\/\\\/www.present.ca\\\/wp-content\\\/uploads\\\/2022\\\/04\\\/6.png\",\"width\":1196,\"height\":800},{\"@type\":\"BreadcrumbList\",\"@id\":\"https:\\\/\\\/www.present.ca\\\/fr\\\/encryptage-de-tous-les-postes-de-travail-serveurs-et-backups\\\/#breadcrumb\",\"itemListElement\":[{\"@type\":\"ListItem\",\"position\":1,\"name\":\"Accueil\",\"item\":\"https:\\\/\\\/www.present.ca\\\/fr\\\/\"},{\"@type\":\"ListItem\",\"position\":2,\"name\":\"Encryptage de tous les postes de travail, serveurs et backups\"}]},{\"@type\":\"WebSite\",\"@id\":\"https:\\\/\\\/www.present.ca\\\/fr\\\/#website\",\"url\":\"https:\\\/\\\/www.present.ca\\\/fr\\\/\",\"name\":\"Present\",\"description\":\"Services G\u00e9r\u00e9s TI, S\u00e9curit\u00e9 G\u00e9r\u00e9e TI et Solutions de Cloud Hybride\",\"potentialAction\":[{\"@type\":\"SearchAction\",\"target\":{\"@type\":\"EntryPoint\",\"urlTemplate\":\"https:\\\/\\\/www.present.ca\\\/fr\\\/?s={search_term_string}\"},\"query-input\":{\"@type\":\"PropertyValueSpecification\",\"valueRequired\":true,\"valueName\":\"search_term_string\"}}],\"inLanguage\":\"fr-FR\"}]}<\/script>\n<!-- \/ Yoast SEO plugin. -->","yoast_head_json":{"title":"Encryptage de tous les postes de travail, serveurs et backups - Present","description":"\u00c9tude de cas d'une attaque par ransomware qui a chiffr\u00e9 tous les postes de travail, serveurs et m\u00eame les sauvegardes endommag\u00e9es de l'entreprise et du jour au lendemain, ils ont perdu l'acc\u00e8s \u00e0 toutes leurs donn\u00e9es. Aujourd'hui, le client est prot\u00e9g\u00e9 par un syst\u00e8me de d\u00e9tection d'intelligence artificielle et surveill\u00e9 par les experts de Present 24h\/24 et 7j\/7.","robots":{"index":"index","follow":"follow","max-snippet":"max-snippet:-1","max-image-preview":"max-image-preview:large","max-video-preview":"max-video-preview:-1"},"canonical":"https:\/\/www.present.ca\/fr\/encryptage-de-tous-les-postes-de-travail-serveurs-et-backups\/","og_locale":"fr_FR","og_type":"article","og_title":"Encryptage de tous les postes de travail, serveurs et backups - Present","og_description":"\u00c9tude de cas d'une attaque par ransomware qui a chiffr\u00e9 tous les postes de travail, serveurs et m\u00eame les sauvegardes endommag\u00e9es de l'entreprise et du jour au lendemain, ils ont perdu l'acc\u00e8s \u00e0 toutes leurs donn\u00e9es. Aujourd'hui, le client est prot\u00e9g\u00e9 par un syst\u00e8me de d\u00e9tection d'intelligence artificielle et surveill\u00e9 par les experts de Present 24h\/24 et 7j\/7.","og_url":"https:\/\/www.present.ca\/fr\/encryptage-de-tous-les-postes-de-travail-serveurs-et-backups\/","og_site_name":"Present","article_modified_time":"2024-01-03T20:44:30+00:00","og_image":[{"width":1196,"height":800,"url":"https:\/\/www.present.ca\/wp-content\/uploads\/2022\/04\/6.png","type":"image\/png"}],"twitter_card":"summary_large_image","twitter_misc":{"Dur\u00e9e de lecture estim\u00e9e":"2 minutes"},"schema":{"@context":"https:\/\/schema.org","@graph":[{"@type":"WebPage","@id":"https:\/\/www.present.ca\/fr\/encryptage-de-tous-les-postes-de-travail-serveurs-et-backups\/","url":"https:\/\/www.present.ca\/fr\/encryptage-de-tous-les-postes-de-travail-serveurs-et-backups\/","name":"Encryptage de tous les postes de travail, serveurs et backups - Present","isPartOf":{"@id":"https:\/\/www.present.ca\/fr\/#website"},"primaryImageOfPage":{"@id":"https:\/\/www.present.ca\/fr\/encryptage-de-tous-les-postes-de-travail-serveurs-et-backups\/#primaryimage"},"image":{"@id":"https:\/\/www.present.ca\/fr\/encryptage-de-tous-les-postes-de-travail-serveurs-et-backups\/#primaryimage"},"thumbnailUrl":"https:\/\/www.present.ca\/wp-content\/uploads\/2022\/04\/6.png","datePublished":"2022-04-27T18:48:20+00:00","dateModified":"2024-01-03T20:44:30+00:00","description":"\u00c9tude de cas d'une attaque par ransomware qui a chiffr\u00e9 tous les postes de travail, serveurs et m\u00eame les sauvegardes endommag\u00e9es de l'entreprise et du jour au lendemain, ils ont perdu l'acc\u00e8s \u00e0 toutes leurs donn\u00e9es. Aujourd'hui, le client est prot\u00e9g\u00e9 par un syst\u00e8me de d\u00e9tection d'intelligence artificielle et surveill\u00e9 par les experts de Present 24h\/24 et 7j\/7.","breadcrumb":{"@id":"https:\/\/www.present.ca\/fr\/encryptage-de-tous-les-postes-de-travail-serveurs-et-backups\/#breadcrumb"},"inLanguage":"fr-FR","potentialAction":[{"@type":"ReadAction","target":["https:\/\/www.present.ca\/fr\/encryptage-de-tous-les-postes-de-travail-serveurs-et-backups\/"]}]},{"@type":"ImageObject","inLanguage":"fr-FR","@id":"https:\/\/www.present.ca\/fr\/encryptage-de-tous-les-postes-de-travail-serveurs-et-backups\/#primaryimage","url":"https:\/\/www.present.ca\/wp-content\/uploads\/2022\/04\/6.png","contentUrl":"https:\/\/www.present.ca\/wp-content\/uploads\/2022\/04\/6.png","width":1196,"height":800},{"@type":"BreadcrumbList","@id":"https:\/\/www.present.ca\/fr\/encryptage-de-tous-les-postes-de-travail-serveurs-et-backups\/#breadcrumb","itemListElement":[{"@type":"ListItem","position":1,"name":"Accueil","item":"https:\/\/www.present.ca\/fr\/"},{"@type":"ListItem","position":2,"name":"Encryptage de tous les postes de travail, serveurs et backups"}]},{"@type":"WebSite","@id":"https:\/\/www.present.ca\/fr\/#website","url":"https:\/\/www.present.ca\/fr\/","name":"Present","description":"Services G\u00e9r\u00e9s TI, S\u00e9curit\u00e9 G\u00e9r\u00e9e TI et Solutions de Cloud Hybride","potentialAction":[{"@type":"SearchAction","target":{"@type":"EntryPoint","urlTemplate":"https:\/\/www.present.ca\/fr\/?s={search_term_string}"},"query-input":{"@type":"PropertyValueSpecification","valueRequired":true,"valueName":"search_term_string"}}],"inLanguage":"fr-FR"}]}},"_links":{"self":[{"href":"https:\/\/www.present.ca\/fr\/wp-json\/wp\/v2\/pages\/23317","targetHints":{"allow":["GET"]}}],"collection":[{"href":"https:\/\/www.present.ca\/fr\/wp-json\/wp\/v2\/pages"}],"about":[{"href":"https:\/\/www.present.ca\/fr\/wp-json\/wp\/v2\/types\/page"}],"author":[{"embeddable":true,"href":"https:\/\/www.present.ca\/fr\/wp-json\/wp\/v2\/users\/9"}],"replies":[{"embeddable":true,"href":"https:\/\/www.present.ca\/fr\/wp-json\/wp\/v2\/comments?post=23317"}],"version-history":[{"count":4,"href":"https:\/\/www.present.ca\/fr\/wp-json\/wp\/v2\/pages\/23317\/revisions"}],"predecessor-version":[{"id":27841,"href":"https:\/\/www.present.ca\/fr\/wp-json\/wp\/v2\/pages\/23317\/revisions\/27841"}],"wp:featuredmedia":[{"embeddable":true,"href":"https:\/\/www.present.ca\/fr\/wp-json\/wp\/v2\/media\/23337"}],"wp:attachment":[{"href":"https:\/\/www.present.ca\/fr\/wp-json\/wp\/v2\/media?parent=23317"}],"curies":[{"name":"wp","href":"https:\/\/api.w.org\/{rel}","templated":true}]}}