{"id":22579,"date":"2021-05-27T15:04:05","date_gmt":"2021-05-27T19:04:05","guid":{"rendered":"https:\/\/www.present.ca\/?page_id=22579"},"modified":"2021-06-01T16:45:33","modified_gmt":"2021-06-01T20:45:33","slug":"audits-de-securite","status":"publish","type":"page","link":"https:\/\/www.present.ca\/fr\/solutions\/securite-geree-ti\/audits-de-securite\/","title":{"rendered":"Audits de s\u00e9curit\u00e9"},"content":{"rendered":"<p>[vc_row][vc_column]<div id=\"ultimate-heading-776569d620ecb2545\" class=\"uvc-heading ult-adjust-bottom-margin ultimate-heading-776569d620ecb2545 uvc-8789 \" data-hspacer=\"no_spacer\"  data-halign=\"center\" style=\"text-align:center\"><div class=\"uvc-heading-spacer no_spacer\" style=\"top\"><\/div><div class=\"uvc-main-heading ult-responsive\"  data-ultimate-target='.uvc-heading.ultimate-heading-776569d620ecb2545 h2'  data-responsive-json-new='{\"font-size\":\"\",\"line-height\":\"\"}' ><h2 style=\"font-weight:normal;\">Audits de s\u00e9curit\u00e9<\/h2><\/div><\/div>[vc_empty_space][vc_column_text]La s\u00e9curit\u00e9 est un aspect qui prends de plus en plus d\u2019importance pour les entreprises. Toutefois, ce ne sont pas toutes les organisations qui ont la chance de bien conna\u00eetre leurs vuln\u00e9rabilit\u00e9s contre les diff\u00e9rents types de cyberattaques. Il est imp\u00e9ratif de savoir o\u00f9 vous en \u00eates afin de prot\u00e9ger votre entreprise.<\/p>\n<p>Nos audits de s\u00e9curit\u00e9 viennent mettre au clair l\u2019\u00e9tat de votre environnement. Nous mesurons votre \u00e9tat de s\u00e9curit\u00e9 actuel en fonction des meilleures pratiques de l&rsquo;industrie et des exigences de conformit\u00e9. Nous analysons plusieurs facettes de la s\u00e9curit\u00e9 telles que\u00a0:<\/p>\n<ul>\n<li style=\"list-style-type: none;\">\n<ul>\n<li>Les vuln\u00e9rabilit\u00e9s de votre environnement<\/li>\n<li>Vos politiques de mots de passes<\/li>\n<li>Les failles potentielles de vos r\u00e9seaux<\/li>\n<li>Les failles potentielles associ\u00e9es \u00e0 vos utilisateurs<\/li>\n<li>La qualit\u00e9 de votre strat\u00e9gie de sauvegarde<\/li>\n<\/ul>\n<\/li>\n<\/ul>\n<p>Le r\u00e9sultat final est une analyse des diff\u00e9rentes facettes de vos vuln\u00e9rabilit\u00e9s et une liste de recommandations des correctifs \u00e0 apporter, le tout dans un ordre de priorit\u00e9.[\/vc_column_text][vc_empty_space]<div id=\"ultimate-heading-858769d620ecb2588\" class=\"uvc-heading ult-adjust-bottom-margin ultimate-heading-858769d620ecb2588 uvc-4856 \" data-hspacer=\"no_spacer\"  data-halign=\"center\" style=\"text-align:center\"><div class=\"uvc-heading-spacer no_spacer\" style=\"top\"><\/div><div class=\"uvc-sub-heading ult-responsive\"  data-ultimate-target='.uvc-heading.ultimate-heading-858769d620ecb2588 .uvc-sub-heading '  data-responsive-json-new='{\"font-size\":\"\",\"line-height\":\"\"}'  style=\"font-weight:normal;\"><\/p>\n<h4 style=\"text-align: center;\"><span lang=\"FR-CA\">Nous proposons 3 niveaux d&rsquo;analyse:<\/span><\/h4>\n<p><\/div><\/div>[vc_row_inner][vc_column_inner width=\u00a0\u00bb1\/3&Prime;][vc_column_text]<\/p>\n<h5><strong>Analyse du R\u00e9seau<\/strong><\/h5>\n<p>L\u2019outil d\u2019inventaire r\u00e9seau fournit la visibilit\u00e9 sur l\u2019environnement et permet de pr\u00e9senter une analyse de score de risque global concernant notamment les points suivants\u00a0:<\/p>\n<ul>\n<li style=\"list-style-type: none;\">\n<ul>\n<li>Ordinateurs inactifs<\/li>\n<li>Analyse de la force du mot de passe<\/li>\n<li>Mot de passe utilisateur d\u00e9fini pour ne jamais expirer<\/li>\n<li>Anti-spyware non install\u00e9<\/li>\n<li>Antivirus non install\u00e9<\/li>\n<li>Ports d&rsquo;\u00e9coute non s\u00e9curis\u00e9s<\/li>\n<li>Mises \u00e0 jour de s\u00e9curit\u00e9 manquantes<\/li>\n<\/ul>\n<\/li>\n<\/ul>\n<p>[\/vc_column_text][\/vc_column_inner][vc_column_inner width=\u00a0\u00bb1\/3&Prime;][vc_column_text]<\/p>\n<h5><strong>Analyse des syst\u00e8mes informatiques<\/strong><\/h5>\n<p>Int\u00e8gre et compl\u00e9mente l\u2019analyse de r\u00e9seau \u00e0 travers l\u2019utilisation d\u2019outils suppl\u00e9mentaire sp\u00e9cialis\u00e9s pour la d\u00e9tection de vuln\u00e9rabilit\u00e9. Vous obtiendrez une meilleure compr\u00e9hension de vos risques reli\u00e9s aux \u00e9l\u00e9ments tels que\u00a0:<\/p>\n<ul>\n<li style=\"list-style-type: none;\">\n<ul>\n<li>Active Directory et Azure\/Office 365<\/li>\n<li>Disponibilit\u00e9 des mots de passes dans le Dark Web.<\/li>\n<li>Strat\u00e9gie de prise de copie (backup)<\/li>\n<li>Les diverses vuln\u00e9rabilit\u00e9s internes<\/li>\n<\/ul>\n<\/li>\n<\/ul>\n<p>[\/vc_column_text][\/vc_column_inner][vc_column_inner width=\u00a0\u00bb1\/3&Prime;][vc_column_text]<\/p>\n<h5><strong>Test de p\u00e9n\u00e9tration<\/strong><\/h5>\n<p>Les experts en s\u00e9curit\u00e9 simuleront des attaques pour identifier les points faibles de votre syst\u00e8me dont les attaquants pourraient profiter et planifieront des actions correctives.<\/p>\n<ul>\n<li style=\"list-style-type: none;\">\n<ul>\n<li>Le test d\u2019intrusion externe simule un attaquant situ\u00e9 \u00e0 l\u2019ext\u00e9rieur de votre p\u00e9rim\u00e8tre de s\u00e9curit\u00e9.<\/li>\n<li>Le test d\u2019intrusion interne simule une attaque provenant d\u2019un employ\u00e9 ou partenaire.<\/li>\n<li>Il existe \u00e9galement des tests d\u2019intrusion pour serveur web, et\u00a0les services Cloud<\/li>\n<\/ul>\n<\/li>\n<\/ul>\n<p>[\/vc_column_text][\/vc_column_inner][\/vc_row_inner][\/vc_column][\/vc_row][vc_row full_width=\u00a0\u00bbstretch_row_content\u00a0\u00bb bg_type=\u00a0\u00bbbg_color\u00a0\u00bb el_class=\u00a0\u00bbtilt-pos-3-deg\u00a0\u00bb css=\u00a0\u00bb.vc_custom_1589311146719{padding-top: 0px !important;padding-bottom: 0px !important;}\u00a0\u00bb bg_color_value=\u00a0\u00bb#16a361&Prime;][vc_column][vc_empty_space]<div id=\"ultimate-heading-207669d620ecb25b4\" class=\"uvc-heading ult-adjust-bottom-margin ultimate-heading-207669d620ecb25b4 uvc-6259 \" data-hspacer=\"no_spacer\"  data-halign=\"center\" style=\"text-align:center\"><div class=\"uvc-heading-spacer no_spacer\" style=\"top\"><\/div><div class=\"uvc-main-heading ult-responsive\"  data-ultimate-target='.uvc-heading.ultimate-heading-207669d620ecb25b4 h3'  data-responsive-json-new='{\"font-size\":\"\",\"line-height\":\"\"}' ><h3 style=\"font-weight:normal;margin-top:10px;margin-bottom:25px;\">Discutez avec un expert en s\u00e9curit\u00e9 TI<\/h3><\/div><\/div><div class=\" ubtn-ctn-center \"><a class=\"ubtn-link ult-adjust-bottom-margin ubtn-center ubtn-large \" href=\"https:\/\/www.present.ca\/fr\/contactez-nos-experts-en-cybersecurite\/\" title=\"Contact Present\" ><button type=\"button\" id=\"ubtn-2617\"  class=\"ubtn ult-adjust-bottom-margin ult-responsive ubtn-large ubtn-no-hover-bg  none  ubtn-center   tooltip-69d620ecb25e1\"  data-hover=\"#ffffff\" data-border-color=\"#ffffff\" data-bg=\"#ffffff\" data-hover-bg=\"#000000\" data-border-hover=\"#ffffff\" data-shadow-hover=\"\" data-shadow-click=\"none\" data-shadow=\"\" data-shd-shadow=\"\"  data-ultimate-target='#ubtn-2617'  data-responsive-json-new='{\"font-size\":\"desktop:18px;\",\"line-height\":\"desktop:24px;\"}'  style=\"font-weight:bold;border-radius:5px;border-width:3px;border-color:#ffffff;border-style:solid;background: #ffffff;color: #16a361;\"><span class=\"ubtn-hover\" style=\"background-color:#000000\"><\/span><span class=\"ubtn-data ubtn-text \" >Parlons-en<\/span><\/button><\/a><\/div>[\/vc_column][\/vc_row]<\/p>\n","protected":false},"excerpt":{"rendered":"<p>[vc_row][vc_column][vc_empty_space][vc_column_text]La s\u00e9curit\u00e9 est un aspect qui prends de plus en plus d\u2019importance pour les entreprises. Toutefois, ce ne sont pas toutes les organisations qui ont la chance de bien conna\u00eetre leurs vuln\u00e9rabilit\u00e9s contre les diff\u00e9rents types de cyberattaques. Il est imp\u00e9ratif de savoir o\u00f9 vous en \u00eates afin de prot\u00e9ger votre entreprise. Nos audits de [&#8230;]<\/p>\n","protected":false},"author":3,"featured_media":0,"parent":20134,"menu_order":0,"comment_status":"closed","ping_status":"closed","template":"","meta":{"_acf_changed":false,"footnotes":"","_wp_rev_ctl_limit":""},"acf":[],"yoast_head":"<!-- This site is optimized with the Yoast SEO plugin v20.2.1 - https:\/\/yoast.com\/wordpress\/plugins\/seo\/ -->\n<title>Audits de s\u00e9curit\u00e9 - Present<\/title>\n<meta name=\"description\" content=\"Nos audits de s\u00e9curit\u00e9 clarifient l&#039;\u00e9tat de votre environnement en analysant les vuln\u00e9rabilit\u00e9s de votre r\u00e9seau et de vos utilisateurs, vos syst\u00e8mes TI, vos politiques de mot de passe, votre strat\u00e9gie de sauvegarde et peuvent inclure des tests d&#039;intrusion. Le r\u00e9sultat final est une liste d\u00e9taill\u00e9e de recommandations d&#039;actions correctives.\" \/>\n<meta name=\"robots\" content=\"index, follow, max-snippet:-1, max-image-preview:large, max-video-preview:-1\" \/>\n<link rel=\"canonical\" href=\"https:\/\/www.present.ca\/fr\/solutions\/securite-geree-ti\/audits-de-securite\/\" \/>\n<meta property=\"og:locale\" content=\"fr_FR\" \/>\n<meta property=\"og:type\" content=\"article\" \/>\n<meta property=\"og:title\" content=\"Audits de s\u00e9curit\u00e9 - Present\" \/>\n<meta property=\"og:description\" content=\"Nos audits de s\u00e9curit\u00e9 clarifient l&#039;\u00e9tat de votre environnement en analysant les vuln\u00e9rabilit\u00e9s de votre r\u00e9seau et de vos utilisateurs, vos syst\u00e8mes TI, vos politiques de mot de passe, votre strat\u00e9gie de sauvegarde et peuvent inclure des tests d&#039;intrusion. Le r\u00e9sultat final est une liste d\u00e9taill\u00e9e de recommandations d&#039;actions correctives.\" \/>\n<meta property=\"og:url\" content=\"https:\/\/www.present.ca\/fr\/solutions\/securite-geree-ti\/audits-de-securite\/\" \/>\n<meta property=\"og:site_name\" content=\"Present\" \/>\n<meta property=\"article:modified_time\" content=\"2021-06-01T20:45:33+00:00\" \/>\n<meta name=\"twitter:card\" content=\"summary_large_image\" \/>\n<meta name=\"twitter:label1\" content=\"Dur\u00e9e de lecture estim\u00e9e\" \/>\n\t<meta name=\"twitter:data1\" content=\"2 minutes\" \/>\n<script type=\"application\/ld+json\" class=\"yoast-schema-graph\">{\"@context\":\"https:\/\/schema.org\",\"@graph\":[{\"@type\":\"WebPage\",\"@id\":\"https:\/\/www.present.ca\/fr\/solutions\/securite-geree-ti\/audits-de-securite\/\",\"url\":\"https:\/\/www.present.ca\/fr\/solutions\/securite-geree-ti\/audits-de-securite\/\",\"name\":\"Audits de s\u00e9curit\u00e9 - Present\",\"isPartOf\":{\"@id\":\"https:\/\/www.present.ca\/fr\/#website\"},\"datePublished\":\"2021-05-27T19:04:05+00:00\",\"dateModified\":\"2021-06-01T20:45:33+00:00\",\"description\":\"Nos audits de s\u00e9curit\u00e9 clarifient l'\u00e9tat de votre environnement en analysant les vuln\u00e9rabilit\u00e9s de votre r\u00e9seau et de vos utilisateurs, vos syst\u00e8mes TI, vos politiques de mot de passe, votre strat\u00e9gie de sauvegarde et peuvent inclure des tests d'intrusion. Le r\u00e9sultat final est une liste d\u00e9taill\u00e9e de recommandations d'actions correctives.\",\"breadcrumb\":{\"@id\":\"https:\/\/www.present.ca\/fr\/solutions\/securite-geree-ti\/audits-de-securite\/#breadcrumb\"},\"inLanguage\":\"fr-FR\",\"potentialAction\":[{\"@type\":\"ReadAction\",\"target\":[\"https:\/\/www.present.ca\/fr\/solutions\/securite-geree-ti\/audits-de-securite\/\"]}]},{\"@type\":\"BreadcrumbList\",\"@id\":\"https:\/\/www.present.ca\/fr\/solutions\/securite-geree-ti\/audits-de-securite\/#breadcrumb\",\"itemListElement\":[{\"@type\":\"ListItem\",\"position\":1,\"name\":\"Accueil\",\"item\":\"https:\/\/www.present.ca\/fr\/\"},{\"@type\":\"ListItem\",\"position\":2,\"name\":\"Solutions\",\"item\":\"https:\/\/www.present.ca\/fr\/solutions\/\"},{\"@type\":\"ListItem\",\"position\":3,\"name\":\"S\u00e9curit\u00e9 G\u00e9r\u00e9e TI\",\"item\":\"https:\/\/www.present.ca\/fr\/solutions\/securite-geree-ti\/\"},{\"@type\":\"ListItem\",\"position\":4,\"name\":\"Audits de s\u00e9curit\u00e9\"}]},{\"@type\":\"WebSite\",\"@id\":\"https:\/\/www.present.ca\/fr\/#website\",\"url\":\"https:\/\/www.present.ca\/fr\/\",\"name\":\"Present\",\"description\":\"Services G\u00e9r\u00e9s TI, S\u00e9curit\u00e9 G\u00e9r\u00e9e TI et Solutions de Cloud Hybride\",\"potentialAction\":[{\"@type\":\"SearchAction\",\"target\":{\"@type\":\"EntryPoint\",\"urlTemplate\":\"https:\/\/www.present.ca\/fr\/?s={search_term_string}\"},\"query-input\":\"required name=search_term_string\"}],\"inLanguage\":\"fr-FR\"}]}<\/script>\n<!-- \/ Yoast SEO plugin. -->","yoast_head_json":{"title":"Audits de s\u00e9curit\u00e9 - Present","description":"Nos audits de s\u00e9curit\u00e9 clarifient l'\u00e9tat de votre environnement en analysant les vuln\u00e9rabilit\u00e9s de votre r\u00e9seau et de vos utilisateurs, vos syst\u00e8mes TI, vos politiques de mot de passe, votre strat\u00e9gie de sauvegarde et peuvent inclure des tests d'intrusion. Le r\u00e9sultat final est une liste d\u00e9taill\u00e9e de recommandations d'actions correctives.","robots":{"index":"index","follow":"follow","max-snippet":"max-snippet:-1","max-image-preview":"max-image-preview:large","max-video-preview":"max-video-preview:-1"},"canonical":"https:\/\/www.present.ca\/fr\/solutions\/securite-geree-ti\/audits-de-securite\/","og_locale":"fr_FR","og_type":"article","og_title":"Audits de s\u00e9curit\u00e9 - Present","og_description":"Nos audits de s\u00e9curit\u00e9 clarifient l'\u00e9tat de votre environnement en analysant les vuln\u00e9rabilit\u00e9s de votre r\u00e9seau et de vos utilisateurs, vos syst\u00e8mes TI, vos politiques de mot de passe, votre strat\u00e9gie de sauvegarde et peuvent inclure des tests d'intrusion. Le r\u00e9sultat final est une liste d\u00e9taill\u00e9e de recommandations d'actions correctives.","og_url":"https:\/\/www.present.ca\/fr\/solutions\/securite-geree-ti\/audits-de-securite\/","og_site_name":"Present","article_modified_time":"2021-06-01T20:45:33+00:00","twitter_card":"summary_large_image","twitter_misc":{"Dur\u00e9e de lecture estim\u00e9e":"2 minutes"},"schema":{"@context":"https:\/\/schema.org","@graph":[{"@type":"WebPage","@id":"https:\/\/www.present.ca\/fr\/solutions\/securite-geree-ti\/audits-de-securite\/","url":"https:\/\/www.present.ca\/fr\/solutions\/securite-geree-ti\/audits-de-securite\/","name":"Audits de s\u00e9curit\u00e9 - Present","isPartOf":{"@id":"https:\/\/www.present.ca\/fr\/#website"},"datePublished":"2021-05-27T19:04:05+00:00","dateModified":"2021-06-01T20:45:33+00:00","description":"Nos audits de s\u00e9curit\u00e9 clarifient l'\u00e9tat de votre environnement en analysant les vuln\u00e9rabilit\u00e9s de votre r\u00e9seau et de vos utilisateurs, vos syst\u00e8mes TI, vos politiques de mot de passe, votre strat\u00e9gie de sauvegarde et peuvent inclure des tests d'intrusion. Le r\u00e9sultat final est une liste d\u00e9taill\u00e9e de recommandations d'actions correctives.","breadcrumb":{"@id":"https:\/\/www.present.ca\/fr\/solutions\/securite-geree-ti\/audits-de-securite\/#breadcrumb"},"inLanguage":"fr-FR","potentialAction":[{"@type":"ReadAction","target":["https:\/\/www.present.ca\/fr\/solutions\/securite-geree-ti\/audits-de-securite\/"]}]},{"@type":"BreadcrumbList","@id":"https:\/\/www.present.ca\/fr\/solutions\/securite-geree-ti\/audits-de-securite\/#breadcrumb","itemListElement":[{"@type":"ListItem","position":1,"name":"Accueil","item":"https:\/\/www.present.ca\/fr\/"},{"@type":"ListItem","position":2,"name":"Solutions","item":"https:\/\/www.present.ca\/fr\/solutions\/"},{"@type":"ListItem","position":3,"name":"S\u00e9curit\u00e9 G\u00e9r\u00e9e TI","item":"https:\/\/www.present.ca\/fr\/solutions\/securite-geree-ti\/"},{"@type":"ListItem","position":4,"name":"Audits de s\u00e9curit\u00e9"}]},{"@type":"WebSite","@id":"https:\/\/www.present.ca\/fr\/#website","url":"https:\/\/www.present.ca\/fr\/","name":"Present","description":"Services G\u00e9r\u00e9s TI, S\u00e9curit\u00e9 G\u00e9r\u00e9e TI et Solutions de Cloud Hybride","potentialAction":[{"@type":"SearchAction","target":{"@type":"EntryPoint","urlTemplate":"https:\/\/www.present.ca\/fr\/?s={search_term_string}"},"query-input":"required name=search_term_string"}],"inLanguage":"fr-FR"}]}},"_links":{"self":[{"href":"https:\/\/www.present.ca\/fr\/wp-json\/wp\/v2\/pages\/22579"}],"collection":[{"href":"https:\/\/www.present.ca\/fr\/wp-json\/wp\/v2\/pages"}],"about":[{"href":"https:\/\/www.present.ca\/fr\/wp-json\/wp\/v2\/types\/page"}],"author":[{"embeddable":true,"href":"https:\/\/www.present.ca\/fr\/wp-json\/wp\/v2\/users\/3"}],"replies":[{"embeddable":true,"href":"https:\/\/www.present.ca\/fr\/wp-json\/wp\/v2\/comments?post=22579"}],"version-history":[{"count":3,"href":"https:\/\/www.present.ca\/fr\/wp-json\/wp\/v2\/pages\/22579\/revisions"}],"predecessor-version":[{"id":22583,"href":"https:\/\/www.present.ca\/fr\/wp-json\/wp\/v2\/pages\/22579\/revisions\/22583"}],"up":[{"embeddable":true,"href":"https:\/\/www.present.ca\/fr\/wp-json\/wp\/v2\/pages\/20134"}],"wp:attachment":[{"href":"https:\/\/www.present.ca\/fr\/wp-json\/wp\/v2\/media?parent=22579"}],"curies":[{"name":"wp","href":"https:\/\/api.w.org\/{rel}","templated":true}]}}