{"id":22576,"date":"2021-05-27T13:40:54","date_gmt":"2021-05-27T17:40:54","guid":{"rendered":"https:\/\/www.present.ca\/?page_id=22576"},"modified":"2025-08-15T12:06:03","modified_gmt":"2025-08-15T16:06:03","slug":"la-gestion-dinformation-et-devenements-de-securite","status":"publish","type":"page","link":"https:\/\/www.present.ca\/fr\/solutions\/securite-geree-ti\/la-gestion-dinformation-et-devenements-de-securite\/","title":{"rendered":"La gestion d&rsquo;information et d&rsquo;\u00e9v\u00e9nements de s\u00e9curit\u00e9"},"content":{"rendered":"<p>[vc_row][vc_column]<div id=\"ultimate-heading-526369e01adc0455d\" class=\"uvc-heading ult-adjust-bottom-margin ultimate-heading-526369e01adc0455d uvc-3313 \" data-hspacer=\"no_spacer\"  data-halign=\"center\" style=\"text-align:center\"><div class=\"uvc-heading-spacer no_spacer\" style=\"top\"><\/div><div class=\"uvc-main-heading ult-responsive\"  data-ultimate-target='.uvc-heading.ultimate-heading-526369e01adc0455d h2'  data-responsive-json-new='{\"font-size\":\"\",\"line-height\":\"\"}' ><h2 style=\"font-weight:normal;\">Gestion des informations et des \u00e9v\u00e9nements de s\u00e9curit\u00e9 avec capacit\u00e9s SOAR<\/h2><\/div><div class=\"uvc-sub-heading ult-responsive\"  data-ultimate-target='.uvc-heading.ultimate-heading-526369e01adc0455d .uvc-sub-heading '  data-responsive-json-new='{\"font-size\":\"\",\"line-height\":\"\"}'  style=\"font-weight:normal;\"><\/p>\n<h5 style=\"text-align: center;\"><em>Am\u00e9liorez votre posture en cybers\u00e9curit\u00e9 en combinant la d\u00e9tection des menaces en temps r\u00e9el avec une r\u00e9ponse automatis\u00e9e aux incidents \u2014 le tout g\u00e9r\u00e9 par des experts.<\/em><\/h5>\n<p><\/div><\/div>[vc_empty_space][vc_column_text]Les technologies et les menaces de s\u00e9curit\u00e9 \u00e9voluent continuellement, obligeant les entreprises \u00e0 disposer d\u2019un \u00e9ventail toujours croissant de connaissances et d\u2019expertise en mati\u00e8re de s\u00e9curit\u00e9. Un SIEM g\u00e9r\u00e9 vous permet de tirer parti de l\u2019expertise de sp\u00e9cialistes en cybers\u00e9curit\u00e9, de d\u00e9ployer une solution plus rapidement et d\u2019externaliser la r\u00e9ponse aux alertes et aux incidents.<\/p>\n<p>Notre solution SIEM de nouvelle g\u00e9n\u00e9ration surveille et analyse tous les journaux d\u2019\u00e9v\u00e9nements et de s\u00e9curit\u00e9, en temps r\u00e9el, sur l\u2019ensemble de votre r\u00e9seau.\u00a0 Combin\u00e9e aux capacit\u00e9s SOAR<strong> (Orchestration, Automatisation et R\u00e9ponse en mati\u00e8re de S\u00e9curit\u00e9)<\/strong>, elle permet une automatisation intelligente et une r\u00e9ponse rapide aux incidents, afin de se prot\u00e9ger contre les menaces avanc\u00e9es et de r\u00e9pondre aux exigences de conformit\u00e9.<\/p>\n<p>Notre \u00e9quipe SOC surveille et analyse les alertes 24h \/ 7 et priorise les menaces potentielles si n\u00e9cessaire, vous permettant de vous concentrer sur la pr\u00e9vention des attaques avant qu\u2019elles ne causent une perte de donn\u00e9es.[\/vc_column_text][vc_row_inner][vc_column_inner width=\u00a0\u00bb1\/4&Prime;][\/vc_column_inner][vc_column_inner width=\u00a0\u00bb1\/4&Prime;][vc_column_text]<\/p>\n<h4><strong>B\u00e9n\u00e9fices d\u2019un SIEM g\u00e9r\u00e9<\/strong><\/h4>\n<ul>\n<li>Visibilit\u00e9 en temps r\u00e9el sur vos syst\u00e8mes de s\u00e9curit\u00e9 de l\u2019information.<\/li>\n<\/ul>\n<ul>\n<li>Gestion du journal des \u00e9v\u00e9nements qui consolide les donn\u00e9es de nombreuses sources.<\/li>\n<\/ul>\n<ul>\n<li>R\u00e9ponse aux exigences de conformit\u00e9 et d\u2019audit.<\/li>\n<\/ul>\n<ul>\n<li>Services SOC complets 24\/7 &#8211; nous prenons en charge les d\u00e9fis de la cybers\u00e9curit\u00e9 pendant que vous vous concentrez sur votre entreprise.<\/li>\n<\/ul>\n<p>[\/vc_column_text][\/vc_column_inner][vc_column_inner width=\u00a0\u00bb1\/4&Prime;][vc_column_text]<\/p>\n<h4><strong>D\u00e9sormais enrichi par SOAR, vous b\u00e9n\u00e9ficiez de :<\/strong><\/h4>\n<ul>\n<li>R\u00e9ponse automatis\u00e9e aux incidents pour une d\u00e9tection et une r\u00e9solution plus rapide des menaces<\/li>\n<li>Playbooks personnalisables pour une gestion coh\u00e9rente et \u00e9volutive des menaces<\/li>\n<li>Intelligence sur les menaces int\u00e9gr\u00e9e pour une prise de d\u00e9cision plus \u00e9clair\u00e9e.<\/li>\n<\/ul>\n<p>[\/vc_column_text][\/vc_column_inner][vc_column_inner width=\u00a0\u00bb1\/4&Prime;][\/vc_column_inner][\/vc_row_inner][vc_column_text]La cybers\u00e9curit\u00e9 ne doit pas \u00eatre un fardeau. Avec la solution SIEM + SOAR g\u00e9r\u00e9e par Present, vous b\u00e9n\u00e9ficiez d\u2019une protection de niveau entreprise, d\u2019un soutien expert et de la confiance n\u00e9cessaire pour cro\u00eetre en toute s\u00e9curit\u00e9.[\/vc_column_text][\/vc_column][\/vc_row][vc_row full_width=\u00a0\u00bbstretch_row_content\u00a0\u00bb bg_type=\u00a0\u00bbbg_color\u00a0\u00bb el_class=\u00a0\u00bbtilt-pos-3-deg\u00a0\u00bb css=\u00a0\u00bb.vc_custom_1589311146719{padding-top: 0px !important;padding-bottom: 0px !important;}\u00a0\u00bb bg_color_value=\u00a0\u00bb#16a361&Prime;][vc_column]<div id=\"ultimate-heading-539769e01adc045aa\" class=\"uvc-heading ult-adjust-bottom-margin ultimate-heading-539769e01adc045aa uvc-6722 \" data-hspacer=\"no_spacer\"  data-halign=\"center\" style=\"text-align:center\"><div class=\"uvc-heading-spacer no_spacer\" style=\"top\"><\/div><div class=\"uvc-main-heading ult-responsive\"  data-ultimate-target='.uvc-heading.ultimate-heading-539769e01adc045aa h3'  data-responsive-json-new='{\"font-size\":\"\",\"line-height\":\"\"}' ><h3 style=\"font-weight:normal;margin-top:10px;margin-bottom:25px;\">S\u00e9curisons votre entreprise \u2014 ensemble<\/h3><\/div><\/div><div class=\" ubtn-ctn-center \"><a class=\"ubtn-link ult-adjust-bottom-margin ubtn-center ubtn-large \" href=\"https:\/\/www.present.ca\/fr\/contactez-nos-experts-en-cybersecurite\/\" title=\"Contact Present\" ><button type=\"button\" id=\"ubtn-2604\"  class=\"ubtn ult-adjust-bottom-margin ult-responsive ubtn-large ubtn-no-hover-bg  none  ubtn-center   tooltip-69e01adc045da\"  data-hover=\"#ffffff\" data-border-color=\"#ffffff\" data-bg=\"#ffffff\" data-hover-bg=\"#000000\" data-border-hover=\"#ffffff\" data-shadow-hover=\"\" data-shadow-click=\"none\" data-shadow=\"\" data-shd-shadow=\"\"  data-ultimate-target='#ubtn-2604'  data-responsive-json-new='{\"font-size\":\"desktop:18px;\",\"line-height\":\"desktop:24px;\"}'  style=\"font-weight:bold;border-radius:5px;border-width:3px;border-color:#ffffff;border-style:solid;background: #ffffff;color: #16a361;\"><span class=\"ubtn-hover\" style=\"background-color:#000000\"><\/span><span class=\"ubtn-data ubtn-text \" >Parlons-en<\/span><\/button><\/a><\/div>[vc_empty_space][\/vc_column][\/vc_row]<\/p>\n","protected":false},"excerpt":{"rendered":"<p>[vc_row][vc_column][vc_empty_space][vc_column_text]Les technologies et les menaces de s\u00e9curit\u00e9 \u00e9voluent continuellement, obligeant les entreprises \u00e0 disposer d\u2019un \u00e9ventail toujours croissant de connaissances et d\u2019expertise en mati\u00e8re de s\u00e9curit\u00e9. Un SIEM g\u00e9r\u00e9 vous permet de tirer parti de l\u2019expertise de sp\u00e9cialistes en cybers\u00e9curit\u00e9, de d\u00e9ployer une solution plus rapidement et d\u2019externaliser la r\u00e9ponse aux alertes et aux incidents. [&#8230;]<\/p>\n","protected":false},"author":3,"featured_media":0,"parent":20134,"menu_order":0,"comment_status":"closed","ping_status":"closed","template":"","meta":{"_acf_changed":false,"footnotes":"","_wp_rev_ctl_limit":""},"class_list":["post-22576","page","type-page","status-publish","hentry"],"acf":[],"yoast_head":"<!-- This site is optimized with the Yoast SEO plugin v27.3 - https:\/\/yoast.com\/product\/yoast-seo-wordpress\/ -->\n<title>La gestion d&#039;information et d&#039;\u00e9v\u00e9nements de s\u00e9curit\u00e9 - Present<\/title>\n<meta name=\"description\" content=\"Notre solution SIEM de nouvelle g\u00e9n\u00e9ration surveille et analyse tous les journaux d&#039;\u00e9v\u00e9nements et de s\u00e9curit\u00e9, en temps r\u00e9el, pour l&#039;ensemble du r\u00e9seau afin de se prot\u00e9ger contre les menaces avanc\u00e9es et de r\u00e9pondre aux exigences de conformit\u00e9.\" \/>\n<meta name=\"robots\" content=\"index, follow, max-snippet:-1, max-image-preview:large, max-video-preview:-1\" \/>\n<link rel=\"canonical\" href=\"https:\/\/www.present.ca\/fr\/solutions\/securite-geree-ti\/la-gestion-dinformation-et-devenements-de-securite\/\" \/>\n<meta property=\"og:locale\" content=\"fr_FR\" \/>\n<meta property=\"og:type\" content=\"article\" \/>\n<meta property=\"og:title\" content=\"La gestion d&#039;information et d&#039;\u00e9v\u00e9nements de s\u00e9curit\u00e9 - Present\" \/>\n<meta property=\"og:description\" content=\"Notre solution SIEM de nouvelle g\u00e9n\u00e9ration surveille et analyse tous les journaux d&#039;\u00e9v\u00e9nements et de s\u00e9curit\u00e9, en temps r\u00e9el, pour l&#039;ensemble du r\u00e9seau afin de se prot\u00e9ger contre les menaces avanc\u00e9es et de r\u00e9pondre aux exigences de conformit\u00e9.\" \/>\n<meta property=\"og:url\" content=\"https:\/\/www.present.ca\/fr\/solutions\/securite-geree-ti\/la-gestion-dinformation-et-devenements-de-securite\/\" \/>\n<meta property=\"og:site_name\" content=\"Present\" \/>\n<meta property=\"article:modified_time\" content=\"2025-08-15T16:06:03+00:00\" \/>\n<meta name=\"twitter:card\" content=\"summary_large_image\" \/>\n<meta name=\"twitter:label1\" content=\"Dur\u00e9e de lecture estim\u00e9e\" \/>\n\t<meta name=\"twitter:data1\" content=\"2 minutes\" \/>\n<script type=\"application\/ld+json\" class=\"yoast-schema-graph\">{\"@context\":\"https:\\\/\\\/schema.org\",\"@graph\":[{\"@type\":\"WebPage\",\"@id\":\"https:\\\/\\\/www.present.ca\\\/fr\\\/solutions\\\/securite-geree-ti\\\/la-gestion-dinformation-et-devenements-de-securite\\\/\",\"url\":\"https:\\\/\\\/www.present.ca\\\/fr\\\/solutions\\\/securite-geree-ti\\\/la-gestion-dinformation-et-devenements-de-securite\\\/\",\"name\":\"La gestion d'information et d'\u00e9v\u00e9nements de s\u00e9curit\u00e9 - Present\",\"isPartOf\":{\"@id\":\"https:\\\/\\\/www.present.ca\\\/fr\\\/#website\"},\"datePublished\":\"2021-05-27T17:40:54+00:00\",\"dateModified\":\"2025-08-15T16:06:03+00:00\",\"description\":\"Notre solution SIEM de nouvelle g\u00e9n\u00e9ration surveille et analyse tous les journaux d'\u00e9v\u00e9nements et de s\u00e9curit\u00e9, en temps r\u00e9el, pour l'ensemble du r\u00e9seau afin de se prot\u00e9ger contre les menaces avanc\u00e9es et de r\u00e9pondre aux exigences de conformit\u00e9.\",\"breadcrumb\":{\"@id\":\"https:\\\/\\\/www.present.ca\\\/fr\\\/solutions\\\/securite-geree-ti\\\/la-gestion-dinformation-et-devenements-de-securite\\\/#breadcrumb\"},\"inLanguage\":\"fr-FR\",\"potentialAction\":[{\"@type\":\"ReadAction\",\"target\":[\"https:\\\/\\\/www.present.ca\\\/fr\\\/solutions\\\/securite-geree-ti\\\/la-gestion-dinformation-et-devenements-de-securite\\\/\"]}]},{\"@type\":\"BreadcrumbList\",\"@id\":\"https:\\\/\\\/www.present.ca\\\/fr\\\/solutions\\\/securite-geree-ti\\\/la-gestion-dinformation-et-devenements-de-securite\\\/#breadcrumb\",\"itemListElement\":[{\"@type\":\"ListItem\",\"position\":1,\"name\":\"Accueil\",\"item\":\"https:\\\/\\\/www.present.ca\\\/fr\\\/\"},{\"@type\":\"ListItem\",\"position\":2,\"name\":\"Solutions\",\"item\":\"https:\\\/\\\/www.present.ca\\\/fr\\\/solutions\\\/\"},{\"@type\":\"ListItem\",\"position\":3,\"name\":\"S\u00e9curit\u00e9 G\u00e9r\u00e9e TI\",\"item\":\"https:\\\/\\\/www.present.ca\\\/fr\\\/solutions\\\/securite-geree-ti\\\/\"},{\"@type\":\"ListItem\",\"position\":4,\"name\":\"La gestion d&#8217;information et d&#8217;\u00e9v\u00e9nements de s\u00e9curit\u00e9\"}]},{\"@type\":\"WebSite\",\"@id\":\"https:\\\/\\\/www.present.ca\\\/fr\\\/#website\",\"url\":\"https:\\\/\\\/www.present.ca\\\/fr\\\/\",\"name\":\"Present\",\"description\":\"Services G\u00e9r\u00e9s TI, S\u00e9curit\u00e9 G\u00e9r\u00e9e TI et Solutions de Cloud Hybride\",\"potentialAction\":[{\"@type\":\"SearchAction\",\"target\":{\"@type\":\"EntryPoint\",\"urlTemplate\":\"https:\\\/\\\/www.present.ca\\\/fr\\\/?s={search_term_string}\"},\"query-input\":{\"@type\":\"PropertyValueSpecification\",\"valueRequired\":true,\"valueName\":\"search_term_string\"}}],\"inLanguage\":\"fr-FR\"}]}<\/script>\n<!-- \/ Yoast SEO plugin. -->","yoast_head_json":{"title":"La gestion d'information et d'\u00e9v\u00e9nements de s\u00e9curit\u00e9 - Present","description":"Notre solution SIEM de nouvelle g\u00e9n\u00e9ration surveille et analyse tous les journaux d'\u00e9v\u00e9nements et de s\u00e9curit\u00e9, en temps r\u00e9el, pour l'ensemble du r\u00e9seau afin de se prot\u00e9ger contre les menaces avanc\u00e9es et de r\u00e9pondre aux exigences de conformit\u00e9.","robots":{"index":"index","follow":"follow","max-snippet":"max-snippet:-1","max-image-preview":"max-image-preview:large","max-video-preview":"max-video-preview:-1"},"canonical":"https:\/\/www.present.ca\/fr\/solutions\/securite-geree-ti\/la-gestion-dinformation-et-devenements-de-securite\/","og_locale":"fr_FR","og_type":"article","og_title":"La gestion d'information et d'\u00e9v\u00e9nements de s\u00e9curit\u00e9 - Present","og_description":"Notre solution SIEM de nouvelle g\u00e9n\u00e9ration surveille et analyse tous les journaux d'\u00e9v\u00e9nements et de s\u00e9curit\u00e9, en temps r\u00e9el, pour l'ensemble du r\u00e9seau afin de se prot\u00e9ger contre les menaces avanc\u00e9es et de r\u00e9pondre aux exigences de conformit\u00e9.","og_url":"https:\/\/www.present.ca\/fr\/solutions\/securite-geree-ti\/la-gestion-dinformation-et-devenements-de-securite\/","og_site_name":"Present","article_modified_time":"2025-08-15T16:06:03+00:00","twitter_card":"summary_large_image","twitter_misc":{"Dur\u00e9e de lecture estim\u00e9e":"2 minutes"},"schema":{"@context":"https:\/\/schema.org","@graph":[{"@type":"WebPage","@id":"https:\/\/www.present.ca\/fr\/solutions\/securite-geree-ti\/la-gestion-dinformation-et-devenements-de-securite\/","url":"https:\/\/www.present.ca\/fr\/solutions\/securite-geree-ti\/la-gestion-dinformation-et-devenements-de-securite\/","name":"La gestion d'information et d'\u00e9v\u00e9nements de s\u00e9curit\u00e9 - Present","isPartOf":{"@id":"https:\/\/www.present.ca\/fr\/#website"},"datePublished":"2021-05-27T17:40:54+00:00","dateModified":"2025-08-15T16:06:03+00:00","description":"Notre solution SIEM de nouvelle g\u00e9n\u00e9ration surveille et analyse tous les journaux d'\u00e9v\u00e9nements et de s\u00e9curit\u00e9, en temps r\u00e9el, pour l'ensemble du r\u00e9seau afin de se prot\u00e9ger contre les menaces avanc\u00e9es et de r\u00e9pondre aux exigences de conformit\u00e9.","breadcrumb":{"@id":"https:\/\/www.present.ca\/fr\/solutions\/securite-geree-ti\/la-gestion-dinformation-et-devenements-de-securite\/#breadcrumb"},"inLanguage":"fr-FR","potentialAction":[{"@type":"ReadAction","target":["https:\/\/www.present.ca\/fr\/solutions\/securite-geree-ti\/la-gestion-dinformation-et-devenements-de-securite\/"]}]},{"@type":"BreadcrumbList","@id":"https:\/\/www.present.ca\/fr\/solutions\/securite-geree-ti\/la-gestion-dinformation-et-devenements-de-securite\/#breadcrumb","itemListElement":[{"@type":"ListItem","position":1,"name":"Accueil","item":"https:\/\/www.present.ca\/fr\/"},{"@type":"ListItem","position":2,"name":"Solutions","item":"https:\/\/www.present.ca\/fr\/solutions\/"},{"@type":"ListItem","position":3,"name":"S\u00e9curit\u00e9 G\u00e9r\u00e9e TI","item":"https:\/\/www.present.ca\/fr\/solutions\/securite-geree-ti\/"},{"@type":"ListItem","position":4,"name":"La gestion d&#8217;information et d&#8217;\u00e9v\u00e9nements de s\u00e9curit\u00e9"}]},{"@type":"WebSite","@id":"https:\/\/www.present.ca\/fr\/#website","url":"https:\/\/www.present.ca\/fr\/","name":"Present","description":"Services G\u00e9r\u00e9s TI, S\u00e9curit\u00e9 G\u00e9r\u00e9e TI et Solutions de Cloud Hybride","potentialAction":[{"@type":"SearchAction","target":{"@type":"EntryPoint","urlTemplate":"https:\/\/www.present.ca\/fr\/?s={search_term_string}"},"query-input":{"@type":"PropertyValueSpecification","valueRequired":true,"valueName":"search_term_string"}}],"inLanguage":"fr-FR"}]}},"_links":{"self":[{"href":"https:\/\/www.present.ca\/fr\/wp-json\/wp\/v2\/pages\/22576","targetHints":{"allow":["GET"]}}],"collection":[{"href":"https:\/\/www.present.ca\/fr\/wp-json\/wp\/v2\/pages"}],"about":[{"href":"https:\/\/www.present.ca\/fr\/wp-json\/wp\/v2\/types\/page"}],"author":[{"embeddable":true,"href":"https:\/\/www.present.ca\/fr\/wp-json\/wp\/v2\/users\/3"}],"replies":[{"embeddable":true,"href":"https:\/\/www.present.ca\/fr\/wp-json\/wp\/v2\/comments?post=22576"}],"version-history":[{"count":3,"href":"https:\/\/www.present.ca\/fr\/wp-json\/wp\/v2\/pages\/22576\/revisions"}],"predecessor-version":[{"id":32265,"href":"https:\/\/www.present.ca\/fr\/wp-json\/wp\/v2\/pages\/22576\/revisions\/32265"}],"up":[{"embeddable":true,"href":"https:\/\/www.present.ca\/fr\/wp-json\/wp\/v2\/pages\/20134"}],"wp:attachment":[{"href":"https:\/\/www.present.ca\/fr\/wp-json\/wp\/v2\/media?parent=22576"}],"curies":[{"name":"wp","href":"https:\/\/api.w.org\/{rel}","templated":true}]}}