{"id":22573,"date":"2021-05-27T14:18:58","date_gmt":"2021-05-27T18:18:58","guid":{"rendered":"https:\/\/www.present.ca\/?page_id=22573"},"modified":"2024-08-06T14:50:28","modified_gmt":"2024-08-06T18:50:28","slug":"surveillance-du-dark-web","status":"publish","type":"page","link":"https:\/\/www.present.ca\/fr\/solutions\/securite-geree-ti\/surveillance-du-dark-web\/","title":{"rendered":"Surveillance du Dark Web"},"content":{"rendered":"<p>[vc_row][vc_column]<div id=\"ultimate-heading-669e1c4449f5b3\" class=\"uvc-heading ult-adjust-bottom-margin ultimate-heading-669e1c4449f5b3 uvc-4086 \" data-hspacer=\"no_spacer\"  data-halign=\"center\" style=\"text-align:center\"><div class=\"uvc-heading-spacer no_spacer\" style=\"top\"><\/div><div class=\"uvc-main-heading ult-responsive\"  data-ultimate-target='.uvc-heading.ultimate-heading-669e1c4449f5b3 h2'  data-responsive-json-new='{\"font-size\":\"\",\"line-height\":\"\"}' ><h2 style=\"font-weight:normal;\">Surveillance du Dark Web<\/h2><\/div><\/div>[vc_empty_space][vc_column_text]D\u00e9fendez-vous contre les cybermenaces gr\u00e2ce \u00e0 une surveillance continue du Dark Web. M\u00eame avec des politiques de mot de passe strictes, les violations se produisent plus que nous aimerions le penser. Et garder un \u0153il sur la s\u00e9curit\u00e9 des comptes des employ\u00e9s est un gros fardeau pour l\u2019\u00e9quipe TI.<\/p>\n<p>Notre service recherche r\u00e9guli\u00e8rement des endroits sur le dark web o\u00f9 des informations sont \u00e9chang\u00e9es et vendues, \u00e0 la recherche de vos informations. Recevez des alertes lorsqu&rsquo;il a \u00e9t\u00e9 d\u00e9tect\u00e9 que les informations d&rsquo;identification de vos utilisateurs ont \u00e9t\u00e9 compromises et trafiqu\u00e9es sur le Dark Web, afin que vous puissiez prendre des mesures imm\u00e9diates pour emp\u00eacher une br\u00e8che.<\/p>\n<p>Avec ce service, vous pouvez<\/p>\n<ul>\n<li style=\"list-style-type: none;\">\n<ul>\n<li>Surveillez le Dark Web pour les informations d&rsquo;identification d&rsquo;entreprise vol\u00e9es de vos utilisateurs<\/li>\n<li>Prot\u00e9gez-vous contre une br\u00e8che gr\u00e2ce \u00e0 la d\u00e9tection pr\u00e9coce des identifiants des utilisateurs compromises<\/li>\n<li>Soyez alert\u00e9 d\u00e8s que des identifiants utilisateur compromis sont d\u00e9couverts sur le dark web<\/li>\n<\/ul>\n<\/li>\n<\/ul>\n<p>[\/vc_column_text][\/vc_column][\/vc_row][vc_row][vc_column width=\u00a0\u00bb1\/6&Prime;][\/vc_column][vc_column width=\u00a0\u00bb2\/3&Prime;][vc_column_text]<\/p>\n<h3 style=\"font-weight: 400; text-align: center;\"><strong>OBTENEZ UN DEVIS MAINTENANT<\/strong><\/h3>\n<p style=\"text-align: center;\">Remplissez le formulaire ci-dessous pour recevoir un devis dans les 24 heures. Gardez une longueur d&rsquo;avance et prot\u00e9gez votre entreprise contre les menaces invisibles qui se cachent sur le dark web.<\/p>\n<p>[\/vc_column_text]\n<div class=\"wpcf7 no-js\" id=\"wpcf7-f29459-o1\" lang=\"fr-FR\" dir=\"ltr\" data-wpcf7-id=\"29459\">\n<div class=\"screen-reader-response\"><p role=\"status\" aria-live=\"polite\" aria-atomic=\"true\"><\/p> <ul><\/ul><\/div>\n<form action=\"\/fr\/wp-json\/wp\/v2\/pages\/22573#wpcf7-f29459-o1\" method=\"post\" class=\"wpcf7-form init\" aria-label=\"Formulaire de contact\" novalidate=\"novalidate\" data-status=\"init\">\n<fieldset class=\"hidden-fields-container\"><input type=\"hidden\" name=\"_wpcf7\" value=\"29459\" \/><input type=\"hidden\" name=\"_wpcf7_version\" value=\"6.1.5\" \/><input type=\"hidden\" name=\"_wpcf7_locale\" value=\"fr_FR\" \/><input type=\"hidden\" name=\"_wpcf7_unit_tag\" value=\"wpcf7-f29459-o1\" \/><input type=\"hidden\" name=\"_wpcf7_container_post\" value=\"0\" \/><input type=\"hidden\" name=\"_wpcf7_posted_data_hash\" value=\"\" \/>\n<\/fieldset>\n<p><label> Nom<br \/>\n<span class=\"wpcf7-form-control-wrap\" data-name=\"your-name\"><input size=\"40\" maxlength=\"400\" class=\"wpcf7-form-control wpcf7-text wpcf7-validates-as-required\" aria-required=\"true\" aria-invalid=\"false\" value=\"\" type=\"text\" name=\"your-name\" \/><\/span> <\/label>\n<\/p>\n<p><label> Courriel (*email professionnel uniquement)<br \/>\n<span class=\"wpcf7-form-control-wrap\" data-name=\"your-email\"><input size=\"40\" maxlength=\"400\" class=\"wpcf7-form-control wpcf7-email wpcf7-validates-as-required wpcf7-text wpcf7-validates-as-email\" aria-required=\"true\" aria-invalid=\"false\" value=\"\" type=\"email\" name=\"your-email\" \/><\/span> <\/label>\n<\/p>\n<p><label> T\u00e9l\u00e9phone<br \/>\n<span class=\"wpcf7-form-control-wrap\" data-name=\"tel-194\"><input size=\"40\" maxlength=\"400\" class=\"wpcf7-form-control wpcf7-tel wpcf7-text wpcf7-validates-as-tel\" aria-invalid=\"false\" value=\"\" type=\"tel\" name=\"tel-194\" \/><\/span><\/label>\n<\/p>\n<p><input class=\"wpcf7-form-control wpcf7-submit has-spinner\" type=\"submit\" value=\"Soumettre\" \/>\n<\/p><div class=\"wpcf7-response-output\" aria-hidden=\"true\"><\/div>\n<\/form>\n<\/div>\n[\/vc_column][vc_column width=\u00a0\u00bb1\/6&Prime;][\/vc_column][\/vc_row][vc_row full_width=\u00a0\u00bbstretch_row_content\u00a0\u00bb bg_type=\u00a0\u00bbbg_color\u00a0\u00bb el_class=\u00a0\u00bbtilt-pos-3-deg\u00a0\u00bb css=\u00a0\u00bb.vc_custom_1589311146719{padding-top: 0px !important;padding-bottom: 0px !important;}\u00a0\u00bb bg_color_value=\u00a0\u00bb#16a361&Prime;][vc_column][vc_empty_space]<div id=\"ultimate-heading-272669e1c444a0119\" class=\"uvc-heading ult-adjust-bottom-margin ultimate-heading-272669e1c444a0119 uvc-4825 \" data-hspacer=\"no_spacer\"  data-halign=\"center\" style=\"text-align:center\"><div class=\"uvc-heading-spacer no_spacer\" style=\"top\"><\/div><div class=\"uvc-main-heading ult-responsive\"  data-ultimate-target='.uvc-heading.ultimate-heading-272669e1c444a0119 h3'  data-responsive-json-new='{\"font-size\":\"\",\"line-height\":\"\"}' ><h3 style=\"font-weight:normal;margin-top:10px;margin-bottom:25px;\">Discutez avec un expert en s\u00e9curit\u00e9 TI<\/h3><\/div><\/div><div class=\" ubtn-ctn-center \"><a class=\"ubtn-link ult-adjust-bottom-margin ubtn-center ubtn-large \" href=\"https:\/\/www.present.ca\/fr\/contactez-nos-experts-en-cybersecurite\/\" title=\"Contactez Present\" ><button type=\"button\" id=\"ubtn-6546\"  class=\"ubtn ult-adjust-bottom-margin ult-responsive ubtn-large ubtn-no-hover-bg  none  ubtn-center   tooltip-69e1c444a014f\"  data-hover=\"#ffffff\" data-border-color=\"#ffffff\" data-bg=\"#ffffff\" data-hover-bg=\"#000000\" data-border-hover=\"#ffffff\" data-shadow-hover=\"\" data-shadow-click=\"none\" data-shadow=\"\" data-shd-shadow=\"\"  data-ultimate-target='#ubtn-6546'  data-responsive-json-new='{\"font-size\":\"desktop:18px;\",\"line-height\":\"desktop:24px;\"}'  style=\"font-weight:bold;border-radius:5px;border-width:3px;border-color:#ffffff;border-style:solid;background: #ffffff;color: #16a361;\"><span class=\"ubtn-hover\" style=\"background-color:#000000\"><\/span><span class=\"ubtn-data ubtn-text \" >Parlons-en<\/span><\/button><\/a><\/div>[\/vc_column][\/vc_row]<\/p>\n","protected":false},"excerpt":{"rendered":"<p>[vc_row][vc_column][vc_empty_space][vc_column_text]D\u00e9fendez-vous contre les cybermenaces gr\u00e2ce \u00e0 une surveillance continue du Dark Web. M\u00eame avec des politiques de mot de passe strictes, les violations se produisent plus que nous aimerions le penser. Et garder un \u0153il sur la s\u00e9curit\u00e9 des comptes des employ\u00e9s est un gros fardeau pour l\u2019\u00e9quipe TI. Notre service recherche r\u00e9guli\u00e8rement des endroits [&#8230;]<\/p>\n","protected":false},"author":3,"featured_media":0,"parent":20134,"menu_order":0,"comment_status":"closed","ping_status":"closed","template":"","meta":{"_acf_changed":false,"footnotes":"","_wp_rev_ctl_limit":""},"class_list":["post-22573","page","type-page","status-publish","hentry"],"acf":[],"yoast_head":"<!-- This site is optimized with the Yoast SEO plugin v27.3 - https:\/\/yoast.com\/product\/yoast-seo-wordpress\/ -->\n<title>Surveillance du Dark Web - Present<\/title>\n<meta name=\"description\" content=\"Surveillance du Dark Web. Nous scannons le Dark Web et prenons des mesures pour prot\u00e9ger votre entreprise contre les identifiants vol\u00e9s qui ont \u00e9t\u00e9 mis en vente.\" \/>\n<meta name=\"robots\" content=\"index, follow, max-snippet:-1, max-image-preview:large, max-video-preview:-1\" \/>\n<link rel=\"canonical\" href=\"https:\/\/www.present.ca\/fr\/solutions\/securite-geree-ti\/surveillance-du-dark-web\/\" \/>\n<meta property=\"og:locale\" content=\"fr_FR\" \/>\n<meta property=\"og:type\" content=\"article\" \/>\n<meta property=\"og:title\" content=\"Surveillance du Dark Web - Present\" \/>\n<meta property=\"og:description\" content=\"Surveillance du Dark Web. Nous scannons le Dark Web et prenons des mesures pour prot\u00e9ger votre entreprise contre les identifiants vol\u00e9s qui ont \u00e9t\u00e9 mis en vente.\" \/>\n<meta property=\"og:url\" content=\"https:\/\/www.present.ca\/fr\/solutions\/securite-geree-ti\/surveillance-du-dark-web\/\" \/>\n<meta property=\"og:site_name\" content=\"Present\" \/>\n<meta property=\"article:modified_time\" content=\"2024-08-06T18:50:28+00:00\" \/>\n<meta name=\"twitter:card\" content=\"summary_large_image\" \/>\n<meta name=\"twitter:label1\" content=\"Dur\u00e9e de lecture estim\u00e9e\" \/>\n\t<meta name=\"twitter:data1\" content=\"2 minutes\" \/>\n<script type=\"application\/ld+json\" class=\"yoast-schema-graph\">{\"@context\":\"https:\\\/\\\/schema.org\",\"@graph\":[{\"@type\":\"WebPage\",\"@id\":\"https:\\\/\\\/www.present.ca\\\/fr\\\/solutions\\\/securite-geree-ti\\\/surveillance-du-dark-web\\\/\",\"url\":\"https:\\\/\\\/www.present.ca\\\/fr\\\/solutions\\\/securite-geree-ti\\\/surveillance-du-dark-web\\\/\",\"name\":\"Surveillance du Dark Web - Present\",\"isPartOf\":{\"@id\":\"https:\\\/\\\/www.present.ca\\\/fr\\\/#website\"},\"datePublished\":\"2021-05-27T18:18:58+00:00\",\"dateModified\":\"2024-08-06T18:50:28+00:00\",\"description\":\"Surveillance du Dark Web. Nous scannons le Dark Web et prenons des mesures pour prot\u00e9ger votre entreprise contre les identifiants vol\u00e9s qui ont \u00e9t\u00e9 mis en vente.\",\"breadcrumb\":{\"@id\":\"https:\\\/\\\/www.present.ca\\\/fr\\\/solutions\\\/securite-geree-ti\\\/surveillance-du-dark-web\\\/#breadcrumb\"},\"inLanguage\":\"fr-FR\",\"potentialAction\":[{\"@type\":\"ReadAction\",\"target\":[\"https:\\\/\\\/www.present.ca\\\/fr\\\/solutions\\\/securite-geree-ti\\\/surveillance-du-dark-web\\\/\"]}]},{\"@type\":\"BreadcrumbList\",\"@id\":\"https:\\\/\\\/www.present.ca\\\/fr\\\/solutions\\\/securite-geree-ti\\\/surveillance-du-dark-web\\\/#breadcrumb\",\"itemListElement\":[{\"@type\":\"ListItem\",\"position\":1,\"name\":\"Accueil\",\"item\":\"https:\\\/\\\/www.present.ca\\\/fr\\\/\"},{\"@type\":\"ListItem\",\"position\":2,\"name\":\"Solutions\",\"item\":\"https:\\\/\\\/www.present.ca\\\/fr\\\/solutions\\\/\"},{\"@type\":\"ListItem\",\"position\":3,\"name\":\"S\u00e9curit\u00e9 G\u00e9r\u00e9e TI\",\"item\":\"https:\\\/\\\/www.present.ca\\\/fr\\\/solutions\\\/securite-geree-ti\\\/\"},{\"@type\":\"ListItem\",\"position\":4,\"name\":\"Surveillance du Dark Web\"}]},{\"@type\":\"WebSite\",\"@id\":\"https:\\\/\\\/www.present.ca\\\/fr\\\/#website\",\"url\":\"https:\\\/\\\/www.present.ca\\\/fr\\\/\",\"name\":\"Present\",\"description\":\"Services G\u00e9r\u00e9s TI, S\u00e9curit\u00e9 G\u00e9r\u00e9e TI et Solutions de Cloud Hybride\",\"potentialAction\":[{\"@type\":\"SearchAction\",\"target\":{\"@type\":\"EntryPoint\",\"urlTemplate\":\"https:\\\/\\\/www.present.ca\\\/fr\\\/?s={search_term_string}\"},\"query-input\":{\"@type\":\"PropertyValueSpecification\",\"valueRequired\":true,\"valueName\":\"search_term_string\"}}],\"inLanguage\":\"fr-FR\"}]}<\/script>\n<!-- \/ Yoast SEO plugin. -->","yoast_head_json":{"title":"Surveillance du Dark Web - Present","description":"Surveillance du Dark Web. Nous scannons le Dark Web et prenons des mesures pour prot\u00e9ger votre entreprise contre les identifiants vol\u00e9s qui ont \u00e9t\u00e9 mis en vente.","robots":{"index":"index","follow":"follow","max-snippet":"max-snippet:-1","max-image-preview":"max-image-preview:large","max-video-preview":"max-video-preview:-1"},"canonical":"https:\/\/www.present.ca\/fr\/solutions\/securite-geree-ti\/surveillance-du-dark-web\/","og_locale":"fr_FR","og_type":"article","og_title":"Surveillance du Dark Web - Present","og_description":"Surveillance du Dark Web. Nous scannons le Dark Web et prenons des mesures pour prot\u00e9ger votre entreprise contre les identifiants vol\u00e9s qui ont \u00e9t\u00e9 mis en vente.","og_url":"https:\/\/www.present.ca\/fr\/solutions\/securite-geree-ti\/surveillance-du-dark-web\/","og_site_name":"Present","article_modified_time":"2024-08-06T18:50:28+00:00","twitter_card":"summary_large_image","twitter_misc":{"Dur\u00e9e de lecture estim\u00e9e":"2 minutes"},"schema":{"@context":"https:\/\/schema.org","@graph":[{"@type":"WebPage","@id":"https:\/\/www.present.ca\/fr\/solutions\/securite-geree-ti\/surveillance-du-dark-web\/","url":"https:\/\/www.present.ca\/fr\/solutions\/securite-geree-ti\/surveillance-du-dark-web\/","name":"Surveillance du Dark Web - Present","isPartOf":{"@id":"https:\/\/www.present.ca\/fr\/#website"},"datePublished":"2021-05-27T18:18:58+00:00","dateModified":"2024-08-06T18:50:28+00:00","description":"Surveillance du Dark Web. Nous scannons le Dark Web et prenons des mesures pour prot\u00e9ger votre entreprise contre les identifiants vol\u00e9s qui ont \u00e9t\u00e9 mis en vente.","breadcrumb":{"@id":"https:\/\/www.present.ca\/fr\/solutions\/securite-geree-ti\/surveillance-du-dark-web\/#breadcrumb"},"inLanguage":"fr-FR","potentialAction":[{"@type":"ReadAction","target":["https:\/\/www.present.ca\/fr\/solutions\/securite-geree-ti\/surveillance-du-dark-web\/"]}]},{"@type":"BreadcrumbList","@id":"https:\/\/www.present.ca\/fr\/solutions\/securite-geree-ti\/surveillance-du-dark-web\/#breadcrumb","itemListElement":[{"@type":"ListItem","position":1,"name":"Accueil","item":"https:\/\/www.present.ca\/fr\/"},{"@type":"ListItem","position":2,"name":"Solutions","item":"https:\/\/www.present.ca\/fr\/solutions\/"},{"@type":"ListItem","position":3,"name":"S\u00e9curit\u00e9 G\u00e9r\u00e9e TI","item":"https:\/\/www.present.ca\/fr\/solutions\/securite-geree-ti\/"},{"@type":"ListItem","position":4,"name":"Surveillance du Dark Web"}]},{"@type":"WebSite","@id":"https:\/\/www.present.ca\/fr\/#website","url":"https:\/\/www.present.ca\/fr\/","name":"Present","description":"Services G\u00e9r\u00e9s TI, S\u00e9curit\u00e9 G\u00e9r\u00e9e TI et Solutions de Cloud Hybride","potentialAction":[{"@type":"SearchAction","target":{"@type":"EntryPoint","urlTemplate":"https:\/\/www.present.ca\/fr\/?s={search_term_string}"},"query-input":{"@type":"PropertyValueSpecification","valueRequired":true,"valueName":"search_term_string"}}],"inLanguage":"fr-FR"}]}},"_links":{"self":[{"href":"https:\/\/www.present.ca\/fr\/wp-json\/wp\/v2\/pages\/22573","targetHints":{"allow":["GET"]}}],"collection":[{"href":"https:\/\/www.present.ca\/fr\/wp-json\/wp\/v2\/pages"}],"about":[{"href":"https:\/\/www.present.ca\/fr\/wp-json\/wp\/v2\/types\/page"}],"author":[{"embeddable":true,"href":"https:\/\/www.present.ca\/fr\/wp-json\/wp\/v2\/users\/3"}],"replies":[{"embeddable":true,"href":"https:\/\/www.present.ca\/fr\/wp-json\/wp\/v2\/comments?post=22573"}],"version-history":[{"count":3,"href":"https:\/\/www.present.ca\/fr\/wp-json\/wp\/v2\/pages\/22573\/revisions"}],"predecessor-version":[{"id":29461,"href":"https:\/\/www.present.ca\/fr\/wp-json\/wp\/v2\/pages\/22573\/revisions\/29461"}],"up":[{"embeddable":true,"href":"https:\/\/www.present.ca\/fr\/wp-json\/wp\/v2\/pages\/20134"}],"wp:attachment":[{"href":"https:\/\/www.present.ca\/fr\/wp-json\/wp\/v2\/media?parent=22573"}],"curies":[{"name":"wp","href":"https:\/\/api.w.org\/{rel}","templated":true}]}}