{"id":22568,"date":"2021-05-27T13:33:02","date_gmt":"2021-05-27T17:33:02","guid":{"rendered":"https:\/\/www.present.ca\/?page_id=22568"},"modified":"2021-06-01T15:44:28","modified_gmt":"2021-06-01T19:44:28","slug":"formation-de-sensibilisation-a-la-securite","status":"publish","type":"page","link":"https:\/\/www.present.ca\/fr\/solutions\/securite-geree-ti\/formation-de-sensibilisation-a-la-securite\/","title":{"rendered":"Formation de sensibilisation \u00e0 la s\u00e9curit\u00e9"},"content":{"rendered":"<p>[vc_row][vc_column]<div id=\"ultimate-heading-51236a04c56b15429\" class=\"uvc-heading ult-adjust-bottom-margin ultimate-heading-51236a04c56b15429 uvc-5737 \" data-hspacer=\"no_spacer\"  data-halign=\"center\" style=\"text-align:center\"><div class=\"uvc-heading-spacer no_spacer\" style=\"top\"><\/div><div class=\"uvc-main-heading ult-responsive\"  data-ultimate-target='.uvc-heading.ultimate-heading-51236a04c56b15429 h2'  data-responsive-json-new='{\"font-size\":\"\",\"line-height\":\"\"}' ><h2 style=\"font-weight:normal;\">Formation de sensibilisation \u00e0 la s\u00e9curit\u00e9 aux utilisateurs<\/h2><\/div><\/div>[vc_empty_space][vc_column_text]Transformez vos utilisateurs en super-h\u00e9ros de lutte contre la cybercriminalit\u00e9. L&rsquo;\u00e9ducation continu de sensibilisation \u00e0 la s\u00e9curit\u00e9 et les tests pr\u00e9viennent et att\u00e9nuent les risques pour les utilisateurs. Chaque employ\u00e9 doit comprendre comment il joue un r\u00f4le cl\u00e9 dans la lutte contre les failles de s\u00e9curit\u00e9.<\/p>\n<p>Nous collaborons avec Terranova Security, un leader du Magic Quadrant de Gartner, pour offrir un programme de formation personnalisable de haute qualit\u00e9.<\/p>\n<p>Gr\u00e2ce \u00e0 un contenu amusant et engageant, multilingue et accessible sur mobile, vos utilisateurs suivront une formation sur les meilleures pratiques TI et de s\u00e9curit\u00e9. Puisque nous savons que 91% des cyberattaques sont dues au phishing, les programmes de formation incluent des simulations de phishing pour apprendre aux utilisateurs \u00e0 se prot\u00e9ger contre les cybermenaces telles que le phishing, le spear phishing, les ransomwares, les logiciels malveillants, l&rsquo;ing\u00e9nierie sociale, etc.<\/p>\n<p><strong>Permettez \u00e0 vos employ\u00e9s de faire partie de la solution, pas du probl\u00e8me !<\/strong>[\/vc_column_text][\/vc_column][\/vc_row][vc_row][vc_column width=\u00a0\u00bb1\/6&Prime;][vc_empty_space][\/vc_column][vc_column width=\u00a0\u00bb2\/3&Prime;]<div id=\"ultimate-heading-51456a04c56b1548d\" class=\"uvc-heading ult-adjust-bottom-margin ultimate-heading-51456a04c56b1548d uvc-7917 \" data-hspacer=\"no_spacer\"  data-halign=\"center\" style=\"text-align:center\"><div class=\"uvc-heading-spacer no_spacer\" style=\"top\"><\/div><div class=\"uvc-main-heading ult-responsive\"  data-ultimate-target='.uvc-heading.ultimate-heading-51456a04c56b1548d h4'  data-responsive-json-new='{\"font-size\":\"\",\"line-height\":\"\"}' ><h4 style=\"font-weight:normal;\">DEMANDEZ UNE D\u00c9MO<\/h4><\/div><\/div>[vc_empty_space]\n<div class=\"wpcf7 no-js\" id=\"wpcf7-f22570-o1\" lang=\"en-CA\" dir=\"ltr\" data-wpcf7-id=\"22570\">\n<div class=\"screen-reader-response\"><p role=\"status\" aria-live=\"polite\" aria-atomic=\"true\"><\/p> <ul><\/ul><\/div>\n<form action=\"\/fr\/wp-json\/wp\/v2\/pages\/22568#wpcf7-f22570-o1\" method=\"post\" class=\"wpcf7-form init\" aria-label=\"Contact form\" novalidate=\"novalidate\" data-status=\"init\">\n<fieldset class=\"hidden-fields-container\"><input type=\"hidden\" name=\"_wpcf7\" value=\"22570\" \/><input type=\"hidden\" name=\"_wpcf7_version\" value=\"6.1.5\" \/><input type=\"hidden\" name=\"_wpcf7_locale\" value=\"en_CA\" \/><input type=\"hidden\" name=\"_wpcf7_unit_tag\" value=\"wpcf7-f22570-o1\" \/><input type=\"hidden\" name=\"_wpcf7_container_post\" value=\"0\" \/><input type=\"hidden\" name=\"_wpcf7_posted_data_hash\" value=\"\" \/>\n<\/fieldset>\n<p><label class=\"left\"><span class=\"wpcf7-form-control-wrap\" data-name=\"first-name\"><input size=\"40\" maxlength=\"400\" class=\"wpcf7-form-control wpcf7-text wpcf7-validates-as-required\" aria-required=\"true\" aria-invalid=\"false\" placeholder=\"Nom*\" value=\"\" type=\"text\" name=\"first-name\" \/><\/span> <\/label><label class=\"right\"><span class=\"wpcf7-form-control-wrap\" data-name=\"last-name\"><input size=\"40\" maxlength=\"400\" class=\"wpcf7-form-control wpcf7-text wpcf7-validates-as-required no-margin\" aria-required=\"true\" aria-invalid=\"false\" placeholder=\"Compagnie*\" value=\"\" type=\"text\" name=\"last-name\" \/><\/span> <\/label><br \/>\n<span class=\"clear\"><\/span><br \/>\n<label class=\"left\"><span class=\"wpcf7-form-control-wrap\" data-name=\"user-email\"><input size=\"40\" maxlength=\"400\" class=\"wpcf7-form-control wpcf7-email wpcf7-validates-as-required wpcf7-text wpcf7-validates-as-email\" aria-required=\"true\" aria-invalid=\"false\" placeholder=\"Courriel*\" value=\"\" type=\"email\" name=\"user-email\" \/><\/span> <\/label><label class=\"right\"><span class=\"wpcf7-form-control-wrap\" data-name=\"phone-number\"><input size=\"40\" maxlength=\"400\" class=\"wpcf7-form-control wpcf7-tel wpcf7-validates-as-required wpcf7-text wpcf7-validates-as-tel no-margin\" aria-required=\"true\" aria-invalid=\"false\" placeholder=\"T\u00e9l\u00e9phone*\" value=\"\" type=\"tel\" name=\"phone-number\" \/><\/span><\/label><br \/>\n<span class=\"clear\"><\/span>\n<\/p>\n<p><input class=\"wpcf7-form-control wpcf7-submit has-spinner\" type=\"submit\" value=\"Soumettre\" \/>\n<\/p><div class=\"wpcf7-response-output\" aria-hidden=\"true\"><\/div>\n<\/form>\n<\/div>\n[\/vc_column][vc_column width=\u00a0\u00bb1\/6&Prime;][vc_empty_space][\/vc_column][\/vc_row][vc_row full_width=\u00a0\u00bbstretch_row_content\u00a0\u00bb bg_type=\u00a0\u00bbbg_color\u00a0\u00bb el_class=\u00a0\u00bbtilt-pos-3-deg\u00a0\u00bb css=\u00a0\u00bb.vc_custom_1589311146719{padding-top: 0px !important;padding-bottom: 0px !important;}\u00a0\u00bb bg_color_value=\u00a0\u00bb#16a361&Prime;][vc_column][vc_empty_space]<div id=\"ultimate-heading-756a04c56b1ecfc\" class=\"uvc-heading ult-adjust-bottom-margin ultimate-heading-756a04c56b1ecfc uvc-5954 \" data-hspacer=\"no_spacer\"  data-halign=\"center\" style=\"text-align:center\"><div class=\"uvc-heading-spacer no_spacer\" style=\"top\"><\/div><div class=\"uvc-main-heading ult-responsive\"  data-ultimate-target='.uvc-heading.ultimate-heading-756a04c56b1ecfc h3'  data-responsive-json-new='{\"font-size\":\"\",\"line-height\":\"\"}' ><h3 style=\"font-weight:normal;margin-top:10px;margin-bottom:25px;\">Discutez avec un expert en s\u00e9curit\u00e9 TI<\/h3><\/div><\/div><div class=\" ubtn-ctn-center \"><a class=\"ubtn-link ult-adjust-bottom-margin ubtn-center ubtn-large \" href=\"\/contact-our-cybersecurity-experts\/\" title=\"Contact Present\" ><button type=\"button\" id=\"ubtn-1748\"  class=\"ubtn ult-adjust-bottom-margin ult-responsive ubtn-large ubtn-no-hover-bg  none  ubtn-center   tooltip-6a04c56b1ed57\"  data-hover=\"#ffffff\" data-border-color=\"#ffffff\" data-bg=\"#ffffff\" data-hover-bg=\"#000000\" data-border-hover=\"#ffffff\" data-shadow-hover=\"\" data-shadow-click=\"none\" data-shadow=\"\" data-shd-shadow=\"\"  data-ultimate-target='#ubtn-1748'  data-responsive-json-new='{\"font-size\":\"desktop:18px;\",\"line-height\":\"desktop:24px;\"}'  style=\"font-weight:bold;border-radius:5px;border-width:3px;border-color:#ffffff;border-style:solid;background: #ffffff;color: #16a361;\"><span class=\"ubtn-hover\" style=\"background-color:#000000\"><\/span><span class=\"ubtn-data ubtn-text \" >Parlons-en<\/span><\/button><\/a><\/div>[\/vc_column][\/vc_row]<\/p>\n","protected":false},"excerpt":{"rendered":"<p>[vc_row][vc_column][vc_empty_space][vc_column_text]Transformez vos utilisateurs en super-h\u00e9ros de lutte contre la cybercriminalit\u00e9. L&rsquo;\u00e9ducation continu de sensibilisation \u00e0 la s\u00e9curit\u00e9 et les tests pr\u00e9viennent et att\u00e9nuent les risques pour les utilisateurs. Chaque employ\u00e9 doit comprendre comment il joue un r\u00f4le cl\u00e9 dans la lutte contre les failles de s\u00e9curit\u00e9. Nous collaborons avec Terranova Security, un leader du Magic [&#8230;]<\/p>\n","protected":false},"author":3,"featured_media":0,"parent":20134,"menu_order":0,"comment_status":"closed","ping_status":"closed","template":"","meta":{"_acf_changed":false,"footnotes":"","_wp_rev_ctl_limit":""},"class_list":["post-22568","page","type-page","status-publish","hentry"],"acf":[],"yoast_head":"<!-- This site is optimized with the Yoast SEO plugin v27.3 - https:\/\/yoast.com\/product\/yoast-seo-wordpress\/ -->\n<title>Formation de sensibilisation \u00e0 la s\u00e9curit\u00e9 - Present<\/title>\n<meta name=\"description\" content=\"La pr\u00e9vention doit faire partie de toute strat\u00e9gie de s\u00e9curit\u00e9. Nous proposons une solution de formation en ligne, comprenant des simulations de phishing dans le monde r\u00e9el. Formez vos utilisateurs et souvent !\" \/>\n<meta name=\"robots\" content=\"index, follow, max-snippet:-1, max-image-preview:large, max-video-preview:-1\" \/>\n<link rel=\"canonical\" href=\"https:\/\/www.present.ca\/fr\/solutions\/securite-geree-ti\/formation-de-sensibilisation-a-la-securite\/\" \/>\n<meta property=\"og:locale\" content=\"fr_FR\" \/>\n<meta property=\"og:type\" content=\"article\" \/>\n<meta property=\"og:title\" content=\"Formation de sensibilisation \u00e0 la s\u00e9curit\u00e9 - Present\" \/>\n<meta property=\"og:description\" content=\"La pr\u00e9vention doit faire partie de toute strat\u00e9gie de s\u00e9curit\u00e9. Nous proposons une solution de formation en ligne, comprenant des simulations de phishing dans le monde r\u00e9el. Formez vos utilisateurs et souvent !\" \/>\n<meta property=\"og:url\" content=\"https:\/\/www.present.ca\/fr\/solutions\/securite-geree-ti\/formation-de-sensibilisation-a-la-securite\/\" \/>\n<meta property=\"og:site_name\" content=\"Present\" \/>\n<meta property=\"article:modified_time\" content=\"2021-06-01T19:44:28+00:00\" \/>\n<meta name=\"twitter:card\" content=\"summary_large_image\" \/>\n<meta name=\"twitter:label1\" content=\"Dur\u00e9e de lecture estim\u00e9e\" \/>\n\t<meta name=\"twitter:data1\" content=\"1 minute\" \/>\n<script type=\"application\/ld+json\" class=\"yoast-schema-graph\">{\"@context\":\"https:\\\/\\\/schema.org\",\"@graph\":[{\"@type\":\"WebPage\",\"@id\":\"https:\\\/\\\/www.present.ca\\\/fr\\\/solutions\\\/securite-geree-ti\\\/formation-de-sensibilisation-a-la-securite\\\/\",\"url\":\"https:\\\/\\\/www.present.ca\\\/fr\\\/solutions\\\/securite-geree-ti\\\/formation-de-sensibilisation-a-la-securite\\\/\",\"name\":\"Formation de sensibilisation \u00e0 la s\u00e9curit\u00e9 - Present\",\"isPartOf\":{\"@id\":\"https:\\\/\\\/www.present.ca\\\/fr\\\/#website\"},\"datePublished\":\"2021-05-27T17:33:02+00:00\",\"dateModified\":\"2021-06-01T19:44:28+00:00\",\"description\":\"La pr\u00e9vention doit faire partie de toute strat\u00e9gie de s\u00e9curit\u00e9. Nous proposons une solution de formation en ligne, comprenant des simulations de phishing dans le monde r\u00e9el. Formez vos utilisateurs et souvent !\",\"breadcrumb\":{\"@id\":\"https:\\\/\\\/www.present.ca\\\/fr\\\/solutions\\\/securite-geree-ti\\\/formation-de-sensibilisation-a-la-securite\\\/#breadcrumb\"},\"inLanguage\":\"fr-FR\",\"potentialAction\":[{\"@type\":\"ReadAction\",\"target\":[\"https:\\\/\\\/www.present.ca\\\/fr\\\/solutions\\\/securite-geree-ti\\\/formation-de-sensibilisation-a-la-securite\\\/\"]}]},{\"@type\":\"BreadcrumbList\",\"@id\":\"https:\\\/\\\/www.present.ca\\\/fr\\\/solutions\\\/securite-geree-ti\\\/formation-de-sensibilisation-a-la-securite\\\/#breadcrumb\",\"itemListElement\":[{\"@type\":\"ListItem\",\"position\":1,\"name\":\"Accueil\",\"item\":\"https:\\\/\\\/www.present.ca\\\/fr\\\/\"},{\"@type\":\"ListItem\",\"position\":2,\"name\":\"Solutions\",\"item\":\"https:\\\/\\\/www.present.ca\\\/fr\\\/solutions\\\/\"},{\"@type\":\"ListItem\",\"position\":3,\"name\":\"S\u00e9curit\u00e9 G\u00e9r\u00e9e TI\",\"item\":\"https:\\\/\\\/www.present.ca\\\/fr\\\/solutions\\\/securite-geree-ti\\\/\"},{\"@type\":\"ListItem\",\"position\":4,\"name\":\"Formation de sensibilisation \u00e0 la s\u00e9curit\u00e9\"}]},{\"@type\":\"WebSite\",\"@id\":\"https:\\\/\\\/www.present.ca\\\/fr\\\/#website\",\"url\":\"https:\\\/\\\/www.present.ca\\\/fr\\\/\",\"name\":\"Present\",\"description\":\"Services G\u00e9r\u00e9s TI, S\u00e9curit\u00e9 G\u00e9r\u00e9e TI et Solutions de Cloud Hybride\",\"potentialAction\":[{\"@type\":\"SearchAction\",\"target\":{\"@type\":\"EntryPoint\",\"urlTemplate\":\"https:\\\/\\\/www.present.ca\\\/fr\\\/?s={search_term_string}\"},\"query-input\":{\"@type\":\"PropertyValueSpecification\",\"valueRequired\":true,\"valueName\":\"search_term_string\"}}],\"inLanguage\":\"fr-FR\"}]}<\/script>\n<!-- \/ Yoast SEO plugin. -->","yoast_head_json":{"title":"Formation de sensibilisation \u00e0 la s\u00e9curit\u00e9 - Present","description":"La pr\u00e9vention doit faire partie de toute strat\u00e9gie de s\u00e9curit\u00e9. Nous proposons une solution de formation en ligne, comprenant des simulations de phishing dans le monde r\u00e9el. Formez vos utilisateurs et souvent !","robots":{"index":"index","follow":"follow","max-snippet":"max-snippet:-1","max-image-preview":"max-image-preview:large","max-video-preview":"max-video-preview:-1"},"canonical":"https:\/\/www.present.ca\/fr\/solutions\/securite-geree-ti\/formation-de-sensibilisation-a-la-securite\/","og_locale":"fr_FR","og_type":"article","og_title":"Formation de sensibilisation \u00e0 la s\u00e9curit\u00e9 - Present","og_description":"La pr\u00e9vention doit faire partie de toute strat\u00e9gie de s\u00e9curit\u00e9. Nous proposons une solution de formation en ligne, comprenant des simulations de phishing dans le monde r\u00e9el. Formez vos utilisateurs et souvent !","og_url":"https:\/\/www.present.ca\/fr\/solutions\/securite-geree-ti\/formation-de-sensibilisation-a-la-securite\/","og_site_name":"Present","article_modified_time":"2021-06-01T19:44:28+00:00","twitter_card":"summary_large_image","twitter_misc":{"Dur\u00e9e de lecture estim\u00e9e":"1 minute"},"schema":{"@context":"https:\/\/schema.org","@graph":[{"@type":"WebPage","@id":"https:\/\/www.present.ca\/fr\/solutions\/securite-geree-ti\/formation-de-sensibilisation-a-la-securite\/","url":"https:\/\/www.present.ca\/fr\/solutions\/securite-geree-ti\/formation-de-sensibilisation-a-la-securite\/","name":"Formation de sensibilisation \u00e0 la s\u00e9curit\u00e9 - Present","isPartOf":{"@id":"https:\/\/www.present.ca\/fr\/#website"},"datePublished":"2021-05-27T17:33:02+00:00","dateModified":"2021-06-01T19:44:28+00:00","description":"La pr\u00e9vention doit faire partie de toute strat\u00e9gie de s\u00e9curit\u00e9. Nous proposons une solution de formation en ligne, comprenant des simulations de phishing dans le monde r\u00e9el. Formez vos utilisateurs et souvent !","breadcrumb":{"@id":"https:\/\/www.present.ca\/fr\/solutions\/securite-geree-ti\/formation-de-sensibilisation-a-la-securite\/#breadcrumb"},"inLanguage":"fr-FR","potentialAction":[{"@type":"ReadAction","target":["https:\/\/www.present.ca\/fr\/solutions\/securite-geree-ti\/formation-de-sensibilisation-a-la-securite\/"]}]},{"@type":"BreadcrumbList","@id":"https:\/\/www.present.ca\/fr\/solutions\/securite-geree-ti\/formation-de-sensibilisation-a-la-securite\/#breadcrumb","itemListElement":[{"@type":"ListItem","position":1,"name":"Accueil","item":"https:\/\/www.present.ca\/fr\/"},{"@type":"ListItem","position":2,"name":"Solutions","item":"https:\/\/www.present.ca\/fr\/solutions\/"},{"@type":"ListItem","position":3,"name":"S\u00e9curit\u00e9 G\u00e9r\u00e9e TI","item":"https:\/\/www.present.ca\/fr\/solutions\/securite-geree-ti\/"},{"@type":"ListItem","position":4,"name":"Formation de sensibilisation \u00e0 la s\u00e9curit\u00e9"}]},{"@type":"WebSite","@id":"https:\/\/www.present.ca\/fr\/#website","url":"https:\/\/www.present.ca\/fr\/","name":"Present","description":"Services G\u00e9r\u00e9s TI, S\u00e9curit\u00e9 G\u00e9r\u00e9e TI et Solutions de Cloud Hybride","potentialAction":[{"@type":"SearchAction","target":{"@type":"EntryPoint","urlTemplate":"https:\/\/www.present.ca\/fr\/?s={search_term_string}"},"query-input":{"@type":"PropertyValueSpecification","valueRequired":true,"valueName":"search_term_string"}}],"inLanguage":"fr-FR"}]}},"_links":{"self":[{"href":"https:\/\/www.present.ca\/fr\/wp-json\/wp\/v2\/pages\/22568","targetHints":{"allow":["GET"]}}],"collection":[{"href":"https:\/\/www.present.ca\/fr\/wp-json\/wp\/v2\/pages"}],"about":[{"href":"https:\/\/www.present.ca\/fr\/wp-json\/wp\/v2\/types\/page"}],"author":[{"embeddable":true,"href":"https:\/\/www.present.ca\/fr\/wp-json\/wp\/v2\/users\/3"}],"replies":[{"embeddable":true,"href":"https:\/\/www.present.ca\/fr\/wp-json\/wp\/v2\/comments?post=22568"}],"version-history":[{"count":3,"href":"https:\/\/www.present.ca\/fr\/wp-json\/wp\/v2\/pages\/22568\/revisions"}],"predecessor-version":[{"id":22572,"href":"https:\/\/www.present.ca\/fr\/wp-json\/wp\/v2\/pages\/22568\/revisions\/22572"}],"up":[{"embeddable":true,"href":"https:\/\/www.present.ca\/fr\/wp-json\/wp\/v2\/pages\/20134"}],"wp:attachment":[{"href":"https:\/\/www.present.ca\/fr\/wp-json\/wp\/v2\/media?parent=22568"}],"curies":[{"name":"wp","href":"https:\/\/api.w.org\/{rel}","templated":true}]}}