{"id":22566,"date":"2021-05-26T15:14:53","date_gmt":"2021-05-26T19:14:53","guid":{"rendered":"https:\/\/www.present.ca\/?page_id=22566"},"modified":"2021-06-01T15:26:25","modified_gmt":"2021-06-01T19:26:25","slug":"authentification-multifacteur","status":"publish","type":"page","link":"https:\/\/www.present.ca\/fr\/solutions\/securite-geree-ti\/authentification-multifacteur\/","title":{"rendered":"Authentification multifacteur"},"content":{"rendered":"<p>[vc_row][vc_column]<div id=\"ultimate-heading-918969f2bb9c92a12\" class=\"uvc-heading ult-adjust-bottom-margin ultimate-heading-918969f2bb9c92a12 uvc-7410 \" data-hspacer=\"no_spacer\"  data-halign=\"center\" style=\"text-align:center\"><div class=\"uvc-heading-spacer no_spacer\" style=\"top\"><\/div><div class=\"uvc-main-heading ult-responsive\"  data-ultimate-target='.uvc-heading.ultimate-heading-918969f2bb9c92a12 h2'  data-responsive-json-new='{\"font-size\":\"\",\"line-height\":\"\"}' ><h2 style=\"font-weight:normal;\">Authentification multifacteur<\/h2><\/div><\/div>[vc_empty_space][vc_column_text]Une solution d\u2019authentification multifacteur (MFA) am\u00e9liore la s\u00e9curit\u00e9 de l\u2019entreprise en ajoutant une couche de s\u00e9curit\u00e9 suppl\u00e9mentaire aux applications en ligne de chaque utilisateur. Cela permet de garantir que tous ceux qui acc\u00e8dent aux informations de l&rsquo;entreprise sont vraiment ce qu&rsquo;ils pr\u00e9tendent \u00eatre, ce qui contribue \u00e0 r\u00e9duire le risque de la compromission de compte.[\/vc_column_text][vc_empty_space]<div id=\"ultimate-heading-931269f2bb9c92a5b\" class=\"uvc-heading ult-adjust-bottom-margin ultimate-heading-931269f2bb9c92a5b uvc-5974 \" data-hspacer=\"no_spacer\"  data-halign=\"center\" style=\"text-align:center\"><div class=\"uvc-heading-spacer no_spacer\" style=\"top\"><\/div><div class=\"uvc-sub-heading ult-responsive\"  data-ultimate-target='.uvc-heading.ultimate-heading-931269f2bb9c92a5b .uvc-sub-heading '  data-responsive-json-new='{\"font-size\":\"\",\"line-height\":\"\"}'  style=\"font-weight:normal;\"><\/p>\n<h4 style=\"text-align: center;\"><span lang=\"FR-CA\">B\u00e9n\u00e9fices du MFA<\/span><\/h4>\n<p><\/div><\/div>[vc_row_inner][vc_column_inner width=\u00a0\u00bb1\/4&Prime;][vc_column_text]<\/p>\n<h5 style=\"text-align: center;\">Prot\u00e8ge contre le vol d&rsquo;identit\u00e9.<\/h5>\n<p style=\"text-align: center;\">Les cybercriminels ont du mal \u00e0 d\u00e9chiffrer le TOTP car il est envoy\u00e9 via SMS ou appel t\u00e9l\u00e9phonique, ajoutant une couche de protection suppl\u00e9mentaire importante.<\/p>\n<p>[\/vc_column_text][\/vc_column_inner][vc_column_inner width=\u00a0\u00bb1\/4&Prime;][vc_column_text]<\/p>\n<h5 style=\"text-align: center;\">Conforme \u00e0 une solution SSO<\/h5>\n<p style=\"text-align: center;\">Vos utilisateurs n&rsquo;ont plus \u00e0 cr\u00e9er plusieurs mots de passe complexes pour diff\u00e9rentes applications, ce qui permet de gagner du temps.<\/p>\n<p>[\/vc_column_text][\/vc_column_inner][vc_column_inner width=\u00a0\u00bb1\/4&Prime;][vc_column_text]<\/p>\n<h5 style=\"text-align: center;\">Atteindre la conformit\u00e9<\/h5>\n<p style=\"text-align: center;\">Le MFA est une exigence cl\u00e9 pour se conformer \u00e0 certaines r\u00e9glementations.<\/p>\n<p>[\/vc_column_text][\/vc_column_inner][vc_column_inner width=\u00a0\u00bb1\/4&Prime;][vc_column_text]<\/p>\n<h5 style=\"text-align: center;\">S\u00e9curise les utilisateurs, m\u00eame \u00e0 distance<\/h5>\n<p style=\"text-align: center;\">Ajoute une s\u00e9curit\u00e9 de niveau sup\u00e9rieur lorsque les utilisateurs travaillent \u00e0 distance, ce qui est souvent le moment que les cybercriminels tentent d&rsquo;acc\u00e9der \u00e0 un syst\u00e8me.<\/p>\n<p>&nbsp;[\/vc_column_text][\/vc_column_inner][\/vc_row_inner][\/vc_column][\/vc_row][vc_row full_width=\u00a0\u00bbstretch_row_content\u00a0\u00bb bg_type=\u00a0\u00bbbg_color\u00a0\u00bb el_class=\u00a0\u00bbtilt-pos-3-deg\u00a0\u00bb css=\u00a0\u00bb.vc_custom_1589311146719{padding-top: 0px !important;padding-bottom: 0px !important;}\u00a0\u00bb bg_color_value=\u00a0\u00bb#16a361&Prime;][vc_column][vc_empty_space]<div id=\"ultimate-heading-193169f2bb9c92a86\" class=\"uvc-heading ult-adjust-bottom-margin ultimate-heading-193169f2bb9c92a86 uvc-3208 \" data-hspacer=\"no_spacer\"  data-halign=\"center\" style=\"text-align:center\"><div class=\"uvc-heading-spacer no_spacer\" style=\"top\"><\/div><div class=\"uvc-main-heading ult-responsive\"  data-ultimate-target='.uvc-heading.ultimate-heading-193169f2bb9c92a86 h3'  data-responsive-json-new='{\"font-size\":\"\",\"line-height\":\"\"}' ><h3 style=\"font-weight:normal;margin-top:10px;margin-bottom:25px;\">Discutez avec un expert en s\u00e9curit\u00e9 TI<\/h3><\/div><\/div><div class=\" ubtn-ctn-center \"><a class=\"ubtn-link ult-adjust-bottom-margin ubtn-center ubtn-large \" href=\"\/contact-our-cybersecurity-experts\/\" title=\"Contact Present\" ><button type=\"button\" id=\"ubtn-8696\"  class=\"ubtn ult-adjust-bottom-margin ult-responsive ubtn-large ubtn-no-hover-bg  none  ubtn-center   tooltip-69f2bb9c92ab4\"  data-hover=\"#ffffff\" data-border-color=\"#ffffff\" data-bg=\"#ffffff\" data-hover-bg=\"#000000\" data-border-hover=\"#ffffff\" data-shadow-hover=\"\" data-shadow-click=\"none\" data-shadow=\"\" data-shd-shadow=\"\"  data-ultimate-target='#ubtn-8696'  data-responsive-json-new='{\"font-size\":\"desktop:18px;\",\"line-height\":\"desktop:24px;\"}'  style=\"font-weight:bold;border-radius:5px;border-width:3px;border-color:#ffffff;border-style:solid;background: #ffffff;color: #16a361;\"><span class=\"ubtn-hover\" style=\"background-color:#000000\"><\/span><span class=\"ubtn-data ubtn-text \" >Parlons-en<\/span><\/button><\/a><\/div>[\/vc_column][\/vc_row]<\/p>\n","protected":false},"excerpt":{"rendered":"<p>[vc_row][vc_column][vc_empty_space][vc_column_text]Une solution d\u2019authentification multifacteur (MFA) am\u00e9liore la s\u00e9curit\u00e9 de l\u2019entreprise en ajoutant une couche de s\u00e9curit\u00e9 suppl\u00e9mentaire aux applications en ligne de chaque utilisateur. Cela permet de garantir que tous ceux qui acc\u00e8dent aux informations de l&rsquo;entreprise sont vraiment ce qu&rsquo;ils pr\u00e9tendent \u00eatre, ce qui contribue \u00e0 r\u00e9duire le risque de la compromission de compte.[\/vc_column_text][vc_empty_space][vc_row_inner][vc_column_inner [&#8230;]<\/p>\n","protected":false},"author":3,"featured_media":0,"parent":20134,"menu_order":0,"comment_status":"closed","ping_status":"closed","template":"","meta":{"_acf_changed":false,"footnotes":"","_wp_rev_ctl_limit":""},"class_list":["post-22566","page","type-page","status-publish","hentry"],"acf":[],"yoast_head":"<!-- This site is optimized with the Yoast SEO plugin v27.3 - https:\/\/yoast.com\/product\/yoast-seo-wordpress\/ -->\n<title>Authentification multifacteur - Present<\/title>\n<meta name=\"description\" content=\"MFA ajoute une couche de protection suppl\u00e9mentaire pour garantir que m\u00eame si vos mots de passe sont compromis, vos donn\u00e9es restent prot\u00e9g\u00e9es. S\u00e9curiser votre messagerie.\" \/>\n<meta name=\"robots\" content=\"index, follow, max-snippet:-1, max-image-preview:large, max-video-preview:-1\" \/>\n<link rel=\"canonical\" href=\"https:\/\/www.present.ca\/fr\/solutions\/securite-geree-ti\/authentification-multifacteur\/\" \/>\n<meta property=\"og:locale\" content=\"fr_FR\" \/>\n<meta property=\"og:type\" content=\"article\" \/>\n<meta property=\"og:title\" content=\"Authentification multifacteur - Present\" \/>\n<meta property=\"og:description\" content=\"MFA ajoute une couche de protection suppl\u00e9mentaire pour garantir que m\u00eame si vos mots de passe sont compromis, vos donn\u00e9es restent prot\u00e9g\u00e9es. S\u00e9curiser votre messagerie.\" \/>\n<meta property=\"og:url\" content=\"https:\/\/www.present.ca\/fr\/solutions\/securite-geree-ti\/authentification-multifacteur\/\" \/>\n<meta property=\"og:site_name\" content=\"Present\" \/>\n<meta property=\"article:modified_time\" content=\"2021-06-01T19:26:25+00:00\" \/>\n<meta name=\"twitter:card\" content=\"summary_large_image\" \/>\n<meta name=\"twitter:label1\" content=\"Dur\u00e9e de lecture estim\u00e9e\" \/>\n\t<meta name=\"twitter:data1\" content=\"1 minute\" \/>\n<script type=\"application\/ld+json\" class=\"yoast-schema-graph\">{\"@context\":\"https:\\\/\\\/schema.org\",\"@graph\":[{\"@type\":\"WebPage\",\"@id\":\"https:\\\/\\\/www.present.ca\\\/fr\\\/solutions\\\/securite-geree-ti\\\/authentification-multifacteur\\\/\",\"url\":\"https:\\\/\\\/www.present.ca\\\/fr\\\/solutions\\\/securite-geree-ti\\\/authentification-multifacteur\\\/\",\"name\":\"Authentification multifacteur - Present\",\"isPartOf\":{\"@id\":\"https:\\\/\\\/www.present.ca\\\/fr\\\/#website\"},\"datePublished\":\"2021-05-26T19:14:53+00:00\",\"dateModified\":\"2021-06-01T19:26:25+00:00\",\"description\":\"MFA ajoute une couche de protection suppl\u00e9mentaire pour garantir que m\u00eame si vos mots de passe sont compromis, vos donn\u00e9es restent prot\u00e9g\u00e9es. S\u00e9curiser votre messagerie.\",\"breadcrumb\":{\"@id\":\"https:\\\/\\\/www.present.ca\\\/fr\\\/solutions\\\/securite-geree-ti\\\/authentification-multifacteur\\\/#breadcrumb\"},\"inLanguage\":\"fr-FR\",\"potentialAction\":[{\"@type\":\"ReadAction\",\"target\":[\"https:\\\/\\\/www.present.ca\\\/fr\\\/solutions\\\/securite-geree-ti\\\/authentification-multifacteur\\\/\"]}]},{\"@type\":\"BreadcrumbList\",\"@id\":\"https:\\\/\\\/www.present.ca\\\/fr\\\/solutions\\\/securite-geree-ti\\\/authentification-multifacteur\\\/#breadcrumb\",\"itemListElement\":[{\"@type\":\"ListItem\",\"position\":1,\"name\":\"Accueil\",\"item\":\"https:\\\/\\\/www.present.ca\\\/fr\\\/\"},{\"@type\":\"ListItem\",\"position\":2,\"name\":\"Solutions\",\"item\":\"https:\\\/\\\/www.present.ca\\\/fr\\\/solutions\\\/\"},{\"@type\":\"ListItem\",\"position\":3,\"name\":\"S\u00e9curit\u00e9 G\u00e9r\u00e9e TI\",\"item\":\"https:\\\/\\\/www.present.ca\\\/fr\\\/solutions\\\/securite-geree-ti\\\/\"},{\"@type\":\"ListItem\",\"position\":4,\"name\":\"Authentification multifacteur\"}]},{\"@type\":\"WebSite\",\"@id\":\"https:\\\/\\\/www.present.ca\\\/fr\\\/#website\",\"url\":\"https:\\\/\\\/www.present.ca\\\/fr\\\/\",\"name\":\"Present\",\"description\":\"Services G\u00e9r\u00e9s TI, S\u00e9curit\u00e9 G\u00e9r\u00e9e TI et Solutions de Cloud Hybride\",\"potentialAction\":[{\"@type\":\"SearchAction\",\"target\":{\"@type\":\"EntryPoint\",\"urlTemplate\":\"https:\\\/\\\/www.present.ca\\\/fr\\\/?s={search_term_string}\"},\"query-input\":{\"@type\":\"PropertyValueSpecification\",\"valueRequired\":true,\"valueName\":\"search_term_string\"}}],\"inLanguage\":\"fr-FR\"}]}<\/script>\n<!-- \/ Yoast SEO plugin. -->","yoast_head_json":{"title":"Authentification multifacteur - Present","description":"MFA ajoute une couche de protection suppl\u00e9mentaire pour garantir que m\u00eame si vos mots de passe sont compromis, vos donn\u00e9es restent prot\u00e9g\u00e9es. S\u00e9curiser votre messagerie.","robots":{"index":"index","follow":"follow","max-snippet":"max-snippet:-1","max-image-preview":"max-image-preview:large","max-video-preview":"max-video-preview:-1"},"canonical":"https:\/\/www.present.ca\/fr\/solutions\/securite-geree-ti\/authentification-multifacteur\/","og_locale":"fr_FR","og_type":"article","og_title":"Authentification multifacteur - Present","og_description":"MFA ajoute une couche de protection suppl\u00e9mentaire pour garantir que m\u00eame si vos mots de passe sont compromis, vos donn\u00e9es restent prot\u00e9g\u00e9es. S\u00e9curiser votre messagerie.","og_url":"https:\/\/www.present.ca\/fr\/solutions\/securite-geree-ti\/authentification-multifacteur\/","og_site_name":"Present","article_modified_time":"2021-06-01T19:26:25+00:00","twitter_card":"summary_large_image","twitter_misc":{"Dur\u00e9e de lecture estim\u00e9e":"1 minute"},"schema":{"@context":"https:\/\/schema.org","@graph":[{"@type":"WebPage","@id":"https:\/\/www.present.ca\/fr\/solutions\/securite-geree-ti\/authentification-multifacteur\/","url":"https:\/\/www.present.ca\/fr\/solutions\/securite-geree-ti\/authentification-multifacteur\/","name":"Authentification multifacteur - Present","isPartOf":{"@id":"https:\/\/www.present.ca\/fr\/#website"},"datePublished":"2021-05-26T19:14:53+00:00","dateModified":"2021-06-01T19:26:25+00:00","description":"MFA ajoute une couche de protection suppl\u00e9mentaire pour garantir que m\u00eame si vos mots de passe sont compromis, vos donn\u00e9es restent prot\u00e9g\u00e9es. S\u00e9curiser votre messagerie.","breadcrumb":{"@id":"https:\/\/www.present.ca\/fr\/solutions\/securite-geree-ti\/authentification-multifacteur\/#breadcrumb"},"inLanguage":"fr-FR","potentialAction":[{"@type":"ReadAction","target":["https:\/\/www.present.ca\/fr\/solutions\/securite-geree-ti\/authentification-multifacteur\/"]}]},{"@type":"BreadcrumbList","@id":"https:\/\/www.present.ca\/fr\/solutions\/securite-geree-ti\/authentification-multifacteur\/#breadcrumb","itemListElement":[{"@type":"ListItem","position":1,"name":"Accueil","item":"https:\/\/www.present.ca\/fr\/"},{"@type":"ListItem","position":2,"name":"Solutions","item":"https:\/\/www.present.ca\/fr\/solutions\/"},{"@type":"ListItem","position":3,"name":"S\u00e9curit\u00e9 G\u00e9r\u00e9e TI","item":"https:\/\/www.present.ca\/fr\/solutions\/securite-geree-ti\/"},{"@type":"ListItem","position":4,"name":"Authentification multifacteur"}]},{"@type":"WebSite","@id":"https:\/\/www.present.ca\/fr\/#website","url":"https:\/\/www.present.ca\/fr\/","name":"Present","description":"Services G\u00e9r\u00e9s TI, S\u00e9curit\u00e9 G\u00e9r\u00e9e TI et Solutions de Cloud Hybride","potentialAction":[{"@type":"SearchAction","target":{"@type":"EntryPoint","urlTemplate":"https:\/\/www.present.ca\/fr\/?s={search_term_string}"},"query-input":{"@type":"PropertyValueSpecification","valueRequired":true,"valueName":"search_term_string"}}],"inLanguage":"fr-FR"}]}},"_links":{"self":[{"href":"https:\/\/www.present.ca\/fr\/wp-json\/wp\/v2\/pages\/22566","targetHints":{"allow":["GET"]}}],"collection":[{"href":"https:\/\/www.present.ca\/fr\/wp-json\/wp\/v2\/pages"}],"about":[{"href":"https:\/\/www.present.ca\/fr\/wp-json\/wp\/v2\/types\/page"}],"author":[{"embeddable":true,"href":"https:\/\/www.present.ca\/fr\/wp-json\/wp\/v2\/users\/3"}],"replies":[{"embeddable":true,"href":"https:\/\/www.present.ca\/fr\/wp-json\/wp\/v2\/comments?post=22566"}],"version-history":[{"count":1,"href":"https:\/\/www.present.ca\/fr\/wp-json\/wp\/v2\/pages\/22566\/revisions"}],"predecessor-version":[{"id":22567,"href":"https:\/\/www.present.ca\/fr\/wp-json\/wp\/v2\/pages\/22566\/revisions\/22567"}],"up":[{"embeddable":true,"href":"https:\/\/www.present.ca\/fr\/wp-json\/wp\/v2\/pages\/20134"}],"wp:attachment":[{"href":"https:\/\/www.present.ca\/fr\/wp-json\/wp\/v2\/media?parent=22566"}],"curies":[{"name":"wp","href":"https:\/\/api.w.org\/{rel}","templated":true}]}}