{"id":22434,"date":"2021-05-18T09:31:33","date_gmt":"2021-05-18T13:31:33","guid":{"rendered":"https:\/\/www.present.ca\/?page_id=22434"},"modified":"2024-01-03T15:44:34","modified_gmt":"2024-01-03T20:44:34","slug":"36-attaques-bloquees-en-un-temps-record","status":"publish","type":"page","link":"https:\/\/www.present.ca\/fr\/ressources\/etude-de-cas\/36-attaques-bloquees-en-un-temps-record\/","title":{"rendered":"36 attaques bloqu\u00e9es en un temps record"},"content":{"rendered":"<p>[vc_row][vc_column]<div id=\"ultimate-heading-871869fb50db1ea57\" class=\"uvc-heading ult-adjust-bottom-margin ultimate-heading-871869fb50db1ea57 uvc-2131 cursive\" data-hspacer=\"no_spacer\"  data-halign=\"center\" style=\"text-align:center\"><div class=\"uvc-heading-spacer no_spacer\" style=\"top\"><\/div><div class=\"uvc-main-heading ult-responsive\"  data-ultimate-target='.uvc-heading.ultimate-heading-871869fb50db1ea57 h2'  data-responsive-json-new='{\"font-size\":\"\",\"line-height\":\"\"}' ><h2 style=\"font-weight:normal;\">Industrie: Construction<\/h2><\/div><div class=\"uvc-sub-heading ult-responsive\"  data-ultimate-target='.uvc-heading.ultimate-heading-871869fb50db1ea57 .uvc-sub-heading '  data-responsive-json-new='{\"font-size\":\"\",\"line-height\":\"\"}'  style=\"font-weight:normal;\"><\/p>\n<h4>Le cas r\u00e9el d&rsquo;une cyberattaque arr\u00eat\u00e9e<\/h4>\n<p><\/div><\/div>[\/vc_column][\/vc_row][vc_row][vc_column width=\u00a0\u00bb1\/3&Prime;][vc_column_text]<strong>D\u00e9fis\u00a0: <\/strong><\/p>\n<ul>\n<li>En raison de l&rsquo;augmentation du nombre d&#8217;employ\u00e9s travaillant \u00e0 domicile, les employ\u00e9s utilisent parfois leur ordinateur de travail \u00e0 des fins personnelles. Cela met les entreprises en danger, car leurs donn\u00e9es d&rsquo;entreprise peuvent \u00eatre plus facilement acc\u00e9d\u00e9es via des connexions VPN.<\/li>\n<li>La compagnie utilisait la solution MDR de Present depuis quelques mois et l\u2019\u00e9quipe SOC a \u00e9t\u00e9 alert\u00e9e en pleine nuit d\u2019un comportement anormal sur le serveur terminal du client. L&rsquo;agent a rep\u00e9r\u00e9 des menaces potentielles lorsqu&rsquo;un utilisateur s&rsquo;\u00e9tait connect\u00e9 au r\u00e9seau et essayait d&rsquo;envoyer des commandes \u00e0 d&rsquo;autres serveur \u00e0 distance ; tout en demandant \u00e9galement d&rsquo;\u00e9lever ses droits d&rsquo;acc\u00e8s.<\/li>\n<\/ul>\n<p>[\/vc_column_text][\/vc_column][vc_column width=\u00a0\u00bb1\/3&Prime;][vc_column_text]<strong>Solution:<\/strong><\/p>\n<ul>\n<li>Le point de terminaison potentiellement infect\u00e9 a \u00e9t\u00e9 trac\u00e9, les 36 attaques simultan\u00e9es ont \u00e9t\u00e9 imm\u00e9diatement arr\u00eat\u00e9es et le poste de travail \u00e0 \u00e9t\u00e9 mis en quarantaine. Une fois l&rsquo;attaque confirm\u00e9e, notre \u00e9quipe SOC a continu\u00e9 d&rsquo;analyser et d&rsquo;enqu\u00eater pour s&rsquo;assurer que tout est revenu \u00e0 la normale et qu&rsquo;il n&rsquo;y a pas d\u2019autre menace pour le client.<\/li>\n<li>Une fois l&rsquo;environnement s\u00e9curis\u00e9, notre \u00e9quipe appelle le client pour l&rsquo;informer de la situation. Ils n\u2019avaient m\u00eame pas r\u00e9alis\u00e9 qu\u2019ils avaient \u00e9t\u00e9 victimes d\u2019une tentative de cyberattaque.<\/li>\n<\/ul>\n<p>[\/vc_column_text][\/vc_column][vc_column width=\u00a0\u00bb1\/3&Prime;][vc_column_text]<strong>B\u00e9n\u00e9fices<\/strong>:<\/p>\n<ul>\n<li>Personne ne peut emp\u00eacher les tentatives de ransomware, mais le client a consid\u00e9rablement r\u00e9duit son exposition aux risques gr\u00e2ce \u00e0 cette s\u00e9curit\u00e9 active qui est la plus \u00e9lev\u00e9e.<\/li>\n<li>Tranquillit\u00e9 d&rsquo;esprit en sachant qu&rsquo;ils disposent d&rsquo;une \u00e9quipe d&rsquo;experts en s\u00e9curit\u00e9 surveillant et d\u00e9tectant toutes les menaces connues et inconnues 24h \/ 24 et 7j \/ 7 et que leurs donn\u00e9es sont s\u00e9cures.<\/li>\n<\/ul>\n<p>[\/vc_column_text][\/vc_column][\/vc_row][vc_row full_width=\u00a0\u00bbstretch_row_content\u00a0\u00bb bg_type=\u00a0\u00bbbg_color\u00a0\u00bb el_class=\u00a0\u00bbtilt-pos-3-deg\u00a0\u00bb css=\u00a0\u00bb.vc_custom_1588250693452{padding-top: 25px !important;padding-bottom: 25px !important;}\u00a0\u00bb bg_color_value=\u00a0\u00bb#16a361&Prime;][vc_column]<div id=\"ultimate-heading-78069fb50db1eab0\" class=\"uvc-heading ult-adjust-bottom-margin ultimate-heading-78069fb50db1eab0 uvc-3693 \" data-hspacer=\"no_spacer\"  data-halign=\"center\" style=\"text-align:center\"><div class=\"uvc-heading-spacer no_spacer\" style=\"top\"><\/div><div class=\"uvc-main-heading ult-responsive\"  data-ultimate-target='.uvc-heading.ultimate-heading-78069fb50db1eab0 h3'  data-responsive-json-new='{\"font-size\":\"\",\"line-height\":\"\"}' ><h3 style=\"font-weight:normal;\">Contactez-nous pour en apprendre d'avantage sur cet \u00e9tude de cas.<\/h3><\/div><\/div>[vc_empty_space]<div class=\" ubtn-ctn-center \"><a class=\"ubtn-link ult-adjust-bottom-margin ubtn-center ubtn-normal \" href=\"\/contact-present\/\" title=\"Contact Present\" ><button type=\"button\" id=\"ubtn-8116\"  class=\"ubtn ult-adjust-bottom-margin ult-responsive ubtn-normal ubtn-no-hover-bg  none  ubtn-center   tooltip-69fb50db1eae6\"  data-hover=\"#ffffff\" data-border-color=\"#ffffff\" data-bg=\"#ffffff\" data-hover-bg=\"#000000\" data-border-hover=\"#ffffff\" data-shadow-hover=\"\" data-shadow-click=\"none\" data-shadow=\"\" data-shd-shadow=\"\"  data-ultimate-target='#ubtn-8116'  data-responsive-json-new='{\"font-size\":\"desktop:18px;\",\"line-height\":\"\"}'  style=\"font-weight:bold;border-radius:5px;border-width:3px;border-color:#ffffff;border-style:solid;background: #ffffff;color: #16a361;\"><span class=\"ubtn-hover\" style=\"background-color:#000000\"><\/span><span class=\"ubtn-data ubtn-text \" >Parlons-en<\/span><\/button><\/a><\/div>[\/vc_column][\/vc_row]<\/p>\n","protected":false},"excerpt":{"rendered":"<p>[vc_row][vc_column][\/vc_column][\/vc_row][vc_row][vc_column width=\u00a0\u00bb1\/3&Prime;][vc_column_text]D\u00e9fis\u00a0: En raison de l&rsquo;augmentation du nombre d&#8217;employ\u00e9s travaillant \u00e0 domicile, les employ\u00e9s utilisent parfois leur ordinateur de travail \u00e0 des fins personnelles. Cela met les entreprises en danger, car leurs donn\u00e9es d&rsquo;entreprise peuvent \u00eatre plus facilement acc\u00e9d\u00e9es via des connexions VPN. La compagnie utilisait la solution MDR de Present depuis quelques mois et [&#8230;]<\/p>\n","protected":false},"author":3,"featured_media":22428,"parent":10724,"menu_order":0,"comment_status":"closed","ping_status":"closed","template":"","meta":{"_acf_changed":false,"footnotes":"","_wp_rev_ctl_limit":""},"class_list":["post-22434","page","type-page","status-publish","has-post-thumbnail","hentry"],"acf":[],"yoast_head":"<!-- This site is optimized with the Yoast SEO plugin v27.3 - https:\/\/yoast.com\/product\/yoast-seo-wordpress\/ -->\n<title>36 attaques bloqu\u00e9es en un temps record - Present<\/title>\n<meta name=\"description\" content=\"Notre solution EDR bloque 36 attaques simultan\u00e9es et notre \u00e9quipe SOC s\u00e9curise l&#039;environnement et s&#039;assure qu&#039;il n&#039;y a plus de menace.\" \/>\n<meta name=\"robots\" content=\"index, follow, max-snippet:-1, max-image-preview:large, max-video-preview:-1\" \/>\n<link rel=\"canonical\" href=\"https:\/\/www.present.ca\/fr\/ressources\/etude-de-cas\/36-attaques-bloquees-en-un-temps-record\/\" \/>\n<meta property=\"og:locale\" content=\"fr_FR\" \/>\n<meta property=\"og:type\" content=\"article\" \/>\n<meta property=\"og:title\" content=\"36 attaques bloqu\u00e9es en un temps record - Present\" \/>\n<meta property=\"og:description\" content=\"Notre solution EDR bloque 36 attaques simultan\u00e9es et notre \u00e9quipe SOC s\u00e9curise l&#039;environnement et s&#039;assure qu&#039;il n&#039;y a plus de menace.\" \/>\n<meta property=\"og:url\" content=\"https:\/\/www.present.ca\/fr\/ressources\/etude-de-cas\/36-attaques-bloquees-en-un-temps-record\/\" \/>\n<meta property=\"og:site_name\" content=\"Present\" \/>\n<meta property=\"article:modified_time\" content=\"2024-01-03T20:44:34+00:00\" \/>\n<meta property=\"og:image\" content=\"https:\/\/www.present.ca\/wp-content\/uploads\/2021\/05\/BW-blocking-attack.png\" \/>\n\t<meta property=\"og:image:width\" content=\"1196\" \/>\n\t<meta property=\"og:image:height\" content=\"800\" \/>\n\t<meta property=\"og:image:type\" content=\"image\/png\" \/>\n<meta name=\"twitter:card\" content=\"summary_large_image\" \/>\n<meta name=\"twitter:label1\" content=\"Dur\u00e9e de lecture estim\u00e9e\" \/>\n\t<meta name=\"twitter:data1\" content=\"2 minutes\" \/>\n<script type=\"application\/ld+json\" class=\"yoast-schema-graph\">{\"@context\":\"https:\\\/\\\/schema.org\",\"@graph\":[{\"@type\":\"WebPage\",\"@id\":\"https:\\\/\\\/www.present.ca\\\/fr\\\/ressources\\\/etude-de-cas\\\/36-attaques-bloquees-en-un-temps-record\\\/\",\"url\":\"https:\\\/\\\/www.present.ca\\\/fr\\\/ressources\\\/etude-de-cas\\\/36-attaques-bloquees-en-un-temps-record\\\/\",\"name\":\"36 attaques bloqu\u00e9es en un temps record - Present\",\"isPartOf\":{\"@id\":\"https:\\\/\\\/www.present.ca\\\/fr\\\/#website\"},\"primaryImageOfPage\":{\"@id\":\"https:\\\/\\\/www.present.ca\\\/fr\\\/ressources\\\/etude-de-cas\\\/36-attaques-bloquees-en-un-temps-record\\\/#primaryimage\"},\"image\":{\"@id\":\"https:\\\/\\\/www.present.ca\\\/fr\\\/ressources\\\/etude-de-cas\\\/36-attaques-bloquees-en-un-temps-record\\\/#primaryimage\"},\"thumbnailUrl\":\"https:\\\/\\\/www.present.ca\\\/wp-content\\\/uploads\\\/2021\\\/05\\\/BW-blocking-attack.png\",\"datePublished\":\"2021-05-18T13:31:33+00:00\",\"dateModified\":\"2024-01-03T20:44:34+00:00\",\"description\":\"Notre solution EDR bloque 36 attaques simultan\u00e9es et notre \u00e9quipe SOC s\u00e9curise l'environnement et s'assure qu'il n'y a plus de menace.\",\"breadcrumb\":{\"@id\":\"https:\\\/\\\/www.present.ca\\\/fr\\\/ressources\\\/etude-de-cas\\\/36-attaques-bloquees-en-un-temps-record\\\/#breadcrumb\"},\"inLanguage\":\"fr-FR\",\"potentialAction\":[{\"@type\":\"ReadAction\",\"target\":[\"https:\\\/\\\/www.present.ca\\\/fr\\\/ressources\\\/etude-de-cas\\\/36-attaques-bloquees-en-un-temps-record\\\/\"]}]},{\"@type\":\"ImageObject\",\"inLanguage\":\"fr-FR\",\"@id\":\"https:\\\/\\\/www.present.ca\\\/fr\\\/ressources\\\/etude-de-cas\\\/36-attaques-bloquees-en-un-temps-record\\\/#primaryimage\",\"url\":\"https:\\\/\\\/www.present.ca\\\/wp-content\\\/uploads\\\/2021\\\/05\\\/BW-blocking-attack.png\",\"contentUrl\":\"https:\\\/\\\/www.present.ca\\\/wp-content\\\/uploads\\\/2021\\\/05\\\/BW-blocking-attack.png\",\"width\":1196,\"height\":800},{\"@type\":\"BreadcrumbList\",\"@id\":\"https:\\\/\\\/www.present.ca\\\/fr\\\/ressources\\\/etude-de-cas\\\/36-attaques-bloquees-en-un-temps-record\\\/#breadcrumb\",\"itemListElement\":[{\"@type\":\"ListItem\",\"position\":1,\"name\":\"Accueil\",\"item\":\"https:\\\/\\\/www.present.ca\\\/fr\\\/\"},{\"@type\":\"ListItem\",\"position\":2,\"name\":\"Ressources\",\"item\":\"https:\\\/\\\/www.present.ca\\\/fr\\\/ressources\\\/\"},{\"@type\":\"ListItem\",\"position\":3,\"name\":\"\u00c9tudes de Cas\",\"item\":\"https:\\\/\\\/www.present.ca\\\/fr\\\/ressources\\\/etude-de-cas\\\/\"},{\"@type\":\"ListItem\",\"position\":4,\"name\":\"36 attaques bloqu\u00e9es en un temps record\"}]},{\"@type\":\"WebSite\",\"@id\":\"https:\\\/\\\/www.present.ca\\\/fr\\\/#website\",\"url\":\"https:\\\/\\\/www.present.ca\\\/fr\\\/\",\"name\":\"Present\",\"description\":\"Services G\u00e9r\u00e9s TI, S\u00e9curit\u00e9 G\u00e9r\u00e9e TI et Solutions de Cloud Hybride\",\"potentialAction\":[{\"@type\":\"SearchAction\",\"target\":{\"@type\":\"EntryPoint\",\"urlTemplate\":\"https:\\\/\\\/www.present.ca\\\/fr\\\/?s={search_term_string}\"},\"query-input\":{\"@type\":\"PropertyValueSpecification\",\"valueRequired\":true,\"valueName\":\"search_term_string\"}}],\"inLanguage\":\"fr-FR\"}]}<\/script>\n<!-- \/ Yoast SEO plugin. -->","yoast_head_json":{"title":"36 attaques bloqu\u00e9es en un temps record - Present","description":"Notre solution EDR bloque 36 attaques simultan\u00e9es et notre \u00e9quipe SOC s\u00e9curise l'environnement et s'assure qu'il n'y a plus de menace.","robots":{"index":"index","follow":"follow","max-snippet":"max-snippet:-1","max-image-preview":"max-image-preview:large","max-video-preview":"max-video-preview:-1"},"canonical":"https:\/\/www.present.ca\/fr\/ressources\/etude-de-cas\/36-attaques-bloquees-en-un-temps-record\/","og_locale":"fr_FR","og_type":"article","og_title":"36 attaques bloqu\u00e9es en un temps record - Present","og_description":"Notre solution EDR bloque 36 attaques simultan\u00e9es et notre \u00e9quipe SOC s\u00e9curise l'environnement et s'assure qu'il n'y a plus de menace.","og_url":"https:\/\/www.present.ca\/fr\/ressources\/etude-de-cas\/36-attaques-bloquees-en-un-temps-record\/","og_site_name":"Present","article_modified_time":"2024-01-03T20:44:34+00:00","og_image":[{"width":1196,"height":800,"url":"https:\/\/www.present.ca\/wp-content\/uploads\/2021\/05\/BW-blocking-attack.png","type":"image\/png"}],"twitter_card":"summary_large_image","twitter_misc":{"Dur\u00e9e de lecture estim\u00e9e":"2 minutes"},"schema":{"@context":"https:\/\/schema.org","@graph":[{"@type":"WebPage","@id":"https:\/\/www.present.ca\/fr\/ressources\/etude-de-cas\/36-attaques-bloquees-en-un-temps-record\/","url":"https:\/\/www.present.ca\/fr\/ressources\/etude-de-cas\/36-attaques-bloquees-en-un-temps-record\/","name":"36 attaques bloqu\u00e9es en un temps record - Present","isPartOf":{"@id":"https:\/\/www.present.ca\/fr\/#website"},"primaryImageOfPage":{"@id":"https:\/\/www.present.ca\/fr\/ressources\/etude-de-cas\/36-attaques-bloquees-en-un-temps-record\/#primaryimage"},"image":{"@id":"https:\/\/www.present.ca\/fr\/ressources\/etude-de-cas\/36-attaques-bloquees-en-un-temps-record\/#primaryimage"},"thumbnailUrl":"https:\/\/www.present.ca\/wp-content\/uploads\/2021\/05\/BW-blocking-attack.png","datePublished":"2021-05-18T13:31:33+00:00","dateModified":"2024-01-03T20:44:34+00:00","description":"Notre solution EDR bloque 36 attaques simultan\u00e9es et notre \u00e9quipe SOC s\u00e9curise l'environnement et s'assure qu'il n'y a plus de menace.","breadcrumb":{"@id":"https:\/\/www.present.ca\/fr\/ressources\/etude-de-cas\/36-attaques-bloquees-en-un-temps-record\/#breadcrumb"},"inLanguage":"fr-FR","potentialAction":[{"@type":"ReadAction","target":["https:\/\/www.present.ca\/fr\/ressources\/etude-de-cas\/36-attaques-bloquees-en-un-temps-record\/"]}]},{"@type":"ImageObject","inLanguage":"fr-FR","@id":"https:\/\/www.present.ca\/fr\/ressources\/etude-de-cas\/36-attaques-bloquees-en-un-temps-record\/#primaryimage","url":"https:\/\/www.present.ca\/wp-content\/uploads\/2021\/05\/BW-blocking-attack.png","contentUrl":"https:\/\/www.present.ca\/wp-content\/uploads\/2021\/05\/BW-blocking-attack.png","width":1196,"height":800},{"@type":"BreadcrumbList","@id":"https:\/\/www.present.ca\/fr\/ressources\/etude-de-cas\/36-attaques-bloquees-en-un-temps-record\/#breadcrumb","itemListElement":[{"@type":"ListItem","position":1,"name":"Accueil","item":"https:\/\/www.present.ca\/fr\/"},{"@type":"ListItem","position":2,"name":"Ressources","item":"https:\/\/www.present.ca\/fr\/ressources\/"},{"@type":"ListItem","position":3,"name":"\u00c9tudes de Cas","item":"https:\/\/www.present.ca\/fr\/ressources\/etude-de-cas\/"},{"@type":"ListItem","position":4,"name":"36 attaques bloqu\u00e9es en un temps record"}]},{"@type":"WebSite","@id":"https:\/\/www.present.ca\/fr\/#website","url":"https:\/\/www.present.ca\/fr\/","name":"Present","description":"Services G\u00e9r\u00e9s TI, S\u00e9curit\u00e9 G\u00e9r\u00e9e TI et Solutions de Cloud Hybride","potentialAction":[{"@type":"SearchAction","target":{"@type":"EntryPoint","urlTemplate":"https:\/\/www.present.ca\/fr\/?s={search_term_string}"},"query-input":{"@type":"PropertyValueSpecification","valueRequired":true,"valueName":"search_term_string"}}],"inLanguage":"fr-FR"}]}},"_links":{"self":[{"href":"https:\/\/www.present.ca\/fr\/wp-json\/wp\/v2\/pages\/22434","targetHints":{"allow":["GET"]}}],"collection":[{"href":"https:\/\/www.present.ca\/fr\/wp-json\/wp\/v2\/pages"}],"about":[{"href":"https:\/\/www.present.ca\/fr\/wp-json\/wp\/v2\/types\/page"}],"author":[{"embeddable":true,"href":"https:\/\/www.present.ca\/fr\/wp-json\/wp\/v2\/users\/3"}],"replies":[{"embeddable":true,"href":"https:\/\/www.present.ca\/fr\/wp-json\/wp\/v2\/comments?post=22434"}],"version-history":[{"count":3,"href":"https:\/\/www.present.ca\/fr\/wp-json\/wp\/v2\/pages\/22434\/revisions"}],"predecessor-version":[{"id":27842,"href":"https:\/\/www.present.ca\/fr\/wp-json\/wp\/v2\/pages\/22434\/revisions\/27842"}],"up":[{"embeddable":true,"href":"https:\/\/www.present.ca\/fr\/wp-json\/wp\/v2\/pages\/10724"}],"wp:featuredmedia":[{"embeddable":true,"href":"https:\/\/www.present.ca\/fr\/wp-json\/wp\/v2\/media\/22428"}],"wp:attachment":[{"href":"https:\/\/www.present.ca\/fr\/wp-json\/wp\/v2\/media?parent=22434"}],"curies":[{"name":"wp","href":"https:\/\/api.w.org\/{rel}","templated":true}]}}