{"id":22375,"date":"2021-05-18T09:33:15","date_gmt":"2021-05-18T13:33:15","guid":{"rendered":"https:\/\/www.present.ca\/?page_id=22375"},"modified":"2024-01-03T15:44:38","modified_gmt":"2024-01-03T20:44:38","slug":"a-labri-des-cybermenaces-grace-a-notre-solution-soc","status":"publish","type":"page","link":"https:\/\/www.present.ca\/fr\/ressources\/etude-de-cas\/a-labri-des-cybermenaces-grace-a-notre-solution-soc\/","title":{"rendered":"\u00c0 l\u2019abri des cybermenaces gr\u00e2ce \u00e0 notre solution SOC"},"content":{"rendered":"<p>[vc_row][vc_column]<div id=\"ultimate-heading-799469e1fe4693a34\" class=\"uvc-heading ult-adjust-bottom-margin ultimate-heading-799469e1fe4693a34 uvc-8112 cursive\" data-hspacer=\"no_spacer\"  data-halign=\"center\" style=\"text-align:center\"><div class=\"uvc-heading-spacer no_spacer\" style=\"top\"><\/div><div class=\"uvc-main-heading ult-responsive\"  data-ultimate-target='.uvc-heading.ultimate-heading-799469e1fe4693a34 h2'  data-responsive-json-new='{\"font-size\":\"\",\"line-height\":\"\"}' ><h2 style=\"font-weight:normal;\">Industrie: Construction<\/h2><\/div><div class=\"uvc-sub-heading ult-responsive\"  data-ultimate-target='.uvc-heading.ultimate-heading-799469e1fe4693a34 .uvc-sub-heading '  data-responsive-json-new='{\"font-size\":\"\",\"line-height\":\"\"}'  style=\"font-weight:normal;\"><\/p>\n<h4><strong>Client<\/strong>:\u00a0<span class=\"y2iqfc\"><span lang=\"FR\">Entreprise de construction qu\u00e9b\u00e9coise de 40 ans<\/span><\/span><\/h4>\n<p><\/div><\/div>[\/vc_column][\/vc_row][vc_row][vc_column width=\u00a0\u00bb1\/3&Prime;][vc_column_text]<strong>D\u00e9fis<\/strong>:<\/p>\n<ul>\n<li>Inquiet de la forte\u00a0augmentation d\u2019entreprises infect\u00e9es par ran\u00e7onlogiciel<\/li>\n<li>Notre client\u00a0ne poss\u00e9dait pas d\u2019experts en\u00a0cybers\u00e9curit\u00e9\u00a0au sein de leur \u00e9quipe pour\u00a0assurer\u00a0la s\u00e9curit\u00e9\u00a0de l\u2019entreprise.<\/li>\n<\/ul>\n<ul>\n<li>Notre client faisait face \u00e0 de graves\u00a0dangers, puisqu\u2019il utilisait une solution d\u2019antivirus non active qui n\u2019\u00e9tait pas en mesure de d\u00e9tect\u00e9 les nouvelles\u00a0cybermenaces\u00a0plus sophistiqu\u00e9es.<\/li>\n<\/ul>\n<p>[\/vc_column_text][\/vc_column][vc_column width=\u00a0\u00bb1\/3&Prime;][vc_column_text]<strong>Solution<\/strong>:<\/p>\n<ul>\n<li>Notre solution MDR est impl\u00e9ment\u00e9e\u00a0chez notre client\u00a0sur\u00a0chacun des postes de travail et serveurs.<\/li>\n<\/ul>\n<ul>\n<li>Notre \u00e9quipe SOC surveille, analyse et bloque d\u00e9sormais les tentatives d&rsquo;intrusion 24h \/ 24 et 7j \/ 7<\/li>\n<\/ul>\n<p>[\/vc_column_text][\/vc_column][vc_column width=\u00a0\u00bb1\/3&Prime;][vc_column_text]<strong>B\u00e9n\u00e9fices<\/strong>:<\/p>\n<ul>\n<li>L&rsquo;\u00e9quipe SOC a arr\u00eat\u00e9 une tentative d&rsquo;attaque quelques semaines seulement apr\u00e8s la mise en \u0153uvre de la solution. La menace a \u00e9t\u00e9 isol\u00e9e et toute prolif\u00e9ration vers toute autre infrastructure a \u00e9t\u00e9 imm\u00e9diatement arr\u00eat\u00e9e. Seul l&rsquo;appareil unique a d\u00fb \u00eatre r\u00e9initialis\u00e9.<\/li>\n<li>Notre client est maintenant \u00e0 l\u2019abri des cyberattaques, gr\u00e2ce au plus haut de niveau de protection de l\u2019industrie<\/li>\n<\/ul>\n<p>[\/vc_column_text][\/vc_column][\/vc_row][vc_row full_width=\u00a0\u00bbstretch_row_content\u00a0\u00bb bg_type=\u00a0\u00bbbg_color\u00a0\u00bb el_class=\u00a0\u00bbtilt-pos-3-deg\u00a0\u00bb css=\u00a0\u00bb.vc_custom_1588250693452{padding-top: 25px !important;padding-bottom: 25px !important;}\u00a0\u00bb bg_color_value=\u00a0\u00bb#16a361&Prime;][vc_column]<div id=\"ultimate-heading-638869e1fe4693a7f\" class=\"uvc-heading ult-adjust-bottom-margin ultimate-heading-638869e1fe4693a7f uvc-1172 \" data-hspacer=\"no_spacer\"  data-halign=\"center\" style=\"text-align:center\"><div class=\"uvc-heading-spacer no_spacer\" style=\"top\"><\/div><div class=\"uvc-main-heading ult-responsive\"  data-ultimate-target='.uvc-heading.ultimate-heading-638869e1fe4693a7f h3'  data-responsive-json-new='{\"font-size\":\"\",\"line-height\":\"\"}' ><h3 style=\"font-weight:normal;\">Contactez-nous pour en apprendre d'avantage sur cet \u00e9tude de cas.<\/h3><\/div><\/div>[vc_empty_space]<div class=\" ubtn-ctn-center \"><a class=\"ubtn-link ult-adjust-bottom-margin ubtn-center ubtn-normal \" href=\"\/contactez-present\/\" title=\"Contactez Present\" ><button type=\"button\" id=\"ubtn-2273\"  class=\"ubtn ult-adjust-bottom-margin ult-responsive ubtn-normal ubtn-no-hover-bg  none  ubtn-center   tooltip-69e1fe4693aae\"  data-hover=\"#ffffff\" data-border-color=\"#ffffff\" data-bg=\"#ffffff\" data-hover-bg=\"#000000\" data-border-hover=\"#ffffff\" data-shadow-hover=\"\" data-shadow-click=\"none\" data-shadow=\"\" data-shd-shadow=\"\"  data-ultimate-target='#ubtn-2273'  data-responsive-json-new='{\"font-size\":\"desktop:18px;\",\"line-height\":\"\"}'  style=\"font-weight:bold;border-radius:5px;border-width:3px;border-color:#ffffff;border-style:solid;background: #ffffff;color: #16a361;\"><span class=\"ubtn-hover\" style=\"background-color:#000000\"><\/span><span class=\"ubtn-data ubtn-text \" >Parlons-en<\/span><\/button><\/a><\/div>[\/vc_column][\/vc_row]<\/p>\n","protected":false},"excerpt":{"rendered":"<p>[vc_row][vc_column][\/vc_column][\/vc_row][vc_row][vc_column width=\u00a0\u00bb1\/3&Prime;][vc_column_text]D\u00e9fis: Inquiet de la forte\u00a0augmentation d\u2019entreprises infect\u00e9es par ran\u00e7onlogiciel Notre client\u00a0ne poss\u00e9dait pas d\u2019experts en\u00a0cybers\u00e9curit\u00e9\u00a0au sein de leur \u00e9quipe pour\u00a0assurer\u00a0la s\u00e9curit\u00e9\u00a0de l\u2019entreprise. Notre client faisait face \u00e0 de graves\u00a0dangers, puisqu\u2019il utilisait une solution d\u2019antivirus non active qui n\u2019\u00e9tait pas en mesure de d\u00e9tect\u00e9 les nouvelles\u00a0cybermenaces\u00a0plus sophistiqu\u00e9es. [\/vc_column_text][\/vc_column][vc_column width=\u00a0\u00bb1\/3&Prime;][vc_column_text]Solution: Notre solution MDR est impl\u00e9ment\u00e9e\u00a0chez notre [&#8230;]<\/p>\n","protected":false},"author":3,"featured_media":22424,"parent":10724,"menu_order":0,"comment_status":"closed","ping_status":"closed","template":"","meta":{"_acf_changed":false,"footnotes":"","_wp_rev_ctl_limit":""},"class_list":["post-22375","page","type-page","status-publish","has-post-thumbnail","hentry"],"acf":[],"yoast_head":"<!-- This site is optimized with the Yoast SEO plugin v27.3 - https:\/\/yoast.com\/product\/yoast-seo-wordpress\/ -->\n<title>\u00c0 l\u2019abri des cybermenaces gr\u00e2ce \u00e0 notre solution SOC - Present<\/title>\n<meta name=\"description\" content=\"\u00c9tude de cas. Solution SOC pour remplacer un antivirus qui n\u2019\u00e9tait pas en mesure de d\u00e9tect\u00e9 les nouvelles\u00a0cybermenaces\u00a0plus sophistiqu\u00e9es.\" \/>\n<meta name=\"robots\" content=\"index, follow, max-snippet:-1, max-image-preview:large, max-video-preview:-1\" \/>\n<link rel=\"canonical\" href=\"https:\/\/www.present.ca\/fr\/ressources\/etude-de-cas\/a-labri-des-cybermenaces-grace-a-notre-solution-soc\/\" \/>\n<meta property=\"og:locale\" content=\"fr_FR\" \/>\n<meta property=\"og:type\" content=\"article\" \/>\n<meta property=\"og:title\" content=\"\u00c0 l\u2019abri des cybermenaces gr\u00e2ce \u00e0 notre solution SOC - Present\" \/>\n<meta property=\"og:description\" content=\"\u00c9tude de cas. Solution SOC pour remplacer un antivirus qui n\u2019\u00e9tait pas en mesure de d\u00e9tect\u00e9 les nouvelles\u00a0cybermenaces\u00a0plus sophistiqu\u00e9es.\" \/>\n<meta property=\"og:url\" content=\"https:\/\/www.present.ca\/fr\/ressources\/etude-de-cas\/a-labri-des-cybermenaces-grace-a-notre-solution-soc\/\" \/>\n<meta property=\"og:site_name\" content=\"Present\" \/>\n<meta property=\"article:modified_time\" content=\"2024-01-03T20:44:38+00:00\" \/>\n<meta property=\"og:image\" content=\"https:\/\/www.present.ca\/wp-content\/uploads\/2021\/05\/IT-security-BW.png\" \/>\n\t<meta property=\"og:image:width\" content=\"1196\" \/>\n\t<meta property=\"og:image:height\" content=\"800\" \/>\n\t<meta property=\"og:image:type\" content=\"image\/png\" \/>\n<meta name=\"twitter:card\" content=\"summary_large_image\" \/>\n<meta name=\"twitter:label1\" content=\"Dur\u00e9e de lecture estim\u00e9e\" \/>\n\t<meta name=\"twitter:data1\" content=\"1 minute\" \/>\n<script type=\"application\/ld+json\" class=\"yoast-schema-graph\">{\"@context\":\"https:\\\/\\\/schema.org\",\"@graph\":[{\"@type\":\"WebPage\",\"@id\":\"https:\\\/\\\/www.present.ca\\\/fr\\\/ressources\\\/etude-de-cas\\\/a-labri-des-cybermenaces-grace-a-notre-solution-soc\\\/\",\"url\":\"https:\\\/\\\/www.present.ca\\\/fr\\\/ressources\\\/etude-de-cas\\\/a-labri-des-cybermenaces-grace-a-notre-solution-soc\\\/\",\"name\":\"\u00c0 l\u2019abri des cybermenaces gr\u00e2ce \u00e0 notre solution SOC - Present\",\"isPartOf\":{\"@id\":\"https:\\\/\\\/www.present.ca\\\/fr\\\/#website\"},\"primaryImageOfPage\":{\"@id\":\"https:\\\/\\\/www.present.ca\\\/fr\\\/ressources\\\/etude-de-cas\\\/a-labri-des-cybermenaces-grace-a-notre-solution-soc\\\/#primaryimage\"},\"image\":{\"@id\":\"https:\\\/\\\/www.present.ca\\\/fr\\\/ressources\\\/etude-de-cas\\\/a-labri-des-cybermenaces-grace-a-notre-solution-soc\\\/#primaryimage\"},\"thumbnailUrl\":\"https:\\\/\\\/www.present.ca\\\/wp-content\\\/uploads\\\/2021\\\/05\\\/IT-security-BW.png\",\"datePublished\":\"2021-05-18T13:33:15+00:00\",\"dateModified\":\"2024-01-03T20:44:38+00:00\",\"description\":\"\u00c9tude de cas. Solution SOC pour remplacer un antivirus qui n\u2019\u00e9tait pas en mesure de d\u00e9tect\u00e9 les nouvelles\u00a0cybermenaces\u00a0plus sophistiqu\u00e9es.\",\"breadcrumb\":{\"@id\":\"https:\\\/\\\/www.present.ca\\\/fr\\\/ressources\\\/etude-de-cas\\\/a-labri-des-cybermenaces-grace-a-notre-solution-soc\\\/#breadcrumb\"},\"inLanguage\":\"fr-FR\",\"potentialAction\":[{\"@type\":\"ReadAction\",\"target\":[\"https:\\\/\\\/www.present.ca\\\/fr\\\/ressources\\\/etude-de-cas\\\/a-labri-des-cybermenaces-grace-a-notre-solution-soc\\\/\"]}]},{\"@type\":\"ImageObject\",\"inLanguage\":\"fr-FR\",\"@id\":\"https:\\\/\\\/www.present.ca\\\/fr\\\/ressources\\\/etude-de-cas\\\/a-labri-des-cybermenaces-grace-a-notre-solution-soc\\\/#primaryimage\",\"url\":\"https:\\\/\\\/www.present.ca\\\/wp-content\\\/uploads\\\/2021\\\/05\\\/IT-security-BW.png\",\"contentUrl\":\"https:\\\/\\\/www.present.ca\\\/wp-content\\\/uploads\\\/2021\\\/05\\\/IT-security-BW.png\",\"width\":1196,\"height\":800},{\"@type\":\"BreadcrumbList\",\"@id\":\"https:\\\/\\\/www.present.ca\\\/fr\\\/ressources\\\/etude-de-cas\\\/a-labri-des-cybermenaces-grace-a-notre-solution-soc\\\/#breadcrumb\",\"itemListElement\":[{\"@type\":\"ListItem\",\"position\":1,\"name\":\"Accueil\",\"item\":\"https:\\\/\\\/www.present.ca\\\/fr\\\/\"},{\"@type\":\"ListItem\",\"position\":2,\"name\":\"Ressources\",\"item\":\"https:\\\/\\\/www.present.ca\\\/fr\\\/ressources\\\/\"},{\"@type\":\"ListItem\",\"position\":3,\"name\":\"\u00c9tudes de Cas\",\"item\":\"https:\\\/\\\/www.present.ca\\\/fr\\\/ressources\\\/etude-de-cas\\\/\"},{\"@type\":\"ListItem\",\"position\":4,\"name\":\"\u00c0 l\u2019abri des cybermenaces gr\u00e2ce \u00e0 notre solution SOC\"}]},{\"@type\":\"WebSite\",\"@id\":\"https:\\\/\\\/www.present.ca\\\/fr\\\/#website\",\"url\":\"https:\\\/\\\/www.present.ca\\\/fr\\\/\",\"name\":\"Present\",\"description\":\"Services G\u00e9r\u00e9s TI, S\u00e9curit\u00e9 G\u00e9r\u00e9e TI et Solutions de Cloud Hybride\",\"potentialAction\":[{\"@type\":\"SearchAction\",\"target\":{\"@type\":\"EntryPoint\",\"urlTemplate\":\"https:\\\/\\\/www.present.ca\\\/fr\\\/?s={search_term_string}\"},\"query-input\":{\"@type\":\"PropertyValueSpecification\",\"valueRequired\":true,\"valueName\":\"search_term_string\"}}],\"inLanguage\":\"fr-FR\"}]}<\/script>\n<!-- \/ Yoast SEO plugin. -->","yoast_head_json":{"title":"\u00c0 l\u2019abri des cybermenaces gr\u00e2ce \u00e0 notre solution SOC - Present","description":"\u00c9tude de cas. Solution SOC pour remplacer un antivirus qui n\u2019\u00e9tait pas en mesure de d\u00e9tect\u00e9 les nouvelles\u00a0cybermenaces\u00a0plus sophistiqu\u00e9es.","robots":{"index":"index","follow":"follow","max-snippet":"max-snippet:-1","max-image-preview":"max-image-preview:large","max-video-preview":"max-video-preview:-1"},"canonical":"https:\/\/www.present.ca\/fr\/ressources\/etude-de-cas\/a-labri-des-cybermenaces-grace-a-notre-solution-soc\/","og_locale":"fr_FR","og_type":"article","og_title":"\u00c0 l\u2019abri des cybermenaces gr\u00e2ce \u00e0 notre solution SOC - Present","og_description":"\u00c9tude de cas. Solution SOC pour remplacer un antivirus qui n\u2019\u00e9tait pas en mesure de d\u00e9tect\u00e9 les nouvelles\u00a0cybermenaces\u00a0plus sophistiqu\u00e9es.","og_url":"https:\/\/www.present.ca\/fr\/ressources\/etude-de-cas\/a-labri-des-cybermenaces-grace-a-notre-solution-soc\/","og_site_name":"Present","article_modified_time":"2024-01-03T20:44:38+00:00","og_image":[{"width":1196,"height":800,"url":"https:\/\/www.present.ca\/wp-content\/uploads\/2021\/05\/IT-security-BW.png","type":"image\/png"}],"twitter_card":"summary_large_image","twitter_misc":{"Dur\u00e9e de lecture estim\u00e9e":"1 minute"},"schema":{"@context":"https:\/\/schema.org","@graph":[{"@type":"WebPage","@id":"https:\/\/www.present.ca\/fr\/ressources\/etude-de-cas\/a-labri-des-cybermenaces-grace-a-notre-solution-soc\/","url":"https:\/\/www.present.ca\/fr\/ressources\/etude-de-cas\/a-labri-des-cybermenaces-grace-a-notre-solution-soc\/","name":"\u00c0 l\u2019abri des cybermenaces gr\u00e2ce \u00e0 notre solution SOC - Present","isPartOf":{"@id":"https:\/\/www.present.ca\/fr\/#website"},"primaryImageOfPage":{"@id":"https:\/\/www.present.ca\/fr\/ressources\/etude-de-cas\/a-labri-des-cybermenaces-grace-a-notre-solution-soc\/#primaryimage"},"image":{"@id":"https:\/\/www.present.ca\/fr\/ressources\/etude-de-cas\/a-labri-des-cybermenaces-grace-a-notre-solution-soc\/#primaryimage"},"thumbnailUrl":"https:\/\/www.present.ca\/wp-content\/uploads\/2021\/05\/IT-security-BW.png","datePublished":"2021-05-18T13:33:15+00:00","dateModified":"2024-01-03T20:44:38+00:00","description":"\u00c9tude de cas. Solution SOC pour remplacer un antivirus qui n\u2019\u00e9tait pas en mesure de d\u00e9tect\u00e9 les nouvelles\u00a0cybermenaces\u00a0plus sophistiqu\u00e9es.","breadcrumb":{"@id":"https:\/\/www.present.ca\/fr\/ressources\/etude-de-cas\/a-labri-des-cybermenaces-grace-a-notre-solution-soc\/#breadcrumb"},"inLanguage":"fr-FR","potentialAction":[{"@type":"ReadAction","target":["https:\/\/www.present.ca\/fr\/ressources\/etude-de-cas\/a-labri-des-cybermenaces-grace-a-notre-solution-soc\/"]}]},{"@type":"ImageObject","inLanguage":"fr-FR","@id":"https:\/\/www.present.ca\/fr\/ressources\/etude-de-cas\/a-labri-des-cybermenaces-grace-a-notre-solution-soc\/#primaryimage","url":"https:\/\/www.present.ca\/wp-content\/uploads\/2021\/05\/IT-security-BW.png","contentUrl":"https:\/\/www.present.ca\/wp-content\/uploads\/2021\/05\/IT-security-BW.png","width":1196,"height":800},{"@type":"BreadcrumbList","@id":"https:\/\/www.present.ca\/fr\/ressources\/etude-de-cas\/a-labri-des-cybermenaces-grace-a-notre-solution-soc\/#breadcrumb","itemListElement":[{"@type":"ListItem","position":1,"name":"Accueil","item":"https:\/\/www.present.ca\/fr\/"},{"@type":"ListItem","position":2,"name":"Ressources","item":"https:\/\/www.present.ca\/fr\/ressources\/"},{"@type":"ListItem","position":3,"name":"\u00c9tudes de Cas","item":"https:\/\/www.present.ca\/fr\/ressources\/etude-de-cas\/"},{"@type":"ListItem","position":4,"name":"\u00c0 l\u2019abri des cybermenaces gr\u00e2ce \u00e0 notre solution SOC"}]},{"@type":"WebSite","@id":"https:\/\/www.present.ca\/fr\/#website","url":"https:\/\/www.present.ca\/fr\/","name":"Present","description":"Services G\u00e9r\u00e9s TI, S\u00e9curit\u00e9 G\u00e9r\u00e9e TI et Solutions de Cloud Hybride","potentialAction":[{"@type":"SearchAction","target":{"@type":"EntryPoint","urlTemplate":"https:\/\/www.present.ca\/fr\/?s={search_term_string}"},"query-input":{"@type":"PropertyValueSpecification","valueRequired":true,"valueName":"search_term_string"}}],"inLanguage":"fr-FR"}]}},"_links":{"self":[{"href":"https:\/\/www.present.ca\/fr\/wp-json\/wp\/v2\/pages\/22375","targetHints":{"allow":["GET"]}}],"collection":[{"href":"https:\/\/www.present.ca\/fr\/wp-json\/wp\/v2\/pages"}],"about":[{"href":"https:\/\/www.present.ca\/fr\/wp-json\/wp\/v2\/types\/page"}],"author":[{"embeddable":true,"href":"https:\/\/www.present.ca\/fr\/wp-json\/wp\/v2\/users\/3"}],"replies":[{"embeddable":true,"href":"https:\/\/www.present.ca\/fr\/wp-json\/wp\/v2\/comments?post=22375"}],"version-history":[{"count":3,"href":"https:\/\/www.present.ca\/fr\/wp-json\/wp\/v2\/pages\/22375\/revisions"}],"predecessor-version":[{"id":27843,"href":"https:\/\/www.present.ca\/fr\/wp-json\/wp\/v2\/pages\/22375\/revisions\/27843"}],"up":[{"embeddable":true,"href":"https:\/\/www.present.ca\/fr\/wp-json\/wp\/v2\/pages\/10724"}],"wp:featuredmedia":[{"embeddable":true,"href":"https:\/\/www.present.ca\/fr\/wp-json\/wp\/v2\/media\/22424"}],"wp:attachment":[{"href":"https:\/\/www.present.ca\/fr\/wp-json\/wp\/v2\/media?parent=22375"}],"curies":[{"name":"wp","href":"https:\/\/api.w.org\/{rel}","templated":true}]}}