{"id":22156,"date":"2021-04-21T10:59:37","date_gmt":"2021-04-21T14:59:37","guid":{"rendered":"https:\/\/www.present.ca\/?page_id=22156"},"modified":"2021-04-21T10:59:37","modified_gmt":"2021-04-21T14:59:37","slug":"consultation-services-geres","status":"publish","type":"page","link":"https:\/\/www.present.ca\/fr\/consultation-services-geres\/","title":{"rendered":"Consultation Services G\u00e9r\u00e9s"},"content":{"rendered":"<p>[vc_row][vc_column][vc_column_text]<\/p>\n<h1 style=\"text-align: center;\"><strong>Des TI sans soucis, oui c\u2019est possible!<\/strong><\/h1>\n<p>[\/vc_column_text][\/vc_column][\/vc_row][vc_row][vc_column width=\u00a0\u00bb1\/2&Prime;][vc_column_text]<\/p>\n<h3>Les Services g\u00e9r\u00e9s en TI peuvent r\u00e9duire le stress, mais \u00e9galement faire tout ceci\u00a0:<\/h3>\n<ul>\n<li>Augmenter la productivit\u00e9<\/li>\n<li>Mieux prot\u00e9ger vos syst\u00e8mes et votre r\u00e9seau<\/li>\n<li>Augmenter la disponibilit\u00e9 de vos syst\u00e8mes<\/li>\n<li>Offrir un meilleur support \u00e0 vos utilisateurs<\/li>\n<li>Vous donner acc\u00e8s \u00e0 une expertise selon les besoins<\/li>\n<li>Permettre \u00e0 votre \u00e9quipe TI de se concentrer sur les projets importants<\/li>\n<li>R\u00e9duire les co\u00fbts<\/li>\n<\/ul>\n<p>Planifiez un appel exploratoire de 30 minutes avec l&rsquo;un de nos experts. Lors de cet appel, nous ne vous pr\u00e9senterons pas nos services.<\/p>\n<p>Au lieu de cela, nous poserons des questions pour en savoir plus sur les probl\u00e8mes et les d\u00e9fis que vous rencontrez actuellement dans le but de d\u00e9terminer si les services g\u00e9r\u00e9s informatiques conviennent \u00e0 votre entreprise.[\/vc_column_text][\/vc_column][vc_column width=\u00a0\u00bb1\/2&Prime;][vc_column_text]<\/p>\n<h3 style=\"text-align: center;\">Prenez rendez-vous avec nos experts<\/h3>\n<p>[\/vc_column_text]\n<div class=\"wpcf7 no-js\" id=\"wpcf7-f22194-o1\" lang=\"fr-FR\" dir=\"ltr\" data-wpcf7-id=\"22194\">\n<div class=\"screen-reader-response\"><p role=\"status\" aria-live=\"polite\" aria-atomic=\"true\"><\/p> <ul><\/ul><\/div>\n<form action=\"\/fr\/wp-json\/wp\/v2\/pages\/22156#wpcf7-f22194-o1\" method=\"post\" class=\"wpcf7-form init\" aria-label=\"Formulaire de contact\" novalidate=\"novalidate\" data-status=\"init\">\n<fieldset class=\"hidden-fields-container\"><input type=\"hidden\" name=\"_wpcf7\" value=\"22194\" \/><input type=\"hidden\" name=\"_wpcf7_version\" value=\"6.1.5\" \/><input type=\"hidden\" name=\"_wpcf7_locale\" value=\"fr_FR\" \/><input type=\"hidden\" name=\"_wpcf7_unit_tag\" value=\"wpcf7-f22194-o1\" \/><input type=\"hidden\" name=\"_wpcf7_container_post\" value=\"0\" \/><input type=\"hidden\" name=\"_wpcf7_posted_data_hash\" value=\"\" \/>\n<\/fieldset>\n<p><label> Nom<br \/>\n<span class=\"wpcf7-form-control-wrap\" data-name=\"your-name\"><input size=\"40\" maxlength=\"400\" class=\"wpcf7-form-control wpcf7-text wpcf7-validates-as-required\" aria-required=\"true\" aria-invalid=\"false\" value=\"\" type=\"text\" name=\"your-name\" \/><\/span> <\/label>\n<\/p>\n<p><label> Adresse Courriel<br \/>\n<span class=\"wpcf7-form-control-wrap\" data-name=\"your-email\"><input size=\"40\" maxlength=\"400\" class=\"wpcf7-form-control wpcf7-email wpcf7-validates-as-required wpcf7-text wpcf7-validates-as-email\" aria-required=\"true\" aria-invalid=\"false\" value=\"\" type=\"email\" name=\"your-email\" \/><\/span> <\/label>\n<\/p>\n<p><label> Num\u00e9ro de t\u00e9l\u00e9phone<br \/>\n<span class=\"wpcf7-form-control-wrap\" data-name=\"your-subject\"><input size=\"40\" maxlength=\"400\" class=\"wpcf7-form-control wpcf7-text wpcf7-validates-as-required\" aria-required=\"true\" aria-invalid=\"false\" value=\"\" type=\"text\" name=\"your-subject\" \/><\/span> <\/label>\n<\/p>\n<p><label> Votre message (optionnel)<br \/>\n<span class=\"wpcf7-form-control-wrap\" data-name=\"your-message\"><textarea cols=\"40\" rows=\"10\" maxlength=\"2000\" class=\"wpcf7-form-control wpcf7-textarea\" aria-invalid=\"false\" name=\"your-message\"><\/textarea><\/span> <\/label>\n<\/p>\n<p><input class=\"wpcf7-form-control wpcf7-submit has-spinner\" type=\"submit\" value=\"Soumettre\" \/>\n<\/p><div class=\"wpcf7-response-output\" aria-hidden=\"true\"><\/div>\n<\/form>\n<\/div>\n[\/vc_column][\/vc_row]<\/p>\n","protected":false},"excerpt":{"rendered":"<p>[vc_row][vc_column][vc_column_text] Des TI sans soucis, oui c\u2019est possible! [\/vc_column_text][\/vc_column][\/vc_row][vc_row][vc_column width=\u00a0\u00bb1\/2&Prime;][vc_column_text] Les Services g\u00e9r\u00e9s en TI peuvent r\u00e9duire le stress, mais \u00e9galement faire tout ceci\u00a0: Augmenter la productivit\u00e9 Mieux prot\u00e9ger vos syst\u00e8mes et votre r\u00e9seau Augmenter la disponibilit\u00e9 de vos syst\u00e8mes Offrir un meilleur support \u00e0 vos utilisateurs Vous donner acc\u00e8s \u00e0 une expertise selon les [&#8230;]<\/p>\n","protected":false},"author":3,"featured_media":0,"parent":0,"menu_order":0,"comment_status":"closed","ping_status":"closed","template":"","meta":{"_acf_changed":false,"footnotes":"","_wp_rev_ctl_limit":""},"class_list":["post-22156","page","type-page","status-publish","hentry"],"acf":[],"yoast_head":"<!-- This site is optimized with the Yoast SEO plugin v27.3 - https:\/\/yoast.com\/product\/yoast-seo-wordpress\/ -->\n<title>Consultation Services G\u00e9r\u00e9s - Present<\/title>\n<meta name=\"description\" content=\"Des TI sans soucis oui c&#039;est possible! Prenez rendez-vous avec nos experts services g\u00e9r\u00e9s pour voir comment cette solution peut r\u00e9pondre \u00e0 vos besoins TI.\" \/>\n<meta name=\"robots\" content=\"index, follow, max-snippet:-1, max-image-preview:large, max-video-preview:-1\" \/>\n<link rel=\"canonical\" href=\"https:\/\/www.present.ca\/fr\/consultation-services-geres\/\" \/>\n<meta property=\"og:locale\" content=\"fr_FR\" \/>\n<meta property=\"og:type\" content=\"article\" \/>\n<meta property=\"og:title\" content=\"Consultation Services G\u00e9r\u00e9s - Present\" \/>\n<meta property=\"og:description\" content=\"Des TI sans soucis oui c&#039;est possible! Prenez rendez-vous avec nos experts services g\u00e9r\u00e9s pour voir comment cette solution peut r\u00e9pondre \u00e0 vos besoins TI.\" \/>\n<meta property=\"og:url\" content=\"https:\/\/www.present.ca\/fr\/consultation-services-geres\/\" \/>\n<meta property=\"og:site_name\" content=\"Present\" \/>\n<meta name=\"twitter:card\" content=\"summary_large_image\" \/>\n<meta name=\"twitter:label1\" content=\"Dur\u00e9e de lecture estim\u00e9e\" \/>\n\t<meta name=\"twitter:data1\" content=\"1 minute\" \/>\n<script type=\"application\/ld+json\" class=\"yoast-schema-graph\">{\"@context\":\"https:\\\/\\\/schema.org\",\"@graph\":[{\"@type\":\"WebPage\",\"@id\":\"https:\\\/\\\/www.present.ca\\\/fr\\\/consultation-services-geres\\\/\",\"url\":\"https:\\\/\\\/www.present.ca\\\/fr\\\/consultation-services-geres\\\/\",\"name\":\"Consultation Services G\u00e9r\u00e9s - Present\",\"isPartOf\":{\"@id\":\"https:\\\/\\\/www.present.ca\\\/fr\\\/#website\"},\"datePublished\":\"2021-04-21T14:59:37+00:00\",\"description\":\"Des TI sans soucis oui c'est possible! Prenez rendez-vous avec nos experts services g\u00e9r\u00e9s pour voir comment cette solution peut r\u00e9pondre \u00e0 vos besoins TI.\",\"breadcrumb\":{\"@id\":\"https:\\\/\\\/www.present.ca\\\/fr\\\/consultation-services-geres\\\/#breadcrumb\"},\"inLanguage\":\"fr-FR\",\"potentialAction\":[{\"@type\":\"ReadAction\",\"target\":[\"https:\\\/\\\/www.present.ca\\\/fr\\\/consultation-services-geres\\\/\"]}]},{\"@type\":\"BreadcrumbList\",\"@id\":\"https:\\\/\\\/www.present.ca\\\/fr\\\/consultation-services-geres\\\/#breadcrumb\",\"itemListElement\":[{\"@type\":\"ListItem\",\"position\":1,\"name\":\"Accueil\",\"item\":\"https:\\\/\\\/www.present.ca\\\/fr\\\/\"},{\"@type\":\"ListItem\",\"position\":2,\"name\":\"Consultation Services G\u00e9r\u00e9s\"}]},{\"@type\":\"WebSite\",\"@id\":\"https:\\\/\\\/www.present.ca\\\/fr\\\/#website\",\"url\":\"https:\\\/\\\/www.present.ca\\\/fr\\\/\",\"name\":\"Present\",\"description\":\"Services G\u00e9r\u00e9s TI, S\u00e9curit\u00e9 G\u00e9r\u00e9e TI et Solutions de Cloud Hybride\",\"potentialAction\":[{\"@type\":\"SearchAction\",\"target\":{\"@type\":\"EntryPoint\",\"urlTemplate\":\"https:\\\/\\\/www.present.ca\\\/fr\\\/?s={search_term_string}\"},\"query-input\":{\"@type\":\"PropertyValueSpecification\",\"valueRequired\":true,\"valueName\":\"search_term_string\"}}],\"inLanguage\":\"fr-FR\"}]}<\/script>\n<!-- \/ Yoast SEO plugin. -->","yoast_head_json":{"title":"Consultation Services G\u00e9r\u00e9s - Present","description":"Des TI sans soucis oui c'est possible! Prenez rendez-vous avec nos experts services g\u00e9r\u00e9s pour voir comment cette solution peut r\u00e9pondre \u00e0 vos besoins TI.","robots":{"index":"index","follow":"follow","max-snippet":"max-snippet:-1","max-image-preview":"max-image-preview:large","max-video-preview":"max-video-preview:-1"},"canonical":"https:\/\/www.present.ca\/fr\/consultation-services-geres\/","og_locale":"fr_FR","og_type":"article","og_title":"Consultation Services G\u00e9r\u00e9s - Present","og_description":"Des TI sans soucis oui c'est possible! Prenez rendez-vous avec nos experts services g\u00e9r\u00e9s pour voir comment cette solution peut r\u00e9pondre \u00e0 vos besoins TI.","og_url":"https:\/\/www.present.ca\/fr\/consultation-services-geres\/","og_site_name":"Present","twitter_card":"summary_large_image","twitter_misc":{"Dur\u00e9e de lecture estim\u00e9e":"1 minute"},"schema":{"@context":"https:\/\/schema.org","@graph":[{"@type":"WebPage","@id":"https:\/\/www.present.ca\/fr\/consultation-services-geres\/","url":"https:\/\/www.present.ca\/fr\/consultation-services-geres\/","name":"Consultation Services G\u00e9r\u00e9s - Present","isPartOf":{"@id":"https:\/\/www.present.ca\/fr\/#website"},"datePublished":"2021-04-21T14:59:37+00:00","description":"Des TI sans soucis oui c'est possible! Prenez rendez-vous avec nos experts services g\u00e9r\u00e9s pour voir comment cette solution peut r\u00e9pondre \u00e0 vos besoins TI.","breadcrumb":{"@id":"https:\/\/www.present.ca\/fr\/consultation-services-geres\/#breadcrumb"},"inLanguage":"fr-FR","potentialAction":[{"@type":"ReadAction","target":["https:\/\/www.present.ca\/fr\/consultation-services-geres\/"]}]},{"@type":"BreadcrumbList","@id":"https:\/\/www.present.ca\/fr\/consultation-services-geres\/#breadcrumb","itemListElement":[{"@type":"ListItem","position":1,"name":"Accueil","item":"https:\/\/www.present.ca\/fr\/"},{"@type":"ListItem","position":2,"name":"Consultation Services G\u00e9r\u00e9s"}]},{"@type":"WebSite","@id":"https:\/\/www.present.ca\/fr\/#website","url":"https:\/\/www.present.ca\/fr\/","name":"Present","description":"Services G\u00e9r\u00e9s TI, S\u00e9curit\u00e9 G\u00e9r\u00e9e TI et Solutions de Cloud Hybride","potentialAction":[{"@type":"SearchAction","target":{"@type":"EntryPoint","urlTemplate":"https:\/\/www.present.ca\/fr\/?s={search_term_string}"},"query-input":{"@type":"PropertyValueSpecification","valueRequired":true,"valueName":"search_term_string"}}],"inLanguage":"fr-FR"}]}},"_links":{"self":[{"href":"https:\/\/www.present.ca\/fr\/wp-json\/wp\/v2\/pages\/22156","targetHints":{"allow":["GET"]}}],"collection":[{"href":"https:\/\/www.present.ca\/fr\/wp-json\/wp\/v2\/pages"}],"about":[{"href":"https:\/\/www.present.ca\/fr\/wp-json\/wp\/v2\/types\/page"}],"author":[{"embeddable":true,"href":"https:\/\/www.present.ca\/fr\/wp-json\/wp\/v2\/users\/3"}],"replies":[{"embeddable":true,"href":"https:\/\/www.present.ca\/fr\/wp-json\/wp\/v2\/comments?post=22156"}],"version-history":[{"count":3,"href":"https:\/\/www.present.ca\/fr\/wp-json\/wp\/v2\/pages\/22156\/revisions"}],"predecessor-version":[{"id":22222,"href":"https:\/\/www.present.ca\/fr\/wp-json\/wp\/v2\/pages\/22156\/revisions\/22222"}],"wp:attachment":[{"href":"https:\/\/www.present.ca\/fr\/wp-json\/wp\/v2\/media?parent=22156"}],"curies":[{"name":"wp","href":"https:\/\/api.w.org\/{rel}","templated":true}]}}