{"id":22106,"date":"2021-04-20T13:49:28","date_gmt":"2021-04-20T17:49:28","guid":{"rendered":"https:\/\/www.present.ca\/?page_id=22106"},"modified":"2021-04-21T09:50:27","modified_gmt":"2021-04-21T13:50:27","slug":"contactez-nos-experts-en-cybersecurite","status":"publish","type":"page","link":"https:\/\/www.present.ca\/fr\/contactez-nos-experts-en-cybersecurite\/","title":{"rendered":"Contactez nos experts en cybers\u00e9curit\u00e9"},"content":{"rendered":"<p>[vc_row][vc_column width=\u00a0\u00bb1\/2&Prime;]<div id=\"ultimate-heading-42456a00cd114ad5f\" class=\"uvc-heading ult-adjust-bottom-margin ultimate-heading-42456a00cd114ad5f uvc-9285 \" data-hspacer=\"no_spacer\"  data-halign=\"center\" style=\"text-align:center\"><div class=\"uvc-heading-spacer no_spacer\" style=\"top\"><\/div><div class=\"uvc-main-heading ult-responsive\"  data-ultimate-target='.uvc-heading.ultimate-heading-42456a00cd114ad5f h2'  data-responsive-json-new='{\"font-size\":\"\",\"line-height\":\"\"}' ><h2 style=\"font-weight:normal;margin-bottom:30px;\">Concentrez-vous sur votre business en toute qui\u00e9tude<\/h2><\/div><\/div>[vc_column_text]On compte plus de 61\u00a0000 PMES Canadiennes victime d\u2019attaques informatiques en 2020. Ce n\u2019est donc pas de savoir si votre entreprise sera victime mais plut\u00f4t quand.<\/p>\n<p>Heureusement, nos solutions de cybers\u00e9curit\u00e9 prot\u00e8gent votre entreprise en temps r\u00e9el et bloque les attaques les plus sophistiqu\u00e9s.[\/vc_column_text][vc_column_text]<\/p>\n<p style=\"text-align: center;\"><strong>D\u00e9barrassez-vous de la charge mentale et du stress associ\u00e9s aux op\u00e9rations informatiques en utilisant les services g\u00e9r\u00e9s TI.<\/strong><\/p>\n<p>[\/vc_column_text][vc_row_inner][vc_column_inner width=\u00a0\u00bb1\/4&Prime;][vc_column_text]<img loading=\"lazy\" decoding=\"async\" class=\"alignnone wp-image-22116 aligncenter\" src=\"https:\/\/www.present.ca\/wp-content\/uploads\/2021\/04\/3-200x200.png\" alt=\"B\u00e9n\u00e9ficiez d'une protection sup\u00e9rieur \" width=\"124\" height=\"124\" srcset=\"https:\/\/www.present.ca\/wp-content\/uploads\/2021\/04\/3-200x200.png 200w, https:\/\/www.present.ca\/wp-content\/uploads\/2021\/04\/3-150x150.png 150w, https:\/\/www.present.ca\/wp-content\/uploads\/2021\/04\/3-70x70.png 70w, https:\/\/www.present.ca\/wp-content\/uploads\/2021\/04\/3-80x80.png 80w, https:\/\/www.present.ca\/wp-content\/uploads\/2021\/04\/3.png 500w\" sizes=\"auto, (max-width: 124px) 100vw, 124px\" \/><\/p>\n<p style=\"text-align: center;\">B\u00e9n\u00e9ficiez d&rsquo;une protection sup\u00e9rieure<\/p>\n<p>[\/vc_column_text][\/vc_column_inner][vc_column_inner width=\u00a0\u00bb1\/4&Prime;][vc_column_text]<img loading=\"lazy\" decoding=\"async\" class=\" wp-image-22114 aligncenter\" src=\"https:\/\/www.present.ca\/wp-content\/uploads\/2021\/04\/2-200x200.png\" alt=\"R\u00e9duisez vos risques \" width=\"128\" height=\"128\" srcset=\"https:\/\/www.present.ca\/wp-content\/uploads\/2021\/04\/2-200x200.png 200w, https:\/\/www.present.ca\/wp-content\/uploads\/2021\/04\/2-150x150.png 150w, https:\/\/www.present.ca\/wp-content\/uploads\/2021\/04\/2-70x70.png 70w, https:\/\/www.present.ca\/wp-content\/uploads\/2021\/04\/2-80x80.png 80w, https:\/\/www.present.ca\/wp-content\/uploads\/2021\/04\/2.png 500w\" sizes=\"auto, (max-width: 128px) 100vw, 128px\" \/><\/p>\n<p style=\"text-align: center;\">R\u00e9duisez vos risques<\/p>\n<p>[\/vc_column_text][\/vc_column_inner][vc_column_inner width=\u00a0\u00bb1\/4&Prime;][vc_column_text]<\/p>\n<p style=\"text-align: center;\"><img loading=\"lazy\" decoding=\"async\" class=\" wp-image-22112 aligncenter\" src=\"https:\/\/www.present.ca\/wp-content\/uploads\/2021\/04\/1-200x200.png\" alt=\"Services 24\/7\" width=\"128\" height=\"128\" srcset=\"https:\/\/www.present.ca\/wp-content\/uploads\/2021\/04\/1-200x200.png 200w, https:\/\/www.present.ca\/wp-content\/uploads\/2021\/04\/1-150x150.png 150w, https:\/\/www.present.ca\/wp-content\/uploads\/2021\/04\/1-70x70.png 70w, https:\/\/www.present.ca\/wp-content\/uploads\/2021\/04\/1-80x80.png 80w, https:\/\/www.present.ca\/wp-content\/uploads\/2021\/04\/1.png 500w\" sizes=\"auto, (max-width: 128px) 100vw, 128px\" \/>B\u00e9n\u00e9ficiez d&rsquo;un service 24\/7<\/p>\n<p>[\/vc_column_text][\/vc_column_inner][vc_column_inner width=\u00a0\u00bb1\/4&Prime;][vc_column_text]<img loading=\"lazy\" decoding=\"async\" class=\" wp-image-22118 aligncenter\" src=\"https:\/\/www.present.ca\/wp-content\/uploads\/2021\/04\/4-200x200.png\" alt=\"\u00c9ventail d'experts en s\u00e9curit\u00e9\" width=\"128\" height=\"128\" srcset=\"https:\/\/www.present.ca\/wp-content\/uploads\/2021\/04\/4-200x200.png 200w, https:\/\/www.present.ca\/wp-content\/uploads\/2021\/04\/4-150x150.png 150w, https:\/\/www.present.ca\/wp-content\/uploads\/2021\/04\/4-70x70.png 70w, https:\/\/www.present.ca\/wp-content\/uploads\/2021\/04\/4-80x80.png 80w, https:\/\/www.present.ca\/wp-content\/uploads\/2021\/04\/4.png 500w\" sizes=\"auto, (max-width: 128px) 100vw, 128px\" \/><\/p>\n<p style=\"text-align: center;\">Acc\u00e9dez \u00e0 un large \u00e9ventail d&rsquo;experts en s\u00e9curit\u00e9 certifi\u00e9s &amp; exp\u00e9riment\u00e9s<\/p>\n<p>[\/vc_column_text][\/vc_column_inner][\/vc_row_inner][\/vc_column][vc_column width=\u00a0\u00bb1\/2&Prime;][vc_column_text]<\/p>\n<h3 style=\"text-align: center;\">Prenez rendez-vous avec nos experts en cybers\u00e9curit\u00e9<\/h3>\n<p>[\/vc_column_text]\n<div class=\"wpcf7 no-js\" id=\"wpcf7-f22212-o1\" lang=\"fr-FR\" dir=\"ltr\" data-wpcf7-id=\"22212\">\n<div class=\"screen-reader-response\"><p role=\"status\" aria-live=\"polite\" aria-atomic=\"true\"><\/p> <ul><\/ul><\/div>\n<form action=\"\/fr\/wp-json\/wp\/v2\/pages\/22106#wpcf7-f22212-o1\" method=\"post\" class=\"wpcf7-form init\" aria-label=\"Formulaire de contact\" novalidate=\"novalidate\" data-status=\"init\">\n<fieldset class=\"hidden-fields-container\"><input type=\"hidden\" name=\"_wpcf7\" value=\"22212\" \/><input type=\"hidden\" name=\"_wpcf7_version\" value=\"6.1.5\" \/><input type=\"hidden\" name=\"_wpcf7_locale\" value=\"fr_FR\" \/><input type=\"hidden\" name=\"_wpcf7_unit_tag\" value=\"wpcf7-f22212-o1\" \/><input type=\"hidden\" name=\"_wpcf7_container_post\" value=\"0\" \/><input type=\"hidden\" name=\"_wpcf7_posted_data_hash\" value=\"\" \/>\n<\/fieldset>\n<p><label> Nom<br \/>\n<span class=\"wpcf7-form-control-wrap\" data-name=\"your-name\"><input size=\"40\" maxlength=\"400\" class=\"wpcf7-form-control wpcf7-text wpcf7-validates-as-required\" aria-required=\"true\" aria-invalid=\"false\" value=\"\" type=\"text\" name=\"your-name\" \/><\/span> <\/label>\n<\/p>\n<p><label> Courriel<br \/>\n<span class=\"wpcf7-form-control-wrap\" data-name=\"your-email\"><input size=\"40\" maxlength=\"400\" class=\"wpcf7-form-control wpcf7-email wpcf7-validates-as-required wpcf7-text wpcf7-validates-as-email\" aria-required=\"true\" aria-invalid=\"false\" value=\"\" type=\"email\" name=\"your-email\" \/><\/span> <\/label>\n<\/p>\n<p><label> T\u00e9l\u00e9phone <span class=\"wpcf7-form-control-wrap\" data-name=\"phone-number\"><input size=\"40\" maxlength=\"400\" class=\"wpcf7-form-control wpcf7-tel wpcf7-validates-as-required wpcf7-text wpcf7-validates-as-tel\" aria-required=\"true\" aria-invalid=\"false\" value=\"\" type=\"tel\" name=\"phone-number\" \/><\/span><\/label>\n<\/p>\n<p><label> Message<br \/>\n<span class=\"wpcf7-form-control-wrap\" data-name=\"your-message\"><textarea cols=\"40\" rows=\"10\" maxlength=\"2000\" class=\"wpcf7-form-control wpcf7-textarea\" aria-invalid=\"false\" name=\"your-message\"><\/textarea><\/span> <\/label>\n<\/p>\n<p><input class=\"wpcf7-form-control wpcf7-submit has-spinner\" type=\"submit\" value=\"Soumettre\" \/>\n<\/p><div class=\"wpcf7-response-output\" aria-hidden=\"true\"><\/div>\n<\/form>\n<\/div>\n[\/vc_column][\/vc_row]<\/p>\n","protected":false},"excerpt":{"rendered":"<p>[vc_row][vc_column width=\u00a0\u00bb1\/2&Prime;][vc_column_text]On compte plus de 61\u00a0000 PMES Canadiennes victime d\u2019attaques informatiques en 2020. Ce n\u2019est donc pas de savoir si votre entreprise sera victime mais plut\u00f4t quand. Heureusement, nos solutions de cybers\u00e9curit\u00e9 prot\u00e8gent votre entreprise en temps r\u00e9el et bloque les attaques les plus sophistiqu\u00e9s.[\/vc_column_text][vc_column_text] D\u00e9barrassez-vous de la charge mentale et du stress associ\u00e9s aux [&#8230;]<\/p>\n","protected":false},"author":3,"featured_media":0,"parent":0,"menu_order":0,"comment_status":"closed","ping_status":"closed","template":"","meta":{"_acf_changed":false,"footnotes":"","_wp_rev_ctl_limit":""},"class_list":["post-22106","page","type-page","status-publish","hentry"],"acf":[],"yoast_head":"<!-- This site is optimized with the Yoast SEO plugin v27.3 - https:\/\/yoast.com\/product\/yoast-seo-wordpress\/ -->\n<title>Contactez nos experts en cybers\u00e9curit\u00e9 - Present<\/title>\n<meta name=\"description\" content=\"Demandez une consultation de 30 minutes avec l&#039;un de nos experts en s\u00e9curit\u00e9 pour en savoir plus sur notre offre SOC et garantir le niveau le plus \u00e9lev\u00e9 possible de protection des terminaux pour un co\u00fbt mensuel minimal.\" \/>\n<meta name=\"robots\" content=\"index, follow, max-snippet:-1, max-image-preview:large, max-video-preview:-1\" \/>\n<link rel=\"canonical\" href=\"https:\/\/www.present.ca\/fr\/contactez-nos-experts-en-cybersecurite\/\" \/>\n<meta property=\"og:locale\" content=\"fr_FR\" \/>\n<meta property=\"og:type\" content=\"article\" \/>\n<meta property=\"og:title\" content=\"Contactez nos experts en cybers\u00e9curit\u00e9 - Present\" \/>\n<meta property=\"og:description\" content=\"Demandez une consultation de 30 minutes avec l&#039;un de nos experts en s\u00e9curit\u00e9 pour en savoir plus sur notre offre SOC et garantir le niveau le plus \u00e9lev\u00e9 possible de protection des terminaux pour un co\u00fbt mensuel minimal.\" \/>\n<meta property=\"og:url\" content=\"https:\/\/www.present.ca\/fr\/contactez-nos-experts-en-cybersecurite\/\" \/>\n<meta property=\"og:site_name\" content=\"Present\" \/>\n<meta property=\"article:modified_time\" content=\"2021-04-21T13:50:27+00:00\" \/>\n<meta property=\"og:image\" content=\"https:\/\/www.present.ca\/wp-content\/uploads\/2021\/04\/3-200x200.png\" \/>\n<meta name=\"twitter:card\" content=\"summary_large_image\" \/>\n<meta name=\"twitter:label1\" content=\"Dur\u00e9e de lecture estim\u00e9e\" \/>\n\t<meta name=\"twitter:data1\" content=\"1 minute\" \/>\n<script type=\"application\/ld+json\" class=\"yoast-schema-graph\">{\"@context\":\"https:\\\/\\\/schema.org\",\"@graph\":[{\"@type\":\"WebPage\",\"@id\":\"https:\\\/\\\/www.present.ca\\\/fr\\\/contactez-nos-experts-en-cybersecurite\\\/\",\"url\":\"https:\\\/\\\/www.present.ca\\\/fr\\\/contactez-nos-experts-en-cybersecurite\\\/\",\"name\":\"Contactez nos experts en cybers\u00e9curit\u00e9 - Present\",\"isPartOf\":{\"@id\":\"https:\\\/\\\/www.present.ca\\\/fr\\\/#website\"},\"primaryImageOfPage\":{\"@id\":\"https:\\\/\\\/www.present.ca\\\/fr\\\/contactez-nos-experts-en-cybersecurite\\\/#primaryimage\"},\"image\":{\"@id\":\"https:\\\/\\\/www.present.ca\\\/fr\\\/contactez-nos-experts-en-cybersecurite\\\/#primaryimage\"},\"thumbnailUrl\":\"https:\\\/\\\/www.present.ca\\\/wp-content\\\/uploads\\\/2021\\\/04\\\/3-200x200.png\",\"datePublished\":\"2021-04-20T17:49:28+00:00\",\"dateModified\":\"2021-04-21T13:50:27+00:00\",\"description\":\"Demandez une consultation de 30 minutes avec l'un de nos experts en s\u00e9curit\u00e9 pour en savoir plus sur notre offre SOC et garantir le niveau le plus \u00e9lev\u00e9 possible de protection des terminaux pour un co\u00fbt mensuel minimal.\",\"breadcrumb\":{\"@id\":\"https:\\\/\\\/www.present.ca\\\/fr\\\/contactez-nos-experts-en-cybersecurite\\\/#breadcrumb\"},\"inLanguage\":\"fr-FR\",\"potentialAction\":[{\"@type\":\"ReadAction\",\"target\":[\"https:\\\/\\\/www.present.ca\\\/fr\\\/contactez-nos-experts-en-cybersecurite\\\/\"]}]},{\"@type\":\"ImageObject\",\"inLanguage\":\"fr-FR\",\"@id\":\"https:\\\/\\\/www.present.ca\\\/fr\\\/contactez-nos-experts-en-cybersecurite\\\/#primaryimage\",\"url\":\"https:\\\/\\\/www.present.ca\\\/wp-content\\\/uploads\\\/2021\\\/04\\\/3-200x200.png\",\"contentUrl\":\"https:\\\/\\\/www.present.ca\\\/wp-content\\\/uploads\\\/2021\\\/04\\\/3-200x200.png\"},{\"@type\":\"BreadcrumbList\",\"@id\":\"https:\\\/\\\/www.present.ca\\\/fr\\\/contactez-nos-experts-en-cybersecurite\\\/#breadcrumb\",\"itemListElement\":[{\"@type\":\"ListItem\",\"position\":1,\"name\":\"Accueil\",\"item\":\"https:\\\/\\\/www.present.ca\\\/fr\\\/\"},{\"@type\":\"ListItem\",\"position\":2,\"name\":\"Contactez nos experts en cybers\u00e9curit\u00e9\"}]},{\"@type\":\"WebSite\",\"@id\":\"https:\\\/\\\/www.present.ca\\\/fr\\\/#website\",\"url\":\"https:\\\/\\\/www.present.ca\\\/fr\\\/\",\"name\":\"Present\",\"description\":\"Services G\u00e9r\u00e9s TI, S\u00e9curit\u00e9 G\u00e9r\u00e9e TI et Solutions de Cloud Hybride\",\"potentialAction\":[{\"@type\":\"SearchAction\",\"target\":{\"@type\":\"EntryPoint\",\"urlTemplate\":\"https:\\\/\\\/www.present.ca\\\/fr\\\/?s={search_term_string}\"},\"query-input\":{\"@type\":\"PropertyValueSpecification\",\"valueRequired\":true,\"valueName\":\"search_term_string\"}}],\"inLanguage\":\"fr-FR\"}]}<\/script>\n<!-- \/ Yoast SEO plugin. -->","yoast_head_json":{"title":"Contactez nos experts en cybers\u00e9curit\u00e9 - Present","description":"Demandez une consultation de 30 minutes avec l'un de nos experts en s\u00e9curit\u00e9 pour en savoir plus sur notre offre SOC et garantir le niveau le plus \u00e9lev\u00e9 possible de protection des terminaux pour un co\u00fbt mensuel minimal.","robots":{"index":"index","follow":"follow","max-snippet":"max-snippet:-1","max-image-preview":"max-image-preview:large","max-video-preview":"max-video-preview:-1"},"canonical":"https:\/\/www.present.ca\/fr\/contactez-nos-experts-en-cybersecurite\/","og_locale":"fr_FR","og_type":"article","og_title":"Contactez nos experts en cybers\u00e9curit\u00e9 - Present","og_description":"Demandez une consultation de 30 minutes avec l'un de nos experts en s\u00e9curit\u00e9 pour en savoir plus sur notre offre SOC et garantir le niveau le plus \u00e9lev\u00e9 possible de protection des terminaux pour un co\u00fbt mensuel minimal.","og_url":"https:\/\/www.present.ca\/fr\/contactez-nos-experts-en-cybersecurite\/","og_site_name":"Present","article_modified_time":"2021-04-21T13:50:27+00:00","og_image":[{"url":"https:\/\/www.present.ca\/wp-content\/uploads\/2021\/04\/3-200x200.png","type":"","width":"","height":""}],"twitter_card":"summary_large_image","twitter_misc":{"Dur\u00e9e de lecture estim\u00e9e":"1 minute"},"schema":{"@context":"https:\/\/schema.org","@graph":[{"@type":"WebPage","@id":"https:\/\/www.present.ca\/fr\/contactez-nos-experts-en-cybersecurite\/","url":"https:\/\/www.present.ca\/fr\/contactez-nos-experts-en-cybersecurite\/","name":"Contactez nos experts en cybers\u00e9curit\u00e9 - Present","isPartOf":{"@id":"https:\/\/www.present.ca\/fr\/#website"},"primaryImageOfPage":{"@id":"https:\/\/www.present.ca\/fr\/contactez-nos-experts-en-cybersecurite\/#primaryimage"},"image":{"@id":"https:\/\/www.present.ca\/fr\/contactez-nos-experts-en-cybersecurite\/#primaryimage"},"thumbnailUrl":"https:\/\/www.present.ca\/wp-content\/uploads\/2021\/04\/3-200x200.png","datePublished":"2021-04-20T17:49:28+00:00","dateModified":"2021-04-21T13:50:27+00:00","description":"Demandez une consultation de 30 minutes avec l'un de nos experts en s\u00e9curit\u00e9 pour en savoir plus sur notre offre SOC et garantir le niveau le plus \u00e9lev\u00e9 possible de protection des terminaux pour un co\u00fbt mensuel minimal.","breadcrumb":{"@id":"https:\/\/www.present.ca\/fr\/contactez-nos-experts-en-cybersecurite\/#breadcrumb"},"inLanguage":"fr-FR","potentialAction":[{"@type":"ReadAction","target":["https:\/\/www.present.ca\/fr\/contactez-nos-experts-en-cybersecurite\/"]}]},{"@type":"ImageObject","inLanguage":"fr-FR","@id":"https:\/\/www.present.ca\/fr\/contactez-nos-experts-en-cybersecurite\/#primaryimage","url":"https:\/\/www.present.ca\/wp-content\/uploads\/2021\/04\/3-200x200.png","contentUrl":"https:\/\/www.present.ca\/wp-content\/uploads\/2021\/04\/3-200x200.png"},{"@type":"BreadcrumbList","@id":"https:\/\/www.present.ca\/fr\/contactez-nos-experts-en-cybersecurite\/#breadcrumb","itemListElement":[{"@type":"ListItem","position":1,"name":"Accueil","item":"https:\/\/www.present.ca\/fr\/"},{"@type":"ListItem","position":2,"name":"Contactez nos experts en cybers\u00e9curit\u00e9"}]},{"@type":"WebSite","@id":"https:\/\/www.present.ca\/fr\/#website","url":"https:\/\/www.present.ca\/fr\/","name":"Present","description":"Services G\u00e9r\u00e9s TI, S\u00e9curit\u00e9 G\u00e9r\u00e9e TI et Solutions de Cloud Hybride","potentialAction":[{"@type":"SearchAction","target":{"@type":"EntryPoint","urlTemplate":"https:\/\/www.present.ca\/fr\/?s={search_term_string}"},"query-input":{"@type":"PropertyValueSpecification","valueRequired":true,"valueName":"search_term_string"}}],"inLanguage":"fr-FR"}]}},"_links":{"self":[{"href":"https:\/\/www.present.ca\/fr\/wp-json\/wp\/v2\/pages\/22106","targetHints":{"allow":["GET"]}}],"collection":[{"href":"https:\/\/www.present.ca\/fr\/wp-json\/wp\/v2\/pages"}],"about":[{"href":"https:\/\/www.present.ca\/fr\/wp-json\/wp\/v2\/types\/page"}],"author":[{"embeddable":true,"href":"https:\/\/www.present.ca\/fr\/wp-json\/wp\/v2\/users\/3"}],"replies":[{"embeddable":true,"href":"https:\/\/www.present.ca\/fr\/wp-json\/wp\/v2\/comments?post=22106"}],"version-history":[{"count":3,"href":"https:\/\/www.present.ca\/fr\/wp-json\/wp\/v2\/pages\/22106\/revisions"}],"predecessor-version":[{"id":22215,"href":"https:\/\/www.present.ca\/fr\/wp-json\/wp\/v2\/pages\/22106\/revisions\/22215"}],"wp:attachment":[{"href":"https:\/\/www.present.ca\/fr\/wp-json\/wp\/v2\/media?parent=22106"}],"curies":[{"name":"wp","href":"https:\/\/api.w.org\/{rel}","templated":true}]}}