{"id":21920,"date":"2020-07-23T16:34:19","date_gmt":"2020-07-23T20:34:19","guid":{"rendered":"https:\/\/www.present.ca\/ressources\/etude-de-cas\/case-study-outsourcing-recruitment-allows-it-to-focus-on-their-core-business\/"},"modified":"2024-01-03T15:45:57","modified_gmt":"2024-01-03T20:45:57","slug":"l-impartition-du-recrutement-permet-aux-ti-de-se-concentrer-sur-leur-metier-principal","status":"publish","type":"page","link":"https:\/\/www.present.ca\/fr\/ressources\/etude-de-cas\/l-impartition-du-recrutement-permet-aux-ti-de-se-concentrer-sur-leur-metier-principal\/","title":{"rendered":"L&rsquo;impartition du recrutement permet aux TI de se concentrer sur leur m\u00e9tier principal"},"content":{"rendered":"<p>[vc_row][vc_column]<div id=\"ultimate-heading-53476a072d58d1355\" class=\"uvc-heading ult-adjust-bottom-margin ultimate-heading-53476a072d58d1355 uvc-7505 \" data-hspacer=\"no_spacer\"  data-halign=\"center\" style=\"text-align:center\"><div class=\"uvc-heading-spacer no_spacer\" style=\"top\"><\/div><div class=\"uvc-main-heading ult-responsive\"  data-ultimate-target='.uvc-heading.ultimate-heading-53476a072d58d1355 h2'  data-responsive-json-new='{\"font-size\":\"\",\"line-height\":\"\"}' ><h2 style=\"font-weight:normal;\">Industrie: Distribution<\/h2><\/div><div class=\"uvc-sub-heading ult-responsive\"  data-ultimate-target='.uvc-heading.ultimate-heading-53476a072d58d1355 .uvc-sub-heading '  data-responsive-json-new='{\"font-size\":\"\",\"line-height\":\"\"}'  style=\"font-weight:normal;\"><\/p>\n<h4><strong>Client:<\/strong> coop\u00e9rative de 75 ans<\/h4>\n<p><\/div><\/div>[\/vc_column][\/vc_row][vc_row][vc_column width=\u00a0\u00bb1\/3&Prime;][vc_column_text]<strong>D\u00e9fis\u00a0:<\/strong><\/p>\n<ul>\n<li style=\"list-style-type: none;\">\n<ul>\n<li>\u00catre en mesure de fournir \u00e0 ses 2000 membres un acc\u00e8s facile et efficace \u00e0 leurs services.<\/li>\n<li>\u00c9ch\u00e9ance imminente alors que les services \u00e9taient requis pour l&rsquo;assembl\u00e9e annuelle des actionnaires.<\/li>\n<\/ul>\n<\/li>\n<\/ul>\n<p>[\/vc_column_text][\/vc_column][vc_column width=\u00a0\u00bb1\/3&Prime;][vc_column_text]<strong>Solution\u00a0:<\/strong><\/p>\n<ul>\n<li>Utilisation des services de recrutement TI de Present pour r\u00e9unir une \u00e9quipe de 10 ressources afin de fournir un portail avec un acc\u00e8s centralis\u00e9 \u00e0 leurs produits, inventaire, transferts et plus encore.<\/li>\n<\/ul>\n<p>[\/vc_column_text][\/vc_column][vc_column width=\u00a0\u00bb1\/3&Prime;][vc_column_text]<strong>B\u00e9n\u00e9fices\u00a0:<\/strong><\/p>\n<ul>\n<li>La composition exp\u00e9ditive d&rsquo;une \u00e9quipe de 10 personnes a permis de livrer rapidement le portail, permettant une meilleure communication et des processus simplifi\u00e9s avec leurs membres.<\/li>\n<li>Sans avoir \u00e0 se soucier du processus de recrutement, y compris la recherche de candidats, les entrevues et le processus de recrutement, les TI pouvaient se concentrer sur leur activit\u00e9 principale, ce qui contribue au succ\u00e8s de l\u2019entreprise.<\/li>\n<\/ul>\n<p>[\/vc_column_text][\/vc_column][\/vc_row][vc_row][vc_column width=\u00a0\u00bb1\/12&Prime;][\/vc_column][vc_column width=\u00a0\u00bb1\/3&Prime;][\/vc_column][vc_column width=\u00a0\u00bb2\/12&Prime;][\/vc_column][vc_column width=\u00a0\u00bb1\/3&Prime;][\/vc_column][vc_column width=\u00a0\u00bb1\/12&Prime;][\/vc_column][\/vc_row][vc_row full_width=\u00a0\u00bbstretch_row_content\u00a0\u00bb bg_type=\u00a0\u00bbbg_color\u00a0\u00bb el_class=\u00a0\u00bbtilt-pos-3-deg\u00a0\u00bb css=\u00a0\u00bb.vc_custom_1588250693452{padding-top: 25px !important;padding-bottom: 25px !important;}\u00a0\u00bb bg_color_value=\u00a0\u00bb#16a361&Prime;][vc_column]<div id=\"ultimate-heading-87966a072d58d13a3\" class=\"uvc-heading ult-adjust-bottom-margin ultimate-heading-87966a072d58d13a3 uvc-9729 \" data-hspacer=\"no_spacer\"  data-halign=\"center\" style=\"text-align:center\"><div class=\"uvc-heading-spacer no_spacer\" style=\"top\"><\/div><div class=\"uvc-main-heading ult-responsive\"  data-ultimate-target='.uvc-heading.ultimate-heading-87966a072d58d13a3 h3'  data-responsive-json-new='{\"font-size\":\"\",\"line-height\":\"\"}' ><h3 style=\"font-weight:normal;margin-top:10px;margin-bottom:25px;\">Contactez-nous pour en apprendre d'avantage sur cet \u00e9tude de cas.<\/h3><\/div><\/div><div class=\" ubtn-ctn-center \"><a class=\"ubtn-link ult-adjust-bottom-margin ubtn-center ubtn-normal \" href=\"\/fr\/contactez-present\/\" title=\"Contactez Present\" ><button type=\"button\" id=\"ubtn-8273\"  class=\"ubtn ult-adjust-bottom-margin ult-responsive ubtn-normal ubtn-no-hover-bg  none  ubtn-center   tooltip-6a072d58d13d5\"  data-hover=\"#ffffff\" data-border-color=\"#ffffff\" data-bg=\"#ffffff\" data-hover-bg=\"#000000\" data-border-hover=\"#ffffff\" data-shadow-hover=\"\" data-shadow-click=\"none\" data-shadow=\"\" data-shd-shadow=\"\"  data-ultimate-target='#ubtn-8273'  data-responsive-json-new='{\"font-size\":\"desktop:18px;\",\"line-height\":\"\"}'  style=\"font-weight:bold;border-radius:5px;border-width:3px;border-color:#ffffff;border-style:solid;background: #ffffff;color: #16a361;\"><span class=\"ubtn-hover\" style=\"background-color:#000000\"><\/span><span class=\"ubtn-data ubtn-text \" >Parlons-en<\/span><\/button><\/a><\/div>[\/vc_column][\/vc_row]<\/p>\n","protected":false},"excerpt":{"rendered":"<p>[vc_row][vc_column][\/vc_column][\/vc_row][vc_row][vc_column width=\u00a0\u00bb1\/3&Prime;][vc_column_text]D\u00e9fis\u00a0: \u00catre en mesure de fournir \u00e0 ses 2000 membres un acc\u00e8s facile et efficace \u00e0 leurs services. \u00c9ch\u00e9ance imminente alors que les services \u00e9taient requis pour l&rsquo;assembl\u00e9e annuelle des actionnaires. [\/vc_column_text][\/vc_column][vc_column width=\u00a0\u00bb1\/3&Prime;][vc_column_text]Solution\u00a0: Utilisation des services de recrutement TI de Present pour r\u00e9unir une \u00e9quipe de 10 ressources afin de fournir un portail avec [&#8230;]<\/p>\n","protected":false},"author":3,"featured_media":20739,"parent":10724,"menu_order":0,"comment_status":"closed","ping_status":"closed","template":"","meta":{"_acf_changed":false,"footnotes":"","_wp_rev_ctl_limit":""},"class_list":["post-21920","page","type-page","status-publish","has-post-thumbnail","hentry"],"acf":[],"yoast_head":"<!-- This site is optimized with the Yoast SEO plugin v27.3 - https:\/\/yoast.com\/product\/yoast-seo-wordpress\/ -->\n<title>L&#039;impartition du recrutement permet aux TI de se concentrer sur leur m\u00e9tier principal - Present<\/title>\n<meta name=\"description\" content=\"\u00c9tude de cas : Sans avoir \u00e0 se soucier du processus de recrutement, les TI pouvaient se concentrer sur ce qui contribue au succ\u00e8s de l\u2019entreprise.\" \/>\n<meta name=\"robots\" content=\"index, follow, max-snippet:-1, max-image-preview:large, max-video-preview:-1\" \/>\n<link rel=\"canonical\" href=\"https:\/\/www.present.ca\/fr\/ressources\/etude-de-cas\/l-impartition-du-recrutement-permet-aux-ti-de-se-concentrer-sur-leur-metier-principal\/\" \/>\n<meta property=\"og:locale\" content=\"fr_FR\" \/>\n<meta property=\"og:type\" content=\"article\" \/>\n<meta property=\"og:title\" content=\"L&#039;impartition du recrutement permet aux TI de se concentrer sur leur m\u00e9tier principal - Present\" \/>\n<meta property=\"og:description\" content=\"\u00c9tude de cas : Sans avoir \u00e0 se soucier du processus de recrutement, les TI pouvaient se concentrer sur ce qui contribue au succ\u00e8s de l\u2019entreprise.\" \/>\n<meta property=\"og:url\" content=\"https:\/\/www.present.ca\/fr\/ressources\/etude-de-cas\/l-impartition-du-recrutement-permet-aux-ti-de-se-concentrer-sur-leur-metier-principal\/\" \/>\n<meta property=\"og:site_name\" content=\"Present\" \/>\n<meta property=\"article:modified_time\" content=\"2024-01-03T20:45:57+00:00\" \/>\n<meta property=\"og:image\" content=\"https:\/\/www.present.ca\/wp-content\/uploads\/2020\/07\/outsourcing-recruitment-bnw.jpg\" \/>\n\t<meta property=\"og:image:width\" content=\"561\" \/>\n\t<meta property=\"og:image:height\" content=\"370\" \/>\n\t<meta property=\"og:image:type\" content=\"image\/jpeg\" \/>\n<meta name=\"twitter:card\" content=\"summary_large_image\" \/>\n<meta name=\"twitter:label1\" content=\"Dur\u00e9e de lecture estim\u00e9e\" \/>\n\t<meta name=\"twitter:data1\" content=\"1 minute\" \/>\n<script type=\"application\/ld+json\" class=\"yoast-schema-graph\">{\"@context\":\"https:\\\/\\\/schema.org\",\"@graph\":[{\"@type\":\"WebPage\",\"@id\":\"https:\\\/\\\/www.present.ca\\\/fr\\\/ressources\\\/etude-de-cas\\\/l-impartition-du-recrutement-permet-aux-ti-de-se-concentrer-sur-leur-metier-principal\\\/\",\"url\":\"https:\\\/\\\/www.present.ca\\\/fr\\\/ressources\\\/etude-de-cas\\\/l-impartition-du-recrutement-permet-aux-ti-de-se-concentrer-sur-leur-metier-principal\\\/\",\"name\":\"L'impartition du recrutement permet aux TI de se concentrer sur leur m\u00e9tier principal - Present\",\"isPartOf\":{\"@id\":\"https:\\\/\\\/www.present.ca\\\/fr\\\/#website\"},\"primaryImageOfPage\":{\"@id\":\"https:\\\/\\\/www.present.ca\\\/fr\\\/ressources\\\/etude-de-cas\\\/l-impartition-du-recrutement-permet-aux-ti-de-se-concentrer-sur-leur-metier-principal\\\/#primaryimage\"},\"image\":{\"@id\":\"https:\\\/\\\/www.present.ca\\\/fr\\\/ressources\\\/etude-de-cas\\\/l-impartition-du-recrutement-permet-aux-ti-de-se-concentrer-sur-leur-metier-principal\\\/#primaryimage\"},\"thumbnailUrl\":\"https:\\\/\\\/www.present.ca\\\/wp-content\\\/uploads\\\/2020\\\/07\\\/outsourcing-recruitment-bnw.jpg\",\"datePublished\":\"2020-07-23T20:34:19+00:00\",\"dateModified\":\"2024-01-03T20:45:57+00:00\",\"description\":\"\u00c9tude de cas : Sans avoir \u00e0 se soucier du processus de recrutement, les TI pouvaient se concentrer sur ce qui contribue au succ\u00e8s de l\u2019entreprise.\",\"breadcrumb\":{\"@id\":\"https:\\\/\\\/www.present.ca\\\/fr\\\/ressources\\\/etude-de-cas\\\/l-impartition-du-recrutement-permet-aux-ti-de-se-concentrer-sur-leur-metier-principal\\\/#breadcrumb\"},\"inLanguage\":\"fr-FR\",\"potentialAction\":[{\"@type\":\"ReadAction\",\"target\":[\"https:\\\/\\\/www.present.ca\\\/fr\\\/ressources\\\/etude-de-cas\\\/l-impartition-du-recrutement-permet-aux-ti-de-se-concentrer-sur-leur-metier-principal\\\/\"]}]},{\"@type\":\"ImageObject\",\"inLanguage\":\"fr-FR\",\"@id\":\"https:\\\/\\\/www.present.ca\\\/fr\\\/ressources\\\/etude-de-cas\\\/l-impartition-du-recrutement-permet-aux-ti-de-se-concentrer-sur-leur-metier-principal\\\/#primaryimage\",\"url\":\"https:\\\/\\\/www.present.ca\\\/wp-content\\\/uploads\\\/2020\\\/07\\\/outsourcing-recruitment-bnw.jpg\",\"contentUrl\":\"https:\\\/\\\/www.present.ca\\\/wp-content\\\/uploads\\\/2020\\\/07\\\/outsourcing-recruitment-bnw.jpg\",\"width\":561,\"height\":370,\"caption\":\"Recrutement TI\"},{\"@type\":\"BreadcrumbList\",\"@id\":\"https:\\\/\\\/www.present.ca\\\/fr\\\/ressources\\\/etude-de-cas\\\/l-impartition-du-recrutement-permet-aux-ti-de-se-concentrer-sur-leur-metier-principal\\\/#breadcrumb\",\"itemListElement\":[{\"@type\":\"ListItem\",\"position\":1,\"name\":\"Accueil\",\"item\":\"https:\\\/\\\/www.present.ca\\\/fr\\\/\"},{\"@type\":\"ListItem\",\"position\":2,\"name\":\"Ressources\",\"item\":\"https:\\\/\\\/www.present.ca\\\/fr\\\/ressources\\\/\"},{\"@type\":\"ListItem\",\"position\":3,\"name\":\"\u00c9tudes de Cas\",\"item\":\"https:\\\/\\\/www.present.ca\\\/fr\\\/ressources\\\/etude-de-cas\\\/\"},{\"@type\":\"ListItem\",\"position\":4,\"name\":\"L&#8217;impartition du recrutement permet aux TI de se concentrer sur leur m\u00e9tier principal\"}]},{\"@type\":\"WebSite\",\"@id\":\"https:\\\/\\\/www.present.ca\\\/fr\\\/#website\",\"url\":\"https:\\\/\\\/www.present.ca\\\/fr\\\/\",\"name\":\"Present\",\"description\":\"Services G\u00e9r\u00e9s TI, S\u00e9curit\u00e9 G\u00e9r\u00e9e TI et Solutions de Cloud Hybride\",\"potentialAction\":[{\"@type\":\"SearchAction\",\"target\":{\"@type\":\"EntryPoint\",\"urlTemplate\":\"https:\\\/\\\/www.present.ca\\\/fr\\\/?s={search_term_string}\"},\"query-input\":{\"@type\":\"PropertyValueSpecification\",\"valueRequired\":true,\"valueName\":\"search_term_string\"}}],\"inLanguage\":\"fr-FR\"}]}<\/script>\n<!-- \/ Yoast SEO plugin. -->","yoast_head_json":{"title":"L'impartition du recrutement permet aux TI de se concentrer sur leur m\u00e9tier principal - Present","description":"\u00c9tude de cas : Sans avoir \u00e0 se soucier du processus de recrutement, les TI pouvaient se concentrer sur ce qui contribue au succ\u00e8s de l\u2019entreprise.","robots":{"index":"index","follow":"follow","max-snippet":"max-snippet:-1","max-image-preview":"max-image-preview:large","max-video-preview":"max-video-preview:-1"},"canonical":"https:\/\/www.present.ca\/fr\/ressources\/etude-de-cas\/l-impartition-du-recrutement-permet-aux-ti-de-se-concentrer-sur-leur-metier-principal\/","og_locale":"fr_FR","og_type":"article","og_title":"L'impartition du recrutement permet aux TI de se concentrer sur leur m\u00e9tier principal - Present","og_description":"\u00c9tude de cas : Sans avoir \u00e0 se soucier du processus de recrutement, les TI pouvaient se concentrer sur ce qui contribue au succ\u00e8s de l\u2019entreprise.","og_url":"https:\/\/www.present.ca\/fr\/ressources\/etude-de-cas\/l-impartition-du-recrutement-permet-aux-ti-de-se-concentrer-sur-leur-metier-principal\/","og_site_name":"Present","article_modified_time":"2024-01-03T20:45:57+00:00","og_image":[{"width":561,"height":370,"url":"https:\/\/www.present.ca\/wp-content\/uploads\/2020\/07\/outsourcing-recruitment-bnw.jpg","type":"image\/jpeg"}],"twitter_card":"summary_large_image","twitter_misc":{"Dur\u00e9e de lecture estim\u00e9e":"1 minute"},"schema":{"@context":"https:\/\/schema.org","@graph":[{"@type":"WebPage","@id":"https:\/\/www.present.ca\/fr\/ressources\/etude-de-cas\/l-impartition-du-recrutement-permet-aux-ti-de-se-concentrer-sur-leur-metier-principal\/","url":"https:\/\/www.present.ca\/fr\/ressources\/etude-de-cas\/l-impartition-du-recrutement-permet-aux-ti-de-se-concentrer-sur-leur-metier-principal\/","name":"L'impartition du recrutement permet aux TI de se concentrer sur leur m\u00e9tier principal - Present","isPartOf":{"@id":"https:\/\/www.present.ca\/fr\/#website"},"primaryImageOfPage":{"@id":"https:\/\/www.present.ca\/fr\/ressources\/etude-de-cas\/l-impartition-du-recrutement-permet-aux-ti-de-se-concentrer-sur-leur-metier-principal\/#primaryimage"},"image":{"@id":"https:\/\/www.present.ca\/fr\/ressources\/etude-de-cas\/l-impartition-du-recrutement-permet-aux-ti-de-se-concentrer-sur-leur-metier-principal\/#primaryimage"},"thumbnailUrl":"https:\/\/www.present.ca\/wp-content\/uploads\/2020\/07\/outsourcing-recruitment-bnw.jpg","datePublished":"2020-07-23T20:34:19+00:00","dateModified":"2024-01-03T20:45:57+00:00","description":"\u00c9tude de cas : Sans avoir \u00e0 se soucier du processus de recrutement, les TI pouvaient se concentrer sur ce qui contribue au succ\u00e8s de l\u2019entreprise.","breadcrumb":{"@id":"https:\/\/www.present.ca\/fr\/ressources\/etude-de-cas\/l-impartition-du-recrutement-permet-aux-ti-de-se-concentrer-sur-leur-metier-principal\/#breadcrumb"},"inLanguage":"fr-FR","potentialAction":[{"@type":"ReadAction","target":["https:\/\/www.present.ca\/fr\/ressources\/etude-de-cas\/l-impartition-du-recrutement-permet-aux-ti-de-se-concentrer-sur-leur-metier-principal\/"]}]},{"@type":"ImageObject","inLanguage":"fr-FR","@id":"https:\/\/www.present.ca\/fr\/ressources\/etude-de-cas\/l-impartition-du-recrutement-permet-aux-ti-de-se-concentrer-sur-leur-metier-principal\/#primaryimage","url":"https:\/\/www.present.ca\/wp-content\/uploads\/2020\/07\/outsourcing-recruitment-bnw.jpg","contentUrl":"https:\/\/www.present.ca\/wp-content\/uploads\/2020\/07\/outsourcing-recruitment-bnw.jpg","width":561,"height":370,"caption":"Recrutement TI"},{"@type":"BreadcrumbList","@id":"https:\/\/www.present.ca\/fr\/ressources\/etude-de-cas\/l-impartition-du-recrutement-permet-aux-ti-de-se-concentrer-sur-leur-metier-principal\/#breadcrumb","itemListElement":[{"@type":"ListItem","position":1,"name":"Accueil","item":"https:\/\/www.present.ca\/fr\/"},{"@type":"ListItem","position":2,"name":"Ressources","item":"https:\/\/www.present.ca\/fr\/ressources\/"},{"@type":"ListItem","position":3,"name":"\u00c9tudes de Cas","item":"https:\/\/www.present.ca\/fr\/ressources\/etude-de-cas\/"},{"@type":"ListItem","position":4,"name":"L&#8217;impartition du recrutement permet aux TI de se concentrer sur leur m\u00e9tier principal"}]},{"@type":"WebSite","@id":"https:\/\/www.present.ca\/fr\/#website","url":"https:\/\/www.present.ca\/fr\/","name":"Present","description":"Services G\u00e9r\u00e9s TI, S\u00e9curit\u00e9 G\u00e9r\u00e9e TI et Solutions de Cloud Hybride","potentialAction":[{"@type":"SearchAction","target":{"@type":"EntryPoint","urlTemplate":"https:\/\/www.present.ca\/fr\/?s={search_term_string}"},"query-input":{"@type":"PropertyValueSpecification","valueRequired":true,"valueName":"search_term_string"}}],"inLanguage":"fr-FR"}]}},"_links":{"self":[{"href":"https:\/\/www.present.ca\/fr\/wp-json\/wp\/v2\/pages\/21920","targetHints":{"allow":["GET"]}}],"collection":[{"href":"https:\/\/www.present.ca\/fr\/wp-json\/wp\/v2\/pages"}],"about":[{"href":"https:\/\/www.present.ca\/fr\/wp-json\/wp\/v2\/types\/page"}],"author":[{"embeddable":true,"href":"https:\/\/www.present.ca\/fr\/wp-json\/wp\/v2\/users\/3"}],"replies":[{"embeddable":true,"href":"https:\/\/www.present.ca\/fr\/wp-json\/wp\/v2\/comments?post=21920"}],"version-history":[{"count":3,"href":"https:\/\/www.present.ca\/fr\/wp-json\/wp\/v2\/pages\/21920\/revisions"}],"predecessor-version":[{"id":27857,"href":"https:\/\/www.present.ca\/fr\/wp-json\/wp\/v2\/pages\/21920\/revisions\/27857"}],"up":[{"embeddable":true,"href":"https:\/\/www.present.ca\/fr\/wp-json\/wp\/v2\/pages\/10724"}],"wp:featuredmedia":[{"embeddable":true,"href":"https:\/\/www.present.ca\/fr\/wp-json\/wp\/v2\/media\/20739"}],"wp:attachment":[{"href":"https:\/\/www.present.ca\/fr\/wp-json\/wp\/v2\/media?parent=21920"}],"curies":[{"name":"wp","href":"https:\/\/api.w.org\/{rel}","templated":true}]}}