{"id":21342,"date":"2020-10-13T15:57:43","date_gmt":"2020-10-13T19:57:43","guid":{"rendered":"https:\/\/www.present.ca\/?page_id=21342"},"modified":"2020-10-16T09:25:32","modified_gmt":"2020-10-16T13:25:32","slug":"audit-de-securite-contre-les-cybermenaces","status":"publish","type":"page","link":"https:\/\/www.present.ca\/fr\/audit-de-securite-contre-les-cybermenaces\/","title":{"rendered":"Audit de s\u00e9curit\u00e9 contre les cybermenaces"},"content":{"rendered":"<p>[vc_row][vc_column][vc_column_text]<\/p>\n<h1 style=\"text-align: center;\">La cybers\u00e9curit\u00e9 vous emp\u00eache-t-elle de dormir la nuit?<\/h1>\n<p>[\/vc_column_text][\/vc_column][\/vc_row][vc_row][vc_column width=\u00a0\u00bb1\/2&Prime;][vc_column_text]<\/p>\n<p style=\"text-align: left;\">Il y a de bonnes raisons de s&rsquo;inqui\u00e9ter pour la cybers\u00e9curit\u00e9: le nombre de cyberattaques ne cesse d&rsquo;augmenter chaque ann\u00e9e et les attaques de ransomwares auraient plus que doubl\u00e9 au cours de l&rsquo;ann\u00e9e \u00e9coul\u00e9e. La triste r\u00e9alit\u00e9 est que les organisations comptant des milliers d&#8217;employ\u00e9s travaillent chaque jour dans le seul but de pirater les syst\u00e8mes des entreprises et de leur demander de l&rsquo;argent.<\/p>\n<p>De plus, un grand pourcentage de cyberattaques provient des e-mails. Les entreprises ont besoin de prot\u00e9ger leurs services Microsoft en ligne de messagerie, d&rsquo;\u00e9quipes, onedrive, sharepoint, cl\u00e9s USB.<\/p>\n<p>Cela peut \u00eatre fait avec l&rsquo;authentification multifacteur (MFA), la protection avanc\u00e9e contre les menaces (ATP). Anti spam, anti malware, p\u00eache et liens s\u00e9curis\u00e9s, pour que tout soit filtr\u00e9 avant que vos utilisateurs ne le re\u00e7oivent.<\/p>\n<p>Present propose une \u00e9valuation de la cybers\u00e9curit\u00e9 qui \u00e9valuera votre vuln\u00e9rabilit\u00e9 et vous fournira des recommandations simples et rapides.<\/p>\n<p>&nbsp;<\/p>\n<h2>Demandez votre audit en remplissant le formulaire.<\/h2>\n<p>[\/vc_column_text][\/vc_column][vc_column width=\u00a0\u00bb1\/2&Prime;][vc_column_text]<\/p>\n<h3 style=\"text-align: center;\">Demandez\u00a0votre audit <strong>gratuit<\/strong> de s\u00e9curit\u00e9 contre les cybermenaces!<\/h3>\n<p>[\/vc_column_text]\n<div class=\"wpcf7 no-js\" id=\"wpcf7-f21340-o1\" lang=\"fr-FR\" dir=\"ltr\" data-wpcf7-id=\"21340\">\n<div class=\"screen-reader-response\"><p role=\"status\" aria-live=\"polite\" aria-atomic=\"true\"><\/p> <ul><\/ul><\/div>\n<form action=\"\/fr\/wp-json\/wp\/v2\/pages\/21342#wpcf7-f21340-o1\" method=\"post\" class=\"wpcf7-form init\" aria-label=\"Formulaire de contact\" novalidate=\"novalidate\" data-status=\"init\">\n<fieldset class=\"hidden-fields-container\"><input type=\"hidden\" name=\"_wpcf7\" value=\"21340\" \/><input type=\"hidden\" name=\"_wpcf7_version\" value=\"6.1.5\" \/><input type=\"hidden\" name=\"_wpcf7_locale\" value=\"fr_FR\" \/><input type=\"hidden\" name=\"_wpcf7_unit_tag\" value=\"wpcf7-f21340-o1\" \/><input type=\"hidden\" name=\"_wpcf7_container_post\" value=\"0\" \/><input type=\"hidden\" name=\"_wpcf7_posted_data_hash\" value=\"\" \/>\n<\/fieldset>\n<p><label> Nom *<br \/>\n<span class=\"wpcf7-form-control-wrap\" data-name=\"your-name\"><input size=\"40\" maxlength=\"400\" class=\"wpcf7-form-control wpcf7-text wpcf7-validates-as-required\" aria-required=\"true\" aria-invalid=\"false\" value=\"\" type=\"text\" name=\"your-name\" \/><\/span> <\/label><br \/>\n<label> Compagnie *<br \/>\n<span class=\"wpcf7-form-control-wrap\" data-name=\"your-name\"><input size=\"40\" maxlength=\"400\" class=\"wpcf7-form-control wpcf7-text wpcf7-validates-as-required\" aria-required=\"true\" aria-invalid=\"false\" value=\"\" type=\"text\" name=\"your-name\" \/><\/span> <\/label>\n<\/p>\n<p><label> Adresse courriel *<br \/>\n<span class=\"wpcf7-form-control-wrap\" data-name=\"your-email\"><input size=\"40\" maxlength=\"400\" class=\"wpcf7-form-control wpcf7-email wpcf7-validates-as-required wpcf7-text wpcf7-validates-as-email\" aria-required=\"true\" aria-invalid=\"false\" value=\"\" type=\"email\" name=\"your-email\" \/><\/span> <\/label>\n<\/p>\n<p><input class=\"wpcf7-form-control wpcf7-submit has-spinner\" type=\"submit\" value=\"Soumettre\" \/>\n<\/p><div class=\"wpcf7-response-output\" aria-hidden=\"true\"><\/div>\n<\/form>\n<\/div>\n[\/vc_column][vc_column][\/vc_column][\/vc_row]<\/p>\n","protected":false},"excerpt":{"rendered":"<p>[vc_row][vc_column][vc_column_text] La cybers\u00e9curit\u00e9 vous emp\u00eache-t-elle de dormir la nuit? [\/vc_column_text][\/vc_column][\/vc_row][vc_row][vc_column width=\u00a0\u00bb1\/2&Prime;][vc_column_text] Il y a de bonnes raisons de s&rsquo;inqui\u00e9ter pour la cybers\u00e9curit\u00e9: le nombre de cyberattaques ne cesse d&rsquo;augmenter chaque ann\u00e9e et les attaques de ransomwares auraient plus que doubl\u00e9 au cours de l&rsquo;ann\u00e9e \u00e9coul\u00e9e. La triste r\u00e9alit\u00e9 est que les organisations comptant des milliers [&#8230;]<\/p>\n","protected":false},"author":3,"featured_media":21333,"parent":0,"menu_order":0,"comment_status":"closed","ping_status":"closed","template":"","meta":{"_acf_changed":false,"footnotes":"","_wp_rev_ctl_limit":""},"class_list":["post-21342","page","type-page","status-publish","has-post-thumbnail","hentry"],"acf":[],"yoast_head":"<!-- This site is optimized with the Yoast SEO plugin v27.3 - https:\/\/yoast.com\/product\/yoast-seo-wordpress\/ -->\n<title>Audit de s\u00e9curit\u00e9 contre les cybermenaces - Present - Les experts TI<\/title>\n<meta name=\"description\" content=\"Recevez un audit de s\u00e9curit\u00e9 des cybermenaces gratuit et sans engagement, sous la forme d&#039;un rapport pr\u00e9cis contenant les meilleures recommandations de l&#039;industrie.\" \/>\n<meta name=\"robots\" content=\"index, follow, max-snippet:-1, max-image-preview:large, max-video-preview:-1\" \/>\n<link rel=\"canonical\" href=\"https:\/\/www.present.ca\/fr\/audit-de-securite-contre-les-cybermenaces\/\" \/>\n<meta property=\"og:locale\" content=\"fr_FR\" \/>\n<meta property=\"og:type\" content=\"article\" \/>\n<meta property=\"og:title\" content=\"Audit de s\u00e9curit\u00e9 contre les cybermenaces - Present - Les experts TI\" \/>\n<meta property=\"og:description\" content=\"Recevez un audit de s\u00e9curit\u00e9 des cybermenaces gratuit et sans engagement, sous la forme d&#039;un rapport pr\u00e9cis contenant les meilleures recommandations de l&#039;industrie.\" \/>\n<meta property=\"og:url\" content=\"https:\/\/www.present.ca\/fr\/audit-de-securite-contre-les-cybermenaces\/\" \/>\n<meta property=\"og:site_name\" content=\"Present\" \/>\n<meta property=\"article:modified_time\" content=\"2020-10-16T13:25:32+00:00\" \/>\n<meta property=\"og:image\" content=\"https:\/\/www.present.ca\/wp-content\/uploads\/2020\/10\/O9IY1M0-1.jpg\" \/>\n\t<meta property=\"og:image:width\" content=\"345\" \/>\n\t<meta property=\"og:image:height\" content=\"345\" \/>\n\t<meta property=\"og:image:type\" content=\"image\/jpeg\" \/>\n<meta name=\"twitter:card\" content=\"summary_large_image\" \/>\n<meta name=\"twitter:label1\" content=\"Dur\u00e9e de lecture estim\u00e9e\" \/>\n\t<meta name=\"twitter:data1\" content=\"1 minute\" \/>\n<script type=\"application\/ld+json\" class=\"yoast-schema-graph\">{\"@context\":\"https:\\\/\\\/schema.org\",\"@graph\":[{\"@type\":\"WebPage\",\"@id\":\"https:\\\/\\\/www.present.ca\\\/fr\\\/audit-de-securite-contre-les-cybermenaces\\\/\",\"url\":\"https:\\\/\\\/www.present.ca\\\/fr\\\/audit-de-securite-contre-les-cybermenaces\\\/\",\"name\":\"Audit de s\u00e9curit\u00e9 contre les cybermenaces - Present - Les experts TI\",\"isPartOf\":{\"@id\":\"https:\\\/\\\/www.present.ca\\\/fr\\\/#website\"},\"primaryImageOfPage\":{\"@id\":\"https:\\\/\\\/www.present.ca\\\/fr\\\/audit-de-securite-contre-les-cybermenaces\\\/#primaryimage\"},\"image\":{\"@id\":\"https:\\\/\\\/www.present.ca\\\/fr\\\/audit-de-securite-contre-les-cybermenaces\\\/#primaryimage\"},\"thumbnailUrl\":\"https:\\\/\\\/www.present.ca\\\/wp-content\\\/uploads\\\/2020\\\/10\\\/O9IY1M0-1.jpg\",\"datePublished\":\"2020-10-13T19:57:43+00:00\",\"dateModified\":\"2020-10-16T13:25:32+00:00\",\"description\":\"Recevez un audit de s\u00e9curit\u00e9 des cybermenaces gratuit et sans engagement, sous la forme d'un rapport pr\u00e9cis contenant les meilleures recommandations de l'industrie.\",\"breadcrumb\":{\"@id\":\"https:\\\/\\\/www.present.ca\\\/fr\\\/audit-de-securite-contre-les-cybermenaces\\\/#breadcrumb\"},\"inLanguage\":\"fr-FR\",\"potentialAction\":[{\"@type\":\"ReadAction\",\"target\":[\"https:\\\/\\\/www.present.ca\\\/fr\\\/audit-de-securite-contre-les-cybermenaces\\\/\"]}]},{\"@type\":\"ImageObject\",\"inLanguage\":\"fr-FR\",\"@id\":\"https:\\\/\\\/www.present.ca\\\/fr\\\/audit-de-securite-contre-les-cybermenaces\\\/#primaryimage\",\"url\":\"https:\\\/\\\/www.present.ca\\\/wp-content\\\/uploads\\\/2020\\\/10\\\/O9IY1M0-1.jpg\",\"contentUrl\":\"https:\\\/\\\/www.present.ca\\\/wp-content\\\/uploads\\\/2020\\\/10\\\/O9IY1M0-1.jpg\",\"width\":345,\"height\":345,\"caption\":\"Audit de s\u00e9curit\u00e9 contre les cyber menaces\"},{\"@type\":\"BreadcrumbList\",\"@id\":\"https:\\\/\\\/www.present.ca\\\/fr\\\/audit-de-securite-contre-les-cybermenaces\\\/#breadcrumb\",\"itemListElement\":[{\"@type\":\"ListItem\",\"position\":1,\"name\":\"Accueil\",\"item\":\"https:\\\/\\\/www.present.ca\\\/fr\\\/\"},{\"@type\":\"ListItem\",\"position\":2,\"name\":\"Audit de s\u00e9curit\u00e9 contre les cybermenaces\"}]},{\"@type\":\"WebSite\",\"@id\":\"https:\\\/\\\/www.present.ca\\\/fr\\\/#website\",\"url\":\"https:\\\/\\\/www.present.ca\\\/fr\\\/\",\"name\":\"Present\",\"description\":\"Services G\u00e9r\u00e9s TI, S\u00e9curit\u00e9 G\u00e9r\u00e9e TI et Solutions de Cloud Hybride\",\"potentialAction\":[{\"@type\":\"SearchAction\",\"target\":{\"@type\":\"EntryPoint\",\"urlTemplate\":\"https:\\\/\\\/www.present.ca\\\/fr\\\/?s={search_term_string}\"},\"query-input\":{\"@type\":\"PropertyValueSpecification\",\"valueRequired\":true,\"valueName\":\"search_term_string\"}}],\"inLanguage\":\"fr-FR\"}]}<\/script>\n<!-- \/ Yoast SEO plugin. -->","yoast_head_json":{"title":"Audit de s\u00e9curit\u00e9 contre les cybermenaces - Present - Les experts TI","description":"Recevez un audit de s\u00e9curit\u00e9 des cybermenaces gratuit et sans engagement, sous la forme d'un rapport pr\u00e9cis contenant les meilleures recommandations de l'industrie.","robots":{"index":"index","follow":"follow","max-snippet":"max-snippet:-1","max-image-preview":"max-image-preview:large","max-video-preview":"max-video-preview:-1"},"canonical":"https:\/\/www.present.ca\/fr\/audit-de-securite-contre-les-cybermenaces\/","og_locale":"fr_FR","og_type":"article","og_title":"Audit de s\u00e9curit\u00e9 contre les cybermenaces - Present - Les experts TI","og_description":"Recevez un audit de s\u00e9curit\u00e9 des cybermenaces gratuit et sans engagement, sous la forme d'un rapport pr\u00e9cis contenant les meilleures recommandations de l'industrie.","og_url":"https:\/\/www.present.ca\/fr\/audit-de-securite-contre-les-cybermenaces\/","og_site_name":"Present","article_modified_time":"2020-10-16T13:25:32+00:00","og_image":[{"width":345,"height":345,"url":"https:\/\/www.present.ca\/wp-content\/uploads\/2020\/10\/O9IY1M0-1.jpg","type":"image\/jpeg"}],"twitter_card":"summary_large_image","twitter_misc":{"Dur\u00e9e de lecture estim\u00e9e":"1 minute"},"schema":{"@context":"https:\/\/schema.org","@graph":[{"@type":"WebPage","@id":"https:\/\/www.present.ca\/fr\/audit-de-securite-contre-les-cybermenaces\/","url":"https:\/\/www.present.ca\/fr\/audit-de-securite-contre-les-cybermenaces\/","name":"Audit de s\u00e9curit\u00e9 contre les cybermenaces - Present - Les experts TI","isPartOf":{"@id":"https:\/\/www.present.ca\/fr\/#website"},"primaryImageOfPage":{"@id":"https:\/\/www.present.ca\/fr\/audit-de-securite-contre-les-cybermenaces\/#primaryimage"},"image":{"@id":"https:\/\/www.present.ca\/fr\/audit-de-securite-contre-les-cybermenaces\/#primaryimage"},"thumbnailUrl":"https:\/\/www.present.ca\/wp-content\/uploads\/2020\/10\/O9IY1M0-1.jpg","datePublished":"2020-10-13T19:57:43+00:00","dateModified":"2020-10-16T13:25:32+00:00","description":"Recevez un audit de s\u00e9curit\u00e9 des cybermenaces gratuit et sans engagement, sous la forme d'un rapport pr\u00e9cis contenant les meilleures recommandations de l'industrie.","breadcrumb":{"@id":"https:\/\/www.present.ca\/fr\/audit-de-securite-contre-les-cybermenaces\/#breadcrumb"},"inLanguage":"fr-FR","potentialAction":[{"@type":"ReadAction","target":["https:\/\/www.present.ca\/fr\/audit-de-securite-contre-les-cybermenaces\/"]}]},{"@type":"ImageObject","inLanguage":"fr-FR","@id":"https:\/\/www.present.ca\/fr\/audit-de-securite-contre-les-cybermenaces\/#primaryimage","url":"https:\/\/www.present.ca\/wp-content\/uploads\/2020\/10\/O9IY1M0-1.jpg","contentUrl":"https:\/\/www.present.ca\/wp-content\/uploads\/2020\/10\/O9IY1M0-1.jpg","width":345,"height":345,"caption":"Audit de s\u00e9curit\u00e9 contre les cyber menaces"},{"@type":"BreadcrumbList","@id":"https:\/\/www.present.ca\/fr\/audit-de-securite-contre-les-cybermenaces\/#breadcrumb","itemListElement":[{"@type":"ListItem","position":1,"name":"Accueil","item":"https:\/\/www.present.ca\/fr\/"},{"@type":"ListItem","position":2,"name":"Audit de s\u00e9curit\u00e9 contre les cybermenaces"}]},{"@type":"WebSite","@id":"https:\/\/www.present.ca\/fr\/#website","url":"https:\/\/www.present.ca\/fr\/","name":"Present","description":"Services G\u00e9r\u00e9s TI, S\u00e9curit\u00e9 G\u00e9r\u00e9e TI et Solutions de Cloud Hybride","potentialAction":[{"@type":"SearchAction","target":{"@type":"EntryPoint","urlTemplate":"https:\/\/www.present.ca\/fr\/?s={search_term_string}"},"query-input":{"@type":"PropertyValueSpecification","valueRequired":true,"valueName":"search_term_string"}}],"inLanguage":"fr-FR"}]}},"_links":{"self":[{"href":"https:\/\/www.present.ca\/fr\/wp-json\/wp\/v2\/pages\/21342","targetHints":{"allow":["GET"]}}],"collection":[{"href":"https:\/\/www.present.ca\/fr\/wp-json\/wp\/v2\/pages"}],"about":[{"href":"https:\/\/www.present.ca\/fr\/wp-json\/wp\/v2\/types\/page"}],"author":[{"embeddable":true,"href":"https:\/\/www.present.ca\/fr\/wp-json\/wp\/v2\/users\/3"}],"replies":[{"embeddable":true,"href":"https:\/\/www.present.ca\/fr\/wp-json\/wp\/v2\/comments?post=21342"}],"version-history":[{"count":3,"href":"https:\/\/www.present.ca\/fr\/wp-json\/wp\/v2\/pages\/21342\/revisions"}],"predecessor-version":[{"id":21404,"href":"https:\/\/www.present.ca\/fr\/wp-json\/wp\/v2\/pages\/21342\/revisions\/21404"}],"wp:featuredmedia":[{"embeddable":true,"href":"https:\/\/www.present.ca\/fr\/wp-json\/wp\/v2\/media\/21333"}],"wp:attachment":[{"href":"https:\/\/www.present.ca\/fr\/wp-json\/wp\/v2\/media?parent=21342"}],"curies":[{"name":"wp","href":"https:\/\/api.w.org\/{rel}","templated":true}]}}