{"id":20808,"date":"2020-08-03T11:07:49","date_gmt":"2020-08-03T15:07:49","guid":{"rendered":"https:\/\/www.present.ca\/?page_id=20808"},"modified":"2024-01-03T15:45:50","modified_gmt":"2024-01-03T20:45:50","slug":"present-recrute-une-perle-rare-a-1500-km","status":"publish","type":"page","link":"https:\/\/www.present.ca\/fr\/ressources\/etude-de-cas\/present-recrute-une-perle-rare-a-1500-km\/","title":{"rendered":"Present recrute une perle rare, \u00e0 1500 km"},"content":{"rendered":"<p>[vc_row][vc_column]<div id=\"ultimate-heading-860669ecb2c5aa989\" class=\"uvc-heading ult-adjust-bottom-margin ultimate-heading-860669ecb2c5aa989 uvc-6190 \" data-hspacer=\"no_spacer\"  data-halign=\"center\" style=\"text-align:center\"><div class=\"uvc-heading-spacer no_spacer\" style=\"top\"><\/div><div class=\"uvc-main-heading ult-responsive\"  data-ultimate-target='.uvc-heading.ultimate-heading-860669ecb2c5aa989 h2'  data-responsive-json-new='{\"font-size\":\"\",\"line-height\":\"\"}' ><h2 style=\"font-weight:normal;\">Industrie: Haute Technologie<\/h2><\/div><div class=\"uvc-sub-heading ult-responsive\"  data-ultimate-target='.uvc-heading.ultimate-heading-860669ecb2c5aa989 .uvc-sub-heading '  data-responsive-json-new='{\"font-size\":\"\",\"line-height\":\"\"}'  style=\"font-weight:normal;\"><\/p>\n<h4><strong>Client:<\/strong>\u00a0Un Leader de l\u2019informatique graphique<\/h4>\n<p><\/div><\/div>[\/vc_column][\/vc_row][vc_row][vc_column width=\u00a0\u00bb1\/3&Prime;][vc_column_text]<strong>D\u00e9fis\u00a0:<\/strong><\/p>\n<ul>\n<li>Trouver une ressource tr\u00e8s sp\u00e9cifique pour le maintien de leur technologie AS400<\/li>\n<li>Transfert de connaissances dans un court d\u00e9lai pour un d\u00e9part \u00e0 la retraite sans aucune documentation.<\/li>\n<\/ul>\n<p>[\/vc_column_text][\/vc_column][vc_column width=\u00a0\u00bb1\/3&Prime;][vc_column_text]<strong>Solution\u00a0:<\/strong><\/p>\n<ul>\n<li>Le service de Recrutement TI a d\u00e9nich\u00e9 la ressource des plus talentueuses se trouvant \u00e0 plus de 1500 km.<\/li>\n<li>Ils ont \u00e9galement particip\u00e9 \u00e0 la d\u00e9marche de migration locative de cet expert de sorte que le client et la ressource puissent travailler \u00e0 proximit\u00e9.<\/li>\n<\/ul>\n<p>[\/vc_column_text][\/vc_column][vc_column width=\u00a0\u00bb1\/3&Prime;][vc_column_text]<strong>B\u00e9n\u00e9fices\u00a0:<\/strong><\/p>\n<ul>\n<li>Le client a pu conserver son syst\u00e8me AS400 et poursuivre ses activit\u00e9s.<\/li>\n<li>\u00c0 l\u2019arriv\u00e9e de leur programmeur analyste ils ont pu cr\u00e9er une documentation pr\u00e9ventive.<\/li>\n<li>Sans avoir \u00e0 se soucier de l\u2019aspect relatif \u00e0 la distance, ils ont pu se pr\u00e9parer ad\u00e9quatement \u00e0 l\u2019arriv\u00e9e de leur expert pendant que Present s\u2019occupait de la logistique de relocalisation.<\/li>\n<\/ul>\n<p>[\/vc_column_text][\/vc_column][\/vc_row][vc_row][vc_column width=\u00a0\u00bb1\/12&Prime;][\/vc_column][vc_column width=\u00a0\u00bb1\/3&Prime;][\/vc_column][vc_column width=\u00a0\u00bb2\/12&Prime;][\/vc_column][vc_column width=\u00a0\u00bb1\/3&Prime;][\/vc_column][vc_column width=\u00a0\u00bb1\/12&Prime;][\/vc_column][\/vc_row][vc_row full_width=\u00a0\u00bbstretch_row_content\u00a0\u00bb bg_type=\u00a0\u00bbbg_color\u00a0\u00bb el_class=\u00a0\u00bbtilt-pos-3-deg\u00a0\u00bb css=\u00a0\u00bb.vc_custom_1588250693452{padding-top: 25px !important;padding-bottom: 25px !important;}\u00a0\u00bb bg_color_value=\u00a0\u00bb#16a361&Prime;][vc_column]<div id=\"ultimate-heading-404869ecb2c5aa9d6\" class=\"uvc-heading ult-adjust-bottom-margin ultimate-heading-404869ecb2c5aa9d6 uvc-5759 \" data-hspacer=\"no_spacer\"  data-halign=\"center\" style=\"text-align:center\"><div class=\"uvc-heading-spacer no_spacer\" style=\"top\"><\/div><div class=\"uvc-main-heading ult-responsive\"  data-ultimate-target='.uvc-heading.ultimate-heading-404869ecb2c5aa9d6 h3'  data-responsive-json-new='{\"font-size\":\"\",\"line-height\":\"\"}' ><h3 style=\"font-weight:normal;margin-top:10px;margin-bottom:25px;\">Contactez-nous pour en apprendre d'avantage sur cet \u00e9tude de cas.<\/h3><\/div><\/div><div class=\" ubtn-ctn-center \"><a class=\"ubtn-link ult-adjust-bottom-margin ubtn-center ubtn-normal \" href=\"\/fr\/contactez-present\/\" title=\"Contactez Present\" ><button type=\"button\" id=\"ubtn-2026\"  class=\"ubtn ult-adjust-bottom-margin ult-responsive ubtn-normal ubtn-no-hover-bg  none  ubtn-center   tooltip-69ecb2c5aaa07\"  data-hover=\"#ffffff\" data-border-color=\"#ffffff\" data-bg=\"#ffffff\" data-hover-bg=\"#000000\" data-border-hover=\"#ffffff\" data-shadow-hover=\"\" data-shadow-click=\"none\" data-shadow=\"\" data-shd-shadow=\"\"  data-ultimate-target='#ubtn-2026'  data-responsive-json-new='{\"font-size\":\"desktop:18px;\",\"line-height\":\"\"}'  style=\"font-weight:bold;border-radius:5px;border-width:3px;border-color:#ffffff;border-style:solid;background: #ffffff;color: #16a361;\"><span class=\"ubtn-hover\" style=\"background-color:#000000\"><\/span><span class=\"ubtn-data ubtn-text \" >Parlons-en<\/span><\/button><\/a><\/div>[\/vc_column][\/vc_row]<\/p>\n","protected":false},"excerpt":{"rendered":"<p>[vc_row][vc_column][\/vc_column][\/vc_row][vc_row][vc_column width=\u00a0\u00bb1\/3&Prime;][vc_column_text]D\u00e9fis\u00a0: Trouver une ressource tr\u00e8s sp\u00e9cifique pour le maintien de leur technologie AS400 Transfert de connaissances dans un court d\u00e9lai pour un d\u00e9part \u00e0 la retraite sans aucune documentation. [\/vc_column_text][\/vc_column][vc_column width=\u00a0\u00bb1\/3&Prime;][vc_column_text]Solution\u00a0: Le service de Recrutement TI a d\u00e9nich\u00e9 la ressource des plus talentueuses se trouvant \u00e0 plus de 1500 km. Ils ont \u00e9galement particip\u00e9 [&#8230;]<\/p>\n","protected":false},"author":3,"featured_media":20855,"parent":10724,"menu_order":0,"comment_status":"closed","ping_status":"closed","template":"","meta":{"_acf_changed":false,"footnotes":"","_wp_rev_ctl_limit":""},"class_list":["post-20808","page","type-page","status-publish","has-post-thumbnail","hentry"],"acf":[],"yoast_head":"<!-- This site is optimized with the Yoast SEO plugin v27.3 - https:\/\/yoast.com\/product\/yoast-seo-wordpress\/ -->\n<title>Present recrute une perle rare, \u00e0 1500 km - Present<\/title>\n<meta name=\"description\" content=\"\u00c9tude de cas: Notre \u00e9quipe de recrutement TI d\u00e9niche une ressource des plus talentueuses pour son client, afin de mettre sur pied un projet d&#039;envergure.\" \/>\n<meta name=\"robots\" content=\"index, follow, max-snippet:-1, max-image-preview:large, max-video-preview:-1\" \/>\n<link rel=\"canonical\" href=\"https:\/\/www.present.ca\/fr\/ressources\/etude-de-cas\/present-recrute-une-perle-rare-a-1500-km\/\" \/>\n<meta property=\"og:locale\" content=\"fr_FR\" \/>\n<meta property=\"og:type\" content=\"article\" \/>\n<meta property=\"og:title\" content=\"Present recrute une perle rare, \u00e0 1500 km - Present\" \/>\n<meta property=\"og:description\" content=\"\u00c9tude de cas: Notre \u00e9quipe de recrutement TI d\u00e9niche une ressource des plus talentueuses pour son client, afin de mettre sur pied un projet d&#039;envergure.\" \/>\n<meta property=\"og:url\" content=\"https:\/\/www.present.ca\/fr\/ressources\/etude-de-cas\/present-recrute-une-perle-rare-a-1500-km\/\" \/>\n<meta property=\"og:site_name\" content=\"Present\" \/>\n<meta property=\"article:modified_time\" content=\"2024-01-03T20:45:50+00:00\" \/>\n<meta property=\"og:image\" content=\"https:\/\/www.present.ca\/wp-content\/uploads\/2020\/08\/shutterstock_374550295-2-blackwhite.jpg\" \/>\n\t<meta property=\"og:image:width\" content=\"500\" \/>\n\t<meta property=\"og:image:height\" content=\"282\" \/>\n\t<meta property=\"og:image:type\" content=\"image\/jpeg\" \/>\n<meta name=\"twitter:card\" content=\"summary_large_image\" \/>\n<meta name=\"twitter:label1\" content=\"Dur\u00e9e de lecture estim\u00e9e\" \/>\n\t<meta name=\"twitter:data1\" content=\"1 minute\" \/>\n<script type=\"application\/ld+json\" class=\"yoast-schema-graph\">{\"@context\":\"https:\\\/\\\/schema.org\",\"@graph\":[{\"@type\":\"WebPage\",\"@id\":\"https:\\\/\\\/www.present.ca\\\/fr\\\/ressources\\\/etude-de-cas\\\/present-recrute-une-perle-rare-a-1500-km\\\/\",\"url\":\"https:\\\/\\\/www.present.ca\\\/fr\\\/ressources\\\/etude-de-cas\\\/present-recrute-une-perle-rare-a-1500-km\\\/\",\"name\":\"Present recrute une perle rare, \u00e0 1500 km - Present\",\"isPartOf\":{\"@id\":\"https:\\\/\\\/www.present.ca\\\/fr\\\/#website\"},\"primaryImageOfPage\":{\"@id\":\"https:\\\/\\\/www.present.ca\\\/fr\\\/ressources\\\/etude-de-cas\\\/present-recrute-une-perle-rare-a-1500-km\\\/#primaryimage\"},\"image\":{\"@id\":\"https:\\\/\\\/www.present.ca\\\/fr\\\/ressources\\\/etude-de-cas\\\/present-recrute-une-perle-rare-a-1500-km\\\/#primaryimage\"},\"thumbnailUrl\":\"https:\\\/\\\/www.present.ca\\\/wp-content\\\/uploads\\\/2020\\\/08\\\/shutterstock_374550295-2-blackwhite.jpg\",\"datePublished\":\"2020-08-03T15:07:49+00:00\",\"dateModified\":\"2024-01-03T20:45:50+00:00\",\"description\":\"\u00c9tude de cas: Notre \u00e9quipe de recrutement TI d\u00e9niche une ressource des plus talentueuses pour son client, afin de mettre sur pied un projet d'envergure.\",\"breadcrumb\":{\"@id\":\"https:\\\/\\\/www.present.ca\\\/fr\\\/ressources\\\/etude-de-cas\\\/present-recrute-une-perle-rare-a-1500-km\\\/#breadcrumb\"},\"inLanguage\":\"fr-FR\",\"potentialAction\":[{\"@type\":\"ReadAction\",\"target\":[\"https:\\\/\\\/www.present.ca\\\/fr\\\/ressources\\\/etude-de-cas\\\/present-recrute-une-perle-rare-a-1500-km\\\/\"]}]},{\"@type\":\"ImageObject\",\"inLanguage\":\"fr-FR\",\"@id\":\"https:\\\/\\\/www.present.ca\\\/fr\\\/ressources\\\/etude-de-cas\\\/present-recrute-une-perle-rare-a-1500-km\\\/#primaryimage\",\"url\":\"https:\\\/\\\/www.present.ca\\\/wp-content\\\/uploads\\\/2020\\\/08\\\/shutterstock_374550295-2-blackwhite.jpg\",\"contentUrl\":\"https:\\\/\\\/www.present.ca\\\/wp-content\\\/uploads\\\/2020\\\/08\\\/shutterstock_374550295-2-blackwhite.jpg\",\"width\":500,\"height\":282},{\"@type\":\"BreadcrumbList\",\"@id\":\"https:\\\/\\\/www.present.ca\\\/fr\\\/ressources\\\/etude-de-cas\\\/present-recrute-une-perle-rare-a-1500-km\\\/#breadcrumb\",\"itemListElement\":[{\"@type\":\"ListItem\",\"position\":1,\"name\":\"Accueil\",\"item\":\"https:\\\/\\\/www.present.ca\\\/fr\\\/\"},{\"@type\":\"ListItem\",\"position\":2,\"name\":\"Ressources\",\"item\":\"https:\\\/\\\/www.present.ca\\\/fr\\\/ressources\\\/\"},{\"@type\":\"ListItem\",\"position\":3,\"name\":\"\u00c9tudes de Cas\",\"item\":\"https:\\\/\\\/www.present.ca\\\/fr\\\/ressources\\\/etude-de-cas\\\/\"},{\"@type\":\"ListItem\",\"position\":4,\"name\":\"Present recrute une perle rare, \u00e0 1500 km\"}]},{\"@type\":\"WebSite\",\"@id\":\"https:\\\/\\\/www.present.ca\\\/fr\\\/#website\",\"url\":\"https:\\\/\\\/www.present.ca\\\/fr\\\/\",\"name\":\"Present\",\"description\":\"Services G\u00e9r\u00e9s TI, S\u00e9curit\u00e9 G\u00e9r\u00e9e TI et Solutions de Cloud Hybride\",\"potentialAction\":[{\"@type\":\"SearchAction\",\"target\":{\"@type\":\"EntryPoint\",\"urlTemplate\":\"https:\\\/\\\/www.present.ca\\\/fr\\\/?s={search_term_string}\"},\"query-input\":{\"@type\":\"PropertyValueSpecification\",\"valueRequired\":true,\"valueName\":\"search_term_string\"}}],\"inLanguage\":\"fr-FR\"}]}<\/script>\n<!-- \/ Yoast SEO plugin. -->","yoast_head_json":{"title":"Present recrute une perle rare, \u00e0 1500 km - Present","description":"\u00c9tude de cas: Notre \u00e9quipe de recrutement TI d\u00e9niche une ressource des plus talentueuses pour son client, afin de mettre sur pied un projet d'envergure.","robots":{"index":"index","follow":"follow","max-snippet":"max-snippet:-1","max-image-preview":"max-image-preview:large","max-video-preview":"max-video-preview:-1"},"canonical":"https:\/\/www.present.ca\/fr\/ressources\/etude-de-cas\/present-recrute-une-perle-rare-a-1500-km\/","og_locale":"fr_FR","og_type":"article","og_title":"Present recrute une perle rare, \u00e0 1500 km - Present","og_description":"\u00c9tude de cas: Notre \u00e9quipe de recrutement TI d\u00e9niche une ressource des plus talentueuses pour son client, afin de mettre sur pied un projet d'envergure.","og_url":"https:\/\/www.present.ca\/fr\/ressources\/etude-de-cas\/present-recrute-une-perle-rare-a-1500-km\/","og_site_name":"Present","article_modified_time":"2024-01-03T20:45:50+00:00","og_image":[{"width":500,"height":282,"url":"https:\/\/www.present.ca\/wp-content\/uploads\/2020\/08\/shutterstock_374550295-2-blackwhite.jpg","type":"image\/jpeg"}],"twitter_card":"summary_large_image","twitter_misc":{"Dur\u00e9e de lecture estim\u00e9e":"1 minute"},"schema":{"@context":"https:\/\/schema.org","@graph":[{"@type":"WebPage","@id":"https:\/\/www.present.ca\/fr\/ressources\/etude-de-cas\/present-recrute-une-perle-rare-a-1500-km\/","url":"https:\/\/www.present.ca\/fr\/ressources\/etude-de-cas\/present-recrute-une-perle-rare-a-1500-km\/","name":"Present recrute une perle rare, \u00e0 1500 km - Present","isPartOf":{"@id":"https:\/\/www.present.ca\/fr\/#website"},"primaryImageOfPage":{"@id":"https:\/\/www.present.ca\/fr\/ressources\/etude-de-cas\/present-recrute-une-perle-rare-a-1500-km\/#primaryimage"},"image":{"@id":"https:\/\/www.present.ca\/fr\/ressources\/etude-de-cas\/present-recrute-une-perle-rare-a-1500-km\/#primaryimage"},"thumbnailUrl":"https:\/\/www.present.ca\/wp-content\/uploads\/2020\/08\/shutterstock_374550295-2-blackwhite.jpg","datePublished":"2020-08-03T15:07:49+00:00","dateModified":"2024-01-03T20:45:50+00:00","description":"\u00c9tude de cas: Notre \u00e9quipe de recrutement TI d\u00e9niche une ressource des plus talentueuses pour son client, afin de mettre sur pied un projet d'envergure.","breadcrumb":{"@id":"https:\/\/www.present.ca\/fr\/ressources\/etude-de-cas\/present-recrute-une-perle-rare-a-1500-km\/#breadcrumb"},"inLanguage":"fr-FR","potentialAction":[{"@type":"ReadAction","target":["https:\/\/www.present.ca\/fr\/ressources\/etude-de-cas\/present-recrute-une-perle-rare-a-1500-km\/"]}]},{"@type":"ImageObject","inLanguage":"fr-FR","@id":"https:\/\/www.present.ca\/fr\/ressources\/etude-de-cas\/present-recrute-une-perle-rare-a-1500-km\/#primaryimage","url":"https:\/\/www.present.ca\/wp-content\/uploads\/2020\/08\/shutterstock_374550295-2-blackwhite.jpg","contentUrl":"https:\/\/www.present.ca\/wp-content\/uploads\/2020\/08\/shutterstock_374550295-2-blackwhite.jpg","width":500,"height":282},{"@type":"BreadcrumbList","@id":"https:\/\/www.present.ca\/fr\/ressources\/etude-de-cas\/present-recrute-une-perle-rare-a-1500-km\/#breadcrumb","itemListElement":[{"@type":"ListItem","position":1,"name":"Accueil","item":"https:\/\/www.present.ca\/fr\/"},{"@type":"ListItem","position":2,"name":"Ressources","item":"https:\/\/www.present.ca\/fr\/ressources\/"},{"@type":"ListItem","position":3,"name":"\u00c9tudes de Cas","item":"https:\/\/www.present.ca\/fr\/ressources\/etude-de-cas\/"},{"@type":"ListItem","position":4,"name":"Present recrute une perle rare, \u00e0 1500 km"}]},{"@type":"WebSite","@id":"https:\/\/www.present.ca\/fr\/#website","url":"https:\/\/www.present.ca\/fr\/","name":"Present","description":"Services G\u00e9r\u00e9s TI, S\u00e9curit\u00e9 G\u00e9r\u00e9e TI et Solutions de Cloud Hybride","potentialAction":[{"@type":"SearchAction","target":{"@type":"EntryPoint","urlTemplate":"https:\/\/www.present.ca\/fr\/?s={search_term_string}"},"query-input":{"@type":"PropertyValueSpecification","valueRequired":true,"valueName":"search_term_string"}}],"inLanguage":"fr-FR"}]}},"_links":{"self":[{"href":"https:\/\/www.present.ca\/fr\/wp-json\/wp\/v2\/pages\/20808","targetHints":{"allow":["GET"]}}],"collection":[{"href":"https:\/\/www.present.ca\/fr\/wp-json\/wp\/v2\/pages"}],"about":[{"href":"https:\/\/www.present.ca\/fr\/wp-json\/wp\/v2\/types\/page"}],"author":[{"embeddable":true,"href":"https:\/\/www.present.ca\/fr\/wp-json\/wp\/v2\/users\/3"}],"replies":[{"embeddable":true,"href":"https:\/\/www.present.ca\/fr\/wp-json\/wp\/v2\/comments?post=20808"}],"version-history":[{"count":3,"href":"https:\/\/www.present.ca\/fr\/wp-json\/wp\/v2\/pages\/20808\/revisions"}],"predecessor-version":[{"id":27856,"href":"https:\/\/www.present.ca\/fr\/wp-json\/wp\/v2\/pages\/20808\/revisions\/27856"}],"up":[{"embeddable":true,"href":"https:\/\/www.present.ca\/fr\/wp-json\/wp\/v2\/pages\/10724"}],"wp:featuredmedia":[{"embeddable":true,"href":"https:\/\/www.present.ca\/fr\/wp-json\/wp\/v2\/media\/20855"}],"wp:attachment":[{"href":"https:\/\/www.present.ca\/fr\/wp-json\/wp\/v2\/media?parent=20808"}],"curies":[{"name":"wp","href":"https:\/\/api.w.org\/{rel}","templated":true}]}}