{"id":20747,"date":"2020-07-27T08:55:00","date_gmt":"2020-07-27T12:55:00","guid":{"rendered":"https:\/\/www.present.ca\/?page_id=20747"},"modified":"2024-01-03T15:45:46","modified_gmt":"2024-01-03T20:45:46","slug":"etude-de-cas-nos-recruteurs-rassemblent-une-equipe-de-15-personnes","status":"publish","type":"page","link":"https:\/\/www.present.ca\/fr\/ressources\/etude-de-cas\/etude-de-cas-nos-recruteurs-rassemblent-une-equipe-de-15-personnes\/","title":{"rendered":"\u00c9tude de cas: Nos recruteurs rassemblent une \u00e9quipe de 15 personnes"},"content":{"rendered":"<p>[vc_row][vc_column]<div id=\"ultimate-heading-217669e1d74d5456b\" class=\"uvc-heading ult-adjust-bottom-margin ultimate-heading-217669e1d74d5456b uvc-3753 \" data-hspacer=\"no_spacer\"  data-halign=\"center\" style=\"text-align:center\"><div class=\"uvc-heading-spacer no_spacer\" style=\"top\"><\/div><div class=\"uvc-main-heading ult-responsive\"  data-ultimate-target='.uvc-heading.ultimate-heading-217669e1d74d5456b h2'  data-responsive-json-new='{\"font-size\":\"\",\"line-height\":\"\"}' ><h2 style=\"font-weight:normal;\">Industrie: Bancaire<\/h2><\/div><div class=\"uvc-sub-heading ult-responsive\"  data-ultimate-target='.uvc-heading.ultimate-heading-217669e1d74d5456b .uvc-sub-heading '  data-responsive-json-new='{\"font-size\":\"\",\"line-height\":\"\"}'  style=\"font-weight:normal;\"><\/p>\n<h4><strong>Client:<\/strong> L&rsquo;une des plus grandes banques au Canada<\/h4>\n<p><\/div><\/div>[\/vc_column][\/vc_row][vc_row][vc_column width=\u00a0\u00bb1\/3&Prime;][vc_column_text]<strong>D\u00e9fis\u00a0:<\/strong><\/p>\n<ul>\n<li style=\"list-style-type: none;\">\n<ul>\n<li>Supporter les lignes d\u2019affaires \u00e0 la vitesse r\u00e9elle du march\u00e9.<\/li>\n<li>Trouver un nombre important de ressources informatiques qualifi\u00e9es dans un court laps de temps.<\/li>\n<li>\u00c9ch\u00e9ance imminente pour \u00eatre aussi agile que la concurrence l&rsquo;\u00e9tait.<\/li>\n<\/ul>\n<\/li>\n<\/ul>\n<p>[\/vc_column_text][\/vc_column][vc_column width=\u00a0\u00bb1\/3&Prime;][vc_column_text]<strong>Solution\u00a0:<\/strong><\/p>\n<ul>\n<li>Utilisation des services de recrutement TI de Present pour assembler une \u00e9quipe de 15 ressources afin d\u2019installer une suite de logiciels d\u2019IBM.<\/li>\n<\/ul>\n<p>[\/vc_column_text][\/vc_column][vc_column width=\u00a0\u00bb1\/3&Prime;][vc_column_text]<strong>B\u00e9n\u00e9fices\u00a0:<\/strong><\/p>\n<ul>\n<li>Agilit\u00e9 dans le support des lignes d\u2019affaires, de sorte que d\u00e8s qu&rsquo;il y a un besoin de service, les TI sont capables d&rsquo;agir rapidement et ais\u00e9ment.<\/li>\n<li>Sans avoir \u00e0 se soucier du processus de recrutement, y compris la recherche de candidats, les entrevues et le processus de recrutement, les TI pouvaient se concentrer sur leur activit\u00e9 principale, ce qui contribue au succ\u00e8s de l\u2019entreprise.<\/li>\n<li style=\"list-style-type: none;\"><\/li>\n<\/ul>\n<p>[\/vc_column_text][\/vc_column][\/vc_row][vc_row][vc_column width=\u00a0\u00bb1\/12&Prime;][\/vc_column][vc_column width=\u00a0\u00bb1\/3&Prime;][\/vc_column][vc_column width=\u00a0\u00bb2\/12&Prime;][\/vc_column][vc_column width=\u00a0\u00bb1\/3&Prime;][\/vc_column][vc_column width=\u00a0\u00bb1\/12&Prime;][\/vc_column][\/vc_row][vc_row full_width=\u00a0\u00bbstretch_row_content\u00a0\u00bb bg_type=\u00a0\u00bbbg_color\u00a0\u00bb el_class=\u00a0\u00bbtilt-pos-3-deg\u00a0\u00bb css=\u00a0\u00bb.vc_custom_1588250693452{padding-top: 25px !important;padding-bottom: 25px !important;}\u00a0\u00bb bg_color_value=\u00a0\u00bb#16a361&Prime;][vc_column]<div id=\"ultimate-heading-888269e1d74d545b7\" class=\"uvc-heading ult-adjust-bottom-margin ultimate-heading-888269e1d74d545b7 uvc-1097 \" data-hspacer=\"no_spacer\"  data-halign=\"center\" style=\"text-align:center\"><div class=\"uvc-heading-spacer no_spacer\" style=\"top\"><\/div><div class=\"uvc-main-heading ult-responsive\"  data-ultimate-target='.uvc-heading.ultimate-heading-888269e1d74d545b7 h3'  data-responsive-json-new='{\"font-size\":\"\",\"line-height\":\"\"}' ><h3 style=\"font-weight:normal;margin-top:10px;margin-bottom:25px;\">Contactez-nous pour en apprendre d'avantage sur cet \u00e9tude de cas.<\/h3><\/div><\/div><div class=\" ubtn-ctn-center \"><a class=\"ubtn-link ult-adjust-bottom-margin ubtn-center ubtn-normal \" href=\"\/fr\/contactez-present\/\" title=\"Contactez Present\" ><button type=\"button\" id=\"ubtn-3691\"  class=\"ubtn ult-adjust-bottom-margin ult-responsive ubtn-normal ubtn-no-hover-bg  none  ubtn-center   tooltip-69e1d74d545e7\"  data-hover=\"#ffffff\" data-border-color=\"#ffffff\" data-bg=\"#ffffff\" data-hover-bg=\"#000000\" data-border-hover=\"#ffffff\" data-shadow-hover=\"\" data-shadow-click=\"none\" data-shadow=\"\" data-shd-shadow=\"\"  data-ultimate-target='#ubtn-3691'  data-responsive-json-new='{\"font-size\":\"desktop:18px;\",\"line-height\":\"\"}'  style=\"font-weight:bold;border-radius:5px;border-width:3px;border-color:#ffffff;border-style:solid;background: #ffffff;color: #16a361;\"><span class=\"ubtn-hover\" style=\"background-color:#000000\"><\/span><span class=\"ubtn-data ubtn-text \" >Parlons-en<\/span><\/button><\/a><\/div>[\/vc_column][\/vc_row]<\/p>\n","protected":false},"excerpt":{"rendered":"<p>[vc_row][vc_column][\/vc_column][\/vc_row][vc_row][vc_column width=\u00a0\u00bb1\/3&Prime;][vc_column_text]D\u00e9fis\u00a0: Supporter les lignes d\u2019affaires \u00e0 la vitesse r\u00e9elle du march\u00e9. Trouver un nombre important de ressources informatiques qualifi\u00e9es dans un court laps de temps. \u00c9ch\u00e9ance imminente pour \u00eatre aussi agile que la concurrence l&rsquo;\u00e9tait. [\/vc_column_text][\/vc_column][vc_column width=\u00a0\u00bb1\/3&Prime;][vc_column_text]Solution\u00a0: Utilisation des services de recrutement TI de Present pour assembler une \u00e9quipe de 15 ressources afin d\u2019installer [&#8230;]<\/p>\n","protected":false},"author":3,"featured_media":20735,"parent":10724,"menu_order":0,"comment_status":"closed","ping_status":"closed","template":"","meta":{"_acf_changed":false,"footnotes":"","_wp_rev_ctl_limit":""},"class_list":["post-20747","page","type-page","status-publish","has-post-thumbnail","hentry"],"acf":[],"yoast_head":"<!-- This site is optimized with the Yoast SEO plugin v27.3 - https:\/\/yoast.com\/product\/yoast-seo-wordpress\/ -->\n<title>\u00c9tude de cas: Nos recruteurs rassemblent une \u00e9quipe de 15 personnes - Present<\/title>\n<meta name=\"description\" content=\"\u00c9tude de cas recrutement : Utilisation des services de recrutement TI de Present pour assembler une \u00e9quipe de 15 ressources afin d\u2019installer une suite de logiciels d\u2019IBM.\" \/>\n<meta name=\"robots\" content=\"index, follow, max-snippet:-1, max-image-preview:large, max-video-preview:-1\" \/>\n<link rel=\"canonical\" href=\"https:\/\/www.present.ca\/fr\/ressources\/etude-de-cas\/etude-de-cas-nos-recruteurs-rassemblent-une-equipe-de-15-personnes\/\" \/>\n<meta property=\"og:locale\" content=\"fr_FR\" \/>\n<meta property=\"og:type\" content=\"article\" \/>\n<meta property=\"og:title\" content=\"\u00c9tude de cas: Nos recruteurs rassemblent une \u00e9quipe de 15 personnes - Present\" \/>\n<meta property=\"og:description\" content=\"\u00c9tude de cas recrutement : Utilisation des services de recrutement TI de Present pour assembler une \u00e9quipe de 15 ressources afin d\u2019installer une suite de logiciels d\u2019IBM.\" \/>\n<meta property=\"og:url\" content=\"https:\/\/www.present.ca\/fr\/ressources\/etude-de-cas\/etude-de-cas-nos-recruteurs-rassemblent-une-equipe-de-15-personnes\/\" \/>\n<meta property=\"og:site_name\" content=\"Present\" \/>\n<meta property=\"article:modified_time\" content=\"2024-01-03T20:45:46+00:00\" \/>\n<meta property=\"og:image\" content=\"https:\/\/www.present.ca\/wp-content\/uploads\/2020\/07\/banking_industry-bnw.jpg\" \/>\n\t<meta property=\"og:image:width\" content=\"561\" \/>\n\t<meta property=\"og:image:height\" content=\"370\" \/>\n\t<meta property=\"og:image:type\" content=\"image\/jpeg\" \/>\n<meta name=\"twitter:card\" content=\"summary_large_image\" \/>\n<meta name=\"twitter:label1\" content=\"Dur\u00e9e de lecture estim\u00e9e\" \/>\n\t<meta name=\"twitter:data1\" content=\"1 minute\" \/>\n<script type=\"application\/ld+json\" class=\"yoast-schema-graph\">{\"@context\":\"https:\\\/\\\/schema.org\",\"@graph\":[{\"@type\":\"WebPage\",\"@id\":\"https:\\\/\\\/www.present.ca\\\/fr\\\/ressources\\\/etude-de-cas\\\/etude-de-cas-nos-recruteurs-rassemblent-une-equipe-de-15-personnes\\\/\",\"url\":\"https:\\\/\\\/www.present.ca\\\/fr\\\/ressources\\\/etude-de-cas\\\/etude-de-cas-nos-recruteurs-rassemblent-une-equipe-de-15-personnes\\\/\",\"name\":\"\u00c9tude de cas: Nos recruteurs rassemblent une \u00e9quipe de 15 personnes - Present\",\"isPartOf\":{\"@id\":\"https:\\\/\\\/www.present.ca\\\/fr\\\/#website\"},\"primaryImageOfPage\":{\"@id\":\"https:\\\/\\\/www.present.ca\\\/fr\\\/ressources\\\/etude-de-cas\\\/etude-de-cas-nos-recruteurs-rassemblent-une-equipe-de-15-personnes\\\/#primaryimage\"},\"image\":{\"@id\":\"https:\\\/\\\/www.present.ca\\\/fr\\\/ressources\\\/etude-de-cas\\\/etude-de-cas-nos-recruteurs-rassemblent-une-equipe-de-15-personnes\\\/#primaryimage\"},\"thumbnailUrl\":\"https:\\\/\\\/www.present.ca\\\/wp-content\\\/uploads\\\/2020\\\/07\\\/banking_industry-bnw.jpg\",\"datePublished\":\"2020-07-27T12:55:00+00:00\",\"dateModified\":\"2024-01-03T20:45:46+00:00\",\"description\":\"\u00c9tude de cas recrutement : Utilisation des services de recrutement TI de Present pour assembler une \u00e9quipe de 15 ressources afin d\u2019installer une suite de logiciels d\u2019IBM.\",\"breadcrumb\":{\"@id\":\"https:\\\/\\\/www.present.ca\\\/fr\\\/ressources\\\/etude-de-cas\\\/etude-de-cas-nos-recruteurs-rassemblent-une-equipe-de-15-personnes\\\/#breadcrumb\"},\"inLanguage\":\"fr-FR\",\"potentialAction\":[{\"@type\":\"ReadAction\",\"target\":[\"https:\\\/\\\/www.present.ca\\\/fr\\\/ressources\\\/etude-de-cas\\\/etude-de-cas-nos-recruteurs-rassemblent-une-equipe-de-15-personnes\\\/\"]}]},{\"@type\":\"ImageObject\",\"inLanguage\":\"fr-FR\",\"@id\":\"https:\\\/\\\/www.present.ca\\\/fr\\\/ressources\\\/etude-de-cas\\\/etude-de-cas-nos-recruteurs-rassemblent-une-equipe-de-15-personnes\\\/#primaryimage\",\"url\":\"https:\\\/\\\/www.present.ca\\\/wp-content\\\/uploads\\\/2020\\\/07\\\/banking_industry-bnw.jpg\",\"contentUrl\":\"https:\\\/\\\/www.present.ca\\\/wp-content\\\/uploads\\\/2020\\\/07\\\/banking_industry-bnw.jpg\",\"width\":561,\"height\":370,\"caption\":\"Ban\"},{\"@type\":\"BreadcrumbList\",\"@id\":\"https:\\\/\\\/www.present.ca\\\/fr\\\/ressources\\\/etude-de-cas\\\/etude-de-cas-nos-recruteurs-rassemblent-une-equipe-de-15-personnes\\\/#breadcrumb\",\"itemListElement\":[{\"@type\":\"ListItem\",\"position\":1,\"name\":\"Accueil\",\"item\":\"https:\\\/\\\/www.present.ca\\\/fr\\\/\"},{\"@type\":\"ListItem\",\"position\":2,\"name\":\"Ressources\",\"item\":\"https:\\\/\\\/www.present.ca\\\/fr\\\/ressources\\\/\"},{\"@type\":\"ListItem\",\"position\":3,\"name\":\"\u00c9tudes de Cas\",\"item\":\"https:\\\/\\\/www.present.ca\\\/fr\\\/ressources\\\/etude-de-cas\\\/\"},{\"@type\":\"ListItem\",\"position\":4,\"name\":\"\u00c9tude de cas: Nos recruteurs rassemblent une \u00e9quipe de 15 personnes\"}]},{\"@type\":\"WebSite\",\"@id\":\"https:\\\/\\\/www.present.ca\\\/fr\\\/#website\",\"url\":\"https:\\\/\\\/www.present.ca\\\/fr\\\/\",\"name\":\"Present\",\"description\":\"Services G\u00e9r\u00e9s TI, S\u00e9curit\u00e9 G\u00e9r\u00e9e TI et Solutions de Cloud Hybride\",\"potentialAction\":[{\"@type\":\"SearchAction\",\"target\":{\"@type\":\"EntryPoint\",\"urlTemplate\":\"https:\\\/\\\/www.present.ca\\\/fr\\\/?s={search_term_string}\"},\"query-input\":{\"@type\":\"PropertyValueSpecification\",\"valueRequired\":true,\"valueName\":\"search_term_string\"}}],\"inLanguage\":\"fr-FR\"}]}<\/script>\n<!-- \/ Yoast SEO plugin. -->","yoast_head_json":{"title":"\u00c9tude de cas: Nos recruteurs rassemblent une \u00e9quipe de 15 personnes - Present","description":"\u00c9tude de cas recrutement : Utilisation des services de recrutement TI de Present pour assembler une \u00e9quipe de 15 ressources afin d\u2019installer une suite de logiciels d\u2019IBM.","robots":{"index":"index","follow":"follow","max-snippet":"max-snippet:-1","max-image-preview":"max-image-preview:large","max-video-preview":"max-video-preview:-1"},"canonical":"https:\/\/www.present.ca\/fr\/ressources\/etude-de-cas\/etude-de-cas-nos-recruteurs-rassemblent-une-equipe-de-15-personnes\/","og_locale":"fr_FR","og_type":"article","og_title":"\u00c9tude de cas: Nos recruteurs rassemblent une \u00e9quipe de 15 personnes - Present","og_description":"\u00c9tude de cas recrutement : Utilisation des services de recrutement TI de Present pour assembler une \u00e9quipe de 15 ressources afin d\u2019installer une suite de logiciels d\u2019IBM.","og_url":"https:\/\/www.present.ca\/fr\/ressources\/etude-de-cas\/etude-de-cas-nos-recruteurs-rassemblent-une-equipe-de-15-personnes\/","og_site_name":"Present","article_modified_time":"2024-01-03T20:45:46+00:00","og_image":[{"width":561,"height":370,"url":"https:\/\/www.present.ca\/wp-content\/uploads\/2020\/07\/banking_industry-bnw.jpg","type":"image\/jpeg"}],"twitter_card":"summary_large_image","twitter_misc":{"Dur\u00e9e de lecture estim\u00e9e":"1 minute"},"schema":{"@context":"https:\/\/schema.org","@graph":[{"@type":"WebPage","@id":"https:\/\/www.present.ca\/fr\/ressources\/etude-de-cas\/etude-de-cas-nos-recruteurs-rassemblent-une-equipe-de-15-personnes\/","url":"https:\/\/www.present.ca\/fr\/ressources\/etude-de-cas\/etude-de-cas-nos-recruteurs-rassemblent-une-equipe-de-15-personnes\/","name":"\u00c9tude de cas: Nos recruteurs rassemblent une \u00e9quipe de 15 personnes - Present","isPartOf":{"@id":"https:\/\/www.present.ca\/fr\/#website"},"primaryImageOfPage":{"@id":"https:\/\/www.present.ca\/fr\/ressources\/etude-de-cas\/etude-de-cas-nos-recruteurs-rassemblent-une-equipe-de-15-personnes\/#primaryimage"},"image":{"@id":"https:\/\/www.present.ca\/fr\/ressources\/etude-de-cas\/etude-de-cas-nos-recruteurs-rassemblent-une-equipe-de-15-personnes\/#primaryimage"},"thumbnailUrl":"https:\/\/www.present.ca\/wp-content\/uploads\/2020\/07\/banking_industry-bnw.jpg","datePublished":"2020-07-27T12:55:00+00:00","dateModified":"2024-01-03T20:45:46+00:00","description":"\u00c9tude de cas recrutement : Utilisation des services de recrutement TI de Present pour assembler une \u00e9quipe de 15 ressources afin d\u2019installer une suite de logiciels d\u2019IBM.","breadcrumb":{"@id":"https:\/\/www.present.ca\/fr\/ressources\/etude-de-cas\/etude-de-cas-nos-recruteurs-rassemblent-une-equipe-de-15-personnes\/#breadcrumb"},"inLanguage":"fr-FR","potentialAction":[{"@type":"ReadAction","target":["https:\/\/www.present.ca\/fr\/ressources\/etude-de-cas\/etude-de-cas-nos-recruteurs-rassemblent-une-equipe-de-15-personnes\/"]}]},{"@type":"ImageObject","inLanguage":"fr-FR","@id":"https:\/\/www.present.ca\/fr\/ressources\/etude-de-cas\/etude-de-cas-nos-recruteurs-rassemblent-une-equipe-de-15-personnes\/#primaryimage","url":"https:\/\/www.present.ca\/wp-content\/uploads\/2020\/07\/banking_industry-bnw.jpg","contentUrl":"https:\/\/www.present.ca\/wp-content\/uploads\/2020\/07\/banking_industry-bnw.jpg","width":561,"height":370,"caption":"Ban"},{"@type":"BreadcrumbList","@id":"https:\/\/www.present.ca\/fr\/ressources\/etude-de-cas\/etude-de-cas-nos-recruteurs-rassemblent-une-equipe-de-15-personnes\/#breadcrumb","itemListElement":[{"@type":"ListItem","position":1,"name":"Accueil","item":"https:\/\/www.present.ca\/fr\/"},{"@type":"ListItem","position":2,"name":"Ressources","item":"https:\/\/www.present.ca\/fr\/ressources\/"},{"@type":"ListItem","position":3,"name":"\u00c9tudes de Cas","item":"https:\/\/www.present.ca\/fr\/ressources\/etude-de-cas\/"},{"@type":"ListItem","position":4,"name":"\u00c9tude de cas: Nos recruteurs rassemblent une \u00e9quipe de 15 personnes"}]},{"@type":"WebSite","@id":"https:\/\/www.present.ca\/fr\/#website","url":"https:\/\/www.present.ca\/fr\/","name":"Present","description":"Services G\u00e9r\u00e9s TI, S\u00e9curit\u00e9 G\u00e9r\u00e9e TI et Solutions de Cloud Hybride","potentialAction":[{"@type":"SearchAction","target":{"@type":"EntryPoint","urlTemplate":"https:\/\/www.present.ca\/fr\/?s={search_term_string}"},"query-input":{"@type":"PropertyValueSpecification","valueRequired":true,"valueName":"search_term_string"}}],"inLanguage":"fr-FR"}]}},"_links":{"self":[{"href":"https:\/\/www.present.ca\/fr\/wp-json\/wp\/v2\/pages\/20747","targetHints":{"allow":["GET"]}}],"collection":[{"href":"https:\/\/www.present.ca\/fr\/wp-json\/wp\/v2\/pages"}],"about":[{"href":"https:\/\/www.present.ca\/fr\/wp-json\/wp\/v2\/types\/page"}],"author":[{"embeddable":true,"href":"https:\/\/www.present.ca\/fr\/wp-json\/wp\/v2\/users\/3"}],"replies":[{"embeddable":true,"href":"https:\/\/www.present.ca\/fr\/wp-json\/wp\/v2\/comments?post=20747"}],"version-history":[{"count":3,"href":"https:\/\/www.present.ca\/fr\/wp-json\/wp\/v2\/pages\/20747\/revisions"}],"predecessor-version":[{"id":27855,"href":"https:\/\/www.present.ca\/fr\/wp-json\/wp\/v2\/pages\/20747\/revisions\/27855"}],"up":[{"embeddable":true,"href":"https:\/\/www.present.ca\/fr\/wp-json\/wp\/v2\/pages\/10724"}],"wp:featuredmedia":[{"embeddable":true,"href":"https:\/\/www.present.ca\/fr\/wp-json\/wp\/v2\/media\/20735"}],"wp:attachment":[{"href":"https:\/\/www.present.ca\/fr\/wp-json\/wp\/v2\/media?parent=20747"}],"curies":[{"name":"wp","href":"https:\/\/api.w.org\/{rel}","templated":true}]}}