{"id":20122,"date":"2020-05-26T12:10:28","date_gmt":"2020-05-26T16:10:28","guid":{"rendered":"https:\/\/www.present.ca\/?page_id=20122"},"modified":"2020-10-08T15:26:51","modified_gmt":"2020-10-08T19:26:51","slug":"ibm-power","status":"publish","type":"page","link":"https:\/\/www.present.ca\/fr\/solutions\/services-infonuagiques\/ibm-power\/","title":{"rendered":"IBM power"},"content":{"rendered":"<p>[vc_row][vc_column]<div id=\"ultimate-heading-364069d0922e8495b\" class=\"uvc-heading ult-adjust-bottom-margin ultimate-heading-364069d0922e8495b uvc-8210 cursive\" data-hspacer=\"no_spacer\"  data-halign=\"center\" style=\"text-align:center\"><div class=\"uvc-heading-spacer no_spacer\" style=\"top\"><\/div><div class=\"uvc-main-heading ult-responsive\"  data-ultimate-target='.uvc-heading.ultimate-heading-364069d0922e8495b h2'  data-responsive-json-new='{\"font-size\":\"\",\"line-height\":\"\"}' ><h2 style=\"font-weight:normal;margin-bottom:20px;\">IBM Power dans le nuage<\/h2><\/div><\/div>[vc_column_text]Les syst\u00e8mes IBM Power ont une solide r\u00e9putation de fiabilit\u00e9, de s\u00e9curit\u00e9 et de long\u00e9vit\u00e9. Il est d\u00e9sormais possible de tirer parti de ces syst\u00e8mes robustes tout en profitant de tous les avantages du nuage; capacit\u00e9 modulable, rentabilit\u00e9 accrue et meilleures performances.<\/p>\n<p>Lorsque vient le temps de renouveler votre infrastructure, ou que vous subissez une augmentation des charges de travail ou lorsque vous avez besoin d&rsquo;une solution qui n\u00e9cessite d\u2019importantes capacit\u00e9s de calcul dans un mod\u00e8le \u00e9volutif, il est judicieux de consid\u00e9rer IBM Power dans le nuage.<\/p>\n<p>Gr\u00e2ce \u00e0 notre partenariat avec IBM s&rsquo;\u00e9talant sur plus de 25 ans, Present d\u00e9tient une expertise dans tout ce qui touche au IBM Power, de l&rsquo;infrastructure et des applications jusqu\u2019\u00e0 la s\u00e9curit\u00e9, le support et la formation.[\/vc_column_text][vc_empty_space]<div id=\"ultimate-heading-228269d0922e849c1\" class=\"uvc-heading ult-adjust-bottom-margin ultimate-heading-228269d0922e849c1 uvc-8874 \" data-hspacer=\"no_spacer\"  data-halign=\"center\" style=\"text-align:center\"><div class=\"uvc-heading-spacer no_spacer\" style=\"top\"><\/div><div class=\"uvc-main-heading ult-responsive\"  data-ultimate-target='.uvc-heading.ultimate-heading-228269d0922e849c1 h2'  data-responsive-json-new='{\"font-size\":\"\",\"line-height\":\"\"}' ><h2 style=\"font-weight:normal;margin-bottom:30px;\">Les services infonuagiques de Present:<\/h2><\/div><\/div>[vc_empty_space][vc_row_inner][vc_column_inner width=\u00a0\u00bb1\/4&Prime;][vc_column_text]<\/p>\n<p style=\"text-align: center;\"><img loading=\"lazy\" decoding=\"async\" class=\"wp-image-17982 aligncenter\" src=\"https:\/\/www.present.ca\/wp-content\/uploads\/2018\/02\/Cloud-Migration-Assesment-1-200x200.png\" alt=\"\" width=\"100\" height=\"100\" srcset=\"https:\/\/www.present.ca\/wp-content\/uploads\/2018\/02\/Cloud-Migration-Assesment-1-200x200.png 200w, https:\/\/www.present.ca\/wp-content\/uploads\/2018\/02\/Cloud-Migration-Assesment-1-150x150.png 150w, https:\/\/www.present.ca\/wp-content\/uploads\/2018\/02\/Cloud-Migration-Assesment-1-70x70.png 70w, https:\/\/www.present.ca\/wp-content\/uploads\/2018\/02\/Cloud-Migration-Assesment-1-80x80.png 80w, https:\/\/www.present.ca\/wp-content\/uploads\/2018\/02\/Cloud-Migration-Assesment-1.png 540w\" sizes=\"(max-width: 100px) 100vw, 100px\" \/><\/p>\n<p style=\"text-align: center;\">\u00c9valuation de la migration vers le nuage<\/p>\n<p>[\/vc_column_text][\/vc_column_inner][vc_column_inner width=\u00a0\u00bb1\/4&Prime;][vc_column_text]<\/p>\n<p style=\"text-align: center;\"><img loading=\"lazy\" decoding=\"async\" class=\"alignnone wp-image-17984\" src=\"https:\/\/www.present.ca\/wp-content\/uploads\/2018\/02\/Cloud-Architecture-1-200x200.png\" alt=\"\" width=\"100\" height=\"100\" srcset=\"https:\/\/www.present.ca\/wp-content\/uploads\/2018\/02\/Cloud-Architecture-1-200x200.png 200w, https:\/\/www.present.ca\/wp-content\/uploads\/2018\/02\/Cloud-Architecture-1-150x150.png 150w, https:\/\/www.present.ca\/wp-content\/uploads\/2018\/02\/Cloud-Architecture-1-70x70.png 70w, https:\/\/www.present.ca\/wp-content\/uploads\/2018\/02\/Cloud-Architecture-1-80x80.png 80w, https:\/\/www.present.ca\/wp-content\/uploads\/2018\/02\/Cloud-Architecture-1.png 540w\" sizes=\"(max-width: 100px) 100vw, 100px\" \/><\/p>\n<p style=\"text-align: center;\">Architecture cloud<\/p>\n<p>[\/vc_column_text][\/vc_column_inner][vc_column_inner width=\u00a0\u00bb1\/4&Prime;][vc_column_text]<\/p>\n<p style=\"text-align: center;\"><img loading=\"lazy\" decoding=\"async\" class=\"wp-image-17986 aligncenter\" src=\"https:\/\/www.present.ca\/wp-content\/uploads\/2018\/02\/Project-Planning-200x200.png\" alt=\"\" width=\"100\" height=\"100\" srcset=\"https:\/\/www.present.ca\/wp-content\/uploads\/2018\/02\/Project-Planning-200x200.png 200w, https:\/\/www.present.ca\/wp-content\/uploads\/2018\/02\/Project-Planning-150x150.png 150w, https:\/\/www.present.ca\/wp-content\/uploads\/2018\/02\/Project-Planning-70x70.png 70w, https:\/\/www.present.ca\/wp-content\/uploads\/2018\/02\/Project-Planning-80x80.png 80w, https:\/\/www.present.ca\/wp-content\/uploads\/2018\/02\/Project-Planning.png 540w\" sizes=\"(max-width: 100px) 100vw, 100px\" \/><\/p>\n<p style=\"text-align: center;\">Planification du projet<\/p>\n<p>[\/vc_column_text][\/vc_column_inner][vc_column_inner width=\u00a0\u00bb1\/4&Prime;][vc_column_text]<\/p>\n<p style=\"text-align: center;\"><img loading=\"lazy\" decoding=\"async\" class=\"wp-image-17988 aligncenter\" src=\"https:\/\/www.present.ca\/wp-content\/uploads\/2018\/02\/Provisionning-and-migration-200x200.png\" alt=\"\" width=\"100\" height=\"100\" srcset=\"https:\/\/www.present.ca\/wp-content\/uploads\/2018\/02\/Provisionning-and-migration-200x200.png 200w, https:\/\/www.present.ca\/wp-content\/uploads\/2018\/02\/Provisionning-and-migration-150x150.png 150w, https:\/\/www.present.ca\/wp-content\/uploads\/2018\/02\/Provisionning-and-migration-70x70.png 70w, https:\/\/www.present.ca\/wp-content\/uploads\/2018\/02\/Provisionning-and-migration-80x80.png 80w, https:\/\/www.present.ca\/wp-content\/uploads\/2018\/02\/Provisionning-and-migration.png 540w\" sizes=\"(max-width: 100px) 100vw, 100px\" \/><\/p>\n<p style=\"text-align: center;\">Services d&rsquo;approvisionnement et de migration<\/p>\n<p>[\/vc_column_text][\/vc_column_inner][\/vc_row_inner][vc_row_inner][vc_column_inner width=\u00a0\u00bb1\/3&Prime;][vc_column_text]<\/p>\n<p style=\"text-align: center;\"><img loading=\"lazy\" decoding=\"async\" class=\"wp-image-17998 aligncenter\" src=\"https:\/\/www.present.ca\/wp-content\/uploads\/2018\/02\/Cloud-Managed-services-1-200x200.png\" alt=\"\" width=\"100\" height=\"100\" srcset=\"https:\/\/www.present.ca\/wp-content\/uploads\/2018\/02\/Cloud-Managed-services-1-200x200.png 200w, https:\/\/www.present.ca\/wp-content\/uploads\/2018\/02\/Cloud-Managed-services-1-150x150.png 150w, https:\/\/www.present.ca\/wp-content\/uploads\/2018\/02\/Cloud-Managed-services-1-70x70.png 70w, https:\/\/www.present.ca\/wp-content\/uploads\/2018\/02\/Cloud-Managed-services-1-80x80.png 80w, https:\/\/www.present.ca\/wp-content\/uploads\/2018\/02\/Cloud-Managed-services-1.png 540w\" sizes=\"(max-width: 100px) 100vw, 100px\" \/><\/p>\n<p style=\"text-align: center;\">Services g\u00e9r\u00e9s dans le nuage<\/p>\n<p>[\/vc_column_text][\/vc_column_inner][vc_column_inner width=\u00a0\u00bb1\/3&Prime;][vc_column_text]<\/p>\n<p style=\"text-align: center;\"><img loading=\"lazy\" decoding=\"async\" class=\"wp-image-18000 aligncenter\" src=\"https:\/\/www.present.ca\/wp-content\/uploads\/2018\/02\/Monitoring-services-200x200.png\" alt=\"\" width=\"100\" height=\"100\" srcset=\"https:\/\/www.present.ca\/wp-content\/uploads\/2018\/02\/Monitoring-services-200x200.png 200w, https:\/\/www.present.ca\/wp-content\/uploads\/2018\/02\/Monitoring-services-150x150.png 150w, https:\/\/www.present.ca\/wp-content\/uploads\/2018\/02\/Monitoring-services-70x70.png 70w, https:\/\/www.present.ca\/wp-content\/uploads\/2018\/02\/Monitoring-services-80x80.png 80w, https:\/\/www.present.ca\/wp-content\/uploads\/2018\/02\/Monitoring-services.png 540w\" sizes=\"(max-width: 100px) 100vw, 100px\" \/><\/p>\n<p style=\"text-align: center;\">Services de surveillance<\/p>\n<p>[\/vc_column_text][\/vc_column_inner][vc_column_inner width=\u00a0\u00bb1\/3&Prime;][vc_column_text]<\/p>\n<p style=\"text-align: center;\"><img loading=\"lazy\" decoding=\"async\" class=\"wp-image-18002 aligncenter\" src=\"https:\/\/www.present.ca\/wp-content\/uploads\/2018\/02\/247-1-200x200.png\" alt=\"\" width=\"100\" height=\"100\" srcset=\"https:\/\/www.present.ca\/wp-content\/uploads\/2018\/02\/247-1-200x200.png 200w, https:\/\/www.present.ca\/wp-content\/uploads\/2018\/02\/247-1-150x150.png 150w, https:\/\/www.present.ca\/wp-content\/uploads\/2018\/02\/247-1-70x70.png 70w, https:\/\/www.present.ca\/wp-content\/uploads\/2018\/02\/247-1-80x80.png 80w, https:\/\/www.present.ca\/wp-content\/uploads\/2018\/02\/247-1.png 540w\" sizes=\"(max-width: 100px) 100vw, 100px\" \/><\/p>\n<p style=\"text-align: center;\">Support 24\/7<\/p>\n<p>[\/vc_column_text][\/vc_column_inner][\/vc_row_inner][\/vc_column][\/vc_row][vc_row full_width=\u00a0\u00bbstretch_row_content\u00a0\u00bb bg_type=\u00a0\u00bbbg_color\u00a0\u00bb el_class=\u00a0\u00bbtilt-pos-3-deg\u00a0\u00bb css=\u00a0\u00bb.vc_custom_1588250693452{padding-top: 25px !important;padding-bottom: 25px !important;}\u00a0\u00bb bg_color_value=\u00a0\u00bb#16a361&Prime;][vc_column]<div id=\"ultimate-heading-872069d0922e84a08\" class=\"uvc-heading ult-adjust-bottom-margin ultimate-heading-872069d0922e84a08 uvc-3350 \" data-hspacer=\"no_spacer\"  data-halign=\"center\" style=\"text-align:center\"><div class=\"uvc-heading-spacer no_spacer\" style=\"top\"><\/div><div class=\"uvc-main-heading ult-responsive\"  data-ultimate-target='.uvc-heading.ultimate-heading-872069d0922e84a08 h3'  data-responsive-json-new='{\"font-size\":\"\",\"line-height\":\"\"}' ><h3 style=\"font-weight:normal;margin-top:10px;margin-bottom:25px;\">Profitez des avantages du Nuage !<\/h3><\/div><div class=\"uvc-sub-heading ult-responsive\"  data-ultimate-target='.uvc-heading.ultimate-heading-872069d0922e84a08 .uvc-sub-heading '  data-responsive-json-new='{\"font-size\":\"\",\"line-height\":\"\"}'  style=\"font-weight:normal;margin-bottom:25px;\">Contactez nos experts en solutions infonuagiques<\/div><\/div><div class=\" ubtn-ctn-center \"><a class=\"ubtn-link ult-adjust-bottom-margin ubtn-center ubtn-normal \" href=\"\/fr\/contactez-present\/\" title=\"Contactez Present\" ><button type=\"button\" id=\"ubtn-4178\"  class=\"ubtn ult-adjust-bottom-margin ult-responsive ubtn-normal ubtn-no-hover-bg  none  ubtn-center   tooltip-69d0922e84a65\"  data-hover=\"#ffffff\" data-border-color=\"#ffffff\" data-bg=\"#ffffff\" data-hover-bg=\"#000000\" data-border-hover=\"#ffffff\" data-shadow-hover=\"\" data-shadow-click=\"none\" data-shadow=\"\" data-shd-shadow=\"\"  data-ultimate-target='#ubtn-4178'  data-responsive-json-new='{\"font-size\":\"desktop:18px;\",\"line-height\":\"desktop:24px;\"}'  style=\"font-weight:bold;border-radius:5px;border-width:3px;border-color:#ffffff;border-style:solid;background: #ffffff;color: #16a361;\"><span class=\"ubtn-hover\" style=\"background-color:#000000\"><\/span><span class=\"ubtn-data ubtn-text \" >Parlons-en<\/span><\/button><\/a><\/div>[\/vc_column][\/vc_row][vc_row][vc_column][vc_column_text][\/vc_column_text][\/vc_column][\/vc_row]<\/p>\n","protected":false},"excerpt":{"rendered":"<p>[vc_row][vc_column][vc_column_text]Les syst\u00e8mes IBM Power ont une solide r\u00e9putation de fiabilit\u00e9, de s\u00e9curit\u00e9 et de long\u00e9vit\u00e9. Il est d\u00e9sormais possible de tirer parti de ces syst\u00e8mes robustes tout en profitant de tous les avantages du nuage; capacit\u00e9 modulable, rentabilit\u00e9 accrue et meilleures performances. Lorsque vient le temps de renouveler votre infrastructure, ou que vous subissez une [&#8230;]<\/p>\n","protected":false},"author":3,"featured_media":17374,"parent":18300,"menu_order":3,"comment_status":"closed","ping_status":"closed","template":"","meta":{"footnotes":"","_wp_rev_ctl_limit":""},"acf":[],"yoast_head":"<!-- This site is optimized with the Yoast SEO plugin v20.2.1 - https:\/\/yoast.com\/wordpress\/plugins\/seo\/ -->\n<title>IBM Power - Present - Solutions et services TI- Montr\u00e9al, Qu\u00e9bec, Toronto<\/title>\n<meta name=\"description\" content=\"Nous pouvons vous guider dans la planification, le d\u00e9veloppement et le d\u00e9ploiement de vos charges de travail Power dans le nuage avec IBM afin de maximiser les performances, de minimiser les co\u00fbts et de rester en s\u00e9curit\u00e9.\" \/>\n<meta name=\"robots\" content=\"index, follow, max-snippet:-1, max-image-preview:large, max-video-preview:-1\" \/>\n<link rel=\"canonical\" href=\"https:\/\/www.present.ca\/fr\/solutions\/services-infonuagiques\/ibm-power\/\" \/>\n<meta property=\"og:locale\" content=\"fr_FR\" \/>\n<meta property=\"og:type\" content=\"article\" \/>\n<meta property=\"og:title\" content=\"IBM Power - Present - Solutions et services TI- Montr\u00e9al, Qu\u00e9bec, Toronto\" \/>\n<meta property=\"og:description\" content=\"Nous pouvons vous guider dans la planification, le d\u00e9veloppement et le d\u00e9ploiement de vos charges de travail Power dans le nuage avec IBM afin de maximiser les performances, de minimiser les co\u00fbts et de rester en s\u00e9curit\u00e9.\" \/>\n<meta property=\"og:url\" content=\"https:\/\/www.present.ca\/fr\/solutions\/services-infonuagiques\/ibm-power\/\" \/>\n<meta property=\"og:site_name\" content=\"Present\" \/>\n<meta property=\"article:modified_time\" content=\"2020-10-08T19:26:51+00:00\" \/>\n<meta property=\"og:image\" content=\"https:\/\/www.present.ca\/wp-content\/uploads\/2016\/11\/hyperconverged.jpg\" \/>\n\t<meta property=\"og:image:width\" content=\"512\" \/>\n\t<meta property=\"og:image:height\" content=\"288\" \/>\n\t<meta property=\"og:image:type\" content=\"image\/jpeg\" \/>\n<meta name=\"twitter:card\" content=\"summary_large_image\" \/>\n<meta name=\"twitter:label1\" content=\"Dur\u00e9e de lecture estim\u00e9e\" \/>\n\t<meta name=\"twitter:data1\" content=\"2 minutes\" \/>\n<script type=\"application\/ld+json\" class=\"yoast-schema-graph\">{\"@context\":\"https:\/\/schema.org\",\"@graph\":[{\"@type\":\"WebPage\",\"@id\":\"https:\/\/www.present.ca\/fr\/solutions\/services-infonuagiques\/ibm-power\/\",\"url\":\"https:\/\/www.present.ca\/fr\/solutions\/services-infonuagiques\/ibm-power\/\",\"name\":\"IBM Power - Present - Solutions et services TI- Montr\u00e9al, Qu\u00e9bec, Toronto\",\"isPartOf\":{\"@id\":\"https:\/\/www.present.ca\/fr\/#website\"},\"datePublished\":\"2020-05-26T16:10:28+00:00\",\"dateModified\":\"2020-10-08T19:26:51+00:00\",\"description\":\"Nous pouvons vous guider dans la planification, le d\u00e9veloppement et le d\u00e9ploiement de vos charges de travail Power dans le nuage avec IBM afin de maximiser les performances, de minimiser les co\u00fbts et de rester en s\u00e9curit\u00e9.\",\"breadcrumb\":{\"@id\":\"https:\/\/www.present.ca\/fr\/solutions\/services-infonuagiques\/ibm-power\/#breadcrumb\"},\"inLanguage\":\"fr-FR\",\"potentialAction\":[{\"@type\":\"ReadAction\",\"target\":[\"https:\/\/www.present.ca\/fr\/solutions\/services-infonuagiques\/ibm-power\/\"]}]},{\"@type\":\"BreadcrumbList\",\"@id\":\"https:\/\/www.present.ca\/fr\/solutions\/services-infonuagiques\/ibm-power\/#breadcrumb\",\"itemListElement\":[{\"@type\":\"ListItem\",\"position\":1,\"name\":\"Accueil\",\"item\":\"https:\/\/www.present.ca\/fr\/\"},{\"@type\":\"ListItem\",\"position\":2,\"name\":\"Solutions\",\"item\":\"https:\/\/www.present.ca\/fr\/solutions\/\"},{\"@type\":\"ListItem\",\"position\":3,\"name\":\"Services infonuagiques\",\"item\":\"https:\/\/www.present.ca\/fr\/solutions\/services-infonuagiques\/\"},{\"@type\":\"ListItem\",\"position\":4,\"name\":\"IBM power\"}]},{\"@type\":\"WebSite\",\"@id\":\"https:\/\/www.present.ca\/fr\/#website\",\"url\":\"https:\/\/www.present.ca\/fr\/\",\"name\":\"Present\",\"description\":\"Services G\u00e9r\u00e9s TI, S\u00e9curit\u00e9 G\u00e9r\u00e9e TI et Solutions de Cloud Hybride\",\"potentialAction\":[{\"@type\":\"SearchAction\",\"target\":{\"@type\":\"EntryPoint\",\"urlTemplate\":\"https:\/\/www.present.ca\/fr\/?s={search_term_string}\"},\"query-input\":\"required name=search_term_string\"}],\"inLanguage\":\"fr-FR\"}]}<\/script>\n<!-- \/ Yoast SEO plugin. -->","yoast_head_json":{"title":"IBM Power - Present - Solutions et services TI- Montr\u00e9al, Qu\u00e9bec, Toronto","description":"Nous pouvons vous guider dans la planification, le d\u00e9veloppement et le d\u00e9ploiement de vos charges de travail Power dans le nuage avec IBM afin de maximiser les performances, de minimiser les co\u00fbts et de rester en s\u00e9curit\u00e9.","robots":{"index":"index","follow":"follow","max-snippet":"max-snippet:-1","max-image-preview":"max-image-preview:large","max-video-preview":"max-video-preview:-1"},"canonical":"https:\/\/www.present.ca\/fr\/solutions\/services-infonuagiques\/ibm-power\/","og_locale":"fr_FR","og_type":"article","og_title":"IBM Power - Present - Solutions et services TI- Montr\u00e9al, Qu\u00e9bec, Toronto","og_description":"Nous pouvons vous guider dans la planification, le d\u00e9veloppement et le d\u00e9ploiement de vos charges de travail Power dans le nuage avec IBM afin de maximiser les performances, de minimiser les co\u00fbts et de rester en s\u00e9curit\u00e9.","og_url":"https:\/\/www.present.ca\/fr\/solutions\/services-infonuagiques\/ibm-power\/","og_site_name":"Present","article_modified_time":"2020-10-08T19:26:51+00:00","og_image":[{"width":512,"height":288,"url":"https:\/\/www.present.ca\/wp-content\/uploads\/2016\/11\/hyperconverged.jpg","type":"image\/jpeg"}],"twitter_card":"summary_large_image","twitter_misc":{"Dur\u00e9e de lecture estim\u00e9e":"2 minutes"},"schema":{"@context":"https:\/\/schema.org","@graph":[{"@type":"WebPage","@id":"https:\/\/www.present.ca\/fr\/solutions\/services-infonuagiques\/ibm-power\/","url":"https:\/\/www.present.ca\/fr\/solutions\/services-infonuagiques\/ibm-power\/","name":"IBM Power - Present - Solutions et services TI- Montr\u00e9al, Qu\u00e9bec, Toronto","isPartOf":{"@id":"https:\/\/www.present.ca\/fr\/#website"},"datePublished":"2020-05-26T16:10:28+00:00","dateModified":"2020-10-08T19:26:51+00:00","description":"Nous pouvons vous guider dans la planification, le d\u00e9veloppement et le d\u00e9ploiement de vos charges de travail Power dans le nuage avec IBM afin de maximiser les performances, de minimiser les co\u00fbts et de rester en s\u00e9curit\u00e9.","breadcrumb":{"@id":"https:\/\/www.present.ca\/fr\/solutions\/services-infonuagiques\/ibm-power\/#breadcrumb"},"inLanguage":"fr-FR","potentialAction":[{"@type":"ReadAction","target":["https:\/\/www.present.ca\/fr\/solutions\/services-infonuagiques\/ibm-power\/"]}]},{"@type":"BreadcrumbList","@id":"https:\/\/www.present.ca\/fr\/solutions\/services-infonuagiques\/ibm-power\/#breadcrumb","itemListElement":[{"@type":"ListItem","position":1,"name":"Accueil","item":"https:\/\/www.present.ca\/fr\/"},{"@type":"ListItem","position":2,"name":"Solutions","item":"https:\/\/www.present.ca\/fr\/solutions\/"},{"@type":"ListItem","position":3,"name":"Services infonuagiques","item":"https:\/\/www.present.ca\/fr\/solutions\/services-infonuagiques\/"},{"@type":"ListItem","position":4,"name":"IBM power"}]},{"@type":"WebSite","@id":"https:\/\/www.present.ca\/fr\/#website","url":"https:\/\/www.present.ca\/fr\/","name":"Present","description":"Services G\u00e9r\u00e9s TI, S\u00e9curit\u00e9 G\u00e9r\u00e9e TI et Solutions de Cloud Hybride","potentialAction":[{"@type":"SearchAction","target":{"@type":"EntryPoint","urlTemplate":"https:\/\/www.present.ca\/fr\/?s={search_term_string}"},"query-input":"required name=search_term_string"}],"inLanguage":"fr-FR"}]}},"_links":{"self":[{"href":"https:\/\/www.present.ca\/fr\/wp-json\/wp\/v2\/pages\/20122"}],"collection":[{"href":"https:\/\/www.present.ca\/fr\/wp-json\/wp\/v2\/pages"}],"about":[{"href":"https:\/\/www.present.ca\/fr\/wp-json\/wp\/v2\/types\/page"}],"author":[{"embeddable":true,"href":"https:\/\/www.present.ca\/fr\/wp-json\/wp\/v2\/users\/3"}],"replies":[{"embeddable":true,"href":"https:\/\/www.present.ca\/fr\/wp-json\/wp\/v2\/comments?post=20122"}],"version-history":[{"count":2,"href":"https:\/\/www.present.ca\/fr\/wp-json\/wp\/v2\/pages\/20122\/revisions"}],"predecessor-version":[{"id":21314,"href":"https:\/\/www.present.ca\/fr\/wp-json\/wp\/v2\/pages\/20122\/revisions\/21314"}],"up":[{"embeddable":true,"href":"https:\/\/www.present.ca\/fr\/wp-json\/wp\/v2\/pages\/18300"}],"wp:featuredmedia":[{"embeddable":true,"href":"https:\/\/www.present.ca\/fr\/wp-json\/wp\/v2\/media\/17374"}],"wp:attachment":[{"href":"https:\/\/www.present.ca\/fr\/wp-json\/wp\/v2\/media?parent=20122"}],"curies":[{"name":"wp","href":"https:\/\/api.w.org\/{rel}","templated":true}]}}