{"id":20110,"date":"2020-05-26T12:10:28","date_gmt":"2020-05-26T16:10:28","guid":{"rendered":"https:\/\/www.present.ca\/?page_id=20110"},"modified":"2020-10-08T15:32:40","modified_gmt":"2020-10-08T19:32:40","slug":"azure","status":"publish","type":"page","link":"https:\/\/www.present.ca\/fr\/solutions\/services-infonuagiques\/azure\/","title":{"rendered":"Azure"},"content":{"rendered":"<p>[vc_row][vc_column]<div id=\"ultimate-heading-48976a058569cfc6f\" class=\"uvc-heading ult-adjust-bottom-margin ultimate-heading-48976a058569cfc6f uvc-8065 cursive\" data-hspacer=\"no_spacer\"  data-halign=\"center\" style=\"text-align:center\"><div class=\"uvc-heading-spacer no_spacer\" style=\"top\"><\/div><div class=\"uvc-main-heading ult-responsive\"  data-ultimate-target='.uvc-heading.ultimate-heading-48976a058569cfc6f h2'  data-responsive-json-new='{\"font-size\":\"\",\"line-height\":\"\"}' ><h2 style=\"font-weight:normal;margin-bottom:20px;\">Services infonuagiques de Microsoft Azure<\/h2><\/div><div class=\"uvc-sub-heading ult-responsive\"  data-ultimate-target='.uvc-heading.ultimate-heading-48976a058569cfc6f .uvc-sub-heading '  data-responsive-json-new='{\"font-size\":\"\",\"line-height\":\"\"}'  style=\"font-weight:normal;\"><\/p>\n<p style=\"text-align: center;\">Services conseils, architecture, implantation, d\u00e9ploiements &amp; migrations<\/p>\n<p><\/div><\/div>[vc_column_text]<strong>Microsoft Azure<\/strong> inclut un ensemble toujours plus grand de services infonuagiques afin de cr\u00e9er, de d\u00e9ployer et de g\u00e9rer les applications en utilisant le r\u00e9seau international de centres de donn\u00e9es de Microsoft, incluant 2 centres de donn\u00e9es au Canada (Montr\u00e9al et Toronto).<\/p>\n<p>Cet ensemble tr\u00e8s riche de services tels que calcul, r\u00e9seau, stockage, bases de donn\u00e9es, web et mobilit\u00e9, vous permet d\u2019en faire plus, plus vite, et de mani\u00e8re plus \u00e9conomique.\u00a0 Vous pouvez m\u00eame, au besoin \u00e9tendre Azure sur place, et b\u00e2tir des applications innovantes qui fonctionnent en mode hybride.<\/p>\n<p>En tant que partenaire Microsoft certifi\u00e9 Gold, nos ressources certifi\u00e9es d\u00e9ploient, en int\u00e9grant <strong>les services Azure,<\/strong> les sc\u00e9narios communs suivants :[\/vc_column_text][vc_empty_space][vc_row_inner][vc_column_inner width=\u00a0\u00bb1\/3&Prime;][vc_column_text]<\/p>\n<h3 style=\"text-align: center;\">Infrastructure en tant que service<\/h3>\n<ul>\n<li style=\"text-align: center;\">Une infrastructure op\u00e9rationnelle \u00e0 100% dans le nuage.<\/li>\n<li style=\"text-align: center;\">Gagnez du temps et r\u00e9duisez la complexit\u00e9 en n&rsquo;ayant plus \u00e0 acheter et g\u00e9rer des serveurs<\/li>\n<li style=\"text-align: center;\">Accroissement des ressources sur demande<\/li>\n<li style=\"text-align: center;\">Payer uniquement pour ce que vous utilisez<\/li>\n<\/ul>\n<p>[\/vc_column_text][vc_empty_space height=\u00a0\u00bb25px\u00a0\u00bb][vc_single_image image=\u00a0\u00bb19608&Prime; img_size=\u00a0\u00bb300&#215;300&Prime; alignment=\u00a0\u00bbcenter\u00a0\u00bb][\/vc_column_inner][vc_column_inner width=\u00a0\u00bb1\/3&Prime;][vc_column_text]<\/p>\n<h3 style=\"text-align: center;\">Sauvegarde en tant que service<\/h3>\n<ul>\n<li style=\"text-align: center;\">Remplacez votre solution de sauvegarde existante par le service de sauvegarde Azure.<\/li>\n<li style=\"text-align: center;\">Lib\u00e9rez vos ressources pour vous concentrer sur d&rsquo;autres projets<\/li>\n<li style=\"text-align: center;\">Am\u00e9liorez votre tranquillit\u00e9 d&rsquo;esprit en sachant que les sauvegardes sont surveill\u00e9es et que les donn\u00e9es sont s\u00e9curis\u00e9es.<\/li>\n<\/ul>\n<p>[\/vc_column_text][vc_single_image image=\u00a0\u00bb19603&Prime; alignment=\u00a0\u00bbcenter\u00a0\u00bb][\/vc_column_inner][vc_column_inner width=\u00a0\u00bb1\/3&Prime;][vc_column_text]<\/p>\n<h3 style=\"text-align: center;\">Reprise apr\u00e8s sinistre en tant que service<\/h3>\n<ul>\n<li style=\"text-align: center;\">Prot\u00e9gez vos actifs commerciaux et votre infrastructure informatique<\/li>\n<li style=\"text-align: center;\">Automatisez la r\u00e9plication des charges de travail sur les machines virtuelles et les serveurs physiques<\/li>\n<li style=\"text-align: center;\">\u00c9conomisez les frais d&rsquo;une deuxi\u00e8me infrastructure<\/li>\n<\/ul>\n<p>[\/vc_column_text][vc_empty_space height=\u00a0\u00bb16px\u00a0\u00bb][vc_single_image image=\u00a0\u00bb19605&Prime; alignment=\u00a0\u00bbcenter\u00a0\u00bb][\/vc_column_inner][\/vc_row_inner][\/vc_column][\/vc_row][vc_row][vc_column]<div id=\"ultimate-heading-90896a058569cfcbc\" class=\"uvc-heading ult-adjust-bottom-margin ultimate-heading-90896a058569cfcbc uvc-2934 \" data-hspacer=\"no_spacer\"  data-halign=\"center\" style=\"text-align:center\"><div class=\"uvc-heading-spacer no_spacer\" style=\"top\"><\/div><div class=\"uvc-main-heading ult-responsive\"  data-ultimate-target='.uvc-heading.ultimate-heading-90896a058569cfcbc h2'  data-responsive-json-new='{\"font-size\":\"\",\"line-height\":\"\"}' ><h2 style=\"font-weight:normal;\">Les services infonuagiques de Present<\/h2><\/div><\/div>[\/vc_column][\/vc_row][vc_row][vc_column width=\u00a0\u00bb1\/4&Prime;][vc_column_text]<\/p>\n<p style=\"text-align: center;\"><img loading=\"lazy\" decoding=\"async\" class=\"wp-image-17982 aligncenter\" src=\"https:\/\/www.present.ca\/wp-content\/uploads\/2018\/02\/Cloud-Migration-Assesment-1-200x200.png\" alt=\"\" width=\"100\" height=\"100\" srcset=\"https:\/\/www.present.ca\/wp-content\/uploads\/2018\/02\/Cloud-Migration-Assesment-1-200x200.png 200w, https:\/\/www.present.ca\/wp-content\/uploads\/2018\/02\/Cloud-Migration-Assesment-1-150x150.png 150w, https:\/\/www.present.ca\/wp-content\/uploads\/2018\/02\/Cloud-Migration-Assesment-1-70x70.png 70w, https:\/\/www.present.ca\/wp-content\/uploads\/2018\/02\/Cloud-Migration-Assesment-1-80x80.png 80w, https:\/\/www.present.ca\/wp-content\/uploads\/2018\/02\/Cloud-Migration-Assesment-1.png 540w\" sizes=\"auto, (max-width: 100px) 100vw, 100px\" \/><\/p>\n<p style=\"text-align: center;\">\u00c9valuation de la migration vers le nuage<\/p>\n<p>[\/vc_column_text][\/vc_column][vc_column width=\u00a0\u00bb1\/4&Prime;][vc_column_text]<\/p>\n<p style=\"text-align: center;\"><img loading=\"lazy\" decoding=\"async\" class=\" wp-image-17984 aligncenter\" src=\"https:\/\/www.present.ca\/wp-content\/uploads\/2018\/02\/Cloud-Architecture-1-200x200.png\" alt=\"\" width=\"100\" height=\"100\" srcset=\"https:\/\/www.present.ca\/wp-content\/uploads\/2018\/02\/Cloud-Architecture-1-200x200.png 200w, https:\/\/www.present.ca\/wp-content\/uploads\/2018\/02\/Cloud-Architecture-1-150x150.png 150w, https:\/\/www.present.ca\/wp-content\/uploads\/2018\/02\/Cloud-Architecture-1-70x70.png 70w, https:\/\/www.present.ca\/wp-content\/uploads\/2018\/02\/Cloud-Architecture-1-80x80.png 80w, https:\/\/www.present.ca\/wp-content\/uploads\/2018\/02\/Cloud-Architecture-1.png 540w\" sizes=\"auto, (max-width: 100px) 100vw, 100px\" \/><\/p>\n<p style=\"text-align: center;\">Architecture du nuage<\/p>\n<p>[\/vc_column_text][\/vc_column][vc_column width=\u00a0\u00bb1\/4&Prime;][vc_column_text]<\/p>\n<p style=\"text-align: center;\"><img loading=\"lazy\" decoding=\"async\" class=\" wp-image-17986 aligncenter\" src=\"https:\/\/www.present.ca\/wp-content\/uploads\/2018\/02\/Project-Planning-200x200.png\" alt=\"\" width=\"101\" height=\"101\" srcset=\"https:\/\/www.present.ca\/wp-content\/uploads\/2018\/02\/Project-Planning-200x200.png 200w, https:\/\/www.present.ca\/wp-content\/uploads\/2018\/02\/Project-Planning-150x150.png 150w, https:\/\/www.present.ca\/wp-content\/uploads\/2018\/02\/Project-Planning-70x70.png 70w, https:\/\/www.present.ca\/wp-content\/uploads\/2018\/02\/Project-Planning-80x80.png 80w, https:\/\/www.present.ca\/wp-content\/uploads\/2018\/02\/Project-Planning.png 540w\" sizes=\"auto, (max-width: 101px) 100vw, 101px\" \/><\/p>\n<p style=\"text-align: center;\">Planification du projet<\/p>\n<p>[\/vc_column_text][\/vc_column][vc_column width=\u00a0\u00bb1\/4&Prime;][vc_column_text]<\/p>\n<p style=\"text-align: center;\"><img loading=\"lazy\" decoding=\"async\" class=\"alignnone wp-image-17988\" src=\"https:\/\/www.present.ca\/wp-content\/uploads\/2018\/02\/Provisionning-and-migration-200x200.png\" alt=\"\" width=\"100\" height=\"100\" srcset=\"https:\/\/www.present.ca\/wp-content\/uploads\/2018\/02\/Provisionning-and-migration-200x200.png 200w, https:\/\/www.present.ca\/wp-content\/uploads\/2018\/02\/Provisionning-and-migration-150x150.png 150w, https:\/\/www.present.ca\/wp-content\/uploads\/2018\/02\/Provisionning-and-migration-70x70.png 70w, https:\/\/www.present.ca\/wp-content\/uploads\/2018\/02\/Provisionning-and-migration-80x80.png 80w, https:\/\/www.present.ca\/wp-content\/uploads\/2018\/02\/Provisionning-and-migration.png 540w\" sizes=\"auto, (max-width: 100px) 100vw, 100px\" \/><\/p>\n<p style=\"text-align: center;\">Services d&rsquo;approvisionnement et de migration<\/p>\n<p>[\/vc_column_text][\/vc_column][\/vc_row][vc_row][vc_column width=\u00a0\u00bb1\/3&Prime;][vc_column_text]<\/p>\n<p style=\"text-align: center;\"><img loading=\"lazy\" decoding=\"async\" class=\"wp-image-17998 aligncenter\" src=\"https:\/\/www.present.ca\/wp-content\/uploads\/2018\/02\/Cloud-Managed-services-1-200x200.png\" alt=\"\" width=\"100\" height=\"100\" srcset=\"https:\/\/www.present.ca\/wp-content\/uploads\/2018\/02\/Cloud-Managed-services-1-200x200.png 200w, https:\/\/www.present.ca\/wp-content\/uploads\/2018\/02\/Cloud-Managed-services-1-150x150.png 150w, https:\/\/www.present.ca\/wp-content\/uploads\/2018\/02\/Cloud-Managed-services-1-70x70.png 70w, https:\/\/www.present.ca\/wp-content\/uploads\/2018\/02\/Cloud-Managed-services-1-80x80.png 80w, https:\/\/www.present.ca\/wp-content\/uploads\/2018\/02\/Cloud-Managed-services-1.png 540w\" sizes=\"auto, (max-width: 100px) 100vw, 100px\" \/><\/p>\n<p style=\"text-align: center;\">Services g\u00e9r\u00e9s dans le nuage<\/p>\n<p>[\/vc_column_text][\/vc_column][vc_column width=\u00a0\u00bb1\/3&Prime;][vc_column_text]<\/p>\n<p style=\"text-align: center;\"><img loading=\"lazy\" decoding=\"async\" class=\"wp-image-18000 aligncenter\" src=\"https:\/\/www.present.ca\/wp-content\/uploads\/2018\/02\/Monitoring-services-200x200.png\" alt=\"\" width=\"100\" height=\"100\" srcset=\"https:\/\/www.present.ca\/wp-content\/uploads\/2018\/02\/Monitoring-services-200x200.png 200w, https:\/\/www.present.ca\/wp-content\/uploads\/2018\/02\/Monitoring-services-150x150.png 150w, https:\/\/www.present.ca\/wp-content\/uploads\/2018\/02\/Monitoring-services-70x70.png 70w, https:\/\/www.present.ca\/wp-content\/uploads\/2018\/02\/Monitoring-services-80x80.png 80w, https:\/\/www.present.ca\/wp-content\/uploads\/2018\/02\/Monitoring-services.png 540w\" sizes=\"auto, (max-width: 100px) 100vw, 100px\" \/><\/p>\n<p style=\"text-align: center;\">Services de surveillance<\/p>\n<p>[\/vc_column_text][\/vc_column][vc_column width=\u00a0\u00bb1\/3&Prime;][vc_column_text]<\/p>\n<p style=\"text-align: center;\"><img loading=\"lazy\" decoding=\"async\" class=\"wp-image-18002 aligncenter\" src=\"https:\/\/www.present.ca\/wp-content\/uploads\/2018\/02\/247-1-200x200.png\" alt=\"\" width=\"99\" height=\"99\" srcset=\"https:\/\/www.present.ca\/wp-content\/uploads\/2018\/02\/247-1-200x200.png 200w, https:\/\/www.present.ca\/wp-content\/uploads\/2018\/02\/247-1-150x150.png 150w, https:\/\/www.present.ca\/wp-content\/uploads\/2018\/02\/247-1-70x70.png 70w, https:\/\/www.present.ca\/wp-content\/uploads\/2018\/02\/247-1-80x80.png 80w, https:\/\/www.present.ca\/wp-content\/uploads\/2018\/02\/247-1.png 540w\" sizes=\"auto, (max-width: 99px) 100vw, 99px\" \/><\/p>\n<p style=\"text-align: center;\">Assistance 24\/7<\/p>\n<p>[\/vc_column_text][\/vc_column][\/vc_row][vc_row full_width=\u00a0\u00bbstretch_row_content\u00a0\u00bb bg_type=\u00a0\u00bbbg_color\u00a0\u00bb el_class=\u00a0\u00bbtilt-pos-3-deg\u00a0\u00bb css=\u00a0\u00bb.vc_custom_1588250693452{padding-top: 25px !important;padding-bottom: 25px !important;}\u00a0\u00bb bg_color_value=\u00a0\u00bb#16a361&Prime;][vc_column]<div id=\"ultimate-heading-70006a058569cfce6\" class=\"uvc-heading ult-adjust-bottom-margin ultimate-heading-70006a058569cfce6 uvc-8668 \" data-hspacer=\"no_spacer\"  data-halign=\"center\" style=\"text-align:center\"><div class=\"uvc-heading-spacer no_spacer\" style=\"top\"><\/div><div class=\"uvc-main-heading ult-responsive\"  data-ultimate-target='.uvc-heading.ultimate-heading-70006a058569cfce6 h3'  data-responsive-json-new='{\"font-size\":\"\",\"line-height\":\"\"}' ><h3 style=\"font-weight:normal;\">Profitez des avantages du nuage<\/h3><\/div><div class=\"uvc-sub-heading ult-responsive\"  data-ultimate-target='.uvc-heading.ultimate-heading-70006a058569cfce6 .uvc-sub-heading '  data-responsive-json-new='{\"font-size\":\"\",\"line-height\":\"\"}'  style=\"font-weight:normal;\"><\/p>\n<h5>Contactez nos experts en infonuagique<\/h5>\n<p><\/div><\/div>[vc_empty_space]<div class=\" ubtn-ctn-center \"><a class=\"ubtn-link ult-adjust-bottom-margin ubtn-center ubtn-normal \" href=\"\/fr\/contactez-present\/\" title=\"Contactez Present\" ><button type=\"button\" id=\"ubtn-1324\"  class=\"ubtn ult-adjust-bottom-margin ult-responsive ubtn-normal ubtn-no-hover-bg  none  ubtn-center   tooltip-6a058569cfd15\"  data-hover=\"#ffffff\" data-border-color=\"#ffffff\" data-bg=\"#ffffff\" data-hover-bg=\"#000000\" data-border-hover=\"#ffffff\" data-shadow-hover=\"\" data-shadow-click=\"none\" data-shadow=\"\" data-shd-shadow=\"\"  data-ultimate-target='#ubtn-1324'  data-responsive-json-new='{\"font-size\":\"desktop:18px;\",\"line-height\":\"\"}'  style=\"font-weight:bold;border-radius:5px;border-width:3px;border-color:#ffffff;border-style:solid;background: #ffffff;color: #16a361;\"><span class=\"ubtn-hover\" style=\"background-color:#000000\"><\/span><span class=\"ubtn-data ubtn-text \" >Parlons-en<\/span><\/button><\/a><\/div>[\/vc_column][\/vc_row]<\/p>\n","protected":false},"excerpt":{"rendered":"<p>[vc_row][vc_column][vc_column_text]Microsoft Azure inclut un ensemble toujours plus grand de services infonuagiques afin de cr\u00e9er, de d\u00e9ployer et de g\u00e9rer les applications en utilisant le r\u00e9seau international de centres de donn\u00e9es de Microsoft, incluant 2 centres de donn\u00e9es au Canada (Montr\u00e9al et Toronto). Cet ensemble tr\u00e8s riche de services tels que calcul, r\u00e9seau, stockage, bases de [&#8230;]<\/p>\n","protected":false},"author":3,"featured_media":17210,"parent":18300,"menu_order":1,"comment_status":"closed","ping_status":"closed","template":"","meta":{"_acf_changed":false,"footnotes":"","_wp_rev_ctl_limit":""},"class_list":["post-20110","page","type-page","status-publish","has-post-thumbnail","hentry"],"acf":[],"yoast_head":"<!-- This site is optimized with the Yoast SEO plugin v27.3 - https:\/\/yoast.com\/product\/yoast-seo-wordpress\/ -->\n<title>Solutions Infonuagique - Azure - Present - Solutions &amp; Services TI<\/title>\n<meta name=\"description\" content=\"Planifier, d\u00e9velopper et d\u00e9ployer vos charges de travail dans le nuage avec Microsoft Azure. - \u00c9valuation de la migration vers le nuage, la planification de projets, services de migration, services g\u00e9r\u00e9s, surveillance et assistance 24\/7.\" \/>\n<meta name=\"robots\" content=\"index, follow, max-snippet:-1, max-image-preview:large, max-video-preview:-1\" \/>\n<link rel=\"canonical\" href=\"https:\/\/www.present.ca\/fr\/solutions\/services-infonuagiques\/azure\/\" \/>\n<meta property=\"og:locale\" content=\"fr_FR\" \/>\n<meta property=\"og:type\" content=\"article\" \/>\n<meta property=\"og:title\" content=\"Solutions Infonuagique - Azure - Present - Solutions &amp; Services TI\" \/>\n<meta property=\"og:description\" content=\"Planifier, d\u00e9velopper et d\u00e9ployer vos charges de travail dans le nuage avec Microsoft Azure. - \u00c9valuation de la migration vers le nuage, la planification de projets, services de migration, services g\u00e9r\u00e9s, surveillance et assistance 24\/7.\" \/>\n<meta property=\"og:url\" content=\"https:\/\/www.present.ca\/fr\/solutions\/services-infonuagiques\/azure\/\" \/>\n<meta property=\"og:site_name\" content=\"Present\" \/>\n<meta property=\"article:modified_time\" content=\"2020-10-08T19:32:40+00:00\" \/>\n<meta property=\"og:image\" content=\"https:\/\/www.present.ca\/wp-content\/uploads\/2020\/05\/Microsoft-Azure-cloud-services.jpg\" \/>\n\t<meta property=\"og:image:width\" content=\"1000\" \/>\n\t<meta property=\"og:image:height\" content=\"750\" \/>\n\t<meta property=\"og:image:type\" content=\"image\/jpeg\" \/>\n<meta name=\"twitter:card\" content=\"summary_large_image\" \/>\n<meta name=\"twitter:label1\" content=\"Dur\u00e9e de lecture estim\u00e9e\" \/>\n\t<meta name=\"twitter:data1\" content=\"3 minutes\" \/>\n<script type=\"application\/ld+json\" class=\"yoast-schema-graph\">{\"@context\":\"https:\\\/\\\/schema.org\",\"@graph\":[{\"@type\":\"WebPage\",\"@id\":\"https:\\\/\\\/www.present.ca\\\/fr\\\/solutions\\\/services-infonuagiques\\\/azure\\\/\",\"url\":\"https:\\\/\\\/www.present.ca\\\/fr\\\/solutions\\\/services-infonuagiques\\\/azure\\\/\",\"name\":\"Solutions Infonuagique - Azure - Present - Solutions & Services TI\",\"isPartOf\":{\"@id\":\"https:\\\/\\\/www.present.ca\\\/fr\\\/#website\"},\"primaryImageOfPage\":{\"@id\":\"https:\\\/\\\/www.present.ca\\\/fr\\\/solutions\\\/services-infonuagiques\\\/azure\\\/#primaryimage\"},\"image\":{\"@id\":\"https:\\\/\\\/www.present.ca\\\/fr\\\/solutions\\\/services-infonuagiques\\\/azure\\\/#primaryimage\"},\"thumbnailUrl\":\"https:\\\/\\\/www.present.ca\\\/wp-content\\\/uploads\\\/2020\\\/05\\\/Microsoft-Azure-cloud-services.jpg\",\"datePublished\":\"2020-05-26T16:10:28+00:00\",\"dateModified\":\"2020-10-08T19:32:40+00:00\",\"description\":\"Planifier, d\u00e9velopper et d\u00e9ployer vos charges de travail dans le nuage avec Microsoft Azure. - \u00c9valuation de la migration vers le nuage, la planification de projets, services de migration, services g\u00e9r\u00e9s, surveillance et assistance 24\\\/7.\",\"breadcrumb\":{\"@id\":\"https:\\\/\\\/www.present.ca\\\/fr\\\/solutions\\\/services-infonuagiques\\\/azure\\\/#breadcrumb\"},\"inLanguage\":\"fr-FR\",\"potentialAction\":[{\"@type\":\"ReadAction\",\"target\":[\"https:\\\/\\\/www.present.ca\\\/fr\\\/solutions\\\/services-infonuagiques\\\/azure\\\/\"]}]},{\"@type\":\"ImageObject\",\"inLanguage\":\"fr-FR\",\"@id\":\"https:\\\/\\\/www.present.ca\\\/fr\\\/solutions\\\/services-infonuagiques\\\/azure\\\/#primaryimage\",\"url\":\"https:\\\/\\\/www.present.ca\\\/wp-content\\\/uploads\\\/2020\\\/05\\\/Microsoft-Azure-cloud-services.jpg\",\"contentUrl\":\"https:\\\/\\\/www.present.ca\\\/wp-content\\\/uploads\\\/2020\\\/05\\\/Microsoft-Azure-cloud-services.jpg\",\"width\":1000,\"height\":750},{\"@type\":\"BreadcrumbList\",\"@id\":\"https:\\\/\\\/www.present.ca\\\/fr\\\/solutions\\\/services-infonuagiques\\\/azure\\\/#breadcrumb\",\"itemListElement\":[{\"@type\":\"ListItem\",\"position\":1,\"name\":\"Accueil\",\"item\":\"https:\\\/\\\/www.present.ca\\\/fr\\\/\"},{\"@type\":\"ListItem\",\"position\":2,\"name\":\"Solutions\",\"item\":\"https:\\\/\\\/www.present.ca\\\/fr\\\/solutions\\\/\"},{\"@type\":\"ListItem\",\"position\":3,\"name\":\"Services infonuagiques\",\"item\":\"https:\\\/\\\/www.present.ca\\\/fr\\\/solutions\\\/services-infonuagiques\\\/\"},{\"@type\":\"ListItem\",\"position\":4,\"name\":\"Azure\"}]},{\"@type\":\"WebSite\",\"@id\":\"https:\\\/\\\/www.present.ca\\\/fr\\\/#website\",\"url\":\"https:\\\/\\\/www.present.ca\\\/fr\\\/\",\"name\":\"Present\",\"description\":\"Services G\u00e9r\u00e9s TI, S\u00e9curit\u00e9 G\u00e9r\u00e9e TI et Solutions de Cloud Hybride\",\"potentialAction\":[{\"@type\":\"SearchAction\",\"target\":{\"@type\":\"EntryPoint\",\"urlTemplate\":\"https:\\\/\\\/www.present.ca\\\/fr\\\/?s={search_term_string}\"},\"query-input\":{\"@type\":\"PropertyValueSpecification\",\"valueRequired\":true,\"valueName\":\"search_term_string\"}}],\"inLanguage\":\"fr-FR\"}]}<\/script>\n<!-- \/ Yoast SEO plugin. -->","yoast_head_json":{"title":"Solutions Infonuagique - Azure - Present - Solutions & Services TI","description":"Planifier, d\u00e9velopper et d\u00e9ployer vos charges de travail dans le nuage avec Microsoft Azure. - \u00c9valuation de la migration vers le nuage, la planification de projets, services de migration, services g\u00e9r\u00e9s, surveillance et assistance 24\/7.","robots":{"index":"index","follow":"follow","max-snippet":"max-snippet:-1","max-image-preview":"max-image-preview:large","max-video-preview":"max-video-preview:-1"},"canonical":"https:\/\/www.present.ca\/fr\/solutions\/services-infonuagiques\/azure\/","og_locale":"fr_FR","og_type":"article","og_title":"Solutions Infonuagique - Azure - Present - Solutions & Services TI","og_description":"Planifier, d\u00e9velopper et d\u00e9ployer vos charges de travail dans le nuage avec Microsoft Azure. - \u00c9valuation de la migration vers le nuage, la planification de projets, services de migration, services g\u00e9r\u00e9s, surveillance et assistance 24\/7.","og_url":"https:\/\/www.present.ca\/fr\/solutions\/services-infonuagiques\/azure\/","og_site_name":"Present","article_modified_time":"2020-10-08T19:32:40+00:00","og_image":[{"width":1000,"height":750,"url":"https:\/\/www.present.ca\/wp-content\/uploads\/2020\/05\/Microsoft-Azure-cloud-services.jpg","type":"image\/jpeg"}],"twitter_card":"summary_large_image","twitter_misc":{"Dur\u00e9e de lecture estim\u00e9e":"3 minutes"},"schema":{"@context":"https:\/\/schema.org","@graph":[{"@type":"WebPage","@id":"https:\/\/www.present.ca\/fr\/solutions\/services-infonuagiques\/azure\/","url":"https:\/\/www.present.ca\/fr\/solutions\/services-infonuagiques\/azure\/","name":"Solutions Infonuagique - Azure - Present - Solutions & Services TI","isPartOf":{"@id":"https:\/\/www.present.ca\/fr\/#website"},"primaryImageOfPage":{"@id":"https:\/\/www.present.ca\/fr\/solutions\/services-infonuagiques\/azure\/#primaryimage"},"image":{"@id":"https:\/\/www.present.ca\/fr\/solutions\/services-infonuagiques\/azure\/#primaryimage"},"thumbnailUrl":"https:\/\/www.present.ca\/wp-content\/uploads\/2020\/05\/Microsoft-Azure-cloud-services.jpg","datePublished":"2020-05-26T16:10:28+00:00","dateModified":"2020-10-08T19:32:40+00:00","description":"Planifier, d\u00e9velopper et d\u00e9ployer vos charges de travail dans le nuage avec Microsoft Azure. - \u00c9valuation de la migration vers le nuage, la planification de projets, services de migration, services g\u00e9r\u00e9s, surveillance et assistance 24\/7.","breadcrumb":{"@id":"https:\/\/www.present.ca\/fr\/solutions\/services-infonuagiques\/azure\/#breadcrumb"},"inLanguage":"fr-FR","potentialAction":[{"@type":"ReadAction","target":["https:\/\/www.present.ca\/fr\/solutions\/services-infonuagiques\/azure\/"]}]},{"@type":"ImageObject","inLanguage":"fr-FR","@id":"https:\/\/www.present.ca\/fr\/solutions\/services-infonuagiques\/azure\/#primaryimage","url":"https:\/\/www.present.ca\/wp-content\/uploads\/2020\/05\/Microsoft-Azure-cloud-services.jpg","contentUrl":"https:\/\/www.present.ca\/wp-content\/uploads\/2020\/05\/Microsoft-Azure-cloud-services.jpg","width":1000,"height":750},{"@type":"BreadcrumbList","@id":"https:\/\/www.present.ca\/fr\/solutions\/services-infonuagiques\/azure\/#breadcrumb","itemListElement":[{"@type":"ListItem","position":1,"name":"Accueil","item":"https:\/\/www.present.ca\/fr\/"},{"@type":"ListItem","position":2,"name":"Solutions","item":"https:\/\/www.present.ca\/fr\/solutions\/"},{"@type":"ListItem","position":3,"name":"Services infonuagiques","item":"https:\/\/www.present.ca\/fr\/solutions\/services-infonuagiques\/"},{"@type":"ListItem","position":4,"name":"Azure"}]},{"@type":"WebSite","@id":"https:\/\/www.present.ca\/fr\/#website","url":"https:\/\/www.present.ca\/fr\/","name":"Present","description":"Services G\u00e9r\u00e9s TI, S\u00e9curit\u00e9 G\u00e9r\u00e9e TI et Solutions de Cloud Hybride","potentialAction":[{"@type":"SearchAction","target":{"@type":"EntryPoint","urlTemplate":"https:\/\/www.present.ca\/fr\/?s={search_term_string}"},"query-input":{"@type":"PropertyValueSpecification","valueRequired":true,"valueName":"search_term_string"}}],"inLanguage":"fr-FR"}]}},"_links":{"self":[{"href":"https:\/\/www.present.ca\/fr\/wp-json\/wp\/v2\/pages\/20110","targetHints":{"allow":["GET"]}}],"collection":[{"href":"https:\/\/www.present.ca\/fr\/wp-json\/wp\/v2\/pages"}],"about":[{"href":"https:\/\/www.present.ca\/fr\/wp-json\/wp\/v2\/types\/page"}],"author":[{"embeddable":true,"href":"https:\/\/www.present.ca\/fr\/wp-json\/wp\/v2\/users\/3"}],"replies":[{"embeddable":true,"href":"https:\/\/www.present.ca\/fr\/wp-json\/wp\/v2\/comments?post=20110"}],"version-history":[{"count":1,"href":"https:\/\/www.present.ca\/fr\/wp-json\/wp\/v2\/pages\/20110\/revisions"}],"predecessor-version":[{"id":21315,"href":"https:\/\/www.present.ca\/fr\/wp-json\/wp\/v2\/pages\/20110\/revisions\/21315"}],"up":[{"embeddable":true,"href":"https:\/\/www.present.ca\/fr\/wp-json\/wp\/v2\/pages\/18300"}],"wp:featuredmedia":[{"embeddable":true,"href":"https:\/\/www.present.ca\/fr\/wp-json\/wp\/v2\/media\/17210"}],"wp:attachment":[{"href":"https:\/\/www.present.ca\/fr\/wp-json\/wp\/v2\/media?parent=20110"}],"curies":[{"name":"wp","href":"https:\/\/api.w.org\/{rel}","templated":true}]}}