{"id":20107,"date":"2020-05-26T12:09:45","date_gmt":"2020-05-26T16:09:45","guid":{"rendered":"https:\/\/www.present.ca\/?page_id=20107"},"modified":"2020-10-16T16:08:12","modified_gmt":"2020-10-16T20:08:12","slug":"securite","status":"publish","type":"page","link":"https:\/\/www.present.ca\/fr\/solutions\/infrastructure-ti\/securite\/","title":{"rendered":"S\u00e9curit\u00e9"},"content":{"rendered":"<p>[vc_row][vc_column]<div id=\"ultimate-heading-27866a072a7007539\" class=\"uvc-heading ult-adjust-bottom-margin ultimate-heading-27866a072a7007539 uvc-4068 cursive\" data-hspacer=\"no_spacer\"  data-halign=\"center\" style=\"text-align:center\"><div class=\"uvc-heading-spacer no_spacer\" style=\"top\"><\/div><div class=\"uvc-main-heading ult-responsive\"  data-ultimate-target='.uvc-heading.ultimate-heading-27866a072a7007539 h2'  data-responsive-json-new='{\"font-size\":\"\",\"line-height\":\"\"}' ><h2 style=\"font-weight:normal;\">S\u00e9curit\u00e9<\/h2><\/div><div class=\"uvc-sub-heading ult-responsive\"  data-ultimate-target='.uvc-heading.ultimate-heading-27866a072a7007539 .uvc-sub-heading '  data-responsive-json-new='{\"font-size\":\"\",\"line-height\":\"\"}'  style=\"font-weight:normal;\">La cybers\u00e9curit\u00e9 n\u2019est plus un luxe, c\u2019est un \u00e9l\u00e9ment essentiel pour toute entreprise<\/div><\/div>[vc_column_text]La n\u00e9cessit\u00e9 de transmettre en toute s\u00e9curit\u00e9 les informations via divers canaux sans compromettre les performances de l&rsquo;entreprise est essentielle pour chaque entreprise.<\/p>\n<p>Le paysage de la cybers\u00e9curit\u00e9 en constante \u00e9volution emp\u00eache les entreprises de suivre le rythme et de s\u00e9curiser activement les syst\u00e8mes de bout en bout contre les menaces actuelles. Cela rend les choses encore plus difficiles si vous ne disposez pas de ressources d&rsquo;experts ou de connaissances au sein de votre \u00e9quipe interne.<\/p>\n<p>Les experts en s\u00e9curit\u00e9 de Present sont conscients du monde en constante \u00e9volution de la cybers\u00e9curit\u00e9 et sont capables d&rsquo;adapter leur expertise en utilisant une technologie de pointe. Nous comprenons que chaque organisation a des exigences de s\u00e9curit\u00e9 uniques. Notre \u00e9quipe s&rsquo;assurera de vous aider \u00e0 r\u00e9soudre vos d\u00e9fis de s\u00e9curit\u00e9 les plus sensibles et complexes.<\/p>\n<p>Prot\u00e9gez votre entreprise avec nos services de s\u00e9curit\u00e9 \u00e0 la demande ou en tant que <a href=\"https:\/\/www.present.ca\/fr\/solutions\/ti-geres\/securite-geree-ti\/\">services g\u00e9r\u00e9s<\/a>.[\/vc_column_text][\/vc_column][\/vc_row][vc_row][vc_column width=\u00a0\u00bb1\/12&Prime;][\/vc_column][vc_column width=\u00a0\u00bb1\/3&Prime;][vc_column_text]<\/p>\n<h4>Nos services:<\/h4>\n<ul>\n<li>Strat\u00e9gie de s\u00e9curit\u00e9 et services de conseil<\/li>\n<li>Analyse de la s\u00e9curit\u00e9 du r\u00e9seau<\/li>\n<li>Audit syst\u00e8me<\/li>\n<li>\u00c9valuations de s\u00e9curit\u00e9<\/li>\n<li>Pr\u00e9paration \u00e0 la conformit\u00e9<\/li>\n<li>Informatique judiciaire<\/li>\n<li>Ing\u00e9nierie sociale et formation<\/li>\n<li>Piratage \u00e9thique certifi\u00e9<\/li>\n<li>\u00c9valuations de la vuln\u00e9rabilit\u00e9<\/li>\n<li>Tests de p\u00e9n\u00e9tration<\/li>\n<li>Solutions adaptables<\/li>\n<li><a href=\"https:\/\/www.present.ca\/fr\/solutions\/ti-geres\/securite-geree-ti\/\">S\u00e9curit\u00e9 G\u00e9r\u00e9e TI<\/a><\/li>\n<\/ul>\n<p>[\/vc_column_text][\/vc_column][vc_column width=\u00a0\u00bb2\/12&Prime;][\/vc_column][vc_column width=\u00a0\u00bb1\/3&Prime;][vc_single_image image=\u00a0\u00bb21373&Prime; img_size=\u00a0\u00bblarge\u00a0\u00bb onclick=\u00a0\u00bbcustom_link\u00a0\u00bb link=\u00a0\u00bbhttps:\/\/www.present.ca\/fr\/audit-de-securite-contre-les-cybermenaces\/\u00a0\u00bb][vc_empty_space][vc_column_text]<\/p>\n<h5 style=\"text-align: center;\">SI seulement les TI \u00e9taient aussi simple&#8230;<\/h5>\n<p>[\/vc_column_text]<div id=\"ultimate-video-20286a072a700758d\" class=\"ult-video  ult-adjust-bottom-margin ultimate-video-20286a072a700758d ultv-6917 \"><div class=\"ultv-video ultv-aspect-ratio-16_9 ultv-subscribe-responsive-none\" data-videotype=\"uv_iframe\">\r\n\t\t\t\t\t\t<div class=\"ultv-video__outer-wrap\" data-autoplay=\"0\" data-device=\"false\"  data-iconbg=\"#3A3A3A\" data-overcolor=\"\" data-defaultbg=\"#1f1f1e\" data-defaultplay=\"defaulticon\"><div class=\"ultv-video__play\" data-src=\"https:\/\/www.youtube.com\/embed\/DyNTU0qo4fo?rel=0&amp;start&amp;end&amp;controls=1&amp;mute=0&amp;modestbranding=0&amp;autoplay=1\">\r\n\t\t\t\t\t\t\t\t<img decoding=\"async\" class=\"ultv-video__thumb\" src=\"https:\/\/i.ytimg.com\/vi\/DyNTU0qo4fo\/maxresdefault.jpg\"\/>\r\n\t\t\t\t\t\t\t\t<div class=\"ultv-video__play-icon  ultv-animation-none\" style=\"width:75px\"><svg height=\"100%\" version=\"1.1\" viewBox=\"0 0 68 48\" width=\"100%\"><path class=\"ultv-youtube-icon-bg\" d=\"m .66,37.62 c 0,0 .66,4.70 2.70,6.77 2.58,2.71 5.98,2.63 7.49,2.91 5.43,.52 23.10,.68 23.12,.68 .00,-1.3e-5 14.29,-0.02 23.81,-0.71 1.32,-0.15 4.22,-0.17 6.81,-2.89 2.03,-2.07 2.70,-6.77 2.70,-6.77 0,0 .67,-5.52 .67,-11.04 l 0,-5.17 c 0,-5.52 -0.67,-11.04 -0.67,-11.04 0,0 -0.66,-4.70 -2.70,-6.77 C 62.03,.86 59.13,.84 57.80,.69 48.28,0 34.00,0 34.00,0 33.97,0 19.69,0 10.18,.69 8.85,.84 5.95,.86 3.36,3.58 1.32,5.65 .66,10.35 .66,10.35 c 0,0 -0.55,4.50 -0.66,9.45 l 0,8.36 c .10,4.94 .66,9.45 .66,9.45 z\" fill=\"#1f1f1e\" ><\/path><path d=\"m 26.96,13.67 18.37,9.62 -18.37,9.55 -0.00,-19.17 z\" fill=\"#fff\"><\/path><path d=\"M 45.02,23.46 45.32,23.28 26.96,13.67 43.32,22.34 45.02,23.46 z\" fill=\"#ccc\"><\/path><\/svg><\/div> <\/div> <\/div><\/div><\/div>[\/vc_column][vc_column width=\u00a0\u00bb1\/12&Prime;][\/vc_column][\/vc_row][vc_row full_width=\u00a0\u00bbstretch_row_content\u00a0\u00bb bg_type=\u00a0\u00bbbg_color\u00a0\u00bb el_class=\u00a0\u00bbtilt-pos-3-deg\u00a0\u00bb css=\u00a0\u00bb.vc_custom_1588250693452{padding-top: 25px !important;padding-bottom: 25px !important;}\u00a0\u00bb bg_color_value=\u00a0\u00bb#16a361&Prime;][vc_column]<div id=\"ultimate-heading-37286a072a70075ed\" class=\"uvc-heading ult-adjust-bottom-margin ultimate-heading-37286a072a70075ed uvc-1588 \" data-hspacer=\"no_spacer\"  data-halign=\"center\" style=\"text-align:center\"><div class=\"uvc-heading-spacer no_spacer\" style=\"top\"><\/div><div class=\"uvc-main-heading ult-responsive\"  data-ultimate-target='.uvc-heading.ultimate-heading-37286a072a70075ed h3'  data-responsive-json-new='{\"font-size\":\"\",\"line-height\":\"\"}' ><h3 style=\"font-weight:normal;\">Vous souhaitez simplifier vos TI et am\u00e9liorer son impact sur votre entreprise?<\/h3><\/div><\/div>[vc_empty_space]<div class=\" ubtn-ctn-center \"><a class=\"ubtn-link ult-adjust-bottom-margin ubtn-center ubtn-normal \" href=\"\/fr\/contactez-present\/\" title=\"Contactez Present\" ><button type=\"button\" id=\"ubtn-1160\"  class=\"ubtn ult-adjust-bottom-margin ult-responsive ubtn-normal ubtn-no-hover-bg  none  ubtn-center   tooltip-6a072a700761c\"  data-hover=\"#ffffff\" data-border-color=\"#ffffff\" data-bg=\"#ffffff\" data-hover-bg=\"#000000\" data-border-hover=\"#ffffff\" data-shadow-hover=\"\" data-shadow-click=\"none\" data-shadow=\"\" data-shd-shadow=\"\"  data-ultimate-target='#ubtn-1160'  data-responsive-json-new='{\"font-size\":\"desktop:18px;\",\"line-height\":\"\"}'  style=\"font-weight:bold;border-radius:5px;border-width:3px;border-color:#ffffff;border-style:solid;background: #ffffff;color: #16a361;\"><span class=\"ubtn-hover\" style=\"background-color:#000000\"><\/span><span class=\"ubtn-data ubtn-text \" >Parlons-en<\/span><\/button><\/a><\/div>[\/vc_column][\/vc_row]<\/p>\n","protected":false},"excerpt":{"rendered":"<p>[vc_row][vc_column][vc_column_text]La n\u00e9cessit\u00e9 de transmettre en toute s\u00e9curit\u00e9 les informations via divers canaux sans compromettre les performances de l&rsquo;entreprise est essentielle pour chaque entreprise. Le paysage de la cybers\u00e9curit\u00e9 en constante \u00e9volution emp\u00eache les entreprises de suivre le rythme et de s\u00e9curiser activement les syst\u00e8mes de bout en bout contre les menaces actuelles. Cela rend les [&#8230;]<\/p>\n","protected":false},"author":3,"featured_media":17331,"parent":18289,"menu_order":6,"comment_status":"closed","ping_status":"closed","template":"","meta":{"_acf_changed":false,"footnotes":"","_wp_rev_ctl_limit":""},"class_list":["post-20107","page","type-page","status-publish","has-post-thumbnail","hentry"],"acf":[],"yoast_head":"<!-- This site is optimized with the Yoast SEO plugin v27.3 - https:\/\/yoast.com\/product\/yoast-seo-wordpress\/ -->\n<title>S\u00e9curit\u00e9 - Present - Solutions &amp; Services TI - Montr\u00e9al - Toronto<\/title>\n<meta name=\"description\" content=\"Les experts en s\u00e9curit\u00e9 chez Present sont au fait de l\u2019univers changeant de la cybers\u00e9curit\u00e9 et savent adapter leur expertise au moyen d\u2019outils \u00e0 la fine pointe de la technologie. Notre \u00e9quipe s\u2019assurera de r\u00e9soudre tous vos d\u00e9fis de s\u00e9curit\u00e9.\" \/>\n<meta name=\"robots\" content=\"index, follow, max-snippet:-1, max-image-preview:large, max-video-preview:-1\" \/>\n<link rel=\"canonical\" href=\"https:\/\/www.present.ca\/fr\/solutions\/infrastructure-ti\/securite\/\" \/>\n<meta property=\"og:locale\" content=\"fr_FR\" \/>\n<meta property=\"og:type\" content=\"article\" \/>\n<meta property=\"og:title\" content=\"S\u00e9curit\u00e9 - Present - Solutions &amp; Services TI - Montr\u00e9al - Toronto\" \/>\n<meta property=\"og:description\" content=\"Les experts en s\u00e9curit\u00e9 chez Present sont au fait de l\u2019univers changeant de la cybers\u00e9curit\u00e9 et savent adapter leur expertise au moyen d\u2019outils \u00e0 la fine pointe de la technologie. Notre \u00e9quipe s\u2019assurera de r\u00e9soudre tous vos d\u00e9fis de s\u00e9curit\u00e9.\" \/>\n<meta property=\"og:url\" content=\"https:\/\/www.present.ca\/fr\/solutions\/infrastructure-ti\/securite\/\" \/>\n<meta property=\"og:site_name\" content=\"Present\" \/>\n<meta property=\"article:modified_time\" content=\"2020-10-16T20:08:12+00:00\" \/>\n<meta property=\"og:image\" content=\"https:\/\/www.present.ca\/wp-content\/uploads\/2016\/11\/Security-Solutions.png\" \/>\n\t<meta property=\"og:image:width\" content=\"974\" \/>\n\t<meta property=\"og:image:height\" content=\"397\" \/>\n\t<meta property=\"og:image:type\" content=\"image\/png\" \/>\n<meta name=\"twitter:card\" content=\"summary_large_image\" \/>\n<meta name=\"twitter:label1\" content=\"Dur\u00e9e de lecture estim\u00e9e\" \/>\n\t<meta name=\"twitter:data1\" content=\"2 minutes\" \/>\n<script type=\"application\/ld+json\" class=\"yoast-schema-graph\">{\"@context\":\"https:\\\/\\\/schema.org\",\"@graph\":[{\"@type\":\"WebPage\",\"@id\":\"https:\\\/\\\/www.present.ca\\\/fr\\\/solutions\\\/infrastructure-ti\\\/securite\\\/\",\"url\":\"https:\\\/\\\/www.present.ca\\\/fr\\\/solutions\\\/infrastructure-ti\\\/securite\\\/\",\"name\":\"S\u00e9curit\u00e9 - Present - Solutions & Services TI - Montr\u00e9al - Toronto\",\"isPartOf\":{\"@id\":\"https:\\\/\\\/www.present.ca\\\/fr\\\/#website\"},\"primaryImageOfPage\":{\"@id\":\"https:\\\/\\\/www.present.ca\\\/fr\\\/solutions\\\/infrastructure-ti\\\/securite\\\/#primaryimage\"},\"image\":{\"@id\":\"https:\\\/\\\/www.present.ca\\\/fr\\\/solutions\\\/infrastructure-ti\\\/securite\\\/#primaryimage\"},\"thumbnailUrl\":\"https:\\\/\\\/www.present.ca\\\/wp-content\\\/uploads\\\/2016\\\/11\\\/Security-Solutions.png\",\"datePublished\":\"2020-05-26T16:09:45+00:00\",\"dateModified\":\"2020-10-16T20:08:12+00:00\",\"description\":\"Les experts en s\u00e9curit\u00e9 chez Present sont au fait de l\u2019univers changeant de la cybers\u00e9curit\u00e9 et savent adapter leur expertise au moyen d\u2019outils \u00e0 la fine pointe de la technologie. Notre \u00e9quipe s\u2019assurera de r\u00e9soudre tous vos d\u00e9fis de s\u00e9curit\u00e9.\",\"breadcrumb\":{\"@id\":\"https:\\\/\\\/www.present.ca\\\/fr\\\/solutions\\\/infrastructure-ti\\\/securite\\\/#breadcrumb\"},\"inLanguage\":\"fr-FR\",\"potentialAction\":[{\"@type\":\"ReadAction\",\"target\":[\"https:\\\/\\\/www.present.ca\\\/fr\\\/solutions\\\/infrastructure-ti\\\/securite\\\/\"]}]},{\"@type\":\"ImageObject\",\"inLanguage\":\"fr-FR\",\"@id\":\"https:\\\/\\\/www.present.ca\\\/fr\\\/solutions\\\/infrastructure-ti\\\/securite\\\/#primaryimage\",\"url\":\"https:\\\/\\\/www.present.ca\\\/wp-content\\\/uploads\\\/2016\\\/11\\\/Security-Solutions.png\",\"contentUrl\":\"https:\\\/\\\/www.present.ca\\\/wp-content\\\/uploads\\\/2016\\\/11\\\/Security-Solutions.png\",\"width\":974,\"height\":397},{\"@type\":\"BreadcrumbList\",\"@id\":\"https:\\\/\\\/www.present.ca\\\/fr\\\/solutions\\\/infrastructure-ti\\\/securite\\\/#breadcrumb\",\"itemListElement\":[{\"@type\":\"ListItem\",\"position\":1,\"name\":\"Accueil\",\"item\":\"https:\\\/\\\/www.present.ca\\\/fr\\\/\"},{\"@type\":\"ListItem\",\"position\":2,\"name\":\"Solutions\",\"item\":\"https:\\\/\\\/www.present.ca\\\/fr\\\/solutions\\\/\"},{\"@type\":\"ListItem\",\"position\":3,\"name\":\"Infrastructure TI\",\"item\":\"https:\\\/\\\/www.present.ca\\\/fr\\\/solutions\\\/infrastructure-ti\\\/\"},{\"@type\":\"ListItem\",\"position\":4,\"name\":\"S\u00e9curit\u00e9\"}]},{\"@type\":\"WebSite\",\"@id\":\"https:\\\/\\\/www.present.ca\\\/fr\\\/#website\",\"url\":\"https:\\\/\\\/www.present.ca\\\/fr\\\/\",\"name\":\"Present\",\"description\":\"Services G\u00e9r\u00e9s TI, S\u00e9curit\u00e9 G\u00e9r\u00e9e TI et Solutions de Cloud Hybride\",\"potentialAction\":[{\"@type\":\"SearchAction\",\"target\":{\"@type\":\"EntryPoint\",\"urlTemplate\":\"https:\\\/\\\/www.present.ca\\\/fr\\\/?s={search_term_string}\"},\"query-input\":{\"@type\":\"PropertyValueSpecification\",\"valueRequired\":true,\"valueName\":\"search_term_string\"}}],\"inLanguage\":\"fr-FR\"}]}<\/script>\n<!-- \/ Yoast SEO plugin. -->","yoast_head_json":{"title":"S\u00e9curit\u00e9 - Present - Solutions & Services TI - Montr\u00e9al - Toronto","description":"Les experts en s\u00e9curit\u00e9 chez Present sont au fait de l\u2019univers changeant de la cybers\u00e9curit\u00e9 et savent adapter leur expertise au moyen d\u2019outils \u00e0 la fine pointe de la technologie. Notre \u00e9quipe s\u2019assurera de r\u00e9soudre tous vos d\u00e9fis de s\u00e9curit\u00e9.","robots":{"index":"index","follow":"follow","max-snippet":"max-snippet:-1","max-image-preview":"max-image-preview:large","max-video-preview":"max-video-preview:-1"},"canonical":"https:\/\/www.present.ca\/fr\/solutions\/infrastructure-ti\/securite\/","og_locale":"fr_FR","og_type":"article","og_title":"S\u00e9curit\u00e9 - Present - Solutions & Services TI - Montr\u00e9al - Toronto","og_description":"Les experts en s\u00e9curit\u00e9 chez Present sont au fait de l\u2019univers changeant de la cybers\u00e9curit\u00e9 et savent adapter leur expertise au moyen d\u2019outils \u00e0 la fine pointe de la technologie. Notre \u00e9quipe s\u2019assurera de r\u00e9soudre tous vos d\u00e9fis de s\u00e9curit\u00e9.","og_url":"https:\/\/www.present.ca\/fr\/solutions\/infrastructure-ti\/securite\/","og_site_name":"Present","article_modified_time":"2020-10-16T20:08:12+00:00","og_image":[{"width":974,"height":397,"url":"https:\/\/www.present.ca\/wp-content\/uploads\/2016\/11\/Security-Solutions.png","type":"image\/png"}],"twitter_card":"summary_large_image","twitter_misc":{"Dur\u00e9e de lecture estim\u00e9e":"2 minutes"},"schema":{"@context":"https:\/\/schema.org","@graph":[{"@type":"WebPage","@id":"https:\/\/www.present.ca\/fr\/solutions\/infrastructure-ti\/securite\/","url":"https:\/\/www.present.ca\/fr\/solutions\/infrastructure-ti\/securite\/","name":"S\u00e9curit\u00e9 - Present - Solutions & Services TI - Montr\u00e9al - Toronto","isPartOf":{"@id":"https:\/\/www.present.ca\/fr\/#website"},"primaryImageOfPage":{"@id":"https:\/\/www.present.ca\/fr\/solutions\/infrastructure-ti\/securite\/#primaryimage"},"image":{"@id":"https:\/\/www.present.ca\/fr\/solutions\/infrastructure-ti\/securite\/#primaryimage"},"thumbnailUrl":"https:\/\/www.present.ca\/wp-content\/uploads\/2016\/11\/Security-Solutions.png","datePublished":"2020-05-26T16:09:45+00:00","dateModified":"2020-10-16T20:08:12+00:00","description":"Les experts en s\u00e9curit\u00e9 chez Present sont au fait de l\u2019univers changeant de la cybers\u00e9curit\u00e9 et savent adapter leur expertise au moyen d\u2019outils \u00e0 la fine pointe de la technologie. Notre \u00e9quipe s\u2019assurera de r\u00e9soudre tous vos d\u00e9fis de s\u00e9curit\u00e9.","breadcrumb":{"@id":"https:\/\/www.present.ca\/fr\/solutions\/infrastructure-ti\/securite\/#breadcrumb"},"inLanguage":"fr-FR","potentialAction":[{"@type":"ReadAction","target":["https:\/\/www.present.ca\/fr\/solutions\/infrastructure-ti\/securite\/"]}]},{"@type":"ImageObject","inLanguage":"fr-FR","@id":"https:\/\/www.present.ca\/fr\/solutions\/infrastructure-ti\/securite\/#primaryimage","url":"https:\/\/www.present.ca\/wp-content\/uploads\/2016\/11\/Security-Solutions.png","contentUrl":"https:\/\/www.present.ca\/wp-content\/uploads\/2016\/11\/Security-Solutions.png","width":974,"height":397},{"@type":"BreadcrumbList","@id":"https:\/\/www.present.ca\/fr\/solutions\/infrastructure-ti\/securite\/#breadcrumb","itemListElement":[{"@type":"ListItem","position":1,"name":"Accueil","item":"https:\/\/www.present.ca\/fr\/"},{"@type":"ListItem","position":2,"name":"Solutions","item":"https:\/\/www.present.ca\/fr\/solutions\/"},{"@type":"ListItem","position":3,"name":"Infrastructure TI","item":"https:\/\/www.present.ca\/fr\/solutions\/infrastructure-ti\/"},{"@type":"ListItem","position":4,"name":"S\u00e9curit\u00e9"}]},{"@type":"WebSite","@id":"https:\/\/www.present.ca\/fr\/#website","url":"https:\/\/www.present.ca\/fr\/","name":"Present","description":"Services G\u00e9r\u00e9s TI, S\u00e9curit\u00e9 G\u00e9r\u00e9e TI et Solutions de Cloud Hybride","potentialAction":[{"@type":"SearchAction","target":{"@type":"EntryPoint","urlTemplate":"https:\/\/www.present.ca\/fr\/?s={search_term_string}"},"query-input":{"@type":"PropertyValueSpecification","valueRequired":true,"valueName":"search_term_string"}}],"inLanguage":"fr-FR"}]}},"_links":{"self":[{"href":"https:\/\/www.present.ca\/fr\/wp-json\/wp\/v2\/pages\/20107","targetHints":{"allow":["GET"]}}],"collection":[{"href":"https:\/\/www.present.ca\/fr\/wp-json\/wp\/v2\/pages"}],"about":[{"href":"https:\/\/www.present.ca\/fr\/wp-json\/wp\/v2\/types\/page"}],"author":[{"embeddable":true,"href":"https:\/\/www.present.ca\/fr\/wp-json\/wp\/v2\/users\/3"}],"replies":[{"embeddable":true,"href":"https:\/\/www.present.ca\/fr\/wp-json\/wp\/v2\/comments?post=20107"}],"version-history":[{"count":3,"href":"https:\/\/www.present.ca\/fr\/wp-json\/wp\/v2\/pages\/20107\/revisions"}],"predecessor-version":[{"id":21419,"href":"https:\/\/www.present.ca\/fr\/wp-json\/wp\/v2\/pages\/20107\/revisions\/21419"}],"up":[{"embeddable":true,"href":"https:\/\/www.present.ca\/fr\/wp-json\/wp\/v2\/pages\/18289"}],"wp:featuredmedia":[{"embeddable":true,"href":"https:\/\/www.present.ca\/fr\/wp-json\/wp\/v2\/media\/17331"}],"wp:attachment":[{"href":"https:\/\/www.present.ca\/fr\/wp-json\/wp\/v2\/media?parent=20107"}],"curies":[{"name":"wp","href":"https:\/\/api.w.org\/{rel}","templated":true}]}}