{"id":20076,"date":"2020-05-26T12:09:46","date_gmt":"2020-05-26T16:09:46","guid":{"rendered":"https:\/\/www.present.ca\/?page_id=20076"},"modified":"2020-06-16T08:49:13","modified_gmt":"2020-06-16T12:49:13","slug":"reseautique","status":"publish","type":"page","link":"https:\/\/www.present.ca\/fr\/solutions\/infrastructure-ti\/reseautique\/","title":{"rendered":"R\u00e9seautique"},"content":{"rendered":"<p>[vc_row][vc_column]<div id=\"ultimate-heading-2716a053d84b8d37\" class=\"uvc-heading ult-adjust-bottom-margin ultimate-heading-2716a053d84b8d37 uvc-1761 cursive\" data-hspacer=\"no_spacer\"  data-halign=\"center\" style=\"text-align:center\"><div class=\"uvc-heading-spacer no_spacer\" style=\"top\"><\/div><div class=\"uvc-main-heading ult-responsive\"  data-ultimate-target='.uvc-heading.ultimate-heading-2716a053d84b8d37 h2'  data-responsive-json-new='{\"font-size\":\"\",\"line-height\":\"\"}' ><h2 style=\"font-weight:normal;margin-bottom:25px;\">Des infrastructures r\u00e9seau flexibles et \u00e9volutives<\/h2><\/div><\/div>[vc_column_text]Dans un monde qui \u00e9volue constamment, le besoin pour un r\u00e9seau flexible et \u00e9volutif est d\u2019une importance capitale. En assurant la s\u00e9curit\u00e9 et la flexibilit\u00e9 de votre infrastructure, vous donnez la chance \u00e0 votre entreprise de cro\u00eetre tout en prot\u00e9geant vos actifs.<\/p>\n<p>Nous fournissons des solutions de r\u00e9seautique sur mesure, ax\u00e9es sur les besoins de votre entreprise. Present fait \u00e9quipe avec les plus grands manufacturiers de l\u2019industrie pour vous offrir les meilleures solutions.[\/vc_column_text][\/vc_column][\/vc_row][vc_row][vc_column width=\u00a0\u00bb1\/12&Prime;][\/vc_column][vc_column width=\u00a0\u00bb1\/3&Prime;][vc_column_text]<\/p>\n<h4><strong>B\u00e9n\u00e9fices<\/strong><\/h4>\n<ul>\n<li>Croissance d\u2019entreprise<\/li>\n<li>S\u00e9curit\u00e9 des donn\u00e9es<\/li>\n<li>Optimisation du r\u00e9seau<\/li>\n<\/ul>\n<p>[\/vc_column_text][\/vc_column][vc_column width=\u00a0\u00bb2\/12&Prime;][\/vc_column][vc_column width=\u00a0\u00bb1\/3&Prime;][vc_column_text]<\/p>\n<h4><strong>Nous offrons<\/strong><\/h4>\n<ul>\n<li>Analyse de performance<\/li>\n<li>Conception<\/li>\n<li>Optimisation sur place<\/li>\n<li>Convergence<\/li>\n<\/ul>\n<p>[\/vc_column_text][\/vc_column][vc_column width=\u00a0\u00bb1\/12&Prime;][\/vc_column][\/vc_row][vc_row full_width=\u00a0\u00bbstretch_row_content\u00a0\u00bb bg_type=\u00a0\u00bbbg_color\u00a0\u00bb el_class=\u00a0\u00bbtilt-pos-3-deg\u00a0\u00bb css=\u00a0\u00bb.vc_custom_1588250693452{padding-top: 25px !important;padding-bottom: 25px !important;}\u00a0\u00bb bg_color_value=\u00a0\u00bb#16a361&Prime;][vc_column]<div id=\"ultimate-heading-19556a053d84b8da0\" class=\"uvc-heading ult-adjust-bottom-margin ultimate-heading-19556a053d84b8da0 uvc-3883 \" data-hspacer=\"no_spacer\"  data-halign=\"center\" style=\"text-align:center\"><div class=\"uvc-heading-spacer no_spacer\" style=\"top\"><\/div><div class=\"uvc-main-heading ult-responsive\"  data-ultimate-target='.uvc-heading.ultimate-heading-19556a053d84b8da0 h3'  data-responsive-json-new='{\"font-size\":\"\",\"line-height\":\"\"}' ><h3 style=\"font-weight:normal;\">Vous souhaitez simplifier vos TI et am\u00e9liorer son impact sur votre entreprise?<\/h3><\/div><\/div>[vc_empty_space]<div class=\" ubtn-ctn-center \"><a class=\"ubtn-link ult-adjust-bottom-margin ubtn-center ubtn-normal \" href=\"\/fr\/contactez-present\/\" title=\"Contactez Present\" ><button type=\"button\" id=\"ubtn-1862\"  class=\"ubtn ult-adjust-bottom-margin ult-responsive ubtn-normal ubtn-no-hover-bg  none  ubtn-center   tooltip-6a053d84b8def\"  data-hover=\"#ffffff\" data-border-color=\"#ffffff\" data-bg=\"#ffffff\" data-hover-bg=\"#000000\" data-border-hover=\"#ffffff\" data-shadow-hover=\"\" data-shadow-click=\"none\" data-shadow=\"\" data-shd-shadow=\"\"  data-ultimate-target='#ubtn-1862'  data-responsive-json-new='{\"font-size\":\"desktop:18px;\",\"line-height\":\"\"}'  style=\"font-weight:bold;border-radius:5px;border-width:3px;border-color:#ffffff;border-style:solid;background: #ffffff;color: #16a361;\"><span class=\"ubtn-hover\" style=\"background-color:#000000\"><\/span><span class=\"ubtn-data ubtn-text \" >Parlons-en<\/span><\/button><\/a><\/div>[\/vc_column][\/vc_row]<\/p>\n","protected":false},"excerpt":{"rendered":"<p>[vc_row][vc_column][vc_column_text]Dans un monde qui \u00e9volue constamment, le besoin pour un r\u00e9seau flexible et \u00e9volutif est d\u2019une importance capitale. En assurant la s\u00e9curit\u00e9 et la flexibilit\u00e9 de votre infrastructure, vous donnez la chance \u00e0 votre entreprise de cro\u00eetre tout en prot\u00e9geant vos actifs. Nous fournissons des solutions de r\u00e9seautique sur mesure, ax\u00e9es sur les besoins de [&#8230;]<\/p>\n","protected":false},"author":3,"featured_media":17326,"parent":18289,"menu_order":7,"comment_status":"closed","ping_status":"closed","template":"","meta":{"_acf_changed":false,"footnotes":"","_wp_rev_ctl_limit":""},"class_list":["post-20076","page","type-page","status-publish","has-post-thumbnail","hentry"],"acf":[],"yoast_head":"<!-- This site is optimized with the Yoast SEO plugin v27.3 - https:\/\/yoast.com\/product\/yoast-seo-wordpress\/ -->\n<title>R\u00e9seautique - Present - Solutions &amp; Services TI - Montreal, Toronto<\/title>\n<meta name=\"description\" content=\"Nous fournissons des solutions de r\u00e9seautique sur mesure, ax\u00e9es sur les besoins de votre entreprise. Present fait \u00e9quipe avec les plus grands manufacturiers de l&#039;industrie.\" \/>\n<meta name=\"robots\" content=\"index, follow, max-snippet:-1, max-image-preview:large, max-video-preview:-1\" \/>\n<link rel=\"canonical\" href=\"https:\/\/www.present.ca\/fr\/solutions\/infrastructure-ti\/reseautique\/\" \/>\n<meta property=\"og:locale\" content=\"fr_FR\" \/>\n<meta property=\"og:type\" content=\"article\" \/>\n<meta property=\"og:title\" content=\"R\u00e9seautique - Present - Solutions &amp; Services TI - Montreal, Toronto\" \/>\n<meta property=\"og:description\" content=\"Nous fournissons des solutions de r\u00e9seautique sur mesure, ax\u00e9es sur les besoins de votre entreprise. Present fait \u00e9quipe avec les plus grands manufacturiers de l&#039;industrie.\" \/>\n<meta property=\"og:url\" content=\"https:\/\/www.present.ca\/fr\/solutions\/infrastructure-ti\/reseautique\/\" \/>\n<meta property=\"og:site_name\" content=\"Present\" \/>\n<meta property=\"article:modified_time\" content=\"2020-06-16T12:49:13+00:00\" \/>\n<meta property=\"og:image\" content=\"https:\/\/www.present.ca\/wp-content\/uploads\/2016\/07\/Networking-2.png\" \/>\n\t<meta property=\"og:image:width\" content=\"974\" \/>\n\t<meta property=\"og:image:height\" content=\"427\" \/>\n\t<meta property=\"og:image:type\" content=\"image\/png\" \/>\n<meta name=\"twitter:card\" content=\"summary_large_image\" \/>\n<meta name=\"twitter:label1\" content=\"Dur\u00e9e de lecture estim\u00e9e\" \/>\n\t<meta name=\"twitter:data1\" content=\"2 minutes\" \/>\n<script type=\"application\/ld+json\" class=\"yoast-schema-graph\">{\"@context\":\"https:\\\/\\\/schema.org\",\"@graph\":[{\"@type\":\"WebPage\",\"@id\":\"https:\\\/\\\/www.present.ca\\\/fr\\\/solutions\\\/infrastructure-ti\\\/reseautique\\\/\",\"url\":\"https:\\\/\\\/www.present.ca\\\/fr\\\/solutions\\\/infrastructure-ti\\\/reseautique\\\/\",\"name\":\"R\u00e9seautique - Present - Solutions & Services TI - Montreal, Toronto\",\"isPartOf\":{\"@id\":\"https:\\\/\\\/www.present.ca\\\/fr\\\/#website\"},\"primaryImageOfPage\":{\"@id\":\"https:\\\/\\\/www.present.ca\\\/fr\\\/solutions\\\/infrastructure-ti\\\/reseautique\\\/#primaryimage\"},\"image\":{\"@id\":\"https:\\\/\\\/www.present.ca\\\/fr\\\/solutions\\\/infrastructure-ti\\\/reseautique\\\/#primaryimage\"},\"thumbnailUrl\":\"https:\\\/\\\/www.present.ca\\\/wp-content\\\/uploads\\\/2016\\\/07\\\/Networking-2.png\",\"datePublished\":\"2020-05-26T16:09:46+00:00\",\"dateModified\":\"2020-06-16T12:49:13+00:00\",\"description\":\"Nous fournissons des solutions de r\u00e9seautique sur mesure, ax\u00e9es sur les besoins de votre entreprise. Present fait \u00e9quipe avec les plus grands manufacturiers de l'industrie.\",\"breadcrumb\":{\"@id\":\"https:\\\/\\\/www.present.ca\\\/fr\\\/solutions\\\/infrastructure-ti\\\/reseautique\\\/#breadcrumb\"},\"inLanguage\":\"fr-FR\",\"potentialAction\":[{\"@type\":\"ReadAction\",\"target\":[\"https:\\\/\\\/www.present.ca\\\/fr\\\/solutions\\\/infrastructure-ti\\\/reseautique\\\/\"]}]},{\"@type\":\"ImageObject\",\"inLanguage\":\"fr-FR\",\"@id\":\"https:\\\/\\\/www.present.ca\\\/fr\\\/solutions\\\/infrastructure-ti\\\/reseautique\\\/#primaryimage\",\"url\":\"https:\\\/\\\/www.present.ca\\\/wp-content\\\/uploads\\\/2016\\\/07\\\/Networking-2.png\",\"contentUrl\":\"https:\\\/\\\/www.present.ca\\\/wp-content\\\/uploads\\\/2016\\\/07\\\/Networking-2.png\",\"width\":974,\"height\":427,\"caption\":\"Networking\"},{\"@type\":\"BreadcrumbList\",\"@id\":\"https:\\\/\\\/www.present.ca\\\/fr\\\/solutions\\\/infrastructure-ti\\\/reseautique\\\/#breadcrumb\",\"itemListElement\":[{\"@type\":\"ListItem\",\"position\":1,\"name\":\"Accueil\",\"item\":\"https:\\\/\\\/www.present.ca\\\/fr\\\/\"},{\"@type\":\"ListItem\",\"position\":2,\"name\":\"Solutions\",\"item\":\"https:\\\/\\\/www.present.ca\\\/fr\\\/solutions\\\/\"},{\"@type\":\"ListItem\",\"position\":3,\"name\":\"Infrastructure TI\",\"item\":\"https:\\\/\\\/www.present.ca\\\/fr\\\/solutions\\\/infrastructure-ti\\\/\"},{\"@type\":\"ListItem\",\"position\":4,\"name\":\"R\u00e9seautique\"}]},{\"@type\":\"WebSite\",\"@id\":\"https:\\\/\\\/www.present.ca\\\/fr\\\/#website\",\"url\":\"https:\\\/\\\/www.present.ca\\\/fr\\\/\",\"name\":\"Present\",\"description\":\"Services G\u00e9r\u00e9s TI, S\u00e9curit\u00e9 G\u00e9r\u00e9e TI et Solutions de Cloud Hybride\",\"potentialAction\":[{\"@type\":\"SearchAction\",\"target\":{\"@type\":\"EntryPoint\",\"urlTemplate\":\"https:\\\/\\\/www.present.ca\\\/fr\\\/?s={search_term_string}\"},\"query-input\":{\"@type\":\"PropertyValueSpecification\",\"valueRequired\":true,\"valueName\":\"search_term_string\"}}],\"inLanguage\":\"fr-FR\"}]}<\/script>\n<!-- \/ Yoast SEO plugin. -->","yoast_head_json":{"title":"R\u00e9seautique - Present - Solutions & Services TI - Montreal, Toronto","description":"Nous fournissons des solutions de r\u00e9seautique sur mesure, ax\u00e9es sur les besoins de votre entreprise. Present fait \u00e9quipe avec les plus grands manufacturiers de l'industrie.","robots":{"index":"index","follow":"follow","max-snippet":"max-snippet:-1","max-image-preview":"max-image-preview:large","max-video-preview":"max-video-preview:-1"},"canonical":"https:\/\/www.present.ca\/fr\/solutions\/infrastructure-ti\/reseautique\/","og_locale":"fr_FR","og_type":"article","og_title":"R\u00e9seautique - Present - Solutions & Services TI - Montreal, Toronto","og_description":"Nous fournissons des solutions de r\u00e9seautique sur mesure, ax\u00e9es sur les besoins de votre entreprise. Present fait \u00e9quipe avec les plus grands manufacturiers de l'industrie.","og_url":"https:\/\/www.present.ca\/fr\/solutions\/infrastructure-ti\/reseautique\/","og_site_name":"Present","article_modified_time":"2020-06-16T12:49:13+00:00","og_image":[{"width":974,"height":427,"url":"https:\/\/www.present.ca\/wp-content\/uploads\/2016\/07\/Networking-2.png","type":"image\/png"}],"twitter_card":"summary_large_image","twitter_misc":{"Dur\u00e9e de lecture estim\u00e9e":"2 minutes"},"schema":{"@context":"https:\/\/schema.org","@graph":[{"@type":"WebPage","@id":"https:\/\/www.present.ca\/fr\/solutions\/infrastructure-ti\/reseautique\/","url":"https:\/\/www.present.ca\/fr\/solutions\/infrastructure-ti\/reseautique\/","name":"R\u00e9seautique - Present - Solutions & Services TI - Montreal, Toronto","isPartOf":{"@id":"https:\/\/www.present.ca\/fr\/#website"},"primaryImageOfPage":{"@id":"https:\/\/www.present.ca\/fr\/solutions\/infrastructure-ti\/reseautique\/#primaryimage"},"image":{"@id":"https:\/\/www.present.ca\/fr\/solutions\/infrastructure-ti\/reseautique\/#primaryimage"},"thumbnailUrl":"https:\/\/www.present.ca\/wp-content\/uploads\/2016\/07\/Networking-2.png","datePublished":"2020-05-26T16:09:46+00:00","dateModified":"2020-06-16T12:49:13+00:00","description":"Nous fournissons des solutions de r\u00e9seautique sur mesure, ax\u00e9es sur les besoins de votre entreprise. Present fait \u00e9quipe avec les plus grands manufacturiers de l'industrie.","breadcrumb":{"@id":"https:\/\/www.present.ca\/fr\/solutions\/infrastructure-ti\/reseautique\/#breadcrumb"},"inLanguage":"fr-FR","potentialAction":[{"@type":"ReadAction","target":["https:\/\/www.present.ca\/fr\/solutions\/infrastructure-ti\/reseautique\/"]}]},{"@type":"ImageObject","inLanguage":"fr-FR","@id":"https:\/\/www.present.ca\/fr\/solutions\/infrastructure-ti\/reseautique\/#primaryimage","url":"https:\/\/www.present.ca\/wp-content\/uploads\/2016\/07\/Networking-2.png","contentUrl":"https:\/\/www.present.ca\/wp-content\/uploads\/2016\/07\/Networking-2.png","width":974,"height":427,"caption":"Networking"},{"@type":"BreadcrumbList","@id":"https:\/\/www.present.ca\/fr\/solutions\/infrastructure-ti\/reseautique\/#breadcrumb","itemListElement":[{"@type":"ListItem","position":1,"name":"Accueil","item":"https:\/\/www.present.ca\/fr\/"},{"@type":"ListItem","position":2,"name":"Solutions","item":"https:\/\/www.present.ca\/fr\/solutions\/"},{"@type":"ListItem","position":3,"name":"Infrastructure TI","item":"https:\/\/www.present.ca\/fr\/solutions\/infrastructure-ti\/"},{"@type":"ListItem","position":4,"name":"R\u00e9seautique"}]},{"@type":"WebSite","@id":"https:\/\/www.present.ca\/fr\/#website","url":"https:\/\/www.present.ca\/fr\/","name":"Present","description":"Services G\u00e9r\u00e9s TI, S\u00e9curit\u00e9 G\u00e9r\u00e9e TI et Solutions de Cloud Hybride","potentialAction":[{"@type":"SearchAction","target":{"@type":"EntryPoint","urlTemplate":"https:\/\/www.present.ca\/fr\/?s={search_term_string}"},"query-input":{"@type":"PropertyValueSpecification","valueRequired":true,"valueName":"search_term_string"}}],"inLanguage":"fr-FR"}]}},"_links":{"self":[{"href":"https:\/\/www.present.ca\/fr\/wp-json\/wp\/v2\/pages\/20076","targetHints":{"allow":["GET"]}}],"collection":[{"href":"https:\/\/www.present.ca\/fr\/wp-json\/wp\/v2\/pages"}],"about":[{"href":"https:\/\/www.present.ca\/fr\/wp-json\/wp\/v2\/types\/page"}],"author":[{"embeddable":true,"href":"https:\/\/www.present.ca\/fr\/wp-json\/wp\/v2\/users\/3"}],"replies":[{"embeddable":true,"href":"https:\/\/www.present.ca\/fr\/wp-json\/wp\/v2\/comments?post=20076"}],"version-history":[{"count":1,"href":"https:\/\/www.present.ca\/fr\/wp-json\/wp\/v2\/pages\/20076\/revisions"}],"predecessor-version":[{"id":20588,"href":"https:\/\/www.present.ca\/fr\/wp-json\/wp\/v2\/pages\/20076\/revisions\/20588"}],"up":[{"embeddable":true,"href":"https:\/\/www.present.ca\/fr\/wp-json\/wp\/v2\/pages\/18289"}],"wp:featuredmedia":[{"embeddable":true,"href":"https:\/\/www.present.ca\/fr\/wp-json\/wp\/v2\/media\/17326"}],"wp:attachment":[{"href":"https:\/\/www.present.ca\/fr\/wp-json\/wp\/v2\/media?parent=20076"}],"curies":[{"name":"wp","href":"https:\/\/api.w.org\/{rel}","templated":true}]}}