{"id":20074,"date":"2020-05-26T12:09:46","date_gmt":"2020-05-26T16:09:46","guid":{"rendered":"https:\/\/www.present.ca\/?page_id=20074"},"modified":"2020-06-16T08:48:49","modified_gmt":"2020-06-16T12:48:49","slug":"stockage","status":"publish","type":"page","link":"https:\/\/www.present.ca\/fr\/solutions\/infrastructure-ti\/stockage\/","title":{"rendered":"Stockage"},"content":{"rendered":"<p>[vc_row][vc_column]<div id=\"ultimate-heading-49086a07e1bc32159\" class=\"uvc-heading ult-adjust-bottom-margin ultimate-heading-49086a07e1bc32159 uvc-1973 cursive\" data-hspacer=\"no_spacer\"  data-halign=\"center\" style=\"text-align:center\"><div class=\"uvc-heading-spacer no_spacer\" style=\"top\"><\/div><div class=\"uvc-main-heading ult-responsive\"  data-ultimate-target='.uvc-heading.ultimate-heading-49086a07e1bc32159 h2'  data-responsive-json-new='{\"font-size\":\"\",\"line-height\":\"\"}' ><h2 style=\"font-weight:normal;\">Sur mesure, flexible et efficace<\/h2><\/div><div class=\"uvc-sub-heading ult-responsive\"  data-ultimate-target='.uvc-heading.ultimate-heading-49086a07e1bc32159 .uvc-sub-heading '  data-responsive-json-new='{\"font-size\":\"\",\"line-height\":\"\"}'  style=\"font-weight:normal;\">Des solutions cl\u00e9s au succ\u00e8s de votre entreprise<\/div><\/div>[vc_column_text]G\u00e9rer les probl\u00e8mes de stockage sur une base quotidienne vous emp\u00eache de vous concentrer sur la croissance de votre entreprise.<\/p>\n<p>Nous sommes pleinement conscients des variations des besoins de stockage et nous allons nous assurer que votre entreprise n\u2019en souffre pas. Notre \u00e9quipe d\u2019experts identifiera vos besoins de stockage et travaillera avec vous pour \u00e9laborer la meilleure solution possible.[\/vc_column_text][\/vc_column][\/vc_row][vc_row][vc_column width=\u00a0\u00bb1\/12&Prime;][\/vc_column][vc_column width=\u00a0\u00bb1\/3&Prime;][vc_column_text]<\/p>\n<h4><strong>B\u00e9n\u00e9fices<\/strong><\/h4>\n<ul>\n<li>Optimisation<\/li>\n<li>Consolidation<\/li>\n<li>S\u00e9curit\u00e9 des donn\u00e9es<\/li>\n<li>Reprise apr\u00e8s sinistre<\/li>\n<\/ul>\n<p>[\/vc_column_text][\/vc_column][vc_column width=\u00a0\u00bb2\/12&Prime;][\/vc_column][vc_column width=\u00a0\u00bb1\/3&Prime;][vc_column_text]<\/p>\n<h4><strong>Nous offrons\u00a0<\/strong><\/h4>\n<ul>\n<li>Stockage virtuel<\/li>\n<li>Applications et outils d\u2019archivage<\/li>\n<li>Copies de sauvegarde et services de reprise<\/li>\n<li>Surveillance<\/li>\n<\/ul>\n<p>[\/vc_column_text][\/vc_column][vc_column width=\u00a0\u00bb1\/12&Prime;][\/vc_column][\/vc_row][vc_row full_width=\u00a0\u00bbstretch_row_content\u00a0\u00bb bg_type=\u00a0\u00bbbg_color\u00a0\u00bb el_class=\u00a0\u00bbtilt-pos-3-deg\u00a0\u00bb css=\u00a0\u00bb.vc_custom_1588250693452{padding-top: 25px !important;padding-bottom: 25px !important;}\u00a0\u00bb bg_color_value=\u00a0\u00bb#16a361&Prime;][vc_column]<div id=\"ultimate-heading-14146a07e1bc321a5\" class=\"uvc-heading ult-adjust-bottom-margin ultimate-heading-14146a07e1bc321a5 uvc-1595 \" data-hspacer=\"no_spacer\"  data-halign=\"center\" style=\"text-align:center\"><div class=\"uvc-heading-spacer no_spacer\" style=\"top\"><\/div><div class=\"uvc-main-heading ult-responsive\"  data-ultimate-target='.uvc-heading.ultimate-heading-14146a07e1bc321a5 h3'  data-responsive-json-new='{\"font-size\":\"\",\"line-height\":\"\"}' ><h3 style=\"font-weight:normal;\">Vous souhaitez simplifier vos TI et am\u00e9liorer son impact sur votre entreprise?<\/h3><\/div><\/div>[vc_empty_space]<div class=\" ubtn-ctn-center \"><a class=\"ubtn-link ult-adjust-bottom-margin ubtn-center ubtn-normal \" href=\"\/fr\/contactez-present\/\" title=\"Contactez Present\" ><button type=\"button\" id=\"ubtn-4823\"  class=\"ubtn ult-adjust-bottom-margin ult-responsive ubtn-normal ubtn-no-hover-bg  none  ubtn-center   tooltip-6a07e1bc321d6\"  data-hover=\"#ffffff\" data-border-color=\"#ffffff\" data-bg=\"#ffffff\" data-hover-bg=\"#000000\" data-border-hover=\"#ffffff\" data-shadow-hover=\"\" data-shadow-click=\"none\" data-shadow=\"\" data-shd-shadow=\"\"  data-ultimate-target='#ubtn-4823'  data-responsive-json-new='{\"font-size\":\"desktop:18px;\",\"line-height\":\"\"}'  style=\"font-weight:bold;border-radius:5px;border-width:3px;border-color:#ffffff;border-style:solid;background: #ffffff;color: #16a361;\"><span class=\"ubtn-hover\" style=\"background-color:#000000\"><\/span><span class=\"ubtn-data ubtn-text \" >Parlons-en<\/span><\/button><\/a><\/div>[\/vc_column][\/vc_row]<\/p>\n","protected":false},"excerpt":{"rendered":"<p>[vc_row][vc_column][vc_column_text]G\u00e9rer les probl\u00e8mes de stockage sur une base quotidienne vous emp\u00eache de vous concentrer sur la croissance de votre entreprise. Nous sommes pleinement conscients des variations des besoins de stockage et nous allons nous assurer que votre entreprise n\u2019en souffre pas. Notre \u00e9quipe d\u2019experts identifiera vos besoins de stockage et travaillera avec vous pour \u00e9laborer [&#8230;]<\/p>\n","protected":false},"author":3,"featured_media":17288,"parent":18289,"menu_order":2,"comment_status":"closed","ping_status":"closed","template":"","meta":{"_acf_changed":false,"footnotes":"","_wp_rev_ctl_limit":""},"class_list":["post-20074","page","type-page","status-publish","has-post-thumbnail","hentry"],"acf":[],"yoast_head":"<!-- This site is optimized with the Yoast SEO plugin v27.3 - https:\/\/yoast.com\/product\/yoast-seo-wordpress\/ -->\n<title>Stockage - Present - Solutions &amp; Services TI - Montr\u00e9al - Toronto<\/title>\n<meta name=\"description\" content=\"Nous sommes conscients des variations des besoins de stockage et nous allons nous assurer que votre entreprise n\u2019en souffre pas. Contactez nos experts.\" \/>\n<meta name=\"robots\" content=\"index, follow, max-snippet:-1, max-image-preview:large, max-video-preview:-1\" \/>\n<link rel=\"canonical\" href=\"https:\/\/www.present.ca\/fr\/solutions\/infrastructure-ti\/stockage\/\" \/>\n<meta property=\"og:locale\" content=\"fr_FR\" \/>\n<meta property=\"og:type\" content=\"article\" \/>\n<meta property=\"og:title\" content=\"Stockage - Present - Solutions &amp; Services TI - Montr\u00e9al - Toronto\" \/>\n<meta property=\"og:description\" content=\"Nous sommes conscients des variations des besoins de stockage et nous allons nous assurer que votre entreprise n\u2019en souffre pas. Contactez nos experts.\" \/>\n<meta property=\"og:url\" content=\"https:\/\/www.present.ca\/fr\/solutions\/infrastructure-ti\/stockage\/\" \/>\n<meta property=\"og:site_name\" content=\"Present\" \/>\n<meta property=\"article:modified_time\" content=\"2020-06-16T12:48:49+00:00\" \/>\n<meta property=\"og:image\" content=\"https:\/\/www.present.ca\/wp-content\/uploads\/2016\/11\/Hpyerconvergence.png\" \/>\n\t<meta property=\"og:image:width\" content=\"764\" \/>\n\t<meta property=\"og:image:height\" content=\"339\" \/>\n\t<meta property=\"og:image:type\" content=\"image\/png\" \/>\n<meta name=\"twitter:card\" content=\"summary_large_image\" \/>\n<meta name=\"twitter:label1\" content=\"Dur\u00e9e de lecture estim\u00e9e\" \/>\n\t<meta name=\"twitter:data1\" content=\"2 minutes\" \/>\n<script type=\"application\/ld+json\" class=\"yoast-schema-graph\">{\"@context\":\"https:\\\/\\\/schema.org\",\"@graph\":[{\"@type\":\"WebPage\",\"@id\":\"https:\\\/\\\/www.present.ca\\\/fr\\\/solutions\\\/infrastructure-ti\\\/stockage\\\/\",\"url\":\"https:\\\/\\\/www.present.ca\\\/fr\\\/solutions\\\/infrastructure-ti\\\/stockage\\\/\",\"name\":\"Stockage - Present - Solutions & Services TI - Montr\u00e9al - Toronto\",\"isPartOf\":{\"@id\":\"https:\\\/\\\/www.present.ca\\\/fr\\\/#website\"},\"primaryImageOfPage\":{\"@id\":\"https:\\\/\\\/www.present.ca\\\/fr\\\/solutions\\\/infrastructure-ti\\\/stockage\\\/#primaryimage\"},\"image\":{\"@id\":\"https:\\\/\\\/www.present.ca\\\/fr\\\/solutions\\\/infrastructure-ti\\\/stockage\\\/#primaryimage\"},\"thumbnailUrl\":\"https:\\\/\\\/www.present.ca\\\/wp-content\\\/uploads\\\/2016\\\/11\\\/Hpyerconvergence.png\",\"datePublished\":\"2020-05-26T16:09:46+00:00\",\"dateModified\":\"2020-06-16T12:48:49+00:00\",\"description\":\"Nous sommes conscients des variations des besoins de stockage et nous allons nous assurer que votre entreprise n\u2019en souffre pas. Contactez nos experts.\",\"breadcrumb\":{\"@id\":\"https:\\\/\\\/www.present.ca\\\/fr\\\/solutions\\\/infrastructure-ti\\\/stockage\\\/#breadcrumb\"},\"inLanguage\":\"fr-FR\",\"potentialAction\":[{\"@type\":\"ReadAction\",\"target\":[\"https:\\\/\\\/www.present.ca\\\/fr\\\/solutions\\\/infrastructure-ti\\\/stockage\\\/\"]}]},{\"@type\":\"ImageObject\",\"inLanguage\":\"fr-FR\",\"@id\":\"https:\\\/\\\/www.present.ca\\\/fr\\\/solutions\\\/infrastructure-ti\\\/stockage\\\/#primaryimage\",\"url\":\"https:\\\/\\\/www.present.ca\\\/wp-content\\\/uploads\\\/2016\\\/11\\\/Hpyerconvergence.png\",\"contentUrl\":\"https:\\\/\\\/www.present.ca\\\/wp-content\\\/uploads\\\/2016\\\/11\\\/Hpyerconvergence.png\",\"width\":764,\"height\":339,\"caption\":\"Storage\"},{\"@type\":\"BreadcrumbList\",\"@id\":\"https:\\\/\\\/www.present.ca\\\/fr\\\/solutions\\\/infrastructure-ti\\\/stockage\\\/#breadcrumb\",\"itemListElement\":[{\"@type\":\"ListItem\",\"position\":1,\"name\":\"Accueil\",\"item\":\"https:\\\/\\\/www.present.ca\\\/fr\\\/\"},{\"@type\":\"ListItem\",\"position\":2,\"name\":\"Solutions\",\"item\":\"https:\\\/\\\/www.present.ca\\\/fr\\\/solutions\\\/\"},{\"@type\":\"ListItem\",\"position\":3,\"name\":\"Infrastructure TI\",\"item\":\"https:\\\/\\\/www.present.ca\\\/fr\\\/solutions\\\/infrastructure-ti\\\/\"},{\"@type\":\"ListItem\",\"position\":4,\"name\":\"Stockage\"}]},{\"@type\":\"WebSite\",\"@id\":\"https:\\\/\\\/www.present.ca\\\/fr\\\/#website\",\"url\":\"https:\\\/\\\/www.present.ca\\\/fr\\\/\",\"name\":\"Present\",\"description\":\"Services G\u00e9r\u00e9s TI, S\u00e9curit\u00e9 G\u00e9r\u00e9e TI et Solutions de Cloud Hybride\",\"potentialAction\":[{\"@type\":\"SearchAction\",\"target\":{\"@type\":\"EntryPoint\",\"urlTemplate\":\"https:\\\/\\\/www.present.ca\\\/fr\\\/?s={search_term_string}\"},\"query-input\":{\"@type\":\"PropertyValueSpecification\",\"valueRequired\":true,\"valueName\":\"search_term_string\"}}],\"inLanguage\":\"fr-FR\"}]}<\/script>\n<!-- \/ Yoast SEO plugin. -->","yoast_head_json":{"title":"Stockage - Present - Solutions & Services TI - Montr\u00e9al - Toronto","description":"Nous sommes conscients des variations des besoins de stockage et nous allons nous assurer que votre entreprise n\u2019en souffre pas. Contactez nos experts.","robots":{"index":"index","follow":"follow","max-snippet":"max-snippet:-1","max-image-preview":"max-image-preview:large","max-video-preview":"max-video-preview:-1"},"canonical":"https:\/\/www.present.ca\/fr\/solutions\/infrastructure-ti\/stockage\/","og_locale":"fr_FR","og_type":"article","og_title":"Stockage - Present - Solutions & Services TI - Montr\u00e9al - Toronto","og_description":"Nous sommes conscients des variations des besoins de stockage et nous allons nous assurer que votre entreprise n\u2019en souffre pas. Contactez nos experts.","og_url":"https:\/\/www.present.ca\/fr\/solutions\/infrastructure-ti\/stockage\/","og_site_name":"Present","article_modified_time":"2020-06-16T12:48:49+00:00","og_image":[{"width":764,"height":339,"url":"https:\/\/www.present.ca\/wp-content\/uploads\/2016\/11\/Hpyerconvergence.png","type":"image\/png"}],"twitter_card":"summary_large_image","twitter_misc":{"Dur\u00e9e de lecture estim\u00e9e":"2 minutes"},"schema":{"@context":"https:\/\/schema.org","@graph":[{"@type":"WebPage","@id":"https:\/\/www.present.ca\/fr\/solutions\/infrastructure-ti\/stockage\/","url":"https:\/\/www.present.ca\/fr\/solutions\/infrastructure-ti\/stockage\/","name":"Stockage - Present - Solutions & Services TI - Montr\u00e9al - Toronto","isPartOf":{"@id":"https:\/\/www.present.ca\/fr\/#website"},"primaryImageOfPage":{"@id":"https:\/\/www.present.ca\/fr\/solutions\/infrastructure-ti\/stockage\/#primaryimage"},"image":{"@id":"https:\/\/www.present.ca\/fr\/solutions\/infrastructure-ti\/stockage\/#primaryimage"},"thumbnailUrl":"https:\/\/www.present.ca\/wp-content\/uploads\/2016\/11\/Hpyerconvergence.png","datePublished":"2020-05-26T16:09:46+00:00","dateModified":"2020-06-16T12:48:49+00:00","description":"Nous sommes conscients des variations des besoins de stockage et nous allons nous assurer que votre entreprise n\u2019en souffre pas. Contactez nos experts.","breadcrumb":{"@id":"https:\/\/www.present.ca\/fr\/solutions\/infrastructure-ti\/stockage\/#breadcrumb"},"inLanguage":"fr-FR","potentialAction":[{"@type":"ReadAction","target":["https:\/\/www.present.ca\/fr\/solutions\/infrastructure-ti\/stockage\/"]}]},{"@type":"ImageObject","inLanguage":"fr-FR","@id":"https:\/\/www.present.ca\/fr\/solutions\/infrastructure-ti\/stockage\/#primaryimage","url":"https:\/\/www.present.ca\/wp-content\/uploads\/2016\/11\/Hpyerconvergence.png","contentUrl":"https:\/\/www.present.ca\/wp-content\/uploads\/2016\/11\/Hpyerconvergence.png","width":764,"height":339,"caption":"Storage"},{"@type":"BreadcrumbList","@id":"https:\/\/www.present.ca\/fr\/solutions\/infrastructure-ti\/stockage\/#breadcrumb","itemListElement":[{"@type":"ListItem","position":1,"name":"Accueil","item":"https:\/\/www.present.ca\/fr\/"},{"@type":"ListItem","position":2,"name":"Solutions","item":"https:\/\/www.present.ca\/fr\/solutions\/"},{"@type":"ListItem","position":3,"name":"Infrastructure TI","item":"https:\/\/www.present.ca\/fr\/solutions\/infrastructure-ti\/"},{"@type":"ListItem","position":4,"name":"Stockage"}]},{"@type":"WebSite","@id":"https:\/\/www.present.ca\/fr\/#website","url":"https:\/\/www.present.ca\/fr\/","name":"Present","description":"Services G\u00e9r\u00e9s TI, S\u00e9curit\u00e9 G\u00e9r\u00e9e TI et Solutions de Cloud Hybride","potentialAction":[{"@type":"SearchAction","target":{"@type":"EntryPoint","urlTemplate":"https:\/\/www.present.ca\/fr\/?s={search_term_string}"},"query-input":{"@type":"PropertyValueSpecification","valueRequired":true,"valueName":"search_term_string"}}],"inLanguage":"fr-FR"}]}},"_links":{"self":[{"href":"https:\/\/www.present.ca\/fr\/wp-json\/wp\/v2\/pages\/20074","targetHints":{"allow":["GET"]}}],"collection":[{"href":"https:\/\/www.present.ca\/fr\/wp-json\/wp\/v2\/pages"}],"about":[{"href":"https:\/\/www.present.ca\/fr\/wp-json\/wp\/v2\/types\/page"}],"author":[{"embeddable":true,"href":"https:\/\/www.present.ca\/fr\/wp-json\/wp\/v2\/users\/3"}],"replies":[{"embeddable":true,"href":"https:\/\/www.present.ca\/fr\/wp-json\/wp\/v2\/comments?post=20074"}],"version-history":[{"count":2,"href":"https:\/\/www.present.ca\/fr\/wp-json\/wp\/v2\/pages\/20074\/revisions"}],"predecessor-version":[{"id":21435,"href":"https:\/\/www.present.ca\/fr\/wp-json\/wp\/v2\/pages\/20074\/revisions\/21435"}],"up":[{"embeddable":true,"href":"https:\/\/www.present.ca\/fr\/wp-json\/wp\/v2\/pages\/18289"}],"wp:featuredmedia":[{"embeddable":true,"href":"https:\/\/www.present.ca\/fr\/wp-json\/wp\/v2\/media\/17288"}],"wp:attachment":[{"href":"https:\/\/www.present.ca\/fr\/wp-json\/wp\/v2\/media?parent=20074"}],"curies":[{"name":"wp","href":"https:\/\/api.w.org\/{rel}","templated":true}]}}