{"id":20068,"date":"2020-05-26T12:09:46","date_gmt":"2020-05-26T16:09:46","guid":{"rendered":"https:\/\/www.present.ca\/?page_id=20068"},"modified":"2020-06-16T08:48:40","modified_gmt":"2020-06-16T12:48:40","slug":"serveur-intel","status":"publish","type":"page","link":"https:\/\/www.present.ca\/fr\/solutions\/infrastructure-ti\/serveur-intel\/","title":{"rendered":"Serveur Intel"},"content":{"rendered":"<p>[vc_row][vc_column]<div id=\"ultimate-heading-114469fec5af1ec60\" class=\"uvc-heading ult-adjust-bottom-margin ultimate-heading-114469fec5af1ec60 uvc-5644 cursive\" data-hspacer=\"no_spacer\"  data-halign=\"center\" style=\"text-align:center\"><div class=\"uvc-heading-spacer no_spacer\" style=\"top\"><\/div><div class=\"uvc-main-heading ult-responsive\"  data-ultimate-target='.uvc-heading.ultimate-heading-114469fec5af1ec60 h2'  data-responsive-json-new='{\"font-size\":\"\",\"line-height\":\"\"}' ><h2 style=\"font-weight:normal;\">Serveurs Intel<\/h2><\/div><div class=\"uvc-sub-heading ult-responsive\"  data-ultimate-target='.uvc-heading.ultimate-heading-114469fec5af1ec60 .uvc-sub-heading '  data-responsive-json-new='{\"font-size\":\"\",\"line-height\":\"\"}'  style=\"font-weight:normal;\">Intelligents et versatiles adapt\u00e9s \u00e0 toutes les charges de travail et applications courantes.<\/div><\/div>[vc_column_text]Nos experts vous aideront \u00e0 tirer le maximum de vos serveurs x86 gr\u00e2ce \u00e0 une \u00e9quipe de sp\u00e9cialistes qui se d\u00e9marquent par leur exp\u00e9rience, pro-activit\u00e9 et leurs habilet\u00e9s \u00e0 r\u00e9soudre rapidement un probl\u00e8me.[\/vc_column_text][\/vc_column][\/vc_row][vc_row][vc_column width=\u00a0\u00bb1\/12&Prime;][\/vc_column][vc_column width=\u00a0\u00bb1\/3&Prime;][vc_column_text]<\/p>\n<h4><strong>Nous offrons<\/strong><\/h4>\n<ul>\n<li>Conception d\u2019infrastructure<\/li>\n<li>Virtualisation<\/li>\n<li>D\u00e9ploiement de nouveaux serveurs<\/li>\n<li>Administration du syst\u00e8me et d\u00e9pannage<\/li>\n<\/ul>\n<p>[\/vc_column_text][\/vc_column][vc_column width=\u00a0\u00bb2\/12&Prime;][\/vc_column][vc_column width=\u00a0\u00bb1\/3&Prime;][vc_column_text]<\/p>\n<h4><\/h4>\n<ul>\n<li>Haute disponibilit\u00e9 et reprise apr\u00e8s sinistre<\/li>\n<li>Solutions de sauvegardes<\/li>\n<li>Bilan de sant\u00e9 et analyse de performance de l\u2019infrastructure<\/li>\n<\/ul>\n<p>[\/vc_column_text][\/vc_column][vc_column width=\u00a0\u00bb1\/12&Prime;][\/vc_column][\/vc_row][vc_row full_width=\u00a0\u00bbstretch_row_content\u00a0\u00bb bg_type=\u00a0\u00bbbg_color\u00a0\u00bb el_class=\u00a0\u00bbtilt-pos-3-deg\u00a0\u00bb css=\u00a0\u00bb.vc_custom_1588250693452{padding-top: 25px !important;padding-bottom: 25px !important;}\u00a0\u00bb bg_color_value=\u00a0\u00bb#16a361&Prime;][vc_column]<div id=\"ultimate-heading-466369fec5af1ecc4\" class=\"uvc-heading ult-adjust-bottom-margin ultimate-heading-466369fec5af1ecc4 uvc-7223 \" data-hspacer=\"no_spacer\"  data-halign=\"center\" style=\"text-align:center\"><div class=\"uvc-heading-spacer no_spacer\" style=\"top\"><\/div><div class=\"uvc-main-heading ult-responsive\"  data-ultimate-target='.uvc-heading.ultimate-heading-466369fec5af1ecc4 h3'  data-responsive-json-new='{\"font-size\":\"\",\"line-height\":\"\"}' ><h3 style=\"font-weight:normal;\">Vous souhaitez simplifier vos TI et am\u00e9liorer son impact sur votre entreprise?<\/h3><\/div><\/div>[vc_empty_space]<div class=\" ubtn-ctn-center \"><a class=\"ubtn-link ult-adjust-bottom-margin ubtn-center ubtn-normal \" href=\"\/fr\/contactez-present\/\" title=\"Contactez Present\" ><button type=\"button\" id=\"ubtn-2498\"  class=\"ubtn ult-adjust-bottom-margin ult-responsive ubtn-normal ubtn-no-hover-bg  none  ubtn-center   tooltip-69fec5af1ed0e\"  data-hover=\"#ffffff\" data-border-color=\"#ffffff\" data-bg=\"#ffffff\" data-hover-bg=\"#000000\" data-border-hover=\"#ffffff\" data-shadow-hover=\"\" data-shadow-click=\"none\" data-shadow=\"\" data-shd-shadow=\"\"  data-ultimate-target='#ubtn-2498'  data-responsive-json-new='{\"font-size\":\"desktop:18px;\",\"line-height\":\"\"}'  style=\"font-weight:bold;border-radius:5px;border-width:3px;border-color:#ffffff;border-style:solid;background: #ffffff;color: #16a361;\"><span class=\"ubtn-hover\" style=\"background-color:#000000\"><\/span><span class=\"ubtn-data ubtn-text \" >Parlons-en<\/span><\/button><\/a><\/div>[\/vc_column][\/vc_row]<\/p>\n","protected":false},"excerpt":{"rendered":"<p>[vc_row][vc_column][vc_column_text]Nos experts vous aideront \u00e0 tirer le maximum de vos serveurs x86 gr\u00e2ce \u00e0 une \u00e9quipe de sp\u00e9cialistes qui se d\u00e9marquent par leur exp\u00e9rience, pro-activit\u00e9 et leurs habilet\u00e9s \u00e0 r\u00e9soudre rapidement un probl\u00e8me.[\/vc_column_text][\/vc_column][\/vc_row][vc_row][vc_column width=\u00a0\u00bb1\/12&Prime;][\/vc_column][vc_column width=\u00a0\u00bb1\/3&Prime;][vc_column_text] Nous offrons Conception d\u2019infrastructure Virtualisation D\u00e9ploiement de nouveaux serveurs Administration du syst\u00e8me et d\u00e9pannage [\/vc_column_text][\/vc_column][vc_column width=\u00a0\u00bb2\/12&Prime;][\/vc_column][vc_column width=\u00a0\u00bb1\/3&Prime;][vc_column_text] Haute disponibilit\u00e9 et [&#8230;]<\/p>\n","protected":false},"author":3,"featured_media":17293,"parent":18289,"menu_order":1,"comment_status":"closed","ping_status":"closed","template":"","meta":{"_acf_changed":false,"footnotes":"","_wp_rev_ctl_limit":""},"class_list":["post-20068","page","type-page","status-publish","has-post-thumbnail","hentry"],"acf":[],"yoast_head":"<!-- This site is optimized with the Yoast SEO plugin v27.3 - https:\/\/yoast.com\/product\/yoast-seo-wordpress\/ -->\n<title>Serveur Intel - Present - Services &amp; Solutions TI - Montreal - Toronto<\/title>\n<meta name=\"description\" content=\"Obtenez le maximum de vos serveurs Intel, gr\u00e2ce \u00e0 nos p\u00e9cialistes qui se d\u00e9marquent par leur exp\u00e9rience, pro-activit\u00e9 et leurs habilet\u00e9s \u00e0 r\u00e9soudre rapidement un probl\u00e8me.\" \/>\n<meta name=\"robots\" content=\"index, follow, max-snippet:-1, max-image-preview:large, max-video-preview:-1\" \/>\n<link rel=\"canonical\" href=\"https:\/\/www.present.ca\/fr\/solutions\/infrastructure-ti\/serveur-intel\/\" \/>\n<meta property=\"og:locale\" content=\"fr_FR\" \/>\n<meta property=\"og:type\" content=\"article\" \/>\n<meta property=\"og:title\" content=\"Serveur Intel - Present - Services &amp; Solutions TI - Montreal - Toronto\" \/>\n<meta property=\"og:description\" content=\"Obtenez le maximum de vos serveurs Intel, gr\u00e2ce \u00e0 nos p\u00e9cialistes qui se d\u00e9marquent par leur exp\u00e9rience, pro-activit\u00e9 et leurs habilet\u00e9s \u00e0 r\u00e9soudre rapidement un probl\u00e8me.\" \/>\n<meta property=\"og:url\" content=\"https:\/\/www.present.ca\/fr\/solutions\/infrastructure-ti\/serveur-intel\/\" \/>\n<meta property=\"og:site_name\" content=\"Present\" \/>\n<meta property=\"article:modified_time\" content=\"2020-06-16T12:48:40+00:00\" \/>\n<meta property=\"og:image\" content=\"https:\/\/www.present.ca\/wp-content\/uploads\/2016\/07\/Intel.png\" \/>\n\t<meta property=\"og:image:width\" content=\"974\" \/>\n\t<meta property=\"og:image:height\" content=\"400\" \/>\n\t<meta property=\"og:image:type\" content=\"image\/png\" \/>\n<meta name=\"twitter:card\" content=\"summary_large_image\" \/>\n<meta name=\"twitter:label1\" content=\"Dur\u00e9e de lecture estim\u00e9e\" \/>\n\t<meta name=\"twitter:data1\" content=\"1 minute\" \/>\n<script type=\"application\/ld+json\" class=\"yoast-schema-graph\">{\"@context\":\"https:\\\/\\\/schema.org\",\"@graph\":[{\"@type\":\"WebPage\",\"@id\":\"https:\\\/\\\/www.present.ca\\\/fr\\\/solutions\\\/infrastructure-ti\\\/serveur-intel\\\/\",\"url\":\"https:\\\/\\\/www.present.ca\\\/fr\\\/solutions\\\/infrastructure-ti\\\/serveur-intel\\\/\",\"name\":\"Serveur Intel - Present - Services & Solutions TI - Montreal - Toronto\",\"isPartOf\":{\"@id\":\"https:\\\/\\\/www.present.ca\\\/fr\\\/#website\"},\"primaryImageOfPage\":{\"@id\":\"https:\\\/\\\/www.present.ca\\\/fr\\\/solutions\\\/infrastructure-ti\\\/serveur-intel\\\/#primaryimage\"},\"image\":{\"@id\":\"https:\\\/\\\/www.present.ca\\\/fr\\\/solutions\\\/infrastructure-ti\\\/serveur-intel\\\/#primaryimage\"},\"thumbnailUrl\":\"https:\\\/\\\/www.present.ca\\\/wp-content\\\/uploads\\\/2016\\\/07\\\/Intel.png\",\"datePublished\":\"2020-05-26T16:09:46+00:00\",\"dateModified\":\"2020-06-16T12:48:40+00:00\",\"description\":\"Obtenez le maximum de vos serveurs Intel, gr\u00e2ce \u00e0 nos p\u00e9cialistes qui se d\u00e9marquent par leur exp\u00e9rience, pro-activit\u00e9 et leurs habilet\u00e9s \u00e0 r\u00e9soudre rapidement un probl\u00e8me.\",\"breadcrumb\":{\"@id\":\"https:\\\/\\\/www.present.ca\\\/fr\\\/solutions\\\/infrastructure-ti\\\/serveur-intel\\\/#breadcrumb\"},\"inLanguage\":\"fr-FR\",\"potentialAction\":[{\"@type\":\"ReadAction\",\"target\":[\"https:\\\/\\\/www.present.ca\\\/fr\\\/solutions\\\/infrastructure-ti\\\/serveur-intel\\\/\"]}]},{\"@type\":\"ImageObject\",\"inLanguage\":\"fr-FR\",\"@id\":\"https:\\\/\\\/www.present.ca\\\/fr\\\/solutions\\\/infrastructure-ti\\\/serveur-intel\\\/#primaryimage\",\"url\":\"https:\\\/\\\/www.present.ca\\\/wp-content\\\/uploads\\\/2016\\\/07\\\/Intel.png\",\"contentUrl\":\"https:\\\/\\\/www.present.ca\\\/wp-content\\\/uploads\\\/2016\\\/07\\\/Intel.png\",\"width\":974,\"height\":400,\"caption\":\"Serveur Intel\"},{\"@type\":\"BreadcrumbList\",\"@id\":\"https:\\\/\\\/www.present.ca\\\/fr\\\/solutions\\\/infrastructure-ti\\\/serveur-intel\\\/#breadcrumb\",\"itemListElement\":[{\"@type\":\"ListItem\",\"position\":1,\"name\":\"Accueil\",\"item\":\"https:\\\/\\\/www.present.ca\\\/fr\\\/\"},{\"@type\":\"ListItem\",\"position\":2,\"name\":\"Solutions\",\"item\":\"https:\\\/\\\/www.present.ca\\\/fr\\\/solutions\\\/\"},{\"@type\":\"ListItem\",\"position\":3,\"name\":\"Infrastructure TI\",\"item\":\"https:\\\/\\\/www.present.ca\\\/fr\\\/solutions\\\/infrastructure-ti\\\/\"},{\"@type\":\"ListItem\",\"position\":4,\"name\":\"Serveur Intel\"}]},{\"@type\":\"WebSite\",\"@id\":\"https:\\\/\\\/www.present.ca\\\/fr\\\/#website\",\"url\":\"https:\\\/\\\/www.present.ca\\\/fr\\\/\",\"name\":\"Present\",\"description\":\"Services G\u00e9r\u00e9s TI, S\u00e9curit\u00e9 G\u00e9r\u00e9e TI et Solutions de Cloud Hybride\",\"potentialAction\":[{\"@type\":\"SearchAction\",\"target\":{\"@type\":\"EntryPoint\",\"urlTemplate\":\"https:\\\/\\\/www.present.ca\\\/fr\\\/?s={search_term_string}\"},\"query-input\":{\"@type\":\"PropertyValueSpecification\",\"valueRequired\":true,\"valueName\":\"search_term_string\"}}],\"inLanguage\":\"fr-FR\"}]}<\/script>\n<!-- \/ Yoast SEO plugin. -->","yoast_head_json":{"title":"Serveur Intel - Present - Services & Solutions TI - Montreal - Toronto","description":"Obtenez le maximum de vos serveurs Intel, gr\u00e2ce \u00e0 nos p\u00e9cialistes qui se d\u00e9marquent par leur exp\u00e9rience, pro-activit\u00e9 et leurs habilet\u00e9s \u00e0 r\u00e9soudre rapidement un probl\u00e8me.","robots":{"index":"index","follow":"follow","max-snippet":"max-snippet:-1","max-image-preview":"max-image-preview:large","max-video-preview":"max-video-preview:-1"},"canonical":"https:\/\/www.present.ca\/fr\/solutions\/infrastructure-ti\/serveur-intel\/","og_locale":"fr_FR","og_type":"article","og_title":"Serveur Intel - Present - Services & Solutions TI - Montreal - Toronto","og_description":"Obtenez le maximum de vos serveurs Intel, gr\u00e2ce \u00e0 nos p\u00e9cialistes qui se d\u00e9marquent par leur exp\u00e9rience, pro-activit\u00e9 et leurs habilet\u00e9s \u00e0 r\u00e9soudre rapidement un probl\u00e8me.","og_url":"https:\/\/www.present.ca\/fr\/solutions\/infrastructure-ti\/serveur-intel\/","og_site_name":"Present","article_modified_time":"2020-06-16T12:48:40+00:00","og_image":[{"width":974,"height":400,"url":"https:\/\/www.present.ca\/wp-content\/uploads\/2016\/07\/Intel.png","type":"image\/png"}],"twitter_card":"summary_large_image","twitter_misc":{"Dur\u00e9e de lecture estim\u00e9e":"1 minute"},"schema":{"@context":"https:\/\/schema.org","@graph":[{"@type":"WebPage","@id":"https:\/\/www.present.ca\/fr\/solutions\/infrastructure-ti\/serveur-intel\/","url":"https:\/\/www.present.ca\/fr\/solutions\/infrastructure-ti\/serveur-intel\/","name":"Serveur Intel - Present - Services & Solutions TI - Montreal - Toronto","isPartOf":{"@id":"https:\/\/www.present.ca\/fr\/#website"},"primaryImageOfPage":{"@id":"https:\/\/www.present.ca\/fr\/solutions\/infrastructure-ti\/serveur-intel\/#primaryimage"},"image":{"@id":"https:\/\/www.present.ca\/fr\/solutions\/infrastructure-ti\/serveur-intel\/#primaryimage"},"thumbnailUrl":"https:\/\/www.present.ca\/wp-content\/uploads\/2016\/07\/Intel.png","datePublished":"2020-05-26T16:09:46+00:00","dateModified":"2020-06-16T12:48:40+00:00","description":"Obtenez le maximum de vos serveurs Intel, gr\u00e2ce \u00e0 nos p\u00e9cialistes qui se d\u00e9marquent par leur exp\u00e9rience, pro-activit\u00e9 et leurs habilet\u00e9s \u00e0 r\u00e9soudre rapidement un probl\u00e8me.","breadcrumb":{"@id":"https:\/\/www.present.ca\/fr\/solutions\/infrastructure-ti\/serveur-intel\/#breadcrumb"},"inLanguage":"fr-FR","potentialAction":[{"@type":"ReadAction","target":["https:\/\/www.present.ca\/fr\/solutions\/infrastructure-ti\/serveur-intel\/"]}]},{"@type":"ImageObject","inLanguage":"fr-FR","@id":"https:\/\/www.present.ca\/fr\/solutions\/infrastructure-ti\/serveur-intel\/#primaryimage","url":"https:\/\/www.present.ca\/wp-content\/uploads\/2016\/07\/Intel.png","contentUrl":"https:\/\/www.present.ca\/wp-content\/uploads\/2016\/07\/Intel.png","width":974,"height":400,"caption":"Serveur Intel"},{"@type":"BreadcrumbList","@id":"https:\/\/www.present.ca\/fr\/solutions\/infrastructure-ti\/serveur-intel\/#breadcrumb","itemListElement":[{"@type":"ListItem","position":1,"name":"Accueil","item":"https:\/\/www.present.ca\/fr\/"},{"@type":"ListItem","position":2,"name":"Solutions","item":"https:\/\/www.present.ca\/fr\/solutions\/"},{"@type":"ListItem","position":3,"name":"Infrastructure TI","item":"https:\/\/www.present.ca\/fr\/solutions\/infrastructure-ti\/"},{"@type":"ListItem","position":4,"name":"Serveur Intel"}]},{"@type":"WebSite","@id":"https:\/\/www.present.ca\/fr\/#website","url":"https:\/\/www.present.ca\/fr\/","name":"Present","description":"Services G\u00e9r\u00e9s TI, S\u00e9curit\u00e9 G\u00e9r\u00e9e TI et Solutions de Cloud Hybride","potentialAction":[{"@type":"SearchAction","target":{"@type":"EntryPoint","urlTemplate":"https:\/\/www.present.ca\/fr\/?s={search_term_string}"},"query-input":{"@type":"PropertyValueSpecification","valueRequired":true,"valueName":"search_term_string"}}],"inLanguage":"fr-FR"}]}},"_links":{"self":[{"href":"https:\/\/www.present.ca\/fr\/wp-json\/wp\/v2\/pages\/20068","targetHints":{"allow":["GET"]}}],"collection":[{"href":"https:\/\/www.present.ca\/fr\/wp-json\/wp\/v2\/pages"}],"about":[{"href":"https:\/\/www.present.ca\/fr\/wp-json\/wp\/v2\/types\/page"}],"author":[{"embeddable":true,"href":"https:\/\/www.present.ca\/fr\/wp-json\/wp\/v2\/users\/3"}],"replies":[{"embeddable":true,"href":"https:\/\/www.present.ca\/fr\/wp-json\/wp\/v2\/comments?post=20068"}],"version-history":[{"count":1,"href":"https:\/\/www.present.ca\/fr\/wp-json\/wp\/v2\/pages\/20068\/revisions"}],"predecessor-version":[{"id":20586,"href":"https:\/\/www.present.ca\/fr\/wp-json\/wp\/v2\/pages\/20068\/revisions\/20586"}],"up":[{"embeddable":true,"href":"https:\/\/www.present.ca\/fr\/wp-json\/wp\/v2\/pages\/18289"}],"wp:featuredmedia":[{"embeddable":true,"href":"https:\/\/www.present.ca\/fr\/wp-json\/wp\/v2\/media\/17293"}],"wp:attachment":[{"href":"https:\/\/www.present.ca\/fr\/wp-json\/wp\/v2\/media?parent=20068"}],"curies":[{"name":"wp","href":"https:\/\/api.w.org\/{rel}","templated":true}]}}