{"id":20066,"date":"2020-05-22T11:42:30","date_gmt":"2020-05-22T15:42:30","guid":{"rendered":"https:\/\/www.present.ca\/?page_id=20066"},"modified":"2020-06-16T08:48:31","modified_gmt":"2020-06-16T12:48:31","slug":"serveur-power","status":"publish","type":"page","link":"https:\/\/www.present.ca\/fr\/solutions\/infrastructure-ti\/serveur-power\/","title":{"rendered":"Serveur Power"},"content":{"rendered":"<p>[vc_row][vc_column]<div id=\"ultimate-heading-152669db5c560d5a0\" class=\"uvc-heading ult-adjust-bottom-margin ultimate-heading-152669db5c560d5a0 uvc-5116 cursive\" data-hspacer=\"no_spacer\"  data-halign=\"center\" style=\"text-align:center\"><div class=\"uvc-heading-spacer no_spacer\" style=\"top\"><\/div><div class=\"uvc-main-heading ult-responsive\"  data-ultimate-target='.uvc-heading.ultimate-heading-152669db5c560d5a0 h2'  data-responsive-json-new='{\"font-size\":\"\",\"line-height\":\"\"}' ><h2 style=\"font-weight:normal;\">Serveur Power<\/h2><\/div><div class=\"uvc-sub-heading ult-responsive\"  data-ultimate-target='.uvc-heading.ultimate-heading-152669db5c560d5a0 .uvc-sub-heading '  data-responsive-json-new='{\"font-size\":\"\",\"line-height\":\"\"}'  style=\"font-weight:normal;\">Nous d\u00e9veloppons une infrastructure syst\u00e8me unique qui r\u00e9pond \u00e0 vos besoins<\/div><\/div>[vc_column_text]Nous travaillons avec les Serveur Power d\u2019IBM depuis nos d\u00e9buts et cette exp\u00e9rience nous a permis de d\u00e9velopper une ma\u00eetrise unique de ces syst\u00e8mes. Vous pouvez vous fier \u00e0 notre m\u00e9thodologie pour garantir une implantation harmonieuse.[\/vc_column_text][\/vc_column][\/vc_row][vc_row][vc_column width=\u00a0\u00bb1\/12&Prime;][\/vc_column][vc_column width=\u00a0\u00bb1\/3&Prime;][vc_column_text]<\/p>\n<h4><strong>Pour un nouveau syst\u00e8me nous offrons<\/strong><\/h4>\n<ul>\n<li>Conception d\u2019architecture TI<\/li>\n<li>Analyse de la capacit\u00e9<\/li>\n<li>Planification du d\u00e9ploiement de nouveaux serveurs<\/li>\n<li>Mise en application<\/li>\n<li>Virtualisation<\/li>\n<li>Haute disponibilit\u00e9 et reprise apr\u00e8s sinistre<\/li>\n<li>Bilans d\u2019infrastructure et analyse de performance<\/li>\n<li>Administration du syst\u00e8me et d\u00e9pannage<\/li>\n<\/ul>\n<p>[\/vc_column_text][\/vc_column][vc_column width=\u00a0\u00bb2\/12&Prime;][\/vc_column][vc_column width=\u00a0\u00bb1\/3&Prime;][vc_column_text]<\/p>\n<h4><strong>Pour les syst\u00e8mes existants nous fournissons<\/strong><\/h4>\n<ul>\n<li>Bilans d\u2019infrastructures<\/li>\n<li>Entretien pr\u00e9ventif<\/li>\n<li>Analyse de performance et optimisation<\/li>\n<li>Mise \u00e0 jour des syst\u00e8mes d\u2019exploitation<\/li>\n<li>Implantation de multiples applications<\/li>\n<li>Am\u00e9lioration du processus de sauvegarde et de reprise<\/li>\n<li>D\u00e9veloppement d\u2019outils<\/li>\n<li>Remplacement temporaire d\u2019administrateur syst\u00e8me<\/li>\n<li>Soutien technique ponctuel<\/li>\n<\/ul>\n<p>[\/vc_column_text][\/vc_column][vc_column width=\u00a0\u00bb1\/12&Prime;][\/vc_column][\/vc_row][vc_row full_width=\u00a0\u00bbstretch_row_content\u00a0\u00bb bg_type=\u00a0\u00bbbg_color\u00a0\u00bb el_class=\u00a0\u00bbtilt-pos-3-deg\u00a0\u00bb css=\u00a0\u00bb.vc_custom_1588250693452{padding-top: 25px !important;padding-bottom: 25px !important;}\u00a0\u00bb bg_color_value=\u00a0\u00bb#16a361&Prime;][vc_column]<div id=\"ultimate-heading-652769db5c560d607\" class=\"uvc-heading ult-adjust-bottom-margin ultimate-heading-652769db5c560d607 uvc-2109 \" data-hspacer=\"no_spacer\"  data-halign=\"center\" style=\"text-align:center\"><div class=\"uvc-heading-spacer no_spacer\" style=\"top\"><\/div><div class=\"uvc-main-heading ult-responsive\"  data-ultimate-target='.uvc-heading.ultimate-heading-652769db5c560d607 h3'  data-responsive-json-new='{\"font-size\":\"\",\"line-height\":\"\"}' ><h3 style=\"font-weight:normal;\">Vous souhaitez simplifier vos TI et am\u00e9liorer son impact sur votre entreprise?<\/h3><\/div><\/div>[vc_empty_space]<div class=\" ubtn-ctn-center \"><a class=\"ubtn-link ult-adjust-bottom-margin ubtn-center ubtn-normal \" href=\"\/fr\/contactez-present\/\" title=\"Contactez Present\" ><button type=\"button\" id=\"ubtn-6256\"  class=\"ubtn ult-adjust-bottom-margin ult-responsive ubtn-normal ubtn-no-hover-bg  none  ubtn-center   tooltip-69db5c560d655\"  data-hover=\"#ffffff\" data-border-color=\"#ffffff\" data-bg=\"#ffffff\" data-hover-bg=\"#000000\" data-border-hover=\"#ffffff\" data-shadow-hover=\"\" data-shadow-click=\"none\" data-shadow=\"\" data-shd-shadow=\"\"  data-ultimate-target='#ubtn-6256'  data-responsive-json-new='{\"font-size\":\"desktop:18px;\",\"line-height\":\"\"}'  style=\"font-weight:bold;border-radius:5px;border-width:3px;border-color:#ffffff;border-style:solid;background: #ffffff;color: #16a361;\"><span class=\"ubtn-hover\" style=\"background-color:#000000\"><\/span><span class=\"ubtn-data ubtn-text \" >Parlons-en<\/span><\/button><\/a><\/div>[\/vc_column][\/vc_row]<\/p>\n","protected":false},"excerpt":{"rendered":"<p>[vc_row][vc_column][vc_column_text]Nous travaillons avec les Serveur Power d\u2019IBM depuis nos d\u00e9buts et cette exp\u00e9rience nous a permis de d\u00e9velopper une ma\u00eetrise unique de ces syst\u00e8mes. Vous pouvez vous fier \u00e0 notre m\u00e9thodologie pour garantir une implantation harmonieuse.[\/vc_column_text][\/vc_column][\/vc_row][vc_row][vc_column width=\u00a0\u00bb1\/12&Prime;][\/vc_column][vc_column width=\u00a0\u00bb1\/3&Prime;][vc_column_text] Pour un nouveau syst\u00e8me nous offrons Conception d\u2019architecture TI Analyse de la capacit\u00e9 Planification du d\u00e9ploiement de [&#8230;]<\/p>\n","protected":false},"author":3,"featured_media":17291,"parent":18289,"menu_order":3,"comment_status":"closed","ping_status":"closed","template":"","meta":{"_acf_changed":false,"footnotes":"","_wp_rev_ctl_limit":""},"class_list":["post-20066","page","type-page","status-publish","has-post-thumbnail","hentry"],"acf":[],"yoast_head":"<!-- This site is optimized with the Yoast SEO plugin v27.3 - https:\/\/yoast.com\/product\/yoast-seo-wordpress\/ -->\n<title>Serveur Power - Present - Solutions &amp; Services TI - Montreal - Toronto<\/title>\n<meta name=\"description\" content=\"Nous travaillons avec les Serveur Power d\u2019IBM depuis nos d\u00e9buts et cette exp\u00e9rience nous a permis de d\u00e9velopper une ma\u00eetrise unique de ces syst\u00e8mes.\" \/>\n<meta name=\"robots\" content=\"index, follow, max-snippet:-1, max-image-preview:large, max-video-preview:-1\" \/>\n<link rel=\"canonical\" href=\"https:\/\/www.present.ca\/fr\/solutions\/infrastructure-ti\/serveur-power\/\" \/>\n<meta property=\"og:locale\" content=\"fr_FR\" \/>\n<meta property=\"og:type\" content=\"article\" \/>\n<meta property=\"og:title\" content=\"Serveur Power - Present - Solutions &amp; Services TI - Montreal - Toronto\" \/>\n<meta property=\"og:description\" content=\"Nous travaillons avec les Serveur Power d\u2019IBM depuis nos d\u00e9buts et cette exp\u00e9rience nous a permis de d\u00e9velopper une ma\u00eetrise unique de ces syst\u00e8mes.\" \/>\n<meta property=\"og:url\" content=\"https:\/\/www.present.ca\/fr\/solutions\/infrastructure-ti\/serveur-power\/\" \/>\n<meta property=\"og:site_name\" content=\"Present\" \/>\n<meta property=\"article:modified_time\" content=\"2020-06-16T12:48:31+00:00\" \/>\n<meta property=\"og:image\" content=\"https:\/\/www.present.ca\/wp-content\/uploads\/2016\/11\/IBM-Power.png\" \/>\n\t<meta property=\"og:image:width\" content=\"990\" \/>\n\t<meta property=\"og:image:height\" content=\"498\" \/>\n\t<meta property=\"og:image:type\" content=\"image\/png\" \/>\n<meta name=\"twitter:card\" content=\"summary_large_image\" \/>\n<meta name=\"twitter:label1\" content=\"Dur\u00e9e de lecture estim\u00e9e\" \/>\n\t<meta name=\"twitter:data1\" content=\"2 minutes\" \/>\n<script type=\"application\/ld+json\" class=\"yoast-schema-graph\">{\"@context\":\"https:\\\/\\\/schema.org\",\"@graph\":[{\"@type\":\"WebPage\",\"@id\":\"https:\\\/\\\/www.present.ca\\\/fr\\\/solutions\\\/infrastructure-ti\\\/serveur-power\\\/\",\"url\":\"https:\\\/\\\/www.present.ca\\\/fr\\\/solutions\\\/infrastructure-ti\\\/serveur-power\\\/\",\"name\":\"Serveur Power - Present - Solutions & Services TI - Montreal - Toronto\",\"isPartOf\":{\"@id\":\"https:\\\/\\\/www.present.ca\\\/fr\\\/#website\"},\"primaryImageOfPage\":{\"@id\":\"https:\\\/\\\/www.present.ca\\\/fr\\\/solutions\\\/infrastructure-ti\\\/serveur-power\\\/#primaryimage\"},\"image\":{\"@id\":\"https:\\\/\\\/www.present.ca\\\/fr\\\/solutions\\\/infrastructure-ti\\\/serveur-power\\\/#primaryimage\"},\"thumbnailUrl\":\"https:\\\/\\\/www.present.ca\\\/wp-content\\\/uploads\\\/2016\\\/11\\\/IBM-Power.png\",\"datePublished\":\"2020-05-22T15:42:30+00:00\",\"dateModified\":\"2020-06-16T12:48:31+00:00\",\"description\":\"Nous travaillons avec les Serveur Power d\u2019IBM depuis nos d\u00e9buts et cette exp\u00e9rience nous a permis de d\u00e9velopper une ma\u00eetrise unique de ces syst\u00e8mes.\",\"breadcrumb\":{\"@id\":\"https:\\\/\\\/www.present.ca\\\/fr\\\/solutions\\\/infrastructure-ti\\\/serveur-power\\\/#breadcrumb\"},\"inLanguage\":\"fr-FR\",\"potentialAction\":[{\"@type\":\"ReadAction\",\"target\":[\"https:\\\/\\\/www.present.ca\\\/fr\\\/solutions\\\/infrastructure-ti\\\/serveur-power\\\/\"]}]},{\"@type\":\"ImageObject\",\"inLanguage\":\"fr-FR\",\"@id\":\"https:\\\/\\\/www.present.ca\\\/fr\\\/solutions\\\/infrastructure-ti\\\/serveur-power\\\/#primaryimage\",\"url\":\"https:\\\/\\\/www.present.ca\\\/wp-content\\\/uploads\\\/2016\\\/11\\\/IBM-Power.png\",\"contentUrl\":\"https:\\\/\\\/www.present.ca\\\/wp-content\\\/uploads\\\/2016\\\/11\\\/IBM-Power.png\",\"width\":990,\"height\":498,\"caption\":\"Serveur Power d'IBM\"},{\"@type\":\"BreadcrumbList\",\"@id\":\"https:\\\/\\\/www.present.ca\\\/fr\\\/solutions\\\/infrastructure-ti\\\/serveur-power\\\/#breadcrumb\",\"itemListElement\":[{\"@type\":\"ListItem\",\"position\":1,\"name\":\"Accueil\",\"item\":\"https:\\\/\\\/www.present.ca\\\/fr\\\/\"},{\"@type\":\"ListItem\",\"position\":2,\"name\":\"Solutions\",\"item\":\"https:\\\/\\\/www.present.ca\\\/fr\\\/solutions\\\/\"},{\"@type\":\"ListItem\",\"position\":3,\"name\":\"Infrastructure TI\",\"item\":\"https:\\\/\\\/www.present.ca\\\/fr\\\/solutions\\\/infrastructure-ti\\\/\"},{\"@type\":\"ListItem\",\"position\":4,\"name\":\"Serveur Power\"}]},{\"@type\":\"WebSite\",\"@id\":\"https:\\\/\\\/www.present.ca\\\/fr\\\/#website\",\"url\":\"https:\\\/\\\/www.present.ca\\\/fr\\\/\",\"name\":\"Present\",\"description\":\"Services G\u00e9r\u00e9s TI, S\u00e9curit\u00e9 G\u00e9r\u00e9e TI et Solutions de Cloud Hybride\",\"potentialAction\":[{\"@type\":\"SearchAction\",\"target\":{\"@type\":\"EntryPoint\",\"urlTemplate\":\"https:\\\/\\\/www.present.ca\\\/fr\\\/?s={search_term_string}\"},\"query-input\":{\"@type\":\"PropertyValueSpecification\",\"valueRequired\":true,\"valueName\":\"search_term_string\"}}],\"inLanguage\":\"fr-FR\"}]}<\/script>\n<!-- \/ Yoast SEO plugin. -->","yoast_head_json":{"title":"Serveur Power - Present - Solutions & Services TI - Montreal - Toronto","description":"Nous travaillons avec les Serveur Power d\u2019IBM depuis nos d\u00e9buts et cette exp\u00e9rience nous a permis de d\u00e9velopper une ma\u00eetrise unique de ces syst\u00e8mes.","robots":{"index":"index","follow":"follow","max-snippet":"max-snippet:-1","max-image-preview":"max-image-preview:large","max-video-preview":"max-video-preview:-1"},"canonical":"https:\/\/www.present.ca\/fr\/solutions\/infrastructure-ti\/serveur-power\/","og_locale":"fr_FR","og_type":"article","og_title":"Serveur Power - Present - Solutions & Services TI - Montreal - Toronto","og_description":"Nous travaillons avec les Serveur Power d\u2019IBM depuis nos d\u00e9buts et cette exp\u00e9rience nous a permis de d\u00e9velopper une ma\u00eetrise unique de ces syst\u00e8mes.","og_url":"https:\/\/www.present.ca\/fr\/solutions\/infrastructure-ti\/serveur-power\/","og_site_name":"Present","article_modified_time":"2020-06-16T12:48:31+00:00","og_image":[{"width":990,"height":498,"url":"https:\/\/www.present.ca\/wp-content\/uploads\/2016\/11\/IBM-Power.png","type":"image\/png"}],"twitter_card":"summary_large_image","twitter_misc":{"Dur\u00e9e de lecture estim\u00e9e":"2 minutes"},"schema":{"@context":"https:\/\/schema.org","@graph":[{"@type":"WebPage","@id":"https:\/\/www.present.ca\/fr\/solutions\/infrastructure-ti\/serveur-power\/","url":"https:\/\/www.present.ca\/fr\/solutions\/infrastructure-ti\/serveur-power\/","name":"Serveur Power - Present - Solutions & Services TI - Montreal - Toronto","isPartOf":{"@id":"https:\/\/www.present.ca\/fr\/#website"},"primaryImageOfPage":{"@id":"https:\/\/www.present.ca\/fr\/solutions\/infrastructure-ti\/serveur-power\/#primaryimage"},"image":{"@id":"https:\/\/www.present.ca\/fr\/solutions\/infrastructure-ti\/serveur-power\/#primaryimage"},"thumbnailUrl":"https:\/\/www.present.ca\/wp-content\/uploads\/2016\/11\/IBM-Power.png","datePublished":"2020-05-22T15:42:30+00:00","dateModified":"2020-06-16T12:48:31+00:00","description":"Nous travaillons avec les Serveur Power d\u2019IBM depuis nos d\u00e9buts et cette exp\u00e9rience nous a permis de d\u00e9velopper une ma\u00eetrise unique de ces syst\u00e8mes.","breadcrumb":{"@id":"https:\/\/www.present.ca\/fr\/solutions\/infrastructure-ti\/serveur-power\/#breadcrumb"},"inLanguage":"fr-FR","potentialAction":[{"@type":"ReadAction","target":["https:\/\/www.present.ca\/fr\/solutions\/infrastructure-ti\/serveur-power\/"]}]},{"@type":"ImageObject","inLanguage":"fr-FR","@id":"https:\/\/www.present.ca\/fr\/solutions\/infrastructure-ti\/serveur-power\/#primaryimage","url":"https:\/\/www.present.ca\/wp-content\/uploads\/2016\/11\/IBM-Power.png","contentUrl":"https:\/\/www.present.ca\/wp-content\/uploads\/2016\/11\/IBM-Power.png","width":990,"height":498,"caption":"Serveur Power d'IBM"},{"@type":"BreadcrumbList","@id":"https:\/\/www.present.ca\/fr\/solutions\/infrastructure-ti\/serveur-power\/#breadcrumb","itemListElement":[{"@type":"ListItem","position":1,"name":"Accueil","item":"https:\/\/www.present.ca\/fr\/"},{"@type":"ListItem","position":2,"name":"Solutions","item":"https:\/\/www.present.ca\/fr\/solutions\/"},{"@type":"ListItem","position":3,"name":"Infrastructure TI","item":"https:\/\/www.present.ca\/fr\/solutions\/infrastructure-ti\/"},{"@type":"ListItem","position":4,"name":"Serveur Power"}]},{"@type":"WebSite","@id":"https:\/\/www.present.ca\/fr\/#website","url":"https:\/\/www.present.ca\/fr\/","name":"Present","description":"Services G\u00e9r\u00e9s TI, S\u00e9curit\u00e9 G\u00e9r\u00e9e TI et Solutions de Cloud Hybride","potentialAction":[{"@type":"SearchAction","target":{"@type":"EntryPoint","urlTemplate":"https:\/\/www.present.ca\/fr\/?s={search_term_string}"},"query-input":{"@type":"PropertyValueSpecification","valueRequired":true,"valueName":"search_term_string"}}],"inLanguage":"fr-FR"}]}},"_links":{"self":[{"href":"https:\/\/www.present.ca\/fr\/wp-json\/wp\/v2\/pages\/20066","targetHints":{"allow":["GET"]}}],"collection":[{"href":"https:\/\/www.present.ca\/fr\/wp-json\/wp\/v2\/pages"}],"about":[{"href":"https:\/\/www.present.ca\/fr\/wp-json\/wp\/v2\/types\/page"}],"author":[{"embeddable":true,"href":"https:\/\/www.present.ca\/fr\/wp-json\/wp\/v2\/users\/3"}],"replies":[{"embeddable":true,"href":"https:\/\/www.present.ca\/fr\/wp-json\/wp\/v2\/comments?post=20066"}],"version-history":[{"count":2,"href":"https:\/\/www.present.ca\/fr\/wp-json\/wp\/v2\/pages\/20066\/revisions"}],"predecessor-version":[{"id":21834,"href":"https:\/\/www.present.ca\/fr\/wp-json\/wp\/v2\/pages\/20066\/revisions\/21834"}],"up":[{"embeddable":true,"href":"https:\/\/www.present.ca\/fr\/wp-json\/wp\/v2\/pages\/18289"}],"wp:featuredmedia":[{"embeddable":true,"href":"https:\/\/www.present.ca\/fr\/wp-json\/wp\/v2\/media\/17291"}],"wp:attachment":[{"href":"https:\/\/www.present.ca\/fr\/wp-json\/wp\/v2\/media?parent=20066"}],"curies":[{"name":"wp","href":"https:\/\/api.w.org\/{rel}","templated":true}]}}