{"id":18318,"date":"2020-05-13T10:55:19","date_gmt":"2020-05-13T14:55:19","guid":{"rendered":"https:\/\/www.present.ca\/recrutement-t-i\/"},"modified":"2024-03-08T14:48:54","modified_gmt":"2024-03-08T19:48:54","slug":"recrutement-ti","status":"publish","type":"page","link":"https:\/\/www.present.ca\/fr\/solutions\/recrutement-ti\/","title":{"rendered":"Recrutement TI"},"content":{"rendered":"<p>[vc_row][vc_column]<div id=\"ultimate-heading-353969d61dba3a310\" class=\"uvc-heading ult-adjust-bottom-margin ultimate-heading-353969d61dba3a310 uvc-5841 cursive\" data-hspacer=\"no_spacer\"  data-halign=\"center\" style=\"text-align:center\"><div class=\"uvc-heading-spacer no_spacer\" style=\"top\"><\/div><div class=\"uvc-main-heading ult-responsive\"  data-ultimate-target='.uvc-heading.ultimate-heading-353969d61dba3a310 h2'  data-responsive-json-new='{\"font-size\":\"\",\"line-height\":\"\"}' ><h2 style=\"font-weight:normal;margin-top:10px;margin-bottom:25px;\">Votre candidat id\u00e9al, nous le connaissons!<\/h2><\/div><\/div>[vc_column_text]<span class=\"\" title=\"\">Lorsque le temps presse, votre \u00e9quipe est d\u00e9bord\u00e9e ou vos projets sont en retard, faites confiance aux experts en recrutement TI de Present.<\/span> <span class=\"\" title=\"\">La forte demande de ressources informatiques qualifi\u00e9es a consid\u00e9rablement resserr\u00e9 le march\u00e9 et rendu difficile la t\u00e2che des directeurs TI et des services des ressources humaines.<\/span> <span class=\"\" title=\"\">Les bons candidats sont difficiles \u00e0 trouver et les entreprises rivalisent d\u2019imagination pour encourager la r\u00e9tention.<\/span><\/p>\n<p>Notre mission est de trouver le talent qui vous permettra de faire avancer vos projets cl\u00e9s, que ce soit \u00e0 long terme ou pour des services-conseils.<br \/>\n[\/vc_column_text][\/vc_column][\/vc_row][vc_row][vc_column width=\u00a0\u00bb1\/2&Prime;][vc_column_text]<\/p>\n<h4 style=\"text-align: center;\">Placements permanents<\/h4>\n<p style=\"text-align: center;\">Construisez une \u00e9quipe TI solide et robuste pour vos besoins actuels et votre croissance future. Nous trouverons le candidat TI qui correspond le mieux \u00e0 vos objectifs, votre budget et vos valeurs commerciales.<\/p>\n<p>[\/vc_column_text][\/vc_column][vc_column width=\u00a0\u00bb1\/2&Prime;][vc_column_text]<\/p>\n<h4 style=\"text-align: center;\">Services de consultants<\/h4>\n<p style=\"text-align: center;\">Nos sp\u00e9cialistes en recrutement TI vous aideront avec vos besoins temporaires sp\u00e9cifiques, qu&rsquo;il s&rsquo;agisse de nouveaux projets, d&rsquo;un surplus de travail ou de combler le r\u00f4le d&rsquo;une longue absence.<\/p>\n<p>[\/vc_column_text][\/vc_column][\/vc_row][vc_row][vc_column][vc_column_text]<\/p>\n<h3 style=\"text-align: center;\"><span class=\"tlid-translation translation\" lang=\"fr\" tabindex=\"-1\"><span title=\"\">Le meilleur des deux mondes<\/span><\/span><\/h3>\n<p><span title=\"\">Present est sp\u00e9cialis\u00e9 dans l\u2019industrie des technologies TI depuis plus de 30 ans.<\/span> <span title=\"\">Nous avons d\u00e9velopp\u00e9 notre centre de recrutement TI pour mieux vous accompagner et concr\u00e9tiser vos projets innovants.<\/span><\/p>\n<ul>\n<li><span class=\"tlid-translation translation\" lang=\"fr\" tabindex=\"-1\"><span title=\"\">Vaste r\u00e9seau de contacts au sein de l\u2019industrie.<\/span><\/span><\/li>\n<li><span class=\"tlid-translation translation\" lang=\"fr\" tabindex=\"-1\"><span title=\"\">Liens \u00e9troits avec un large bassin de candidats.<\/span><\/span><\/li>\n<li><span class=\"tlid-translation translation\" lang=\"fr\" tabindex=\"-1\"><span title=\"\">Capacit\u00e9 \u00e0 fournir d\u2019excellentes applications le plus rapidement possible.<\/span><\/span><\/li>\n<li><span class=\"tlid-translation translation\" lang=\"fr\" tabindex=\"-1\"><span title=\"\">33 ans d\u2019exp\u00e9rience et une m\u00e9thodologie structur\u00e9e pour assurer le succ\u00e8s.<\/span><\/span><\/li>\n<li><span class=\"tlid-translation translation\" lang=\"fr\" tabindex=\"-1\"><span title=\"\">Une expertise TI innovante unique dans le monde du recrutement.<\/span><\/span><\/li>\n<li>Satisfaction garantie<\/li>\n<\/ul>\n<p>[\/vc_column_text][\/vc_column][vc_column width=\u00a0\u00bb1\/12&Prime;][\/vc_column][\/vc_row][vc_row full_width=\u00a0\u00bbstretch_row_content\u00a0\u00bb bg_type=\u00a0\u00bbbg_color\u00a0\u00bb el_class=\u00a0\u00bbtilt-pos-3-deg\u00a0\u00bb bg_color_value=\u00a0\u00bb#16a361&Prime;][vc_column]<div id=\"ultimate-heading-9969d61dba3a374\" class=\"uvc-heading ult-adjust-bottom-margin ultimate-heading-9969d61dba3a374 uvc-8248 \" data-hspacer=\"no_spacer\"  data-halign=\"center\" style=\"text-align:center\"><div class=\"uvc-heading-spacer no_spacer\" style=\"top\"><\/div><div class=\"uvc-main-heading ult-responsive\"  data-ultimate-target='.uvc-heading.ultimate-heading-9969d61dba3a374 h3'  data-responsive-json-new='{\"font-size\":\"\",\"line-height\":\"\"}' ><h3 style=\"font-weight:normal;margin-top:10px;margin-bottom:30px;\">Testez-nous et trouvez le talent dont vous avez besoin !<\/h3><\/div><\/div><div class=\" ubtn-ctn-center \"><a class=\"ubtn-link ult-adjust-bottom-margin ubtn-center ubtn-large \" href=\"https:\/\/www.present.ca\/fr\/contactez-present\/\" title=\"Contact Present\" ><button type=\"button\" id=\"ubtn-8130\"  class=\"ubtn ult-adjust-bottom-margin ult-responsive ubtn-large ubtn-no-hover-bg  none  ubtn-center   tooltip-69d61dba3a3c6\"  data-hover=\"#ffffff\" data-border-color=\"#ffffff\" data-bg=\"#ffffff\" data-hover-bg=\"#000000\" data-border-hover=\"#ffffff\" data-shadow-hover=\"\" data-shadow-click=\"none\" data-shadow=\"\" data-shd-shadow=\"\"  data-ultimate-target='#ubtn-8130'  data-responsive-json-new='{\"font-size\":\"desktop:18px;\",\"line-height\":\"desktop:24px;\"}'  style=\"font-weight:bold;border-radius:5px;border-width:3px;border-color:#ffffff;border-style:solid;background: #ffffff;color: #16a361;\"><span class=\"ubtn-hover\" style=\"background-color:#000000\"><\/span><span class=\"ubtn-data ubtn-text \" >Parlons-en<\/span><\/button><\/a><\/div>[\/vc_column][\/vc_row][vc_row][vc_column]<div id=\"ultimate-heading-702469d61dba3a42e\" class=\"uvc-heading ult-adjust-bottom-margin ultimate-heading-702469d61dba3a42e uvc-5800 \" data-hspacer=\"no_spacer\"  data-halign=\"center\" style=\"text-align:center\"><div class=\"uvc-heading-spacer no_spacer\" style=\"top\"><\/div><div class=\"uvc-main-heading ult-responsive\"  data-ultimate-target='.uvc-heading.ultimate-heading-702469d61dba3a42e h3'  data-responsive-json-new='{\"font-size\":\"\",\"line-height\":\"\"}' ><h3 style=\"font-weight:normal;\">Nous contribuons \u00e0 votre r\u00e9ussite avec notre processus en 4 \u00e9tapes :<\/h3><\/div><\/div>[\/vc_column][\/vc_row][vc_row][vc_column width=\u00a0\u00bb1\/4&Prime;][vc_column_text]<\/p>\n<h4 style=\"text-align: center;\">1. Discutez de vos projets avec nos experts en recrutement TI<\/h4>\n<p style=\"text-align: center;\">Nous travaillons avec vous pour comprendre votre entreprise, vos projets et vos besoins en termes de candidats. Cela permettra \u00e0 nos experts en recrutement TI de vous proposer les meilleures options du march\u00e9.<\/p>\n<h4 id=\"tw-target-text\" class=\"tw-data-text tw-text-large tw-ta\" dir=\"ltr\" data-placeholder=\"Translation\"><\/h4>\n<p>[\/vc_column_text][\/vc_column][vc_column width=\u00a0\u00bb1\/4&Prime;][vc_column_text]<\/p>\n<h4 style=\"text-align: center;\">2. Nous trouvons le candidat id\u00e9al en un temps record.<\/h4>\n<p style=\"text-align: center;\">Laissez-nous parcourir notre vaste r\u00e9seau pour vous trouver les profils de candidats les plus qualifi\u00e9s de l&rsquo;industrie.<\/p>\n<p>[\/vc_column_text][\/vc_column][vc_column width=\u00a0\u00bb1\/4&Prime;][vc_column_text]<\/p>\n<h4 style=\"text-align: center;\">3. Un processus d&rsquo;\u00e9valuation approfondi et approfondi.<\/h4>\n<p style=\"text-align: center;\">Pour assurer la meilleure synergie avec votre entreprise, nous rencontrons les futurs candidats en interne puis vous pr\u00e9sentons ensuite les plus adapt\u00e9s.<\/p>\n<p>[\/vc_column_text][\/vc_column][vc_column width=\u00a0\u00bb1\/4&Prime;][vc_column_text]<\/p>\n<h4 style=\"text-align: center;\">4. Recrutement et gestion des ressources<\/h4>\n<p style=\"text-align: center;\">Une fois le candidat choisi, nous g\u00e9rons tous les d\u00e9tails du processus d\u2019embauche et de l\u2019int\u00e9gration des candidats.<\/p>\n<p>[\/vc_column_text][\/vc_column][\/vc_row][vc_row][vc_column]<div id=\"ultimate-heading-908469d61dba3a46a\" class=\"uvc-heading ult-adjust-bottom-margin ultimate-heading-908469d61dba3a46a uvc-3506 \" data-hspacer=\"no_spacer\"  data-halign=\"center\" style=\"text-align:center\"><div class=\"uvc-heading-spacer no_spacer\" style=\"top\"><\/div><div class=\"uvc-main-heading ult-responsive\"  data-ultimate-target='.uvc-heading.ultimate-heading-908469d61dba3a46a h2'  data-responsive-json-new='{\"font-size\":\"\",\"line-height\":\"\"}' ><h2 style=\"font-weight:normal;margin-top:10px;margin-bottom:25px;\">\u00c9tudes de cas sur le recrutement TI<\/h2><\/div><\/div>[\/vc_column][\/vc_row][vc_row][vc_column width=\u00a0\u00bb1\/3&Prime;][vc_column_text]<\/p>\n<p style=\"text-align: center;\"><img loading=\"lazy\" decoding=\"async\" class=\"size-medium wp-image-20738 aligncenter\" src=\"https:\/\/www.present.ca\/wp-content\/uploads\/2020\/07\/outsourcing-recruitment-bnw-300x198.jpg\" alt=\"IT Recruitment\" width=\"300\" height=\"198\" srcset=\"https:\/\/www.present.ca\/wp-content\/uploads\/2020\/07\/outsourcing-recruitment-bnw-300x198.jpg 300w, https:\/\/www.present.ca\/wp-content\/uploads\/2020\/07\/outsourcing-recruitment-bnw.jpg 561w\" sizes=\"(max-width: 300px) 100vw, 300px\" \/><strong>\u00c9tude de cas:\u00a0<\/strong><a href=\"https:\/\/www.present.ca\/fr\/ressources\/etude-de-cas\/l-impartition-du-recrutement-permet-aux-ti-de-se-concentrer-sur-leur-metier-principal\/\">L&rsquo;impartition du recrutement permet aux TI de se concentrer sur leur m\u00e9tier principal<\/a><\/p>\n<p>[\/vc_column_text][\/vc_column][vc_column width=\u00a0\u00bb1\/3&Prime;][vc_column_text]<\/p>\n<p style=\"text-align: center;\"><a href=\"https:\/\/www.present.ca\/resources\/case-studies\/present-recruits-a-rare-gem-1500-kms-away\/\"><img loading=\"lazy\" decoding=\"async\" class=\"aligncenter wp-image-21066 \" src=\"https:\/\/www.present.ca\/wp-content\/uploads\/2020\/08\/shutterstock_374550295-2-blackwhite-1-300x169.jpg\" alt=\"\" width=\"349\" height=\"197\" srcset=\"https:\/\/www.present.ca\/wp-content\/uploads\/2020\/08\/shutterstock_374550295-2-blackwhite-1-300x169.jpg 300w, https:\/\/www.present.ca\/wp-content\/uploads\/2020\/08\/shutterstock_374550295-2-blackwhite-1.jpg 500w\" sizes=\"(max-width: 349px) 100vw, 349px\" \/><\/a><span style=\"color: #333333;\"><strong><br \/>\n\u00c9tude de cas:<\/strong> <a href=\"https:\/\/www.present.ca\/fr\/ressources\/etude-de-cas\/present-recrute-une-perle-rare-a-1500-km\/\">Present recrute une perle rare, \u00e0 1500 km<\/a><\/span><\/p>\n<p>[\/vc_column_text][\/vc_column][vc_column width=\u00a0\u00bb1\/3&Prime;][vc_column_text]<\/p>\n<p style=\"text-align: center;\"><a href=\"https:\/\/www.present.ca\/resources\/case-studies\/case-study-recruitment-division-assembles-a-team-of-15\/\"><img loading=\"lazy\" decoding=\"async\" class=\"aligncenter wp-image-20734 size-medium\" src=\"https:\/\/www.present.ca\/wp-content\/uploads\/2020\/07\/banking_industry-bnw-300x198.jpg\" alt=\"Banking Industry\" width=\"300\" height=\"198\" srcset=\"https:\/\/www.present.ca\/wp-content\/uploads\/2020\/07\/banking_industry-bnw-300x198.jpg 300w, https:\/\/www.present.ca\/wp-content\/uploads\/2020\/07\/banking_industry-bnw.jpg 561w\" sizes=\"(max-width: 300px) 100vw, 300px\" \/><\/a><span style=\"color: #333333;\"><span style=\"caret-color: #333333;\"><b><br \/>\n\u00c9tude de cas:\u00a0<\/b><a href=\"https:\/\/www.present.ca\/fr\/ressources\/etude-de-cas\/etude-de-cas-nos-recruteurs-rassemblent-une-equipe-de-15-personnes\/\">Nos recruteurs rassemblent une \u00e9quipe de 15 personnes<\/a><\/span><\/span><\/p>\n<p>[\/vc_column_text][\/vc_column][\/vc_row][vc_row][vc_column][vc_column_text]<\/p>\n<h4 style=\"text-align: center;\"><strong>Cliquez ci-dessous pour t\u00e9l\u00e9charger notre livre blanc sur le recrutement TI<\/strong><\/h4>\n<p>[\/vc_column_text][\/vc_column][\/vc_row][vc_row][vc_column width=\u00a0\u00bb1\/3&Prime;][\/vc_column][vc_column width=\u00a0\u00bb1\/3&Prime;][vc_single_image image=\u00a0\u00bb21277&Prime; img_size=\u00a0\u00bbmedium\u00a0\u00bb alignment=\u00a0\u00bbcenter\u00a0\u00bb][vc_column_text]<\/p>\n<h4 style=\"text-align: center;\">Choisir les bonnes ressources TI pour votre entreprise<\/h4>\n<p>[\/vc_column_text]<div class=\" ubtn-ctn-center \"><a class=\"ubtn-link ult-adjust-bottom-margin ubtn-center ubtn-normal \" href=\"https:\/\/info.present.ca\/guide-pour-s\u00e9lectionner-la-bonne-ressource-ti-pour-votre-entreprise?hsCtaTracking=af73291b-0a41-4424-ae41-d19a1a49893b%7Cfc7180e1-c42d-48fc-9c5b-7bc4cca66063\" target=\"_blank\" rel=\"noopener\" ><button type=\"button\" id=\"ubtn-5759\"  class=\"ubtn ult-adjust-bottom-margin ult-responsive ubtn-normal ubtn-no-hover-bg  none  ubtn-center   tooltip-69d61dba3a4a5\"  data-hover=\"\" data-border-color=\"\" data-bg=\"#16a361\" data-hover-bg=\"\" data-border-hover=\"\" data-shadow-hover=\"\" data-shadow-click=\"none\" data-shadow=\"\" data-shd-shadow=\"\"  data-ultimate-target='#ubtn-5759'  data-responsive-json-new='{\"font-size\":\"\",\"line-height\":\"\"}'  style=\"font-weight:bold;border:none;background: #16a361;color: #ffffff;\"><span class=\"ubtn-hover\" style=\"background-color:\"><\/span><span class=\"ubtn-data ubtn-text \" >T\u00e9l\u00e9chargez le guide<\/span><\/button><\/a><\/div>[\/vc_column][vc_column width=\u00a0\u00bb1\/3&Prime;][\/vc_column][\/vc_row]<\/p>\n","protected":false},"excerpt":{"rendered":"<p>[vc_row][vc_column][vc_column_text]Lorsque le temps presse, votre \u00e9quipe est d\u00e9bord\u00e9e ou vos projets sont en retard, faites confiance aux experts en recrutement TI de Present. La forte demande de ressources informatiques qualifi\u00e9es a consid\u00e9rablement resserr\u00e9 le march\u00e9 et rendu difficile la t\u00e2che des directeurs TI et des services des ressources humaines. Les bons candidats sont difficiles \u00e0 [&#8230;]<\/p>\n","protected":false},"author":3,"featured_media":20541,"parent":20177,"menu_order":4,"comment_status":"closed","ping_status":"closed","template":"","meta":{"_acf_changed":false,"footnotes":"","_wp_rev_ctl_limit":""},"acf":[],"yoast_head":"<!-- This site is optimized with the Yoast SEO plugin v20.2.1 - https:\/\/yoast.com\/wordpress\/plugins\/seo\/ -->\n<title>Recrutement TI - Trouver un sp\u00e9cialiste | Present - Solutions &amp; Services TI<\/title>\n<meta name=\"description\" content=\"Quand le temps presse et que vous \u00eates d\u00e9bord\u00e9s par des projets TI qui prennent du retard, faites confiance aux experts en recrutement informatique chez Present.\" \/>\n<meta name=\"robots\" content=\"index, follow, max-snippet:-1, max-image-preview:large, max-video-preview:-1\" \/>\n<link rel=\"canonical\" href=\"https:\/\/www.present.ca\/fr\/solutions\/recrutement-ti\/\" \/>\n<meta property=\"og:locale\" content=\"fr_FR\" \/>\n<meta property=\"og:type\" content=\"article\" \/>\n<meta property=\"og:title\" content=\"Recrutement TI - Trouver un sp\u00e9cialiste | Present - Solutions &amp; Services TI\" \/>\n<meta property=\"og:description\" content=\"Quand le temps presse et que vous \u00eates d\u00e9bord\u00e9s par des projets TI qui prennent du retard, faites confiance aux experts en recrutement informatique chez Present.\" \/>\n<meta property=\"og:url\" content=\"https:\/\/www.present.ca\/fr\/solutions\/recrutement-ti\/\" \/>\n<meta property=\"og:site_name\" content=\"Present\" \/>\n<meta property=\"article:modified_time\" content=\"2024-03-08T19:48:54+00:00\" \/>\n<meta property=\"og:image\" content=\"https:\/\/www.present.ca\/wp-content\/uploads\/2020\/06\/recrutment-1920x693-1.jpg\" \/>\n\t<meta property=\"og:image:width\" content=\"1920\" \/>\n\t<meta property=\"og:image:height\" content=\"693\" \/>\n\t<meta property=\"og:image:type\" content=\"image\/jpeg\" \/>\n<meta name=\"twitter:card\" content=\"summary_large_image\" \/>\n<meta name=\"twitter:label1\" content=\"Dur\u00e9e de lecture estim\u00e9e\" \/>\n\t<meta name=\"twitter:data1\" content=\"3 minutes\" \/>\n<script type=\"application\/ld+json\" class=\"yoast-schema-graph\">{\"@context\":\"https:\/\/schema.org\",\"@graph\":[{\"@type\":\"WebPage\",\"@id\":\"https:\/\/www.present.ca\/fr\/solutions\/recrutement-ti\/\",\"url\":\"https:\/\/www.present.ca\/fr\/solutions\/recrutement-ti\/\",\"name\":\"Recrutement TI - Trouver un sp\u00e9cialiste | Present - Solutions & Services TI\",\"isPartOf\":{\"@id\":\"https:\/\/www.present.ca\/fr\/#website\"},\"datePublished\":\"2020-05-13T14:55:19+00:00\",\"dateModified\":\"2024-03-08T19:48:54+00:00\",\"description\":\"Quand le temps presse et que vous \u00eates d\u00e9bord\u00e9s par des projets TI qui prennent du retard, faites confiance aux experts en recrutement informatique chez Present.\",\"breadcrumb\":{\"@id\":\"https:\/\/www.present.ca\/fr\/solutions\/recrutement-ti\/#breadcrumb\"},\"inLanguage\":\"fr-FR\",\"potentialAction\":[{\"@type\":\"ReadAction\",\"target\":[\"https:\/\/www.present.ca\/fr\/solutions\/recrutement-ti\/\"]}]},{\"@type\":\"BreadcrumbList\",\"@id\":\"https:\/\/www.present.ca\/fr\/solutions\/recrutement-ti\/#breadcrumb\",\"itemListElement\":[{\"@type\":\"ListItem\",\"position\":1,\"name\":\"Accueil\",\"item\":\"https:\/\/www.present.ca\/fr\/\"},{\"@type\":\"ListItem\",\"position\":2,\"name\":\"Solutions\",\"item\":\"https:\/\/www.present.ca\/fr\/solutions\/\"},{\"@type\":\"ListItem\",\"position\":3,\"name\":\"Recrutement TI\"}]},{\"@type\":\"WebSite\",\"@id\":\"https:\/\/www.present.ca\/fr\/#website\",\"url\":\"https:\/\/www.present.ca\/fr\/\",\"name\":\"Present\",\"description\":\"Services G\u00e9r\u00e9s TI, S\u00e9curit\u00e9 G\u00e9r\u00e9e TI et Solutions de Cloud Hybride\",\"potentialAction\":[{\"@type\":\"SearchAction\",\"target\":{\"@type\":\"EntryPoint\",\"urlTemplate\":\"https:\/\/www.present.ca\/fr\/?s={search_term_string}\"},\"query-input\":\"required name=search_term_string\"}],\"inLanguage\":\"fr-FR\"}]}<\/script>\n<!-- \/ Yoast SEO plugin. -->","yoast_head_json":{"title":"Recrutement TI - Trouver un sp\u00e9cialiste | Present - Solutions & Services TI","description":"Quand le temps presse et que vous \u00eates d\u00e9bord\u00e9s par des projets TI qui prennent du retard, faites confiance aux experts en recrutement informatique chez Present.","robots":{"index":"index","follow":"follow","max-snippet":"max-snippet:-1","max-image-preview":"max-image-preview:large","max-video-preview":"max-video-preview:-1"},"canonical":"https:\/\/www.present.ca\/fr\/solutions\/recrutement-ti\/","og_locale":"fr_FR","og_type":"article","og_title":"Recrutement TI - Trouver un sp\u00e9cialiste | Present - Solutions & Services TI","og_description":"Quand le temps presse et que vous \u00eates d\u00e9bord\u00e9s par des projets TI qui prennent du retard, faites confiance aux experts en recrutement informatique chez Present.","og_url":"https:\/\/www.present.ca\/fr\/solutions\/recrutement-ti\/","og_site_name":"Present","article_modified_time":"2024-03-08T19:48:54+00:00","og_image":[{"width":1920,"height":693,"url":"https:\/\/www.present.ca\/wp-content\/uploads\/2020\/06\/recrutment-1920x693-1.jpg","type":"image\/jpeg"}],"twitter_card":"summary_large_image","twitter_misc":{"Dur\u00e9e de lecture estim\u00e9e":"3 minutes"},"schema":{"@context":"https:\/\/schema.org","@graph":[{"@type":"WebPage","@id":"https:\/\/www.present.ca\/fr\/solutions\/recrutement-ti\/","url":"https:\/\/www.present.ca\/fr\/solutions\/recrutement-ti\/","name":"Recrutement TI - Trouver un sp\u00e9cialiste | Present - Solutions & Services TI","isPartOf":{"@id":"https:\/\/www.present.ca\/fr\/#website"},"datePublished":"2020-05-13T14:55:19+00:00","dateModified":"2024-03-08T19:48:54+00:00","description":"Quand le temps presse et que vous \u00eates d\u00e9bord\u00e9s par des projets TI qui prennent du retard, faites confiance aux experts en recrutement informatique chez Present.","breadcrumb":{"@id":"https:\/\/www.present.ca\/fr\/solutions\/recrutement-ti\/#breadcrumb"},"inLanguage":"fr-FR","potentialAction":[{"@type":"ReadAction","target":["https:\/\/www.present.ca\/fr\/solutions\/recrutement-ti\/"]}]},{"@type":"BreadcrumbList","@id":"https:\/\/www.present.ca\/fr\/solutions\/recrutement-ti\/#breadcrumb","itemListElement":[{"@type":"ListItem","position":1,"name":"Accueil","item":"https:\/\/www.present.ca\/fr\/"},{"@type":"ListItem","position":2,"name":"Solutions","item":"https:\/\/www.present.ca\/fr\/solutions\/"},{"@type":"ListItem","position":3,"name":"Recrutement TI"}]},{"@type":"WebSite","@id":"https:\/\/www.present.ca\/fr\/#website","url":"https:\/\/www.present.ca\/fr\/","name":"Present","description":"Services G\u00e9r\u00e9s TI, S\u00e9curit\u00e9 G\u00e9r\u00e9e TI et Solutions de Cloud Hybride","potentialAction":[{"@type":"SearchAction","target":{"@type":"EntryPoint","urlTemplate":"https:\/\/www.present.ca\/fr\/?s={search_term_string}"},"query-input":"required name=search_term_string"}],"inLanguage":"fr-FR"}]}},"_links":{"self":[{"href":"https:\/\/www.present.ca\/fr\/wp-json\/wp\/v2\/pages\/18318"}],"collection":[{"href":"https:\/\/www.present.ca\/fr\/wp-json\/wp\/v2\/pages"}],"about":[{"href":"https:\/\/www.present.ca\/fr\/wp-json\/wp\/v2\/types\/page"}],"author":[{"embeddable":true,"href":"https:\/\/www.present.ca\/fr\/wp-json\/wp\/v2\/users\/3"}],"replies":[{"embeddable":true,"href":"https:\/\/www.present.ca\/fr\/wp-json\/wp\/v2\/comments?post=18318"}],"version-history":[{"count":4,"href":"https:\/\/www.present.ca\/fr\/wp-json\/wp\/v2\/pages\/18318\/revisions"}],"predecessor-version":[{"id":28401,"href":"https:\/\/www.present.ca\/fr\/wp-json\/wp\/v2\/pages\/18318\/revisions\/28401"}],"up":[{"embeddable":true,"href":"https:\/\/www.present.ca\/fr\/wp-json\/wp\/v2\/pages\/20177"}],"wp:featuredmedia":[{"embeddable":true,"href":"https:\/\/www.present.ca\/fr\/wp-json\/wp\/v2\/media\/20541"}],"wp:attachment":[{"href":"https:\/\/www.present.ca\/fr\/wp-json\/wp\/v2\/media?parent=18318"}],"curies":[{"name":"wp","href":"https:\/\/api.w.org\/{rel}","templated":true}]}}