{"id":18289,"date":"2020-05-13T08:56:59","date_gmt":"2020-05-13T12:56:59","guid":{"rendered":"https:\/\/www.present.ca\/solutions-dinfrastructure-t-i\/"},"modified":"2025-08-04T16:27:34","modified_gmt":"2025-08-04T20:27:34","slug":"infrastructure-ti","status":"publish","type":"page","link":"https:\/\/www.present.ca\/fr\/solutions\/infrastructure-ti\/","title":{"rendered":"Infrastructure TI"},"content":{"rendered":"<p>[vc_row][vc_column]<div id=\"ultimate-heading-33569fcbe0058136\" class=\"uvc-heading ult-adjust-bottom-margin ultimate-heading-33569fcbe0058136 uvc-3366 \" data-hspacer=\"no_spacer\"  data-halign=\"center\" style=\"text-align:center\"><div class=\"uvc-heading-spacer no_spacer\" style=\"top\"><\/div><div class=\"uvc-main-heading ult-responsive\"  data-ultimate-target='.uvc-heading.ultimate-heading-33569fcbe0058136 h2'  data-responsive-json-new='{\"font-size\":\"\",\"line-height\":\"\"}' ><h2 style=\"font-weight:normal;margin-top:10px;margin-bottom:25px;\">Donnez \u00e0 votre entreprise une infrastructure TI \u00e9volutive et s\u00e9curis\u00e9e<\/h2><\/div><\/div>[vc_column_text]L\u2019infrastructure TI pr\u00e9sente de nombreux d\u00e9fis : croissance des donn\u00e9es, continuit\u00e9 des activit\u00e9s, s\u00e9curit\u00e9, agilit\u00e9, efficacit\u00e9 et contr\u00f4le des co\u00fbts.<br \/>\nEt pendant ce temps, la pression pour livrer des solutions TI rapides et \u00e0 fort impact ne cesse d\u2019augmenter, m\u00eame avec des budgets r\u00e9duits.<\/p>\n<p>C\u2019est l\u00e0 que\u00a0<strong>Present<\/strong>\u00a0intervient. En tant que partenaire strat\u00e9gique et technique de confiance, nous vous aidons \u00e0 simplifier la complexit\u00e9 et \u00e0 avancer avec clart\u00e9. Que vous modernisiez, optimisiez ou b\u00e2tissiez une infrastructure \u00e0 partir de z\u00e9ro, nous proposons des solutions personnalis\u00e9es, align\u00e9es sur vos objectifs d\u2019affaires et vos r\u00e9alit\u00e9s budg\u00e9taires.[\/vc_column_text]<div id=\"ultimate-heading-878969fcbe0058181\" class=\"uvc-heading ult-adjust-bottom-margin ultimate-heading-878969fcbe0058181 uvc-5510 \" data-hspacer=\"no_spacer\"  data-halign=\"center\" style=\"text-align:center\"><div class=\"uvc-heading-spacer no_spacer\" style=\"top\"><\/div><div class=\"uvc-main-heading ult-responsive\"  data-ultimate-target='.uvc-heading.ultimate-heading-878969fcbe0058181 h2'  data-responsive-json-new='{\"font-size\":\"\",\"line-height\":\"\"}' ><h2 style=\"font-weight:normal;margin-top:10px;margin-bottom:25px;\">Pourquoi choisir Present?<\/h2><\/div><\/div>[\/vc_column][\/vc_row][vc_row][vc_column width=\u00a0\u00bb1\/12&Prime;][\/vc_column][vc_column width=\u00a0\u00bb1\/3&Prime;][vc_column_text]<\/p>\n<h4><strong>Nous acc\u00e9l\u00e9rons vos initiatives cl\u00e9s:<\/strong><\/h4>\n<ol>\n<li><strong>Des solutions sur mesure et de qualit\u00e9<\/strong><br \/>\nNous concevons des architectures \u00e9quilibr\u00e9es et rentables, adapt\u00e9es \u00e0 votre environnement.<\/li>\n<li><strong>Une expertise compl\u00e9mentaire \u00e0 la v\u00f4tre<\/strong><br \/>\nNotre \u00e9quipe apporte un savoir-faire de pointe qui renforce vos capacit\u00e9s internes.<\/li>\n<li><strong>Une ex\u00e9cution fluide des projets<\/strong><br \/>\nGr\u00e2ce \u00e0 une gestion de projet efficace, nous minimisons les risques, ma\u00eetrisons les co\u00fbts et respectons les \u00e9ch\u00e9ances.<\/li>\n<\/ol>\n<p>[\/vc_column_text][\/vc_column][vc_column width=\u00a0\u00bb2\/12&Prime;][\/vc_column][vc_column width=\u00a0\u00bb1\/3&Prime;][vc_column_text]<\/p>\n<h4 style=\"text-align: center;\">Nous contribuons \u00e0 votre succ\u00e8s :<\/h4>\n<ol>\n<li><strong>Une vision strat\u00e9gique au-del\u00e0 de la technologie<\/strong><br \/>\nNous abordons vos d\u00e9fis d\u2019affaires dans leur globalit\u00e9, au-del\u00e0 des aspects techniques.<\/li>\n<li><strong>Un engagement total<\/strong><br \/>\nNotre \u00e9quipe prend l\u2019enti\u00e8re responsabilit\u00e9 de votre projet et se mobilise pour votre r\u00e9ussite \u2014 c\u2019est ce qui nous distingue.<\/li>\n<li><strong>Un service exceptionnel gr\u00e2ce \u00e0 la communication<\/strong><br \/>\nNous privil\u00e9gions une communication claire et constante pour offrir une exp\u00e9rience client de classe mondiale.<\/li>\n<\/ol>\n<p>[\/vc_column_text][\/vc_column][vc_column width=\u00a0\u00bb1\/12&Prime;][\/vc_column][\/vc_row][vc_row][vc_column el_class=\u00a0\u00bbcenter\u00a0\u00bb]<div id=\"ultimate-heading-284269fcbe00581a8\" class=\"uvc-heading ult-adjust-bottom-margin ultimate-heading-284269fcbe00581a8 uvc-8335 \" data-hspacer=\"no_spacer\"  data-halign=\"center\" style=\"text-align:center\"><div class=\"uvc-heading-spacer no_spacer\" style=\"top\"><\/div><div class=\"uvc-main-heading ult-responsive\"  data-ultimate-target='.uvc-heading.ultimate-heading-284269fcbe00581a8 h2'  data-responsive-json-new='{\"font-size\":\"\",\"line-height\":\"\"}' ><h2 style=\"font-weight:normal;margin-top:10px;margin-bottom:25px;\">Nos solutions d'infrastructure TI<\/h2><\/div><\/div>[vc_basic_grid post_type=\u00a0\u00bbcustom\u00a0\u00bb element_width=\u00a0\u00bb3&Prime; item=\u00a0\u00bb18220&Prime; grid_id=\u00a0\u00bbvc_gid:1754338963712-ada1d0b3-2129-3&Prime; custom_query=\u00a0\u00bbpost_type=page&amp;posts_per_page=-1&amp;post_parent=18289&amp;order=ASC&amp;orderby=menu_order\u00a0\u00bb][\/vc_column][\/vc_row][vc_row][vc_column el_class=\u00a0\u00bbcenter\u00a0\u00bb]<div id=\"ultimate-heading-53069fcbe00581ca\" class=\"uvc-heading ult-adjust-bottom-margin ultimate-heading-53069fcbe00581ca uvc-7307 \" data-hspacer=\"no_spacer\"  data-halign=\"center\" style=\"text-align:center\"><div class=\"uvc-heading-spacer no_spacer\" style=\"top\"><\/div><div class=\"uvc-main-heading ult-responsive\"  data-ultimate-target='.uvc-heading.ultimate-heading-53069fcbe00581ca h2'  data-responsive-json-new='{\"font-size\":\"\",\"line-height\":\"\"}' ><h2 style=\"font-weight:normal;margin-top:10px;margin-bottom:25px;\">Nos partenaires en infrastructure TI<\/h2><\/div><\/div>[vc_basic_grid post_type=\u00a0\u00bbpartner\u00a0\u00bb max_items=\u00a0\u00bb-1&Prime; element_width=\u00a0\u00bb3&Prime; orderby=\u00a0\u00bbtitle\u00a0\u00bb order=\u00a0\u00bbASC\u00a0\u00bb item=\u00a0\u00bb17021&Prime; grid_id=\u00a0\u00bbvc_gid:1754338963712-e58bf5e2-3703-9&Prime; taxonomies=\u00a0\u00bb36&Prime; exclude=\u00a0\u00bb17690, 56, 17671, 575, 17688, 233, 17669, 725, 17670, 581, 18348, 17798, 17685, 241, 17681, 245, 13874, 13824, 18352, 17786, 17665, 4894, 17675, 255, 17668, 727, 17679&Prime;][\/vc_column][\/vc_row][vc_row][vc_column]<div id=\"ultimate-heading-250369fcbe00581e9\" class=\"uvc-heading ult-adjust-bottom-margin ultimate-heading-250369fcbe00581e9 uvc-1393 \" data-hspacer=\"no_spacer\"  data-halign=\"center\" style=\"text-align:center\"><div class=\"uvc-heading-spacer no_spacer\" style=\"top\"><\/div><div class=\"uvc-main-heading ult-responsive\"  data-ultimate-target='.uvc-heading.ultimate-heading-250369fcbe00581e9 h2'  data-responsive-json-new='{\"font-size\":\"\",\"line-height\":\"\"}' ><h2 style=\"font-weight:normal;margin-top:10px;margin-bottom:25px;\">\u00c9tudes de cas d'infrastructure TI<\/h2><\/div><\/div>[\/vc_column][\/vc_row][vc_row][vc_column width=\u00a0\u00bb1\/12&Prime;][\/vc_column][vc_column width=\u00a0\u00bb1\/3&Prime;][vc_column_text]<\/p>\n<p style=\"text-align: center;\"><a href=\"https:\/\/www.present.ca\/fr\/ressources\/etude-de-cas\/etude-de-cas-mise-a-niveau-de-linfrastructure-pour-prendre-en-charge-un-volume-eleve-de-transactions\/\"><img loading=\"lazy\" decoding=\"async\" class=\"aligncenter size-medium wp-image-16956\" src=\"https:\/\/www.present.ca\/wp-content\/uploads\/2020\/04\/Infrastructure-upgrade-to-support-high-volume-of-transactions-bnw-300x198.jpg\" alt=\"\" width=\"300\" height=\"198\" srcset=\"https:\/\/www.present.ca\/wp-content\/uploads\/2020\/04\/Infrastructure-upgrade-to-support-high-volume-of-transactions-bnw-300x198.jpg 300w, https:\/\/www.present.ca\/wp-content\/uploads\/2020\/04\/Infrastructure-upgrade-to-support-high-volume-of-transactions-bnw.jpg 561w\" sizes=\"auto, (max-width: 300px) 100vw, 300px\" \/><span style=\"color: #333333;\">\u00c9tude de cas: Mise \u00e0 niveau de l\u2019infrastructure pour prendre en charge un volume \u00e9lev\u00e9 de transactions<\/span><\/a><\/p>\n<p>[\/vc_column_text][\/vc_column][vc_column width=\u00a0\u00bb2\/12&Prime;][\/vc_column][vc_column width=\u00a0\u00bb1\/3&Prime;][vc_column_text]<\/p>\n<p style=\"text-align: center;\"><a href=\"https:\/\/www.present.ca\/fr\/ressources\/etude-de-cas\/etude-de-cas-solution-globale-de-protection-des-donnees\/\"><img loading=\"lazy\" decoding=\"async\" class=\"size-medium wp-image-16946 aligncenter\" src=\"https:\/\/www.present.ca\/wp-content\/uploads\/2020\/04\/Global_Data_protection_Solution-bnw-300x198.jpg\" alt=\"\" width=\"300\" height=\"198\" srcset=\"https:\/\/www.present.ca\/wp-content\/uploads\/2020\/04\/Global_Data_protection_Solution-bnw-300x198.jpg 300w, https:\/\/www.present.ca\/wp-content\/uploads\/2020\/04\/Global_Data_protection_Solution-bnw.jpg 561w\" sizes=\"auto, (max-width: 300px) 100vw, 300px\" \/><span style=\"color: #333333;\">\u00c9tude de cas: Solution globale de protection des donn\u00e9es<\/span><\/a><\/p>\n<p>[\/vc_column_text][\/vc_column][vc_column width=\u00a0\u00bb1\/12&Prime;][\/vc_column][\/vc_row][vc_row][vc_column][vc_column_text]<\/p>\n<h4 style=\"text-align: center;\"><strong>Cliquez ci-dessous pour d\u00e9couvrir nos livres blancs sur l&rsquo;infrastructure TI<\/strong><\/h4>\n<p>[\/vc_column_text][\/vc_column][\/vc_row][vc_row][vc_column width=\u00a0\u00bb1\/3&Prime;][vc_single_image image=\u00a0\u00bb20772&Prime; img_size=\u00a0\u00bbmedium\u00a0\u00bb alignment=\u00a0\u00bbcenter\u00a0\u00bb][vc_column_text]<\/p>\n<h4 style=\"text-align: center;\">R\u00e9ussir l\u2019implantation du travail \u00e0 distance<\/h4>\n<p>[\/vc_column_text]<div class=\" ubtn-ctn-center \"><a class=\"ubtn-link ult-adjust-bottom-margin ubtn-center ubtn-normal \" href=\"https:\/\/info.present.ca\/reussir-limplantation-du-travail-a-distance\" target=\"_blank\" rel=\"noopener\" ><button type=\"button\" id=\"ubtn-1323\"  class=\"ubtn ult-adjust-bottom-margin ult-responsive ubtn-normal ubtn-no-hover-bg  none  ubtn-center   tooltip-69fcbe005820e\"  data-hover=\"\" data-border-color=\"\" data-bg=\"#16a361\" data-hover-bg=\"\" data-border-hover=\"\" data-shadow-hover=\"\" data-shadow-click=\"none\" data-shadow=\"\" data-shd-shadow=\"\"  data-ultimate-target='#ubtn-1323'  data-responsive-json-new='{\"font-size\":\"\",\"line-height\":\"\"}'  style=\"font-weight:bold;border:none;background: #16a361;color: #ffffff;\"><span class=\"ubtn-hover\" style=\"background-color:\"><\/span><span class=\"ubtn-data ubtn-text \" >T\u00e9l\u00e9chargez le guide<\/span><\/button><\/a><\/div>[\/vc_column][vc_column width=\u00a0\u00bb1\/3&Prime;][vc_single_image image=\u00a0\u00bb21291&Prime; img_size=\u00a0\u00bbmedium\u00a0\u00bb alignment=\u00a0\u00bbcenter\u00a0\u00bb][vc_column_text]<\/p>\n<h4 style=\"text-align: center;\">Moderniser le centre de donn\u00e9es : un imp\u00e9ratif incontournable de la nouvelle \u00e9conomie<\/h4>\n<p>[\/vc_column_text]<div class=\" ubtn-ctn-center \"><a class=\"ubtn-link ult-adjust-bottom-margin ubtn-center ubtn-normal \" href=\"https:\/\/info.present.ca\/guide-comment-moderniser-centre-de-donnees\" target=\"_blank\" rel=\"noopener\" ><button type=\"button\" id=\"ubtn-3905\"  class=\"ubtn ult-adjust-bottom-margin ult-responsive ubtn-normal ubtn-no-hover-bg  none  ubtn-center   tooltip-69fcbe005824e\"  data-hover=\"\" data-border-color=\"\" data-bg=\"#16a361\" data-hover-bg=\"\" data-border-hover=\"\" data-shadow-hover=\"\" data-shadow-click=\"none\" data-shadow=\"\" data-shd-shadow=\"\"  data-ultimate-target='#ubtn-3905'  data-responsive-json-new='{\"font-size\":\"\",\"line-height\":\"\"}'  style=\"font-weight:bold;border:none;background: #16a361;color: #ffffff;\"><span class=\"ubtn-hover\" style=\"background-color:\"><\/span><span class=\"ubtn-data ubtn-text \" >T\u00e9l\u00e9chargez le guide<\/span><\/button><\/a><\/div>[\/vc_column][vc_column width=\u00a0\u00bb1\/3&Prime;][vc_single_image image=\u00a0\u00bb21294&Prime; img_size=\u00a0\u00bbmedium\u00a0\u00bb alignment=\u00a0\u00bbcenter\u00a0\u00bb][vc_column_text]<\/p>\n<h4 style=\"text-align: center;\">Protection des actifs d\u2019affaires: diminuer votre risque avec un plan de reprise apr\u00e8s d\u00e9sastre<\/h4>\n<p>[\/vc_column_text]<div class=\" ubtn-ctn-center \"><a class=\"ubtn-link ult-adjust-bottom-margin ubtn-center ubtn-normal \" href=\"https:\/\/info.present.ca\/guide-reprise-apres-desastre-et-protection-des-actifs?hsCtaTracking=f0b01803-1a8d-4c1a-a6db-36a4be35688d%7C41862ca9-5179-48a9-aa5d-d578cf1576f8\" target=\"_blank\" rel=\"noopener\" ><button type=\"button\" id=\"ubtn-4399\"  class=\"ubtn ult-adjust-bottom-margin ult-responsive ubtn-normal ubtn-no-hover-bg  none  ubtn-center   tooltip-69fcbe005827d\"  data-hover=\"\" data-border-color=\"\" data-bg=\"#16a361\" data-hover-bg=\"\" data-border-hover=\"\" data-shadow-hover=\"\" data-shadow-click=\"none\" data-shadow=\"\" data-shd-shadow=\"\"  data-ultimate-target='#ubtn-4399'  data-responsive-json-new='{\"font-size\":\"\",\"line-height\":\"\"}'  style=\"font-weight:bold;border:none;background: #16a361;color: #ffffff;\"><span class=\"ubtn-hover\" style=\"background-color:\"><\/span><span class=\"ubtn-data ubtn-text \" >T\u00e9l\u00e9chargez le guide<\/span><\/button><\/a><\/div>[\/vc_column][\/vc_row]<\/p>\n","protected":false},"excerpt":{"rendered":"<p>[vc_row][vc_column][vc_column_text]L\u2019infrastructure TI pr\u00e9sente de nombreux d\u00e9fis : croissance des donn\u00e9es, continuit\u00e9 des activit\u00e9s, s\u00e9curit\u00e9, agilit\u00e9, efficacit\u00e9 et contr\u00f4le des co\u00fbts. Et pendant ce temps, la pression pour livrer des solutions TI rapides et \u00e0 fort impact ne cesse d\u2019augmenter, m\u00eame avec des budgets r\u00e9duits. C\u2019est l\u00e0 que\u00a0Present\u00a0intervient. En tant que partenaire strat\u00e9gique et technique de [&#8230;]<\/p>\n","protected":false},"author":3,"featured_media":20537,"parent":20177,"menu_order":1,"comment_status":"closed","ping_status":"closed","template":"","meta":{"_acf_changed":false,"footnotes":"","_wp_rev_ctl_limit":""},"class_list":["post-18289","page","type-page","status-publish","has-post-thumbnail","hentry"],"acf":[],"yoast_head":"<!-- This site is optimized with the Yoast SEO plugin v27.3 - https:\/\/yoast.com\/product\/yoast-seo-wordpress\/ -->\n<title>Solutions d&#039;infrastructure TI | Present - Solutions &amp; Services TI | Montreal<\/title>\n<meta name=\"description\" content=\"L\u2019\u00e9quipe de Present peut vous soutenir strat\u00e9giquement et techniquement dans vos projets d\u2019optimisation, d\u2019acquisition ou d\u2019implantation d\u2019infrastructure.\" \/>\n<meta name=\"robots\" content=\"index, follow, max-snippet:-1, max-image-preview:large, max-video-preview:-1\" \/>\n<link rel=\"canonical\" href=\"https:\/\/www.present.ca\/fr\/solutions\/infrastructure-ti\/\" \/>\n<meta property=\"og:locale\" content=\"fr_FR\" \/>\n<meta property=\"og:type\" content=\"article\" \/>\n<meta property=\"og:title\" content=\"Solutions d&#039;infrastructure TI | Present - Solutions &amp; Services TI | Montreal\" \/>\n<meta property=\"og:description\" content=\"L\u2019\u00e9quipe de Present peut vous soutenir strat\u00e9giquement et techniquement dans vos projets d\u2019optimisation, d\u2019acquisition ou d\u2019implantation d\u2019infrastructure.\" \/>\n<meta property=\"og:url\" content=\"https:\/\/www.present.ca\/fr\/solutions\/infrastructure-ti\/\" \/>\n<meta property=\"og:site_name\" content=\"Present\" \/>\n<meta property=\"article:modified_time\" content=\"2025-08-04T20:27:34+00:00\" \/>\n<meta property=\"og:image\" content=\"https:\/\/www.present.ca\/wp-content\/uploads\/2020\/06\/server-room-1920x1226-1.jpg\" \/>\n\t<meta property=\"og:image:width\" content=\"1920\" \/>\n\t<meta property=\"og:image:height\" content=\"1226\" \/>\n\t<meta property=\"og:image:type\" content=\"image\/jpeg\" \/>\n<meta name=\"twitter:card\" content=\"summary_large_image\" \/>\n<meta name=\"twitter:label1\" content=\"Dur\u00e9e de lecture estim\u00e9e\" \/>\n\t<meta name=\"twitter:data1\" content=\"3 minutes\" \/>\n<script type=\"application\/ld+json\" class=\"yoast-schema-graph\">{\"@context\":\"https:\\\/\\\/schema.org\",\"@graph\":[{\"@type\":\"WebPage\",\"@id\":\"https:\\\/\\\/www.present.ca\\\/fr\\\/solutions\\\/infrastructure-ti\\\/\",\"url\":\"https:\\\/\\\/www.present.ca\\\/fr\\\/solutions\\\/infrastructure-ti\\\/\",\"name\":\"Solutions d'infrastructure TI | Present - Solutions & Services TI | Montreal\",\"isPartOf\":{\"@id\":\"https:\\\/\\\/www.present.ca\\\/fr\\\/#website\"},\"primaryImageOfPage\":{\"@id\":\"https:\\\/\\\/www.present.ca\\\/fr\\\/solutions\\\/infrastructure-ti\\\/#primaryimage\"},\"image\":{\"@id\":\"https:\\\/\\\/www.present.ca\\\/fr\\\/solutions\\\/infrastructure-ti\\\/#primaryimage\"},\"thumbnailUrl\":\"https:\\\/\\\/www.present.ca\\\/wp-content\\\/uploads\\\/2020\\\/06\\\/server-room-1920x1226-1.jpg\",\"datePublished\":\"2020-05-13T12:56:59+00:00\",\"dateModified\":\"2025-08-04T20:27:34+00:00\",\"description\":\"L\u2019\u00e9quipe de Present peut vous soutenir strat\u00e9giquement et techniquement dans vos projets d\u2019optimisation, d\u2019acquisition ou d\u2019implantation d\u2019infrastructure.\",\"breadcrumb\":{\"@id\":\"https:\\\/\\\/www.present.ca\\\/fr\\\/solutions\\\/infrastructure-ti\\\/#breadcrumb\"},\"inLanguage\":\"fr-FR\",\"potentialAction\":[{\"@type\":\"ReadAction\",\"target\":[\"https:\\\/\\\/www.present.ca\\\/fr\\\/solutions\\\/infrastructure-ti\\\/\"]}]},{\"@type\":\"ImageObject\",\"inLanguage\":\"fr-FR\",\"@id\":\"https:\\\/\\\/www.present.ca\\\/fr\\\/solutions\\\/infrastructure-ti\\\/#primaryimage\",\"url\":\"https:\\\/\\\/www.present.ca\\\/wp-content\\\/uploads\\\/2020\\\/06\\\/server-room-1920x1226-1.jpg\",\"contentUrl\":\"https:\\\/\\\/www.present.ca\\\/wp-content\\\/uploads\\\/2020\\\/06\\\/server-room-1920x1226-1.jpg\",\"width\":1920,\"height\":1226,\"caption\":\"Infrastructure TI\"},{\"@type\":\"BreadcrumbList\",\"@id\":\"https:\\\/\\\/www.present.ca\\\/fr\\\/solutions\\\/infrastructure-ti\\\/#breadcrumb\",\"itemListElement\":[{\"@type\":\"ListItem\",\"position\":1,\"name\":\"Accueil\",\"item\":\"https:\\\/\\\/www.present.ca\\\/fr\\\/\"},{\"@type\":\"ListItem\",\"position\":2,\"name\":\"Solutions\",\"item\":\"https:\\\/\\\/www.present.ca\\\/fr\\\/solutions\\\/\"},{\"@type\":\"ListItem\",\"position\":3,\"name\":\"Infrastructure TI\"}]},{\"@type\":\"WebSite\",\"@id\":\"https:\\\/\\\/www.present.ca\\\/fr\\\/#website\",\"url\":\"https:\\\/\\\/www.present.ca\\\/fr\\\/\",\"name\":\"Present\",\"description\":\"Services G\u00e9r\u00e9s TI, S\u00e9curit\u00e9 G\u00e9r\u00e9e TI et Solutions de Cloud Hybride\",\"potentialAction\":[{\"@type\":\"SearchAction\",\"target\":{\"@type\":\"EntryPoint\",\"urlTemplate\":\"https:\\\/\\\/www.present.ca\\\/fr\\\/?s={search_term_string}\"},\"query-input\":{\"@type\":\"PropertyValueSpecification\",\"valueRequired\":true,\"valueName\":\"search_term_string\"}}],\"inLanguage\":\"fr-FR\"}]}<\/script>\n<!-- \/ Yoast SEO plugin. -->","yoast_head_json":{"title":"Solutions d'infrastructure TI | Present - Solutions & Services TI | Montreal","description":"L\u2019\u00e9quipe de Present peut vous soutenir strat\u00e9giquement et techniquement dans vos projets d\u2019optimisation, d\u2019acquisition ou d\u2019implantation d\u2019infrastructure.","robots":{"index":"index","follow":"follow","max-snippet":"max-snippet:-1","max-image-preview":"max-image-preview:large","max-video-preview":"max-video-preview:-1"},"canonical":"https:\/\/www.present.ca\/fr\/solutions\/infrastructure-ti\/","og_locale":"fr_FR","og_type":"article","og_title":"Solutions d'infrastructure TI | Present - Solutions & Services TI | Montreal","og_description":"L\u2019\u00e9quipe de Present peut vous soutenir strat\u00e9giquement et techniquement dans vos projets d\u2019optimisation, d\u2019acquisition ou d\u2019implantation d\u2019infrastructure.","og_url":"https:\/\/www.present.ca\/fr\/solutions\/infrastructure-ti\/","og_site_name":"Present","article_modified_time":"2025-08-04T20:27:34+00:00","og_image":[{"width":1920,"height":1226,"url":"https:\/\/www.present.ca\/wp-content\/uploads\/2020\/06\/server-room-1920x1226-1.jpg","type":"image\/jpeg"}],"twitter_card":"summary_large_image","twitter_misc":{"Dur\u00e9e de lecture estim\u00e9e":"3 minutes"},"schema":{"@context":"https:\/\/schema.org","@graph":[{"@type":"WebPage","@id":"https:\/\/www.present.ca\/fr\/solutions\/infrastructure-ti\/","url":"https:\/\/www.present.ca\/fr\/solutions\/infrastructure-ti\/","name":"Solutions d'infrastructure TI | Present - Solutions & Services TI | Montreal","isPartOf":{"@id":"https:\/\/www.present.ca\/fr\/#website"},"primaryImageOfPage":{"@id":"https:\/\/www.present.ca\/fr\/solutions\/infrastructure-ti\/#primaryimage"},"image":{"@id":"https:\/\/www.present.ca\/fr\/solutions\/infrastructure-ti\/#primaryimage"},"thumbnailUrl":"https:\/\/www.present.ca\/wp-content\/uploads\/2020\/06\/server-room-1920x1226-1.jpg","datePublished":"2020-05-13T12:56:59+00:00","dateModified":"2025-08-04T20:27:34+00:00","description":"L\u2019\u00e9quipe de Present peut vous soutenir strat\u00e9giquement et techniquement dans vos projets d\u2019optimisation, d\u2019acquisition ou d\u2019implantation d\u2019infrastructure.","breadcrumb":{"@id":"https:\/\/www.present.ca\/fr\/solutions\/infrastructure-ti\/#breadcrumb"},"inLanguage":"fr-FR","potentialAction":[{"@type":"ReadAction","target":["https:\/\/www.present.ca\/fr\/solutions\/infrastructure-ti\/"]}]},{"@type":"ImageObject","inLanguage":"fr-FR","@id":"https:\/\/www.present.ca\/fr\/solutions\/infrastructure-ti\/#primaryimage","url":"https:\/\/www.present.ca\/wp-content\/uploads\/2020\/06\/server-room-1920x1226-1.jpg","contentUrl":"https:\/\/www.present.ca\/wp-content\/uploads\/2020\/06\/server-room-1920x1226-1.jpg","width":1920,"height":1226,"caption":"Infrastructure TI"},{"@type":"BreadcrumbList","@id":"https:\/\/www.present.ca\/fr\/solutions\/infrastructure-ti\/#breadcrumb","itemListElement":[{"@type":"ListItem","position":1,"name":"Accueil","item":"https:\/\/www.present.ca\/fr\/"},{"@type":"ListItem","position":2,"name":"Solutions","item":"https:\/\/www.present.ca\/fr\/solutions\/"},{"@type":"ListItem","position":3,"name":"Infrastructure TI"}]},{"@type":"WebSite","@id":"https:\/\/www.present.ca\/fr\/#website","url":"https:\/\/www.present.ca\/fr\/","name":"Present","description":"Services G\u00e9r\u00e9s TI, S\u00e9curit\u00e9 G\u00e9r\u00e9e TI et Solutions de Cloud Hybride","potentialAction":[{"@type":"SearchAction","target":{"@type":"EntryPoint","urlTemplate":"https:\/\/www.present.ca\/fr\/?s={search_term_string}"},"query-input":{"@type":"PropertyValueSpecification","valueRequired":true,"valueName":"search_term_string"}}],"inLanguage":"fr-FR"}]}},"_links":{"self":[{"href":"https:\/\/www.present.ca\/fr\/wp-json\/wp\/v2\/pages\/18289","targetHints":{"allow":["GET"]}}],"collection":[{"href":"https:\/\/www.present.ca\/fr\/wp-json\/wp\/v2\/pages"}],"about":[{"href":"https:\/\/www.present.ca\/fr\/wp-json\/wp\/v2\/types\/page"}],"author":[{"embeddable":true,"href":"https:\/\/www.present.ca\/fr\/wp-json\/wp\/v2\/users\/3"}],"replies":[{"embeddable":true,"href":"https:\/\/www.present.ca\/fr\/wp-json\/wp\/v2\/comments?post=18289"}],"version-history":[{"count":3,"href":"https:\/\/www.present.ca\/fr\/wp-json\/wp\/v2\/pages\/18289\/revisions"}],"predecessor-version":[{"id":21290,"href":"https:\/\/www.present.ca\/fr\/wp-json\/wp\/v2\/pages\/18289\/revisions\/21290"}],"up":[{"embeddable":true,"href":"https:\/\/www.present.ca\/fr\/wp-json\/wp\/v2\/pages\/20177"}],"wp:featuredmedia":[{"embeddable":true,"href":"https:\/\/www.present.ca\/fr\/wp-json\/wp\/v2\/media\/20537"}],"wp:attachment":[{"href":"https:\/\/www.present.ca\/fr\/wp-json\/wp\/v2\/media?parent=18289"}],"curies":[{"name":"wp","href":"https:\/\/api.w.org\/{rel}","templated":true}]}}