{"id":17694,"date":"2016-10-26T11:07:10","date_gmt":"2016-10-26T15:07:10","guid":{"rendered":"https:\/\/www.present.ca\/a-propos\/nouvelles-fr\/"},"modified":"2020-11-16T14:06:20","modified_gmt":"2020-11-16T19:06:20","slug":"nouvelles","status":"publish","type":"page","link":"https:\/\/www.present.ca\/fr\/a-propos\/nouvelles\/","title":{"rendered":"Nouvelles"},"content":{"rendered":"<p>[vc_row][vc_column]<div id=\"ultimate-heading-164169e01cc069aa1\" class=\"uvc-heading ult-adjust-bottom-margin ultimate-heading-164169e01cc069aa1 uvc-9861 cursive\" data-hspacer=\"no_spacer\"  data-halign=\"center\" style=\"text-align:center\"><div class=\"uvc-heading-spacer no_spacer\" style=\"top\"><\/div><div class=\"uvc-main-heading ult-responsive\"  data-ultimate-target='.uvc-heading.ultimate-heading-164169e01cc069aa1 h2'  data-responsive-json-new='{\"font-size\":\"\",\"line-height\":\"\"}' ><h2 style=\"font-weight:normal;\">Nouvelles<\/h2><\/div><div class=\"uvc-sub-heading ult-responsive\"  data-ultimate-target='.uvc-heading.ultimate-heading-164169e01cc069aa1 .uvc-sub-heading '  data-responsive-json-new='{\"font-size\":\"\",\"line-height\":\"\"}'  style=\"font-weight:normal;\">Soyez \u00e0 l&rsquo;aff\u00fbt des derni\u00e8res nouvelles sur Present!<\/div><\/div>[\/vc_column][\/vc_row][vc_row][vc_column][vc_basic_grid post_type=\u00a0\u00bbnews\u00a0\u00bb max_items=\u00a0\u00bb-1&Prime; style=\u00a0\u00bblazy\u00a0\u00bb items_per_page=\u00a0\u00bb4&Prime; element_width=\u00a0\u00bb3&Prime; item=\u00a0\u00bbbasicGrid_NoAnimation\u00a0\u00bb grid_id=\u00a0\u00bbvc_gid:1590008558561-94f5bab5-155b-7&Prime; el_class=\u00a0\u00bbnews-template-grid\u00a0\u00bb][\/vc_column][\/vc_row][vc_row][vc_column][\/vc_column][\/vc_row]<\/p>\n","protected":false},"excerpt":{"rendered":"<p>[vc_row][vc_column][\/vc_column][\/vc_row][vc_row][vc_column][vc_basic_grid post_type=\u00a0\u00bbnews\u00a0\u00bb max_items=\u00a0\u00bb-1&Prime; style=\u00a0\u00bblazy\u00a0\u00bb items_per_page=\u00a0\u00bb4&Prime; element_width=\u00a0\u00bb3&Prime; item=\u00a0\u00bbbasicGrid_NoAnimation\u00a0\u00bb grid_id=\u00a0\u00bbvc_gid:1590008558561-94f5bab5-155b-7&Prime; el_class=\u00a0\u00bbnews-template-grid\u00a0\u00bb][\/vc_column][\/vc_row][vc_row][vc_column][\/vc_column][\/vc_row]<\/p>\n","protected":false},"author":3,"featured_media":0,"parent":17624,"menu_order":3,"comment_status":"closed","ping_status":"closed","template":"","meta":{"_acf_changed":false,"footnotes":"","_wp_rev_ctl_limit":""},"class_list":["post-17694","page","type-page","status-publish","hentry"],"acf":[],"yoast_head":"<!-- This site is optimized with the Yoast SEO plugin v27.3 - https:\/\/yoast.com\/product\/yoast-seo-wordpress\/ -->\n<title>Nouvelles | Present - Solutions et Services TI | Montr\u00e9al, Toronto, Qu\u00e9bec<\/title>\n<meta name=\"description\" content=\"Derni\u00e8res nouvelles de Present. Soyez \u00e0 l&#039;aff\u00fbt de ce qui ce passe dans le monde des TI chez Present. Formations, certifications, publications et bien plus.\" \/>\n<meta name=\"robots\" content=\"index, follow, max-snippet:-1, max-image-preview:large, max-video-preview:-1\" \/>\n<link rel=\"canonical\" href=\"https:\/\/www.present.ca\/fr\/a-propos\/nouvelles\/\" \/>\n<meta property=\"og:locale\" content=\"fr_FR\" \/>\n<meta property=\"og:type\" content=\"article\" \/>\n<meta property=\"og:title\" content=\"Nouvelles | Present - Solutions et Services TI | Montr\u00e9al, Toronto, Qu\u00e9bec\" \/>\n<meta property=\"og:description\" content=\"Derni\u00e8res nouvelles de Present. Soyez \u00e0 l&#039;aff\u00fbt de ce qui ce passe dans le monde des TI chez Present. Formations, certifications, publications et bien plus.\" \/>\n<meta property=\"og:url\" content=\"https:\/\/www.present.ca\/fr\/a-propos\/nouvelles\/\" \/>\n<meta property=\"og:site_name\" content=\"Present\" \/>\n<meta property=\"article:modified_time\" content=\"2020-11-16T19:06:20+00:00\" \/>\n<meta name=\"twitter:card\" content=\"summary_large_image\" \/>\n<script type=\"application\/ld+json\" class=\"yoast-schema-graph\">{\"@context\":\"https:\\\/\\\/schema.org\",\"@graph\":[{\"@type\":\"WebPage\",\"@id\":\"https:\\\/\\\/www.present.ca\\\/fr\\\/a-propos\\\/nouvelles\\\/\",\"url\":\"https:\\\/\\\/www.present.ca\\\/fr\\\/a-propos\\\/nouvelles\\\/\",\"name\":\"Nouvelles | Present - Solutions et Services TI | Montr\u00e9al, Toronto, Qu\u00e9bec\",\"isPartOf\":{\"@id\":\"https:\\\/\\\/www.present.ca\\\/fr\\\/#website\"},\"datePublished\":\"2016-10-26T15:07:10+00:00\",\"dateModified\":\"2020-11-16T19:06:20+00:00\",\"description\":\"Derni\u00e8res nouvelles de Present. Soyez \u00e0 l'aff\u00fbt de ce qui ce passe dans le monde des TI chez Present. Formations, certifications, publications et bien plus.\",\"breadcrumb\":{\"@id\":\"https:\\\/\\\/www.present.ca\\\/fr\\\/a-propos\\\/nouvelles\\\/#breadcrumb\"},\"inLanguage\":\"fr-FR\",\"potentialAction\":[{\"@type\":\"ReadAction\",\"target\":[\"https:\\\/\\\/www.present.ca\\\/fr\\\/a-propos\\\/nouvelles\\\/\"]}]},{\"@type\":\"BreadcrumbList\",\"@id\":\"https:\\\/\\\/www.present.ca\\\/fr\\\/a-propos\\\/nouvelles\\\/#breadcrumb\",\"itemListElement\":[{\"@type\":\"ListItem\",\"position\":1,\"name\":\"Accueil\",\"item\":\"https:\\\/\\\/www.present.ca\\\/fr\\\/\"},{\"@type\":\"ListItem\",\"position\":2,\"name\":\"\u00c0 Propos\",\"item\":\"https:\\\/\\\/www.present.ca\\\/fr\\\/a-propos\\\/\"},{\"@type\":\"ListItem\",\"position\":3,\"name\":\"Nouvelles\"}]},{\"@type\":\"WebSite\",\"@id\":\"https:\\\/\\\/www.present.ca\\\/fr\\\/#website\",\"url\":\"https:\\\/\\\/www.present.ca\\\/fr\\\/\",\"name\":\"Present\",\"description\":\"Services G\u00e9r\u00e9s TI, S\u00e9curit\u00e9 G\u00e9r\u00e9e TI et Solutions de Cloud Hybride\",\"potentialAction\":[{\"@type\":\"SearchAction\",\"target\":{\"@type\":\"EntryPoint\",\"urlTemplate\":\"https:\\\/\\\/www.present.ca\\\/fr\\\/?s={search_term_string}\"},\"query-input\":{\"@type\":\"PropertyValueSpecification\",\"valueRequired\":true,\"valueName\":\"search_term_string\"}}],\"inLanguage\":\"fr-FR\"}]}<\/script>\n<!-- \/ Yoast SEO plugin. -->","yoast_head_json":{"title":"Nouvelles | Present - Solutions et Services TI | Montr\u00e9al, Toronto, Qu\u00e9bec","description":"Derni\u00e8res nouvelles de Present. Soyez \u00e0 l'aff\u00fbt de ce qui ce passe dans le monde des TI chez Present. Formations, certifications, publications et bien plus.","robots":{"index":"index","follow":"follow","max-snippet":"max-snippet:-1","max-image-preview":"max-image-preview:large","max-video-preview":"max-video-preview:-1"},"canonical":"https:\/\/www.present.ca\/fr\/a-propos\/nouvelles\/","og_locale":"fr_FR","og_type":"article","og_title":"Nouvelles | Present - Solutions et Services TI | Montr\u00e9al, Toronto, Qu\u00e9bec","og_description":"Derni\u00e8res nouvelles de Present. Soyez \u00e0 l'aff\u00fbt de ce qui ce passe dans le monde des TI chez Present. Formations, certifications, publications et bien plus.","og_url":"https:\/\/www.present.ca\/fr\/a-propos\/nouvelles\/","og_site_name":"Present","article_modified_time":"2020-11-16T19:06:20+00:00","twitter_card":"summary_large_image","schema":{"@context":"https:\/\/schema.org","@graph":[{"@type":"WebPage","@id":"https:\/\/www.present.ca\/fr\/a-propos\/nouvelles\/","url":"https:\/\/www.present.ca\/fr\/a-propos\/nouvelles\/","name":"Nouvelles | Present - Solutions et Services TI | Montr\u00e9al, Toronto, Qu\u00e9bec","isPartOf":{"@id":"https:\/\/www.present.ca\/fr\/#website"},"datePublished":"2016-10-26T15:07:10+00:00","dateModified":"2020-11-16T19:06:20+00:00","description":"Derni\u00e8res nouvelles de Present. Soyez \u00e0 l'aff\u00fbt de ce qui ce passe dans le monde des TI chez Present. Formations, certifications, publications et bien plus.","breadcrumb":{"@id":"https:\/\/www.present.ca\/fr\/a-propos\/nouvelles\/#breadcrumb"},"inLanguage":"fr-FR","potentialAction":[{"@type":"ReadAction","target":["https:\/\/www.present.ca\/fr\/a-propos\/nouvelles\/"]}]},{"@type":"BreadcrumbList","@id":"https:\/\/www.present.ca\/fr\/a-propos\/nouvelles\/#breadcrumb","itemListElement":[{"@type":"ListItem","position":1,"name":"Accueil","item":"https:\/\/www.present.ca\/fr\/"},{"@type":"ListItem","position":2,"name":"\u00c0 Propos","item":"https:\/\/www.present.ca\/fr\/a-propos\/"},{"@type":"ListItem","position":3,"name":"Nouvelles"}]},{"@type":"WebSite","@id":"https:\/\/www.present.ca\/fr\/#website","url":"https:\/\/www.present.ca\/fr\/","name":"Present","description":"Services G\u00e9r\u00e9s TI, S\u00e9curit\u00e9 G\u00e9r\u00e9e TI et Solutions de Cloud Hybride","potentialAction":[{"@type":"SearchAction","target":{"@type":"EntryPoint","urlTemplate":"https:\/\/www.present.ca\/fr\/?s={search_term_string}"},"query-input":{"@type":"PropertyValueSpecification","valueRequired":true,"valueName":"search_term_string"}}],"inLanguage":"fr-FR"}]}},"_links":{"self":[{"href":"https:\/\/www.present.ca\/fr\/wp-json\/wp\/v2\/pages\/17694","targetHints":{"allow":["GET"]}}],"collection":[{"href":"https:\/\/www.present.ca\/fr\/wp-json\/wp\/v2\/pages"}],"about":[{"href":"https:\/\/www.present.ca\/fr\/wp-json\/wp\/v2\/types\/page"}],"author":[{"embeddable":true,"href":"https:\/\/www.present.ca\/fr\/wp-json\/wp\/v2\/users\/3"}],"replies":[{"embeddable":true,"href":"https:\/\/www.present.ca\/fr\/wp-json\/wp\/v2\/comments?post=17694"}],"version-history":[{"count":1,"href":"https:\/\/www.present.ca\/fr\/wp-json\/wp\/v2\/pages\/17694\/revisions"}],"predecessor-version":[{"id":21488,"href":"https:\/\/www.present.ca\/fr\/wp-json\/wp\/v2\/pages\/17694\/revisions\/21488"}],"up":[{"embeddable":true,"href":"https:\/\/www.present.ca\/fr\/wp-json\/wp\/v2\/pages\/17624"}],"wp:attachment":[{"href":"https:\/\/www.present.ca\/fr\/wp-json\/wp\/v2\/media?parent=17694"}],"curies":[{"name":"wp","href":"https:\/\/api.w.org\/{rel}","templated":true}]}}