{"id":17624,"date":"2016-09-07T09:46:28","date_gmt":"2016-09-07T13:46:28","guid":{"rendered":"https:\/\/www.present.ca\/a-propos-2\/"},"modified":"2024-01-05T12:44:11","modified_gmt":"2024-01-05T17:44:11","slug":"a-propos","status":"publish","type":"page","link":"https:\/\/www.present.ca\/fr\/a-propos\/","title":{"rendered":"\u00c0 Propos"},"content":{"rendered":"<p>[vc_row full_width=\u00a0\u00bbstretch_row_content\u00a0\u00bb css=\u00a0\u00bb.vc_custom_1587406956249{margin-bottom: 20px !important;}\u00a0\u00bb][vc_column]<div id=\"ultimate-heading-866369fec5aeb8628\" class=\"uvc-heading ult-adjust-bottom-margin ultimate-heading-866369fec5aeb8628 uvc-5536 \" data-hspacer=\"no_spacer\"  data-halign=\"center\" style=\"text-align:center\"><div class=\"uvc-heading-spacer no_spacer\" style=\"top\"><\/div><div class=\"uvc-main-heading ult-responsive\"  data-ultimate-target='.uvc-heading.ultimate-heading-866369fec5aeb8628 h2'  data-responsive-json-new='{\"font-size\":\"\",\"line-height\":\"\"}' ><h2 style=\"font-weight:normal;\">Chez Present, nous sommes motiv\u00e9s par votre succ\u00e8s<\/h2><\/div><\/div>[\/vc_column][\/vc_row][vc_row][vc_column][vc_column_text]Notre mission est de travailler avec des entreprises de diff\u00e9rentes tailles pour gagner en leadership en fournissant des approches technologiques innovantes et des solutions qui offrent une r\u00e9elle valeur.<\/p>\n<p>Au cours de nos 30 ann\u00e9es d&rsquo;activit\u00e9, nous avons adapt\u00e9 notre offre pour r\u00e9pondre aux exigences TI difficiles des entreprises et, plus important encore, nous travaillons avec des informaticiens pour fournir plus, gagner du temps et r\u00e9duire le stress pour une vie plus \u00e9quilibr\u00e9e.<\/p>\n<p>Gr\u00e2ce \u00e0 nos centres d&rsquo;expertise, nous fournissons des solutions TI agiles qui r\u00e9pondent aux demandes commerciales rapides et \u00e9volutives et lib\u00e8rent les employ\u00e9s afin qu&rsquo;ils puissent travailler sur des projets importants pour l&rsquo;entreprise.[\/vc_column_text][vc_video link=\u00a0\u00bbhttps:\/\/www.youtube.com\/watch?v=8mbDaPycpco\u00a0\u00bb align=\u00a0\u00bbcenter\u00a0\u00bb][\/vc_column][\/vc_row][vc_row full_width=\u00a0\u00bbstretch_row_content\u00a0\u00bb content_placement=\u00a0\u00bbmiddle\u00a0\u00bb bg_type=\u00a0\u00bbbg_color\u00a0\u00bb bg_override=\u00a0\u00bbex-full\u00a0\u00bb el_class=\u00a0\u00bbtilt-neg-3-deg\u00a0\u00bb][vc_column]<div id=\"ultimate-heading-717269fec5aeb86a2\" class=\"uvc-heading ult-adjust-bottom-margin ultimate-heading-717269fec5aeb86a2 uvc-6020 \" data-hspacer=\"no_spacer\"  data-halign=\"center\" style=\"text-align:center\"><div class=\"uvc-heading-spacer no_spacer\" style=\"top\"><\/div><div class=\"uvc-main-heading ult-responsive\"  data-ultimate-target='.uvc-heading.ultimate-heading-717269fec5aeb86a2 h3'  data-responsive-json-new='{\"font-size\":\"\",\"line-height\":\"\"}' ><h3 style=\"font-weight:normal;margin-top:10px;\">O\u00f9 \u00e9tiez-vous en 1990?<\/h3><\/div><div class=\"uvc-sub-heading ult-responsive\"  data-ultimate-target='.uvc-heading.ultimate-heading-717269fec5aeb86a2 .uvc-sub-heading '  data-responsive-json-new='{\"font-size\":\"\",\"line-height\":\"\"}'  style=\"font-weight:normal;\"><\/p>\n<h5>Venez jeter un \u0153il \u00e0 notre chronologie.<\/h5>\n<p><\/div><\/div><div class=\" vc_custom_1589564349348 ubtn-ctn-center \"><a class=\"ubtn-link ult-adjust-bottom-margin ubtn-center ubtn-large \" href=\"\/fr\/a-propos\/chronologie\/\" title=\"Chronologie\" ><button type=\"button\" id=\"ubtn-1917\"  class=\"ubtn ult-adjust-bottom-margin ult-responsive ubtn-large ubtn-fade-bg  none  ubtn-center   tooltip-69fec5aeb86fb\"  data-hover=\"#ffffff\" data-border-color=\"#ffffff\" data-bg=\"#ffffff\" data-hover-bg=\"#000000\" data-border-hover=\"#ffffff\" data-shadow-hover=\"\" data-shadow-click=\"none\" data-shadow=\"\" data-shd-shadow=\"\"  data-ultimate-target='#ubtn-1917'  data-responsive-json-new='{\"font-size\":\"desktop:18px;\",\"line-height\":\"\"}'  style=\"font-weight:bold;border-radius:5px;border-width:3px;border-color:#ffffff;border-style:solid;background: #ffffff;color: #16a361;\"><span class=\"ubtn-hover\" style=\"background-color:#000000\"><\/span><span class=\"ubtn-data ubtn-text \" >Allons-y<\/span><\/button><\/a><\/div>[\/vc_column][\/vc_row][vc_row css=\u00a0\u00bb.vc_custom_1587406464190{margin-bottom: 120px !important;}\u00a0\u00bb][vc_column][vc_column_text]<\/p>\n<h2 style=\"text-align: center;\"><a href=\"https:\/\/www.present.ca\/fr\/a-propos\/faire-carriere-chez-present\/\">Pourquoi choisir de travailler avec Present?<\/a><\/h2>\n<h5><strong>Conseiller de confiance<\/strong><\/h5>\n<p>Nous r\u00e9pondons non seulement aux besoins du projet actuel, mais nos experts travaillent aussi en continu pour maximiser vos TI et vos ressources, en plus de vous conseiller quant \u00e0 l&rsquo;\u00e9volution technologique de votre entreprise.<\/p>\n<p>&nbsp;<\/p>\n<h5><strong>Expertise<\/strong><\/h5>\n<p>La certitude que vous avez les meilleures solutions TI gr\u00e2ce \u00e0 nos experts, form\u00e9s, certifi\u00e9s avec l\u2019exp\u00e9rience de multiples environnements client.<\/p>\n<p>&nbsp;<\/p>\n<h5><strong>Innovation<\/strong><\/h5>\n<p>Nous travaillons sur les d\u00e9fis fondamentaux des TI, comme r\u00e9pondre aux besoins de toutes les applications d\u2019affaires, d\u00e9ployer plus rapidement de nouvelles applications, mettre \u00e0 l\u2019\u00e9chelle les applications pour offrir une meilleure performance, r\u00e9duire les co\u00fbts des TI et lib\u00e9rer les ressources pour aider les entreprises \u00e0 se concentrer sur des produits et des services novateurs.<\/p>\n<p>&nbsp;<\/p>\n<h5><strong>Tranquillit\u00e9 d&rsquo;esprit<\/strong><\/h5>\n<p>Les promesses et attentes livr\u00e9es, dans les temps, dans le budget avec toutes les composantes du projet respect\u00e9es.<\/p>\n<p>&nbsp;<\/p>\n<h5><strong>Prise en charge<\/strong><\/h5>\n<p>On s\u2019occupe de tout\u00a0: veille technologique, renouvellements et garanties, promotions et liens avec les manufacturiers.<\/p>\n<p>&nbsp;<\/p>\n<h5><strong>Exp\u00e9rience unique<\/strong><\/h5>\n<p>Notre entreprise est ax\u00e9e sur le client et nous en sommes fiers. Nous faisons tous les efforts n\u00e9cessaires pour offrir une exp\u00e9rience client de classe mondiale, rien de moins. Nous sondons votre satisfaction \u00e0 chacun des projets et le r\u00e9sultat est un taux de satisfaction globale de 96.7 %.[\/vc_column_text][\/vc_column][\/vc_row][vc_row content_placement=\u00a0\u00bbmiddle\u00a0\u00bb el_class=\u00a0\u00bbcontent-fond\u00a0\u00bb css=\u00a0\u00bb.vc_custom_1587128445260{margin-top: 0px !important;margin-right: 15px !important;margin-left: 15px !important;}\u00a0\u00bb][vc_column css=\u00a0\u00bb.vc_custom_1559142938294{margin-bottom: 50px !important;}\u00a0\u00bb]<div id=\"ultimate-heading-226869fec5aeb876b\" class=\"uvc-heading ult-adjust-bottom-margin ultimate-heading-226869fec5aeb876b uvc-1705 \" data-hspacer=\"no_spacer\"  data-halign=\"center\" style=\"text-align:center\"><div class=\"uvc-heading-spacer no_spacer\" style=\"top\"><\/div><div class=\"uvc-main-heading ult-responsive\"  data-ultimate-target='.uvc-heading.ultimate-heading-226869fec5aeb876b h3'  data-responsive-json-new='{\"font-size\":\"\",\"line-height\":\"\"}' ><h3 style=\"font-weight:normal;\">Jetez un \u0153il \u00e0 notre \u00e9quipe de direction<\/h3><\/div><div class=\"uvc-sub-heading ult-responsive\"  data-ultimate-target='.uvc-heading.ultimate-heading-226869fec5aeb876b .uvc-sub-heading '  data-responsive-json-new='{\"font-size\":\"\",\"line-height\":\"\"}'  style=\"font-weight:normal;\"><a class=\"bouton\" href=\"\/fr\/a-propos\/equipe-de-gestion\/\">D\u00e9couvrez notre \u00e9quipe<\/a><br \/>\n<\/div><\/div>[\/vc_column][\/vc_row]<\/p>\n","protected":false},"excerpt":{"rendered":"<p>[vc_row full_width=\u00a0\u00bbstretch_row_content\u00a0\u00bb css=\u00a0\u00bb.vc_custom_1587406956249{margin-bottom: 20px !important;}\u00a0\u00bb][vc_column][\/vc_column][\/vc_row][vc_row][vc_column][vc_column_text]Notre mission est de travailler avec des entreprises de diff\u00e9rentes tailles pour gagner en leadership en fournissant des approches technologiques innovantes et des solutions qui offrent une r\u00e9elle valeur. Au cours de nos 30 ann\u00e9es d&rsquo;activit\u00e9, nous avons adapt\u00e9 notre offre pour r\u00e9pondre aux exigences TI difficiles des entreprises et, plus [&#8230;]<\/p>\n","protected":false},"author":3,"featured_media":0,"parent":0,"menu_order":4,"comment_status":"closed","ping_status":"closed","template":"","meta":{"_acf_changed":false,"footnotes":"","_wp_rev_ctl_limit":""},"class_list":["post-17624","page","type-page","status-publish","hentry"],"acf":[],"yoast_head":"<!-- This site is optimized with the Yoast SEO plugin v27.3 - https:\/\/yoast.com\/product\/yoast-seo-wordpress\/ -->\n<title>\u00c0 propos de Present | Present - Solutions T.I. et services | Montr\u00e9al, Toronto<\/title>\n<meta name=\"description\" content=\"Chez Present, nous sommes motiv\u00e9s par votre succ\u00e8s. Notre mission est de travailler avec des entreprises de diff\u00e9rentes tailles pour gagner en leadership en fournissant des approches technologiques innovantes et des solutions informatiques qui offrent une r\u00e9elle valeur. Nous sommes fiers d&#039;\u00eatre centr\u00e9s sur le client et ferons tout notre possible pour offrir une exp\u00e9rience client de classe mondiale.\" \/>\n<meta name=\"robots\" content=\"index, follow, max-snippet:-1, max-image-preview:large, max-video-preview:-1\" \/>\n<link rel=\"canonical\" href=\"https:\/\/www.present.ca\/fr\/a-propos\/\" \/>\n<meta property=\"og:locale\" content=\"fr_FR\" \/>\n<meta property=\"og:type\" content=\"article\" \/>\n<meta property=\"og:title\" content=\"\u00c0 propos de Present | Present - Solutions T.I. et services | Montr\u00e9al, Toronto\" \/>\n<meta property=\"og:description\" content=\"Chez Present, nous sommes motiv\u00e9s par votre succ\u00e8s. Notre mission est de travailler avec des entreprises de diff\u00e9rentes tailles pour gagner en leadership en fournissant des approches technologiques innovantes et des solutions informatiques qui offrent une r\u00e9elle valeur. Nous sommes fiers d&#039;\u00eatre centr\u00e9s sur le client et ferons tout notre possible pour offrir une exp\u00e9rience client de classe mondiale.\" \/>\n<meta property=\"og:url\" content=\"https:\/\/www.present.ca\/fr\/a-propos\/\" \/>\n<meta property=\"og:site_name\" content=\"Present\" \/>\n<meta property=\"article:modified_time\" content=\"2024-01-05T17:44:11+00:00\" \/>\n<meta name=\"twitter:card\" content=\"summary_large_image\" \/>\n<meta name=\"twitter:label1\" content=\"Dur\u00e9e de lecture estim\u00e9e\" \/>\n\t<meta name=\"twitter:data1\" content=\"2 minutes\" \/>\n<script type=\"application\/ld+json\" class=\"yoast-schema-graph\">{\"@context\":\"https:\\\/\\\/schema.org\",\"@graph\":[{\"@type\":\"WebPage\",\"@id\":\"https:\\\/\\\/www.present.ca\\\/fr\\\/a-propos\\\/\",\"url\":\"https:\\\/\\\/www.present.ca\\\/fr\\\/a-propos\\\/\",\"name\":\"\u00c0 propos de Present | Present - Solutions T.I. et services | Montr\u00e9al, Toronto\",\"isPartOf\":{\"@id\":\"https:\\\/\\\/www.present.ca\\\/fr\\\/#website\"},\"datePublished\":\"2016-09-07T13:46:28+00:00\",\"dateModified\":\"2024-01-05T17:44:11+00:00\",\"description\":\"Chez Present, nous sommes motiv\u00e9s par votre succ\u00e8s. Notre mission est de travailler avec des entreprises de diff\u00e9rentes tailles pour gagner en leadership en fournissant des approches technologiques innovantes et des solutions informatiques qui offrent une r\u00e9elle valeur. Nous sommes fiers d'\u00eatre centr\u00e9s sur le client et ferons tout notre possible pour offrir une exp\u00e9rience client de classe mondiale.\",\"breadcrumb\":{\"@id\":\"https:\\\/\\\/www.present.ca\\\/fr\\\/a-propos\\\/#breadcrumb\"},\"inLanguage\":\"fr-FR\",\"potentialAction\":[{\"@type\":\"ReadAction\",\"target\":[\"https:\\\/\\\/www.present.ca\\\/fr\\\/a-propos\\\/\"]}]},{\"@type\":\"BreadcrumbList\",\"@id\":\"https:\\\/\\\/www.present.ca\\\/fr\\\/a-propos\\\/#breadcrumb\",\"itemListElement\":[{\"@type\":\"ListItem\",\"position\":1,\"name\":\"Accueil\",\"item\":\"https:\\\/\\\/www.present.ca\\\/fr\\\/\"},{\"@type\":\"ListItem\",\"position\":2,\"name\":\"\u00c0 Propos\"}]},{\"@type\":\"WebSite\",\"@id\":\"https:\\\/\\\/www.present.ca\\\/fr\\\/#website\",\"url\":\"https:\\\/\\\/www.present.ca\\\/fr\\\/\",\"name\":\"Present\",\"description\":\"Services G\u00e9r\u00e9s TI, S\u00e9curit\u00e9 G\u00e9r\u00e9e TI et Solutions de Cloud Hybride\",\"potentialAction\":[{\"@type\":\"SearchAction\",\"target\":{\"@type\":\"EntryPoint\",\"urlTemplate\":\"https:\\\/\\\/www.present.ca\\\/fr\\\/?s={search_term_string}\"},\"query-input\":{\"@type\":\"PropertyValueSpecification\",\"valueRequired\":true,\"valueName\":\"search_term_string\"}}],\"inLanguage\":\"fr-FR\"}]}<\/script>\n<!-- \/ Yoast SEO plugin. -->","yoast_head_json":{"title":"\u00c0 propos de Present | Present - Solutions T.I. et services | Montr\u00e9al, Toronto","description":"Chez Present, nous sommes motiv\u00e9s par votre succ\u00e8s. Notre mission est de travailler avec des entreprises de diff\u00e9rentes tailles pour gagner en leadership en fournissant des approches technologiques innovantes et des solutions informatiques qui offrent une r\u00e9elle valeur. Nous sommes fiers d'\u00eatre centr\u00e9s sur le client et ferons tout notre possible pour offrir une exp\u00e9rience client de classe mondiale.","robots":{"index":"index","follow":"follow","max-snippet":"max-snippet:-1","max-image-preview":"max-image-preview:large","max-video-preview":"max-video-preview:-1"},"canonical":"https:\/\/www.present.ca\/fr\/a-propos\/","og_locale":"fr_FR","og_type":"article","og_title":"\u00c0 propos de Present | Present - Solutions T.I. et services | Montr\u00e9al, Toronto","og_description":"Chez Present, nous sommes motiv\u00e9s par votre succ\u00e8s. Notre mission est de travailler avec des entreprises de diff\u00e9rentes tailles pour gagner en leadership en fournissant des approches technologiques innovantes et des solutions informatiques qui offrent une r\u00e9elle valeur. Nous sommes fiers d'\u00eatre centr\u00e9s sur le client et ferons tout notre possible pour offrir une exp\u00e9rience client de classe mondiale.","og_url":"https:\/\/www.present.ca\/fr\/a-propos\/","og_site_name":"Present","article_modified_time":"2024-01-05T17:44:11+00:00","twitter_card":"summary_large_image","twitter_misc":{"Dur\u00e9e de lecture estim\u00e9e":"2 minutes"},"schema":{"@context":"https:\/\/schema.org","@graph":[{"@type":"WebPage","@id":"https:\/\/www.present.ca\/fr\/a-propos\/","url":"https:\/\/www.present.ca\/fr\/a-propos\/","name":"\u00c0 propos de Present | Present - Solutions T.I. et services | Montr\u00e9al, Toronto","isPartOf":{"@id":"https:\/\/www.present.ca\/fr\/#website"},"datePublished":"2016-09-07T13:46:28+00:00","dateModified":"2024-01-05T17:44:11+00:00","description":"Chez Present, nous sommes motiv\u00e9s par votre succ\u00e8s. Notre mission est de travailler avec des entreprises de diff\u00e9rentes tailles pour gagner en leadership en fournissant des approches technologiques innovantes et des solutions informatiques qui offrent une r\u00e9elle valeur. Nous sommes fiers d'\u00eatre centr\u00e9s sur le client et ferons tout notre possible pour offrir une exp\u00e9rience client de classe mondiale.","breadcrumb":{"@id":"https:\/\/www.present.ca\/fr\/a-propos\/#breadcrumb"},"inLanguage":"fr-FR","potentialAction":[{"@type":"ReadAction","target":["https:\/\/www.present.ca\/fr\/a-propos\/"]}]},{"@type":"BreadcrumbList","@id":"https:\/\/www.present.ca\/fr\/a-propos\/#breadcrumb","itemListElement":[{"@type":"ListItem","position":1,"name":"Accueil","item":"https:\/\/www.present.ca\/fr\/"},{"@type":"ListItem","position":2,"name":"\u00c0 Propos"}]},{"@type":"WebSite","@id":"https:\/\/www.present.ca\/fr\/#website","url":"https:\/\/www.present.ca\/fr\/","name":"Present","description":"Services G\u00e9r\u00e9s TI, S\u00e9curit\u00e9 G\u00e9r\u00e9e TI et Solutions de Cloud Hybride","potentialAction":[{"@type":"SearchAction","target":{"@type":"EntryPoint","urlTemplate":"https:\/\/www.present.ca\/fr\/?s={search_term_string}"},"query-input":{"@type":"PropertyValueSpecification","valueRequired":true,"valueName":"search_term_string"}}],"inLanguage":"fr-FR"}]}},"_links":{"self":[{"href":"https:\/\/www.present.ca\/fr\/wp-json\/wp\/v2\/pages\/17624","targetHints":{"allow":["GET"]}}],"collection":[{"href":"https:\/\/www.present.ca\/fr\/wp-json\/wp\/v2\/pages"}],"about":[{"href":"https:\/\/www.present.ca\/fr\/wp-json\/wp\/v2\/types\/page"}],"author":[{"embeddable":true,"href":"https:\/\/www.present.ca\/fr\/wp-json\/wp\/v2\/users\/3"}],"replies":[{"embeddable":true,"href":"https:\/\/www.present.ca\/fr\/wp-json\/wp\/v2\/comments?post=17624"}],"version-history":[{"count":4,"href":"https:\/\/www.present.ca\/fr\/wp-json\/wp\/v2\/pages\/17624\/revisions"}],"predecessor-version":[{"id":27901,"href":"https:\/\/www.present.ca\/fr\/wp-json\/wp\/v2\/pages\/17624\/revisions\/27901"}],"wp:attachment":[{"href":"https:\/\/www.present.ca\/fr\/wp-json\/wp\/v2\/media?parent=17624"}],"curies":[{"name":"wp","href":"https:\/\/api.w.org\/{rel}","templated":true}]}}