{"id":17620,"date":"2016-09-08T14:13:00","date_gmt":"2016-09-08T18:13:00","guid":{"rendered":"https:\/\/www.present.ca\/contactez-present\/"},"modified":"2024-02-19T11:26:48","modified_gmt":"2024-02-19T16:26:48","slug":"contactez-present","status":"publish","type":"page","link":"https:\/\/www.present.ca\/fr\/contactez-present\/","title":{"rendered":"Contactez Present"},"content":{"rendered":"<p>[vc_row full_width=\u00a0\u00bbstretch_row_content\u00a0\u00bb equal_height=\u00a0\u00bbyes\u00a0\u00bb content_placement=\u00a0\u00bbtop\u00a0\u00bb bg_type=\u00a0\u00bbimage\u00a0\u00bb css=\u00a0\u00bb.vc_custom_1619803132708{background-position: 0 0 !important;background-repeat: no-repeat !important;}\u00a0\u00bb][vc_column width=\u00a0\u00bb1\/2&Prime;][vc_row_inner][vc_column_inner width=\u00a0\u00bb1\/6&Prime;][\/vc_column_inner][vc_column_inner width=\u00a0\u00bb5\/6&Prime;]<div id=\"ultimate-heading-316169eee42aaa2cf\" class=\"uvc-heading ult-adjust-bottom-margin ultimate-heading-316169eee42aaa2cf uvc-4361 \" data-hspacer=\"no_spacer\"  data-halign=\"center\" style=\"text-align:center\"><div class=\"uvc-heading-spacer no_spacer\" style=\"top\"><\/div><div class=\"uvc-main-heading ult-responsive\"  data-ultimate-target='.uvc-heading.ultimate-heading-316169eee42aaa2cf h2'  data-responsive-json-new='{\"font-size\":\"\",\"line-height\":\"\"}' ><h2 style=\"font-weight:normal;margin-bottom:30px;\">Nos experts sont l\u00e0 POUR VOUS!<\/h2><\/div><\/div>\n<div class=\"wpcf7 no-js\" id=\"wpcf7-f18392-o1\" lang=\"en-CA\" dir=\"ltr\" data-wpcf7-id=\"18392\">\n<div class=\"screen-reader-response\"><p role=\"status\" aria-live=\"polite\" aria-atomic=\"true\"><\/p> <ul><\/ul><\/div>\n<form action=\"\/fr\/wp-json\/wp\/v2\/pages\/17620#wpcf7-f18392-o1\" method=\"post\" class=\"wpcf7-form init\" aria-label=\"Contact form\" novalidate=\"novalidate\" data-status=\"init\">\n<fieldset class=\"hidden-fields-container\"><input type=\"hidden\" name=\"_wpcf7\" value=\"18392\" \/><input type=\"hidden\" name=\"_wpcf7_version\" value=\"6.1.5\" \/><input type=\"hidden\" name=\"_wpcf7_locale\" value=\"en_CA\" \/><input type=\"hidden\" name=\"_wpcf7_unit_tag\" value=\"wpcf7-f18392-o1\" \/><input type=\"hidden\" name=\"_wpcf7_container_post\" value=\"0\" \/><input type=\"hidden\" name=\"_wpcf7_posted_data_hash\" value=\"\" \/>\n<\/fieldset>\n<p><label class=\"left\"><span class=\"wpcf7-form-control-wrap\" data-name=\"first-name\"><input size=\"40\" maxlength=\"400\" class=\"wpcf7-form-control wpcf7-text wpcf7-validates-as-required\" aria-required=\"true\" aria-invalid=\"false\" placeholder=\"Nom*\" value=\"\" type=\"text\" name=\"first-name\" \/><\/span> <\/label><label class=\"right\"><span class=\"wpcf7-form-control-wrap\" data-name=\"last-name\"><input size=\"40\" maxlength=\"400\" class=\"wpcf7-form-control wpcf7-text wpcf7-validates-as-required no-margin\" aria-required=\"true\" aria-invalid=\"false\" placeholder=\"Nom de la compagnie*\" value=\"\" type=\"text\" name=\"last-name\" \/><\/span> <\/label><br \/>\n<span class=\"clear\"><\/span><br \/>\n<label class=\"left\"><span class=\"wpcf7-form-control-wrap\" data-name=\"user-email\"><input size=\"40\" maxlength=\"400\" class=\"wpcf7-form-control wpcf7-email wpcf7-validates-as-required wpcf7-text wpcf7-validates-as-email\" aria-required=\"true\" aria-invalid=\"false\" placeholder=\"Courriel*\" value=\"\" type=\"email\" name=\"user-email\" \/><\/span> <\/label><label class=\"right\"><span class=\"wpcf7-form-control-wrap\" data-name=\"phone-number\"><input size=\"40\" maxlength=\"400\" class=\"wpcf7-form-control wpcf7-tel wpcf7-validates-as-required wpcf7-text wpcf7-validates-as-tel no-margin\" aria-required=\"true\" aria-invalid=\"false\" placeholder=\"T\u00e9l\u00e9phone*\" value=\"\" type=\"tel\" name=\"phone-number\" \/><\/span><\/label><br \/>\n<span class=\"clear\"><\/span><br \/>\n<label><span class=\"wpcf7-form-control-wrap\" data-name=\"user-subject\"><input size=\"40\" maxlength=\"400\" class=\"wpcf7-form-control wpcf7-text wpcf7-validates-as-required\" aria-required=\"true\" aria-invalid=\"false\" placeholder=\"Sujet\" value=\"\" type=\"text\" name=\"user-subject\" \/><\/span><\/label><br \/>\n<label><span class=\"wpcf7-form-control-wrap\" data-name=\"user-message\"><textarea cols=\"40\" rows=\"10\" maxlength=\"2000\" class=\"wpcf7-form-control wpcf7-textarea wpcf7-validates-as-required\" aria-required=\"true\" aria-invalid=\"false\" placeholder=\"Message\" name=\"user-message\"><\/textarea><\/span><\/label>\n<\/p>\n<p><input class=\"wpcf7-form-control wpcf7-submit has-spinner\" type=\"submit\" value=\"Parlons-en\" \/>\n<\/p><div class=\"wpcf7-response-output\" aria-hidden=\"true\"><\/div>\n<\/form>\n<\/div>\n[\/vc_column_inner][\/vc_row_inner][\/vc_column][vc_column width=\u00a0\u00bb1\/2&Prime;][vc_row_inner][vc_column_inner width=\u00a0\u00bb5\/6&Prime;]<div id=\"ultimate-heading-909369eee42ab41c3\" class=\"uvc-heading ult-adjust-bottom-margin ultimate-heading-909369eee42ab41c3 uvc-346 \" data-hspacer=\"no_spacer\"  data-halign=\"center\" style=\"text-align:center\"><div class=\"uvc-heading-spacer no_spacer\" style=\"top\"><\/div><div class=\"uvc-main-heading ult-responsive\"  data-ultimate-target='.uvc-heading.ultimate-heading-909369eee42ab41c3 h2'  data-responsive-json-new='{\"font-size\":\"\",\"line-height\":\"\"}' ><h2 style=\"font-weight:normal;margin-bottom:30px;\">Que se passera-t-il une fois que vous aurez compl\u00e9t\u00e9 ce formulaire?<\/h2><\/div><\/div><div id=\"ultimate-video-354369eee42ab4228\" class=\"ult-video  ult-adjust-bottom-margin ultimate-video-354369eee42ab4228 ultv-8657 \"><div class=\"ultv-video ultv-aspect-ratio-16_9 ultv-subscribe-responsive-none\" data-videotype=\"uv_iframe\">\r\n\t\t\t\t\t\t<div class=\"ultv-video__outer-wrap\" data-autoplay=\"0\" data-device=\"false\"  data-iconbg=\"#3A3A3A\" data-overcolor=\"\" data-defaultbg=\"#1f1f1e\" data-defaultplay=\"defaulticon\"><div class=\"ultv-video__play\" data-src=\"https:\/\/www.youtube.com\/embed\/HWfAKtOMhXg?rel=0&amp;start&amp;end&amp;controls=1&amp;mute=0&amp;modestbranding=0&amp;autoplay=1\">\r\n\t\t\t\t\t\t\t\t<img decoding=\"async\" class=\"ultv-video__thumb\" src=\"https:\/\/www.present.ca\/wp-content\/uploads\/2021\/04\/Capture-decran-le-2021-04-30-a-10.06.07.png\"\/>\r\n\t\t\t\t\t\t\t\t<div class=\"ultv-video__play-icon  ultv-animation-none\" style=\"width:75px\"><svg height=\"100%\" version=\"1.1\" viewBox=\"0 0 68 48\" width=\"100%\"><path class=\"ultv-youtube-icon-bg\" d=\"m .66,37.62 c 0,0 .66,4.70 2.70,6.77 2.58,2.71 5.98,2.63 7.49,2.91 5.43,.52 23.10,.68 23.12,.68 .00,-1.3e-5 14.29,-0.02 23.81,-0.71 1.32,-0.15 4.22,-0.17 6.81,-2.89 2.03,-2.07 2.70,-6.77 2.70,-6.77 0,0 .67,-5.52 .67,-11.04 l 0,-5.17 c 0,-5.52 -0.67,-11.04 -0.67,-11.04 0,0 -0.66,-4.70 -2.70,-6.77 C 62.03,.86 59.13,.84 57.80,.69 48.28,0 34.00,0 34.00,0 33.97,0 19.69,0 10.18,.69 8.85,.84 5.95,.86 3.36,3.58 1.32,5.65 .66,10.35 .66,10.35 c 0,0 -0.55,4.50 -0.66,9.45 l 0,8.36 c .10,4.94 .66,9.45 .66,9.45 z\" fill=\"#1f1f1e\" ><\/path><path d=\"m 26.96,13.67 18.37,9.62 -18.37,9.55 -0.00,-19.17 z\" fill=\"#fff\"><\/path><path d=\"M 45.02,23.46 45.32,23.28 26.96,13.67 43.32,22.34 45.02,23.46 z\" fill=\"#ccc\"><\/path><\/svg><\/div> <\/div> <\/div><\/div><\/div>[\/vc_column_inner][vc_column_inner width=\u00a0\u00bb1\/6&Prime;][\/vc_column_inner][\/vc_row_inner][\/vc_column][\/vc_row][vc_row full_width=\u00a0\u00bbstretch_row\u00a0\u00bb bg_type=\u00a0\u00bbbg_color\u00a0\u00bb bg_color_value=\u00a0\u00bb#16a361&Prime;][vc_column]<div id=\"ultimate-heading-684069eee42ab49cb\" class=\"uvc-heading ult-adjust-bottom-margin ultimate-heading-684069eee42ab49cb uvc-1792 \" data-hspacer=\"no_spacer\"  data-halign=\"center\" style=\"text-align:center\"><div class=\"uvc-heading-spacer no_spacer\" style=\"top\"><\/div><div class=\"uvc-sub-heading ult-responsive\"  data-ultimate-target='.uvc-heading.ultimate-heading-684069eee42ab49cb .uvc-sub-heading '  data-responsive-json-new='{\"font-size\":\"\",\"line-height\":\"\"}'  style=\"font-weight:normal;\"><\/p>\n<h3>Communiquez avec nous aujourd&rsquo;hui pour discuter de la mani\u00e8re dont nous pouvons vous aider \u00e0 atteindre vos objectifs.<\/h3>\n<p><\/div><\/div>[\/vc_column][\/vc_row][vc_row full_width=\u00a0\u00bbstretch_row\u00a0\u00bb bg_type=\u00a0\u00bbbg_color\u00a0\u00bb bg_color_value=\u00a0\u00bb#a2acb2&Prime;][vc_column][vc_column_text]<\/p>\n<h5><strong><span lang=\"FR-CA\">Protection des renseignements personnels<br \/>\n<\/span><\/strong><\/h5>\n<p><span lang=\"FR-CA\">Si vous avez des questions ou des pr\u00e9occupations, si vous souhaitez exercer vos droits ou bien si vous voulez d\u00e9poser une plainte, veuillez communiquer avec le responsable de la protection des renseignements personnels en utilisant les renseignements ci-dessous.<span class=\"x_apple-converted-space\"><br \/>\n<\/span><\/span><span lang=\"FR-CA\"><br aria-hidden=\"true\" \/>Marc Beaulieu<br \/>\n<\/span><span lang=\"FR-CA\">loi25@present.ca<br \/>\n<\/span><span lang=\"FR-CA\">514-745-3322<span class=\"x_apple-converted-space\">\u00a0<\/span><\/span>[\/vc_column_text][\/vc_column][\/vc_row][vc_row full_width=\u00a0\u00bbstretch_row\u00a0\u00bb el_class=\u00a0\u00bbflip-boxes-row\u00a0\u00bb el_id=\u00a0\u00bbaddress-contact-row\u00a0\u00bb css=\u00a0\u00bb.vc_custom_1619803607961{padding-top: 60px !important;padding-bottom: 60px !important;}\u00a0\u00bb][vc_column][vc_row_inner css=\u00a0\u00bb.vc_custom_1619803598242{margin-bottom: 0px !important;}\u00a0\u00bb][vc_column_inner width=\u00a0\u00bb1\/4&Prime;][vc_column_text]<\/p>\n<h3 style=\"text-align: center;\"><span style=\"color: #ffffff;\"><strong><span id=\"result_box\" class=\"short_text\" lang=\"fr\"><span class=\"\">Si\u00e8ge social<\/span><\/span><\/strong><\/span><\/h3>\n<p style=\"text-align: center;\"><span style=\"color: #ffffff;\">Num\u00e9ro de t\u00e9l. : 514 745-3322<\/span><br \/>\n<span style=\"color: #ffffff;\">Num\u00e9ro de t\u00e9l\u00e9c.: 514 745-4433<\/span><\/p>\n<p style=\"text-align: center;\"><span style=\"color: #ffffff;\">present@present.ca<\/span><\/p>\n<p>[\/vc_column_text][\/vc_column_inner][vc_column_inner width=\u00a0\u00bb1\/4&Prime;][vc_column_text]<\/p>\n<h3 style=\"text-align: center;\"><span style=\"color: #ffffff;\"><strong><span id=\"result_box\" class=\"short_text\" lang=\"fr\"><span class=\"\">Toronto<\/span><\/span><\/strong><\/span><\/h3>\n<p style=\"text-align: center;\"><span style=\"color: #ffffff;\">Num\u00e9ro de t\u00e9l. : 416 631-6466<\/span><\/p>\n<p>[\/vc_column_text][\/vc_column_inner][vc_column_inner width=\u00a0\u00bb1\/4&Prime;][vc_column_text]<\/p>\n<h3 style=\"text-align: center;\"><span style=\"color: #ffffff;\"><strong><span id=\"result_box\" class=\"short_text\" lang=\"fr\"><span class=\"\">Qu\u00e9bec<\/span><\/span><\/strong><\/span><\/h3>\n<p style=\"text-align: center;\"><span style=\"color: #ffffff;\">Num\u00e9ro de t\u00e9l. : 418 877-5566<\/span><\/p>\n<p>[\/vc_column_text][\/vc_column_inner][vc_column_inner width=\u00a0\u00bb1\/4&Prime;][vc_column_text]<\/p>\n<h3 style=\"text-align: center;\"><span style=\"color: #ffffff;\"><strong><span id=\"result_box\" class=\"short_text\" lang=\"fr\"><span class=\"\">Pour\u00a0joindre le support<\/span><\/span><\/strong><\/span><\/h3>\n<p style=\"text-align: center;\"><span style=\"color: #ffffff;\">support@present.ca<\/span><\/p>\n<p style=\"text-align: center;\"><span style=\"color: #ffffff;\">514-312-9966<\/span><\/p>\n<p style=\"text-align: center;\"><span style=\"color: #ffffff;\">1-866&#8211;426-2748<\/span><\/p>\n<div style=\"text-align: center;\"><span style=\"color: #ffffff;\">*uniquement pour nos clients services g\u00e9r\u00e9s<\/span><\/div>\n<p>[\/vc_column_text][\/vc_column_inner][\/vc_row_inner][\/vc_column][vc_column][\/vc_column][\/vc_row][vc_row el_class=\u00a0\u00bbflip-boxes-row\u00a0\u00bb][vc_column width=\u00a0\u00bb1\/3&Prime;][vc_hoverbox image=\u00a0\u00bb17154&Prime; primary_title=\u00a0\u00bbMontr\u00e9al\u00a0\u00bb hover_title=\u00a0\u00bbMontr\u00e9al\u00a0\u00bb shape=\u00a0\u00bbsquare\u00a0\u00bb hover_background_color=\u00a0\u00bbcustom\u00a0\u00bb css=\u00a0\u00bb.vc_custom_1588785522235{background-image: url(https:\/\/www.present.ca\/wp-content\/uploads\/2020\/05\/montreal-opti.jpg?id=17160) !important;background-position: center !important;background-repeat: no-repeat !important;background-size: cover !important;}\u00a0\u00bb el_class=\u00a0\u00bbwhite-text\u00a0\u00bb]<a class=\"tel fa-phone\" href=\"tel:5147453322\">(514) 745-3322<\/a><br \/>\n<a class=\"fax fa-fax\" href=\"tel:5147454433\">(514) 745-4433<\/a>[\/vc_hoverbox][\/vc_column][vc_column width=\u00a0\u00bb1\/3&Prime;][vc_hoverbox image=\u00a0\u00bb17158&Prime; primary_title=\u00a0\u00bbToronto\u00a0\u00bb hover_title=\u00a0\u00bbToronto\u00a0\u00bb shape=\u00a0\u00bbsquare\u00a0\u00bb hover_background_color=\u00a0\u00bbcustom\u00a0\u00bb css=\u00a0\u00bb.vc_custom_1588785542902{background-image: url(https:\/\/www.present.ca\/wp-content\/uploads\/2020\/05\/toronto-opti.jpg?id=17162) !important;background-position: center !important;background-repeat: no-repeat !important;background-size: cover !important;}\u00a0\u00bb el_class=\u00a0\u00bbwhite-text\u00a0\u00bb]<a class=\"tel fa-phone\" href=\"tel:4166316466\">(416) 631-6466<\/a><br \/>\n<a class=\"fax fa-fax\" href=\"tel:4166316566\">(416) 631-6566<\/a>[\/vc_hoverbox][\/vc_column][vc_column width=\u00a0\u00bb1\/3&Prime;][vc_hoverbox image=\u00a0\u00bb17165&Prime; primary_title=\u00a0\u00bbQu\u00e9bec\u00a0\u00bb hover_title=\u00a0\u00bbQu\u00e9bec\u00a0\u00bb shape=\u00a0\u00bbsquare\u00a0\u00bb hover_background_color=\u00a0\u00bbcustom\u00a0\u00bb css=\u00a0\u00bb.vc_custom_1588785571583{background-image: url(https:\/\/www.present.ca\/wp-content\/uploads\/2020\/05\/quebec-opti.jpg?id=17167) !important;background-position: center !important;background-repeat: no-repeat !important;background-size: cover !important;}\u00a0\u00bb el_class=\u00a0\u00bbwhite-text\u00a0\u00bb]<a class=\"tel fa-phone\" href=\"tel:4188775566\">(418) 877-5566<\/a><br \/>\n<a class=\"fax fa-fax\" href=\"tel:4188776611\">(418) 877-6611<\/a>[\/vc_hoverbox][\/vc_column][vc_column][\/vc_column][\/vc_row]<\/p>\n","protected":false},"excerpt":{"rendered":"<p>[vc_row full_width=\u00a0\u00bbstretch_row_content\u00a0\u00bb equal_height=\u00a0\u00bbyes\u00a0\u00bb content_placement=\u00a0\u00bbtop\u00a0\u00bb bg_type=\u00a0\u00bbimage\u00a0\u00bb css=\u00a0\u00bb.vc_custom_1619803132708{background-position: 0 0 !important;background-repeat: no-repeat !important;}\u00a0\u00bb][vc_column width=\u00a0\u00bb1\/2&Prime;][vc_row_inner][vc_column_inner width=\u00a0\u00bb1\/6&Prime;][\/vc_column_inner][vc_column_inner width=\u00a0\u00bb5\/6&Prime;][\/vc_column_inner][\/vc_row_inner][\/vc_column][vc_column width=\u00a0\u00bb1\/2&Prime;][vc_row_inner][vc_column_inner width=\u00a0\u00bb5\/6&Prime;][\/vc_column_inner][vc_column_inner width=\u00a0\u00bb1\/6&Prime;][\/vc_column_inner][\/vc_row_inner][\/vc_column][\/vc_row][vc_row full_width=\u00a0\u00bbstretch_row\u00a0\u00bb bg_type=\u00a0\u00bbbg_color\u00a0\u00bb bg_color_value=\u00a0\u00bb#16a361&Prime;][vc_column][\/vc_column][\/vc_row][vc_row full_width=\u00a0\u00bbstretch_row\u00a0\u00bb bg_type=\u00a0\u00bbbg_color\u00a0\u00bb bg_color_value=\u00a0\u00bb#a2acb2&Prime;][vc_column][vc_column_text] Protection des renseignements personnels Si vous avez des questions ou des pr\u00e9occupations, si vous souhaitez exercer vos droits ou bien si vous voulez d\u00e9poser une plainte, veuillez communiquer avec le responsable de [&#8230;]<\/p>\n","protected":false},"author":3,"featured_media":28184,"parent":0,"menu_order":5,"comment_status":"closed","ping_status":"closed","template":"","meta":{"_acf_changed":false,"footnotes":"","_wp_rev_ctl_limit":""},"class_list":["post-17620","page","type-page","status-publish","has-post-thumbnail","hentry"],"acf":[],"yoast_head":"<!-- This site is optimized with the Yoast SEO plugin v27.3 - https:\/\/yoast.com\/product\/yoast-seo-wordpress\/ -->\n<title>Contact - Present - Solutions &amp; Services TI - Montr\u00e9al, Qu\u00e9bec, Toronto<\/title>\n<meta name=\"description\" content=\"Contactez Present pour voir comment nous pouvons vous aider \u00e0 atteindre vos objectifs. - Montr\u00e9al: 514-745-3322 - Toronto: 416-631-6466 - Qu\u00e9bec: 418-877-5566\" \/>\n<meta name=\"robots\" content=\"index, follow, max-snippet:-1, max-image-preview:large, max-video-preview:-1\" \/>\n<link rel=\"canonical\" href=\"https:\/\/www.present.ca\/fr\/contactez-present\/\" \/>\n<meta property=\"og:locale\" content=\"fr_FR\" \/>\n<meta property=\"og:type\" content=\"article\" \/>\n<meta property=\"og:title\" content=\"Contact - Present - Solutions &amp; Services TI - Montr\u00e9al, Qu\u00e9bec, Toronto\" \/>\n<meta property=\"og:description\" content=\"Contactez Present pour voir comment nous pouvons vous aider \u00e0 atteindre vos objectifs. - Montr\u00e9al: 514-745-3322 - Toronto: 416-631-6466 - Qu\u00e9bec: 418-877-5566\" \/>\n<meta property=\"og:url\" content=\"https:\/\/www.present.ca\/fr\/contactez-present\/\" \/>\n<meta property=\"og:site_name\" content=\"Present\" \/>\n<meta property=\"article:modified_time\" content=\"2024-02-19T16:26:48+00:00\" \/>\n<meta property=\"og:image\" content=\"https:\/\/www.present.ca\/wp-content\/uploads\/2024\/02\/Untitled-design-4-scaled.jpg\" \/>\n\t<meta property=\"og:image:width\" content=\"2560\" \/>\n\t<meta property=\"og:image:height\" content=\"1707\" \/>\n\t<meta property=\"og:image:type\" content=\"image\/jpeg\" \/>\n<meta name=\"twitter:card\" content=\"summary_large_image\" \/>\n<meta name=\"twitter:label1\" content=\"Dur\u00e9e de lecture estim\u00e9e\" \/>\n\t<meta name=\"twitter:data1\" content=\"2 minutes\" \/>\n<script type=\"application\/ld+json\" class=\"yoast-schema-graph\">{\"@context\":\"https:\\\/\\\/schema.org\",\"@graph\":[{\"@type\":\"WebPage\",\"@id\":\"https:\\\/\\\/www.present.ca\\\/fr\\\/contactez-present\\\/\",\"url\":\"https:\\\/\\\/www.present.ca\\\/fr\\\/contactez-present\\\/\",\"name\":\"Contact - Present - Solutions & Services TI - Montr\u00e9al, Qu\u00e9bec, Toronto\",\"isPartOf\":{\"@id\":\"https:\\\/\\\/www.present.ca\\\/fr\\\/#website\"},\"primaryImageOfPage\":{\"@id\":\"https:\\\/\\\/www.present.ca\\\/fr\\\/contactez-present\\\/#primaryimage\"},\"image\":{\"@id\":\"https:\\\/\\\/www.present.ca\\\/fr\\\/contactez-present\\\/#primaryimage\"},\"thumbnailUrl\":\"https:\\\/\\\/www.present.ca\\\/wp-content\\\/uploads\\\/2024\\\/02\\\/Untitled-design-4-scaled.jpg\",\"datePublished\":\"2016-09-08T18:13:00+00:00\",\"dateModified\":\"2024-02-19T16:26:48+00:00\",\"description\":\"Contactez Present pour voir comment nous pouvons vous aider \u00e0 atteindre vos objectifs. - Montr\u00e9al: 514-745-3322 - Toronto: 416-631-6466 - Qu\u00e9bec: 418-877-5566\",\"breadcrumb\":{\"@id\":\"https:\\\/\\\/www.present.ca\\\/fr\\\/contactez-present\\\/#breadcrumb\"},\"inLanguage\":\"fr-FR\",\"potentialAction\":[{\"@type\":\"ReadAction\",\"target\":[\"https:\\\/\\\/www.present.ca\\\/fr\\\/contactez-present\\\/\"]}]},{\"@type\":\"ImageObject\",\"inLanguage\":\"fr-FR\",\"@id\":\"https:\\\/\\\/www.present.ca\\\/fr\\\/contactez-present\\\/#primaryimage\",\"url\":\"https:\\\/\\\/www.present.ca\\\/wp-content\\\/uploads\\\/2024\\\/02\\\/Untitled-design-4-scaled.jpg\",\"contentUrl\":\"https:\\\/\\\/www.present.ca\\\/wp-content\\\/uploads\\\/2024\\\/02\\\/Untitled-design-4-scaled.jpg\",\"width\":1920,\"height\":1280,\"caption\":\"Contactez Present\"},{\"@type\":\"BreadcrumbList\",\"@id\":\"https:\\\/\\\/www.present.ca\\\/fr\\\/contactez-present\\\/#breadcrumb\",\"itemListElement\":[{\"@type\":\"ListItem\",\"position\":1,\"name\":\"Accueil\",\"item\":\"https:\\\/\\\/www.present.ca\\\/fr\\\/\"},{\"@type\":\"ListItem\",\"position\":2,\"name\":\"Contactez Present\"}]},{\"@type\":\"WebSite\",\"@id\":\"https:\\\/\\\/www.present.ca\\\/fr\\\/#website\",\"url\":\"https:\\\/\\\/www.present.ca\\\/fr\\\/\",\"name\":\"Present\",\"description\":\"Services G\u00e9r\u00e9s TI, S\u00e9curit\u00e9 G\u00e9r\u00e9e TI et Solutions de Cloud Hybride\",\"potentialAction\":[{\"@type\":\"SearchAction\",\"target\":{\"@type\":\"EntryPoint\",\"urlTemplate\":\"https:\\\/\\\/www.present.ca\\\/fr\\\/?s={search_term_string}\"},\"query-input\":{\"@type\":\"PropertyValueSpecification\",\"valueRequired\":true,\"valueName\":\"search_term_string\"}}],\"inLanguage\":\"fr-FR\"}]}<\/script>\n<!-- \/ Yoast SEO plugin. -->","yoast_head_json":{"title":"Contact - Present - Solutions & Services TI - Montr\u00e9al, Qu\u00e9bec, Toronto","description":"Contactez Present pour voir comment nous pouvons vous aider \u00e0 atteindre vos objectifs. - Montr\u00e9al: 514-745-3322 - Toronto: 416-631-6466 - Qu\u00e9bec: 418-877-5566","robots":{"index":"index","follow":"follow","max-snippet":"max-snippet:-1","max-image-preview":"max-image-preview:large","max-video-preview":"max-video-preview:-1"},"canonical":"https:\/\/www.present.ca\/fr\/contactez-present\/","og_locale":"fr_FR","og_type":"article","og_title":"Contact - Present - Solutions & Services TI - Montr\u00e9al, Qu\u00e9bec, Toronto","og_description":"Contactez Present pour voir comment nous pouvons vous aider \u00e0 atteindre vos objectifs. - Montr\u00e9al: 514-745-3322 - Toronto: 416-631-6466 - Qu\u00e9bec: 418-877-5566","og_url":"https:\/\/www.present.ca\/fr\/contactez-present\/","og_site_name":"Present","article_modified_time":"2024-02-19T16:26:48+00:00","og_image":[{"width":2560,"height":1707,"url":"https:\/\/www.present.ca\/wp-content\/uploads\/2024\/02\/Untitled-design-4-scaled.jpg","type":"image\/jpeg"}],"twitter_card":"summary_large_image","twitter_misc":{"Dur\u00e9e de lecture estim\u00e9e":"2 minutes"},"schema":{"@context":"https:\/\/schema.org","@graph":[{"@type":"WebPage","@id":"https:\/\/www.present.ca\/fr\/contactez-present\/","url":"https:\/\/www.present.ca\/fr\/contactez-present\/","name":"Contact - Present - Solutions & Services TI - Montr\u00e9al, Qu\u00e9bec, Toronto","isPartOf":{"@id":"https:\/\/www.present.ca\/fr\/#website"},"primaryImageOfPage":{"@id":"https:\/\/www.present.ca\/fr\/contactez-present\/#primaryimage"},"image":{"@id":"https:\/\/www.present.ca\/fr\/contactez-present\/#primaryimage"},"thumbnailUrl":"https:\/\/www.present.ca\/wp-content\/uploads\/2024\/02\/Untitled-design-4-scaled.jpg","datePublished":"2016-09-08T18:13:00+00:00","dateModified":"2024-02-19T16:26:48+00:00","description":"Contactez Present pour voir comment nous pouvons vous aider \u00e0 atteindre vos objectifs. - Montr\u00e9al: 514-745-3322 - Toronto: 416-631-6466 - Qu\u00e9bec: 418-877-5566","breadcrumb":{"@id":"https:\/\/www.present.ca\/fr\/contactez-present\/#breadcrumb"},"inLanguage":"fr-FR","potentialAction":[{"@type":"ReadAction","target":["https:\/\/www.present.ca\/fr\/contactez-present\/"]}]},{"@type":"ImageObject","inLanguage":"fr-FR","@id":"https:\/\/www.present.ca\/fr\/contactez-present\/#primaryimage","url":"https:\/\/www.present.ca\/wp-content\/uploads\/2024\/02\/Untitled-design-4-scaled.jpg","contentUrl":"https:\/\/www.present.ca\/wp-content\/uploads\/2024\/02\/Untitled-design-4-scaled.jpg","width":1920,"height":1280,"caption":"Contactez Present"},{"@type":"BreadcrumbList","@id":"https:\/\/www.present.ca\/fr\/contactez-present\/#breadcrumb","itemListElement":[{"@type":"ListItem","position":1,"name":"Accueil","item":"https:\/\/www.present.ca\/fr\/"},{"@type":"ListItem","position":2,"name":"Contactez Present"}]},{"@type":"WebSite","@id":"https:\/\/www.present.ca\/fr\/#website","url":"https:\/\/www.present.ca\/fr\/","name":"Present","description":"Services G\u00e9r\u00e9s TI, S\u00e9curit\u00e9 G\u00e9r\u00e9e TI et Solutions de Cloud Hybride","potentialAction":[{"@type":"SearchAction","target":{"@type":"EntryPoint","urlTemplate":"https:\/\/www.present.ca\/fr\/?s={search_term_string}"},"query-input":{"@type":"PropertyValueSpecification","valueRequired":true,"valueName":"search_term_string"}}],"inLanguage":"fr-FR"}]}},"_links":{"self":[{"href":"https:\/\/www.present.ca\/fr\/wp-json\/wp\/v2\/pages\/17620","targetHints":{"allow":["GET"]}}],"collection":[{"href":"https:\/\/www.present.ca\/fr\/wp-json\/wp\/v2\/pages"}],"about":[{"href":"https:\/\/www.present.ca\/fr\/wp-json\/wp\/v2\/types\/page"}],"author":[{"embeddable":true,"href":"https:\/\/www.present.ca\/fr\/wp-json\/wp\/v2\/users\/3"}],"replies":[{"embeddable":true,"href":"https:\/\/www.present.ca\/fr\/wp-json\/wp\/v2\/comments?post=17620"}],"version-history":[{"count":5,"href":"https:\/\/www.present.ca\/fr\/wp-json\/wp\/v2\/pages\/17620\/revisions"}],"predecessor-version":[{"id":28186,"href":"https:\/\/www.present.ca\/fr\/wp-json\/wp\/v2\/pages\/17620\/revisions\/28186"}],"wp:featuredmedia":[{"embeddable":true,"href":"https:\/\/www.present.ca\/fr\/wp-json\/wp\/v2\/media\/28184"}],"wp:attachment":[{"href":"https:\/\/www.present.ca\/fr\/wp-json\/wp\/v2\/media?parent=17620"}],"curies":[{"name":"wp","href":"https:\/\/api.w.org\/{rel}","templated":true}]}}