{"id":17595,"date":"2016-09-02T14:21:44","date_gmt":"2016-09-02T18:21:44","guid":{"rendered":"https:\/\/www.present.ca\/equipe-de-gestion\/"},"modified":"2024-06-10T11:41:11","modified_gmt":"2024-06-10T15:41:11","slug":"equipe-de-gestion","status":"publish","type":"page","link":"https:\/\/www.present.ca\/fr\/a-propos\/equipe-de-gestion\/","title":{"rendered":"\u00c9quipe de gestion"},"content":{"rendered":"<p>[vc_row][vc_column][vc_column_text]<\/p>\n<p style=\"text-align: center;\"><strong>La passion au coeur de Present<\/strong><\/p>\n<p style=\"text-align: center;\"><em>Chaque membre de notre \u00e9quipe de direction apporte une passion unique qui transcende les fronti\u00e8res du travail pour s&rsquo;\u00e9panouir dans sa vie personnelle. C&rsquo;est avec beaucoup d&rsquo;enthousiasme que nous partageons ces fragments de nous-m\u00eames, permettant \u00e0 nos clients et partenaires de mieux comprendre les personnalit\u00e9s qui fa\u00e7onnent Present. Bienvenue dans notre monde, o\u00f9 l&rsquo;authenticit\u00e9, la passion et le plaisir sont au c\u0153ur de tout ce que nous faisons.<\/em><\/p>\n<p>[\/vc_column_text][\/vc_column][\/vc_row]<\/p>\n","protected":false},"excerpt":{"rendered":"<p>[vc_row][vc_column][vc_column_text] La passion au coeur de Present Chaque membre de notre \u00e9quipe de direction apporte une passion unique qui transcende les fronti\u00e8res du travail pour s&rsquo;\u00e9panouir dans sa vie personnelle. C&rsquo;est avec beaucoup d&rsquo;enthousiasme que nous partageons ces fragments de nous-m\u00eames, permettant \u00e0 nos clients et partenaires de mieux comprendre les personnalit\u00e9s qui fa\u00e7onnent Present. [&#8230;]<\/p>\n","protected":false},"author":3,"featured_media":0,"parent":17624,"menu_order":1,"comment_status":"closed","ping_status":"closed","template":"","meta":{"_acf_changed":false,"footnotes":"","_wp_rev_ctl_limit":""},"class_list":["post-17595","page","type-page","status-publish","hentry"],"acf":[],"yoast_head":"<!-- This site is optimized with the Yoast SEO plugin v27.3 - https:\/\/yoast.com\/product\/yoast-seo-wordpress\/ -->\n<title>\u00c9quipe de Gestion | Present - Solutions et services TI | Montr\u00e9al, Toronto<\/title>\n<meta name=\"description\" content=\"D\u00e9couvrez l&#039;\u00e9quipe de gestion de Present. Des leaders TI motiv\u00e9s et passionn\u00e9s par le succ\u00e8s et la r\u00e9ussite de leurs clients.\" \/>\n<meta name=\"robots\" content=\"index, follow, max-snippet:-1, max-image-preview:large, max-video-preview:-1\" \/>\n<link rel=\"canonical\" href=\"https:\/\/www.present.ca\/fr\/a-propos\/equipe-de-gestion\/\" \/>\n<meta property=\"og:locale\" content=\"fr_FR\" \/>\n<meta property=\"og:type\" content=\"article\" \/>\n<meta property=\"og:title\" content=\"\u00c9quipe de Gestion | Present - Solutions et services TI | Montr\u00e9al, Toronto\" \/>\n<meta property=\"og:description\" content=\"D\u00e9couvrez l&#039;\u00e9quipe de gestion de Present. Des leaders TI motiv\u00e9s et passionn\u00e9s par le succ\u00e8s et la r\u00e9ussite de leurs clients.\" \/>\n<meta property=\"og:url\" content=\"https:\/\/www.present.ca\/fr\/a-propos\/equipe-de-gestion\/\" \/>\n<meta property=\"og:site_name\" content=\"Present\" \/>\n<meta property=\"article:modified_time\" content=\"2024-06-10T15:41:11+00:00\" \/>\n<meta name=\"twitter:card\" content=\"summary_large_image\" \/>\n<meta name=\"twitter:label1\" content=\"Dur\u00e9e de lecture estim\u00e9e\" \/>\n\t<meta name=\"twitter:data1\" content=\"1 minute\" \/>\n<script type=\"application\/ld+json\" class=\"yoast-schema-graph\">{\"@context\":\"https:\\\/\\\/schema.org\",\"@graph\":[{\"@type\":\"WebPage\",\"@id\":\"https:\\\/\\\/www.present.ca\\\/fr\\\/a-propos\\\/equipe-de-gestion\\\/\",\"url\":\"https:\\\/\\\/www.present.ca\\\/fr\\\/a-propos\\\/equipe-de-gestion\\\/\",\"name\":\"\u00c9quipe de Gestion | Present - Solutions et services TI | Montr\u00e9al, Toronto\",\"isPartOf\":{\"@id\":\"https:\\\/\\\/www.present.ca\\\/fr\\\/#website\"},\"datePublished\":\"2016-09-02T18:21:44+00:00\",\"dateModified\":\"2024-06-10T15:41:11+00:00\",\"description\":\"D\u00e9couvrez l'\u00e9quipe de gestion de Present. Des leaders TI motiv\u00e9s et passionn\u00e9s par le succ\u00e8s et la r\u00e9ussite de leurs clients.\",\"breadcrumb\":{\"@id\":\"https:\\\/\\\/www.present.ca\\\/fr\\\/a-propos\\\/equipe-de-gestion\\\/#breadcrumb\"},\"inLanguage\":\"fr-FR\",\"potentialAction\":[{\"@type\":\"ReadAction\",\"target\":[\"https:\\\/\\\/www.present.ca\\\/fr\\\/a-propos\\\/equipe-de-gestion\\\/\"]}]},{\"@type\":\"BreadcrumbList\",\"@id\":\"https:\\\/\\\/www.present.ca\\\/fr\\\/a-propos\\\/equipe-de-gestion\\\/#breadcrumb\",\"itemListElement\":[{\"@type\":\"ListItem\",\"position\":1,\"name\":\"Accueil\",\"item\":\"https:\\\/\\\/www.present.ca\\\/fr\\\/\"},{\"@type\":\"ListItem\",\"position\":2,\"name\":\"\u00c0 Propos\",\"item\":\"https:\\\/\\\/www.present.ca\\\/fr\\\/a-propos\\\/\"},{\"@type\":\"ListItem\",\"position\":3,\"name\":\"\u00c9quipe de gestion\"}]},{\"@type\":\"WebSite\",\"@id\":\"https:\\\/\\\/www.present.ca\\\/fr\\\/#website\",\"url\":\"https:\\\/\\\/www.present.ca\\\/fr\\\/\",\"name\":\"Present\",\"description\":\"Services G\u00e9r\u00e9s TI, S\u00e9curit\u00e9 G\u00e9r\u00e9e TI et Solutions de Cloud Hybride\",\"potentialAction\":[{\"@type\":\"SearchAction\",\"target\":{\"@type\":\"EntryPoint\",\"urlTemplate\":\"https:\\\/\\\/www.present.ca\\\/fr\\\/?s={search_term_string}\"},\"query-input\":{\"@type\":\"PropertyValueSpecification\",\"valueRequired\":true,\"valueName\":\"search_term_string\"}}],\"inLanguage\":\"fr-FR\"}]}<\/script>\n<!-- \/ Yoast SEO plugin. -->","yoast_head_json":{"title":"\u00c9quipe de Gestion | Present - Solutions et services TI | Montr\u00e9al, Toronto","description":"D\u00e9couvrez l'\u00e9quipe de gestion de Present. Des leaders TI motiv\u00e9s et passionn\u00e9s par le succ\u00e8s et la r\u00e9ussite de leurs clients.","robots":{"index":"index","follow":"follow","max-snippet":"max-snippet:-1","max-image-preview":"max-image-preview:large","max-video-preview":"max-video-preview:-1"},"canonical":"https:\/\/www.present.ca\/fr\/a-propos\/equipe-de-gestion\/","og_locale":"fr_FR","og_type":"article","og_title":"\u00c9quipe de Gestion | Present - Solutions et services TI | Montr\u00e9al, Toronto","og_description":"D\u00e9couvrez l'\u00e9quipe de gestion de Present. Des leaders TI motiv\u00e9s et passionn\u00e9s par le succ\u00e8s et la r\u00e9ussite de leurs clients.","og_url":"https:\/\/www.present.ca\/fr\/a-propos\/equipe-de-gestion\/","og_site_name":"Present","article_modified_time":"2024-06-10T15:41:11+00:00","twitter_card":"summary_large_image","twitter_misc":{"Dur\u00e9e de lecture estim\u00e9e":"1 minute"},"schema":{"@context":"https:\/\/schema.org","@graph":[{"@type":"WebPage","@id":"https:\/\/www.present.ca\/fr\/a-propos\/equipe-de-gestion\/","url":"https:\/\/www.present.ca\/fr\/a-propos\/equipe-de-gestion\/","name":"\u00c9quipe de Gestion | Present - Solutions et services TI | Montr\u00e9al, Toronto","isPartOf":{"@id":"https:\/\/www.present.ca\/fr\/#website"},"datePublished":"2016-09-02T18:21:44+00:00","dateModified":"2024-06-10T15:41:11+00:00","description":"D\u00e9couvrez l'\u00e9quipe de gestion de Present. Des leaders TI motiv\u00e9s et passionn\u00e9s par le succ\u00e8s et la r\u00e9ussite de leurs clients.","breadcrumb":{"@id":"https:\/\/www.present.ca\/fr\/a-propos\/equipe-de-gestion\/#breadcrumb"},"inLanguage":"fr-FR","potentialAction":[{"@type":"ReadAction","target":["https:\/\/www.present.ca\/fr\/a-propos\/equipe-de-gestion\/"]}]},{"@type":"BreadcrumbList","@id":"https:\/\/www.present.ca\/fr\/a-propos\/equipe-de-gestion\/#breadcrumb","itemListElement":[{"@type":"ListItem","position":1,"name":"Accueil","item":"https:\/\/www.present.ca\/fr\/"},{"@type":"ListItem","position":2,"name":"\u00c0 Propos","item":"https:\/\/www.present.ca\/fr\/a-propos\/"},{"@type":"ListItem","position":3,"name":"\u00c9quipe de gestion"}]},{"@type":"WebSite","@id":"https:\/\/www.present.ca\/fr\/#website","url":"https:\/\/www.present.ca\/fr\/","name":"Present","description":"Services G\u00e9r\u00e9s TI, S\u00e9curit\u00e9 G\u00e9r\u00e9e TI et Solutions de Cloud Hybride","potentialAction":[{"@type":"SearchAction","target":{"@type":"EntryPoint","urlTemplate":"https:\/\/www.present.ca\/fr\/?s={search_term_string}"},"query-input":{"@type":"PropertyValueSpecification","valueRequired":true,"valueName":"search_term_string"}}],"inLanguage":"fr-FR"}]}},"_links":{"self":[{"href":"https:\/\/www.present.ca\/fr\/wp-json\/wp\/v2\/pages\/17595","targetHints":{"allow":["GET"]}}],"collection":[{"href":"https:\/\/www.present.ca\/fr\/wp-json\/wp\/v2\/pages"}],"about":[{"href":"https:\/\/www.present.ca\/fr\/wp-json\/wp\/v2\/types\/page"}],"author":[{"embeddable":true,"href":"https:\/\/www.present.ca\/fr\/wp-json\/wp\/v2\/users\/3"}],"replies":[{"embeddable":true,"href":"https:\/\/www.present.ca\/fr\/wp-json\/wp\/v2\/comments?post=17595"}],"version-history":[{"count":3,"href":"https:\/\/www.present.ca\/fr\/wp-json\/wp\/v2\/pages\/17595\/revisions"}],"predecessor-version":[{"id":29149,"href":"https:\/\/www.present.ca\/fr\/wp-json\/wp\/v2\/pages\/17595\/revisions\/29149"}],"up":[{"embeddable":true,"href":"https:\/\/www.present.ca\/fr\/wp-json\/wp\/v2\/pages\/17624"}],"wp:attachment":[{"href":"https:\/\/www.present.ca\/fr\/wp-json\/wp\/v2\/media?parent=17595"}],"curies":[{"name":"wp","href":"https:\/\/api.w.org\/{rel}","templated":true}]}}