{"id":17576,"date":"2016-07-22T15:15:26","date_gmt":"2016-07-22T19:15:26","guid":{"rendered":"https:\/\/www.present.ca\/rencontrez-nos-partenaires-2\/"},"modified":"2020-06-16T10:12:36","modified_gmt":"2020-06-16T14:12:36","slug":"rencontrez-nos-partenaires","status":"publish","type":"page","link":"https:\/\/www.present.ca\/fr\/a-propos\/rencontrez-nos-partenaires\/","title":{"rendered":"Rencontrez nos partenaires"},"content":{"rendered":"<p>[vc_row][vc_column]<div id=\"ultimate-heading-126869fccd4ab6217\" class=\"uvc-heading ult-adjust-bottom-margin ultimate-heading-126869fccd4ab6217 uvc-2983 \" data-hspacer=\"no_spacer\"  data-halign=\"center\" style=\"text-align:center\"><div class=\"uvc-heading-spacer no_spacer\" style=\"top\"><\/div><div class=\"uvc-main-heading ult-responsive\"  data-ultimate-target='.uvc-heading.ultimate-heading-126869fccd4ab6217 h2'  data-responsive-json-new='{\"font-size\":\"\",\"line-height\":\"\"}' ><h2 style=\"font-weight:normal;\">Nous nous associons aux meilleurs leaders mondiaux en technologie.<\/h2><\/div><\/div>[\/vc_column][\/vc_row][vc_row content_placement=\u00a0\u00bbmiddle\u00a0\u00bb css=\u00a0\u00bb.vc_custom_1589478344564{margin: 0px !important;padding: 0px !important;border: 0px initial !important;}\u00a0\u00bb][vc_column el_class=\u00a0\u00bbcenter\u00a0\u00bb][vc_column_text]<span class=\"tlid-translation translation\" lang=\"fr\" tabindex=\"-1\"><span class=\"\" title=\"\">Present offre une exp\u00e9rience de classe mondiale avec des solutions compl\u00e8tes \u00e0 partir d&rsquo;un seul point de contact pour tous vos besoins mat\u00e9riels et logiciels.<\/span><\/span>[\/vc_column_text][vc_basic_grid post_type=\u00a0\u00bbpartner\u00a0\u00bb max_items=\u00a0\u00bb-1&Prime; style=\u00a0\u00bblazy\u00a0\u00bb items_per_page=\u00a0\u00bb12&Prime; gap=\u00a0\u00bb0&Prime; orderby=\u00a0\u00bbmenu_order\u00a0\u00bb order=\u00a0\u00bbASC\u00a0\u00bb item=\u00a0\u00bb17021&Prime; grid_id=\u00a0\u00bbvc_gid:1592316734409-2675cdf3-7e21-5&Prime; taxonomies=\u00a0\u00bb54&Prime; css=\u00a0\u00bb.vc_custom_1589478266641{margin: 0px !important;padding: 0px !important;border: 0px initial !important;}\u00a0\u00bb][\/vc_column][\/vc_row][vc_row][vc_column css=\u00a0\u00bb.vc_custom_1589478359500{margin: 0px !important;padding: 0px !important;border: 0px initial !important;}\u00a0\u00bb][vc_basic_grid post_type=\u00a0\u00bbpartner\u00a0\u00bb max_items=\u00a0\u00bb-1&Prime; style=\u00a0\u00bblazy\u00a0\u00bb items_per_page=\u00a0\u00bb12&Prime; show_filter=\u00a0\u00bbyes\u00a0\u00bb element_width=\u00a0\u00bb3&Prime; orderby=\u00a0\u00bbtitle\u00a0\u00bb order=\u00a0\u00bbASC\u00a0\u00bb filter_style=\u00a0\u00bbfilled-rounded\u00a0\u00bb item=\u00a0\u00bb17021&Prime; grid_id=\u00a0\u00bbvc_gid:1592316734410-1a7a3b7f-26a8-2&Prime; filter_source=\u00a0\u00bbpartner_category\u00a0\u00bb exclude=\u00a0\u00bb242, 243, 245, 12784, 17148&Prime; taxonomies=\u00a0\u00bb48, 49, 50, 51, 52, 53, 110&Prime;][\/vc_column][\/vc_row]<\/p>\n","protected":false},"excerpt":{"rendered":"<p>[vc_row][vc_column][\/vc_column][\/vc_row][vc_row content_placement=\u00a0\u00bbmiddle\u00a0\u00bb css=\u00a0\u00bb.vc_custom_1589478344564{margin: 0px !important;padding: 0px !important;border: 0px initial !important;}\u00a0\u00bb][vc_column el_class=\u00a0\u00bbcenter\u00a0\u00bb][vc_column_text]Present offre une exp\u00e9rience de classe mondiale avec des solutions compl\u00e8tes \u00e0 partir d&rsquo;un seul point de contact pour tous vos besoins mat\u00e9riels et logiciels.[\/vc_column_text][vc_basic_grid post_type=\u00a0\u00bbpartner\u00a0\u00bb max_items=\u00a0\u00bb-1&Prime; style=\u00a0\u00bblazy\u00a0\u00bb items_per_page=\u00a0\u00bb12&Prime; gap=\u00a0\u00bb0&Prime; orderby=\u00a0\u00bbmenu_order\u00a0\u00bb order=\u00a0\u00bbASC\u00a0\u00bb item=\u00a0\u00bb17021&Prime; grid_id=\u00a0\u00bbvc_gid:1592316734409-2675cdf3-7e21-5&Prime; taxonomies=\u00a0\u00bb54&Prime; css=\u00a0\u00bb.vc_custom_1589478266641{margin: 0px !important;padding: 0px !important;border: 0px initial !important;}\u00a0\u00bb][\/vc_column][\/vc_row][vc_row][vc_column css=\u00a0\u00bb.vc_custom_1589478359500{margin: 0px [&#8230;]<\/p>\n","protected":false},"author":3,"featured_media":18778,"parent":17624,"menu_order":2,"comment_status":"closed","ping_status":"closed","template":"","meta":{"_acf_changed":false,"footnotes":"","_wp_rev_ctl_limit":""},"class_list":["post-17576","page","type-page","status-publish","has-post-thumbnail","hentry"],"acf":[],"yoast_head":"<!-- This site is optimized with the Yoast SEO plugin v27.3 - https:\/\/yoast.com\/product\/yoast-seo-wordpress\/ -->\n<title>Partenaires - Services &amp; Solutions TI pour entreprises | Present<\/title>\n<meta name=\"description\" content=\"Gr\u00e2ce \u00e0 notre solide r\u00e9seau de partenaires, vous aurez acc\u00e8s \u00e0 des conseils d&#039;experts pour tous vos choix technologiques.\" \/>\n<meta name=\"robots\" content=\"index, follow, max-snippet:-1, max-image-preview:large, max-video-preview:-1\" \/>\n<link rel=\"canonical\" href=\"https:\/\/www.present.ca\/fr\/a-propos\/rencontrez-nos-partenaires\/\" \/>\n<meta property=\"og:locale\" content=\"fr_FR\" \/>\n<meta property=\"og:type\" content=\"article\" \/>\n<meta property=\"og:title\" content=\"Partenaires - Services &amp; Solutions TI pour entreprises | Present\" \/>\n<meta property=\"og:description\" content=\"Gr\u00e2ce \u00e0 notre solide r\u00e9seau de partenaires, vous aurez acc\u00e8s \u00e0 des conseils d&#039;experts pour tous vos choix technologiques.\" \/>\n<meta property=\"og:url\" content=\"https:\/\/www.present.ca\/fr\/a-propos\/rencontrez-nos-partenaires\/\" \/>\n<meta property=\"og:site_name\" content=\"Present\" \/>\n<meta property=\"article:modified_time\" content=\"2020-06-16T14:12:36+00:00\" \/>\n<meta property=\"og:image\" content=\"https:\/\/www.present.ca\/wp-content\/uploads\/2020\/05\/shutterstock_555557905-1024x683.jpg\" \/>\n\t<meta property=\"og:image:width\" content=\"1024\" \/>\n\t<meta property=\"og:image:height\" content=\"683\" \/>\n\t<meta property=\"og:image:type\" content=\"image\/jpeg\" \/>\n<meta name=\"twitter:card\" content=\"summary_large_image\" \/>\n<meta name=\"twitter:label1\" content=\"Dur\u00e9e de lecture estim\u00e9e\" \/>\n\t<meta name=\"twitter:data1\" content=\"1 minute\" \/>\n<script type=\"application\/ld+json\" class=\"yoast-schema-graph\">{\"@context\":\"https:\\\/\\\/schema.org\",\"@graph\":[{\"@type\":\"WebPage\",\"@id\":\"https:\\\/\\\/www.present.ca\\\/fr\\\/a-propos\\\/rencontrez-nos-partenaires\\\/\",\"url\":\"https:\\\/\\\/www.present.ca\\\/fr\\\/a-propos\\\/rencontrez-nos-partenaires\\\/\",\"name\":\"Partenaires - Services & Solutions TI pour entreprises | Present\",\"isPartOf\":{\"@id\":\"https:\\\/\\\/www.present.ca\\\/fr\\\/#website\"},\"primaryImageOfPage\":{\"@id\":\"https:\\\/\\\/www.present.ca\\\/fr\\\/a-propos\\\/rencontrez-nos-partenaires\\\/#primaryimage\"},\"image\":{\"@id\":\"https:\\\/\\\/www.present.ca\\\/fr\\\/a-propos\\\/rencontrez-nos-partenaires\\\/#primaryimage\"},\"thumbnailUrl\":\"https:\\\/\\\/www.present.ca\\\/wp-content\\\/uploads\\\/2020\\\/05\\\/shutterstock_555557905.jpg\",\"datePublished\":\"2016-07-22T19:15:26+00:00\",\"dateModified\":\"2020-06-16T14:12:36+00:00\",\"description\":\"Gr\u00e2ce \u00e0 notre solide r\u00e9seau de partenaires, vous aurez acc\u00e8s \u00e0 des conseils d'experts pour tous vos choix technologiques.\",\"breadcrumb\":{\"@id\":\"https:\\\/\\\/www.present.ca\\\/fr\\\/a-propos\\\/rencontrez-nos-partenaires\\\/#breadcrumb\"},\"inLanguage\":\"fr-FR\",\"potentialAction\":[{\"@type\":\"ReadAction\",\"target\":[\"https:\\\/\\\/www.present.ca\\\/fr\\\/a-propos\\\/rencontrez-nos-partenaires\\\/\"]}]},{\"@type\":\"ImageObject\",\"inLanguage\":\"fr-FR\",\"@id\":\"https:\\\/\\\/www.present.ca\\\/fr\\\/a-propos\\\/rencontrez-nos-partenaires\\\/#primaryimage\",\"url\":\"https:\\\/\\\/www.present.ca\\\/wp-content\\\/uploads\\\/2020\\\/05\\\/shutterstock_555557905.jpg\",\"contentUrl\":\"https:\\\/\\\/www.present.ca\\\/wp-content\\\/uploads\\\/2020\\\/05\\\/shutterstock_555557905.jpg\",\"width\":1920,\"height\":1280,\"caption\":\"Meet Present's partners\"},{\"@type\":\"BreadcrumbList\",\"@id\":\"https:\\\/\\\/www.present.ca\\\/fr\\\/a-propos\\\/rencontrez-nos-partenaires\\\/#breadcrumb\",\"itemListElement\":[{\"@type\":\"ListItem\",\"position\":1,\"name\":\"Accueil\",\"item\":\"https:\\\/\\\/www.present.ca\\\/fr\\\/\"},{\"@type\":\"ListItem\",\"position\":2,\"name\":\"\u00c0 Propos\",\"item\":\"https:\\\/\\\/www.present.ca\\\/fr\\\/a-propos\\\/\"},{\"@type\":\"ListItem\",\"position\":3,\"name\":\"Rencontrez nos partenaires\"}]},{\"@type\":\"WebSite\",\"@id\":\"https:\\\/\\\/www.present.ca\\\/fr\\\/#website\",\"url\":\"https:\\\/\\\/www.present.ca\\\/fr\\\/\",\"name\":\"Present\",\"description\":\"Services G\u00e9r\u00e9s TI, S\u00e9curit\u00e9 G\u00e9r\u00e9e TI et Solutions de Cloud Hybride\",\"potentialAction\":[{\"@type\":\"SearchAction\",\"target\":{\"@type\":\"EntryPoint\",\"urlTemplate\":\"https:\\\/\\\/www.present.ca\\\/fr\\\/?s={search_term_string}\"},\"query-input\":{\"@type\":\"PropertyValueSpecification\",\"valueRequired\":true,\"valueName\":\"search_term_string\"}}],\"inLanguage\":\"fr-FR\"}]}<\/script>\n<!-- \/ Yoast SEO plugin. -->","yoast_head_json":{"title":"Partenaires - Services & Solutions TI pour entreprises | Present","description":"Gr\u00e2ce \u00e0 notre solide r\u00e9seau de partenaires, vous aurez acc\u00e8s \u00e0 des conseils d'experts pour tous vos choix technologiques.","robots":{"index":"index","follow":"follow","max-snippet":"max-snippet:-1","max-image-preview":"max-image-preview:large","max-video-preview":"max-video-preview:-1"},"canonical":"https:\/\/www.present.ca\/fr\/a-propos\/rencontrez-nos-partenaires\/","og_locale":"fr_FR","og_type":"article","og_title":"Partenaires - Services & Solutions TI pour entreprises | Present","og_description":"Gr\u00e2ce \u00e0 notre solide r\u00e9seau de partenaires, vous aurez acc\u00e8s \u00e0 des conseils d'experts pour tous vos choix technologiques.","og_url":"https:\/\/www.present.ca\/fr\/a-propos\/rencontrez-nos-partenaires\/","og_site_name":"Present","article_modified_time":"2020-06-16T14:12:36+00:00","og_image":[{"width":1024,"height":683,"url":"https:\/\/www.present.ca\/wp-content\/uploads\/2020\/05\/shutterstock_555557905-1024x683.jpg","type":"image\/jpeg"}],"twitter_card":"summary_large_image","twitter_misc":{"Dur\u00e9e de lecture estim\u00e9e":"1 minute"},"schema":{"@context":"https:\/\/schema.org","@graph":[{"@type":"WebPage","@id":"https:\/\/www.present.ca\/fr\/a-propos\/rencontrez-nos-partenaires\/","url":"https:\/\/www.present.ca\/fr\/a-propos\/rencontrez-nos-partenaires\/","name":"Partenaires - Services & Solutions TI pour entreprises | Present","isPartOf":{"@id":"https:\/\/www.present.ca\/fr\/#website"},"primaryImageOfPage":{"@id":"https:\/\/www.present.ca\/fr\/a-propos\/rencontrez-nos-partenaires\/#primaryimage"},"image":{"@id":"https:\/\/www.present.ca\/fr\/a-propos\/rencontrez-nos-partenaires\/#primaryimage"},"thumbnailUrl":"https:\/\/www.present.ca\/wp-content\/uploads\/2020\/05\/shutterstock_555557905.jpg","datePublished":"2016-07-22T19:15:26+00:00","dateModified":"2020-06-16T14:12:36+00:00","description":"Gr\u00e2ce \u00e0 notre solide r\u00e9seau de partenaires, vous aurez acc\u00e8s \u00e0 des conseils d'experts pour tous vos choix technologiques.","breadcrumb":{"@id":"https:\/\/www.present.ca\/fr\/a-propos\/rencontrez-nos-partenaires\/#breadcrumb"},"inLanguage":"fr-FR","potentialAction":[{"@type":"ReadAction","target":["https:\/\/www.present.ca\/fr\/a-propos\/rencontrez-nos-partenaires\/"]}]},{"@type":"ImageObject","inLanguage":"fr-FR","@id":"https:\/\/www.present.ca\/fr\/a-propos\/rencontrez-nos-partenaires\/#primaryimage","url":"https:\/\/www.present.ca\/wp-content\/uploads\/2020\/05\/shutterstock_555557905.jpg","contentUrl":"https:\/\/www.present.ca\/wp-content\/uploads\/2020\/05\/shutterstock_555557905.jpg","width":1920,"height":1280,"caption":"Meet Present's partners"},{"@type":"BreadcrumbList","@id":"https:\/\/www.present.ca\/fr\/a-propos\/rencontrez-nos-partenaires\/#breadcrumb","itemListElement":[{"@type":"ListItem","position":1,"name":"Accueil","item":"https:\/\/www.present.ca\/fr\/"},{"@type":"ListItem","position":2,"name":"\u00c0 Propos","item":"https:\/\/www.present.ca\/fr\/a-propos\/"},{"@type":"ListItem","position":3,"name":"Rencontrez nos partenaires"}]},{"@type":"WebSite","@id":"https:\/\/www.present.ca\/fr\/#website","url":"https:\/\/www.present.ca\/fr\/","name":"Present","description":"Services G\u00e9r\u00e9s TI, S\u00e9curit\u00e9 G\u00e9r\u00e9e TI et Solutions de Cloud Hybride","potentialAction":[{"@type":"SearchAction","target":{"@type":"EntryPoint","urlTemplate":"https:\/\/www.present.ca\/fr\/?s={search_term_string}"},"query-input":{"@type":"PropertyValueSpecification","valueRequired":true,"valueName":"search_term_string"}}],"inLanguage":"fr-FR"}]}},"_links":{"self":[{"href":"https:\/\/www.present.ca\/fr\/wp-json\/wp\/v2\/pages\/17576","targetHints":{"allow":["GET"]}}],"collection":[{"href":"https:\/\/www.present.ca\/fr\/wp-json\/wp\/v2\/pages"}],"about":[{"href":"https:\/\/www.present.ca\/fr\/wp-json\/wp\/v2\/types\/page"}],"author":[{"embeddable":true,"href":"https:\/\/www.present.ca\/fr\/wp-json\/wp\/v2\/users\/3"}],"replies":[{"embeddable":true,"href":"https:\/\/www.present.ca\/fr\/wp-json\/wp\/v2\/comments?post=17576"}],"version-history":[{"count":1,"href":"https:\/\/www.present.ca\/fr\/wp-json\/wp\/v2\/pages\/17576\/revisions"}],"predecessor-version":[{"id":20597,"href":"https:\/\/www.present.ca\/fr\/wp-json\/wp\/v2\/pages\/17576\/revisions\/20597"}],"up":[{"embeddable":true,"href":"https:\/\/www.present.ca\/fr\/wp-json\/wp\/v2\/pages\/17624"}],"wp:featuredmedia":[{"embeddable":true,"href":"https:\/\/www.present.ca\/fr\/wp-json\/wp\/v2\/media\/18778"}],"wp:attachment":[{"href":"https:\/\/www.present.ca\/fr\/wp-json\/wp\/v2\/media?parent=17576"}],"curies":[{"name":"wp","href":"https:\/\/api.w.org\/{rel}","templated":true}]}}