{"id":17569,"date":"2020-04-15T12:13:14","date_gmt":"2020-04-15T16:13:14","guid":{"rendered":"https:\/\/www.present.ca\/ressources\/"},"modified":"2020-06-08T11:25:03","modified_gmt":"2020-06-08T15:25:03","slug":"ressources","status":"publish","type":"page","link":"https:\/\/www.present.ca\/fr\/ressources\/","title":{"rendered":"Ressources"},"content":{"rendered":"<p>[vc_row][vc_column width=\u00a0\u00bb1\/3&Prime;]<div id=\"ultimate-heading-611469f4cd9a6cc44\" class=\"uvc-heading ult-adjust-bottom-margin ultimate-heading-611469f4cd9a6cc44 uvc-2160 \" data-hspacer=\"no_spacer\"  data-halign=\"center\" style=\"text-align:center\"><div class=\"uvc-heading-spacer no_spacer\" style=\"top\"><\/div><div class=\"uvc-main-heading ult-responsive\"  data-ultimate-target='.uvc-heading.ultimate-heading-611469f4cd9a6cc44 h3'  data-responsive-json-new='{\"font-size\":\"\",\"line-height\":\"\"}' ><h3 style=\"font-weight:normal;\">\u00c9tudes de cas<\/h3><\/div><\/div>[\/vc_column][vc_column width=\u00a0\u00bb1\/3&Prime;]<div id=\"ultimate-heading-253069f4cd9a6cc8b\" class=\"uvc-heading ult-adjust-bottom-margin ultimate-heading-253069f4cd9a6cc8b uvc-9247 \" data-hspacer=\"no_spacer\"  data-halign=\"center\" style=\"text-align:center\"><div class=\"uvc-heading-spacer no_spacer\" style=\"top\"><\/div><div class=\"uvc-main-heading ult-responsive\"  data-ultimate-target='.uvc-heading.ultimate-heading-253069f4cd9a6cc8b h3'  data-responsive-json-new='{\"font-size\":\"\",\"line-height\":\"\"}' ><h3 style=\"font-weight:normal;\">eBooks<\/h3><\/div><\/div>[\/vc_column][vc_column width=\u00a0\u00bb1\/3&Prime;]<div id=\"ultimate-heading-834669f4cd9a6ccb1\" class=\"uvc-heading ult-adjust-bottom-margin ultimate-heading-834669f4cd9a6ccb1 uvc-8845 \" data-hspacer=\"no_spacer\"  data-halign=\"center\" style=\"text-align:center\"><div class=\"uvc-heading-spacer no_spacer\" style=\"top\"><\/div><div class=\"uvc-main-heading ult-responsive\"  data-ultimate-target='.uvc-heading.ultimate-heading-834669f4cd9a6ccb1 h3'  data-responsive-json-new='{\"font-size\":\"\",\"line-height\":\"\"}' ><h3 style=\"font-weight:normal;\">Vid\u00e9os Corporatifs<\/h3><\/div><\/div>[\/vc_column][\/vc_row]<\/p>\n","protected":false},"excerpt":{"rendered":"<p>[vc_row][vc_column width=\u00a0\u00bb1\/3&Prime;][\/vc_column][vc_column width=\u00a0\u00bb1\/3&Prime;][\/vc_column][vc_column width=\u00a0\u00bb1\/3&Prime;][\/vc_column][\/vc_row]<\/p>\n","protected":false},"author":3,"featured_media":0,"parent":0,"menu_order":3,"comment_status":"closed","ping_status":"closed","template":"","meta":{"_acf_changed":false,"footnotes":"","_wp_rev_ctl_limit":""},"class_list":["post-17569","page","type-page","status-publish","hentry"],"acf":[],"yoast_head":"<!-- This site is optimized with the Yoast SEO plugin v27.3 - https:\/\/yoast.com\/product\/yoast-seo-wordpress\/ -->\n<title>Ressources - Present -Solutions &amp; Services TI - Montr\u00e9al, Toronto, Qu\u00e9bec<\/title>\n<meta name=\"description\" content=\"D\u00e9couvrez nos derniers livres blancs, \u00e9tudes de cas et vid\u00e9os corporatifs - Du contenus TI qui vous aidera dans l&#039;avancement de vos projets.\" \/>\n<meta name=\"robots\" content=\"index, follow, max-snippet:-1, max-image-preview:large, max-video-preview:-1\" \/>\n<link rel=\"canonical\" href=\"https:\/\/www.present.ca\/fr\/ressources\/\" \/>\n<meta property=\"og:locale\" content=\"fr_FR\" \/>\n<meta property=\"og:type\" content=\"article\" \/>\n<meta property=\"og:title\" content=\"Ressources - Present -Solutions &amp; Services TI - Montr\u00e9al, Toronto, Qu\u00e9bec\" \/>\n<meta property=\"og:description\" content=\"D\u00e9couvrez nos derniers livres blancs, \u00e9tudes de cas et vid\u00e9os corporatifs - Du contenus TI qui vous aidera dans l&#039;avancement de vos projets.\" \/>\n<meta property=\"og:url\" content=\"https:\/\/www.present.ca\/fr\/ressources\/\" \/>\n<meta property=\"og:site_name\" content=\"Present\" \/>\n<meta property=\"article:modified_time\" content=\"2020-06-08T15:25:03+00:00\" \/>\n<meta name=\"twitter:card\" content=\"summary_large_image\" \/>\n<script type=\"application\/ld+json\" class=\"yoast-schema-graph\">{\"@context\":\"https:\\\/\\\/schema.org\",\"@graph\":[{\"@type\":\"WebPage\",\"@id\":\"https:\\\/\\\/www.present.ca\\\/fr\\\/ressources\\\/\",\"url\":\"https:\\\/\\\/www.present.ca\\\/fr\\\/ressources\\\/\",\"name\":\"Ressources - Present -Solutions & Services TI - Montr\u00e9al, Toronto, Qu\u00e9bec\",\"isPartOf\":{\"@id\":\"https:\\\/\\\/www.present.ca\\\/fr\\\/#website\"},\"datePublished\":\"2020-04-15T16:13:14+00:00\",\"dateModified\":\"2020-06-08T15:25:03+00:00\",\"description\":\"D\u00e9couvrez nos derniers livres blancs, \u00e9tudes de cas et vid\u00e9os corporatifs - Du contenus TI qui vous aidera dans l'avancement de vos projets.\",\"breadcrumb\":{\"@id\":\"https:\\\/\\\/www.present.ca\\\/fr\\\/ressources\\\/#breadcrumb\"},\"inLanguage\":\"fr-FR\",\"potentialAction\":[{\"@type\":\"ReadAction\",\"target\":[\"https:\\\/\\\/www.present.ca\\\/fr\\\/ressources\\\/\"]}]},{\"@type\":\"BreadcrumbList\",\"@id\":\"https:\\\/\\\/www.present.ca\\\/fr\\\/ressources\\\/#breadcrumb\",\"itemListElement\":[{\"@type\":\"ListItem\",\"position\":1,\"name\":\"Accueil\",\"item\":\"https:\\\/\\\/www.present.ca\\\/fr\\\/\"},{\"@type\":\"ListItem\",\"position\":2,\"name\":\"Ressources\"}]},{\"@type\":\"WebSite\",\"@id\":\"https:\\\/\\\/www.present.ca\\\/fr\\\/#website\",\"url\":\"https:\\\/\\\/www.present.ca\\\/fr\\\/\",\"name\":\"Present\",\"description\":\"Services G\u00e9r\u00e9s TI, S\u00e9curit\u00e9 G\u00e9r\u00e9e TI et Solutions de Cloud Hybride\",\"potentialAction\":[{\"@type\":\"SearchAction\",\"target\":{\"@type\":\"EntryPoint\",\"urlTemplate\":\"https:\\\/\\\/www.present.ca\\\/fr\\\/?s={search_term_string}\"},\"query-input\":{\"@type\":\"PropertyValueSpecification\",\"valueRequired\":true,\"valueName\":\"search_term_string\"}}],\"inLanguage\":\"fr-FR\"}]}<\/script>\n<!-- \/ Yoast SEO plugin. -->","yoast_head_json":{"title":"Ressources - Present -Solutions & Services TI - Montr\u00e9al, Toronto, Qu\u00e9bec","description":"D\u00e9couvrez nos derniers livres blancs, \u00e9tudes de cas et vid\u00e9os corporatifs - Du contenus TI qui vous aidera dans l'avancement de vos projets.","robots":{"index":"index","follow":"follow","max-snippet":"max-snippet:-1","max-image-preview":"max-image-preview:large","max-video-preview":"max-video-preview:-1"},"canonical":"https:\/\/www.present.ca\/fr\/ressources\/","og_locale":"fr_FR","og_type":"article","og_title":"Ressources - Present -Solutions & Services TI - Montr\u00e9al, Toronto, Qu\u00e9bec","og_description":"D\u00e9couvrez nos derniers livres blancs, \u00e9tudes de cas et vid\u00e9os corporatifs - Du contenus TI qui vous aidera dans l'avancement de vos projets.","og_url":"https:\/\/www.present.ca\/fr\/ressources\/","og_site_name":"Present","article_modified_time":"2020-06-08T15:25:03+00:00","twitter_card":"summary_large_image","schema":{"@context":"https:\/\/schema.org","@graph":[{"@type":"WebPage","@id":"https:\/\/www.present.ca\/fr\/ressources\/","url":"https:\/\/www.present.ca\/fr\/ressources\/","name":"Ressources - Present -Solutions & Services TI - Montr\u00e9al, Toronto, Qu\u00e9bec","isPartOf":{"@id":"https:\/\/www.present.ca\/fr\/#website"},"datePublished":"2020-04-15T16:13:14+00:00","dateModified":"2020-06-08T15:25:03+00:00","description":"D\u00e9couvrez nos derniers livres blancs, \u00e9tudes de cas et vid\u00e9os corporatifs - Du contenus TI qui vous aidera dans l'avancement de vos projets.","breadcrumb":{"@id":"https:\/\/www.present.ca\/fr\/ressources\/#breadcrumb"},"inLanguage":"fr-FR","potentialAction":[{"@type":"ReadAction","target":["https:\/\/www.present.ca\/fr\/ressources\/"]}]},{"@type":"BreadcrumbList","@id":"https:\/\/www.present.ca\/fr\/ressources\/#breadcrumb","itemListElement":[{"@type":"ListItem","position":1,"name":"Accueil","item":"https:\/\/www.present.ca\/fr\/"},{"@type":"ListItem","position":2,"name":"Ressources"}]},{"@type":"WebSite","@id":"https:\/\/www.present.ca\/fr\/#website","url":"https:\/\/www.present.ca\/fr\/","name":"Present","description":"Services G\u00e9r\u00e9s TI, S\u00e9curit\u00e9 G\u00e9r\u00e9e TI et Solutions de Cloud Hybride","potentialAction":[{"@type":"SearchAction","target":{"@type":"EntryPoint","urlTemplate":"https:\/\/www.present.ca\/fr\/?s={search_term_string}"},"query-input":{"@type":"PropertyValueSpecification","valueRequired":true,"valueName":"search_term_string"}}],"inLanguage":"fr-FR"}]}},"_links":{"self":[{"href":"https:\/\/www.present.ca\/fr\/wp-json\/wp\/v2\/pages\/17569","targetHints":{"allow":["GET"]}}],"collection":[{"href":"https:\/\/www.present.ca\/fr\/wp-json\/wp\/v2\/pages"}],"about":[{"href":"https:\/\/www.present.ca\/fr\/wp-json\/wp\/v2\/types\/page"}],"author":[{"embeddable":true,"href":"https:\/\/www.present.ca\/fr\/wp-json\/wp\/v2\/users\/3"}],"replies":[{"embeddable":true,"href":"https:\/\/www.present.ca\/fr\/wp-json\/wp\/v2\/comments?post=17569"}],"version-history":[{"count":0,"href":"https:\/\/www.present.ca\/fr\/wp-json\/wp\/v2\/pages\/17569\/revisions"}],"wp:attachment":[{"href":"https:\/\/www.present.ca\/fr\/wp-json\/wp\/v2\/media?parent=17569"}],"curies":[{"name":"wp","href":"https:\/\/api.w.org\/{rel}","templated":true}]}}