{"id":14244,"date":"2019-11-27T11:51:14","date_gmt":"2019-11-27T16:51:14","guid":{"rendered":"http:\/\/www.present.ca\/?page_id=14244"},"modified":"2024-01-03T15:44:53","modified_gmt":"2024-01-03T20:44:53","slug":"etude-de-cas-migration-vers-aws-et-support-24h-24-et-7j-7","status":"publish","type":"page","link":"https:\/\/www.present.ca\/fr\/ressources\/etude-de-cas\/etude-de-cas-migration-vers-aws-et-support-24h-24-et-7j-7\/","title":{"rendered":"\u00c9tude de cas: Migration vers AWS et support 24h\/24 et 7j\/7"},"content":{"rendered":"<p>[vc_row][vc_column]<div id=\"ultimate-heading-578369e37aa2ac750\" class=\"uvc-heading ult-adjust-bottom-margin ultimate-heading-578369e37aa2ac750 uvc-3222 \" data-hspacer=\"no_spacer\"  data-halign=\"center\" style=\"text-align:center\"><div class=\"uvc-heading-spacer no_spacer\" style=\"top\"><\/div><div class=\"uvc-main-heading ult-responsive\"  data-ultimate-target='.uvc-heading.ultimate-heading-578369e37aa2ac750 h2'  data-responsive-json-new='{\"font-size\":\"\",\"line-height\":\"\"}' ><h2 style=\"font-weight:normal;\">Industrie : transport et logistique<\/h2><\/div><div class=\"uvc-sub-heading ult-responsive\"  data-ultimate-target='.uvc-heading.ultimate-heading-578369e37aa2ac750 .uvc-sub-heading '  data-responsive-json-new='{\"font-size\":\"\",\"line-height\":\"\"}'  style=\"font-weight:normal;\"><\/p>\n<h4><strong>Client\u00a0:\u00a0<\/strong>entreprise mondiale qui offre des solutions de transports intelligentes<\/h4>\n<p><\/div><\/div>[\/vc_column][\/vc_row][vc_row][vc_column width=\u00a0\u00bb1\/3&Prime;][vc_column_text]<strong>D\u00e9fis\u00a0: <\/strong><\/p>\n<ul>\n<li>Offrir un support utilisateur et soutenir 50 \u00e0 60 postes pour les bureaux qui sont situ\u00e9s \u00e0 travers le monde (notamment au Maroc, \u00e0 Montr\u00e9al et \u00e0 Mirabel).<\/li>\n<li>Support technique de l\u2019infrastructure qui doit \u00eatre fonctionnelle en tout temps<\/li>\n<li>Migration de l\u2019infrastructure d\u2019un fournisseur cloud local vers AWS et support technique 24h\/24 et 7j \/ 7<\/li>\n<\/ul>\n<p>[\/vc_column_text][\/vc_column][vc_column width=\u00a0\u00bb1\/3&Prime;][vc_column_text]<strong>Solution\u00a0:<\/strong><\/p>\n<p>Services g\u00e9r\u00e9s: sous-traiter l\u2019ensemble de leurs op\u00e9rations TI \u00e0 Present[\/vc_column_text][\/vc_column][vc_column width=\u00a0\u00bb1\/3&Prime;][vc_column_text]<strong>B\u00e9n\u00e9fices\u00a0:<\/strong><\/p>\n<ul>\n<li>Avoir recourt \u00e0 l\u2019assistance et au support technique 24h\/24, 7j\/7 malgr\u00e9 le d\u00e9calage horaire<\/li>\n<li>La migration du cloud AWS offre une solution qui est beaucoup plus fiable et s\u00e9curitaire.<\/li>\n<li>Diminution des risques reli\u00e9s \u00e0 une panne de service<\/li>\n<\/ul>\n<p>[\/vc_column_text][\/vc_column][\/vc_row][vc_row full_width=\u00a0\u00bbstretch_row_content\u00a0\u00bb bg_type=\u00a0\u00bbbg_color\u00a0\u00bb el_class=\u00a0\u00bbtilt-pos-3-deg\u00a0\u00bb css=\u00a0\u00bb.vc_custom_1588250693452{padding-top: 25px !important;padding-bottom: 25px !important;}\u00a0\u00bb bg_color_value=\u00a0\u00bb#16a361&Prime;][vc_column]<div id=\"ultimate-heading-290669e37aa2ac7c0\" class=\"uvc-heading ult-adjust-bottom-margin ultimate-heading-290669e37aa2ac7c0 uvc-3358 \" data-hspacer=\"no_spacer\"  data-halign=\"center\" style=\"text-align:center\"><div class=\"uvc-heading-spacer no_spacer\" style=\"top\"><\/div><div class=\"uvc-main-heading ult-responsive\"  data-ultimate-target='.uvc-heading.ultimate-heading-290669e37aa2ac7c0 h3'  data-responsive-json-new='{\"font-size\":\"\",\"line-height\":\"\"}' ><h3 style=\"font-weight:normal;margin-top:10px;margin-bottom:25px;\">Contactez-nous pour en apprendre d'avantage sur cet \u00e9tude de cas.<\/h3><\/div><\/div><div class=\" ubtn-ctn-center \"><a class=\"ubtn-link ult-adjust-bottom-margin ubtn-center ubtn-normal \" href=\"\/fr\/contactez-present\/\" title=\"Contactez Present\" ><button type=\"button\" id=\"ubtn-2118\"  class=\"ubtn ult-adjust-bottom-margin ult-responsive ubtn-normal ubtn-no-hover-bg  none  ubtn-center   tooltip-69e37aa2ac811\"  data-hover=\"#ffffff\" data-border-color=\"#ffffff\" data-bg=\"#ffffff\" data-hover-bg=\"#000000\" data-border-hover=\"#ffffff\" data-shadow-hover=\"\" data-shadow-click=\"none\" data-shadow=\"\" data-shd-shadow=\"\"  data-ultimate-target='#ubtn-2118'  data-responsive-json-new='{\"font-size\":\"desktop:18px;\",\"line-height\":\"desktop:24px;\"}'  style=\"font-weight:bold;border-radius:5px;border-width:3px;border-color:#ffffff;border-style:solid;background: #ffffff;color: #16a361;\"><span class=\"ubtn-hover\" style=\"background-color:#000000\"><\/span><span class=\"ubtn-data ubtn-text \" >Parlons-en<\/span><\/button><\/a><\/div>[\/vc_column][\/vc_row]<\/p>\n","protected":false},"excerpt":{"rendered":"<p>[vc_row][vc_column][\/vc_column][\/vc_row][vc_row][vc_column width=\u00a0\u00bb1\/3&Prime;][vc_column_text]D\u00e9fis\u00a0: Offrir un support utilisateur et soutenir 50 \u00e0 60 postes pour les bureaux qui sont situ\u00e9s \u00e0 travers le monde (notamment au Maroc, \u00e0 Montr\u00e9al et \u00e0 Mirabel). Support technique de l\u2019infrastructure qui doit \u00eatre fonctionnelle en tout temps Migration de l\u2019infrastructure d\u2019un fournisseur cloud local vers AWS et support technique 24h\/24 et [&#8230;]<\/p>\n","protected":false},"author":3,"featured_media":17008,"parent":10724,"menu_order":0,"comment_status":"closed","ping_status":"closed","template":"","meta":{"_acf_changed":false,"footnotes":"","_wp_rev_ctl_limit":""},"class_list":["post-14244","page","type-page","status-publish","has-post-thumbnail","hentry"],"acf":[],"yoast_head":"<!-- This site is optimized with the Yoast SEO plugin v27.3 - https:\/\/yoast.com\/product\/yoast-seo-wordpress\/ -->\n<title>\u00c9tude de cas: Migration vers AWS et support 24h\/24 et 7j\/7 - Present<\/title>\n<meta name=\"description\" content=\"La migration du cloud AWS offre une solution qui est beaucoup plus fiable et s\u00e9curitaire.\" \/>\n<meta name=\"robots\" content=\"index, follow, max-snippet:-1, max-image-preview:large, max-video-preview:-1\" \/>\n<link rel=\"canonical\" href=\"https:\/\/www.present.ca\/fr\/ressources\/etude-de-cas\/etude-de-cas-migration-vers-aws-et-support-24h-24-et-7j-7\/\" \/>\n<meta property=\"og:locale\" content=\"fr_FR\" \/>\n<meta property=\"og:type\" content=\"article\" \/>\n<meta property=\"og:title\" content=\"\u00c9tude de cas: Migration vers AWS et support 24h\/24 et 7j\/7 - Present\" \/>\n<meta property=\"og:description\" content=\"La migration du cloud AWS offre une solution qui est beaucoup plus fiable et s\u00e9curitaire.\" \/>\n<meta property=\"og:url\" content=\"https:\/\/www.present.ca\/fr\/ressources\/etude-de-cas\/etude-de-cas-migration-vers-aws-et-support-24h-24-et-7j-7\/\" \/>\n<meta property=\"og:site_name\" content=\"Present\" \/>\n<meta property=\"article:modified_time\" content=\"2024-01-03T20:44:53+00:00\" \/>\n<meta property=\"og:image\" content=\"https:\/\/www.present.ca\/wp-content\/uploads\/2020\/04\/Migration-to-AWS-and-support-24-7-bnw.jpg\" \/>\n\t<meta property=\"og:image:width\" content=\"561\" \/>\n\t<meta property=\"og:image:height\" content=\"370\" \/>\n\t<meta property=\"og:image:type\" content=\"image\/jpeg\" \/>\n<meta name=\"twitter:card\" content=\"summary_large_image\" \/>\n<meta name=\"twitter:label1\" content=\"Dur\u00e9e de lecture estim\u00e9e\" \/>\n\t<meta name=\"twitter:data1\" content=\"1 minute\" \/>\n<script type=\"application\/ld+json\" class=\"yoast-schema-graph\">{\"@context\":\"https:\\\/\\\/schema.org\",\"@graph\":[{\"@type\":\"WebPage\",\"@id\":\"https:\\\/\\\/www.present.ca\\\/fr\\\/ressources\\\/etude-de-cas\\\/etude-de-cas-migration-vers-aws-et-support-24h-24-et-7j-7\\\/\",\"url\":\"https:\\\/\\\/www.present.ca\\\/fr\\\/ressources\\\/etude-de-cas\\\/etude-de-cas-migration-vers-aws-et-support-24h-24-et-7j-7\\\/\",\"name\":\"\u00c9tude de cas: Migration vers AWS et support 24h\\\/24 et 7j\\\/7 - Present\",\"isPartOf\":{\"@id\":\"https:\\\/\\\/www.present.ca\\\/fr\\\/#website\"},\"primaryImageOfPage\":{\"@id\":\"https:\\\/\\\/www.present.ca\\\/fr\\\/ressources\\\/etude-de-cas\\\/etude-de-cas-migration-vers-aws-et-support-24h-24-et-7j-7\\\/#primaryimage\"},\"image\":{\"@id\":\"https:\\\/\\\/www.present.ca\\\/fr\\\/ressources\\\/etude-de-cas\\\/etude-de-cas-migration-vers-aws-et-support-24h-24-et-7j-7\\\/#primaryimage\"},\"thumbnailUrl\":\"https:\\\/\\\/www.present.ca\\\/wp-content\\\/uploads\\\/2020\\\/04\\\/Migration-to-AWS-and-support-24-7-bnw.jpg\",\"datePublished\":\"2019-11-27T16:51:14+00:00\",\"dateModified\":\"2024-01-03T20:44:53+00:00\",\"description\":\"La migration du cloud AWS offre une solution qui est beaucoup plus fiable et s\u00e9curitaire.\",\"breadcrumb\":{\"@id\":\"https:\\\/\\\/www.present.ca\\\/fr\\\/ressources\\\/etude-de-cas\\\/etude-de-cas-migration-vers-aws-et-support-24h-24-et-7j-7\\\/#breadcrumb\"},\"inLanguage\":\"fr-FR\",\"potentialAction\":[{\"@type\":\"ReadAction\",\"target\":[\"https:\\\/\\\/www.present.ca\\\/fr\\\/ressources\\\/etude-de-cas\\\/etude-de-cas-migration-vers-aws-et-support-24h-24-et-7j-7\\\/\"]}]},{\"@type\":\"ImageObject\",\"inLanguage\":\"fr-FR\",\"@id\":\"https:\\\/\\\/www.present.ca\\\/fr\\\/ressources\\\/etude-de-cas\\\/etude-de-cas-migration-vers-aws-et-support-24h-24-et-7j-7\\\/#primaryimage\",\"url\":\"https:\\\/\\\/www.present.ca\\\/wp-content\\\/uploads\\\/2020\\\/04\\\/Migration-to-AWS-and-support-24-7-bnw.jpg\",\"contentUrl\":\"https:\\\/\\\/www.present.ca\\\/wp-content\\\/uploads\\\/2020\\\/04\\\/Migration-to-AWS-and-support-24-7-bnw.jpg\",\"width\":561,\"height\":370},{\"@type\":\"BreadcrumbList\",\"@id\":\"https:\\\/\\\/www.present.ca\\\/fr\\\/ressources\\\/etude-de-cas\\\/etude-de-cas-migration-vers-aws-et-support-24h-24-et-7j-7\\\/#breadcrumb\",\"itemListElement\":[{\"@type\":\"ListItem\",\"position\":1,\"name\":\"Accueil\",\"item\":\"https:\\\/\\\/www.present.ca\\\/fr\\\/\"},{\"@type\":\"ListItem\",\"position\":2,\"name\":\"Ressources\",\"item\":\"https:\\\/\\\/www.present.ca\\\/fr\\\/ressources\\\/\"},{\"@type\":\"ListItem\",\"position\":3,\"name\":\"\u00c9tudes de Cas\",\"item\":\"https:\\\/\\\/www.present.ca\\\/fr\\\/ressources\\\/etude-de-cas\\\/\"},{\"@type\":\"ListItem\",\"position\":4,\"name\":\"\u00c9tude de cas: Migration vers AWS et support 24h\\\/24 et 7j\\\/7\"}]},{\"@type\":\"WebSite\",\"@id\":\"https:\\\/\\\/www.present.ca\\\/fr\\\/#website\",\"url\":\"https:\\\/\\\/www.present.ca\\\/fr\\\/\",\"name\":\"Present\",\"description\":\"Services G\u00e9r\u00e9s TI, S\u00e9curit\u00e9 G\u00e9r\u00e9e TI et Solutions de Cloud Hybride\",\"potentialAction\":[{\"@type\":\"SearchAction\",\"target\":{\"@type\":\"EntryPoint\",\"urlTemplate\":\"https:\\\/\\\/www.present.ca\\\/fr\\\/?s={search_term_string}\"},\"query-input\":{\"@type\":\"PropertyValueSpecification\",\"valueRequired\":true,\"valueName\":\"search_term_string\"}}],\"inLanguage\":\"fr-FR\"}]}<\/script>\n<!-- \/ Yoast SEO plugin. -->","yoast_head_json":{"title":"\u00c9tude de cas: Migration vers AWS et support 24h\/24 et 7j\/7 - Present","description":"La migration du cloud AWS offre une solution qui est beaucoup plus fiable et s\u00e9curitaire.","robots":{"index":"index","follow":"follow","max-snippet":"max-snippet:-1","max-image-preview":"max-image-preview:large","max-video-preview":"max-video-preview:-1"},"canonical":"https:\/\/www.present.ca\/fr\/ressources\/etude-de-cas\/etude-de-cas-migration-vers-aws-et-support-24h-24-et-7j-7\/","og_locale":"fr_FR","og_type":"article","og_title":"\u00c9tude de cas: Migration vers AWS et support 24h\/24 et 7j\/7 - Present","og_description":"La migration du cloud AWS offre une solution qui est beaucoup plus fiable et s\u00e9curitaire.","og_url":"https:\/\/www.present.ca\/fr\/ressources\/etude-de-cas\/etude-de-cas-migration-vers-aws-et-support-24h-24-et-7j-7\/","og_site_name":"Present","article_modified_time":"2024-01-03T20:44:53+00:00","og_image":[{"width":561,"height":370,"url":"https:\/\/www.present.ca\/wp-content\/uploads\/2020\/04\/Migration-to-AWS-and-support-24-7-bnw.jpg","type":"image\/jpeg"}],"twitter_card":"summary_large_image","twitter_misc":{"Dur\u00e9e de lecture estim\u00e9e":"1 minute"},"schema":{"@context":"https:\/\/schema.org","@graph":[{"@type":"WebPage","@id":"https:\/\/www.present.ca\/fr\/ressources\/etude-de-cas\/etude-de-cas-migration-vers-aws-et-support-24h-24-et-7j-7\/","url":"https:\/\/www.present.ca\/fr\/ressources\/etude-de-cas\/etude-de-cas-migration-vers-aws-et-support-24h-24-et-7j-7\/","name":"\u00c9tude de cas: Migration vers AWS et support 24h\/24 et 7j\/7 - Present","isPartOf":{"@id":"https:\/\/www.present.ca\/fr\/#website"},"primaryImageOfPage":{"@id":"https:\/\/www.present.ca\/fr\/ressources\/etude-de-cas\/etude-de-cas-migration-vers-aws-et-support-24h-24-et-7j-7\/#primaryimage"},"image":{"@id":"https:\/\/www.present.ca\/fr\/ressources\/etude-de-cas\/etude-de-cas-migration-vers-aws-et-support-24h-24-et-7j-7\/#primaryimage"},"thumbnailUrl":"https:\/\/www.present.ca\/wp-content\/uploads\/2020\/04\/Migration-to-AWS-and-support-24-7-bnw.jpg","datePublished":"2019-11-27T16:51:14+00:00","dateModified":"2024-01-03T20:44:53+00:00","description":"La migration du cloud AWS offre une solution qui est beaucoup plus fiable et s\u00e9curitaire.","breadcrumb":{"@id":"https:\/\/www.present.ca\/fr\/ressources\/etude-de-cas\/etude-de-cas-migration-vers-aws-et-support-24h-24-et-7j-7\/#breadcrumb"},"inLanguage":"fr-FR","potentialAction":[{"@type":"ReadAction","target":["https:\/\/www.present.ca\/fr\/ressources\/etude-de-cas\/etude-de-cas-migration-vers-aws-et-support-24h-24-et-7j-7\/"]}]},{"@type":"ImageObject","inLanguage":"fr-FR","@id":"https:\/\/www.present.ca\/fr\/ressources\/etude-de-cas\/etude-de-cas-migration-vers-aws-et-support-24h-24-et-7j-7\/#primaryimage","url":"https:\/\/www.present.ca\/wp-content\/uploads\/2020\/04\/Migration-to-AWS-and-support-24-7-bnw.jpg","contentUrl":"https:\/\/www.present.ca\/wp-content\/uploads\/2020\/04\/Migration-to-AWS-and-support-24-7-bnw.jpg","width":561,"height":370},{"@type":"BreadcrumbList","@id":"https:\/\/www.present.ca\/fr\/ressources\/etude-de-cas\/etude-de-cas-migration-vers-aws-et-support-24h-24-et-7j-7\/#breadcrumb","itemListElement":[{"@type":"ListItem","position":1,"name":"Accueil","item":"https:\/\/www.present.ca\/fr\/"},{"@type":"ListItem","position":2,"name":"Ressources","item":"https:\/\/www.present.ca\/fr\/ressources\/"},{"@type":"ListItem","position":3,"name":"\u00c9tudes de Cas","item":"https:\/\/www.present.ca\/fr\/ressources\/etude-de-cas\/"},{"@type":"ListItem","position":4,"name":"\u00c9tude de cas: Migration vers AWS et support 24h\/24 et 7j\/7"}]},{"@type":"WebSite","@id":"https:\/\/www.present.ca\/fr\/#website","url":"https:\/\/www.present.ca\/fr\/","name":"Present","description":"Services G\u00e9r\u00e9s TI, S\u00e9curit\u00e9 G\u00e9r\u00e9e TI et Solutions de Cloud Hybride","potentialAction":[{"@type":"SearchAction","target":{"@type":"EntryPoint","urlTemplate":"https:\/\/www.present.ca\/fr\/?s={search_term_string}"},"query-input":{"@type":"PropertyValueSpecification","valueRequired":true,"valueName":"search_term_string"}}],"inLanguage":"fr-FR"}]}},"_links":{"self":[{"href":"https:\/\/www.present.ca\/fr\/wp-json\/wp\/v2\/pages\/14244","targetHints":{"allow":["GET"]}}],"collection":[{"href":"https:\/\/www.present.ca\/fr\/wp-json\/wp\/v2\/pages"}],"about":[{"href":"https:\/\/www.present.ca\/fr\/wp-json\/wp\/v2\/types\/page"}],"author":[{"embeddable":true,"href":"https:\/\/www.present.ca\/fr\/wp-json\/wp\/v2\/users\/3"}],"replies":[{"embeddable":true,"href":"https:\/\/www.present.ca\/fr\/wp-json\/wp\/v2\/comments?post=14244"}],"version-history":[{"count":3,"href":"https:\/\/www.present.ca\/fr\/wp-json\/wp\/v2\/pages\/14244\/revisions"}],"predecessor-version":[{"id":27846,"href":"https:\/\/www.present.ca\/fr\/wp-json\/wp\/v2\/pages\/14244\/revisions\/27846"}],"up":[{"embeddable":true,"href":"https:\/\/www.present.ca\/fr\/wp-json\/wp\/v2\/pages\/10724"}],"wp:featuredmedia":[{"embeddable":true,"href":"https:\/\/www.present.ca\/fr\/wp-json\/wp\/v2\/media\/17008"}],"wp:attachment":[{"href":"https:\/\/www.present.ca\/fr\/wp-json\/wp\/v2\/media?parent=14244"}],"curies":[{"name":"wp","href":"https:\/\/api.w.org\/{rel}","templated":true}]}}