{"id":10854,"date":"2018-09-20T11:07:57","date_gmt":"2018-09-20T15:07:57","guid":{"rendered":"http:\/\/www.present.ca\/?page_id=10854"},"modified":"2024-01-03T15:45:13","modified_gmt":"2024-01-03T20:45:13","slug":"etude-de-cas-solution-de-gestion-globale-avec-sap-hana-s-4","status":"publish","type":"page","link":"https:\/\/www.present.ca\/fr\/ressources\/etude-de-cas\/etude-de-cas-solution-de-gestion-globale-avec-sap-hana-s-4\/","title":{"rendered":"\u00c9tude de cas: Solution de gestion globale avec SAP HANA S\/4"},"content":{"rendered":"<p>[vc_row][vc_column]<div id=\"ultimate-heading-773969ea592e38e2e\" class=\"uvc-heading ult-adjust-bottom-margin ultimate-heading-773969ea592e38e2e uvc-2014 \" data-hspacer=\"no_spacer\"  data-halign=\"center\" style=\"text-align:center\"><div class=\"uvc-heading-spacer no_spacer\" style=\"top\"><\/div><div class=\"uvc-main-heading ult-responsive\"  data-ultimate-target='.uvc-heading.ultimate-heading-773969ea592e38e2e h2'  data-responsive-json-new='{\"font-size\":\"\",\"line-height\":\"\"}' ><h2 style=\"font-weight:normal;\">Industrie: Pharmaceutique<\/h2><\/div><div class=\"uvc-sub-heading ult-responsive\"  data-ultimate-target='.uvc-heading.ultimate-heading-773969ea592e38e2e .uvc-sub-heading '  data-responsive-json-new='{\"font-size\":\"\",\"line-height\":\"\"}'  style=\"font-weight:normal;\"><\/p>\n<h4><strong>Client:\u00a0<\/strong>une soci\u00e9t\u00e9 pharmaceutique priv\u00e9e dont les activit\u00e9s vont de la recherche jusqu\u2019\u00e0 la commercialisation, en passant par la production<\/h4>\n<p><\/div><\/div>[\/vc_column][\/vc_row][vc_row][vc_column width=\u00a0\u00bb1\/3&Prime;][vc_column_text]<strong>D\u00e9fis:<\/strong><\/p>\n<ul>\n<li>La compagnie <span lang=\"FR-CA\">a re\u00e7u l\u2019approbation de mettre en march\u00e9 un nouveau produit dont<\/span>\u00a0les perspectives de ventes \u00e9taient des plus prometteuses. Mais leur syst\u00e8me de gestion n&rsquo;\u00e9tait pas \u00e0 la hauteur de leur plan de d\u00e9veloppement et de la croissance attendue.<\/li>\n<\/ul>\n<p>[\/vc_column_text][\/vc_column][vc_column width=\u00a0\u00bb1\/3&Prime;][vc_column_text]<strong>Solution:<\/strong><\/p>\n<ul>\n<li>D\u00e9ploiement de la solution SAP HANA S\/4.<\/li>\n<li>En plus de proc\u00e9der au dimensionnement optimis\u00e9 de l\u2019infrastructure afin de r\u00e9pondre \u00e0 la fois aux requis de performance, de fiabilit\u00e9 mais aussi de prix, Present a assur\u00e9 la coordination et la gestion des activit\u00e9s et des intervenants \u00e0 chaque \u00e9tape du projet.<\/li>\n<\/ul>\n<p>[\/vc_column_text][\/vc_column][vc_column width=\u00a0\u00bb1\/3&Prime;][vc_column_text]<strong>B\u00e9n\u00e9fices:<\/strong><\/p>\n<ul>\n<li>Le nouvel environnement permet au client de b\u00e9n\u00e9ficier d\u2019une solution de gestion globale solide, efficace et \u00e9volutive, lui permettant ainsi de se concentrer sur son succ\u00e8s.<\/li>\n<\/ul>\n<p>[\/vc_column_text][\/vc_column][\/vc_row][vc_row full_width=\u00a0\u00bbstretch_row_content\u00a0\u00bb bg_type=\u00a0\u00bbbg_color\u00a0\u00bb el_class=\u00a0\u00bbtilt-pos-3-deg\u00a0\u00bb css=\u00a0\u00bb.vc_custom_1588250693452{padding-top: 25px !important;padding-bottom: 25px !important;}\u00a0\u00bb bg_color_value=\u00a0\u00bb#16a361&Prime;][vc_column]<div id=\"ultimate-heading-95269ea592e38e7a\" class=\"uvc-heading ult-adjust-bottom-margin ultimate-heading-95269ea592e38e7a uvc-9604 \" data-hspacer=\"no_spacer\"  data-halign=\"center\" style=\"text-align:center\"><div class=\"uvc-heading-spacer no_spacer\" style=\"top\"><\/div><div class=\"uvc-main-heading ult-responsive\"  data-ultimate-target='.uvc-heading.ultimate-heading-95269ea592e38e7a h3'  data-responsive-json-new='{\"font-size\":\"\",\"line-height\":\"\"}' ><h3 style=\"font-weight:normal;margin-top:10px;margin-bottom:25px;\">Contactez-nous pour en apprendre d'avantage sur cet \u00e9tude de cas.<\/h3><\/div><\/div><div class=\" ubtn-ctn-center \"><a class=\"ubtn-link ult-adjust-bottom-margin ubtn-center ubtn-normal \" href=\"\/fr\/contactez-present\/\" title=\"Contactez Present\" ><button type=\"button\" id=\"ubtn-3487\"  class=\"ubtn ult-adjust-bottom-margin ult-responsive ubtn-normal ubtn-no-hover-bg  none  ubtn-center   tooltip-69ea592e38eac\"  data-hover=\"#ffffff\" data-border-color=\"#ffffff\" data-bg=\"#ffffff\" data-hover-bg=\"#000000\" data-border-hover=\"#ffffff\" data-shadow-hover=\"\" data-shadow-click=\"none\" data-shadow=\"\" data-shd-shadow=\"\"  data-ultimate-target='#ubtn-3487'  data-responsive-json-new='{\"font-size\":\"desktop:18px;\",\"line-height\":\"desktop:24px;\"}'  style=\"font-weight:bold;border-radius:5px;border-width:3px;border-color:#ffffff;border-style:solid;background: #ffffff;color: #16a361;\"><span class=\"ubtn-hover\" style=\"background-color:#000000\"><\/span><span class=\"ubtn-data ubtn-text \" >Parlons-en<\/span><\/button><\/a><\/div>[\/vc_column][\/vc_row]<\/p>\n","protected":false},"excerpt":{"rendered":"<p>[vc_row][vc_column][\/vc_column][\/vc_row][vc_row][vc_column width=\u00a0\u00bb1\/3&Prime;][vc_column_text]D\u00e9fis: La compagnie a re\u00e7u l\u2019approbation de mettre en march\u00e9 un nouveau produit dont\u00a0les perspectives de ventes \u00e9taient des plus prometteuses. Mais leur syst\u00e8me de gestion n&rsquo;\u00e9tait pas \u00e0 la hauteur de leur plan de d\u00e9veloppement et de la croissance attendue. [\/vc_column_text][\/vc_column][vc_column width=\u00a0\u00bb1\/3&Prime;][vc_column_text]Solution: D\u00e9ploiement de la solution SAP HANA S\/4. En plus de proc\u00e9der [&#8230;]<\/p>\n","protected":false},"author":3,"featured_media":16972,"parent":10724,"menu_order":0,"comment_status":"closed","ping_status":"closed","template":"","meta":{"_acf_changed":false,"footnotes":"","_wp_rev_ctl_limit":""},"class_list":["post-10854","page","type-page","status-publish","has-post-thumbnail","hentry"],"acf":[],"yoast_head":"<!-- This site is optimized with the Yoast SEO plugin v27.3 - https:\/\/yoast.com\/product\/yoast-seo-wordpress\/ -->\n<title>\u00c9tude de cas: Solution de gestion globale avec SAP HANA S\/4 - Present<\/title>\n<meta name=\"description\" content=\"Le nouvel environnement permet \u00e0 une soci\u00e9t\u00e9 pharmaceutique priv\u00e9e de b\u00e9n\u00e9ficier d\u2019une solution de gestion globale solide, efficace et \u00e9volutive, lui permettant ainsi de se concentrer sur son succ\u00e8s.\" \/>\n<meta name=\"robots\" content=\"index, follow, max-snippet:-1, max-image-preview:large, max-video-preview:-1\" \/>\n<link rel=\"canonical\" href=\"https:\/\/www.present.ca\/fr\/ressources\/etude-de-cas\/etude-de-cas-solution-de-gestion-globale-avec-sap-hana-s-4\/\" \/>\n<meta property=\"og:locale\" content=\"fr_FR\" \/>\n<meta property=\"og:type\" content=\"article\" \/>\n<meta property=\"og:title\" content=\"\u00c9tude de cas: Solution de gestion globale avec SAP HANA S\/4 - Present\" \/>\n<meta property=\"og:description\" content=\"Le nouvel environnement permet \u00e0 une soci\u00e9t\u00e9 pharmaceutique priv\u00e9e de b\u00e9n\u00e9ficier d\u2019une solution de gestion globale solide, efficace et \u00e9volutive, lui permettant ainsi de se concentrer sur son succ\u00e8s.\" \/>\n<meta property=\"og:url\" content=\"https:\/\/www.present.ca\/fr\/ressources\/etude-de-cas\/etude-de-cas-solution-de-gestion-globale-avec-sap-hana-s-4\/\" \/>\n<meta property=\"og:site_name\" content=\"Present\" \/>\n<meta property=\"article:modified_time\" content=\"2024-01-03T20:45:13+00:00\" \/>\n<meta property=\"og:image\" content=\"https:\/\/www.present.ca\/wp-content\/uploads\/2020\/04\/Global-Management-Solution-with-SAP-HANA-S4bw.jpg\" \/>\n\t<meta property=\"og:image:width\" content=\"561\" \/>\n\t<meta property=\"og:image:height\" content=\"370\" \/>\n\t<meta property=\"og:image:type\" content=\"image\/jpeg\" \/>\n<meta name=\"twitter:card\" content=\"summary_large_image\" \/>\n<meta name=\"twitter:label1\" content=\"Dur\u00e9e de lecture estim\u00e9e\" \/>\n\t<meta name=\"twitter:data1\" content=\"1 minute\" \/>\n<script type=\"application\/ld+json\" class=\"yoast-schema-graph\">{\"@context\":\"https:\\\/\\\/schema.org\",\"@graph\":[{\"@type\":\"WebPage\",\"@id\":\"https:\\\/\\\/www.present.ca\\\/fr\\\/ressources\\\/etude-de-cas\\\/etude-de-cas-solution-de-gestion-globale-avec-sap-hana-s-4\\\/\",\"url\":\"https:\\\/\\\/www.present.ca\\\/fr\\\/ressources\\\/etude-de-cas\\\/etude-de-cas-solution-de-gestion-globale-avec-sap-hana-s-4\\\/\",\"name\":\"\u00c9tude de cas: Solution de gestion globale avec SAP HANA S\\\/4 - Present\",\"isPartOf\":{\"@id\":\"https:\\\/\\\/www.present.ca\\\/fr\\\/#website\"},\"primaryImageOfPage\":{\"@id\":\"https:\\\/\\\/www.present.ca\\\/fr\\\/ressources\\\/etude-de-cas\\\/etude-de-cas-solution-de-gestion-globale-avec-sap-hana-s-4\\\/#primaryimage\"},\"image\":{\"@id\":\"https:\\\/\\\/www.present.ca\\\/fr\\\/ressources\\\/etude-de-cas\\\/etude-de-cas-solution-de-gestion-globale-avec-sap-hana-s-4\\\/#primaryimage\"},\"thumbnailUrl\":\"https:\\\/\\\/www.present.ca\\\/wp-content\\\/uploads\\\/2020\\\/04\\\/Global-Management-Solution-with-SAP-HANA-S4bw.jpg\",\"datePublished\":\"2018-09-20T15:07:57+00:00\",\"dateModified\":\"2024-01-03T20:45:13+00:00\",\"description\":\"Le nouvel environnement permet \u00e0 une soci\u00e9t\u00e9 pharmaceutique priv\u00e9e de b\u00e9n\u00e9ficier d\u2019une solution de gestion globale solide, efficace et \u00e9volutive, lui permettant ainsi de se concentrer sur son succ\u00e8s.\",\"breadcrumb\":{\"@id\":\"https:\\\/\\\/www.present.ca\\\/fr\\\/ressources\\\/etude-de-cas\\\/etude-de-cas-solution-de-gestion-globale-avec-sap-hana-s-4\\\/#breadcrumb\"},\"inLanguage\":\"fr-FR\",\"potentialAction\":[{\"@type\":\"ReadAction\",\"target\":[\"https:\\\/\\\/www.present.ca\\\/fr\\\/ressources\\\/etude-de-cas\\\/etude-de-cas-solution-de-gestion-globale-avec-sap-hana-s-4\\\/\"]}]},{\"@type\":\"ImageObject\",\"inLanguage\":\"fr-FR\",\"@id\":\"https:\\\/\\\/www.present.ca\\\/fr\\\/ressources\\\/etude-de-cas\\\/etude-de-cas-solution-de-gestion-globale-avec-sap-hana-s-4\\\/#primaryimage\",\"url\":\"https:\\\/\\\/www.present.ca\\\/wp-content\\\/uploads\\\/2020\\\/04\\\/Global-Management-Solution-with-SAP-HANA-S4bw.jpg\",\"contentUrl\":\"https:\\\/\\\/www.present.ca\\\/wp-content\\\/uploads\\\/2020\\\/04\\\/Global-Management-Solution-with-SAP-HANA-S4bw.jpg\",\"width\":561,\"height\":370},{\"@type\":\"BreadcrumbList\",\"@id\":\"https:\\\/\\\/www.present.ca\\\/fr\\\/ressources\\\/etude-de-cas\\\/etude-de-cas-solution-de-gestion-globale-avec-sap-hana-s-4\\\/#breadcrumb\",\"itemListElement\":[{\"@type\":\"ListItem\",\"position\":1,\"name\":\"Accueil\",\"item\":\"https:\\\/\\\/www.present.ca\\\/fr\\\/\"},{\"@type\":\"ListItem\",\"position\":2,\"name\":\"Ressources\",\"item\":\"https:\\\/\\\/www.present.ca\\\/fr\\\/ressources\\\/\"},{\"@type\":\"ListItem\",\"position\":3,\"name\":\"\u00c9tudes de Cas\",\"item\":\"https:\\\/\\\/www.present.ca\\\/fr\\\/ressources\\\/etude-de-cas\\\/\"},{\"@type\":\"ListItem\",\"position\":4,\"name\":\"\u00c9tude de cas: Solution de gestion globale avec SAP HANA S\\\/4\"}]},{\"@type\":\"WebSite\",\"@id\":\"https:\\\/\\\/www.present.ca\\\/fr\\\/#website\",\"url\":\"https:\\\/\\\/www.present.ca\\\/fr\\\/\",\"name\":\"Present\",\"description\":\"Services G\u00e9r\u00e9s TI, S\u00e9curit\u00e9 G\u00e9r\u00e9e TI et Solutions de Cloud Hybride\",\"potentialAction\":[{\"@type\":\"SearchAction\",\"target\":{\"@type\":\"EntryPoint\",\"urlTemplate\":\"https:\\\/\\\/www.present.ca\\\/fr\\\/?s={search_term_string}\"},\"query-input\":{\"@type\":\"PropertyValueSpecification\",\"valueRequired\":true,\"valueName\":\"search_term_string\"}}],\"inLanguage\":\"fr-FR\"}]}<\/script>\n<!-- \/ Yoast SEO plugin. -->","yoast_head_json":{"title":"\u00c9tude de cas: Solution de gestion globale avec SAP HANA S\/4 - Present","description":"Le nouvel environnement permet \u00e0 une soci\u00e9t\u00e9 pharmaceutique priv\u00e9e de b\u00e9n\u00e9ficier d\u2019une solution de gestion globale solide, efficace et \u00e9volutive, lui permettant ainsi de se concentrer sur son succ\u00e8s.","robots":{"index":"index","follow":"follow","max-snippet":"max-snippet:-1","max-image-preview":"max-image-preview:large","max-video-preview":"max-video-preview:-1"},"canonical":"https:\/\/www.present.ca\/fr\/ressources\/etude-de-cas\/etude-de-cas-solution-de-gestion-globale-avec-sap-hana-s-4\/","og_locale":"fr_FR","og_type":"article","og_title":"\u00c9tude de cas: Solution de gestion globale avec SAP HANA S\/4 - Present","og_description":"Le nouvel environnement permet \u00e0 une soci\u00e9t\u00e9 pharmaceutique priv\u00e9e de b\u00e9n\u00e9ficier d\u2019une solution de gestion globale solide, efficace et \u00e9volutive, lui permettant ainsi de se concentrer sur son succ\u00e8s.","og_url":"https:\/\/www.present.ca\/fr\/ressources\/etude-de-cas\/etude-de-cas-solution-de-gestion-globale-avec-sap-hana-s-4\/","og_site_name":"Present","article_modified_time":"2024-01-03T20:45:13+00:00","og_image":[{"width":561,"height":370,"url":"https:\/\/www.present.ca\/wp-content\/uploads\/2020\/04\/Global-Management-Solution-with-SAP-HANA-S4bw.jpg","type":"image\/jpeg"}],"twitter_card":"summary_large_image","twitter_misc":{"Dur\u00e9e de lecture estim\u00e9e":"1 minute"},"schema":{"@context":"https:\/\/schema.org","@graph":[{"@type":"WebPage","@id":"https:\/\/www.present.ca\/fr\/ressources\/etude-de-cas\/etude-de-cas-solution-de-gestion-globale-avec-sap-hana-s-4\/","url":"https:\/\/www.present.ca\/fr\/ressources\/etude-de-cas\/etude-de-cas-solution-de-gestion-globale-avec-sap-hana-s-4\/","name":"\u00c9tude de cas: Solution de gestion globale avec SAP HANA S\/4 - Present","isPartOf":{"@id":"https:\/\/www.present.ca\/fr\/#website"},"primaryImageOfPage":{"@id":"https:\/\/www.present.ca\/fr\/ressources\/etude-de-cas\/etude-de-cas-solution-de-gestion-globale-avec-sap-hana-s-4\/#primaryimage"},"image":{"@id":"https:\/\/www.present.ca\/fr\/ressources\/etude-de-cas\/etude-de-cas-solution-de-gestion-globale-avec-sap-hana-s-4\/#primaryimage"},"thumbnailUrl":"https:\/\/www.present.ca\/wp-content\/uploads\/2020\/04\/Global-Management-Solution-with-SAP-HANA-S4bw.jpg","datePublished":"2018-09-20T15:07:57+00:00","dateModified":"2024-01-03T20:45:13+00:00","description":"Le nouvel environnement permet \u00e0 une soci\u00e9t\u00e9 pharmaceutique priv\u00e9e de b\u00e9n\u00e9ficier d\u2019une solution de gestion globale solide, efficace et \u00e9volutive, lui permettant ainsi de se concentrer sur son succ\u00e8s.","breadcrumb":{"@id":"https:\/\/www.present.ca\/fr\/ressources\/etude-de-cas\/etude-de-cas-solution-de-gestion-globale-avec-sap-hana-s-4\/#breadcrumb"},"inLanguage":"fr-FR","potentialAction":[{"@type":"ReadAction","target":["https:\/\/www.present.ca\/fr\/ressources\/etude-de-cas\/etude-de-cas-solution-de-gestion-globale-avec-sap-hana-s-4\/"]}]},{"@type":"ImageObject","inLanguage":"fr-FR","@id":"https:\/\/www.present.ca\/fr\/ressources\/etude-de-cas\/etude-de-cas-solution-de-gestion-globale-avec-sap-hana-s-4\/#primaryimage","url":"https:\/\/www.present.ca\/wp-content\/uploads\/2020\/04\/Global-Management-Solution-with-SAP-HANA-S4bw.jpg","contentUrl":"https:\/\/www.present.ca\/wp-content\/uploads\/2020\/04\/Global-Management-Solution-with-SAP-HANA-S4bw.jpg","width":561,"height":370},{"@type":"BreadcrumbList","@id":"https:\/\/www.present.ca\/fr\/ressources\/etude-de-cas\/etude-de-cas-solution-de-gestion-globale-avec-sap-hana-s-4\/#breadcrumb","itemListElement":[{"@type":"ListItem","position":1,"name":"Accueil","item":"https:\/\/www.present.ca\/fr\/"},{"@type":"ListItem","position":2,"name":"Ressources","item":"https:\/\/www.present.ca\/fr\/ressources\/"},{"@type":"ListItem","position":3,"name":"\u00c9tudes de Cas","item":"https:\/\/www.present.ca\/fr\/ressources\/etude-de-cas\/"},{"@type":"ListItem","position":4,"name":"\u00c9tude de cas: Solution de gestion globale avec SAP HANA S\/4"}]},{"@type":"WebSite","@id":"https:\/\/www.present.ca\/fr\/#website","url":"https:\/\/www.present.ca\/fr\/","name":"Present","description":"Services G\u00e9r\u00e9s TI, S\u00e9curit\u00e9 G\u00e9r\u00e9e TI et Solutions de Cloud Hybride","potentialAction":[{"@type":"SearchAction","target":{"@type":"EntryPoint","urlTemplate":"https:\/\/www.present.ca\/fr\/?s={search_term_string}"},"query-input":{"@type":"PropertyValueSpecification","valueRequired":true,"valueName":"search_term_string"}}],"inLanguage":"fr-FR"}]}},"_links":{"self":[{"href":"https:\/\/www.present.ca\/fr\/wp-json\/wp\/v2\/pages\/10854","targetHints":{"allow":["GET"]}}],"collection":[{"href":"https:\/\/www.present.ca\/fr\/wp-json\/wp\/v2\/pages"}],"about":[{"href":"https:\/\/www.present.ca\/fr\/wp-json\/wp\/v2\/types\/page"}],"author":[{"embeddable":true,"href":"https:\/\/www.present.ca\/fr\/wp-json\/wp\/v2\/users\/3"}],"replies":[{"embeddable":true,"href":"https:\/\/www.present.ca\/fr\/wp-json\/wp\/v2\/comments?post=10854"}],"version-history":[{"count":2,"href":"https:\/\/www.present.ca\/fr\/wp-json\/wp\/v2\/pages\/10854\/revisions"}],"predecessor-version":[{"id":27849,"href":"https:\/\/www.present.ca\/fr\/wp-json\/wp\/v2\/pages\/10854\/revisions\/27849"}],"up":[{"embeddable":true,"href":"https:\/\/www.present.ca\/fr\/wp-json\/wp\/v2\/pages\/10724"}],"wp:featuredmedia":[{"embeddable":true,"href":"https:\/\/www.present.ca\/fr\/wp-json\/wp\/v2\/media\/16972"}],"wp:attachment":[{"href":"https:\/\/www.present.ca\/fr\/wp-json\/wp\/v2\/media?parent=10854"}],"curies":[{"name":"wp","href":"https:\/\/api.w.org\/{rel}","templated":true}]}}