{"id":10724,"date":"2018-08-08T16:35:28","date_gmt":"2018-08-08T20:35:28","guid":{"rendered":"http:\/\/www.present.ca\/?page_id=10724"},"modified":"2023-04-05T11:12:10","modified_gmt":"2023-04-05T15:12:10","slug":"etude-de-cas","status":"publish","type":"page","link":"https:\/\/www.present.ca\/fr\/ressources\/etude-de-cas\/","title":{"rendered":"\u00c9tudes de Cas"},"content":{"rendered":"<p>[vc_row][vc_column]<div id=\"ultimate-heading-697369d247e68f871\" class=\"uvc-heading ult-adjust-bottom-margin ultimate-heading-697369d247e68f871 uvc-7972 \" data-hspacer=\"no_spacer\"  data-halign=\"center\" style=\"text-align:center\"><div class=\"uvc-heading-spacer no_spacer\" style=\"top\"><\/div><div class=\"uvc-main-heading ult-responsive\"  data-ultimate-target='.uvc-heading.ultimate-heading-697369d247e68f871 h2'  data-responsive-json-new='{\"font-size\":\"\",\"line-height\":\"\"}' ><h2 style=\"font-weight:normal;margin-bottom:25px;\">\u00c9tudes de cas services g\u00e9r\u00e9s<\/h2><\/div><\/div>[vc_basic_grid post_type=\u00a0\u00bbids\u00a0\u00bb item=\u00a0\u00bb20359&Prime; grid_id=\u00a0\u00bbvc_gid:1680707504226-db5ae520-11ba-0&Prime; el_class=\u00a0\u00bbcase_study_post_grid_element\u00a0\u00bb include=\u00a0\u00bb24090, 24081, 24063, 14334, 7084, 10875&Prime;][\/vc_column][\/vc_row][vc_row][vc_column]<div id=\"ultimate-heading-953869d247e68f8e3\" class=\"uvc-heading ult-adjust-bottom-margin ultimate-heading-953869d247e68f8e3 uvc-2633 \" data-hspacer=\"no_spacer\"  data-halign=\"center\" style=\"text-align:center\"><div class=\"uvc-heading-spacer no_spacer\" style=\"top\"><\/div><div class=\"uvc-main-heading ult-responsive\"  data-ultimate-target='.uvc-heading.ultimate-heading-953869d247e68f8e3 h2'  data-responsive-json-new='{\"font-size\":\"\",\"line-height\":\"\"}' ><h2 style=\"font-weight:normal;margin-bottom:25px;\">\u00c9tudes de cas s\u00e9curit\u00e9 g\u00e9r\u00e9e<\/h2><\/div><\/div>[vc_basic_grid post_type=\u00a0\u00bbids\u00a0\u00bb item=\u00a0\u00bb20359&Prime; grid_id=\u00a0\u00bbvc_gid:1680707504227-8dcc5520-afb2-4&Prime; el_class=\u00a0\u00bbcase_study_post_grid_element\u00a0\u00bb include=\u00a0\u00bb26547, 26350, 26314, 24006, 23927, 23739, 23454, 23317, 22434, 22375, 22381&Prime;][\/vc_column][\/vc_row][vc_row][vc_column]<div id=\"ultimate-heading-686169d247e68f921\" class=\"uvc-heading ult-adjust-bottom-margin ultimate-heading-686169d247e68f921 uvc-1911 \" data-hspacer=\"no_spacer\"  data-halign=\"center\" style=\"text-align:center\"><div class=\"uvc-heading-spacer no_spacer\" style=\"top\"><\/div><div class=\"uvc-main-heading ult-responsive\"  data-ultimate-target='.uvc-heading.ultimate-heading-686169d247e68f921 h2'  data-responsive-json-new='{\"font-size\":\"\",\"line-height\":\"\"}' ><h2 style=\"font-weight:normal;margin-bottom:25px;\">\u00c9tudes de cas infonuagique<\/h2><\/div><\/div>[vc_basic_grid post_type=\u00a0\u00bbids\u00a0\u00bb item=\u00a0\u00bb20359&Prime; grid_id=\u00a0\u00bbvc_gid:1680707504228-d54ed3e6-16f1-5&Prime; el_class=\u00a0\u00bbcase_study_post_grid_element\u00a0\u00bb include=\u00a0\u00bb14404, 14244, 14174, 7214&Prime;][\/vc_column][\/vc_row][vc_row][vc_column]<div id=\"ultimate-heading-290369d247e68f957\" class=\"uvc-heading ult-adjust-bottom-margin ultimate-heading-290369d247e68f957 uvc-4461 \" data-hspacer=\"no_spacer\"  data-halign=\"center\" style=\"text-align:center\"><div class=\"uvc-heading-spacer no_spacer\" style=\"top\"><\/div><div class=\"uvc-main-heading ult-responsive\"  data-ultimate-target='.uvc-heading.ultimate-heading-290369d247e68f957 h2'  data-responsive-json-new='{\"font-size\":\"\",\"line-height\":\"\"}' ><h2 style=\"font-weight:normal;margin-bottom:25px;\">\u00c9tudes de cas infrastructure<\/h2><\/div><\/div>[vc_basic_grid post_type=\u00a0\u00bbids\u00a0\u00bb item=\u00a0\u00bb20359&Prime; grid_id=\u00a0\u00bbvc_gid:1680707504228-50ee4200-3da7-0&Prime; el_class=\u00a0\u00bbcase_study_post_grid_element\u00a0\u00bb include=\u00a0\u00bb10854, 7154, 7174, 7114, 7134&Prime;][\/vc_column][\/vc_row][vc_row][vc_column]<div id=\"ultimate-heading-97969d247e68f98c\" class=\"uvc-heading ult-adjust-bottom-margin ultimate-heading-97969d247e68f98c uvc-462 \" data-hspacer=\"no_spacer\"  data-halign=\"center\" style=\"text-align:center\"><div class=\"uvc-heading-spacer no_spacer\" style=\"top\"><\/div><div class=\"uvc-main-heading ult-responsive\"  data-ultimate-target='.uvc-heading.ultimate-heading-97969d247e68f98c h2'  data-responsive-json-new='{\"font-size\":\"\",\"line-height\":\"\"}' ><h2 style=\"font-weight:normal;margin-bottom:25px;\">\u00c9tudes de cas recrutement<\/h2><\/div><\/div>[vc_basic_grid post_type=\u00a0\u00bbids\u00a0\u00bb item=\u00a0\u00bb20359&Prime; grid_id=\u00a0\u00bbvc_gid:1680707504229-0a5b92cf-7b2b-1&Prime; el_class=\u00a0\u00bbcase_study_post_grid_element\u00a0\u00bb include=\u00a0\u00bb20747, 20808, 21920&Prime;][\/vc_column][\/vc_row]<\/p>\n","protected":false},"excerpt":{"rendered":"<p>[vc_row][vc_column][vc_basic_grid post_type=\u00a0\u00bbids\u00a0\u00bb item=\u00a0\u00bb20359&Prime; grid_id=\u00a0\u00bbvc_gid:1680707504226-db5ae520-11ba-0&Prime; el_class=\u00a0\u00bbcase_study_post_grid_element\u00a0\u00bb include=\u00a0\u00bb24090, 24081, 24063, 14334, 7084, 10875&Prime;][\/vc_column][\/vc_row][vc_row][vc_column][vc_basic_grid post_type=\u00a0\u00bbids\u00a0\u00bb item=\u00a0\u00bb20359&Prime; grid_id=\u00a0\u00bbvc_gid:1680707504227-8dcc5520-afb2-4&Prime; el_class=\u00a0\u00bbcase_study_post_grid_element\u00a0\u00bb include=\u00a0\u00bb26547, 26350, 26314, 24006, 23927, 23739, 23454, 23317, 22434, 22375, 22381&Prime;][\/vc_column][\/vc_row][vc_row][vc_column][vc_basic_grid post_type=\u00a0\u00bbids\u00a0\u00bb item=\u00a0\u00bb20359&Prime; grid_id=\u00a0\u00bbvc_gid:1680707504228-d54ed3e6-16f1-5&Prime; el_class=\u00a0\u00bbcase_study_post_grid_element\u00a0\u00bb include=\u00a0\u00bb14404, 14244, 14174, 7214&Prime;][\/vc_column][\/vc_row][vc_row][vc_column][vc_basic_grid post_type=\u00a0\u00bbids\u00a0\u00bb item=\u00a0\u00bb20359&Prime; grid_id=\u00a0\u00bbvc_gid:1680707504228-50ee4200-3da7-0&Prime; el_class=\u00a0\u00bbcase_study_post_grid_element\u00a0\u00bb include=\u00a0\u00bb10854, 7154, 7174, 7114, 7134&Prime;][\/vc_column][\/vc_row][vc_row][vc_column][vc_basic_grid post_type=\u00a0\u00bbids\u00a0\u00bb item=\u00a0\u00bb20359&Prime; grid_id=\u00a0\u00bbvc_gid:1680707504229-0a5b92cf-7b2b-1&Prime; el_class=\u00a0\u00bbcase_study_post_grid_element\u00a0\u00bb include=\u00a0\u00bb20747, 20808, 21920&Prime;][\/vc_column][\/vc_row]<\/p>\n","protected":false},"author":3,"featured_media":18894,"parent":17569,"menu_order":1,"comment_status":"closed","ping_status":"closed","template":"","meta":{"footnotes":"","_wp_rev_ctl_limit":""},"acf":[],"yoast_head":"<!-- This site is optimized with the Yoast SEO plugin v20.2.1 - https:\/\/yoast.com\/wordpress\/plugins\/seo\/ -->\n<title>\u00c9tudes de Cas - Present - Services &amp; Solutions TI - Montreal, Toronto<\/title>\n<meta name=\"description\" content=\"D\u00e9couvrez des cas concrets de clients satisfaits gr\u00e2ce aux services professionnels de Present. Nous nous engageons \u00e0 faire r\u00e9ussir vos projets TI, peu importe votre industrie ou votre taille d&#039;enterprise.\" \/>\n<meta name=\"robots\" content=\"index, follow, max-snippet:-1, max-image-preview:large, max-video-preview:-1\" \/>\n<link rel=\"canonical\" href=\"https:\/\/www.present.ca\/fr\/ressources\/etude-de-cas\/\" \/>\n<meta property=\"og:locale\" content=\"fr_FR\" \/>\n<meta property=\"og:type\" content=\"article\" \/>\n<meta property=\"og:title\" content=\"\u00c9tudes de Cas - Present - Services &amp; Solutions TI - Montreal, Toronto\" \/>\n<meta property=\"og:description\" content=\"D\u00e9couvrez des cas concrets de clients satisfaits gr\u00e2ce aux services professionnels de Present. Nous nous engageons \u00e0 faire r\u00e9ussir vos projets TI, peu importe votre industrie ou votre taille d&#039;enterprise.\" \/>\n<meta property=\"og:url\" content=\"https:\/\/www.present.ca\/fr\/ressources\/etude-de-cas\/\" \/>\n<meta property=\"og:site_name\" content=\"Present\" \/>\n<meta property=\"article:modified_time\" content=\"2023-04-05T15:12:10+00:00\" \/>\n<meta property=\"og:image\" content=\"https:\/\/www.present.ca\/wp-content\/uploads\/2020\/05\/shutterstock_231292906-1024x689.jpg\" \/>\n\t<meta property=\"og:image:width\" content=\"1024\" \/>\n\t<meta property=\"og:image:height\" content=\"689\" \/>\n\t<meta property=\"og:image:type\" content=\"image\/jpeg\" \/>\n<meta name=\"twitter:card\" content=\"summary_large_image\" \/>\n<meta name=\"twitter:label1\" content=\"Dur\u00e9e de lecture estim\u00e9e\" \/>\n\t<meta name=\"twitter:data1\" content=\"1 minute\" \/>\n<script type=\"application\/ld+json\" class=\"yoast-schema-graph\">{\"@context\":\"https:\/\/schema.org\",\"@graph\":[{\"@type\":\"WebPage\",\"@id\":\"https:\/\/www.present.ca\/fr\/ressources\/etude-de-cas\/\",\"url\":\"https:\/\/www.present.ca\/fr\/ressources\/etude-de-cas\/\",\"name\":\"\u00c9tudes de Cas - Present - Services & Solutions TI - Montreal, Toronto\",\"isPartOf\":{\"@id\":\"https:\/\/www.present.ca\/fr\/#website\"},\"datePublished\":\"2018-08-08T20:35:28+00:00\",\"dateModified\":\"2023-04-05T15:12:10+00:00\",\"description\":\"D\u00e9couvrez des cas concrets de clients satisfaits gr\u00e2ce aux services professionnels de Present. Nous nous engageons \u00e0 faire r\u00e9ussir vos projets TI, peu importe votre industrie ou votre taille d'enterprise.\",\"breadcrumb\":{\"@id\":\"https:\/\/www.present.ca\/fr\/ressources\/etude-de-cas\/#breadcrumb\"},\"inLanguage\":\"fr-FR\",\"potentialAction\":[{\"@type\":\"ReadAction\",\"target\":[\"https:\/\/www.present.ca\/fr\/ressources\/etude-de-cas\/\"]}]},{\"@type\":\"BreadcrumbList\",\"@id\":\"https:\/\/www.present.ca\/fr\/ressources\/etude-de-cas\/#breadcrumb\",\"itemListElement\":[{\"@type\":\"ListItem\",\"position\":1,\"name\":\"Accueil\",\"item\":\"https:\/\/www.present.ca\/fr\/\"},{\"@type\":\"ListItem\",\"position\":2,\"name\":\"Ressources\",\"item\":\"https:\/\/www.present.ca\/fr\/ressources\/\"},{\"@type\":\"ListItem\",\"position\":3,\"name\":\"\u00c9tudes de Cas\"}]},{\"@type\":\"WebSite\",\"@id\":\"https:\/\/www.present.ca\/fr\/#website\",\"url\":\"https:\/\/www.present.ca\/fr\/\",\"name\":\"Present\",\"description\":\"Services G\u00e9r\u00e9s TI, S\u00e9curit\u00e9 G\u00e9r\u00e9e TI et Solutions de Cloud Hybride\",\"potentialAction\":[{\"@type\":\"SearchAction\",\"target\":{\"@type\":\"EntryPoint\",\"urlTemplate\":\"https:\/\/www.present.ca\/fr\/?s={search_term_string}\"},\"query-input\":\"required name=search_term_string\"}],\"inLanguage\":\"fr-FR\"}]}<\/script>\n<!-- \/ Yoast SEO plugin. -->","yoast_head_json":{"title":"\u00c9tudes de Cas - Present - Services & Solutions TI - Montreal, Toronto","description":"D\u00e9couvrez des cas concrets de clients satisfaits gr\u00e2ce aux services professionnels de Present. Nous nous engageons \u00e0 faire r\u00e9ussir vos projets TI, peu importe votre industrie ou votre taille d'enterprise.","robots":{"index":"index","follow":"follow","max-snippet":"max-snippet:-1","max-image-preview":"max-image-preview:large","max-video-preview":"max-video-preview:-1"},"canonical":"https:\/\/www.present.ca\/fr\/ressources\/etude-de-cas\/","og_locale":"fr_FR","og_type":"article","og_title":"\u00c9tudes de Cas - Present - Services & Solutions TI - Montreal, Toronto","og_description":"D\u00e9couvrez des cas concrets de clients satisfaits gr\u00e2ce aux services professionnels de Present. Nous nous engageons \u00e0 faire r\u00e9ussir vos projets TI, peu importe votre industrie ou votre taille d'enterprise.","og_url":"https:\/\/www.present.ca\/fr\/ressources\/etude-de-cas\/","og_site_name":"Present","article_modified_time":"2023-04-05T15:12:10+00:00","og_image":[{"width":1024,"height":689,"url":"https:\/\/www.present.ca\/wp-content\/uploads\/2020\/05\/shutterstock_231292906-1024x689.jpg","type":"image\/jpeg"}],"twitter_card":"summary_large_image","twitter_misc":{"Dur\u00e9e de lecture estim\u00e9e":"1 minute"},"schema":{"@context":"https:\/\/schema.org","@graph":[{"@type":"WebPage","@id":"https:\/\/www.present.ca\/fr\/ressources\/etude-de-cas\/","url":"https:\/\/www.present.ca\/fr\/ressources\/etude-de-cas\/","name":"\u00c9tudes de Cas - Present - Services & Solutions TI - Montreal, Toronto","isPartOf":{"@id":"https:\/\/www.present.ca\/fr\/#website"},"datePublished":"2018-08-08T20:35:28+00:00","dateModified":"2023-04-05T15:12:10+00:00","description":"D\u00e9couvrez des cas concrets de clients satisfaits gr\u00e2ce aux services professionnels de Present. Nous nous engageons \u00e0 faire r\u00e9ussir vos projets TI, peu importe votre industrie ou votre taille d'enterprise.","breadcrumb":{"@id":"https:\/\/www.present.ca\/fr\/ressources\/etude-de-cas\/#breadcrumb"},"inLanguage":"fr-FR","potentialAction":[{"@type":"ReadAction","target":["https:\/\/www.present.ca\/fr\/ressources\/etude-de-cas\/"]}]},{"@type":"BreadcrumbList","@id":"https:\/\/www.present.ca\/fr\/ressources\/etude-de-cas\/#breadcrumb","itemListElement":[{"@type":"ListItem","position":1,"name":"Accueil","item":"https:\/\/www.present.ca\/fr\/"},{"@type":"ListItem","position":2,"name":"Ressources","item":"https:\/\/www.present.ca\/fr\/ressources\/"},{"@type":"ListItem","position":3,"name":"\u00c9tudes de Cas"}]},{"@type":"WebSite","@id":"https:\/\/www.present.ca\/fr\/#website","url":"https:\/\/www.present.ca\/fr\/","name":"Present","description":"Services G\u00e9r\u00e9s TI, S\u00e9curit\u00e9 G\u00e9r\u00e9e TI et Solutions de Cloud Hybride","potentialAction":[{"@type":"SearchAction","target":{"@type":"EntryPoint","urlTemplate":"https:\/\/www.present.ca\/fr\/?s={search_term_string}"},"query-input":"required name=search_term_string"}],"inLanguage":"fr-FR"}]}},"_links":{"self":[{"href":"https:\/\/www.present.ca\/fr\/wp-json\/wp\/v2\/pages\/10724"}],"collection":[{"href":"https:\/\/www.present.ca\/fr\/wp-json\/wp\/v2\/pages"}],"about":[{"href":"https:\/\/www.present.ca\/fr\/wp-json\/wp\/v2\/types\/page"}],"author":[{"embeddable":true,"href":"https:\/\/www.present.ca\/fr\/wp-json\/wp\/v2\/users\/3"}],"replies":[{"embeddable":true,"href":"https:\/\/www.present.ca\/fr\/wp-json\/wp\/v2\/comments?post=10724"}],"version-history":[{"count":5,"href":"https:\/\/www.present.ca\/fr\/wp-json\/wp\/v2\/pages\/10724\/revisions"}],"predecessor-version":[{"id":24095,"href":"https:\/\/www.present.ca\/fr\/wp-json\/wp\/v2\/pages\/10724\/revisions\/24095"}],"up":[{"embeddable":true,"href":"https:\/\/www.present.ca\/fr\/wp-json\/wp\/v2\/pages\/17569"}],"wp:featuredmedia":[{"embeddable":true,"href":"https:\/\/www.present.ca\/fr\/wp-json\/wp\/v2\/media\/18894"}],"wp:attachment":[{"href":"https:\/\/www.present.ca\/fr\/wp-json\/wp\/v2\/media?parent=10724"}],"curies":[{"name":"wp","href":"https:\/\/api.w.org\/{rel}","templated":true}]}}